{"id":5067,"date":"2022-08-17T16:05:54","date_gmt":"2022-08-17T16:05:54","guid":{"rendered":"https:\/\/pldistribucion.com.ar\/web\/?post_type=product&#038;p=5067"},"modified":"2022-08-17T16:05:54","modified_gmt":"2022-08-17T16:05:54","slug":"total-azolla-zs","status":"publish","type":"product","link":"https:\/\/pldistribucion.com.ar\/web\/producto\/total-azolla-zs\/","title":{"rendered":"TOTAL AZOLLA ZS"},"content":{"rendered":"<h1><span style=\"font-size: 80%;\"><strong>TOTAL AZOLLA ZS &#8211;\u00a0 Aceite hidr\u00e1ulico antidesgaste de altas prestaciones.<\/strong><\/span><\/h1>\n<h3><span style=\"font-size: 16.128px; background-color: #91dff2;\"><b>DESCRIPCI\u00d3N DEL PRODUCTO:<\/b><\/span><\/h3>\n<div id=\"wpcontent\">\n<div id=\"wpbody\" role=\"main\">\n<div id=\"wpbody-content\">\n<div class=\"clear\"><span style=\"color: #000000;\">TOTAL AZOLLA ZS<\/span> \u00a0 <strong>\u27a2 <span style=\"color: #000080;\"><a style=\"color: #000080;\" href=\"https:\/\/pldistribucion.com.ar\/web\/wp-content\/uploads\/FichTec_Total_Azolla_ZS.pdf\" target=\"_blank\" rel=\"noopener\">Ver ficha t\u00e9cnica<\/a><\/span><\/strong><\/div>\n<div><\/div>\n<\/div>\n<\/div>\n<\/div>\n<div><span style=\"color: #000000;\">Lubricante mineral para sistemas hidr\u00e1ulicos que operan en condiciones de standard de temperatura, carga y presi\u00f3n. Apto para cojinetes y dispositivos diversos.<\/span><\/div>\n<div id=\"wpcontent\">\n<div id=\"wpbody\" role=\"main\">\n<div id=\"wpbody-content\">\n<div>\n<h3><span style=\"font-size: 16.128px; background-color: #91dff2;\"><b>CARACTER\u00cdSTICAS Y BENEFICIOS<\/b><\/span><\/h3>\n<ul>\n<li><span style=\"color: #000000;\">Excelentes propiedades antidesgaste.<\/span><\/li>\n<li><span style=\"color: #000000;\">Elevada estabilidad t\u00e9rmica asociada a una excepcional resistencia a la oxidaci\u00f3n.<\/span><\/li>\n<li><span style=\"color: #000000;\">Excelente anticorrosi\u00f3n, antiherrumbre, antiespumante (sin silicona)<\/span><\/li>\n<li><span style=\"color: #000000;\">Ausencia de retenci\u00f3n de aire y excelente desemulsi\u00f3n.<\/span><\/li>\n<li><span style=\"color: #000000;\">Muy buena estabilidad frente a la hidr\u00f3lisis, asociada a una excelente filtrabilidad con sin agua.<\/span><\/li>\n<li><span style=\"color: #000000;\">Bajo punto de congelaci\u00f3n<\/span><\/li>\n<li><span style=\"color: #000000;\">Perfecta neutralidad respecto a las juntas.<\/span><\/li>\n<\/ul>\n<\/div>\n<div>\n<h3><span style=\"font-size: 16.128px; background-color: #91dff2;\"><b>APLICACIONES:<\/b><\/span><\/h3>\n<p><span style=\"color: #000000;\">\u00a0Cualquier sistema hidr\u00e1ulico empleado en condiciones de:<\/span><\/p>\n<ul>\n<li><span style=\"color: #000000;\">Elevadas presiones\u00a0 \/ elevadas temperaturas.<\/span><\/li>\n<li><span style=\"color: #000000;\">Movimientos en condiciones muy duras:<\/span><\/li>\n<li><span style=\"color: #000000;\">Palieres de elevadas temperaturas.<\/span><\/li>\n<li><span style=\"color: #000000;\">Mecanismos de precisi\u00f3n.<\/span><\/li>\n<li><span style=\"color: #000000;\">Cualquier mecanismo engrasado por niebla de aceite que no requiera un aceite del tipo \u201cextrema-presi\u00f3n\u201d. Reductores o variadores cuando no se requiere un aceite del tipo \u201cextrema-presi\u00f3n\u201d. <\/span><\/li>\n<\/ul>\n<\/div>\n<\/div>\n<div class=\"clear\">\n<hr \/>\n<\/div>\n<\/div>\n<\/div>\n<div><span style=\"color: #000080;\"><strong><a style=\"color: #000080;\" href=\"https:\/\/pldistribucion.com.ar\/web\/productos\/?filter_marcas=total\" target=\"_blank\" rel=\"noopener\">Ver m\u00e1s productos TOTAL<\/a><\/strong><\/span><\/div>\n<div><\/div>\n<div class=\"clear\"><span style=\"color: #000000;\">En el \u00e1rea lubricantes, Total tiene productos para todos los sectores. Lubricantes especiales para industrias de todos los ramos, veh\u00edculos livianos, pesados y motocicletas, equipos agr\u00edcolas y camineros, aviaci\u00f3n y barcos de todo tipo, pesqueros, de transporte o recreativos.<\/span><\/div>\n<div><\/div>\n<div><span style=\"color: #000080;\"><strong><a style=\"color: #000080;\" href=\"https:\/\/oilsuper.com.ec\/quienes-somos\/\" target=\"_blank\" rel=\"noopener\">Conoce m\u00e1s sobre TOTAL<\/a><\/strong><\/span><\/div>\n","protected":false},"excerpt":{"rendered":"<p><img loading=\"lazy\" decoding=\"async\" class=\"alignnone wp-image-5035\" src=\"https:\/\/pldistribucion.com.ar\/web\/wp-content\/uploads\/total-logo-300x94.png\" alt=\"\" width=\"246\" height=\"77\" srcset=\"https:\/\/pldistribucion.com.ar\/web\/wp-content\/uploads\/total-logo-300x94.png 300w, https:\/\/pldistribucion.com.ar\/web\/wp-content\/uploads\/total-logo-1024x322.png 1024w, https:\/\/pldistribucion.com.ar\/web\/wp-content\/uploads\/total-logo-768x241.png 768w, https:\/\/pldistribucion.com.ar\/web\/wp-content\/uploads\/total-logo-1536x483.png 1536w, https:\/\/pldistribucion.com.ar\/web\/wp-content\/uploads\/total-logo-2048x644.png 2048w, https:\/\/pldistribucion.com.ar\/web\/wp-content\/uploads\/total-logo-600x189.png 600w\" sizes=\"(max-width: 246px) 100vw, 246px\" \/><\/p>\n<p><span style=\"color: #000000;\">TOTAL tiene productos para todos los sectores. Lubricantes especiales para industrias de todos los ramos, veh\u00edculos livianos, pesados y motocicletas, equipos agr\u00edcolas y camineros, aviaci\u00f3n y barcos de todo tipo, pesqueros, de transporte o recreativos.<\/span><\/p>\n","protected":false},"featured_media":5066,"comment_status":"open","ping_status":"closed","template":"","meta":[],"product_cat":[16,34],"product_tag":[],"yoast_head":"<!-- This site is optimized with the Yoast SEO plugin v23.0 - https:\/\/yoast.com\/wordpress\/plugins\/seo\/ -->\n<title>TOTAL AZOLLA ZS - Perfomance Lube - Lubricantes<\/title>\n<meta name=\"description\" content=\"Distribuidor de lubricantes TOTAL de diferentes aplicaciones. Env\u00edos a todo el pa\u00eds. Variedad de productos y stock disponible.TOTAL AZOLLA ZS\" \/>\n<meta name=\"robots\" content=\"index, follow, max-snippet:-1, max-image-preview:large, max-video-preview:-1\" \/>\n<link rel=\"canonical\" href=\"https:\/\/pldistribucion.com.ar\/web\/producto\/total-azolla-zs\/\" \/>\n<meta property=\"og:locale\" content=\"es_ES\" \/>\n<meta property=\"og:type\" content=\"article\" \/>\n<meta property=\"og:title\" content=\"TOTAL AZOLLA ZS - Perfomance Lube - Lubricantes\" \/>\n<meta property=\"og:description\" content=\"Distribuidor de lubricantes TOTAL de diferentes aplicaciones. Env\u00edos a todo el pa\u00eds. Variedad de productos y stock disponible.TOTAL AZOLLA ZS\" \/>\n<meta property=\"og:url\" content=\"https:\/\/pldistribucion.com.ar\/web\/producto\/total-azolla-zs\/\" \/>\n<meta property=\"og:site_name\" content=\"Perfomance Lube\" \/>\n<meta property=\"og:image\" content=\"https:\/\/pldistribucion.com.ar\/web\/wp-content\/uploads\/TAMBOR-TOTAL.png\" \/>\n\t<meta property=\"og:image:width\" content=\"540\" \/>\n\t<meta property=\"og:image:height\" content=\"660\" \/>\n\t<meta property=\"og:image:type\" content=\"image\/png\" \/>\n<meta name=\"twitter:card\" content=\"summary_large_image\" \/>\n<meta name=\"twitter:label1\" content=\"Tiempo de lectura\" \/>\n\t<meta name=\"twitter:data1\" content=\"1 minuto\" \/>\n<script type=\"application\/ld+json\" class=\"yoast-schema-graph\">{\"@context\":\"https:\/\/schema.org\",\"@graph\":[{\"@type\":\"WebPage\",\"@id\":\"https:\/\/pldistribucion.com.ar\/web\/producto\/total-azolla-zs\/\",\"url\":\"https:\/\/pldistribucion.com.ar\/web\/producto\/total-azolla-zs\/\",\"name\":\"TOTAL AZOLLA ZS - Perfomance Lube - Lubricantes\",\"isPartOf\":{\"@id\":\"https:\/\/pldistribucion.com.ar\/web\/#website\"},\"primaryImageOfPage\":{\"@id\":\"https:\/\/pldistribucion.com.ar\/web\/producto\/total-azolla-zs\/#primaryimage\"},\"image\":{\"@id\":\"https:\/\/pldistribucion.com.ar\/web\/producto\/total-azolla-zs\/#primaryimage\"},\"thumbnailUrl\":\"https:\/\/pldistribucion.com.ar\/web\/wp-content\/uploads\/TAMBOR-TOTAL.png\",\"datePublished\":\"2022-08-17T16:05:54+00:00\",\"dateModified\":\"2022-08-17T16:05:54+00:00\",\"description\":\"Distribuidor de lubricantes TOTAL de diferentes aplicaciones. Env\u00edos a todo el pa\u00eds. Variedad de productos y stock disponible.TOTAL AZOLLA ZS\",\"breadcrumb\":{\"@id\":\"https:\/\/pldistribucion.com.ar\/web\/producto\/total-azolla-zs\/#breadcrumb\"},\"inLanguage\":\"es\",\"potentialAction\":[{\"@type\":\"ReadAction\",\"target\":[\"https:\/\/pldistribucion.com.ar\/web\/producto\/total-azolla-zs\/\"]}]},{\"@type\":\"ImageObject\",\"inLanguage\":\"es\",\"@id\":\"https:\/\/pldistribucion.com.ar\/web\/producto\/total-azolla-zs\/#primaryimage\",\"url\":\"https:\/\/pldistribucion.com.ar\/web\/wp-content\/uploads\/TAMBOR-TOTAL.png\",\"contentUrl\":\"https:\/\/pldistribucion.com.ar\/web\/wp-content\/uploads\/TAMBOR-TOTAL.png\",\"width\":540,\"height\":660,\"caption\":\"TOTAL DACNIS 100\"},{\"@type\":\"BreadcrumbList\",\"@id\":\"https:\/\/pldistribucion.com.ar\/web\/producto\/total-azolla-zs\/#breadcrumb\",\"itemListElement\":[{\"@type\":\"ListItem\",\"position\":1,\"name\":\"Portada\",\"item\":\"https:\/\/pldistribucion.com.ar\/web\/\"},{\"@type\":\"ListItem\",\"position\":2,\"name\":\"Productos\",\"item\":\"https:\/\/pldistribucion.com.ar\/web\/productos\/\"},{\"@type\":\"ListItem\",\"position\":3,\"name\":\"TOTAL AZOLLA ZS\"}]},{\"@type\":\"WebSite\",\"@id\":\"https:\/\/pldistribucion.com.ar\/web\/#website\",\"url\":\"https:\/\/pldistribucion.com.ar\/web\/\",\"name\":\"Perfomance Lube\",\"description\":\"\",\"publisher\":{\"@id\":\"https:\/\/pldistribucion.com.ar\/web\/#organization\"},\"potentialAction\":[{\"@type\":\"SearchAction\",\"target\":{\"@type\":\"EntryPoint\",\"urlTemplate\":\"https:\/\/pldistribucion.com.ar\/web\/?s={search_term_string}\"},\"query-input\":\"required name=search_term_string\"}],\"inLanguage\":\"es\"},{\"@type\":\"Organization\",\"@id\":\"https:\/\/pldistribucion.com.ar\/web\/#organization\",\"name\":\"PERFORMANCE LUBE\",\"url\":\"https:\/\/pldistribucion.com.ar\/web\/\",\"logo\":{\"@type\":\"ImageObject\",\"inLanguage\":\"es\",\"@id\":\"https:\/\/pldistribucion.com.ar\/web\/#\/schema\/logo\/image\/\",\"url\":\"https:\/\/pldistribucion.com.ar\/web\/wp-content\/uploads\/pld_logo_GB-removebg-preview.png\",\"contentUrl\":\"https:\/\/pldistribucion.com.ar\/web\/wp-content\/uploads\/pld_logo_GB-removebg-preview.png\",\"width\":787,\"height\":317,\"caption\":\"PERFORMANCE LUBE\"},\"image\":{\"@id\":\"https:\/\/pldistribucion.com.ar\/web\/#\/schema\/logo\/image\/\"}}]}<\/script>\n<!-- \/ Yoast SEO plugin. -->","yoast_head_json":{"title":"TOTAL AZOLLA ZS - Perfomance Lube - Lubricantes","description":"Distribuidor de lubricantes TOTAL de diferentes aplicaciones. Env\u00edos a todo el pa\u00eds. Variedad de productos y stock disponible.TOTAL AZOLLA ZS","robots":{"index":"index","follow":"follow","max-snippet":"max-snippet:-1","max-image-preview":"max-image-preview:large","max-video-preview":"max-video-preview:-1"},"canonical":"https:\/\/pldistribucion.com.ar\/web\/producto\/total-azolla-zs\/","og_locale":"es_ES","og_type":"article","og_title":"TOTAL AZOLLA ZS - Perfomance Lube - Lubricantes","og_description":"Distribuidor de lubricantes TOTAL de diferentes aplicaciones. Env\u00edos a todo el pa\u00eds. Variedad de productos y stock disponible.TOTAL AZOLLA ZS","og_url":"https:\/\/pldistribucion.com.ar\/web\/producto\/total-azolla-zs\/","og_site_name":"Perfomance Lube","og_image":[{"width":540,"height":660,"url":"https:\/\/pldistribucion.com.ar\/web\/wp-content\/uploads\/TAMBOR-TOTAL.png","type":"image\/png"}],"twitter_card":"summary_large_image","twitter_misc":{"Tiempo de lectura":"1 minuto"},"schema":{"@context":"https:\/\/schema.org","@graph":[{"@type":"WebPage","@id":"https:\/\/pldistribucion.com.ar\/web\/producto\/total-azolla-zs\/","url":"https:\/\/pldistribucion.com.ar\/web\/producto\/total-azolla-zs\/","name":"TOTAL AZOLLA ZS - Perfomance Lube - Lubricantes","isPartOf":{"@id":"https:\/\/pldistribucion.com.ar\/web\/#website"},"primaryImageOfPage":{"@id":"https:\/\/pldistribucion.com.ar\/web\/producto\/total-azolla-zs\/#primaryimage"},"image":{"@id":"https:\/\/pldistribucion.com.ar\/web\/producto\/total-azolla-zs\/#primaryimage"},"thumbnailUrl":"https:\/\/pldistribucion.com.ar\/web\/wp-content\/uploads\/TAMBOR-TOTAL.png","datePublished":"2022-08-17T16:05:54+00:00","dateModified":"2022-08-17T16:05:54+00:00","description":"Distribuidor de lubricantes TOTAL de diferentes aplicaciones. Env\u00edos a todo el pa\u00eds. Variedad de productos y stock disponible.TOTAL AZOLLA ZS","breadcrumb":{"@id":"https:\/\/pldistribucion.com.ar\/web\/producto\/total-azolla-zs\/#breadcrumb"},"inLanguage":"es","potentialAction":[{"@type":"ReadAction","target":["https:\/\/pldistribucion.com.ar\/web\/producto\/total-azolla-zs\/"]}]},{"@type":"ImageObject","inLanguage":"es","@id":"https:\/\/pldistribucion.com.ar\/web\/producto\/total-azolla-zs\/#primaryimage","url":"https:\/\/pldistribucion.com.ar\/web\/wp-content\/uploads\/TAMBOR-TOTAL.png","contentUrl":"https:\/\/pldistribucion.com.ar\/web\/wp-content\/uploads\/TAMBOR-TOTAL.png","width":540,"height":660,"caption":"TOTAL DACNIS 100"},{"@type":"BreadcrumbList","@id":"https:\/\/pldistribucion.com.ar\/web\/producto\/total-azolla-zs\/#breadcrumb","itemListElement":[{"@type":"ListItem","position":1,"name":"Portada","item":"https:\/\/pldistribucion.com.ar\/web\/"},{"@type":"ListItem","position":2,"name":"Productos","item":"https:\/\/pldistribucion.com.ar\/web\/productos\/"},{"@type":"ListItem","position":3,"name":"TOTAL AZOLLA ZS"}]},{"@type":"WebSite","@id":"https:\/\/pldistribucion.com.ar\/web\/#website","url":"https:\/\/pldistribucion.com.ar\/web\/","name":"Perfomance Lube","description":"","publisher":{"@id":"https:\/\/pldistribucion.com.ar\/web\/#organization"},"potentialAction":[{"@type":"SearchAction","target":{"@type":"EntryPoint","urlTemplate":"https:\/\/pldistribucion.com.ar\/web\/?s={search_term_string}"},"query-input":"required name=search_term_string"}],"inLanguage":"es"},{"@type":"Organization","@id":"https:\/\/pldistribucion.com.ar\/web\/#organization","name":"PERFORMANCE LUBE","url":"https:\/\/pldistribucion.com.ar\/web\/","logo":{"@type":"ImageObject","inLanguage":"es","@id":"https:\/\/pldistribucion.com.ar\/web\/#\/schema\/logo\/image\/","url":"https:\/\/pldistribucion.com.ar\/web\/wp-content\/uploads\/pld_logo_GB-removebg-preview.png","contentUrl":"https:\/\/pldistribucion.com.ar\/web\/wp-content\/uploads\/pld_logo_GB-removebg-preview.png","width":787,"height":317,"caption":"PERFORMANCE LUBE"},"image":{"@id":"https:\/\/pldistribucion.com.ar\/web\/#\/schema\/logo\/image\/"}}]}},"_links":{"self":[{"href":"https:\/\/pldistribucion.com.ar\/web\/wp-json\/wp\/v2\/product\/5067"}],"collection":[{"href":"https:\/\/pldistribucion.com.ar\/web\/wp-json\/wp\/v2\/product"}],"about":[{"href":"https:\/\/pldistribucion.com.ar\/web\/wp-json\/wp\/v2\/types\/product"}],"replies":[{"embeddable":true,"href":"https:\/\/pldistribucion.com.ar\/web\/wp-json\/wp\/v2\/comments?post=5067"}],"wp:featuredmedia":[{"embeddable":true,"href":"https:\/\/pldistribucion.com.ar\/web\/wp-json\/wp\/v2\/media\/5066"}],"wp:attachment":[{"href":"https:\/\/pldistribucion.com.ar\/web\/wp-json\/wp\/v2\/media?parent=5067"}],"wp:term":[{"taxonomy":"product_cat","embeddable":true,"href":"https:\/\/pldistribucion.com.ar\/web\/wp-json\/wp\/v2\/product_cat?post=5067"},{"taxonomy":"product_tag","embeddable":true,"href":"https:\/\/pldistribucion.com.ar\/web\/wp-json\/wp\/v2\/product_tag?post=5067"}],"curies":[{"name":"wp","href":"https:\/\/api.w.org\/{rel}","templated":true}]}}