{"id":5028,"date":"2022-08-17T12:53:40","date_gmt":"2022-08-17T12:53:40","guid":{"rendered":"https:\/\/pldistribucion.com.ar\/web\/?post_type=product&#038;p=5028"},"modified":"2023-05-23T15:37:33","modified_gmt":"2023-05-23T15:37:33","slug":"valvoline-axle-oil-sae-75w-90","status":"publish","type":"product","link":"https:\/\/pldistribucion.com.ar\/web\/producto\/valvoline-axle-oil-sae-75w-90\/","title":{"rendered":"VALVOLINE AXLE OIL SAE 75W-90"},"content":{"rendered":"<h1><span style=\"font-size: 80%;\"><strong>VALVOLINE AXLE OIL SAE 75W-90<\/strong><\/span><\/h1>\n<h3><span style=\"font-size: 80%; background-color: #99ccff;\"><strong>DESCRIPCI\u00d3N DEL PRODUCTO<\/strong><\/span><\/h3>\n<p><span style=\"color: #000000;\">VALVOLINE AXLE OIL SAE 75W-90<\/span> <span style=\"color: #000080;\"><strong><span style=\"color: #000000;\">\u00a0\u27a2 <span style=\"color: #000080;\"><a style=\"color: #000080;\" href=\"http:\/\/valvoline.com.ar\/home\/wp-content\/files_mf\/1658499214AR_Val_Axle_75W90_GO_ES.pdf\" target=\"_blank\" rel=\"noopener\">Ver ficha t\u00e9cnica<\/a><\/span><\/span><\/strong><\/span><\/p>\n<p><span style=\"color: #000000;\">Es un lubricante formulado con aceites b\u00e1sicos minerales y sint\u00e9ticos utilizados para cajas de cambio manuales y diferenciales de veh\u00edculos de pasajeros y camionetas. <\/span><\/p>\n<p><span style=\"color: #000000;\">Por otro lado tambien proporciona una protecci\u00f3n y lubricaci\u00f3n excepcionales de las cajas de cambio en un amplio rango de temperaturas.<\/span><\/p>\n<h3><span style=\"font-size: 80%; background-color: #99ccff;\"><strong>CARACTER\u00cdSTICAS Y BENEFICIOS<\/strong><\/span><\/h3>\n<ul>\n<li><span style=\"color: #000000;\">Tiene una mezcla sint\u00e9tica de primera calidad para engranajes de turismos y furgonetas.<\/span><\/li>\n<li><span style=\"color: #000000;\">Aceite de presi\u00f3n extrema para diferenciales y \u00e1rboles de transmisi\u00f3n los que el fabricante especifique un aceite GL-5.<\/span><\/li>\n<li><span style=\"color: #000000;\">Ofrece una excelente protecci\u00f3n y lubricaci\u00f3n del diferencial y del \u00e1rbol de transmisi\u00f3n en una amplia gama de temperaturas. <\/span><\/li>\n<\/ul>\n<h3><span style=\"font-size: 80%; background-color: #99ccff;\"><strong>APLICACIONES<\/strong><\/span><\/h3>\n<p><span style=\"color: #000000;\">Esta desarrollado para diferenciales y transmisiones de turismos y furgonetas para los que el fabricante recomiende un aceite GL-5 LS con una viscosidad de SAE 75W-90.<\/span><br \/>\n<span style=\"color: #000000;\">Tambien esta preparado especialmente para la lubricaci\u00f3n de los engranajes hipoides que funcionan a bajos y altos reg\u00edmenes y sometidos a cargas pesadas y\/o impactantes.<\/span><br \/>\n<span style=\"color: #000000;\">Y por ultimo es indicado para la conducci\u00f3n a altos reg\u00edmenes y\/o largas distancias.<\/span><\/p>\n<hr \/>\n<p><strong><span style=\"color: #000080;\"><a style=\"color: #000080;\" href=\"http:\/\/valvoline.com.ar\/home\/wp-content\/files_mf\/1658499218FDSVALAXLEOIL75W90.pdf\" target=\"_blank\" rel=\"noopener\">Ver hoja de seguridad<\/a><\/span><\/strong><\/p>\n<p><span style=\"color: #000080;\"><strong><a style=\"color: #000080;\" href=\"https:\/\/pldistribucion.com.ar\/web\/productos\/?filter_marcas=valvoline\" target=\"_blank\" rel=\"noopener\">Ver m\u00e1s productos VALVOLINE<\/a><\/strong><\/span><\/p>\n<p><span style=\"color: #000000;\">Los aspectos m\u00e1s destacados de la historia de Valvoline comienzan en 1866, cuando el doctor John Ellis fund\u00f3 Valvoline. Ellis descubri\u00f3 las propiedades del crudo destilado y formul\u00f3 el primer lubricante a base de petr\u00f3leo del mundo. El aceite Valvoline\u2122 se registr\u00f3 oficialmente como marca comercial en 1873.<\/span><\/p>\n<p><span style=\"color: #000080;\"><strong><a style=\"color: #000080;\" href=\"https:\/\/valvoline.com.ar\/home\/#section-historia\" target=\"_blank\" rel=\"noopener\">Conoce m\u00e1s sobre VALVOLINE<\/a><\/strong><\/span><\/p>\n","protected":false},"excerpt":{"rendered":"<p><img loading=\"lazy\" decoding=\"async\" class=\"alignnone wp-image-5030\" src=\"https:\/\/pldistribucion.com.ar\/web\/wp-content\/uploads\/Valvoline-Logo-1980-300x270.png\" alt=\"\" width=\"146\" height=\"132\" srcset=\"https:\/\/pldistribucion.com.ar\/web\/wp-content\/uploads\/Valvoline-Logo-1980-300x270.png 300w, https:\/\/pldistribucion.com.ar\/web\/wp-content\/uploads\/Valvoline-Logo-1980-768x691.png 768w, https:\/\/pldistribucion.com.ar\/web\/wp-content\/uploads\/Valvoline-Logo-1980-600x540.png 600w, https:\/\/pldistribucion.com.ar\/web\/wp-content\/uploads\/Valvoline-Logo-1980.png 1000w\" sizes=\"(max-width: 146px) 100vw, 146px\" \/><\/p>\n<h2 style=\"text-align: left;\"><span style=\"font-size: 75%;\"><strong><a rel=\"noopener noreferrer\" href=\"https:\/\/performancelube.mercadoshops.com.ar\/MLA-1307077635-aceite-valvoline-axle-oil-75w-90-gl-5-x1l-_JM#position=1&#038;search_layout=stack&#038;type=item&#038;tracking_id=bbc8064c-7b0a-4bdf-bbd3-38c8c93e73bd\" target=\"_blank\" class=\"button primary\"  >\n    <span>VER EN TIENDA ?<\/span>\n  <\/a>\n<span style=\"color: #69314d;\">\u00a0<\/span><\/strong><\/span><\/h2>\n<p><span style=\"color: #000000;\">En m\u00e1s de 150 a\u00f1os de trayectoria algo se ha mantenido inalterable: nuestro compromiso por la calidad y la innovaci\u00f3n constante. Hoy en d\u00eda, Valvoline es proveedor l\u00edder de productos automotrices e industriales en m\u00e1s de 140 pa\u00edses alrededor del mundo.<\/span><\/p>\n","protected":false},"featured_media":5029,"comment_status":"open","ping_status":"closed","template":"","meta":[],"product_cat":[16,35],"product_tag":[],"yoast_head":"<!-- This site is optimized with the Yoast SEO plugin v23.0 - https:\/\/yoast.com\/wordpress\/plugins\/seo\/ -->\n<title>VALVOLINE AXLE OIL SAE 75W-90 - Perfomance Lube - Lubricantes<\/title>\n<meta name=\"description\" content=\"Distribuidor de lubricantes VALVOLINE de diferentes aplicaciones. Env\u00edos a todo el pa\u00eds. Variedad de productos y stock disponible.VALVOLINE AXLE OIL SAE 75W-90\" \/>\n<meta name=\"robots\" content=\"index, follow, max-snippet:-1, max-image-preview:large, max-video-preview:-1\" \/>\n<link rel=\"canonical\" href=\"https:\/\/pldistribucion.com.ar\/web\/producto\/valvoline-axle-oil-sae-75w-90\/\" \/>\n<meta property=\"og:locale\" content=\"es_ES\" \/>\n<meta property=\"og:type\" content=\"article\" \/>\n<meta property=\"og:title\" content=\"VALVOLINE AXLE OIL SAE 75W-90 - Perfomance Lube - Lubricantes\" \/>\n<meta property=\"og:description\" content=\"Distribuidor de lubricantes VALVOLINE de diferentes aplicaciones. Env\u00edos a todo el pa\u00eds. Variedad de productos y stock disponible.VALVOLINE AXLE OIL SAE 75W-90\" \/>\n<meta property=\"og:url\" content=\"https:\/\/pldistribucion.com.ar\/web\/producto\/valvoline-axle-oil-sae-75w-90\/\" \/>\n<meta property=\"og:site_name\" content=\"Perfomance Lube\" \/>\n<meta property=\"article:modified_time\" content=\"2023-05-23T15:37:33+00:00\" \/>\n<meta property=\"og:image\" content=\"https:\/\/pldistribucion.com.ar\/web\/wp-content\/uploads\/1658499225EU_866890_Valvoline_Axle_Oil_75W90_1L.png\" \/>\n\t<meta property=\"og:image:width\" content=\"2000\" \/>\n\t<meta property=\"og:image:height\" content=\"2000\" \/>\n\t<meta property=\"og:image:type\" content=\"image\/png\" \/>\n<meta name=\"twitter:card\" content=\"summary_large_image\" \/>\n<meta name=\"twitter:label1\" content=\"Tiempo de lectura\" \/>\n\t<meta name=\"twitter:data1\" content=\"2 minutos\" \/>\n<script type=\"application\/ld+json\" class=\"yoast-schema-graph\">{\"@context\":\"https:\/\/schema.org\",\"@graph\":[{\"@type\":\"WebPage\",\"@id\":\"https:\/\/pldistribucion.com.ar\/web\/producto\/valvoline-axle-oil-sae-75w-90\/\",\"url\":\"https:\/\/pldistribucion.com.ar\/web\/producto\/valvoline-axle-oil-sae-75w-90\/\",\"name\":\"VALVOLINE AXLE OIL SAE 75W-90 - Perfomance Lube - Lubricantes\",\"isPartOf\":{\"@id\":\"https:\/\/pldistribucion.com.ar\/web\/#website\"},\"primaryImageOfPage\":{\"@id\":\"https:\/\/pldistribucion.com.ar\/web\/producto\/valvoline-axle-oil-sae-75w-90\/#primaryimage\"},\"image\":{\"@id\":\"https:\/\/pldistribucion.com.ar\/web\/producto\/valvoline-axle-oil-sae-75w-90\/#primaryimage\"},\"thumbnailUrl\":\"https:\/\/pldistribucion.com.ar\/web\/wp-content\/uploads\/1658499225EU_866890_Valvoline_Axle_Oil_75W90_1L.png\",\"datePublished\":\"2022-08-17T12:53:40+00:00\",\"dateModified\":\"2023-05-23T15:37:33+00:00\",\"description\":\"Distribuidor de lubricantes VALVOLINE de diferentes aplicaciones. Env\u00edos a todo el pa\u00eds. Variedad de productos y stock disponible.VALVOLINE AXLE OIL SAE 75W-90\",\"breadcrumb\":{\"@id\":\"https:\/\/pldistribucion.com.ar\/web\/producto\/valvoline-axle-oil-sae-75w-90\/#breadcrumb\"},\"inLanguage\":\"es\",\"potentialAction\":[{\"@type\":\"ReadAction\",\"target\":[\"https:\/\/pldistribucion.com.ar\/web\/producto\/valvoline-axle-oil-sae-75w-90\/\"]}]},{\"@type\":\"ImageObject\",\"inLanguage\":\"es\",\"@id\":\"https:\/\/pldistribucion.com.ar\/web\/producto\/valvoline-axle-oil-sae-75w-90\/#primaryimage\",\"url\":\"https:\/\/pldistribucion.com.ar\/web\/wp-content\/uploads\/1658499225EU_866890_Valvoline_Axle_Oil_75W90_1L.png\",\"contentUrl\":\"https:\/\/pldistribucion.com.ar\/web\/wp-content\/uploads\/1658499225EU_866890_Valvoline_Axle_Oil_75W90_1L.png\",\"width\":2000,\"height\":2000,\"caption\":\"VALVOLINE AXLE OIL SAE 75W-90\"},{\"@type\":\"BreadcrumbList\",\"@id\":\"https:\/\/pldistribucion.com.ar\/web\/producto\/valvoline-axle-oil-sae-75w-90\/#breadcrumb\",\"itemListElement\":[{\"@type\":\"ListItem\",\"position\":1,\"name\":\"Portada\",\"item\":\"https:\/\/pldistribucion.com.ar\/web\/\"},{\"@type\":\"ListItem\",\"position\":2,\"name\":\"Productos\",\"item\":\"https:\/\/pldistribucion.com.ar\/web\/productos\/\"},{\"@type\":\"ListItem\",\"position\":3,\"name\":\"VALVOLINE AXLE OIL SAE 75W-90\"}]},{\"@type\":\"WebSite\",\"@id\":\"https:\/\/pldistribucion.com.ar\/web\/#website\",\"url\":\"https:\/\/pldistribucion.com.ar\/web\/\",\"name\":\"Perfomance Lube\",\"description\":\"\",\"publisher\":{\"@id\":\"https:\/\/pldistribucion.com.ar\/web\/#organization\"},\"potentialAction\":[{\"@type\":\"SearchAction\",\"target\":{\"@type\":\"EntryPoint\",\"urlTemplate\":\"https:\/\/pldistribucion.com.ar\/web\/?s={search_term_string}\"},\"query-input\":\"required name=search_term_string\"}],\"inLanguage\":\"es\"},{\"@type\":\"Organization\",\"@id\":\"https:\/\/pldistribucion.com.ar\/web\/#organization\",\"name\":\"PERFORMANCE LUBE\",\"url\":\"https:\/\/pldistribucion.com.ar\/web\/\",\"logo\":{\"@type\":\"ImageObject\",\"inLanguage\":\"es\",\"@id\":\"https:\/\/pldistribucion.com.ar\/web\/#\/schema\/logo\/image\/\",\"url\":\"https:\/\/pldistribucion.com.ar\/web\/wp-content\/uploads\/pld_logo_GB-removebg-preview.png\",\"contentUrl\":\"https:\/\/pldistribucion.com.ar\/web\/wp-content\/uploads\/pld_logo_GB-removebg-preview.png\",\"width\":787,\"height\":317,\"caption\":\"PERFORMANCE LUBE\"},\"image\":{\"@id\":\"https:\/\/pldistribucion.com.ar\/web\/#\/schema\/logo\/image\/\"}}]}<\/script>\n<!-- \/ Yoast SEO plugin. -->","yoast_head_json":{"title":"VALVOLINE AXLE OIL SAE 75W-90 - Perfomance Lube - Lubricantes","description":"Distribuidor de lubricantes VALVOLINE de diferentes aplicaciones. Env\u00edos a todo el pa\u00eds. Variedad de productos y stock disponible.VALVOLINE AXLE OIL SAE 75W-90","robots":{"index":"index","follow":"follow","max-snippet":"max-snippet:-1","max-image-preview":"max-image-preview:large","max-video-preview":"max-video-preview:-1"},"canonical":"https:\/\/pldistribucion.com.ar\/web\/producto\/valvoline-axle-oil-sae-75w-90\/","og_locale":"es_ES","og_type":"article","og_title":"VALVOLINE AXLE OIL SAE 75W-90 - Perfomance Lube - Lubricantes","og_description":"Distribuidor de lubricantes VALVOLINE de diferentes aplicaciones. Env\u00edos a todo el pa\u00eds. Variedad de productos y stock disponible.VALVOLINE AXLE OIL SAE 75W-90","og_url":"https:\/\/pldistribucion.com.ar\/web\/producto\/valvoline-axle-oil-sae-75w-90\/","og_site_name":"Perfomance Lube","article_modified_time":"2023-05-23T15:37:33+00:00","og_image":[{"width":2000,"height":2000,"url":"https:\/\/pldistribucion.com.ar\/web\/wp-content\/uploads\/1658499225EU_866890_Valvoline_Axle_Oil_75W90_1L.png","type":"image\/png"}],"twitter_card":"summary_large_image","twitter_misc":{"Tiempo de lectura":"2 minutos"},"schema":{"@context":"https:\/\/schema.org","@graph":[{"@type":"WebPage","@id":"https:\/\/pldistribucion.com.ar\/web\/producto\/valvoline-axle-oil-sae-75w-90\/","url":"https:\/\/pldistribucion.com.ar\/web\/producto\/valvoline-axle-oil-sae-75w-90\/","name":"VALVOLINE AXLE OIL SAE 75W-90 - Perfomance Lube - Lubricantes","isPartOf":{"@id":"https:\/\/pldistribucion.com.ar\/web\/#website"},"primaryImageOfPage":{"@id":"https:\/\/pldistribucion.com.ar\/web\/producto\/valvoline-axle-oil-sae-75w-90\/#primaryimage"},"image":{"@id":"https:\/\/pldistribucion.com.ar\/web\/producto\/valvoline-axle-oil-sae-75w-90\/#primaryimage"},"thumbnailUrl":"https:\/\/pldistribucion.com.ar\/web\/wp-content\/uploads\/1658499225EU_866890_Valvoline_Axle_Oil_75W90_1L.png","datePublished":"2022-08-17T12:53:40+00:00","dateModified":"2023-05-23T15:37:33+00:00","description":"Distribuidor de lubricantes VALVOLINE de diferentes aplicaciones. Env\u00edos a todo el pa\u00eds. Variedad de productos y stock disponible.VALVOLINE AXLE OIL SAE 75W-90","breadcrumb":{"@id":"https:\/\/pldistribucion.com.ar\/web\/producto\/valvoline-axle-oil-sae-75w-90\/#breadcrumb"},"inLanguage":"es","potentialAction":[{"@type":"ReadAction","target":["https:\/\/pldistribucion.com.ar\/web\/producto\/valvoline-axle-oil-sae-75w-90\/"]}]},{"@type":"ImageObject","inLanguage":"es","@id":"https:\/\/pldistribucion.com.ar\/web\/producto\/valvoline-axle-oil-sae-75w-90\/#primaryimage","url":"https:\/\/pldistribucion.com.ar\/web\/wp-content\/uploads\/1658499225EU_866890_Valvoline_Axle_Oil_75W90_1L.png","contentUrl":"https:\/\/pldistribucion.com.ar\/web\/wp-content\/uploads\/1658499225EU_866890_Valvoline_Axle_Oil_75W90_1L.png","width":2000,"height":2000,"caption":"VALVOLINE AXLE OIL SAE 75W-90"},{"@type":"BreadcrumbList","@id":"https:\/\/pldistribucion.com.ar\/web\/producto\/valvoline-axle-oil-sae-75w-90\/#breadcrumb","itemListElement":[{"@type":"ListItem","position":1,"name":"Portada","item":"https:\/\/pldistribucion.com.ar\/web\/"},{"@type":"ListItem","position":2,"name":"Productos","item":"https:\/\/pldistribucion.com.ar\/web\/productos\/"},{"@type":"ListItem","position":3,"name":"VALVOLINE AXLE OIL SAE 75W-90"}]},{"@type":"WebSite","@id":"https:\/\/pldistribucion.com.ar\/web\/#website","url":"https:\/\/pldistribucion.com.ar\/web\/","name":"Perfomance Lube","description":"","publisher":{"@id":"https:\/\/pldistribucion.com.ar\/web\/#organization"},"potentialAction":[{"@type":"SearchAction","target":{"@type":"EntryPoint","urlTemplate":"https:\/\/pldistribucion.com.ar\/web\/?s={search_term_string}"},"query-input":"required name=search_term_string"}],"inLanguage":"es"},{"@type":"Organization","@id":"https:\/\/pldistribucion.com.ar\/web\/#organization","name":"PERFORMANCE LUBE","url":"https:\/\/pldistribucion.com.ar\/web\/","logo":{"@type":"ImageObject","inLanguage":"es","@id":"https:\/\/pldistribucion.com.ar\/web\/#\/schema\/logo\/image\/","url":"https:\/\/pldistribucion.com.ar\/web\/wp-content\/uploads\/pld_logo_GB-removebg-preview.png","contentUrl":"https:\/\/pldistribucion.com.ar\/web\/wp-content\/uploads\/pld_logo_GB-removebg-preview.png","width":787,"height":317,"caption":"PERFORMANCE LUBE"},"image":{"@id":"https:\/\/pldistribucion.com.ar\/web\/#\/schema\/logo\/image\/"}}]}},"_links":{"self":[{"href":"https:\/\/pldistribucion.com.ar\/web\/wp-json\/wp\/v2\/product\/5028"}],"collection":[{"href":"https:\/\/pldistribucion.com.ar\/web\/wp-json\/wp\/v2\/product"}],"about":[{"href":"https:\/\/pldistribucion.com.ar\/web\/wp-json\/wp\/v2\/types\/product"}],"replies":[{"embeddable":true,"href":"https:\/\/pldistribucion.com.ar\/web\/wp-json\/wp\/v2\/comments?post=5028"}],"wp:featuredmedia":[{"embeddable":true,"href":"https:\/\/pldistribucion.com.ar\/web\/wp-json\/wp\/v2\/media\/5029"}],"wp:attachment":[{"href":"https:\/\/pldistribucion.com.ar\/web\/wp-json\/wp\/v2\/media?parent=5028"}],"wp:term":[{"taxonomy":"product_cat","embeddable":true,"href":"https:\/\/pldistribucion.com.ar\/web\/wp-json\/wp\/v2\/product_cat?post=5028"},{"taxonomy":"product_tag","embeddable":true,"href":"https:\/\/pldistribucion.com.ar\/web\/wp-json\/wp\/v2\/product_tag?post=5028"}],"curies":[{"name":"wp","href":"https:\/\/api.w.org\/{rel}","templated":true}]}}