{"id":5010,"date":"2022-08-03T15:14:28","date_gmt":"2022-08-03T15:14:28","guid":{"rendered":"https:\/\/pldistribucion.com.ar\/web\/?post_type=product&#038;p=5010"},"modified":"2022-08-03T15:14:29","modified_gmt":"2022-08-03T15:14:29","slug":"gulf-ultrasynth-0w20","status":"publish","type":"product","link":"https:\/\/pldistribucion.com.ar\/web\/producto\/gulf-ultrasynth-0w20\/","title":{"rendered":"GULF ULTRASYNTH 0W20"},"content":{"rendered":"<h1><span style=\"font-size: 80%;\"><strong>GULF ULTRASYNTH 0W20\u00a0<\/strong><\/span><\/h1>\n<h3><span style=\"background-color: #f2d45a; font-size: 80%;\"><strong>DESCRIPCI\u00d3N DEL PRODUCTO<\/strong><\/span><\/h3>\n<p><span style=\"color: #000000;\"> GULF ULTRASYNTH 0W20\u00a0 <strong>\u27a2<\/strong><\/span><\/p>\n<p class=\"p1\"><span style=\"color: #000000;\">Es un aceite lubricante de calidad suprema especialmente dise\u00f1ado para los m\u00e1s modernos veh\u00edculos livianos con motores a gasolina de alto rendimiento y turbo alimentados, veh\u00edculos deportivos, Vans y peque\u00f1os camiones de servicio. <\/span><\/p>\n<p class=\"p1\"><span style=\"color: #000000;\">Brinda una excelente protecci\u00f3n contra el desgaste, la formaci\u00f3n de dep\u00f3sitos y lodos y ayuda a proteger los motores incluso cuando est\u00e1n operando con combustibles que contengan Ethanol, como el E85. Todas las viscosidades cumplen la m\u00e1s alta especificaci\u00f3n API SN recomendada para los veh\u00edculos m\u00e1s modernos. tambi\u00e9n cumplen la especificaci\u00f3n API SN \u201cResource Conserving\u201d y con la ILSAC GF-5. <\/span><\/p>\n<p class=\"p1\"><span style=\"color: #000000;\">Estas viscosidades est\u00e1n desarrolladas para ayudar a mejorar la econom\u00eda de combustible y proteger los componentes de los sistemas de emisi\u00f3n y turbo cargadores de los veh\u00edculos.<\/span><\/p>\n<h3><span style=\"background-color: #f2d45a; font-size: 80%;\"><strong>CARACTER\u00cdSTICAS Y BENEFICIOS<\/strong><\/span><\/h3>\n<p><span style=\"color: #000000;\">La combinaci\u00f3n especial de lubricantes y aditivos de primera calidad otorga a estos lubricantes un desempe\u00f1o excepcional en t\u00e9rminos de:<\/span><\/p>\n<ul>\n<li><span style=\"color: #000000;\">Protecci\u00f3n contra sedimentos<\/span><\/li>\n<li><span style=\"color: #000000;\">Limpieza de pistones<\/span><\/li>\n<li><span style=\"color: #000000;\">Protecci\u00f3n del turbocargador, compresi\u00f3n y componentes,<\/span><\/li>\n<li><span style=\"color: #000000;\">Compatibilidad con sellos, <\/span><\/li>\n<li><span style=\"color: #000000;\">Protecci\u00f3n contra la corrosi\u00f3n\u00a0<\/span><\/li>\n<li><span style=\"color: #000000;\">Compatibilidad con combustibles de etanol hasta E85.<\/span><\/li>\n<\/ul>\n<p><span style=\"color: #000000;\">Por un lado posee modificadores de fricci\u00f3n especiales utilizados en aceites refinados de grado \u00abconservaci\u00f3n de recursos\u00bb. Tambien los fluidos para temperaturas excepcionalmente bajas ayudan al arranque en fr\u00edo, mejoran la protecci\u00f3n contra el desgaste durante el arranque y maximizan la protecci\u00f3n contra altas temperaturas.<\/span><\/p>\n<p><span style=\"color: #000000;\">Adem\u00e1s cuenta con tecnolog\u00eda avanzada de paquete de aditivos qu\u00edmicos que prolonga la vida \u00fatil del sistema de emisi\u00f3n. Y las propiedades vol\u00e1tiles del aceite reducen significativamente el consumo de combustible y Contaminaci\u00f3n\u00a0de\u00a0aceite.<\/span><\/p>\n<h3><span style=\"background-color: #f2d45a; font-size: 80%;\"><strong>APLICACIONES<\/strong><\/span><\/h3>\n<p class=\"p1\"><span style=\"color: #000000;\">Recomendado para todos los veh\u00edculos modernos de alto rendimiento Americanos, Europeos y Japoneses, donde se requiera niveles de calidad GF-5 y\/o API SN, API SM, API SL.<\/span><br \/>\n<span style=\"color: #000000;\">Adem\u00e1s puede utilizarse en Veh\u00edculos de pasajeros livianos y de servicio ligero que operen con gasolina mezclada con Ethanol hasta E85.<\/span><\/p>\n<hr \/>\n<p><span style=\"color: #000080;\"><a style=\"color: #000080;\" href=\"https:\/\/pldistribucion.com.ar\/web\/categoria-producto\/lubricantes\/?filter_marcas=gulf\"><strong>Ver mas productos GULF<\/strong><\/a><\/span><\/p>\n<p><span style=\"color: #000000;\">(Gasolineras Gulf es reconocida mundialmente como una de las marcas m\u00e1s importantes que existen con relaci\u00f3n a la comercializaci\u00f3n de combustibles y lubricantes, sobre todo se destaca como una de las pioneras en la industria, ya que entre otras cosas esta es una empresa que al paso de los a\u00f1os se consagra como una de las m\u00e1s destacadas, esto por la innovaci\u00f3n y la m\u00e1s alta calidad utilizada en sus productos y servicios).<\/span><\/p>\n<div class=\"product-desc\">\n<div>\n<div><span style=\"color: #000080;\"><strong><a style=\"color: #000080;\" href=\"https:\/\/www.gulfoillatam.com\/about-us\/\" target=\"_blank\" rel=\"noopener\">Conoce m\u00e1s sobre GULF<\/a><\/strong><\/span><\/div>\n<\/div>\n<\/div>\n","protected":false},"excerpt":{"rendered":"<p><img loading=\"lazy\" decoding=\"async\" class=\"alignnone wp-image-2445\" src=\"https:\/\/pldistribucion.com.ar\/web\/wp-content\/uploads\/GULF-1-300x276.png\" alt=\"\" width=\"126\" height=\"116\" srcset=\"https:\/\/pldistribucion.com.ar\/web\/wp-content\/uploads\/GULF-1-300x276.png 300w, https:\/\/pldistribucion.com.ar\/web\/wp-content\/uploads\/GULF-1-600x552.png 600w, https:\/\/pldistribucion.com.ar\/web\/wp-content\/uploads\/GULF-1.png 640w\" sizes=\"(max-width: 126px) 100vw, 126px\" \/><\/p>\n<p><strong>BID\u00d3N X 1L\u00a0<\/strong><strong> \u27a2<\/strong><\/p>\n<h2 style=\"text-align: left;\"><span style=\"font-size: 75%;\"><strong><a rel=\"noopener noreferrer\" href=\"https:\/\/performancelube.mercadoshops.com.ar\/MLA-1149463198-aceite-gulf-ultrasynth-0w20-x1l-_JM#position=1&#038;search_layout=stack&#038;type=item&#038;tracking_id=bbc8064c-7b0a-4bdf-bbd3-38c8c93e73bd\" target=\"_blank\" class=\"button primary\"  >\n    <span>VER EN TIENDA ?<\/span>\n  <\/a>\n<\/strong><\/span><\/h2>\n<p><strong>BID\u00d3N X 4L\u00a0<\/strong><strong> \u27a2<\/strong><\/p>\n<h2 style=\"text-align: left;\"><span style=\"font-size: 75%;\"><strong><a rel=\"noopener noreferrer\" href=\"https:\/\/performancelube.mercadoshops.com.ar\/MLA-1149488918-aceite-gulf-ultrasynth-x-0w20-x4l-_JM#position=1&#038;search_layout=stack&#038;type=item&#038;tracking_id=bbc8064c-7b0a-4bdf-bbd3-38c8c93e73bd\" target=\"_blank\" class=\"button primary\"  >\n    <span>VER EN TIENDA ?<\/span>\n  <\/a>\n<\/strong><\/span><\/h2>\n<h4><em>PRODUCTOS GULF<\/em><\/h4>\n<p>Empresa internacional dedicada a la comercializaci\u00f3n de combustible y fabricaci\u00f3n y comercializaci\u00f3n de lubricantes de calidad. Hoy en d\u00eda extendiendo la actividad a la construcci\u00f3n de nuevas refiner\u00edas, oleoductos y estaciones de combustible desarrollando la m\u00e1s alta tecnolog\u00eda en refino, formulaci\u00f3n y mezclado de lubricantes.<\/p>\n","protected":false},"featured_media":5011,"comment_status":"open","ping_status":"closed","template":"","meta":[],"product_cat":[16,35],"product_tag":[],"yoast_head":"<!-- This site is optimized with the Yoast SEO plugin v23.0 - https:\/\/yoast.com\/wordpress\/plugins\/seo\/ -->\n<title>GULF ULTRASYNTH 0W20 - Perfomance Lube - Lubricantes<\/title>\n<meta name=\"description\" content=\"Distribuidor de lubricantes GULF de diferentes aplicaciones. Env\u00edos a todo el pa\u00eds. Variedad de productos y stock disponible.\" \/>\n<meta name=\"robots\" content=\"index, follow, max-snippet:-1, max-image-preview:large, max-video-preview:-1\" \/>\n<link rel=\"canonical\" href=\"https:\/\/pldistribucion.com.ar\/web\/producto\/gulf-ultrasynth-0w20\/\" \/>\n<meta property=\"og:locale\" content=\"es_ES\" \/>\n<meta property=\"og:type\" content=\"article\" \/>\n<meta property=\"og:title\" content=\"GULF ULTRASYNTH 0W20 - Perfomance Lube - Lubricantes\" \/>\n<meta property=\"og:description\" content=\"Distribuidor de lubricantes GULF de diferentes aplicaciones. Env\u00edos a todo el pa\u00eds. Variedad de productos y stock disponible.\" \/>\n<meta property=\"og:url\" content=\"https:\/\/pldistribucion.com.ar\/web\/producto\/gulf-ultrasynth-0w20\/\" \/>\n<meta property=\"og:site_name\" content=\"Perfomance Lube\" \/>\n<meta property=\"article:modified_time\" content=\"2022-08-03T15:14:29+00:00\" \/>\n<meta property=\"og:image\" content=\"https:\/\/pldistribucion.com.ar\/web\/wp-content\/uploads\/Gulf-Ultrasynth-X-0W-20-1L-900px.jpg\" \/>\n\t<meta property=\"og:image:width\" content=\"900\" \/>\n\t<meta property=\"og:image:height\" content=\"900\" \/>\n\t<meta property=\"og:image:type\" content=\"image\/jpeg\" \/>\n<meta name=\"twitter:card\" content=\"summary_large_image\" \/>\n<meta name=\"twitter:label1\" content=\"Tiempo de lectura\" \/>\n\t<meta name=\"twitter:data1\" content=\"2 minutos\" \/>\n<script type=\"application\/ld+json\" class=\"yoast-schema-graph\">{\"@context\":\"https:\/\/schema.org\",\"@graph\":[{\"@type\":\"WebPage\",\"@id\":\"https:\/\/pldistribucion.com.ar\/web\/producto\/gulf-ultrasynth-0w20\/\",\"url\":\"https:\/\/pldistribucion.com.ar\/web\/producto\/gulf-ultrasynth-0w20\/\",\"name\":\"GULF ULTRASYNTH 0W20 - Perfomance Lube - Lubricantes\",\"isPartOf\":{\"@id\":\"https:\/\/pldistribucion.com.ar\/web\/#website\"},\"primaryImageOfPage\":{\"@id\":\"https:\/\/pldistribucion.com.ar\/web\/producto\/gulf-ultrasynth-0w20\/#primaryimage\"},\"image\":{\"@id\":\"https:\/\/pldistribucion.com.ar\/web\/producto\/gulf-ultrasynth-0w20\/#primaryimage\"},\"thumbnailUrl\":\"https:\/\/pldistribucion.com.ar\/web\/wp-content\/uploads\/Gulf-Ultrasynth-X-0W-20-1L-900px.jpg\",\"datePublished\":\"2022-08-03T15:14:28+00:00\",\"dateModified\":\"2022-08-03T15:14:29+00:00\",\"description\":\"Distribuidor de lubricantes GULF de diferentes aplicaciones. Env\u00edos a todo el pa\u00eds. Variedad de productos y stock disponible.\",\"breadcrumb\":{\"@id\":\"https:\/\/pldistribucion.com.ar\/web\/producto\/gulf-ultrasynth-0w20\/#breadcrumb\"},\"inLanguage\":\"es\",\"potentialAction\":[{\"@type\":\"ReadAction\",\"target\":[\"https:\/\/pldistribucion.com.ar\/web\/producto\/gulf-ultrasynth-0w20\/\"]}]},{\"@type\":\"ImageObject\",\"inLanguage\":\"es\",\"@id\":\"https:\/\/pldistribucion.com.ar\/web\/producto\/gulf-ultrasynth-0w20\/#primaryimage\",\"url\":\"https:\/\/pldistribucion.com.ar\/web\/wp-content\/uploads\/Gulf-Ultrasynth-X-0W-20-1L-900px.jpg\",\"contentUrl\":\"https:\/\/pldistribucion.com.ar\/web\/wp-content\/uploads\/Gulf-Ultrasynth-X-0W-20-1L-900px.jpg\",\"width\":900,\"height\":900,\"caption\":\"GULF ULTRASYNTH 0W20\"},{\"@type\":\"BreadcrumbList\",\"@id\":\"https:\/\/pldistribucion.com.ar\/web\/producto\/gulf-ultrasynth-0w20\/#breadcrumb\",\"itemListElement\":[{\"@type\":\"ListItem\",\"position\":1,\"name\":\"Portada\",\"item\":\"https:\/\/pldistribucion.com.ar\/web\/\"},{\"@type\":\"ListItem\",\"position\":2,\"name\":\"Productos\",\"item\":\"https:\/\/pldistribucion.com.ar\/web\/productos\/\"},{\"@type\":\"ListItem\",\"position\":3,\"name\":\"GULF ULTRASYNTH 0W20\"}]},{\"@type\":\"WebSite\",\"@id\":\"https:\/\/pldistribucion.com.ar\/web\/#website\",\"url\":\"https:\/\/pldistribucion.com.ar\/web\/\",\"name\":\"Perfomance Lube\",\"description\":\"\",\"publisher\":{\"@id\":\"https:\/\/pldistribucion.com.ar\/web\/#organization\"},\"potentialAction\":[{\"@type\":\"SearchAction\",\"target\":{\"@type\":\"EntryPoint\",\"urlTemplate\":\"https:\/\/pldistribucion.com.ar\/web\/?s={search_term_string}\"},\"query-input\":\"required name=search_term_string\"}],\"inLanguage\":\"es\"},{\"@type\":\"Organization\",\"@id\":\"https:\/\/pldistribucion.com.ar\/web\/#organization\",\"name\":\"PERFORMANCE LUBE\",\"url\":\"https:\/\/pldistribucion.com.ar\/web\/\",\"logo\":{\"@type\":\"ImageObject\",\"inLanguage\":\"es\",\"@id\":\"https:\/\/pldistribucion.com.ar\/web\/#\/schema\/logo\/image\/\",\"url\":\"https:\/\/pldistribucion.com.ar\/web\/wp-content\/uploads\/pld_logo_GB-removebg-preview.png\",\"contentUrl\":\"https:\/\/pldistribucion.com.ar\/web\/wp-content\/uploads\/pld_logo_GB-removebg-preview.png\",\"width\":787,\"height\":317,\"caption\":\"PERFORMANCE LUBE\"},\"image\":{\"@id\":\"https:\/\/pldistribucion.com.ar\/web\/#\/schema\/logo\/image\/\"}}]}<\/script>\n<!-- \/ Yoast SEO plugin. -->","yoast_head_json":{"title":"GULF ULTRASYNTH 0W20 - Perfomance Lube - Lubricantes","description":"Distribuidor de lubricantes GULF de diferentes aplicaciones. Env\u00edos a todo el pa\u00eds. Variedad de productos y stock disponible.","robots":{"index":"index","follow":"follow","max-snippet":"max-snippet:-1","max-image-preview":"max-image-preview:large","max-video-preview":"max-video-preview:-1"},"canonical":"https:\/\/pldistribucion.com.ar\/web\/producto\/gulf-ultrasynth-0w20\/","og_locale":"es_ES","og_type":"article","og_title":"GULF ULTRASYNTH 0W20 - Perfomance Lube - Lubricantes","og_description":"Distribuidor de lubricantes GULF de diferentes aplicaciones. Env\u00edos a todo el pa\u00eds. Variedad de productos y stock disponible.","og_url":"https:\/\/pldistribucion.com.ar\/web\/producto\/gulf-ultrasynth-0w20\/","og_site_name":"Perfomance Lube","article_modified_time":"2022-08-03T15:14:29+00:00","og_image":[{"width":900,"height":900,"url":"https:\/\/pldistribucion.com.ar\/web\/wp-content\/uploads\/Gulf-Ultrasynth-X-0W-20-1L-900px.jpg","type":"image\/jpeg"}],"twitter_card":"summary_large_image","twitter_misc":{"Tiempo de lectura":"2 minutos"},"schema":{"@context":"https:\/\/schema.org","@graph":[{"@type":"WebPage","@id":"https:\/\/pldistribucion.com.ar\/web\/producto\/gulf-ultrasynth-0w20\/","url":"https:\/\/pldistribucion.com.ar\/web\/producto\/gulf-ultrasynth-0w20\/","name":"GULF ULTRASYNTH 0W20 - Perfomance Lube - Lubricantes","isPartOf":{"@id":"https:\/\/pldistribucion.com.ar\/web\/#website"},"primaryImageOfPage":{"@id":"https:\/\/pldistribucion.com.ar\/web\/producto\/gulf-ultrasynth-0w20\/#primaryimage"},"image":{"@id":"https:\/\/pldistribucion.com.ar\/web\/producto\/gulf-ultrasynth-0w20\/#primaryimage"},"thumbnailUrl":"https:\/\/pldistribucion.com.ar\/web\/wp-content\/uploads\/Gulf-Ultrasynth-X-0W-20-1L-900px.jpg","datePublished":"2022-08-03T15:14:28+00:00","dateModified":"2022-08-03T15:14:29+00:00","description":"Distribuidor de lubricantes GULF de diferentes aplicaciones. Env\u00edos a todo el pa\u00eds. Variedad de productos y stock disponible.","breadcrumb":{"@id":"https:\/\/pldistribucion.com.ar\/web\/producto\/gulf-ultrasynth-0w20\/#breadcrumb"},"inLanguage":"es","potentialAction":[{"@type":"ReadAction","target":["https:\/\/pldistribucion.com.ar\/web\/producto\/gulf-ultrasynth-0w20\/"]}]},{"@type":"ImageObject","inLanguage":"es","@id":"https:\/\/pldistribucion.com.ar\/web\/producto\/gulf-ultrasynth-0w20\/#primaryimage","url":"https:\/\/pldistribucion.com.ar\/web\/wp-content\/uploads\/Gulf-Ultrasynth-X-0W-20-1L-900px.jpg","contentUrl":"https:\/\/pldistribucion.com.ar\/web\/wp-content\/uploads\/Gulf-Ultrasynth-X-0W-20-1L-900px.jpg","width":900,"height":900,"caption":"GULF ULTRASYNTH 0W20"},{"@type":"BreadcrumbList","@id":"https:\/\/pldistribucion.com.ar\/web\/producto\/gulf-ultrasynth-0w20\/#breadcrumb","itemListElement":[{"@type":"ListItem","position":1,"name":"Portada","item":"https:\/\/pldistribucion.com.ar\/web\/"},{"@type":"ListItem","position":2,"name":"Productos","item":"https:\/\/pldistribucion.com.ar\/web\/productos\/"},{"@type":"ListItem","position":3,"name":"GULF ULTRASYNTH 0W20"}]},{"@type":"WebSite","@id":"https:\/\/pldistribucion.com.ar\/web\/#website","url":"https:\/\/pldistribucion.com.ar\/web\/","name":"Perfomance Lube","description":"","publisher":{"@id":"https:\/\/pldistribucion.com.ar\/web\/#organization"},"potentialAction":[{"@type":"SearchAction","target":{"@type":"EntryPoint","urlTemplate":"https:\/\/pldistribucion.com.ar\/web\/?s={search_term_string}"},"query-input":"required name=search_term_string"}],"inLanguage":"es"},{"@type":"Organization","@id":"https:\/\/pldistribucion.com.ar\/web\/#organization","name":"PERFORMANCE LUBE","url":"https:\/\/pldistribucion.com.ar\/web\/","logo":{"@type":"ImageObject","inLanguage":"es","@id":"https:\/\/pldistribucion.com.ar\/web\/#\/schema\/logo\/image\/","url":"https:\/\/pldistribucion.com.ar\/web\/wp-content\/uploads\/pld_logo_GB-removebg-preview.png","contentUrl":"https:\/\/pldistribucion.com.ar\/web\/wp-content\/uploads\/pld_logo_GB-removebg-preview.png","width":787,"height":317,"caption":"PERFORMANCE LUBE"},"image":{"@id":"https:\/\/pldistribucion.com.ar\/web\/#\/schema\/logo\/image\/"}}]}},"_links":{"self":[{"href":"https:\/\/pldistribucion.com.ar\/web\/wp-json\/wp\/v2\/product\/5010"}],"collection":[{"href":"https:\/\/pldistribucion.com.ar\/web\/wp-json\/wp\/v2\/product"}],"about":[{"href":"https:\/\/pldistribucion.com.ar\/web\/wp-json\/wp\/v2\/types\/product"}],"replies":[{"embeddable":true,"href":"https:\/\/pldistribucion.com.ar\/web\/wp-json\/wp\/v2\/comments?post=5010"}],"wp:featuredmedia":[{"embeddable":true,"href":"https:\/\/pldistribucion.com.ar\/web\/wp-json\/wp\/v2\/media\/5011"}],"wp:attachment":[{"href":"https:\/\/pldistribucion.com.ar\/web\/wp-json\/wp\/v2\/media?parent=5010"}],"wp:term":[{"taxonomy":"product_cat","embeddable":true,"href":"https:\/\/pldistribucion.com.ar\/web\/wp-json\/wp\/v2\/product_cat?post=5010"},{"taxonomy":"product_tag","embeddable":true,"href":"https:\/\/pldistribucion.com.ar\/web\/wp-json\/wp\/v2\/product_tag?post=5010"}],"curies":[{"name":"wp","href":"https:\/\/api.w.org\/{rel}","templated":true}]}}