{"id":4966,"date":"2022-07-15T15:23:10","date_gmt":"2022-07-15T15:23:10","guid":{"rendered":"https:\/\/pldistribucion.com.ar\/web\/?post_type=product&#038;p=4966"},"modified":"2022-07-15T15:23:10","modified_gmt":"2022-07-15T15:23:10","slug":"tecfil-psd960-1","status":"publish","type":"product","link":"https:\/\/pldistribucion.com.ar\/web\/producto\/tecfil-psd960-1\/","title":{"rendered":"TECFIL PSD960\/1"},"content":{"rendered":"<h1><span style=\"font-size: 80%;\"><strong>TECFIL PSD960\/1 &#8211; FILTRO DE COMBSUTIBLE.<\/strong><\/span><\/h1>\n<p><strong>TECFIL PSD960\/1 \u27a2\u00a0<\/strong><\/p>\n<h3><span style=\"font-size: 16.128px; background-color: #91dff2;\"><b>ATRIBUTOS:<\/b><\/span><\/h3>\n<table class=\"table table-sm table-striped\" style=\"height: 242px;\" width=\"831\">\n<tbody>\n<tr class=\"ng-star-inserted\">\n<th class=\"ng-star-inserted\">Marca<\/th>\n<td class=\"ng-star-inserted\">Tecfil<\/td>\n<\/tr>\n<tr class=\"ng-star-inserted\">\n<th class=\"ng-star-inserted\">Filtro original<\/th>\n<td class=\"ng-star-inserted\">2TD127491A<\/td>\n<\/tr>\n<tr class=\"ng-star-inserted\">\n<th class=\"ng-star-inserted\">\u00a0Funci\u00f3n del filtro<\/th>\n<td class=\"ng-star-inserted\">Combustible<\/td>\n<\/tr>\n<tr class=\"ng-star-inserted\">\n<th class=\"ng-star-inserted\">Filtrar elemento<\/th>\n<td class=\"ng-star-inserted\">papel<\/td>\n<\/tr>\n<tr class=\"ng-star-inserted\">\n<th class=\"ng-star-inserted\">Altura<\/th>\n<td class=\"ng-star-inserted\">229<\/td>\n<\/tr>\n<tr class=\"ng-star-inserted\">\n<th class=\"ng-star-inserted\">Di\u00e1metro externo compuesto<\/th>\n<td class=\"ng-star-inserted\">93<\/td>\n<\/tr>\n<tr class=\"ng-star-inserted\">\n<th class=\"ng-star-inserted\">Peso (kg)<\/th>\n<td class=\"ng-star-inserted\">0,750<\/td>\n<\/tr>\n<tr class=\"ng-star-inserted\">\n<th class=\"ng-star-inserted\">Peso Neto<\/th>\n<td class=\"ng-star-inserted\">0,700<\/td>\n<\/tr>\n<tr class=\"ng-star-inserted\">\n<th class=\"ng-star-inserted\">Filtrar tornillo<\/th>\n<td class=\"ng-star-inserted\">1&#8243; X 14UNS &#8211; 2B<\/td>\n<\/tr>\n<\/tbody>\n<\/table>\n<h3><span style=\"background-color: #91dff2; font-size: 80%;\"><strong>EQUIVALENCIAS :<\/strong><\/span><\/h3>\n<table class=\"table applicationPartTablePDP \" style=\"height: 53px;\" width=\"754\">\n<thead>\n<tr>\n<th class=\"col-lg-2 crossReferencemanufactureName\" data-sortcolumn=\"manufactureNameSortableValue\"><span style=\"color: #000000;\">&#8211;<\/span><\/th>\n<th class=\"col-lg-2 crossReferencemanufacturePartNumber\"><span style=\"color: #000000;\">&#8211;<\/span><\/th>\n<\/tr>\n<\/thead>\n<tbody>\n<tr class=\"parentRows greyColor\" data-target=\".ManufacturerName_0\">\n<td class=\"searchCrossRef\" data-manufacturer=\"Nombre del fabricante\">\n<div class=\"block-table\"><span style=\"color: #000000;\">WEGA<\/span><br \/>\n<span style=\"color: #000000;\">FCD-2052<\/span><\/div>\n<p><span style=\"color: #000000;\">\u00a0<\/span><\/p>\n<div class=\"block-table\"><span style=\"color: #000000;\">FRAM<\/span><br \/>\n<span style=\"color: #000000;\">FT9584<\/span><\/div>\n<p><span style=\"color: #000000;\">\u00a0<\/span><\/p>\n<div class=\"block-table\"><span style=\"color: #000000;\">FRAM<\/span><br \/>\n<span style=\"color: #000000;\">PS 6829<\/span><\/div>\n<p><span style=\"color: #000000;\">\u00a0<\/span><\/p>\n<div class=\"block-table\"><span style=\"color: #000000;\">MANN<\/span><br \/>\n<span style=\"color: #000000;\">WK 714\/1<\/span><\/div>\n<p><span style=\"color: #000000;\">\u00a0<\/span><\/p>\n<div class=\"block-table\"><span style=\"color: #000000;\">MANN<\/span><br \/>\n<span style=\"color: #000000;\">WK 947\/2<\/span><\/div>\n<p><span style=\"color: #000000;\">\u00a0<\/span><\/p>\n<div class=\"block-table\"><span style=\"color: #000000;\">OEM<\/span><br \/>\n<span style=\"color: #000000;\">BF0X9155AA<\/span><\/div>\n<div><\/div>\n<div><span style=\"color: #000000;\">WIX<\/span><br \/>\n<span style=\"color: #000000;\">WF10266<\/span><\/div>\n<\/td>\n<td class=\"searchCrossRef\" data-manufacturepartnumber=\"N\u00b0 de pieza del fabricante\">\n<div class=\"block-table\"><span style=\"color: #000000;\">OEM<\/span><br \/>\n<span style=\"color: #000000;\">2TD127491A<\/span><\/div>\n<p><span style=\"color: #000000;\">\u00a0<\/span><\/p>\n<div class=\"block-table\"><span style=\"color: #000000;\">OEM<\/span><br \/>\n<span style=\"color: #000000;\">S 3242<\/span><\/div>\n<p><span style=\"color: #000000;\">\u00a0<\/span><\/p>\n<div class=\"block-table\"><span style=\"color: #000000;\">MONZA<\/span><br \/>\n<span style=\"color: #000000;\">AC287<\/span><\/div>\n<p><span style=\"color: #000000;\">\u00a0<\/span><\/p>\n<div class=\"block-table\"><span style=\"color: #000000;\">BOSCH<\/span><br \/>\n<span style=\"color: #000000;\">0986450726<\/span><\/div>\n<p><span style=\"color: #000000;\">\u00a0<\/span><\/p>\n<div class=\"block-table\"><span style=\"color: #000000;\">MAHLE<\/span><br \/>\n<span style=\"color: #000000;\">KC118<\/span><\/div>\n<p><span style=\"color: #000000;\">\u00a0<\/span><\/p>\n<div class=\"block-table\"><span style=\"color: #000000;\">HASTING<\/span><br \/>\n<span style=\"color: #000000;\">P5162<\/span><\/div>\n<p><span style=\"color: #000000;\">\u00a0<\/span><\/p>\n<div class=\"block-table\"><span style=\"color: #000000;\">TECFIL<\/span><br \/>\n<span style=\"color: #000000;\">PSD960<\/span><\/div>\n<p><span style=\"color: #000000;\">\u00a0<\/span><\/p>\n<div class=\"block-table\"><span style=\"color: #000000;\">LANSS<\/span><br \/>\n<span style=\"color: #000000;\">BR1242HV<\/span><\/div>\n<\/td>\n<\/tr>\n<\/tbody>\n<\/table>\n<div class=\"block-table\"><\/div>\n<h3><span style=\"background-color: #91dff2; font-size: 80%;\"><strong>APLICACIONES:\u00a0<\/strong><\/span><\/h3>\n<section>\n<div class=\"container\">\n<div class=\"row\">\n<div class=\"col-md-6\">\n<ul>\n<li class=\"aplicaciones\"><span class=\"content-hidden expand\" style=\"color: #000000;\">VW CAMIONES Y BUSES FILTRO SEPARADOR AGUA CON SENSOR<br \/>\nCUMMINS MOTOR V 555 &#8211; &#8211;<br \/>\nCUMMINS MOTOR V 903 &#8211; &#8211;<br \/>\nCUMMINS MOTOR VT-350 &#8211; &#8211;<br \/>\nEL DETALLE MINIBUS OA 106 CUMMINS 03\/2000<br \/>\nEL DETALLE BUS OA 101 CUMMINS 6 CTAA 8.3 1998<br \/>\nEL DETALLE BUS SUPERBAJO OA 105 CUMMINS 6 CTAA 8.3 1998<br \/>\nEL DETALLE FILTRO SEPARADOR DE AGUA CON SENSOR &#8211; &#8211;<br \/>\nFIAT ALLIS MODELO F HASTA N\u00b0 DE SERIE 12200 ALLIS CHALMERS 2800 &#8211;<br \/>\nFIAT ALLIS MODELO F CHEVROLET 250 \u00d3 292 &#8211;<br \/>\nFIAT ALLIS MODELO F 2 DIESEL &#8211; &#8211;<br \/>\nFIAT ALLIS MODELO F 3 ALLIS CHALMERS 4-33I &#8211;<br \/>\nFIAT ALLIS MODELO G DIESEL HASTA N\u00b0 DE SERIE 17000 &#8211; &#8211;<br \/>\nFIAT ALLIS MODELO GH DIESEL DESDE N\u00b0 DE SERIE 17000 &#8211; &#8211;<br \/>\nFIAT ALLIS MODELO G DIESEL DESDE N\u00b0 DE SERIE 17001 &#8211; &#8211;<br \/>\nFIAT ALLIS MODELO GH DIESEL HASTA N\u00b0 DE SERIE 17000 &#8211; &#8211;<br \/>\nFIAT ALLIS MODELO G NAFTERO DESDE N\u00b0 DE SERIE 17001 &#8211; &#8211;<br \/>\nFIAT ALLIS MODELO G NAFTERO HASTA N\u00b0 DE SERIE 17000 &#8211; &#8211;<br \/>\nFIAT ALLIS MODELO K 2 DIESEL &#8211; &#8211;<br \/>\nFIAT ALLIS MODELO N 2 DIESEL &#8211; &#8211;<\/span><\/li>\n<\/ul>\n<h4><span class=\"content-hidden expand\" style=\"color: #000000;\">FIAT ALLIS MODELO R DIESEL 3500 \u00d3 6-70T &#8211;<\/span><\/h4>\n<ul>\n<li><span class=\"content-hidden expand\" style=\"color: #000000;\">MASSEY FERGUSON MF 6855 CUMMINS &#8211;<br \/>\nMASSEY FERGUSON MF 9090 CUMMINS &#8211;<br \/>\nPAUNY ZANELLO MODELO 700 C CUMMINS NT-855 A &#8211;<br \/>\nFORD CARGO 1730 F TURBOALIMENTADO 8.270 &#8211; CUMMINS 6CTAA 2001<br \/>\nFORD CARGO 2626 &#8211; CUMMINS 6CTAA 2001<br \/>\nFORD CARGO 2626 TURBOALIMENTODO 8.270 &#8211; CUMMINS 6CTAA 2001<br \/>\nFORD CARGO 2631 &#8211; CUMMINS 6CTAA 2001<br \/>\nFORD CARGO 2631 TURBO AFTERCOOLER 8.270 CUMMINS 6CTAA 2001<br \/>\nVW CAMIONES Y BUSES SERIE 17T 17.220 &#8211; CUMMINS 6CTAA 2000<br \/>\nVW CAMIONES Y BUSES SERIE 26T 26.260 &#8211; CUMMINS 6CTAA 1999<br \/>\nVW CAMIONES Y BUSES CAMI\u00d3N 15.160 \/ 14.170BT CAMI\u00d3N MEDIANO &#8211; CUMMINS 6BTAA 98<br \/>\nVW CAMIONES Y BUSES CAMI\u00d3N 17.300 CAMI\u00d3N PESADO TURBO POSTENFRIADO &#8211; CUMMINS 6CTAA 2001<\/span><\/li>\n<\/ul>\n<h4><span class=\"content-hidden expand\" style=\"color: #000000;\">VW CAMIONES Y BUSES CAMI\u00d3N 17.310 CAMI\u00d3N PESADO &#8211; CUMMINS 6CTAA 2004<\/span><\/h4>\n<ul>\n<li><span class=\"content-hidden expand\" style=\"color: #000000;\">VW CAMIONES Y BUSES CAMI\u00d3N 17.300 \/ 16.300 \/ 35.300 CAMI\u00d3N PESADO &#8211; CUMMINS 6CTAA 98<br \/>\nVW CAMIONES Y BUSES CAMI\u00d3N 26.260 \/ 24.220 \/ 24.650 (6X4) CAMI\u00d3N PESADO &#8211; CUMMINS 6CTAA 98<br \/>\nVW CAMIONES Y BUSES CAMI\u00d3N 16.220 CAMI\u00d3N SEMIPESADO &#8211; CUMMINS 6CTAA 98<br \/>\nVW CAMIONES Y BUSES CAMI\u00d3N 17.160 \/ 16.170BT CAMI\u00d3N SEMIPESADO &#8211; CUMMINS 6BTAA 1998<br \/>\nVW CAMIONES Y BUSES SERIE 2000 13.170 CAMI\u00d3N MEDIANO &#8211; CUMMINS 6BTAA 2000<br \/>\nVW CAMIONES Y BUSES SERIE 2000 15.160 \/ 14.170OT CAMI\u00d3N MEDIANO &#8211; CUMMINS 6BTAA 2000<br \/>\nVW CAMIONES Y BUSES SERIE 2000 15.170 CAMI\u00d3N MEDIANO TURBO POSTENFRIADO CUMMINS &#8211; 6BTAA 2000<br \/>\nVW CAMIONES Y BUSES SERIE 2000 17.210 CAMI\u00d3N SEMIPESADO &#8211; CUMMINS 6BTAA 2000<br \/>\nJOHN DEERE MODELO 8960 CUMMINS NT-855 14 LTS. HASTA N\u00b0 DE SERIE 1814 &#8211;<br \/>\nJOHN DEERE MODELO 8970 JOHN DEERE 10 LTS. &#8211;<br \/>\nFORD CARGO 1517 &#8211; CUMMINS 6BT 5.9 &#8211;<br \/>\nFORD CARGO 1722 &#8211; CUMMINS 6CTAA 2004<br \/>\nFORD CARGO C2626 TURBOALIMENTADO 8.270 &#8211; CUMMINS 6CTAA 2004<br \/>\nFORD CARGO 2631 C TURBOALIMENTADO 8.270 &#8211; CUMMINS 6CTAA 2004<br \/>\nVW CAMIONES Y BUSES CAMI\u00d3N 18.310 &#8211; CUMMINS 6CTAA 11\/2003<br \/>\nVW CAMIONES Y BUSES TITAN 18.310 &#8211; CUMMINS 6CTAA 8.3T 2000<br \/>\nVALMET 1180 CUMMINS SERIE B &#8211;<br \/>\nJOHN DEERE MODELO 8960 CUMMINS NT-855 14 LTS. DESDE N\u00b0 DE SERIE 1815 &#8211;<br \/>\nZANELLO MODELO 700 C CUMMINS NT-855 A &#8211;<\/span><\/li>\n<\/ul>\n<\/div>\n<\/div>\n<\/div>\n<\/section>\n<hr \/>\n<p><strong><a href=\"https:\/\/pldistribucion.com.ar\/web\/categoria-producto\/filtros\/tecfil\/\" target=\"_blank\" rel=\"noopener\"><span style=\"color: #000080;\">Ver m\u00e1s filtros TECFIL<\/span><\/a><\/strong><\/p>\n<p><span style=\"color: #000000;\">(TECFIL es una industria de Filtros Automotrices presente en el mercado hace m\u00e1s de 67 a\u00f1os. La empresa, fundada el 20 de marzo de 1953, se especializ\u00f3 en el segmento, convirti\u00e9ndose en la f\u00e1brica de filtros m\u00e1s grande de Am\u00e9rica Latina. )\u00a0<\/span><\/p>\n<p><strong><span style=\"color: #000080;\"><a style=\"color: #000080;\" href=\"https:\/\/www.tecfil.com.br\/quem-somos\/?lang=es\" target=\"_blank\" rel=\"noopener\">Conoce m\u00e1s sobre TECFIL<\/a><\/span><\/strong><\/p>\n","protected":false},"excerpt":{"rendered":"<p><img loading=\"lazy\" decoding=\"async\" class=\"alignnone wp-image-4775\" src=\"https:\/\/pldistribucion.com.ar\/web\/wp-content\/uploads\/descarga-6-e1656605433472-300x119.png\" alt=\"\" width=\"247\" height=\"98\" srcset=\"https:\/\/pldistribucion.com.ar\/web\/wp-content\/uploads\/descarga-6-e1656605433472-300x119.png 300w, https:\/\/pldistribucion.com.ar\/web\/wp-content\/uploads\/descarga-6-e1656605433472.png 560w\" sizes=\"(max-width: 247px) 100vw, 247px\" \/><\/p>\n<h2 style=\"text-align: left;\"><span style=\"font-size: 75%;\"><strong><a rel=\"noopener noreferrer\" href=\"https:\/\/performancelube.mercadoshops.com.ar\/MLA-1147035313-filtro-de-combustible-tecfil-psd9601-_JM#position=1&#038;search_layout=stack&#038;type=item&#038;tracking_id=bbc8064c-7b0a-4bdf-bbd3-38c8c93e73bd\" target=\"_blank\" class=\"button primary\"  >\n    <span>VER EN TIENDA ?<\/span>\n  <\/a>\n<span style=\"color: #69314d;\">\u00a0<\/span><\/strong><strong>\u00a0<\/strong><\/span><\/h2>\n<p>TECFIL es una industria de Filtros Automotrices presente en el mercado hace m\u00e1s de 67 a\u00f1os. La empresa, fundada el 20 de marzo de 1953, se especializ\u00f3 en el segmento, generando una\u00a0alta tecnolog\u00eda con m\u00e1quinas y laboratorios de \u00faltima generaci\u00f3n.<\/p>\n","protected":false},"featured_media":4967,"comment_status":"open","ping_status":"closed","template":"","meta":[],"product_cat":[19],"product_tag":[],"yoast_head":"<!-- This site is optimized with the Yoast SEO plugin v23.0 - https:\/\/yoast.com\/wordpress\/plugins\/seo\/ -->\n<title>TECFIL PSD960\/1 - Perfomance Lube - Filtros<\/title>\n<meta name=\"description\" content=\"Distribuidor de filtros TECFIL de diferentes aplicaciones. Env\u00edos a todo el pa\u00eds. Variedad de productos y stock disponible.\" \/>\n<meta name=\"robots\" content=\"index, follow, max-snippet:-1, max-image-preview:large, max-video-preview:-1\" \/>\n<link rel=\"canonical\" href=\"https:\/\/pldistribucion.com.ar\/web\/producto\/tecfil-psd960-1\/\" \/>\n<meta property=\"og:locale\" content=\"es_ES\" \/>\n<meta property=\"og:type\" content=\"article\" \/>\n<meta property=\"og:title\" content=\"TECFIL PSD960\/1 - Perfomance Lube - Filtros\" \/>\n<meta property=\"og:description\" content=\"Distribuidor de filtros TECFIL de diferentes aplicaciones. Env\u00edos a todo el pa\u00eds. Variedad de productos y stock disponible.\" \/>\n<meta property=\"og:url\" content=\"https:\/\/pldistribucion.com.ar\/web\/producto\/tecfil-psd960-1\/\" \/>\n<meta property=\"og:site_name\" content=\"Perfomance Lube\" \/>\n<meta property=\"og:image\" content=\"https:\/\/pldistribucion.com.ar\/web\/wp-content\/uploads\/PSD960-1A.jpg\" \/>\n\t<meta property=\"og:image:width\" content=\"800\" \/>\n\t<meta property=\"og:image:height\" content=\"600\" \/>\n\t<meta property=\"og:image:type\" content=\"image\/jpeg\" \/>\n<meta name=\"twitter:card\" content=\"summary_large_image\" \/>\n<meta name=\"twitter:label1\" content=\"Tiempo de lectura\" \/>\n\t<meta name=\"twitter:data1\" content=\"3 minutos\" \/>\n<script type=\"application\/ld+json\" class=\"yoast-schema-graph\">{\"@context\":\"https:\/\/schema.org\",\"@graph\":[{\"@type\":\"WebPage\",\"@id\":\"https:\/\/pldistribucion.com.ar\/web\/producto\/tecfil-psd960-1\/\",\"url\":\"https:\/\/pldistribucion.com.ar\/web\/producto\/tecfil-psd960-1\/\",\"name\":\"TECFIL PSD960\/1 - Perfomance Lube - Filtros\",\"isPartOf\":{\"@id\":\"https:\/\/pldistribucion.com.ar\/web\/#website\"},\"primaryImageOfPage\":{\"@id\":\"https:\/\/pldistribucion.com.ar\/web\/producto\/tecfil-psd960-1\/#primaryimage\"},\"image\":{\"@id\":\"https:\/\/pldistribucion.com.ar\/web\/producto\/tecfil-psd960-1\/#primaryimage\"},\"thumbnailUrl\":\"https:\/\/pldistribucion.com.ar\/web\/wp-content\/uploads\/PSD960-1A.jpg\",\"datePublished\":\"2022-07-15T15:23:10+00:00\",\"dateModified\":\"2022-07-15T15:23:10+00:00\",\"description\":\"Distribuidor de filtros TECFIL de diferentes aplicaciones. Env\u00edos a todo el pa\u00eds. Variedad de productos y stock disponible.\",\"breadcrumb\":{\"@id\":\"https:\/\/pldistribucion.com.ar\/web\/producto\/tecfil-psd960-1\/#breadcrumb\"},\"inLanguage\":\"es\",\"potentialAction\":[{\"@type\":\"ReadAction\",\"target\":[\"https:\/\/pldistribucion.com.ar\/web\/producto\/tecfil-psd960-1\/\"]}]},{\"@type\":\"ImageObject\",\"inLanguage\":\"es\",\"@id\":\"https:\/\/pldistribucion.com.ar\/web\/producto\/tecfil-psd960-1\/#primaryimage\",\"url\":\"https:\/\/pldistribucion.com.ar\/web\/wp-content\/uploads\/PSD960-1A.jpg\",\"contentUrl\":\"https:\/\/pldistribucion.com.ar\/web\/wp-content\/uploads\/PSD960-1A.jpg\",\"width\":800,\"height\":600,\"caption\":\"TECFIL PSD960\/1\"},{\"@type\":\"BreadcrumbList\",\"@id\":\"https:\/\/pldistribucion.com.ar\/web\/producto\/tecfil-psd960-1\/#breadcrumb\",\"itemListElement\":[{\"@type\":\"ListItem\",\"position\":1,\"name\":\"Portada\",\"item\":\"https:\/\/pldistribucion.com.ar\/web\/\"},{\"@type\":\"ListItem\",\"position\":2,\"name\":\"Productos\",\"item\":\"https:\/\/pldistribucion.com.ar\/web\/productos\/\"},{\"@type\":\"ListItem\",\"position\":3,\"name\":\"TECFIL PSD960\/1\"}]},{\"@type\":\"WebSite\",\"@id\":\"https:\/\/pldistribucion.com.ar\/web\/#website\",\"url\":\"https:\/\/pldistribucion.com.ar\/web\/\",\"name\":\"Perfomance Lube\",\"description\":\"\",\"publisher\":{\"@id\":\"https:\/\/pldistribucion.com.ar\/web\/#organization\"},\"potentialAction\":[{\"@type\":\"SearchAction\",\"target\":{\"@type\":\"EntryPoint\",\"urlTemplate\":\"https:\/\/pldistribucion.com.ar\/web\/?s={search_term_string}\"},\"query-input\":\"required name=search_term_string\"}],\"inLanguage\":\"es\"},{\"@type\":\"Organization\",\"@id\":\"https:\/\/pldistribucion.com.ar\/web\/#organization\",\"name\":\"PERFORMANCE LUBE\",\"url\":\"https:\/\/pldistribucion.com.ar\/web\/\",\"logo\":{\"@type\":\"ImageObject\",\"inLanguage\":\"es\",\"@id\":\"https:\/\/pldistribucion.com.ar\/web\/#\/schema\/logo\/image\/\",\"url\":\"https:\/\/pldistribucion.com.ar\/web\/wp-content\/uploads\/pld_logo_GB-removebg-preview.png\",\"contentUrl\":\"https:\/\/pldistribucion.com.ar\/web\/wp-content\/uploads\/pld_logo_GB-removebg-preview.png\",\"width\":787,\"height\":317,\"caption\":\"PERFORMANCE LUBE\"},\"image\":{\"@id\":\"https:\/\/pldistribucion.com.ar\/web\/#\/schema\/logo\/image\/\"}}]}<\/script>\n<!-- \/ Yoast SEO plugin. -->","yoast_head_json":{"title":"TECFIL PSD960\/1 - Perfomance Lube - Filtros","description":"Distribuidor de filtros TECFIL de diferentes aplicaciones. Env\u00edos a todo el pa\u00eds. Variedad de productos y stock disponible.","robots":{"index":"index","follow":"follow","max-snippet":"max-snippet:-1","max-image-preview":"max-image-preview:large","max-video-preview":"max-video-preview:-1"},"canonical":"https:\/\/pldistribucion.com.ar\/web\/producto\/tecfil-psd960-1\/","og_locale":"es_ES","og_type":"article","og_title":"TECFIL PSD960\/1 - Perfomance Lube - Filtros","og_description":"Distribuidor de filtros TECFIL de diferentes aplicaciones. Env\u00edos a todo el pa\u00eds. Variedad de productos y stock disponible.","og_url":"https:\/\/pldistribucion.com.ar\/web\/producto\/tecfil-psd960-1\/","og_site_name":"Perfomance Lube","og_image":[{"width":800,"height":600,"url":"https:\/\/pldistribucion.com.ar\/web\/wp-content\/uploads\/PSD960-1A.jpg","type":"image\/jpeg"}],"twitter_card":"summary_large_image","twitter_misc":{"Tiempo de lectura":"3 minutos"},"schema":{"@context":"https:\/\/schema.org","@graph":[{"@type":"WebPage","@id":"https:\/\/pldistribucion.com.ar\/web\/producto\/tecfil-psd960-1\/","url":"https:\/\/pldistribucion.com.ar\/web\/producto\/tecfil-psd960-1\/","name":"TECFIL PSD960\/1 - Perfomance Lube - Filtros","isPartOf":{"@id":"https:\/\/pldistribucion.com.ar\/web\/#website"},"primaryImageOfPage":{"@id":"https:\/\/pldistribucion.com.ar\/web\/producto\/tecfil-psd960-1\/#primaryimage"},"image":{"@id":"https:\/\/pldistribucion.com.ar\/web\/producto\/tecfil-psd960-1\/#primaryimage"},"thumbnailUrl":"https:\/\/pldistribucion.com.ar\/web\/wp-content\/uploads\/PSD960-1A.jpg","datePublished":"2022-07-15T15:23:10+00:00","dateModified":"2022-07-15T15:23:10+00:00","description":"Distribuidor de filtros TECFIL de diferentes aplicaciones. Env\u00edos a todo el pa\u00eds. Variedad de productos y stock disponible.","breadcrumb":{"@id":"https:\/\/pldistribucion.com.ar\/web\/producto\/tecfil-psd960-1\/#breadcrumb"},"inLanguage":"es","potentialAction":[{"@type":"ReadAction","target":["https:\/\/pldistribucion.com.ar\/web\/producto\/tecfil-psd960-1\/"]}]},{"@type":"ImageObject","inLanguage":"es","@id":"https:\/\/pldistribucion.com.ar\/web\/producto\/tecfil-psd960-1\/#primaryimage","url":"https:\/\/pldistribucion.com.ar\/web\/wp-content\/uploads\/PSD960-1A.jpg","contentUrl":"https:\/\/pldistribucion.com.ar\/web\/wp-content\/uploads\/PSD960-1A.jpg","width":800,"height":600,"caption":"TECFIL PSD960\/1"},{"@type":"BreadcrumbList","@id":"https:\/\/pldistribucion.com.ar\/web\/producto\/tecfil-psd960-1\/#breadcrumb","itemListElement":[{"@type":"ListItem","position":1,"name":"Portada","item":"https:\/\/pldistribucion.com.ar\/web\/"},{"@type":"ListItem","position":2,"name":"Productos","item":"https:\/\/pldistribucion.com.ar\/web\/productos\/"},{"@type":"ListItem","position":3,"name":"TECFIL PSD960\/1"}]},{"@type":"WebSite","@id":"https:\/\/pldistribucion.com.ar\/web\/#website","url":"https:\/\/pldistribucion.com.ar\/web\/","name":"Perfomance Lube","description":"","publisher":{"@id":"https:\/\/pldistribucion.com.ar\/web\/#organization"},"potentialAction":[{"@type":"SearchAction","target":{"@type":"EntryPoint","urlTemplate":"https:\/\/pldistribucion.com.ar\/web\/?s={search_term_string}"},"query-input":"required name=search_term_string"}],"inLanguage":"es"},{"@type":"Organization","@id":"https:\/\/pldistribucion.com.ar\/web\/#organization","name":"PERFORMANCE LUBE","url":"https:\/\/pldistribucion.com.ar\/web\/","logo":{"@type":"ImageObject","inLanguage":"es","@id":"https:\/\/pldistribucion.com.ar\/web\/#\/schema\/logo\/image\/","url":"https:\/\/pldistribucion.com.ar\/web\/wp-content\/uploads\/pld_logo_GB-removebg-preview.png","contentUrl":"https:\/\/pldistribucion.com.ar\/web\/wp-content\/uploads\/pld_logo_GB-removebg-preview.png","width":787,"height":317,"caption":"PERFORMANCE LUBE"},"image":{"@id":"https:\/\/pldistribucion.com.ar\/web\/#\/schema\/logo\/image\/"}}]}},"_links":{"self":[{"href":"https:\/\/pldistribucion.com.ar\/web\/wp-json\/wp\/v2\/product\/4966"}],"collection":[{"href":"https:\/\/pldistribucion.com.ar\/web\/wp-json\/wp\/v2\/product"}],"about":[{"href":"https:\/\/pldistribucion.com.ar\/web\/wp-json\/wp\/v2\/types\/product"}],"replies":[{"embeddable":true,"href":"https:\/\/pldistribucion.com.ar\/web\/wp-json\/wp\/v2\/comments?post=4966"}],"wp:featuredmedia":[{"embeddable":true,"href":"https:\/\/pldistribucion.com.ar\/web\/wp-json\/wp\/v2\/media\/4967"}],"wp:attachment":[{"href":"https:\/\/pldistribucion.com.ar\/web\/wp-json\/wp\/v2\/media?parent=4966"}],"wp:term":[{"taxonomy":"product_cat","embeddable":true,"href":"https:\/\/pldistribucion.com.ar\/web\/wp-json\/wp\/v2\/product_cat?post=4966"},{"taxonomy":"product_tag","embeddable":true,"href":"https:\/\/pldistribucion.com.ar\/web\/wp-json\/wp\/v2\/product_tag?post=4966"}],"curies":[{"name":"wp","href":"https:\/\/api.w.org\/{rel}","templated":true}]}}