{"id":4957,"date":"2022-07-15T13:51:27","date_gmt":"2022-07-15T13:51:27","guid":{"rendered":"https:\/\/pldistribucion.com.ar\/web\/?post_type=product&#038;p=4957"},"modified":"2022-07-15T14:15:06","modified_gmt":"2022-07-15T14:15:06","slug":"tecfil-pec3045","status":"publish","type":"product","link":"https:\/\/pldistribucion.com.ar\/web\/producto\/tecfil-pec3045\/","title":{"rendered":"TECFIL PEC3045"},"content":{"rendered":"<h1><strong><span style=\"font-size: 80%;\">TECFIL PEC3045 \/ FILTRO DE COMBUSTIBLE.<\/span><\/strong><\/h1>\n<p><strong>TECFIL PEC3045 \u27a2\u00a0<\/strong><\/p>\n<h3><span style=\"font-size: 16.128px; background-color: #91dff2;\"><b>ATRIBUTOS:<\/b><\/span><\/h3>\n<table class=\"table table-sm table-striped\" style=\"height: 242px;\" width=\"831\">\n<tbody>\n<tr class=\"ng-star-inserted\">\n<th class=\"ng-star-inserted\">Marca<\/th>\n<td class=\"ng-star-inserted\">Tecfil<\/td>\n<\/tr>\n<tr class=\"ng-star-inserted\">\n<th class=\"ng-star-inserted\">Filtro original<\/th>\n<td class=\"ng-star-inserted\">500054702<\/td>\n<\/tr>\n<tr class=\"ng-star-inserted\">\n<th class=\"ng-star-inserted\">\u00a0Funci\u00f3n del filtro<\/th>\n<td class=\"ng-star-inserted\">COMBUSTIBLE<\/td>\n<\/tr>\n<tr class=\"ng-star-inserted\">\n<th class=\"ng-star-inserted\">Filtrar elemento<\/th>\n<td class=\"ng-star-inserted\">sintetica<\/td>\n<\/tr>\n<tr class=\"ng-star-inserted\">\n<th class=\"ng-star-inserted\">Altura<\/th>\n<td class=\"ng-star-inserted\">165<\/td>\n<\/tr>\n<tr class=\"ng-star-inserted\">\n<th class=\"ng-star-inserted\">Di\u00e1metro externo compuesto<\/th>\n<td class=\"ng-star-inserted\">67,5<\/td>\n<\/tr>\n<tr class=\"ng-star-inserted\">\n<th class=\"ng-star-inserted\">Peso (kg)<\/th>\n<td class=\"ng-star-inserted\">0,15<\/td>\n<\/tr>\n<tr class=\"ng-star-inserted\">\n<th class=\"ng-star-inserted\">Peso Neto<\/th>\n<td class=\"ng-star-inserted\">0,1<\/td>\n<\/tr>\n<tr class=\"ng-star-inserted\">\n<th class=\"ng-star-inserted\">Observaci\u00f3n<\/th>\n<td class=\"ng-star-inserted\">Linea ecol\u00f3gica<\/td>\n<\/tr>\n<\/tbody>\n<\/table>\n<h3><span style=\"background-color: #91dff2; font-size: 80%;\"><strong>EQUIVALENCIAS :<\/strong><\/span><\/h3>\n<table class=\"table applicationPartTablePDP \" style=\"height: 53px;\" width=\"754\">\n<thead>\n<tr>\n<th class=\"col-lg-2 crossReferencemanufactureName\" data-sortcolumn=\"manufactureNameSortableValue\"><span style=\"color: #000000;\">&#8211;<\/span><\/th>\n<th class=\"col-lg-2 crossReferencemanufacturePartNumber\"><span style=\"color: #000000;\">&#8211;<\/span><\/th>\n<\/tr>\n<\/thead>\n<tbody>\n<tr class=\"parentRows greyColor\" data-target=\".ManufacturerName_0\">\n<td class=\"searchCrossRef\" data-manufacturer=\"Nombre del fabricante\">\n<div class=\"block-table\"><span style=\"color: #000000;\">WEGA<\/span><br \/>\n<span style=\"color: #000000;\">FCD-0778<\/span><\/div>\n<p><span style=\"color: #000000;\">\u00a0<\/span><\/p>\n<div class=\"block-table\"><span style=\"color: #000000;\">MANN<\/span><br \/>\n<span style=\"color: #000000;\">PU 7004Z<\/span><\/div>\n<p><span style=\"color: #000000;\">\u00a0<\/span><\/p>\n<div class=\"block-table\"><span style=\"color: #000000;\">OEM<\/span><br \/>\n<span style=\"color: #000000;\">ML239124<\/span><\/div>\n<p><span style=\"color: #000000;\">\u00a0<\/span><\/p>\n<div class=\"block-table\"><span style=\"color: #000000;\">OEM<\/span><br \/>\n<span style=\"color: #000000;\">5801354114<\/span><\/div>\n<p><span style=\"color: #000000;\">\u00a0<\/span><\/p>\n<div class=\"block-table\"><span style=\"color: #000000;\">OEM<\/span><br \/>\n<span style=\"color: #000000;\">500054702<\/span><\/div>\n<\/td>\n<td class=\"searchCrossRef\" data-manufacturepartnumber=\"N\u00b0 de pieza del fabricante\">\n<div class=\"block-table\"><span style=\"color: #000000;\">OEM<\/span><br \/>\n<span style=\"color: #000000;\">MK667920<\/span><\/div>\n<p><span style=\"color: #000000;\">\u00a0<\/span><\/p>\n<div class=\"block-table\"><span style=\"color: #000000;\">OEM<\/span><br \/>\n<span style=\"color: #000000;\">500086009<\/span><\/div>\n<p><span style=\"color: #000000;\">\u00a0<\/span><\/p>\n<div class=\"block-table\"><span style=\"color: #000000;\">TECFIL<\/span><br \/>\n<span style=\"color: #000000;\">PEC3045<\/span><\/div>\n<p><span style=\"color: #000000;\">\u00a0<\/span><\/p>\n<div class=\"block-table\"><span style=\"color: #000000;\">MARENO<\/span><br \/>\n<span style=\"color: #000000;\">MC043<\/span><\/div>\n<p><span style=\"color: #000000;\">\u00a0<\/span><\/p>\n<div class=\"block-table\"><span style=\"color: #000000;\">SAKURA<\/span><br \/>\n<span style=\"color: #000000;\">EF10050<\/span><\/div>\n<\/td>\n<\/tr>\n<\/tbody>\n<\/table>\n<h3><span style=\"background-color: #91dff2; font-size: 80%;\"><strong>APLICACIONES:\u00a0<\/strong><\/span><\/h3>\n<ul>\n<li><span style=\"color: #000000;\">IVECO DAILY 35S14 &#8211; 3,0D 16V 2013\u00a0<\/span><\/li>\n<\/ul>\n<hr \/>\n<p><strong><a href=\"https:\/\/pldistribucion.com.ar\/web\/categoria-producto\/filtros\/tecfil\/\" target=\"_blank\" rel=\"noopener\"><span style=\"color: #000080;\">Ver m\u00e1s filtros TECFIL<\/span><\/a><\/strong><\/p>\n<p><span style=\"color: #000000;\">(TECFIL es una industria de Filtros Automotrices presente en el mercado hace m\u00e1s de 67 a\u00f1os. La empresa, fundada el 20 de marzo de 1953, se especializ\u00f3 en el segmento, convirti\u00e9ndose en la f\u00e1brica de filtros m\u00e1s grande de Am\u00e9rica Latina. )\u00a0<\/span><\/p>\n<p><strong><span style=\"color: #000080;\"><a style=\"color: #000080;\" href=\"https:\/\/www.tecfil.com.br\/quem-somos\/?lang=es\" target=\"_blank\" rel=\"noopener\">Conoce m\u00e1s sobre TECFIL<\/a><\/span><\/strong><\/p>\n","protected":false},"excerpt":{"rendered":"<p><img loading=\"lazy\" decoding=\"async\" class=\"alignnone wp-image-4775\" src=\"https:\/\/pldistribucion.com.ar\/web\/wp-content\/uploads\/descarga-6-e1656605433472-300x119.png\" alt=\"\" width=\"247\" height=\"98\" srcset=\"https:\/\/pldistribucion.com.ar\/web\/wp-content\/uploads\/descarga-6-e1656605433472-300x119.png 300w, https:\/\/pldistribucion.com.ar\/web\/wp-content\/uploads\/descarga-6-e1656605433472.png 560w\" sizes=\"(max-width: 247px) 100vw, 247px\" \/><\/p>\n<h2 style=\"text-align: left;\"><span style=\"font-size: 75%;\"><strong><a rel=\"noopener noreferrer\" href=\"https:\/\/performancelube.mercadoshops.com.ar\/MLA-1147040455-filtro-de-combustible-iveco-daily-tecfil-pec3045-_JM#position=1&#038;search_layout=stack&#038;type=item&#038;tracking_id=de8a7e86-d6a0-4ddd-a2eb-2604d1e4f9b8#position=1&#038;search_layout=stack&#038;type=item&#038;tracking_id=bbc8064c-7b0a-4bdf-bbd3-38c8c93e73bd\" target=\"_blank\" class=\"button primary\"  >\n    <span>VER EN TIENDA ?<\/span>\n  <\/a>\n<span style=\"color: #69314d;\">\u00a0<\/span><\/strong><strong>\u00a0<\/strong><\/span><\/h2>\n<p>TECFIL es una industria de Filtros Automotrices presente en el mercado hace m\u00e1s de 67 a\u00f1os. La empresa, fundada el 20 de marzo de 1953, se especializ\u00f3 en el segmento, generando una\u00a0alta tecnolog\u00eda con m\u00e1quinas y laboratorios de \u00faltima generaci\u00f3n.<\/p>\n","protected":false},"featured_media":4958,"comment_status":"open","ping_status":"closed","template":"","meta":[],"product_cat":[19],"product_tag":[],"yoast_head":"<!-- This site is optimized with the Yoast SEO plugin v23.0 - https:\/\/yoast.com\/wordpress\/plugins\/seo\/ -->\n<title>TECFIL PEC3045 - Perfomance Lube - Filtros<\/title>\n<meta name=\"description\" content=\"Distribuidor de filtros TECFIL de diferentes aplicaciones. Env\u00edos a todo el pa\u00eds. Variedad de productos y stock disponible.TECFIL PEC3045\" \/>\n<meta name=\"robots\" content=\"index, follow, max-snippet:-1, max-image-preview:large, max-video-preview:-1\" \/>\n<link rel=\"canonical\" href=\"https:\/\/pldistribucion.com.ar\/web\/producto\/tecfil-pec3045\/\" \/>\n<meta property=\"og:locale\" content=\"es_ES\" \/>\n<meta property=\"og:type\" content=\"article\" \/>\n<meta property=\"og:title\" content=\"TECFIL PEC3045 - Perfomance Lube - Filtros\" \/>\n<meta property=\"og:description\" content=\"Distribuidor de filtros TECFIL de diferentes aplicaciones. Env\u00edos a todo el pa\u00eds. Variedad de productos y stock disponible.TECFIL PEC3045\" \/>\n<meta property=\"og:url\" content=\"https:\/\/pldistribucion.com.ar\/web\/producto\/tecfil-pec3045\/\" \/>\n<meta property=\"og:site_name\" content=\"Perfomance Lube\" \/>\n<meta property=\"article:modified_time\" content=\"2022-07-15T14:15:06+00:00\" \/>\n<meta property=\"og:image\" content=\"https:\/\/pldistribucion.com.ar\/web\/wp-content\/uploads\/PEC3045A.jpg\" \/>\n\t<meta property=\"og:image:width\" content=\"800\" \/>\n\t<meta property=\"og:image:height\" content=\"600\" \/>\n\t<meta property=\"og:image:type\" content=\"image\/jpeg\" \/>\n<meta name=\"twitter:card\" content=\"summary_large_image\" \/>\n<meta name=\"twitter:label1\" content=\"Tiempo de lectura\" \/>\n\t<meta name=\"twitter:data1\" content=\"1 minuto\" \/>\n<script type=\"application\/ld+json\" class=\"yoast-schema-graph\">{\"@context\":\"https:\/\/schema.org\",\"@graph\":[{\"@type\":\"WebPage\",\"@id\":\"https:\/\/pldistribucion.com.ar\/web\/producto\/tecfil-pec3045\/\",\"url\":\"https:\/\/pldistribucion.com.ar\/web\/producto\/tecfil-pec3045\/\",\"name\":\"TECFIL PEC3045 - Perfomance Lube - Filtros\",\"isPartOf\":{\"@id\":\"https:\/\/pldistribucion.com.ar\/web\/#website\"},\"primaryImageOfPage\":{\"@id\":\"https:\/\/pldistribucion.com.ar\/web\/producto\/tecfil-pec3045\/#primaryimage\"},\"image\":{\"@id\":\"https:\/\/pldistribucion.com.ar\/web\/producto\/tecfil-pec3045\/#primaryimage\"},\"thumbnailUrl\":\"https:\/\/pldistribucion.com.ar\/web\/wp-content\/uploads\/PEC3045A.jpg\",\"datePublished\":\"2022-07-15T13:51:27+00:00\",\"dateModified\":\"2022-07-15T14:15:06+00:00\",\"description\":\"Distribuidor de filtros TECFIL de diferentes aplicaciones. Env\u00edos a todo el pa\u00eds. Variedad de productos y stock disponible.TECFIL PEC3045\",\"breadcrumb\":{\"@id\":\"https:\/\/pldistribucion.com.ar\/web\/producto\/tecfil-pec3045\/#breadcrumb\"},\"inLanguage\":\"es\",\"potentialAction\":[{\"@type\":\"ReadAction\",\"target\":[\"https:\/\/pldistribucion.com.ar\/web\/producto\/tecfil-pec3045\/\"]}]},{\"@type\":\"ImageObject\",\"inLanguage\":\"es\",\"@id\":\"https:\/\/pldistribucion.com.ar\/web\/producto\/tecfil-pec3045\/#primaryimage\",\"url\":\"https:\/\/pldistribucion.com.ar\/web\/wp-content\/uploads\/PEC3045A.jpg\",\"contentUrl\":\"https:\/\/pldistribucion.com.ar\/web\/wp-content\/uploads\/PEC3045A.jpg\",\"width\":800,\"height\":600,\"caption\":\"TECFIL PEC3045\"},{\"@type\":\"BreadcrumbList\",\"@id\":\"https:\/\/pldistribucion.com.ar\/web\/producto\/tecfil-pec3045\/#breadcrumb\",\"itemListElement\":[{\"@type\":\"ListItem\",\"position\":1,\"name\":\"Portada\",\"item\":\"https:\/\/pldistribucion.com.ar\/web\/\"},{\"@type\":\"ListItem\",\"position\":2,\"name\":\"Productos\",\"item\":\"https:\/\/pldistribucion.com.ar\/web\/productos\/\"},{\"@type\":\"ListItem\",\"position\":3,\"name\":\"TECFIL PEC3045\"}]},{\"@type\":\"WebSite\",\"@id\":\"https:\/\/pldistribucion.com.ar\/web\/#website\",\"url\":\"https:\/\/pldistribucion.com.ar\/web\/\",\"name\":\"Perfomance Lube\",\"description\":\"\",\"publisher\":{\"@id\":\"https:\/\/pldistribucion.com.ar\/web\/#organization\"},\"potentialAction\":[{\"@type\":\"SearchAction\",\"target\":{\"@type\":\"EntryPoint\",\"urlTemplate\":\"https:\/\/pldistribucion.com.ar\/web\/?s={search_term_string}\"},\"query-input\":\"required name=search_term_string\"}],\"inLanguage\":\"es\"},{\"@type\":\"Organization\",\"@id\":\"https:\/\/pldistribucion.com.ar\/web\/#organization\",\"name\":\"PERFORMANCE LUBE\",\"url\":\"https:\/\/pldistribucion.com.ar\/web\/\",\"logo\":{\"@type\":\"ImageObject\",\"inLanguage\":\"es\",\"@id\":\"https:\/\/pldistribucion.com.ar\/web\/#\/schema\/logo\/image\/\",\"url\":\"https:\/\/pldistribucion.com.ar\/web\/wp-content\/uploads\/pld_logo_GB-removebg-preview.png\",\"contentUrl\":\"https:\/\/pldistribucion.com.ar\/web\/wp-content\/uploads\/pld_logo_GB-removebg-preview.png\",\"width\":787,\"height\":317,\"caption\":\"PERFORMANCE LUBE\"},\"image\":{\"@id\":\"https:\/\/pldistribucion.com.ar\/web\/#\/schema\/logo\/image\/\"}}]}<\/script>\n<!-- \/ Yoast SEO plugin. -->","yoast_head_json":{"title":"TECFIL PEC3045 - Perfomance Lube - Filtros","description":"Distribuidor de filtros TECFIL de diferentes aplicaciones. Env\u00edos a todo el pa\u00eds. Variedad de productos y stock disponible.TECFIL PEC3045","robots":{"index":"index","follow":"follow","max-snippet":"max-snippet:-1","max-image-preview":"max-image-preview:large","max-video-preview":"max-video-preview:-1"},"canonical":"https:\/\/pldistribucion.com.ar\/web\/producto\/tecfil-pec3045\/","og_locale":"es_ES","og_type":"article","og_title":"TECFIL PEC3045 - Perfomance Lube - Filtros","og_description":"Distribuidor de filtros TECFIL de diferentes aplicaciones. Env\u00edos a todo el pa\u00eds. Variedad de productos y stock disponible.TECFIL PEC3045","og_url":"https:\/\/pldistribucion.com.ar\/web\/producto\/tecfil-pec3045\/","og_site_name":"Perfomance Lube","article_modified_time":"2022-07-15T14:15:06+00:00","og_image":[{"width":800,"height":600,"url":"https:\/\/pldistribucion.com.ar\/web\/wp-content\/uploads\/PEC3045A.jpg","type":"image\/jpeg"}],"twitter_card":"summary_large_image","twitter_misc":{"Tiempo de lectura":"1 minuto"},"schema":{"@context":"https:\/\/schema.org","@graph":[{"@type":"WebPage","@id":"https:\/\/pldistribucion.com.ar\/web\/producto\/tecfil-pec3045\/","url":"https:\/\/pldistribucion.com.ar\/web\/producto\/tecfil-pec3045\/","name":"TECFIL PEC3045 - Perfomance Lube - Filtros","isPartOf":{"@id":"https:\/\/pldistribucion.com.ar\/web\/#website"},"primaryImageOfPage":{"@id":"https:\/\/pldistribucion.com.ar\/web\/producto\/tecfil-pec3045\/#primaryimage"},"image":{"@id":"https:\/\/pldistribucion.com.ar\/web\/producto\/tecfil-pec3045\/#primaryimage"},"thumbnailUrl":"https:\/\/pldistribucion.com.ar\/web\/wp-content\/uploads\/PEC3045A.jpg","datePublished":"2022-07-15T13:51:27+00:00","dateModified":"2022-07-15T14:15:06+00:00","description":"Distribuidor de filtros TECFIL de diferentes aplicaciones. Env\u00edos a todo el pa\u00eds. Variedad de productos y stock disponible.TECFIL PEC3045","breadcrumb":{"@id":"https:\/\/pldistribucion.com.ar\/web\/producto\/tecfil-pec3045\/#breadcrumb"},"inLanguage":"es","potentialAction":[{"@type":"ReadAction","target":["https:\/\/pldistribucion.com.ar\/web\/producto\/tecfil-pec3045\/"]}]},{"@type":"ImageObject","inLanguage":"es","@id":"https:\/\/pldistribucion.com.ar\/web\/producto\/tecfil-pec3045\/#primaryimage","url":"https:\/\/pldistribucion.com.ar\/web\/wp-content\/uploads\/PEC3045A.jpg","contentUrl":"https:\/\/pldistribucion.com.ar\/web\/wp-content\/uploads\/PEC3045A.jpg","width":800,"height":600,"caption":"TECFIL PEC3045"},{"@type":"BreadcrumbList","@id":"https:\/\/pldistribucion.com.ar\/web\/producto\/tecfil-pec3045\/#breadcrumb","itemListElement":[{"@type":"ListItem","position":1,"name":"Portada","item":"https:\/\/pldistribucion.com.ar\/web\/"},{"@type":"ListItem","position":2,"name":"Productos","item":"https:\/\/pldistribucion.com.ar\/web\/productos\/"},{"@type":"ListItem","position":3,"name":"TECFIL PEC3045"}]},{"@type":"WebSite","@id":"https:\/\/pldistribucion.com.ar\/web\/#website","url":"https:\/\/pldistribucion.com.ar\/web\/","name":"Perfomance Lube","description":"","publisher":{"@id":"https:\/\/pldistribucion.com.ar\/web\/#organization"},"potentialAction":[{"@type":"SearchAction","target":{"@type":"EntryPoint","urlTemplate":"https:\/\/pldistribucion.com.ar\/web\/?s={search_term_string}"},"query-input":"required name=search_term_string"}],"inLanguage":"es"},{"@type":"Organization","@id":"https:\/\/pldistribucion.com.ar\/web\/#organization","name":"PERFORMANCE LUBE","url":"https:\/\/pldistribucion.com.ar\/web\/","logo":{"@type":"ImageObject","inLanguage":"es","@id":"https:\/\/pldistribucion.com.ar\/web\/#\/schema\/logo\/image\/","url":"https:\/\/pldistribucion.com.ar\/web\/wp-content\/uploads\/pld_logo_GB-removebg-preview.png","contentUrl":"https:\/\/pldistribucion.com.ar\/web\/wp-content\/uploads\/pld_logo_GB-removebg-preview.png","width":787,"height":317,"caption":"PERFORMANCE LUBE"},"image":{"@id":"https:\/\/pldistribucion.com.ar\/web\/#\/schema\/logo\/image\/"}}]}},"_links":{"self":[{"href":"https:\/\/pldistribucion.com.ar\/web\/wp-json\/wp\/v2\/product\/4957"}],"collection":[{"href":"https:\/\/pldistribucion.com.ar\/web\/wp-json\/wp\/v2\/product"}],"about":[{"href":"https:\/\/pldistribucion.com.ar\/web\/wp-json\/wp\/v2\/types\/product"}],"replies":[{"embeddable":true,"href":"https:\/\/pldistribucion.com.ar\/web\/wp-json\/wp\/v2\/comments?post=4957"}],"wp:featuredmedia":[{"embeddable":true,"href":"https:\/\/pldistribucion.com.ar\/web\/wp-json\/wp\/v2\/media\/4958"}],"wp:attachment":[{"href":"https:\/\/pldistribucion.com.ar\/web\/wp-json\/wp\/v2\/media?parent=4957"}],"wp:term":[{"taxonomy":"product_cat","embeddable":true,"href":"https:\/\/pldistribucion.com.ar\/web\/wp-json\/wp\/v2\/product_cat?post=4957"},{"taxonomy":"product_tag","embeddable":true,"href":"https:\/\/pldistribucion.com.ar\/web\/wp-json\/wp\/v2\/product_tag?post=4957"}],"curies":[{"name":"wp","href":"https:\/\/api.w.org\/{rel}","templated":true}]}}