{"id":4919,"date":"2022-07-14T11:45:17","date_gmt":"2022-07-14T11:45:17","guid":{"rendered":"https:\/\/pldistribucion.com.ar\/web\/?post_type=product&#038;p=4919"},"modified":"2022-07-14T12:04:36","modified_gmt":"2022-07-14T12:04:36","slug":"tecfil-psl156","status":"publish","type":"product","link":"https:\/\/pldistribucion.com.ar\/web\/producto\/tecfil-psl156\/","title":{"rendered":"TECFIL PSL156"},"content":{"rendered":"<h1><span style=\"font-size: 80%;\"><strong>TECFIL PSL156 \/ FILTRO DE ACEITE.<\/strong><\/span><\/h1>\n<p><strong>TECFIL PSL156 \u27a2\u00a0<\/strong><\/p>\n<h3><span style=\"font-size: 16.128px; background-color: #91dff2;\"><b>ATRIBUTOS:<\/b><\/span><\/h3>\n<table class=\"table table-sm table-striped\" style=\"height: 242px;\" width=\"831\">\n<tbody>\n<tr class=\"ng-star-inserted\">\n<th class=\"ng-star-inserted\">Marca<\/th>\n<td class=\"ng-star-inserted\">Tecfil<\/td>\n<\/tr>\n<tr class=\"ng-star-inserted\">\n<th class=\"ng-star-inserted\">Filtro original<\/th>\n<td class=\"ng-star-inserted\">71713782<\/td>\n<\/tr>\n<tr class=\"ng-star-inserted\">\n<th class=\"ng-star-inserted\">\u00a0Funci\u00f3n del filtro<\/th>\n<td class=\"ng-star-inserted\">LUBRICANTE<\/td>\n<\/tr>\n<tr class=\"ng-star-inserted\">\n<th class=\"ng-star-inserted\">Filtrar elemento<\/th>\n<td class=\"ng-star-inserted\">Papel<\/td>\n<\/tr>\n<tr class=\"ng-star-inserted\">\n<th class=\"ng-star-inserted\">Altura<\/th>\n<td class=\"ng-star-inserted\">145,5<\/td>\n<\/tr>\n<tr class=\"ng-star-inserted\">\n<th class=\"ng-star-inserted\">Di\u00e1metro externo compuesto<\/th>\n<td class=\"ng-star-inserted\">109<\/td>\n<\/tr>\n<tr class=\"ng-star-inserted\">\n<th class=\"ng-star-inserted\">Peso (kg)<\/th>\n<td class=\"ng-star-inserted\">1,007<\/td>\n<\/tr>\n<tr class=\"ng-star-inserted\">\n<th class=\"ng-star-inserted\">Peso Neto<\/th>\n<td class=\"ng-star-inserted\">0,93<\/td>\n<\/tr>\n<tr class=\"ng-star-inserted\">\n<th class=\"ng-star-inserted\">Filtrar tornillo<\/th>\n<td class=\"ng-star-inserted\">3\/4&#8243; X 16UNF-2B<\/td>\n<\/tr>\n<\/tbody>\n<\/table>\n<h3><span style=\"background-color: #91dff2; font-size: 80%;\"><strong>EQUIVALENCIAS :<\/strong><\/span><\/h3>\n<table class=\"table applicationPartTablePDP \" style=\"height: 53px;\" width=\"754\">\n<thead>\n<tr>\n<th class=\"col-lg-2 crossReferencemanufactureName\" data-sortcolumn=\"manufactureNameSortableValue\">&#8211;<\/th>\n<th class=\"col-lg-2 crossReferencemanufacturePartNumber\">&#8211;<\/th>\n<\/tr>\n<\/thead>\n<tbody>\n<tr class=\"parentRows greyColor\" data-target=\".ManufacturerName_0\">\n<td class=\"searchCrossRef\" data-manufacturer=\"Nombre del fabricante\">\n<div class=\"block-table\"><span style=\"color: #000000;\">WEGA<\/span><br \/>\n<span style=\"color: #000000;\">WO-330<\/span><\/div>\n<div><\/div>\n<div class=\"block-table\"><span style=\"color: #000000;\">FRAM<\/span><br \/>\n<span style=\"color: #000000;\">PH 4847A<\/span><\/div>\n<div><\/div>\n<div class=\"block-table\"><span style=\"color: #000000;\">FRAM<\/span><br \/>\n<span style=\"color: #000000;\">PH 5102<\/span><\/div>\n<div><\/div>\n<div class=\"block-table\"><span style=\"color: #000000;\">MANN<\/span><br \/>\n<span style=\"color: #000000;\">WP 1144<\/span><\/div>\n<div><\/div>\n<div class=\"block-table\"><span style=\"color: #000000;\">MANN<\/span><br \/>\n<span style=\"color: #000000;\">WP 940\/4<\/span><\/div>\n<div><\/div>\n<div class=\"block-table\"><span style=\"color: #000000;\">OEM<\/span><br \/>\n<span style=\"color: #000000;\">1902076<\/span><\/div>\n<div><\/div>\n<div class=\"block-table\"><span style=\"color: #000000;\">OEM<\/span><br \/>\n<span style=\"color: #000000;\">1903628<\/span><\/div>\n<div><\/div>\n<div class=\"block-table\"><span style=\"color: #000000;\">OEM<\/span><br \/>\n<span style=\"color: #000000;\">50035134<\/span><\/div>\n<div><\/div>\n<div class=\"block-table\"><span style=\"color: #000000;\">OEM<\/span><br \/>\n<span style=\"color: #000000;\">71713782<\/span><\/div>\n<div><\/div>\n<div class=\"block-table\"><span style=\"color: #000000;\">OEM<\/span><br \/>\n<span style=\"color: #000000;\">71718765<\/span><\/div>\n<div><\/div>\n<div class=\"block-table\"><span style=\"color: #000000;\">OEM<\/span><br \/>\n<span style=\"color: #000000;\">71739634<\/span><\/div>\n<div><\/div>\n<div class=\"block-table\"><span style=\"color: #000000;\">BALDWIN<\/span><br \/>\n<span style=\"color: #000000;\">BT267<\/span><\/div>\n<div><\/div>\n<div class=\"block-table\"><span style=\"color: #000000;\">FLEETGUARD<\/span><br \/>\n<span style=\"color: #000000;\">LF3481<\/span><\/div>\n<div><\/div>\n<div class=\"block-table\"><span style=\"color: #000000;\">FAMEL<\/span><br \/>\n<span style=\"color: #000000;\">F 113N<\/span><\/div>\n<div><\/div>\n<div class=\"block-table\"><span style=\"color: #000000;\">MONZA<\/span><br \/>\n<span style=\"color: #000000;\">AL 37<\/span><\/div>\n<\/td>\n<td class=\"searchCrossRef\" data-manufacturepartnumber=\"N\u00b0 de pieza del fabricante\">\n<div class=\"block-table\"><span style=\"color: #000000;\">HASTING<\/span><br \/>\n<span style=\"color: #000000;\">H2012D<\/span><\/div>\n<div><\/div>\n<div class=\"block-table\"><span style=\"color: #000000;\">TECFIL<\/span><\/div>\n<div class=\"block-table\"><span style=\"color: #000000;\">PSL156<\/span><\/div>\n<div><\/div>\n<div class=\"block-table\"><span style=\"color: #000000;\">LANSS<\/span><br \/>\n<span style=\"color: #000000;\">BL 2122<\/span><\/div>\n<div><\/div>\n<div class=\"block-table\"><span style=\"color: #000000;\">MASTERFILT<\/span><br \/>\n<span style=\"color: #000000;\">MAP 160<\/span><\/div>\n<div><\/div>\n<div class=\"block-table\"><span style=\"color: #000000;\">MARENO<\/span><br \/>\n<span style=\"color: #000000;\">ML306<\/span><\/div>\n<div><\/div>\n<div class=\"block-table\"><span style=\"color: #000000;\">FILTREX<\/span><br \/>\n<span style=\"color: #000000;\">FA 63<\/span><\/div>\n<div><\/div>\n<div class=\"block-table\"><span style=\"color: #000000;\">ERCIF<\/span><br \/>\n<span style=\"color: #000000;\">R 355<\/span><\/div>\n<div><\/div>\n<div class=\"block-table\"><span style=\"color: #000000;\">RUTAFIL<\/span><br \/>\n<span style=\"color: #000000;\">LS 268<\/span><\/div>\n<div><\/div>\n<div class=\"block-table\"><span style=\"color: #000000;\">LUBER FINER<\/span><br \/>\n<span style=\"color: #000000;\">LFP 3411<\/span><\/div>\n<div><\/div>\n<div class=\"block-table\"><span style=\"color: #000000;\">DONALDSON<\/span><br \/>\n<span style=\"color: #000000;\">P 553411<\/span><\/div>\n<div><\/div>\n<div class=\"block-table\"><span style=\"color: #000000;\">WIX<\/span><br \/>\n<span style=\"color: #000000;\">WL7160<\/span><\/div>\n<div><\/div>\n<div>\n<div class=\"block-table\"><span style=\"color: #000000;\">BOSCH<\/span><br \/>\n<span style=\"color: #000000;\">0986B01001<\/span><\/div>\n<div><\/div>\n<div class=\"block-table\"><span style=\"color: #000000;\">PUROLATOR<\/span><br \/>\n<span style=\"color: #000000;\">L 30022<\/span><\/div>\n<div><\/div>\n<div>\n<div class=\"block-table\"><span style=\"color: #000000;\">TECNECO<\/span><br \/>\n<span style=\"color: #000000;\">OLD3003<\/span><\/div>\n<\/div>\n<\/div>\n<\/td>\n<\/tr>\n<\/tbody>\n<\/table>\n<div class=\"block-table\"><\/div>\n<h3><span style=\"background-color: #91dff2; font-size: 80%;\"><strong>APLICACIONES:\u00a0<\/strong><\/span><\/h3>\n<ul>\n<li><span style=\"color: #000000;\">IVECO 150 E &#8211; 160 E<\/span><br \/>\n<span style=\"color: #000000;\">CITROEN JUMPER 2,8 D 130CV 2000 \u2192<\/span><br \/>\n<span style=\"color: #000000;\">FIAT DUCATO 2,5 D 8V 84CV 96 &#8211; 99<\/span><br \/>\n<span style=\"color: #000000;\">FIAT DUCATO 2,5 TDI 94 &#8211; 02<\/span><br \/>\n<span style=\"color: #000000;\">FIAT DUCATO 2,8 D 8V 90CV 99 \u2192<\/span><br \/>\n<span style=\"color: #000000;\">FIAT DUCATO 2,8 D 8V 103CV 2004 \u2192<\/span><br \/>\n<span style=\"color: #000000;\">FIAT DUCATO 2,8 JTD 146CV 2004 &#8211; 2006<\/span><br \/>\n<span style=\"color: #000000;\">PEUGEOT BOXER 2,8 HDI 2000 \u2192<\/span><\/p>\n<h4><span style=\"color: #000000;\">PEUGEOT BOXER 2,8 HDI 2004\u00a0<\/span><\/h4>\n<\/li>\n<li class=\"aplicaciones\"><span class=\"content-hidden expand\"><span style=\"color: #000000;\">RENAULT MASTER 2,8 TD 8V 115CV (59U) 2004 \u2192<\/span><br \/>\n<span style=\"color: #000000;\">RENAULT MASTER 2,8 TD 8V 115CV 2001 \u2192<\/span><br \/>\n<span style=\"color: #000000;\">RENAULT MASTER 2,5 D 80CV (58U) 98 \u2192<\/span><br \/>\n<span style=\"color: #000000;\">RENAULT MASTER 2,8 TD 8V 115CV (59U) 98 \u2192<\/span><br \/>\n<span style=\"color: #000000;\">RENAULT LAGUNA RT &#8211; 2,2I D G8T 95 \u2192<\/span><br \/>\n<span style=\"color: #000000;\">FIAT DUCATO 2,8 JTD 8V 130CV 2007 \u2192<\/span><br \/>\n<span style=\"color: #000000;\">PEUGEOT BOXER 2,8 HDI 2007 \u2192<\/span><br \/>\n<span style=\"color: #000000;\">IVECO EURO CARGO 90E14 &#8211; TDI 4.0 &#8211;<\/span><br \/>\n<span style=\"color: #000000;\">IVECO EURO CARGO 120E15 1997\u2192<\/span><br \/>\n<span style=\"color: #000000;\">IVECO EURO CARGO 120E15 &#8211; TURBO INTERCOOLER 1997 \u2192<\/span><br \/>\n<span style=\"color: #000000;\">IVECO EURO CARGO 140E18 1997 \u2192<\/span><br \/>\n<span style=\"color: #000000;\">IVECO EURO CARGO 150E18 TURBO &#8211; IVECO 8060-25V 5.9 1998\u2192<\/span><br \/>\n<span style=\"color: #000000;\">IVECO EURO CARGO 150E20 TURBO &#8211; TURBOINTERCOOLER 1997 \u2192<\/span><br \/>\n<span style=\"color: #000000;\">IVECO EURO CARGO 160E21 TURBOCOOLER &#8211; IVECO 8060-45V 5.9 98\u2192<\/span><br \/>\n<span style=\"color: #000000;\">IVECO EURO CARGO 160E23 &#8211; TURBO INTERCOOLER 1997\u2192<\/span><br \/>\n<span style=\"color: #000000;\">IVECO EURO CARGO 160E24 &#8211;<\/span><br \/>\n<span style=\"color: #000000;\">IVECO EURO CARGO 170E21 \/ 170E21T &#8211; TURBODIESEL INTERCOOLER MWM 6.0 TCA 2004\u2192<\/span><br \/>\n<span style=\"color: #000000;\">IVECO EURO CARGO 320E18 &#8211;<\/span><br \/>\n<span style=\"color: #000000;\">IVECO EURO CARGO II 170E21T &#8211; MWM TCA 6.0 2004 \u2192<\/span><br \/>\n<span style=\"color: #000000;\">IVECO EURO CARGO II 170E21 &#8211; MWM TCA 6.0 2004 \u2192<\/span><br \/>\n<span style=\"color: #000000;\">IVECO DAILY 35.10 &#8211; TURBO 8140.23 96 &#8211; 02<\/span><br \/>\n<\/span><\/li>\n<\/ul>\n<h4><span class=\"content-hidden expand\"><span style=\"color: #000000;\">IVECO DAILY 35.10 2002\u2192<\/span><\/span><\/h4>\n<ul>\n<li><span class=\"content-hidden expand\"><span class=\"content-hidden expand\"><span style=\"color: #000000;\">IVECO DAILY 35.10 2005\u2192<\/span><br \/>\n<span style=\"color: #000000;\">IVECO DAILY 35.10 &#8211; V &#8211; IVECO 8140.47R 96 \u2192 99<\/span><br \/>\n<span style=\"color: #000000;\">IVECO DAILY 35.10 &#8211; V &#8211; IVECO 8140.47R 96 \u2192 99<\/span><br \/>\n<span style=\"color: #000000;\">IVECO DAILY 35.10 &#8211; V &#8211; IVECO 8140.47R 96\u00a0 99<\/span><br \/>\n<span style=\"color: #000000;\">IVECO DAILY 38.13 2005\u00a0<\/span><br \/>\n<span style=\"color: #000000;\">IVECO DAILY 40.12 &#8211; TURBO 8140.43 96 &#8211; 99<\/span><br \/>\n<span style=\"color: #000000;\">IVECO DAILY 40.13 2005<\/span><br \/>\n<span style=\"color: #000000;\">IVECO DAILY 49.10 &#8211; TURBO 8140.23 96 -02<\/span><br \/>\n<span style=\"color: #000000;\">IVECO DAILY 49.10 2002\u00a0<\/span><br \/>\n<span style=\"color: #000000;\">IVECO DAILY 49.12 &#8211; TURBO 8140.43 96 -99<\/span><br \/>\n<span style=\"color: #000000;\">IVECO DAILY 50.13 2003\u00a0<\/span><br \/>\n<span style=\"color: #000000;\">IVECO DAILY 59.12 &#8211; TURBO 8140.43 96 &#8211; 99<\/span><br \/>\n<span style=\"color: #000000;\">IVECO DAILY 59.12 &#8211; SCUDATO 2003\u00a0<\/span><br \/>\n<span style=\"color: #000000;\">IVECO DAILY 59.12 &#8211; TURBO 8140.43 2003\u00a0<\/span><br \/>\n<span style=\"color: #000000;\">IVECO DAILY 60.13 2003\u00a0<\/span><br \/>\n<span style=\"color: #000000;\">IVECO DAILY 70.13 2005\u00a0<\/span><br \/>\n<span style=\"color: #000000;\">IVECO DAILY III 59.12 &#8211; 2,8I DIRECTA TURBOALIMENTADO INTERCOOLER 2003\u00a0<\/span><br \/>\n<span style=\"color: #000000;\">IVECO DAILY III 70.12 &#8211; 8140.43 2003\u00a0<\/span><\/span><\/span><\/li>\n<\/ul>\n<hr \/>\n<p><strong><a href=\"https:\/\/pldistribucion.com.ar\/web\/categoria-producto\/filtros\/tecfil\/\" target=\"_blank\" rel=\"noopener\"><span style=\"color: #000080;\">Ver m\u00e1s filtros TECFIL<\/span><\/a><\/strong><\/p>\n<p><span style=\"color: #000000;\">(TECFIL es una industria de Filtros Automotrices presente en el mercado hace m\u00e1s de 67 a\u00f1os. La empresa, fundada el 20 de marzo de 1953, se especializ\u00f3 en el segmento, convirti\u00e9ndose en la f\u00e1brica de filtros m\u00e1s grande de Am\u00e9rica Latina. )\u00a0<\/span><\/p>\n<p><strong><span style=\"color: #000080;\"><a style=\"color: #000080;\" href=\"https:\/\/www.tecfil.com.br\/quem-somos\/?lang=es\" target=\"_blank\" rel=\"noopener\">Conoce m\u00e1s sobre TECFIL<\/a><\/span><\/strong><\/p>\n","protected":false},"excerpt":{"rendered":"<p><img loading=\"lazy\" decoding=\"async\" class=\"alignnone wp-image-4775\" src=\"https:\/\/pldistribucion.com.ar\/web\/wp-content\/uploads\/descarga-6-e1656605433472-300x119.png\" alt=\"\" width=\"247\" height=\"98\" srcset=\"https:\/\/pldistribucion.com.ar\/web\/wp-content\/uploads\/descarga-6-e1656605433472-300x119.png 300w, https:\/\/pldistribucion.com.ar\/web\/wp-content\/uploads\/descarga-6-e1656605433472.png 560w\" sizes=\"(max-width: 247px) 100vw, 247px\" \/><\/p>\n<h2 style=\"text-align: left;\"><span style=\"font-size: 75%;\"><strong><a rel=\"noopener noreferrer\" href=\"https:\/\/performancelube.mercadoshops.com.ar\/MLA-1146861887-filtro-de-aceite-tecfil-psl156-wo-330-_JM#position=1&#038;search_layout=stack&#038;type=item&#038;tracking_id=bbc8064c-7b0a-4bdf-bbd3-38c8c93e73bd\" target=\"_blank\" class=\"button primary\"  >\n    <span>VER EN TIENDA ?<\/span>\n  <\/a>\n<span style=\"color: #69314d;\">\u00a0<\/span><\/strong><strong>\u00a0<\/strong><\/span><\/h2>\n<p>TECFIL es una industria de Filtros Automotrices presente en el mercado hace m\u00e1s de 67 a\u00f1os. La empresa, fundada el 20 de marzo de 1953, se especializ\u00f3 en el segmento, generando una\u00a0alta tecnolog\u00eda con m\u00e1quinas y laboratorios de \u00faltima generaci\u00f3n.<\/p>\n","protected":false},"featured_media":4920,"comment_status":"open","ping_status":"closed","template":"","meta":[],"product_cat":[19],"product_tag":[],"yoast_head":"<!-- This site is optimized with the Yoast SEO plugin v23.0 - https:\/\/yoast.com\/wordpress\/plugins\/seo\/ -->\n<title>TECFIL PSL156 - Perfomance Lube - Filtros<\/title>\n<meta name=\"description\" content=\"Distribuidor de filtros TECFIL de diferentes aplicaciones. Env\u00edos a todo el pa\u00eds. Variedad de productos y stock disponible.\" \/>\n<meta name=\"robots\" content=\"index, follow, max-snippet:-1, max-image-preview:large, max-video-preview:-1\" \/>\n<link rel=\"canonical\" href=\"https:\/\/pldistribucion.com.ar\/web\/producto\/tecfil-psl156\/\" \/>\n<meta property=\"og:locale\" content=\"es_ES\" \/>\n<meta property=\"og:type\" content=\"article\" \/>\n<meta property=\"og:title\" content=\"TECFIL PSL156 - Perfomance Lube - Filtros\" \/>\n<meta property=\"og:description\" content=\"Distribuidor de filtros TECFIL de diferentes aplicaciones. Env\u00edos a todo el pa\u00eds. Variedad de productos y stock disponible.\" \/>\n<meta property=\"og:url\" content=\"https:\/\/pldistribucion.com.ar\/web\/producto\/tecfil-psl156\/\" \/>\n<meta property=\"og:site_name\" content=\"Perfomance Lube\" \/>\n<meta property=\"article:modified_time\" content=\"2022-07-14T12:04:36+00:00\" \/>\n<meta property=\"og:image\" content=\"https:\/\/pldistribucion.com.ar\/web\/wp-content\/uploads\/PSL156A.jpg\" \/>\n\t<meta property=\"og:image:width\" content=\"800\" \/>\n\t<meta property=\"og:image:height\" content=\"600\" \/>\n\t<meta property=\"og:image:type\" content=\"image\/jpeg\" \/>\n<meta name=\"twitter:card\" content=\"summary_large_image\" \/>\n<meta name=\"twitter:label1\" content=\"Tiempo de lectura\" \/>\n\t<meta name=\"twitter:data1\" content=\"3 minutos\" \/>\n<script type=\"application\/ld+json\" class=\"yoast-schema-graph\">{\"@context\":\"https:\/\/schema.org\",\"@graph\":[{\"@type\":\"WebPage\",\"@id\":\"https:\/\/pldistribucion.com.ar\/web\/producto\/tecfil-psl156\/\",\"url\":\"https:\/\/pldistribucion.com.ar\/web\/producto\/tecfil-psl156\/\",\"name\":\"TECFIL PSL156 - Perfomance Lube - Filtros\",\"isPartOf\":{\"@id\":\"https:\/\/pldistribucion.com.ar\/web\/#website\"},\"primaryImageOfPage\":{\"@id\":\"https:\/\/pldistribucion.com.ar\/web\/producto\/tecfil-psl156\/#primaryimage\"},\"image\":{\"@id\":\"https:\/\/pldistribucion.com.ar\/web\/producto\/tecfil-psl156\/#primaryimage\"},\"thumbnailUrl\":\"https:\/\/pldistribucion.com.ar\/web\/wp-content\/uploads\/PSL156A.jpg\",\"datePublished\":\"2022-07-14T11:45:17+00:00\",\"dateModified\":\"2022-07-14T12:04:36+00:00\",\"description\":\"Distribuidor de filtros TECFIL de diferentes aplicaciones. Env\u00edos a todo el pa\u00eds. Variedad de productos y stock disponible.\",\"breadcrumb\":{\"@id\":\"https:\/\/pldistribucion.com.ar\/web\/producto\/tecfil-psl156\/#breadcrumb\"},\"inLanguage\":\"es\",\"potentialAction\":[{\"@type\":\"ReadAction\",\"target\":[\"https:\/\/pldistribucion.com.ar\/web\/producto\/tecfil-psl156\/\"]}]},{\"@type\":\"ImageObject\",\"inLanguage\":\"es\",\"@id\":\"https:\/\/pldistribucion.com.ar\/web\/producto\/tecfil-psl156\/#primaryimage\",\"url\":\"https:\/\/pldistribucion.com.ar\/web\/wp-content\/uploads\/PSL156A.jpg\",\"contentUrl\":\"https:\/\/pldistribucion.com.ar\/web\/wp-content\/uploads\/PSL156A.jpg\",\"width\":800,\"height\":600,\"caption\":\"TECFIL PSL156\"},{\"@type\":\"BreadcrumbList\",\"@id\":\"https:\/\/pldistribucion.com.ar\/web\/producto\/tecfil-psl156\/#breadcrumb\",\"itemListElement\":[{\"@type\":\"ListItem\",\"position\":1,\"name\":\"Portada\",\"item\":\"https:\/\/pldistribucion.com.ar\/web\/\"},{\"@type\":\"ListItem\",\"position\":2,\"name\":\"Productos\",\"item\":\"https:\/\/pldistribucion.com.ar\/web\/productos\/\"},{\"@type\":\"ListItem\",\"position\":3,\"name\":\"TECFIL PSL156\"}]},{\"@type\":\"WebSite\",\"@id\":\"https:\/\/pldistribucion.com.ar\/web\/#website\",\"url\":\"https:\/\/pldistribucion.com.ar\/web\/\",\"name\":\"Perfomance Lube\",\"description\":\"\",\"publisher\":{\"@id\":\"https:\/\/pldistribucion.com.ar\/web\/#organization\"},\"potentialAction\":[{\"@type\":\"SearchAction\",\"target\":{\"@type\":\"EntryPoint\",\"urlTemplate\":\"https:\/\/pldistribucion.com.ar\/web\/?s={search_term_string}\"},\"query-input\":\"required name=search_term_string\"}],\"inLanguage\":\"es\"},{\"@type\":\"Organization\",\"@id\":\"https:\/\/pldistribucion.com.ar\/web\/#organization\",\"name\":\"PERFORMANCE LUBE\",\"url\":\"https:\/\/pldistribucion.com.ar\/web\/\",\"logo\":{\"@type\":\"ImageObject\",\"inLanguage\":\"es\",\"@id\":\"https:\/\/pldistribucion.com.ar\/web\/#\/schema\/logo\/image\/\",\"url\":\"https:\/\/pldistribucion.com.ar\/web\/wp-content\/uploads\/pld_logo_GB-removebg-preview.png\",\"contentUrl\":\"https:\/\/pldistribucion.com.ar\/web\/wp-content\/uploads\/pld_logo_GB-removebg-preview.png\",\"width\":787,\"height\":317,\"caption\":\"PERFORMANCE LUBE\"},\"image\":{\"@id\":\"https:\/\/pldistribucion.com.ar\/web\/#\/schema\/logo\/image\/\"}}]}<\/script>\n<!-- \/ Yoast SEO plugin. -->","yoast_head_json":{"title":"TECFIL PSL156 - Perfomance Lube - Filtros","description":"Distribuidor de filtros TECFIL de diferentes aplicaciones. Env\u00edos a todo el pa\u00eds. Variedad de productos y stock disponible.","robots":{"index":"index","follow":"follow","max-snippet":"max-snippet:-1","max-image-preview":"max-image-preview:large","max-video-preview":"max-video-preview:-1"},"canonical":"https:\/\/pldistribucion.com.ar\/web\/producto\/tecfil-psl156\/","og_locale":"es_ES","og_type":"article","og_title":"TECFIL PSL156 - Perfomance Lube - Filtros","og_description":"Distribuidor de filtros TECFIL de diferentes aplicaciones. Env\u00edos a todo el pa\u00eds. Variedad de productos y stock disponible.","og_url":"https:\/\/pldistribucion.com.ar\/web\/producto\/tecfil-psl156\/","og_site_name":"Perfomance Lube","article_modified_time":"2022-07-14T12:04:36+00:00","og_image":[{"width":800,"height":600,"url":"https:\/\/pldistribucion.com.ar\/web\/wp-content\/uploads\/PSL156A.jpg","type":"image\/jpeg"}],"twitter_card":"summary_large_image","twitter_misc":{"Tiempo de lectura":"3 minutos"},"schema":{"@context":"https:\/\/schema.org","@graph":[{"@type":"WebPage","@id":"https:\/\/pldistribucion.com.ar\/web\/producto\/tecfil-psl156\/","url":"https:\/\/pldistribucion.com.ar\/web\/producto\/tecfil-psl156\/","name":"TECFIL PSL156 - Perfomance Lube - Filtros","isPartOf":{"@id":"https:\/\/pldistribucion.com.ar\/web\/#website"},"primaryImageOfPage":{"@id":"https:\/\/pldistribucion.com.ar\/web\/producto\/tecfil-psl156\/#primaryimage"},"image":{"@id":"https:\/\/pldistribucion.com.ar\/web\/producto\/tecfil-psl156\/#primaryimage"},"thumbnailUrl":"https:\/\/pldistribucion.com.ar\/web\/wp-content\/uploads\/PSL156A.jpg","datePublished":"2022-07-14T11:45:17+00:00","dateModified":"2022-07-14T12:04:36+00:00","description":"Distribuidor de filtros TECFIL de diferentes aplicaciones. Env\u00edos a todo el pa\u00eds. Variedad de productos y stock disponible.","breadcrumb":{"@id":"https:\/\/pldistribucion.com.ar\/web\/producto\/tecfil-psl156\/#breadcrumb"},"inLanguage":"es","potentialAction":[{"@type":"ReadAction","target":["https:\/\/pldistribucion.com.ar\/web\/producto\/tecfil-psl156\/"]}]},{"@type":"ImageObject","inLanguage":"es","@id":"https:\/\/pldistribucion.com.ar\/web\/producto\/tecfil-psl156\/#primaryimage","url":"https:\/\/pldistribucion.com.ar\/web\/wp-content\/uploads\/PSL156A.jpg","contentUrl":"https:\/\/pldistribucion.com.ar\/web\/wp-content\/uploads\/PSL156A.jpg","width":800,"height":600,"caption":"TECFIL PSL156"},{"@type":"BreadcrumbList","@id":"https:\/\/pldistribucion.com.ar\/web\/producto\/tecfil-psl156\/#breadcrumb","itemListElement":[{"@type":"ListItem","position":1,"name":"Portada","item":"https:\/\/pldistribucion.com.ar\/web\/"},{"@type":"ListItem","position":2,"name":"Productos","item":"https:\/\/pldistribucion.com.ar\/web\/productos\/"},{"@type":"ListItem","position":3,"name":"TECFIL PSL156"}]},{"@type":"WebSite","@id":"https:\/\/pldistribucion.com.ar\/web\/#website","url":"https:\/\/pldistribucion.com.ar\/web\/","name":"Perfomance Lube","description":"","publisher":{"@id":"https:\/\/pldistribucion.com.ar\/web\/#organization"},"potentialAction":[{"@type":"SearchAction","target":{"@type":"EntryPoint","urlTemplate":"https:\/\/pldistribucion.com.ar\/web\/?s={search_term_string}"},"query-input":"required name=search_term_string"}],"inLanguage":"es"},{"@type":"Organization","@id":"https:\/\/pldistribucion.com.ar\/web\/#organization","name":"PERFORMANCE LUBE","url":"https:\/\/pldistribucion.com.ar\/web\/","logo":{"@type":"ImageObject","inLanguage":"es","@id":"https:\/\/pldistribucion.com.ar\/web\/#\/schema\/logo\/image\/","url":"https:\/\/pldistribucion.com.ar\/web\/wp-content\/uploads\/pld_logo_GB-removebg-preview.png","contentUrl":"https:\/\/pldistribucion.com.ar\/web\/wp-content\/uploads\/pld_logo_GB-removebg-preview.png","width":787,"height":317,"caption":"PERFORMANCE LUBE"},"image":{"@id":"https:\/\/pldistribucion.com.ar\/web\/#\/schema\/logo\/image\/"}}]}},"_links":{"self":[{"href":"https:\/\/pldistribucion.com.ar\/web\/wp-json\/wp\/v2\/product\/4919"}],"collection":[{"href":"https:\/\/pldistribucion.com.ar\/web\/wp-json\/wp\/v2\/product"}],"about":[{"href":"https:\/\/pldistribucion.com.ar\/web\/wp-json\/wp\/v2\/types\/product"}],"replies":[{"embeddable":true,"href":"https:\/\/pldistribucion.com.ar\/web\/wp-json\/wp\/v2\/comments?post=4919"}],"wp:featuredmedia":[{"embeddable":true,"href":"https:\/\/pldistribucion.com.ar\/web\/wp-json\/wp\/v2\/media\/4920"}],"wp:attachment":[{"href":"https:\/\/pldistribucion.com.ar\/web\/wp-json\/wp\/v2\/media?parent=4919"}],"wp:term":[{"taxonomy":"product_cat","embeddable":true,"href":"https:\/\/pldistribucion.com.ar\/web\/wp-json\/wp\/v2\/product_cat?post=4919"},{"taxonomy":"product_tag","embeddable":true,"href":"https:\/\/pldistribucion.com.ar\/web\/wp-json\/wp\/v2\/product_tag?post=4919"}],"curies":[{"name":"wp","href":"https:\/\/api.w.org\/{rel}","templated":true}]}}