{"id":4877,"date":"2022-07-12T14:42:01","date_gmt":"2022-07-12T14:42:01","guid":{"rendered":"https:\/\/pldistribucion.com.ar\/web\/?post_type=product&#038;p=4877"},"modified":"2024-01-15T15:25:17","modified_gmt":"2024-01-15T15:25:17","slug":"urkem-solucion-urea-325-x1000l","status":"publish","type":"product","link":"https:\/\/pldistribucion.com.ar\/web\/producto\/urkem-solucion-urea-325-x1000l\/","title":{"rendered":"URKEM UREA LIQUIDA 32,5 x1000L"},"content":{"rendered":"<h1><span style=\"font-size: 80%;\"><strong>URKEM UREA LIQUIDA 32,5 x1000L\u00a0&#8211; Reduce la contaminaci\u00f3n emitida por tu motor.<\/strong><\/span><\/h1>\n<h3><span style=\"font-size: 80%; background-color: #7dbdb8;\"><strong>DESCRIPCI\u00d3N DEL PRODUCTO<\/strong><\/span><\/h3>\n<p><span style=\"color: #000000;\">URKEM UREA LIQUIDA 32,5 x1000L &#8211;<\/span><\/p>\n<p><span style=\"color: #000000;\">Es un producto generado por la disolucion de urea grado automotriz y agua Bi -Desmineralizada que requieren camiones y \u00f3mnibus con sistema de Reducci\u00f3n Catalitica Selectiva. (SCR)\u00a0<\/span><\/p>\n<h3><span style=\"font-size: 16.128px; background-color: #7dbdb8;\"><b>CARACTER\u00cdSTICAS Y BENEFICIOS<\/b><\/span><\/h3>\n<ul>\n<li><span style=\"color: #000000;\">Urea 32,5%<\/span><\/li>\n<li><span style=\"color: #000000;\">Solucion liquida de Urea grado automotriz en agua al 32,5 en peso.<\/span><\/li>\n<li><span style=\"color: #000000;\">Para motores diesel pesados.<\/span><\/li>\n<li><span style=\"color: #000000;\">Reduce emisiones de \u00d3xidos de Nitr\u00f3geno. (NOx)<\/span><\/li>\n<li><span style=\"color: #000000;\">No es t\u00f3xico, inflamable ni explosivo.\u00a0<\/span><\/li>\n<li><span style=\"color: #000000;\">Parametros de calidad regulados segun las normas ISO 22241.<\/span><\/li>\n<li><span style=\"color: #000000;\">Producto listo para usarse de facil aplicaci\u00f3n.<\/span><\/li>\n<li><span style=\"color: #000000;\">Vida \u00fatil de 12 mese aprox.<\/span><\/li>\n<li><span style=\"color: #000000;\">No esta clasificado como material peligroso, ni para las personas ni para el medio ambiente.<\/span><\/li>\n<\/ul>\n<h3><span style=\"font-size: 16.128px; background-color: #7dbdb8;\"><b>PRESENTACI\u00d3N<\/b><\/span><\/h3>\n<ul>\n<li><span style=\"color: #000000;\">A granel.<\/span><\/li>\n<li><span style=\"color: #000000;\">En IBC x 1000L.<\/span><\/li>\n<\/ul>\n<h3><span style=\"font-size: 16.128px; background-color: #7dbdb8;\"><b>APLICACIONES<\/b><\/span><\/h3>\n<p><span style=\"color: #000000;\">Se puede utilizar para todos los camiones y \u00f3mnibus que utilicen EuroV con tecnolog\u00eda SCR.<\/span><\/p>\n<hr \/>\n<p><span style=\"color: #000080;\"><strong><a style=\"color: #000080;\" href=\"https:\/\/pldistribucion.com.ar\/web\/wp-content\/uploads\/BA22-00106_0000011980-nci-508800-1.pdf\" target=\"_blank\" rel=\"noopener\">ANALISIS DE CALIDAD del producto<\/a><\/strong><\/span><\/p>\n<p>La\u00a0<b>urea<\/b>\u00a0para\u00a0<b>camiones<\/b>, o AUS32, es una soluci\u00f3n l\u00edquida, no t\u00f3xica, compuesta de nitr\u00f3geno que se convierte en amoniaco con la ayuda del calor. Esta mezcla neutraliza las part\u00edculas nocivas de \u00f3xido de nitr\u00f3geno que emiten los motores di\u00e9sel y las convierte en nitr\u00f3geno y H2O (vapor)<\/p>\n<p><strong><span style=\"color: #000080;\"><a style=\"color: #000080;\" href=\"https:\/\/pldistribucion.com.ar\/web\/categoria-producto\/urea-liquida\/\" target=\"_blank\" rel=\"noopener\">Ver m\u00e1s UREA<\/a><\/span><\/strong><\/p>\n","protected":false},"excerpt":{"rendered":"<p><img loading=\"lazy\" decoding=\"async\" class=\"alignnone size-medium wp-image-4879\" src=\"https:\/\/pldistribucion.com.ar\/web\/wp-content\/uploads\/Sin-titulo-6-300x99.png\" alt=\"\" width=\"300\" height=\"99\" srcset=\"https:\/\/pldistribucion.com.ar\/web\/wp-content\/uploads\/Sin-titulo-6-300x99.png 300w, https:\/\/pldistribucion.com.ar\/web\/wp-content\/uploads\/Sin-titulo-6.png 480w\" sizes=\"(max-width: 300px) 100vw, 300px\" \/><\/p>\n<h2 style=\"text-align: left;\"><span style=\"font-size: 75%;\"><strong><a rel=\"noopener noreferrer\" href=\"https:\/\/performancelube.mercadoshops.com.ar\/MLA-1146713158-urea-liquida-automotriz-325-x1000l-urkem-sin-envase-_JM#position=1&#038;search_layout=stack&#038;type=item&#038;tracking_id=bbc8064c-7b0a-4bdf-bbd3-38c8c93e73bd\" target=\"_blank\" class=\"button primary\"  >\n    <span>VER EN TIENDA ?<\/span>\n  <\/a>\n<span style=\"color: #69314d;\">\u00a0<\/span><\/strong><strong>\u00a0<\/strong><\/span><\/h2>\n","protected":false},"featured_media":4881,"comment_status":"open","ping_status":"closed","template":"","meta":[],"product_cat":[32],"product_tag":[],"yoast_head":"<!-- This site is optimized with the Yoast SEO plugin v23.0 - https:\/\/yoast.com\/wordpress\/plugins\/seo\/ -->\n<title>URKEM UREA LIQUIDA 32,5 x1000L - Perfomance Lube - Urea<\/title>\n<meta name=\"description\" content=\"Distribuidor de Urea URKEM de diferentes aplicaciones. Env\u00edos a todo el pa\u00eds. Variedad de productos y stock disponible. URKEM UREA LIQUIDA\" \/>\n<meta name=\"robots\" content=\"index, follow, max-snippet:-1, max-image-preview:large, max-video-preview:-1\" \/>\n<link rel=\"canonical\" href=\"https:\/\/pldistribucion.com.ar\/web\/producto\/urkem-solucion-urea-325-x1000l\/\" \/>\n<meta property=\"og:locale\" content=\"es_ES\" \/>\n<meta property=\"og:type\" content=\"article\" \/>\n<meta property=\"og:title\" content=\"URKEM UREA LIQUIDA 32,5 x1000L - Perfomance Lube - Urea\" \/>\n<meta property=\"og:description\" content=\"Distribuidor de Urea URKEM de diferentes aplicaciones. Env\u00edos a todo el pa\u00eds. Variedad de productos y stock disponible. URKEM UREA LIQUIDA\" \/>\n<meta property=\"og:url\" content=\"https:\/\/pldistribucion.com.ar\/web\/producto\/urkem-solucion-urea-325-x1000l\/\" \/>\n<meta property=\"og:site_name\" content=\"Perfomance Lube\" \/>\n<meta property=\"article:modified_time\" content=\"2024-01-15T15:25:17+00:00\" \/>\n<meta property=\"og:image\" content=\"https:\/\/pldistribucion.com.ar\/web\/wp-content\/uploads\/Sin-titulo-8.png\" \/>\n\t<meta property=\"og:image:width\" content=\"461\" \/>\n\t<meta property=\"og:image:height\" content=\"438\" \/>\n\t<meta property=\"og:image:type\" content=\"image\/png\" \/>\n<meta name=\"twitter:card\" content=\"summary_large_image\" \/>\n<meta name=\"twitter:label1\" content=\"Tiempo de lectura\" \/>\n\t<meta name=\"twitter:data1\" content=\"1 minuto\" \/>\n<script type=\"application\/ld+json\" class=\"yoast-schema-graph\">{\"@context\":\"https:\/\/schema.org\",\"@graph\":[{\"@type\":\"WebPage\",\"@id\":\"https:\/\/pldistribucion.com.ar\/web\/producto\/urkem-solucion-urea-325-x1000l\/\",\"url\":\"https:\/\/pldistribucion.com.ar\/web\/producto\/urkem-solucion-urea-325-x1000l\/\",\"name\":\"URKEM UREA LIQUIDA 32,5 x1000L - Perfomance Lube - Urea\",\"isPartOf\":{\"@id\":\"https:\/\/pldistribucion.com.ar\/web\/#website\"},\"primaryImageOfPage\":{\"@id\":\"https:\/\/pldistribucion.com.ar\/web\/producto\/urkem-solucion-urea-325-x1000l\/#primaryimage\"},\"image\":{\"@id\":\"https:\/\/pldistribucion.com.ar\/web\/producto\/urkem-solucion-urea-325-x1000l\/#primaryimage\"},\"thumbnailUrl\":\"https:\/\/pldistribucion.com.ar\/web\/wp-content\/uploads\/Sin-titulo-8.png\",\"datePublished\":\"2022-07-12T14:42:01+00:00\",\"dateModified\":\"2024-01-15T15:25:17+00:00\",\"description\":\"Distribuidor de Urea URKEM de diferentes aplicaciones. Env\u00edos a todo el pa\u00eds. Variedad de productos y stock disponible. URKEM UREA LIQUIDA\",\"breadcrumb\":{\"@id\":\"https:\/\/pldistribucion.com.ar\/web\/producto\/urkem-solucion-urea-325-x1000l\/#breadcrumb\"},\"inLanguage\":\"es\",\"potentialAction\":[{\"@type\":\"ReadAction\",\"target\":[\"https:\/\/pldistribucion.com.ar\/web\/producto\/urkem-solucion-urea-325-x1000l\/\"]}]},{\"@type\":\"ImageObject\",\"inLanguage\":\"es\",\"@id\":\"https:\/\/pldistribucion.com.ar\/web\/producto\/urkem-solucion-urea-325-x1000l\/#primaryimage\",\"url\":\"https:\/\/pldistribucion.com.ar\/web\/wp-content\/uploads\/Sin-titulo-8.png\",\"contentUrl\":\"https:\/\/pldistribucion.com.ar\/web\/wp-content\/uploads\/Sin-titulo-8.png\",\"width\":461,\"height\":438,\"caption\":\"URKEM SOLUCION UREA\"},{\"@type\":\"BreadcrumbList\",\"@id\":\"https:\/\/pldistribucion.com.ar\/web\/producto\/urkem-solucion-urea-325-x1000l\/#breadcrumb\",\"itemListElement\":[{\"@type\":\"ListItem\",\"position\":1,\"name\":\"Portada\",\"item\":\"https:\/\/pldistribucion.com.ar\/web\/\"},{\"@type\":\"ListItem\",\"position\":2,\"name\":\"Productos\",\"item\":\"https:\/\/pldistribucion.com.ar\/web\/productos\/\"},{\"@type\":\"ListItem\",\"position\":3,\"name\":\"URKEM UREA LIQUIDA 32,5 x1000L\"}]},{\"@type\":\"WebSite\",\"@id\":\"https:\/\/pldistribucion.com.ar\/web\/#website\",\"url\":\"https:\/\/pldistribucion.com.ar\/web\/\",\"name\":\"Perfomance Lube\",\"description\":\"\",\"publisher\":{\"@id\":\"https:\/\/pldistribucion.com.ar\/web\/#organization\"},\"potentialAction\":[{\"@type\":\"SearchAction\",\"target\":{\"@type\":\"EntryPoint\",\"urlTemplate\":\"https:\/\/pldistribucion.com.ar\/web\/?s={search_term_string}\"},\"query-input\":\"required name=search_term_string\"}],\"inLanguage\":\"es\"},{\"@type\":\"Organization\",\"@id\":\"https:\/\/pldistribucion.com.ar\/web\/#organization\",\"name\":\"PERFORMANCE LUBE\",\"url\":\"https:\/\/pldistribucion.com.ar\/web\/\",\"logo\":{\"@type\":\"ImageObject\",\"inLanguage\":\"es\",\"@id\":\"https:\/\/pldistribucion.com.ar\/web\/#\/schema\/logo\/image\/\",\"url\":\"https:\/\/pldistribucion.com.ar\/web\/wp-content\/uploads\/pld_logo_GB-removebg-preview.png\",\"contentUrl\":\"https:\/\/pldistribucion.com.ar\/web\/wp-content\/uploads\/pld_logo_GB-removebg-preview.png\",\"width\":787,\"height\":317,\"caption\":\"PERFORMANCE LUBE\"},\"image\":{\"@id\":\"https:\/\/pldistribucion.com.ar\/web\/#\/schema\/logo\/image\/\"}}]}<\/script>\n<!-- \/ Yoast SEO plugin. -->","yoast_head_json":{"title":"URKEM UREA LIQUIDA 32,5 x1000L - Perfomance Lube - Urea","description":"Distribuidor de Urea URKEM de diferentes aplicaciones. Env\u00edos a todo el pa\u00eds. Variedad de productos y stock disponible. URKEM UREA LIQUIDA","robots":{"index":"index","follow":"follow","max-snippet":"max-snippet:-1","max-image-preview":"max-image-preview:large","max-video-preview":"max-video-preview:-1"},"canonical":"https:\/\/pldistribucion.com.ar\/web\/producto\/urkem-solucion-urea-325-x1000l\/","og_locale":"es_ES","og_type":"article","og_title":"URKEM UREA LIQUIDA 32,5 x1000L - Perfomance Lube - Urea","og_description":"Distribuidor de Urea URKEM de diferentes aplicaciones. Env\u00edos a todo el pa\u00eds. Variedad de productos y stock disponible. URKEM UREA LIQUIDA","og_url":"https:\/\/pldistribucion.com.ar\/web\/producto\/urkem-solucion-urea-325-x1000l\/","og_site_name":"Perfomance Lube","article_modified_time":"2024-01-15T15:25:17+00:00","og_image":[{"width":461,"height":438,"url":"https:\/\/pldistribucion.com.ar\/web\/wp-content\/uploads\/Sin-titulo-8.png","type":"image\/png"}],"twitter_card":"summary_large_image","twitter_misc":{"Tiempo de lectura":"1 minuto"},"schema":{"@context":"https:\/\/schema.org","@graph":[{"@type":"WebPage","@id":"https:\/\/pldistribucion.com.ar\/web\/producto\/urkem-solucion-urea-325-x1000l\/","url":"https:\/\/pldistribucion.com.ar\/web\/producto\/urkem-solucion-urea-325-x1000l\/","name":"URKEM UREA LIQUIDA 32,5 x1000L - Perfomance Lube - Urea","isPartOf":{"@id":"https:\/\/pldistribucion.com.ar\/web\/#website"},"primaryImageOfPage":{"@id":"https:\/\/pldistribucion.com.ar\/web\/producto\/urkem-solucion-urea-325-x1000l\/#primaryimage"},"image":{"@id":"https:\/\/pldistribucion.com.ar\/web\/producto\/urkem-solucion-urea-325-x1000l\/#primaryimage"},"thumbnailUrl":"https:\/\/pldistribucion.com.ar\/web\/wp-content\/uploads\/Sin-titulo-8.png","datePublished":"2022-07-12T14:42:01+00:00","dateModified":"2024-01-15T15:25:17+00:00","description":"Distribuidor de Urea URKEM de diferentes aplicaciones. Env\u00edos a todo el pa\u00eds. Variedad de productos y stock disponible. URKEM UREA LIQUIDA","breadcrumb":{"@id":"https:\/\/pldistribucion.com.ar\/web\/producto\/urkem-solucion-urea-325-x1000l\/#breadcrumb"},"inLanguage":"es","potentialAction":[{"@type":"ReadAction","target":["https:\/\/pldistribucion.com.ar\/web\/producto\/urkem-solucion-urea-325-x1000l\/"]}]},{"@type":"ImageObject","inLanguage":"es","@id":"https:\/\/pldistribucion.com.ar\/web\/producto\/urkem-solucion-urea-325-x1000l\/#primaryimage","url":"https:\/\/pldistribucion.com.ar\/web\/wp-content\/uploads\/Sin-titulo-8.png","contentUrl":"https:\/\/pldistribucion.com.ar\/web\/wp-content\/uploads\/Sin-titulo-8.png","width":461,"height":438,"caption":"URKEM SOLUCION UREA"},{"@type":"BreadcrumbList","@id":"https:\/\/pldistribucion.com.ar\/web\/producto\/urkem-solucion-urea-325-x1000l\/#breadcrumb","itemListElement":[{"@type":"ListItem","position":1,"name":"Portada","item":"https:\/\/pldistribucion.com.ar\/web\/"},{"@type":"ListItem","position":2,"name":"Productos","item":"https:\/\/pldistribucion.com.ar\/web\/productos\/"},{"@type":"ListItem","position":3,"name":"URKEM UREA LIQUIDA 32,5 x1000L"}]},{"@type":"WebSite","@id":"https:\/\/pldistribucion.com.ar\/web\/#website","url":"https:\/\/pldistribucion.com.ar\/web\/","name":"Perfomance Lube","description":"","publisher":{"@id":"https:\/\/pldistribucion.com.ar\/web\/#organization"},"potentialAction":[{"@type":"SearchAction","target":{"@type":"EntryPoint","urlTemplate":"https:\/\/pldistribucion.com.ar\/web\/?s={search_term_string}"},"query-input":"required name=search_term_string"}],"inLanguage":"es"},{"@type":"Organization","@id":"https:\/\/pldistribucion.com.ar\/web\/#organization","name":"PERFORMANCE LUBE","url":"https:\/\/pldistribucion.com.ar\/web\/","logo":{"@type":"ImageObject","inLanguage":"es","@id":"https:\/\/pldistribucion.com.ar\/web\/#\/schema\/logo\/image\/","url":"https:\/\/pldistribucion.com.ar\/web\/wp-content\/uploads\/pld_logo_GB-removebg-preview.png","contentUrl":"https:\/\/pldistribucion.com.ar\/web\/wp-content\/uploads\/pld_logo_GB-removebg-preview.png","width":787,"height":317,"caption":"PERFORMANCE LUBE"},"image":{"@id":"https:\/\/pldistribucion.com.ar\/web\/#\/schema\/logo\/image\/"}}]}},"_links":{"self":[{"href":"https:\/\/pldistribucion.com.ar\/web\/wp-json\/wp\/v2\/product\/4877"}],"collection":[{"href":"https:\/\/pldistribucion.com.ar\/web\/wp-json\/wp\/v2\/product"}],"about":[{"href":"https:\/\/pldistribucion.com.ar\/web\/wp-json\/wp\/v2\/types\/product"}],"replies":[{"embeddable":true,"href":"https:\/\/pldistribucion.com.ar\/web\/wp-json\/wp\/v2\/comments?post=4877"}],"wp:featuredmedia":[{"embeddable":true,"href":"https:\/\/pldistribucion.com.ar\/web\/wp-json\/wp\/v2\/media\/4881"}],"wp:attachment":[{"href":"https:\/\/pldistribucion.com.ar\/web\/wp-json\/wp\/v2\/media?parent=4877"}],"wp:term":[{"taxonomy":"product_cat","embeddable":true,"href":"https:\/\/pldistribucion.com.ar\/web\/wp-json\/wp\/v2\/product_cat?post=4877"},{"taxonomy":"product_tag","embeddable":true,"href":"https:\/\/pldistribucion.com.ar\/web\/wp-json\/wp\/v2\/product_tag?post=4877"}],"curies":[{"name":"wp","href":"https:\/\/api.w.org\/{rel}","templated":true}]}}