{"id":4869,"date":"2022-07-12T13:22:26","date_gmt":"2022-07-12T13:22:26","guid":{"rendered":"https:\/\/pldistribucion.com.ar\/web\/?post_type=product&#038;p=4869"},"modified":"2022-07-12T15:24:23","modified_gmt":"2022-07-12T15:24:23","slug":"tecfil-psh173","status":"publish","type":"product","link":"https:\/\/pldistribucion.com.ar\/web\/producto\/tecfil-psh173\/","title":{"rendered":"TECFIL PSH173"},"content":{"rendered":"<h1><span style=\"font-size: 80%;\"><strong>TECFIL\u00a0 PSH173\u00a0\/ ACEITE HIDRAULICO.<\/strong><\/span><\/h1>\n<p><strong>TECFIL\u00a0 PSH173 \u27a2\u00a0<\/strong><\/p>\n<h3><span style=\"font-size: 16.128px; background-color: #91dff2;\"><b>ATRIBUTOS:<\/b><\/span><\/h3>\n<table class=\"table table-sm table-striped\" style=\"height: 242px;\" width=\"831\">\n<tbody>\n<tr class=\"ng-star-inserted\">\n<th class=\"ng-star-inserted\">Marca<\/th>\n<td class=\"ng-star-inserted\">Tecfil<\/td>\n<\/tr>\n<tr class=\"ng-star-inserted\">\n<th class=\"ng-star-inserted\">Filtro original<\/th>\n<td class=\"ng-star-inserted\">1301696<\/td>\n<\/tr>\n<tr class=\"ng-star-inserted\">\n<th class=\"ng-star-inserted\">\u00a0Funci\u00f3n del filtro<\/th>\n<td class=\"ng-star-inserted\">TECFIL PSH173 hidraulico<\/td>\n<\/tr>\n<tr class=\"ng-star-inserted\">\n<th class=\"ng-star-inserted\">Filtrar elemento<\/th>\n<td class=\"ng-star-inserted\">papel<\/td>\n<\/tr>\n<tr class=\"ng-star-inserted\">\n<th class=\"ng-star-inserted\">Altura<\/th>\n<td class=\"ng-star-inserted\">116<\/td>\n<\/tr>\n<tr class=\"ng-star-inserted\">\n<th class=\"ng-star-inserted\">Di\u00e1metro externo compuesto<\/th>\n<td class=\"ng-star-inserted\">93<\/td>\n<\/tr>\n<tr class=\"ng-star-inserted\">\n<th class=\"ng-star-inserted\">Peso (kg)<\/th>\n<td class=\"ng-star-inserted\">1<\/td>\n<\/tr>\n<tr class=\"ng-star-inserted\">\n<th class=\"ng-star-inserted\">Peso Neto<\/th>\n<td class=\"ng-star-inserted\">0,62<\/td>\n<\/tr>\n<tr class=\"ng-star-inserted\">\n<th class=\"ng-star-inserted\">Filtrar tornillo<\/th>\n<td class=\"ng-star-inserted\">M23 X 1,5<\/td>\n<\/tr>\n<\/tbody>\n<\/table>\n<h3><span style=\"background-color: #91dff2; font-size: 80%;\"><strong>EQUIVALENCIAS :<\/strong><\/span><\/h3>\n<table class=\"table applicationPartTablePDP \" style=\"height: 53px;\" width=\"754\">\n<thead>\n<tr>\n<th class=\"col-lg-2 crossReferencemanufactureName\" data-sortcolumn=\"manufactureNameSortableValue\">&#8211;<\/th>\n<th class=\"col-lg-2 crossReferencemanufacturePartNumber\">&#8211;<\/th>\n<\/tr>\n<\/thead>\n<tbody>\n<tr class=\"parentRows greyColor\" data-target=\".ManufacturerName_0\">\n<td class=\"searchCrossRef\" data-manufacturer=\"Nombre del fabricante\">\n<div class=\"block-table\"><span style=\"color: #000000;\">WEGA<\/span><br \/>\n<span style=\"color: #000000;\">WO-762<\/span><\/div>\n<div><\/div>\n<div class=\"block-table\"><span style=\"color: #000000;\">FRAM<\/span><br \/>\n<span style=\"color: #000000;\">PH 8798<\/span><\/div>\n<div><\/div>\n<div class=\"block-table\"><span style=\"color: #000000;\">FRAM<\/span><br \/>\n<span style=\"color: #000000;\">PH 8789<\/span><\/div>\n<div><\/div>\n<div class=\"block-table\"><span style=\"color: #000000;\">MANN<\/span><br \/>\n<span style=\"color: #000000;\">W 9023\/1<\/span><\/div>\n<div><\/div>\n<div class=\"block-table\"><span style=\"color: #000000;\">MANN<\/span><br \/>\n<span style=\"color: #000000;\">W 930\/144<\/span><\/div>\n<div><\/div>\n<div class=\"block-table\"><span style=\"color: #000000;\">OEM<\/span><br \/>\n<span style=\"color: #000000;\">1301696<\/span><\/div>\n<\/td>\n<td class=\"searchCrossRef\" data-manufacturepartnumber=\"N\u00b0 de pieza del fabricante\">\n<div class=\"block-table\"><span style=\"color: #000000;\">OEM<\/span><br \/>\n<span style=\"color: #000000;\">1768402<\/span><\/div>\n<div><\/div>\n<div class=\"block-table\"><span style=\"color: #000000;\">OEM<\/span><br \/>\n<span style=\"color: #000000;\">1301693<\/span><\/div>\n<div><\/div>\n<div class=\"block-table\"><span style=\"color: #000000;\">MAHLE<\/span><br \/>\n<span style=\"color: #000000;\">HC113<\/span><\/div>\n<div><\/div>\n<div class=\"block-table\"><span style=\"color: #000000;\">HENGST<\/span><br \/>\n<span style=\"color: #000000;\">H24W05<\/span><\/div>\n<div><\/div>\n<div class=\"block-table\"><span style=\"color: #000000;\">TECFIL<\/span><br \/>\n<span style=\"color: #000000;\">PSH1734<\/span><\/div>\n<div><\/div>\n<div class=\"block-table\"><span style=\"color: #000000;\">WIX<\/span><br \/>\n<span style=\"color: #000000;\">WL7108<\/span><\/div>\n<\/td>\n<\/tr>\n<\/tbody>\n<\/table>\n<div class=\"block-table\"><\/div>\n<h3><span style=\"background-color: #91dff2; font-size: 80%;\"><strong>APLICACIONES:\u00a0<\/strong><\/span><\/h3>\n<ol>\n<li><span style=\"color: #000000; font-size: 75%;\">SCANIA SERIE 4 &#8211; CAMIONES P94 (FILTRO DE AIRE SIN REFORMA EN LA TAPA DEL FILTRO) &#8211; 330 CV DSC 11-07 01\/97\u2192<\/span><br \/>\n<span style=\"color: #000000; font-size: 75%;\">SCANIA SERIE 4 &#8211; CAMIONES P94 (FILTRO DE AIRE VERSI\u00d3N BRASIL, ALGUNOS MODELOS) &#8211; 260 CV DSC 9-12 01\/98\u2192<\/span><br \/>\n<span style=\"color: #000000; font-size: 75%;\">SCANIA SERIE P &#8211; R &#8211; G G420 &#8211; D12-06 EURO 3 2008\u2192<\/span><br \/>\n<span style=\"color: #000000; font-size: 75%;\">SCANIA SERIE 4 &#8211; CAMIONES R114 \/ P114 (FILTRO DE AIRE VERSI\u00d3N BRASIL, ALGUNOS MODELOS) &#8211; 330 CV DSC 11-07 2007\u2192<\/span><br \/>\n<span style=\"color: #000000; font-size: 75%;\">SCANIA SERIE 4 &#8211; CAMIONES R114 \/ P114 (FILTRO DE AIRE VERSI\u00d3N BRASIL, ALGUNOS MODELOS) &#8211; 330 CV DSC 11-07 01\/97\u2192<\/span><br \/>\n<span style=\"color: #000000; font-size: 75%;\">SCANIA SERIE 4 &#8211; OMNIBUS F94 HB (MEDIA Y LARGA DISTANCIA) &#8211; 310 CV DSC 9-11 01\/98\u2192<\/span><br \/>\n<span style=\"color: #000000; font-size: 75%;\">SCANIA SERIE 4 &#8211; OMNIBUS K94 (MEDIA Y LARGA DISTANCIA) &#8211; 310 CV DSC 9-15 01\/98\u2192<\/span><br \/>\n<span style=\"color: #000000; font-size: 75%;\">SCANIA SERIE 4 &#8211; OMNIBUS L94 (MEDIA Y LARGA DISTANCIA) &#8211; 220 CV DSC 9-15 01\/98\u2192<\/span><br \/>\n<span style=\"color: #000000; font-size: 75%;\">SCANIA SERIE P &#8211; R &#8211; G G420 &#8211; D12-06 2006\u2192<\/span><br \/>\n<span style=\"color: #000000; font-size: 75%;\">SCANIA SERIE P &#8211; R &#8211; G G420 &#8211; DC12-06 EURO3 2007 \u2192<\/span><br \/>\n<span style=\"color: #000000; font-size: 75%;\">SCANIA SERIE P &#8211; R &#8211; G G470 &#8211; D12-06 2007\u2192<\/span><br \/>\n<span style=\"color: #000000; font-size: 75%;\">SCANIA SERIE 4 &#8211; CAMIONES DC9 EURO3 1999 \u2192<\/span><br \/>\n<span style=\"color: #000000; font-size: 75%;\">SCANIA SERIE P &#8211; R &#8211; G P94 &#8211; DC9 EURO3 1999 \u2192<\/span><br \/>\n<span style=\"color: #000000; font-size: 75%;\">SCANIA SERIE 4 &#8211; CAMIONES P94 (FILTRO DE AIRE VERSI\u00d3N BRASIL, ALGUNOS MODELOS) &#8211; 260 CV DSC 9-12 2007\u2192<\/span><br \/>\n<span style=\"color: #000000; font-size: 75%;\">SCANIA SERIE 4 &#8211; CAMIONES P94 (FILTRO DE AIRE VERSI\u00d3N BRASIL, REFORMA EN LA TAPA DEL FILTRO) &#8211; 310 CV DSC 9-13 2007\u2192<\/span><\/p>\n<h4><span style=\"color: #000000; font-size: 75%;\">SCANIA SERIE 4 &#8211; CAMIONES P94 (FILTRO DE AIRE VERSI\u00d3N EUROPA) &#8211;<\/span><\/h4>\n<p><span style=\"color: #000000; font-size: 75%;\">SCANIA SERIE 4 &#8211; CAMIONES R114 \/ P114 (FILTRO DE AIRE VERSI\u00d3N EUROPA) &#8211; 330 CV DSC 11-07 &#8211;<\/span><br \/>\n<span style=\"color: #000000; font-size: 75%;\">SCANIA SERIE 4 &#8211; CAMIONES R114 \/ P114 (FILTRO DE AIRE VERSI\u00d3N EUROPA) &#8211; 330 CV DSC 11-07 01\/97\u2192<\/span><br \/>\n<span style=\"color: #000000; font-size: 75%;\">SCANIA SERIE 4 &#8211; CAMIONES R114 \/ P114 FILTRO DE AIRE VERSI\u00d3N BRASIL, REFORMA EN LA TAPA DEL FILTRO) &#8211; 330 CV DSC 11-07 01\/97\u2192<\/span><br \/>\n<span style=\"color: #000000; font-size: 75%;\">SCANIA SERIE 4 &#8211; CAMIONES R114 \/ P114 (FILTRO DE AIRE VERSI\u00d3N BRASIL, ALGUNOS MODELOS) &#8211; 330 CV DSC 11-07 01\/97\u2192<\/span><br \/>\n<span style=\"color: #000000; font-size: 75%;\">SCANIA SERIE 4 &#8211; CAMIONES R114 \/ P114 (FILTRO DE AIRE SIN REFORMA EN LA TAPA DEL FILTRO) &#8211; 330 CV DSC 11-07 2007\u2192<\/span><br \/>\n<span style=\"color: #000000; font-size: 75%;\">SCANIA SERIE 4 &#8211; CAMIONES R114 \/ P114 FILTRO DE AIRE SIN REFORMA EN LA TAPA DEL FILTRO) &#8211; 330CV DSC11-07 2007\u2192<\/span><br \/>\n<span style=\"color: #000000; font-size: 75%;\">SCANIA SERIE 4 &#8211; CAMIONES R114 \/ P114 (FILTRO DE AIRE VERSI\u00d3N BRASIL, REFORMA EN LA TAPA DEL FILTRO) &#8211; 330 CV DSC 11-07 2007\u2192<\/span><br \/>\n<span style=\"color: #000000; font-size: 75%;\">SCANIA SERIE 4 &#8211; CAMIONES R114 \/ P114 (FILTRO DE AIRE SIN REFORMA EN LA TAPA DEL FILTRO) &#8211; 330 CV DSC11-07 2007\u2192<\/span><br \/>\n<span style=\"color: #000000; font-size: 75%;\">SCANIA SERIE 4 &#8211; CAMIONES R114 \/ P114 FILTRO DE AIRE VERSI\u00d3N BRASIL (REFORMA EN LA TAPA DEL FILTRO) &#8211; 330 CV DSC 11-07 2007\u2192<\/span><br \/>\n<span style=\"color: #000000; font-size: 75%;\">SCANIA SERIE 4 &#8211; CAMIONES R114 \/ P114 (FILTRO DE AIRE VERSI\u00d3N BRASIL, ALGUNOS MODELOS) &#8211; 330CV DSC 11-07 2007\u2192<\/span><br \/>\n<span style=\"color: #000000; font-size: 75%;\">SCANIA SERIE P &#8211; R &#8211; G G460 &#8211; DC13 124\/147-450E6 2013 \u2192<\/span><br \/>\n<span style=\"color: #000000; font-size: 75%;\">SCANIA SERIE P &#8211; R &#8211; G P250 &#8211; DC09 109\/111-250 EURO5\/6 2012 \u2192<\/span><br \/>\n<span style=\"color: #000000; font-size: 75%;\">SCANIA SERIE P &#8211; R &#8211; G R470 &#8211; DT12 06-470 EURO3 2009\u2192<\/span><br \/>\n<span style=\"color: #000000; font-size: 75%;\">SCANIA SERIE P &#8211; R &#8211; G R480 &#8211; DT 12 17-480 EURO4 2009 \u2192<\/span><\/p>\n<h4><span style=\"color: #000000; font-size: 75%;\">SCANIA SERIE P &#8211; R &#8211; G R500 &#8211; DC 16 04-500 EURO3 2009\u2192<\/span><\/h4>\n<p><span style=\"color: #000000; font-size: 75%;\">SCANIA SERIE 4 &#8211; OMNIBUS K124 (MEDIA Y LARGA DISTANCIA) &#8211; 360 CV DSC 12-02 01\/98\u2192<\/span><br \/>\n<span style=\"color: #000000; font-size: 75%;\">SCANIA SERIE 4 &#8211; OMNIBUS K124 (MEDIA Y LARGA DISTANCIA) &#8211; 420 CV DSC 12-05 01\/98\u2192<\/span><br \/>\n<span style=\"color: #000000; font-size: 75%;\">SCANIA SERIE 4 &#8211; OMNIBUS K124 &#8211; 421CV DC12 EURO3 1999 \u2192<\/span><br \/>\n<span style=\"color: #000000; font-size: 75%;\">SCANIA SERIE 4 &#8211; OMNIBUS K124 EB \/ NB (MEDIA Y LARGA DISTANCIA) &#8211; 360 CV DSC 12 2004\u2192<\/span><br \/>\n<span style=\"color: #000000; font-size: 75%;\">SCANIA SERIE P &#8211; R &#8211; G R580 &#8211; DC16 03-580 EURO3 2009\u2192<\/span><br \/>\n<span style=\"color: #000000; font-size: 75%;\">SCANIA SERIE 4 &#8211; OMNIBUS K124 &#8211; 340CV DC12 10 340 EURO4 2005 \u2192<\/span><br \/>\n<span style=\"color: #000000; font-size: 75%;\">SCANIA SERIE K &#8211; OMNIBUS INTERURBANOS K420 &#8211; DSC 12-01 EURO3 2005 \u2192<\/span><br \/>\n<span style=\"color: #000000; font-size: 75%;\">SCANIA SERIE P &#8211; R &#8211; G R 480 &#8211; DT12 06-480 EURO4 2015 \u2192<\/span><br \/>\n<span style=\"color: #000000; font-size: 75%;\">SCANIA SERIE P &#8211; R &#8211; G G 540 &#8211; DC13 540CV 2019 \u2192<\/span><br \/>\n<span style=\"color: #000000; font-size: 75%;\">SCANIA SERIE 3 &#8211; CAMIONES P93 FRONTAL &#8211; DSC 9-07 TURBOCOOLER 210 CV 01\/97\u2192<\/span><br \/>\n<span style=\"color: #000000; font-size: 75%;\">SCANIA SERIE 3 &#8211; CAMIONES P93 FRONTAL &#8211; DSC 9-07 TURBOCOOLER 210 CV 01\/95\u2192<\/span><br \/>\n<span style=\"color: #000000; font-size: 75%;\">SCANIA SERIE 3 &#8211; CAMIONES R113 FRONTAL &#8211; DSC 11-01 1986\u2192<\/span><br \/>\n<span style=\"color: #000000; font-size: 75%;\">SCANIA SERIE 3 &#8211; CAMIONES T113 CON TROMPA &#8211; DSC 11-01 &#8211;<\/span><br \/>\n<span style=\"color: #000000; font-size: 75%;\">SCANIA SERIE 3 &#8211; CAMIONES R143 FRONTAL &#8211; DSC 14 01\/86\u2192<\/span><br \/>\n<span style=\"color: #000000; font-size: 75%;\">SCANIA SERIE 4 &#8211; CAMIONES R143 FRONTAL &#8211; DSC14 1986\u2192<\/span><br \/>\n<span style=\"color: #000000; font-size: 75%;\">SCANIA SERIE 3 &#8211; CAMIONES T143 CON TROMPA &#8211; DSC 14 &#8211;<\/span><br \/>\n<span style=\"color: #000000; font-size: 75%;\">SCANIA SERIE 3 &#8211; OMNIBUS F113 &#8211; DSC 11-78 01\/97\u2192<\/span><br \/>\n<span style=\"color: #000000; font-size: 75%;\">SCANIA SERIE 3 &#8211; OMNIBUS F113 &#8211; DSC 11-78 01\/97\u2192<\/span><br \/>\n<span style=\"color: #000000; font-size: 75%;\">SCANIA MOTORES INDUSTRIALES DSC11-01 \/ DSC11-18 &#8211;<\/span><\/li>\n<\/ol>\n<p><strong><a href=\"https:\/\/pldistribucion.com.ar\/web\/categoria-producto\/filtros\/tecfil\/\" target=\"_blank\" rel=\"noopener\"><span style=\"color: #000080;\">Ver m\u00e1s filtros TECFIL<\/span><\/a><\/strong><\/p>\n<p><span style=\"color: #000000;\">(TECFIL es una industria de Filtros Automotrices presente en el mercado hace m\u00e1s de 67 a\u00f1os. La empresa, fundada el 20 de marzo de 1953, se especializ\u00f3 en el segmento, convirti\u00e9ndose en la f\u00e1brica de filtros m\u00e1s grande de Am\u00e9rica Latina. )\u00a0<\/span><\/p>\n<p><strong><span style=\"color: #000080;\"><a style=\"color: #000080;\" href=\"https:\/\/www.tecfil.com.br\/quem-somos\/?lang=es\" target=\"_blank\" rel=\"noopener\">Conoce m\u00e1s sobre TECFIL<\/a><\/span><\/strong><\/p>\n","protected":false},"excerpt":{"rendered":"<p><img loading=\"lazy\" decoding=\"async\" class=\"alignnone wp-image-4775\" src=\"https:\/\/pldistribucion.com.ar\/web\/wp-content\/uploads\/descarga-6-e1656605433472-300x119.png\" alt=\"\" width=\"247\" height=\"98\" srcset=\"https:\/\/pldistribucion.com.ar\/web\/wp-content\/uploads\/descarga-6-e1656605433472-300x119.png 300w, https:\/\/pldistribucion.com.ar\/web\/wp-content\/uploads\/descarga-6-e1656605433472.png 560w\" sizes=\"(max-width: 247px) 100vw, 247px\" \/><\/p>\n<h2 style=\"text-align: left;\"><span style=\"font-size: 75%;\"><strong><a rel=\"noopener noreferrer\" href=\"https:\/\/performancelube.mercadoshops.com.ar\/MLA-1146563396-filtro-hidraulico-tecfil-psh173-wo-762-_JM#position=1&#038;search_layout=stack&#038;type=item&#038;tracking_id=bbc8064c-7b0a-4bdf-bbd3-38c8c93e73bd\" target=\"_blank\" class=\"button primary\"  >\n    <span>VER EN TIENDA ?<\/span>\n  <\/a>\n<span style=\"color: #69314d;\">\u00a0<\/span><\/strong><strong>\u00a0<\/strong><\/span><\/h2>\n<p>TECFIL es una industria de Filtros Automotrices presente en el mercado hace m\u00e1s de 67 a\u00f1os. La empresa, fundada el 20 de marzo de 1953, se especializ\u00f3 en el segmento, generando una\u00a0alta tecnolog\u00eda con m\u00e1quinas y laboratorios de \u00faltima generaci\u00f3n.<\/p>\n","protected":false},"featured_media":4885,"comment_status":"open","ping_status":"closed","template":"","meta":[],"product_cat":[19],"product_tag":[],"yoast_head":"<!-- This site is optimized with the Yoast SEO plugin v23.0 - https:\/\/yoast.com\/wordpress\/plugins\/seo\/ -->\n<title>TECFIL PSH173 - Perfomance Lube - Filtros<\/title>\n<meta name=\"description\" content=\"Distribuidor de filtros TECFIL de diferentes aplicaciones. Env\u00edos a todo el pa\u00eds. Variedad de productos y stock disponible.\" \/>\n<meta name=\"robots\" content=\"index, follow, max-snippet:-1, max-image-preview:large, max-video-preview:-1\" \/>\n<link rel=\"canonical\" href=\"https:\/\/pldistribucion.com.ar\/web\/producto\/tecfil-psh173\/\" \/>\n<meta property=\"og:locale\" content=\"es_ES\" \/>\n<meta property=\"og:type\" content=\"article\" \/>\n<meta property=\"og:title\" content=\"TECFIL PSH173 - Perfomance Lube - Filtros\" \/>\n<meta property=\"og:description\" content=\"Distribuidor de filtros TECFIL de diferentes aplicaciones. Env\u00edos a todo el pa\u00eds. Variedad de productos y stock disponible.\" \/>\n<meta property=\"og:url\" content=\"https:\/\/pldistribucion.com.ar\/web\/producto\/tecfil-psh173\/\" \/>\n<meta property=\"og:site_name\" content=\"Perfomance Lube\" \/>\n<meta property=\"article:modified_time\" content=\"2022-07-12T15:24:23+00:00\" \/>\n<meta property=\"og:image\" content=\"https:\/\/pldistribucion.com.ar\/web\/wp-content\/uploads\/filtro-hidraulico-2227053-1614824417622.jpg\" \/>\n\t<meta property=\"og:image:width\" content=\"900\" \/>\n\t<meta property=\"og:image:height\" content=\"900\" \/>\n\t<meta property=\"og:image:type\" content=\"image\/jpeg\" \/>\n<meta name=\"twitter:card\" content=\"summary_large_image\" \/>\n<meta name=\"twitter:label1\" content=\"Tiempo de lectura\" \/>\n\t<meta name=\"twitter:data1\" content=\"4 minutos\" \/>\n<script type=\"application\/ld+json\" class=\"yoast-schema-graph\">{\"@context\":\"https:\/\/schema.org\",\"@graph\":[{\"@type\":\"WebPage\",\"@id\":\"https:\/\/pldistribucion.com.ar\/web\/producto\/tecfil-psh173\/\",\"url\":\"https:\/\/pldistribucion.com.ar\/web\/producto\/tecfil-psh173\/\",\"name\":\"TECFIL PSH173 - Perfomance Lube - Filtros\",\"isPartOf\":{\"@id\":\"https:\/\/pldistribucion.com.ar\/web\/#website\"},\"primaryImageOfPage\":{\"@id\":\"https:\/\/pldistribucion.com.ar\/web\/producto\/tecfil-psh173\/#primaryimage\"},\"image\":{\"@id\":\"https:\/\/pldistribucion.com.ar\/web\/producto\/tecfil-psh173\/#primaryimage\"},\"thumbnailUrl\":\"https:\/\/pldistribucion.com.ar\/web\/wp-content\/uploads\/filtro-hidraulico-2227053-1614824417622.jpg\",\"datePublished\":\"2022-07-12T13:22:26+00:00\",\"dateModified\":\"2022-07-12T15:24:23+00:00\",\"description\":\"Distribuidor de filtros TECFIL de diferentes aplicaciones. Env\u00edos a todo el pa\u00eds. Variedad de productos y stock disponible.\",\"breadcrumb\":{\"@id\":\"https:\/\/pldistribucion.com.ar\/web\/producto\/tecfil-psh173\/#breadcrumb\"},\"inLanguage\":\"es\",\"potentialAction\":[{\"@type\":\"ReadAction\",\"target\":[\"https:\/\/pldistribucion.com.ar\/web\/producto\/tecfil-psh173\/\"]}]},{\"@type\":\"ImageObject\",\"inLanguage\":\"es\",\"@id\":\"https:\/\/pldistribucion.com.ar\/web\/producto\/tecfil-psh173\/#primaryimage\",\"url\":\"https:\/\/pldistribucion.com.ar\/web\/wp-content\/uploads\/filtro-hidraulico-2227053-1614824417622.jpg\",\"contentUrl\":\"https:\/\/pldistribucion.com.ar\/web\/wp-content\/uploads\/filtro-hidraulico-2227053-1614824417622.jpg\",\"width\":900,\"height\":900,\"caption\":\"TECFIL PSH173\"},{\"@type\":\"BreadcrumbList\",\"@id\":\"https:\/\/pldistribucion.com.ar\/web\/producto\/tecfil-psh173\/#breadcrumb\",\"itemListElement\":[{\"@type\":\"ListItem\",\"position\":1,\"name\":\"Portada\",\"item\":\"https:\/\/pldistribucion.com.ar\/web\/\"},{\"@type\":\"ListItem\",\"position\":2,\"name\":\"Productos\",\"item\":\"https:\/\/pldistribucion.com.ar\/web\/productos\/\"},{\"@type\":\"ListItem\",\"position\":3,\"name\":\"TECFIL PSH173\"}]},{\"@type\":\"WebSite\",\"@id\":\"https:\/\/pldistribucion.com.ar\/web\/#website\",\"url\":\"https:\/\/pldistribucion.com.ar\/web\/\",\"name\":\"Perfomance Lube\",\"description\":\"\",\"publisher\":{\"@id\":\"https:\/\/pldistribucion.com.ar\/web\/#organization\"},\"potentialAction\":[{\"@type\":\"SearchAction\",\"target\":{\"@type\":\"EntryPoint\",\"urlTemplate\":\"https:\/\/pldistribucion.com.ar\/web\/?s={search_term_string}\"},\"query-input\":\"required name=search_term_string\"}],\"inLanguage\":\"es\"},{\"@type\":\"Organization\",\"@id\":\"https:\/\/pldistribucion.com.ar\/web\/#organization\",\"name\":\"PERFORMANCE LUBE\",\"url\":\"https:\/\/pldistribucion.com.ar\/web\/\",\"logo\":{\"@type\":\"ImageObject\",\"inLanguage\":\"es\",\"@id\":\"https:\/\/pldistribucion.com.ar\/web\/#\/schema\/logo\/image\/\",\"url\":\"https:\/\/pldistribucion.com.ar\/web\/wp-content\/uploads\/pld_logo_GB-removebg-preview.png\",\"contentUrl\":\"https:\/\/pldistribucion.com.ar\/web\/wp-content\/uploads\/pld_logo_GB-removebg-preview.png\",\"width\":787,\"height\":317,\"caption\":\"PERFORMANCE LUBE\"},\"image\":{\"@id\":\"https:\/\/pldistribucion.com.ar\/web\/#\/schema\/logo\/image\/\"}}]}<\/script>\n<!-- \/ Yoast SEO plugin. -->","yoast_head_json":{"title":"TECFIL PSH173 - Perfomance Lube - Filtros","description":"Distribuidor de filtros TECFIL de diferentes aplicaciones. Env\u00edos a todo el pa\u00eds. Variedad de productos y stock disponible.","robots":{"index":"index","follow":"follow","max-snippet":"max-snippet:-1","max-image-preview":"max-image-preview:large","max-video-preview":"max-video-preview:-1"},"canonical":"https:\/\/pldistribucion.com.ar\/web\/producto\/tecfil-psh173\/","og_locale":"es_ES","og_type":"article","og_title":"TECFIL PSH173 - Perfomance Lube - Filtros","og_description":"Distribuidor de filtros TECFIL de diferentes aplicaciones. Env\u00edos a todo el pa\u00eds. Variedad de productos y stock disponible.","og_url":"https:\/\/pldistribucion.com.ar\/web\/producto\/tecfil-psh173\/","og_site_name":"Perfomance Lube","article_modified_time":"2022-07-12T15:24:23+00:00","og_image":[{"width":900,"height":900,"url":"https:\/\/pldistribucion.com.ar\/web\/wp-content\/uploads\/filtro-hidraulico-2227053-1614824417622.jpg","type":"image\/jpeg"}],"twitter_card":"summary_large_image","twitter_misc":{"Tiempo de lectura":"4 minutos"},"schema":{"@context":"https:\/\/schema.org","@graph":[{"@type":"WebPage","@id":"https:\/\/pldistribucion.com.ar\/web\/producto\/tecfil-psh173\/","url":"https:\/\/pldistribucion.com.ar\/web\/producto\/tecfil-psh173\/","name":"TECFIL PSH173 - Perfomance Lube - Filtros","isPartOf":{"@id":"https:\/\/pldistribucion.com.ar\/web\/#website"},"primaryImageOfPage":{"@id":"https:\/\/pldistribucion.com.ar\/web\/producto\/tecfil-psh173\/#primaryimage"},"image":{"@id":"https:\/\/pldistribucion.com.ar\/web\/producto\/tecfil-psh173\/#primaryimage"},"thumbnailUrl":"https:\/\/pldistribucion.com.ar\/web\/wp-content\/uploads\/filtro-hidraulico-2227053-1614824417622.jpg","datePublished":"2022-07-12T13:22:26+00:00","dateModified":"2022-07-12T15:24:23+00:00","description":"Distribuidor de filtros TECFIL de diferentes aplicaciones. Env\u00edos a todo el pa\u00eds. Variedad de productos y stock disponible.","breadcrumb":{"@id":"https:\/\/pldistribucion.com.ar\/web\/producto\/tecfil-psh173\/#breadcrumb"},"inLanguage":"es","potentialAction":[{"@type":"ReadAction","target":["https:\/\/pldistribucion.com.ar\/web\/producto\/tecfil-psh173\/"]}]},{"@type":"ImageObject","inLanguage":"es","@id":"https:\/\/pldistribucion.com.ar\/web\/producto\/tecfil-psh173\/#primaryimage","url":"https:\/\/pldistribucion.com.ar\/web\/wp-content\/uploads\/filtro-hidraulico-2227053-1614824417622.jpg","contentUrl":"https:\/\/pldistribucion.com.ar\/web\/wp-content\/uploads\/filtro-hidraulico-2227053-1614824417622.jpg","width":900,"height":900,"caption":"TECFIL PSH173"},{"@type":"BreadcrumbList","@id":"https:\/\/pldistribucion.com.ar\/web\/producto\/tecfil-psh173\/#breadcrumb","itemListElement":[{"@type":"ListItem","position":1,"name":"Portada","item":"https:\/\/pldistribucion.com.ar\/web\/"},{"@type":"ListItem","position":2,"name":"Productos","item":"https:\/\/pldistribucion.com.ar\/web\/productos\/"},{"@type":"ListItem","position":3,"name":"TECFIL PSH173"}]},{"@type":"WebSite","@id":"https:\/\/pldistribucion.com.ar\/web\/#website","url":"https:\/\/pldistribucion.com.ar\/web\/","name":"Perfomance Lube","description":"","publisher":{"@id":"https:\/\/pldistribucion.com.ar\/web\/#organization"},"potentialAction":[{"@type":"SearchAction","target":{"@type":"EntryPoint","urlTemplate":"https:\/\/pldistribucion.com.ar\/web\/?s={search_term_string}"},"query-input":"required name=search_term_string"}],"inLanguage":"es"},{"@type":"Organization","@id":"https:\/\/pldistribucion.com.ar\/web\/#organization","name":"PERFORMANCE LUBE","url":"https:\/\/pldistribucion.com.ar\/web\/","logo":{"@type":"ImageObject","inLanguage":"es","@id":"https:\/\/pldistribucion.com.ar\/web\/#\/schema\/logo\/image\/","url":"https:\/\/pldistribucion.com.ar\/web\/wp-content\/uploads\/pld_logo_GB-removebg-preview.png","contentUrl":"https:\/\/pldistribucion.com.ar\/web\/wp-content\/uploads\/pld_logo_GB-removebg-preview.png","width":787,"height":317,"caption":"PERFORMANCE LUBE"},"image":{"@id":"https:\/\/pldistribucion.com.ar\/web\/#\/schema\/logo\/image\/"}}]}},"_links":{"self":[{"href":"https:\/\/pldistribucion.com.ar\/web\/wp-json\/wp\/v2\/product\/4869"}],"collection":[{"href":"https:\/\/pldistribucion.com.ar\/web\/wp-json\/wp\/v2\/product"}],"about":[{"href":"https:\/\/pldistribucion.com.ar\/web\/wp-json\/wp\/v2\/types\/product"}],"replies":[{"embeddable":true,"href":"https:\/\/pldistribucion.com.ar\/web\/wp-json\/wp\/v2\/comments?post=4869"}],"wp:featuredmedia":[{"embeddable":true,"href":"https:\/\/pldistribucion.com.ar\/web\/wp-json\/wp\/v2\/media\/4885"}],"wp:attachment":[{"href":"https:\/\/pldistribucion.com.ar\/web\/wp-json\/wp\/v2\/media?parent=4869"}],"wp:term":[{"taxonomy":"product_cat","embeddable":true,"href":"https:\/\/pldistribucion.com.ar\/web\/wp-json\/wp\/v2\/product_cat?post=4869"},{"taxonomy":"product_tag","embeddable":true,"href":"https:\/\/pldistribucion.com.ar\/web\/wp-json\/wp\/v2\/product_tag?post=4869"}],"curies":[{"name":"wp","href":"https:\/\/api.w.org\/{rel}","templated":true}]}}