{"id":4829,"date":"2022-07-06T16:12:04","date_gmt":"2022-07-06T16:12:04","guid":{"rendered":"https:\/\/pldistribucion.com.ar\/web\/?post_type=product&#038;p=4829"},"modified":"2022-07-06T16:12:04","modified_gmt":"2022-07-06T16:12:04","slug":"tecfil-ars9839","status":"publish","type":"product","link":"https:\/\/pldistribucion.com.ar\/web\/producto\/tecfil-ars9839\/","title":{"rendered":"TECFIL ARS9839"},"content":{"rendered":"<h1><span style=\"font-size: 80%;\"><strong>TECFIL ARS9839 \/ FILTRO DE AIRE.<\/strong><\/span><\/h1>\n<p><strong>TECFIL ARS9839 \u27a2\u00a0<\/strong><\/p>\n<h3><span style=\"font-size: 16.128px; background-color: #91dff2;\"><b>ATRIBUTOS:<\/b><\/span><\/h3>\n<table class=\"table table-sm table-striped\" style=\"height: 242px;\" width=\"831\">\n<tbody>\n<tr class=\"ng-star-inserted\">\n<th class=\"ng-star-inserted\">Marca<\/th>\n<td class=\"ng-star-inserted\">Tecfil<\/td>\n<\/tr>\n<tr class=\"ng-star-inserted\">\n<th class=\"ng-star-inserted\">Filtro original<\/th>\n<td class=\"ng-star-inserted\">2S0129620B<\/td>\n<\/tr>\n<tr class=\"ng-star-inserted\">\n<th class=\"ng-star-inserted\">\u00a0Funci\u00f3n del filtro<\/th>\n<td class=\"ng-star-inserted\">Filtro de aire<\/td>\n<\/tr>\n<tr class=\"ng-star-inserted\">\n<th class=\"ng-star-inserted\">Filtrar elemento<\/th>\n<td class=\"ng-star-inserted\">Papel<\/td>\n<\/tr>\n<tr class=\"ng-star-inserted\">\n<th class=\"ng-star-inserted\">Altura<\/th>\n<td class=\"ng-star-inserted\">408,5<\/td>\n<\/tr>\n<tr class=\"ng-star-inserted\">\n<th class=\"ng-star-inserted\">Di\u00e1metro externo compuesto<\/th>\n<td class=\"ng-star-inserted\">263<\/td>\n<\/tr>\n<tr class=\"ng-star-inserted\">\n<th class=\"ng-star-inserted\">Peso (kg)<\/th>\n<td class=\"ng-star-inserted\">2,914<\/td>\n<\/tr>\n<tr class=\"ng-star-inserted\">\n<th class=\"ng-star-inserted\">Peso Neto<\/th>\n<td class=\"ng-star-inserted\">2.574<\/td>\n<\/tr>\n<tr class=\"ng-star-inserted\">\n<th class=\"ng-star-inserted\">Observaci\u00f3n<\/th>\n<td class=\"ng-star-inserted\">&#8211;<\/td>\n<\/tr>\n<\/tbody>\n<\/table>\n<h3><span style=\"background-color: #91dff2; font-size: 80%;\"><strong>EQUIVALENCIAS :<\/strong><\/span><\/h3>\n<table class=\"table applicationPartTablePDP \" style=\"height: 53px;\" width=\"754\">\n<thead>\n<tr>\n<th class=\"col-lg-2 crossReferencemanufactureName\" data-sortcolumn=\"manufactureNameSortableValue\">&#8211;<\/th>\n<th class=\"col-lg-2 crossReferencemanufacturePartNumber\">&#8211;<\/th>\n<\/tr>\n<\/thead>\n<tbody>\n<tr class=\"parentRows greyColor\" data-target=\".ManufacturerName_0\">\n<td class=\"searchCrossRef\" data-manufacturer=\"Nombre del fabricante\">\n<div class=\"block-table\"><span style=\"color: #000000;\">WEGA<\/span><br \/>\n<span style=\"color: #000000;\">WAP-103<\/span><\/div>\n<p><span style=\"color: #000000;\">\u00a0<\/span><\/p>\n<div class=\"block-table\"><span style=\"color: #000000;\">FRAM<\/span><br \/>\n<span style=\"color: #000000;\">CA 5626PU<\/span><\/div>\n<p><span style=\"color: #000000;\">\u00a0<\/span><\/p>\n<div class=\"block-table\"><span style=\"color: #000000;\">FRAM<\/span><br \/>\n<span style=\"color: #000000;\">FLI6120<\/span><\/div>\n<p><span style=\"color: #000000;\">\u00a0<\/span><\/p>\n<div class=\"block-table\"><span style=\"color: #000000;\">MANN<\/span><br \/>\n<span style=\"color: #000000;\">C 27830<\/span><\/div>\n<p><span style=\"color: #000000;\">\u00a0<\/span><\/p>\n<div class=\"block-table\"><span style=\"color: #000000;\">OEM<\/span><br \/>\n<span style=\"color: #000000;\">6345280306<\/span><\/div>\n<p><span style=\"color: #000000;\">\u00a0<\/span><\/p>\n<div class=\"block-table\"><span style=\"color: #000000;\">OEM<\/span><br \/>\n<span style=\"color: #000000;\">BF6X9601A<\/span><\/div>\n<p><span style=\"color: #000000;\">\u00a0<\/span><\/p>\n<div class=\"block-table\"><span style=\"color: #000000;\">OEM<\/span><br \/>\n<span style=\"color: #000000;\">250129620<\/span><\/div>\n<p><span style=\"color: #000000;\">\u00a0<\/span><\/p>\n<div class=\"block-table\"><span style=\"color: #000000;\">OEM<\/span><br \/>\n<span style=\"color: #000000;\">BG1X9601BA<\/span><\/div>\n<p><span style=\"color: #000000;\">\u00a0<\/span><\/p>\n<div class=\"block-table\"><span style=\"color: #000000;\">FLEETGUARD<\/span><br \/>\n<span style=\"color: #000000;\">AF25997<\/span><\/div>\n<p><span style=\"color: #000000;\">\u00a0<\/span><\/p>\n<div class=\"block-table\"><span style=\"color: #000000;\">FAMEL<\/span><br \/>\n<span style=\"color: #000000;\">FSR8136<\/span><\/div>\n<p><span style=\"color: #000000;\">\u00a0<\/span><\/td>\n<td class=\"searchCrossRef\" data-manufacturepartnumber=\"N\u00b0 de pieza del fabricante\">\n<div class=\"block-table\"><span style=\"color: #000000;\">TECNECO<\/span><br \/>\n<span style=\"color: #000000;\">AR2049<\/span><\/div>\n<p><span style=\"color: #000000;\">\u00a0<\/span><\/p>\n<div class=\"block-table\"><span style=\"color: #000000;\">PUROLATOR<\/span><br \/>\n<span style=\"color: #000000;\">A1144<\/span><\/div>\n<p><span style=\"color: #000000;\">\u00a0<\/span><\/p>\n<div class=\"block-table\"><span style=\"color: #000000;\">HASTING<\/span><br \/>\n<span style=\"color: #000000;\">J3535R<\/span><\/div>\n<p><span style=\"color: #000000;\">\u00a0<\/span><\/p>\n<div class=\"block-table\"><span style=\"color: #000000;\">TECFIL<\/span><br \/>\n<span style=\"color: #000000;\">ARS9839<\/span><\/div>\n<p><span style=\"color: #000000;\">\u00a0<\/span><\/p>\n<div class=\"block-table\"><span style=\"color: #000000;\">LANSS<\/span><br \/>\n<span style=\"color: #000000;\">EF 852R<\/span><\/div>\n<p><span style=\"color: #000000;\">\u00a0<\/span><\/p>\n<div class=\"block-table\"><span style=\"color: #000000;\">MASTERFILT<\/span><br \/>\n<span style=\"color: #000000;\">AMP196<\/span><\/div>\n<p><span style=\"color: #000000;\">\u00a0<\/span><\/p>\n<div class=\"block-table\"><span style=\"color: #000000;\">MARENO<\/span><br \/>\n<span style=\"color: #000000;\">MR318<\/span><\/div>\n<p><span style=\"color: #000000;\">\u00a0<\/span><\/p>\n<div class=\"block-table\"><span style=\"color: #000000;\">DONALDSON<\/span><br \/>\n<span style=\"color: #000000;\">P618941<\/span><\/div>\n<p><span style=\"color: #000000;\">\u00a0<\/span><\/p>\n<div class=\"block-table\"><span style=\"color: #000000;\">WIX<\/span><br \/>\n<span style=\"color: #000000;\">WA48915<\/span><\/div>\n<\/td>\n<\/tr>\n<\/tbody>\n<\/table>\n<div class=\"block-table\"><\/div>\n<h3><span style=\"background-color: #91dff2; font-size: 80%;\"><strong>APLICACIONES:\u00a0<\/strong><\/span><\/h3>\n<ol>\n<li><span style=\"color: #000000;\">MERCEDES BENZ O 500 M OM 906 2006\u2192<\/span><br \/>\n<span style=\"color: #000000;\">VW CAMIONES Y BUSES WORKER 26.260 EURO III &#8211; MWM 6.12 TCE 01\/2007\u2192<\/span><br \/>\n<span style=\"color: #000000;\">VW CAMIONES Y BUSES SERIE 2000 17.300 CAMI\u00d3N PESADO &#8211; CUMMINS 6CTAA 98\u219299<\/span><br \/>\n<span style=\"color: #000000;\">VW CAMIONES Y BUSES SERIE 2000 26.260 CAMI\u00d3N PESADO &#8211; CUMMINS 6CTAA 99\u219212\/2004<\/span><br \/>\n<span style=\"color: #000000;\">FORD CARGO 1121 &#8211; CUMMINS BT 5.9 2002\u2192<\/span><br \/>\n<span style=\"color: #000000;\">FORD CARGO 2628E &#8211; CUMMINS ISBE 5.9L 2005\u2192<\/span><br \/>\n<span style=\"color: #000000;\">FORD CARGO 1217 \/ 1417 \/ 1421\/ 1617 \/ 1621 &#8211; CUMMINS 6 BT B5.9 2002\u2192<\/span><br \/>\n<span style=\"color: #000000;\">FORD CARGO 1932 &#8211; CUMMINS ISC 6 320 P5 319CV 2011 \u2192<\/span><br \/>\n<span style=\"color: #000000;\">FORD CARGO 2631E TURBOALIMENTADA 8.270 &#8211; CUMMINS 6BTAA 2007 \u2192<\/span><br \/>\n<span style=\"color: #000000;\">FORD 1723 CUMMINS ISB6.7 226P7 2012 \u2192<\/span><br \/>\n<span style=\"color: #000000;\">VW CAMIONES Y BUSES SERIE 13T 13.180 &#8211; MWM 6.1 2004 \u2192<\/span><br \/>\n<span style=\"color: #000000;\">VW CAMIONES Y BUSES SERIE 17T 17.240 OT -MWM 6.10 TCA TURBO POSTENFRIADO 09\/2001\u2192<\/span><\/li>\n<\/ol>\n<hr \/>\n<p><strong><a href=\"https:\/\/pldistribucion.com.ar\/web\/categoria-producto\/filtros\/tecfil\/\" target=\"_blank\" rel=\"noopener\"><span style=\"color: #000080;\">Ver m\u00e1s filtros TECFIL<\/span><\/a><\/strong><\/p>\n<p><span style=\"color: #000000;\">(TECFIL es una industria de Filtros Automotrices presente en el mercado hace m\u00e1s de 67 a\u00f1os. La empresa, fundada el 20 de marzo de 1953, se especializ\u00f3 en el segmento, convirti\u00e9ndose en la f\u00e1brica de filtros m\u00e1s grande de Am\u00e9rica Latina. )\u00a0<\/span><\/p>\n<p><strong><span style=\"color: #000080;\"><a style=\"color: #000080;\" href=\"https:\/\/www.tecfil.com.br\/quem-somos\/?lang=es\" target=\"_blank\" rel=\"noopener\">Conoce m\u00e1s sobre TECFIL<\/a><\/span><\/strong><\/p>\n","protected":false},"excerpt":{"rendered":"<p><img loading=\"lazy\" decoding=\"async\" class=\"alignnone wp-image-4775\" src=\"https:\/\/pldistribucion.com.ar\/web\/wp-content\/uploads\/descarga-6-e1656605433472-300x119.png\" alt=\"\" width=\"247\" height=\"98\" srcset=\"https:\/\/pldistribucion.com.ar\/web\/wp-content\/uploads\/descarga-6-e1656605433472-300x119.png 300w, https:\/\/pldistribucion.com.ar\/web\/wp-content\/uploads\/descarga-6-e1656605433472.png 560w\" sizes=\"(max-width: 247px) 100vw, 247px\" \/><\/p>\n<h2 style=\"text-align: left;\"><span style=\"font-size: 75%;\"><strong><a rel=\"noopener noreferrer\" href=\"https:\/\/performancelube.mercadoshops.com.ar\/MLA-1145724246-filtro-de-aire-tecfil-ars9839-wap-103-_JM#position=1&#038;search_layout=stack&#038;type=item&#038;tracking_id=bbc8064c-7b0a-4bdf-bbd3-38c8c93e73bd\" target=\"_blank\" class=\"button primary\"  >\n    <span>VER EN TIENDA ?<\/span>\n  <\/a>\n<span style=\"color: #69314d;\">\u00a0<\/span><\/strong><strong>\u00a0<\/strong><\/span><\/h2>\n<p>TECFIL es una industria de Filtros Automotrices presente en el mercado hace m\u00e1s de 67 a\u00f1os. La empresa, fundada el 20 de marzo de 1953, se especializ\u00f3 en el segmento, generando una\u00a0alta tecnolog\u00eda con m\u00e1quinas y laboratorios de \u00faltima generaci\u00f3n.<\/p>\n","protected":false},"featured_media":4830,"comment_status":"open","ping_status":"closed","template":"","meta":[],"product_cat":[19],"product_tag":[],"yoast_head":"<!-- This site is optimized with the Yoast SEO plugin v23.0 - https:\/\/yoast.com\/wordpress\/plugins\/seo\/ -->\n<title>TECFIL ARS9839 - Perfomance Lube - Filtros<\/title>\n<meta name=\"description\" content=\"Distribuidor de filtros TECFIL de diferentes aplicaciones. Env\u00edos a todo el pa\u00eds. Variedad de productos y stock disponible.\" \/>\n<meta name=\"robots\" content=\"index, follow, max-snippet:-1, max-image-preview:large, max-video-preview:-1\" \/>\n<link rel=\"canonical\" href=\"https:\/\/pldistribucion.com.ar\/web\/producto\/tecfil-ars9839\/\" \/>\n<meta property=\"og:locale\" content=\"es_ES\" \/>\n<meta property=\"og:type\" content=\"article\" \/>\n<meta property=\"og:title\" content=\"TECFIL ARS9839 - Perfomance Lube - Filtros\" \/>\n<meta property=\"og:description\" content=\"Distribuidor de filtros TECFIL de diferentes aplicaciones. Env\u00edos a todo el pa\u00eds. Variedad de productos y stock disponible.\" \/>\n<meta property=\"og:url\" content=\"https:\/\/pldistribucion.com.ar\/web\/producto\/tecfil-ars9839\/\" \/>\n<meta property=\"og:site_name\" content=\"Perfomance Lube\" \/>\n<meta property=\"og:image\" content=\"https:\/\/pldistribucion.com.ar\/web\/wp-content\/uploads\/ARS9839A.jpg\" \/>\n\t<meta property=\"og:image:width\" content=\"800\" \/>\n\t<meta property=\"og:image:height\" content=\"600\" \/>\n\t<meta property=\"og:image:type\" content=\"image\/jpeg\" \/>\n<meta name=\"twitter:card\" content=\"summary_large_image\" \/>\n<meta name=\"twitter:label1\" content=\"Tiempo de lectura\" \/>\n\t<meta name=\"twitter:data1\" content=\"2 minutos\" \/>\n<script type=\"application\/ld+json\" class=\"yoast-schema-graph\">{\"@context\":\"https:\/\/schema.org\",\"@graph\":[{\"@type\":\"WebPage\",\"@id\":\"https:\/\/pldistribucion.com.ar\/web\/producto\/tecfil-ars9839\/\",\"url\":\"https:\/\/pldistribucion.com.ar\/web\/producto\/tecfil-ars9839\/\",\"name\":\"TECFIL ARS9839 - Perfomance Lube - Filtros\",\"isPartOf\":{\"@id\":\"https:\/\/pldistribucion.com.ar\/web\/#website\"},\"primaryImageOfPage\":{\"@id\":\"https:\/\/pldistribucion.com.ar\/web\/producto\/tecfil-ars9839\/#primaryimage\"},\"image\":{\"@id\":\"https:\/\/pldistribucion.com.ar\/web\/producto\/tecfil-ars9839\/#primaryimage\"},\"thumbnailUrl\":\"https:\/\/pldistribucion.com.ar\/web\/wp-content\/uploads\/ARS9839A.jpg\",\"datePublished\":\"2022-07-06T16:12:04+00:00\",\"dateModified\":\"2022-07-06T16:12:04+00:00\",\"description\":\"Distribuidor de filtros TECFIL de diferentes aplicaciones. Env\u00edos a todo el pa\u00eds. Variedad de productos y stock disponible.\",\"breadcrumb\":{\"@id\":\"https:\/\/pldistribucion.com.ar\/web\/producto\/tecfil-ars9839\/#breadcrumb\"},\"inLanguage\":\"es\",\"potentialAction\":[{\"@type\":\"ReadAction\",\"target\":[\"https:\/\/pldistribucion.com.ar\/web\/producto\/tecfil-ars9839\/\"]}]},{\"@type\":\"ImageObject\",\"inLanguage\":\"es\",\"@id\":\"https:\/\/pldistribucion.com.ar\/web\/producto\/tecfil-ars9839\/#primaryimage\",\"url\":\"https:\/\/pldistribucion.com.ar\/web\/wp-content\/uploads\/ARS9839A.jpg\",\"contentUrl\":\"https:\/\/pldistribucion.com.ar\/web\/wp-content\/uploads\/ARS9839A.jpg\",\"width\":800,\"height\":600,\"caption\":\"TECFIL ARS9839\"},{\"@type\":\"BreadcrumbList\",\"@id\":\"https:\/\/pldistribucion.com.ar\/web\/producto\/tecfil-ars9839\/#breadcrumb\",\"itemListElement\":[{\"@type\":\"ListItem\",\"position\":1,\"name\":\"Portada\",\"item\":\"https:\/\/pldistribucion.com.ar\/web\/\"},{\"@type\":\"ListItem\",\"position\":2,\"name\":\"Productos\",\"item\":\"https:\/\/pldistribucion.com.ar\/web\/productos\/\"},{\"@type\":\"ListItem\",\"position\":3,\"name\":\"TECFIL ARS9839\"}]},{\"@type\":\"WebSite\",\"@id\":\"https:\/\/pldistribucion.com.ar\/web\/#website\",\"url\":\"https:\/\/pldistribucion.com.ar\/web\/\",\"name\":\"Perfomance Lube\",\"description\":\"\",\"publisher\":{\"@id\":\"https:\/\/pldistribucion.com.ar\/web\/#organization\"},\"potentialAction\":[{\"@type\":\"SearchAction\",\"target\":{\"@type\":\"EntryPoint\",\"urlTemplate\":\"https:\/\/pldistribucion.com.ar\/web\/?s={search_term_string}\"},\"query-input\":\"required name=search_term_string\"}],\"inLanguage\":\"es\"},{\"@type\":\"Organization\",\"@id\":\"https:\/\/pldistribucion.com.ar\/web\/#organization\",\"name\":\"PERFORMANCE LUBE\",\"url\":\"https:\/\/pldistribucion.com.ar\/web\/\",\"logo\":{\"@type\":\"ImageObject\",\"inLanguage\":\"es\",\"@id\":\"https:\/\/pldistribucion.com.ar\/web\/#\/schema\/logo\/image\/\",\"url\":\"https:\/\/pldistribucion.com.ar\/web\/wp-content\/uploads\/pld_logo_GB-removebg-preview.png\",\"contentUrl\":\"https:\/\/pldistribucion.com.ar\/web\/wp-content\/uploads\/pld_logo_GB-removebg-preview.png\",\"width\":787,\"height\":317,\"caption\":\"PERFORMANCE LUBE\"},\"image\":{\"@id\":\"https:\/\/pldistribucion.com.ar\/web\/#\/schema\/logo\/image\/\"}}]}<\/script>\n<!-- \/ Yoast SEO plugin. -->","yoast_head_json":{"title":"TECFIL ARS9839 - Perfomance Lube - Filtros","description":"Distribuidor de filtros TECFIL de diferentes aplicaciones. Env\u00edos a todo el pa\u00eds. Variedad de productos y stock disponible.","robots":{"index":"index","follow":"follow","max-snippet":"max-snippet:-1","max-image-preview":"max-image-preview:large","max-video-preview":"max-video-preview:-1"},"canonical":"https:\/\/pldistribucion.com.ar\/web\/producto\/tecfil-ars9839\/","og_locale":"es_ES","og_type":"article","og_title":"TECFIL ARS9839 - Perfomance Lube - Filtros","og_description":"Distribuidor de filtros TECFIL de diferentes aplicaciones. Env\u00edos a todo el pa\u00eds. Variedad de productos y stock disponible.","og_url":"https:\/\/pldistribucion.com.ar\/web\/producto\/tecfil-ars9839\/","og_site_name":"Perfomance Lube","og_image":[{"width":800,"height":600,"url":"https:\/\/pldistribucion.com.ar\/web\/wp-content\/uploads\/ARS9839A.jpg","type":"image\/jpeg"}],"twitter_card":"summary_large_image","twitter_misc":{"Tiempo de lectura":"2 minutos"},"schema":{"@context":"https:\/\/schema.org","@graph":[{"@type":"WebPage","@id":"https:\/\/pldistribucion.com.ar\/web\/producto\/tecfil-ars9839\/","url":"https:\/\/pldistribucion.com.ar\/web\/producto\/tecfil-ars9839\/","name":"TECFIL ARS9839 - Perfomance Lube - Filtros","isPartOf":{"@id":"https:\/\/pldistribucion.com.ar\/web\/#website"},"primaryImageOfPage":{"@id":"https:\/\/pldistribucion.com.ar\/web\/producto\/tecfil-ars9839\/#primaryimage"},"image":{"@id":"https:\/\/pldistribucion.com.ar\/web\/producto\/tecfil-ars9839\/#primaryimage"},"thumbnailUrl":"https:\/\/pldistribucion.com.ar\/web\/wp-content\/uploads\/ARS9839A.jpg","datePublished":"2022-07-06T16:12:04+00:00","dateModified":"2022-07-06T16:12:04+00:00","description":"Distribuidor de filtros TECFIL de diferentes aplicaciones. Env\u00edos a todo el pa\u00eds. Variedad de productos y stock disponible.","breadcrumb":{"@id":"https:\/\/pldistribucion.com.ar\/web\/producto\/tecfil-ars9839\/#breadcrumb"},"inLanguage":"es","potentialAction":[{"@type":"ReadAction","target":["https:\/\/pldistribucion.com.ar\/web\/producto\/tecfil-ars9839\/"]}]},{"@type":"ImageObject","inLanguage":"es","@id":"https:\/\/pldistribucion.com.ar\/web\/producto\/tecfil-ars9839\/#primaryimage","url":"https:\/\/pldistribucion.com.ar\/web\/wp-content\/uploads\/ARS9839A.jpg","contentUrl":"https:\/\/pldistribucion.com.ar\/web\/wp-content\/uploads\/ARS9839A.jpg","width":800,"height":600,"caption":"TECFIL ARS9839"},{"@type":"BreadcrumbList","@id":"https:\/\/pldistribucion.com.ar\/web\/producto\/tecfil-ars9839\/#breadcrumb","itemListElement":[{"@type":"ListItem","position":1,"name":"Portada","item":"https:\/\/pldistribucion.com.ar\/web\/"},{"@type":"ListItem","position":2,"name":"Productos","item":"https:\/\/pldistribucion.com.ar\/web\/productos\/"},{"@type":"ListItem","position":3,"name":"TECFIL ARS9839"}]},{"@type":"WebSite","@id":"https:\/\/pldistribucion.com.ar\/web\/#website","url":"https:\/\/pldistribucion.com.ar\/web\/","name":"Perfomance Lube","description":"","publisher":{"@id":"https:\/\/pldistribucion.com.ar\/web\/#organization"},"potentialAction":[{"@type":"SearchAction","target":{"@type":"EntryPoint","urlTemplate":"https:\/\/pldistribucion.com.ar\/web\/?s={search_term_string}"},"query-input":"required name=search_term_string"}],"inLanguage":"es"},{"@type":"Organization","@id":"https:\/\/pldistribucion.com.ar\/web\/#organization","name":"PERFORMANCE LUBE","url":"https:\/\/pldistribucion.com.ar\/web\/","logo":{"@type":"ImageObject","inLanguage":"es","@id":"https:\/\/pldistribucion.com.ar\/web\/#\/schema\/logo\/image\/","url":"https:\/\/pldistribucion.com.ar\/web\/wp-content\/uploads\/pld_logo_GB-removebg-preview.png","contentUrl":"https:\/\/pldistribucion.com.ar\/web\/wp-content\/uploads\/pld_logo_GB-removebg-preview.png","width":787,"height":317,"caption":"PERFORMANCE LUBE"},"image":{"@id":"https:\/\/pldistribucion.com.ar\/web\/#\/schema\/logo\/image\/"}}]}},"_links":{"self":[{"href":"https:\/\/pldistribucion.com.ar\/web\/wp-json\/wp\/v2\/product\/4829"}],"collection":[{"href":"https:\/\/pldistribucion.com.ar\/web\/wp-json\/wp\/v2\/product"}],"about":[{"href":"https:\/\/pldistribucion.com.ar\/web\/wp-json\/wp\/v2\/types\/product"}],"replies":[{"embeddable":true,"href":"https:\/\/pldistribucion.com.ar\/web\/wp-json\/wp\/v2\/comments?post=4829"}],"wp:featuredmedia":[{"embeddable":true,"href":"https:\/\/pldistribucion.com.ar\/web\/wp-json\/wp\/v2\/media\/4830"}],"wp:attachment":[{"href":"https:\/\/pldistribucion.com.ar\/web\/wp-json\/wp\/v2\/media?parent=4829"}],"wp:term":[{"taxonomy":"product_cat","embeddable":true,"href":"https:\/\/pldistribucion.com.ar\/web\/wp-json\/wp\/v2\/product_cat?post=4829"},{"taxonomy":"product_tag","embeddable":true,"href":"https:\/\/pldistribucion.com.ar\/web\/wp-json\/wp\/v2\/product_tag?post=4829"}],"curies":[{"name":"wp","href":"https:\/\/api.w.org\/{rel}","templated":true}]}}