{"id":4802,"date":"2022-07-06T12:09:12","date_gmt":"2022-07-06T12:09:12","guid":{"rendered":"https:\/\/pldistribucion.com.ar\/web\/?post_type=product&#038;p=4802"},"modified":"2022-07-06T12:22:54","modified_gmt":"2022-07-06T12:22:54","slug":"tecfil-pl447","status":"publish","type":"product","link":"https:\/\/pldistribucion.com.ar\/web\/producto\/tecfil-pl447\/","title":{"rendered":"TECFIL PL447"},"content":{"rendered":"<h1><strong><span style=\"font-size: 80%;\">TECFIL PL447 \/ FILTRO DE ACEITE.<\/span><\/strong><\/h1>\n<p><strong>TECFIL PL447 \u27a2\u00a0<\/strong><\/p>\n<h3><span style=\"font-size: 16.128px; background-color: #91dff2;\"><b>ATRIBUTOS:<\/b><\/span><\/h3>\n<table class=\"table table-sm table-striped\" style=\"height: 242px;\" width=\"831\">\n<tbody>\n<tr class=\"ng-star-inserted\">\n<th class=\"ng-star-inserted\">Marca<\/th>\n<td class=\"ng-star-inserted\"><span style=\"color: #000000;\">Tecfil<\/span><\/td>\n<\/tr>\n<tr class=\"ng-star-inserted\">\n<th class=\"ng-star-inserted\">Filtro original<\/th>\n<td class=\"ng-star-inserted\"><span style=\"color: #000000;\">4031840025<\/span><\/td>\n<\/tr>\n<tr class=\"ng-star-inserted\">\n<th class=\"ng-star-inserted\">\u00a0Funci\u00f3n del filtro<\/th>\n<td class=\"ng-star-inserted\">Lubricante<\/td>\n<\/tr>\n<tr class=\"ng-star-inserted\">\n<th class=\"ng-star-inserted\">Filtrar elemento<\/th>\n<td class=\"ng-star-inserted\">Papel<\/td>\n<\/tr>\n<tr class=\"ng-star-inserted\">\n<th class=\"ng-star-inserted\">Altura<\/th>\n<td class=\"ng-star-inserted\">270<\/td>\n<\/tr>\n<tr class=\"ng-star-inserted\">\n<th class=\"ng-star-inserted\">Di\u00e1metro externo compuesto<\/th>\n<td class=\"ng-star-inserted\">120<\/td>\n<\/tr>\n<tr class=\"ng-star-inserted\">\n<th class=\"ng-star-inserted\">Peso (kg)<\/th>\n<td class=\"ng-star-inserted\">0.708<\/td>\n<\/tr>\n<tr class=\"ng-star-inserted\">\n<th class=\"ng-star-inserted\">Peso Neto<\/th>\n<td class=\"ng-star-inserted\">0,613<\/td>\n<\/tr>\n<tr class=\"ng-star-inserted\">\n<th class=\"ng-star-inserted\">Diametro interno largo<\/th>\n<td class=\"ng-star-inserted\">56-13,8<\/td>\n<\/tr>\n<\/tbody>\n<\/table>\n<h3><span style=\"background-color: #91dff2; font-size: 80%;\"><strong>EQUIVALENCIAS :<\/strong><\/span><\/h3>\n<table class=\"table applicationPartTablePDP \" style=\"height: 53px;\" width=\"754\">\n<thead>\n<tr>\n<th class=\"col-lg-2 crossReferencemanufactureName\" data-sortcolumn=\"manufactureNameSortableValue\">&#8211;<\/th>\n<th class=\"col-lg-2 crossReferencemanufacturePartNumber\">&#8211;<\/th>\n<\/tr>\n<\/thead>\n<tbody>\n<tr class=\"parentRows greyColor\" data-target=\".ManufacturerName_0\">\n<td class=\"searchCrossRef\" data-manufacturer=\"Nombre del fabricante\">\n<div class=\"block-table\"><strong>WEGA<\/strong><br \/>\nWEO-0001<\/div>\n<div class=\"block-table\"><strong>FRAM<\/strong><br \/>\nCH 2962<\/div>\n<div class=\"block-table\"><strong>FRAM<\/strong><br \/>\nCH 7707<\/div>\n<div class=\"block-table\"><strong>FRAM<\/strong><br \/>\nFA4901A<\/div>\n<div class=\"block-table\"><strong>MANN<\/strong><br \/>\nH 12110\/2<\/div>\n<div class=\"block-table\"><strong>MANN<\/strong><br \/>\nH 12110\/2x<\/div>\n<div class=\"block-table\"><strong>OEM<\/strong><br \/>\n0011843825<\/div>\n<div class=\"block-table\"><strong>OEM<\/strong><br \/>\n0001801109<\/div>\n<div class=\"block-table\"><strong>OEM<\/strong><br \/>\n0021847725<\/div>\n<div class=\"block-table\"><strong>OEM<\/strong><br \/>\n0001843825<\/div>\n<\/td>\n<td class=\"searchCrossRef\" data-manufacturepartnumber=\"N\u00b0 de pieza del fabricante\">\n<div class=\"block-table\"><strong>BALDWIN<\/strong><br \/>\nP294<\/div>\n<div class=\"block-table\"><strong>FLEETGUARD<\/strong><br \/>\nLF3327<\/div>\n<div class=\"block-table\"><strong>TECNECO<\/strong><br \/>\nOL710C<\/div>\n<div class=\"block-table\"><strong>BOSCH<\/strong><br \/>\n0986B01561<\/div>\n<div class=\"block-table\"><strong>PUROLATOR<\/strong><br \/>\nL1070<\/div>\n<div class=\"block-table\"><strong>HASTING<\/strong><br \/>\nT2149<\/div>\n<div class=\"block-table\"><strong>TECFIL<\/strong><br \/>\nPL447<\/div>\n<div class=\"block-table\"><strong>LANSS<\/strong><br \/>\nPN 166<\/div>\n<div class=\"block-table\"><strong>MARENO<\/strong><br \/>\nEL114<\/div>\n<div class=\"block-table\"><strong>WIX<\/strong><br \/>\nWL54010<\/div>\n<\/td>\n<\/tr>\n<\/tbody>\n<\/table>\n<div class=\"block-table\"><\/div>\n<h3><span style=\"background-color: #91dff2; font-size: 80%;\"><strong>APLICACIONES:\u00a0<\/strong><\/span><\/h3>\n<ol>\n<li><span style=\"color: #000000;\">CLAAS PICADORA JAGUAR 860 &#8211; 880 MB OM 442 LA<\/span><br \/>\n<span style=\"color: #000000;\">LIEBHERR CAMI\u00d3N LTM 1160, 1300 MERCEDES BENZ OM 424 A<\/span><br \/>\n<span style=\"color: #000000;\">LIEBHERR CAMI\u00d3N LTM 1040 DB OM 442<\/span><br \/>\n<span style=\"color: #000000;\">LIEBHERR CAMI\u00d3N LTM 1400 MERCEDES BENZ OM 444 A<\/span><br \/>\n<span style=\"color: #000000;\">MERCEDES BENZ 1938 L \/ LS &#8211; OM 447 LA &#8211;<\/span><br \/>\n<span style=\"color: #000000;\">MERCEDES BENZ 2635 L \/ LK \/ LS (6X4) &#8211; OM 447 LA TURBOCOOLER &#8211;<\/span><br \/>\n<span style=\"color: #000000;\">MERCEDES BENZ 1638 MB 0374 CHASIS &#8211; OM 447 &#8211;<\/span><br \/>\n<span style=\"color: #000000;\">MERCEDES BENZ 1638 MB 0374 CHASIS &#8211; OM 447 &#8211;<\/span><br \/>\n<span style=\"color: #000000;\">MERCEDES BENZ LS 1935, L &#8211; LS 1941 OM 447 LA TURBOCOOLER &#8211;<\/span><br \/>\n<span style=\"color: #000000;\">MERCEDES BENZ ATRON 1735 (BLUE TEC 5) &#8211; OM457LA 2016 \u2192<\/span><br \/>\n<span style=\"color: #000000;\">MERCEDES BENZ 1634 L \/ LS OM 447 LA II 01\/2000\u2192<\/span><br \/>\n<span style=\"color: #000000;\">MERCEDES BENZ O 500 RS &#8211; RSD OM 457 LA 2006\u2192<\/span><br \/>\n<span style=\"color: #000000;\">MERCEDES BENZ 1844 OM 440 LA 1992\u21921996<\/span><br \/>\n<span style=\"color: #000000;\">MERCEDES BENZ 2044 OM 440 LA 1992 \u2192 1996<\/span><br \/>\n<span style=\"color: #000000;\">MERCEDES BENZ 1644, 1844, 1944, 2044, 2244, 2544, 2644, 3244, 3544 OM 442 LA 06\/1993\u2192<\/span><br \/>\n<span style=\"color: #000000;\">MERCEDES BENZ 2544 OM 440 LA 1992\u21921996<\/span><br \/>\n<span style=\"color: #000000;\">MERCEDES BENZ 2638 LS \/ L &#8211; OM 457 LA 1998\u2192<\/span><br \/>\n<span style=\"color: #000000;\">MERCEDES BENZ 2638 L \/ LS \/ LK &#8211; OM 457 LA TURBOCOOLER &#8211; EURO III 2007\u2192<\/span><br \/>\n<span style=\"color: #000000;\">MERCEDES BENZ 2644 OM 440 LA 1992\u21921996<\/span><br \/>\n<span style=\"color: #000000;\">CLAAS COSECHADORA JAGUAR 830 &#8211; MB OM 457 LA 11\/2000\u2192<\/span><br \/>\n<span style=\"color: #000000;\">CLAAS COSECHADORA JAGUAR 850 &#8211; MB OM 457 LA 11\/2000\u2192<\/span><br \/>\n<span style=\"color: #000000;\">CLAAS COSECHADORA JAGUAR 870 &#8211; MB OM 457 LA 11\/2000\u2192<\/span><\/li>\n<\/ol>\n<hr \/>\n<p><strong><a href=\"https:\/\/pldistribucion.com.ar\/web\/categoria-producto\/filtros\/tecfil\/\" target=\"_blank\" rel=\"noopener\"><span style=\"color: #000080;\">Ver m\u00e1s filtros TECFIL<\/span><\/a><\/strong><\/p>\n<p><span style=\"color: #000000;\">(TECFIL es una industria de Filtros Automotrices presente en el mercado hace m\u00e1s de 67 a\u00f1os. La empresa, fundada el 20 de marzo de 1953, se especializ\u00f3 en el segmento, convirti\u00e9ndose en la f\u00e1brica de filtros m\u00e1s grande de Am\u00e9rica Latina. )\u00a0<\/span><\/p>\n<p><strong><span style=\"color: #000080;\"><a style=\"color: #000080;\" href=\"https:\/\/www.tecfil.com.br\/quem-somos\/?lang=es\" target=\"_blank\" rel=\"noopener\">Conoce m\u00e1s sobre TECFIL<\/a><\/span><\/strong><\/p>\n","protected":false},"excerpt":{"rendered":"<p><img loading=\"lazy\" decoding=\"async\" class=\"alignnone wp-image-4775\" src=\"https:\/\/pldistribucion.com.ar\/web\/wp-content\/uploads\/descarga-6-e1656605433472-300x119.png\" alt=\"\" width=\"247\" height=\"98\" srcset=\"https:\/\/pldistribucion.com.ar\/web\/wp-content\/uploads\/descarga-6-e1656605433472-300x119.png 300w, https:\/\/pldistribucion.com.ar\/web\/wp-content\/uploads\/descarga-6-e1656605433472.png 560w\" sizes=\"(max-width: 247px) 100vw, 247px\" \/><\/p>\n<h2 style=\"text-align: left;\"><span style=\"font-size: 75%;\"><strong><a rel=\"noopener noreferrer\" href=\"https:\/\/performancelube.mercadoshops.com.ar\/MLA-1145609861-filtro-de-aceite-tecfil-pl447-weo-0001-_JM#position=1&#038;search_layout=stack&#038;type=item&#038;tracking_id=bbc8064c-7b0a-4bdf-bbd3-38c8c93e73bd\" target=\"_blank\" class=\"button primary\"  >\n    <span>VER EN TIENDA ?<\/span>\n  <\/a>\n<span style=\"color: #69314d;\">\u00a0<\/span><\/strong><strong>\u00a0<\/strong><\/span><\/h2>\n<p>TECFIL es una industria de Filtros Automotrices presente en el mercado hace m\u00e1s de 67 a\u00f1os. La empresa, fundada el 20 de marzo de 1953, se especializ\u00f3 en el segmento, generando una\u00a0alta tecnolog\u00eda con m\u00e1quinas y laboratorios de \u00faltima generaci\u00f3n.<\/p>\n","protected":false},"featured_media":4808,"comment_status":"open","ping_status":"closed","template":"","meta":[],"product_cat":[19],"product_tag":[],"yoast_head":"<!-- This site is optimized with the Yoast SEO plugin v23.0 - https:\/\/yoast.com\/wordpress\/plugins\/seo\/ -->\n<title>TECFIL PL447 - Perfomance Lube - Filtros<\/title>\n<meta name=\"description\" content=\"Distribuidor de filtros TECFIL de diferentes aplicaciones. Env\u00edos a todo el pa\u00eds. Variedad de productos y stock disponible.\" \/>\n<meta name=\"robots\" content=\"index, follow, max-snippet:-1, max-image-preview:large, max-video-preview:-1\" \/>\n<link rel=\"canonical\" href=\"https:\/\/pldistribucion.com.ar\/web\/producto\/tecfil-pl447\/\" \/>\n<meta property=\"og:locale\" content=\"es_ES\" \/>\n<meta property=\"og:type\" content=\"article\" \/>\n<meta property=\"og:title\" content=\"TECFIL PL447 - Perfomance Lube - Filtros\" \/>\n<meta property=\"og:description\" content=\"Distribuidor de filtros TECFIL de diferentes aplicaciones. Env\u00edos a todo el pa\u00eds. Variedad de productos y stock disponible.\" \/>\n<meta property=\"og:url\" content=\"https:\/\/pldistribucion.com.ar\/web\/producto\/tecfil-pl447\/\" \/>\n<meta property=\"og:site_name\" content=\"Perfomance Lube\" \/>\n<meta property=\"article:modified_time\" content=\"2022-07-06T12:22:54+00:00\" \/>\n<meta property=\"og:image\" content=\"https:\/\/pldistribucion.com.ar\/web\/wp-content\/uploads\/PL447A.jpg\" \/>\n\t<meta property=\"og:image:width\" content=\"800\" \/>\n\t<meta property=\"og:image:height\" content=\"600\" \/>\n\t<meta property=\"og:image:type\" content=\"image\/jpeg\" \/>\n<meta name=\"twitter:card\" content=\"summary_large_image\" \/>\n<meta name=\"twitter:label1\" content=\"Tiempo de lectura\" \/>\n\t<meta name=\"twitter:data1\" content=\"2 minutos\" \/>\n<script type=\"application\/ld+json\" class=\"yoast-schema-graph\">{\"@context\":\"https:\/\/schema.org\",\"@graph\":[{\"@type\":\"WebPage\",\"@id\":\"https:\/\/pldistribucion.com.ar\/web\/producto\/tecfil-pl447\/\",\"url\":\"https:\/\/pldistribucion.com.ar\/web\/producto\/tecfil-pl447\/\",\"name\":\"TECFIL PL447 - Perfomance Lube - Filtros\",\"isPartOf\":{\"@id\":\"https:\/\/pldistribucion.com.ar\/web\/#website\"},\"primaryImageOfPage\":{\"@id\":\"https:\/\/pldistribucion.com.ar\/web\/producto\/tecfil-pl447\/#primaryimage\"},\"image\":{\"@id\":\"https:\/\/pldistribucion.com.ar\/web\/producto\/tecfil-pl447\/#primaryimage\"},\"thumbnailUrl\":\"https:\/\/pldistribucion.com.ar\/web\/wp-content\/uploads\/PL447A.jpg\",\"datePublished\":\"2022-07-06T12:09:12+00:00\",\"dateModified\":\"2022-07-06T12:22:54+00:00\",\"description\":\"Distribuidor de filtros TECFIL de diferentes aplicaciones. Env\u00edos a todo el pa\u00eds. Variedad de productos y stock disponible.\",\"breadcrumb\":{\"@id\":\"https:\/\/pldistribucion.com.ar\/web\/producto\/tecfil-pl447\/#breadcrumb\"},\"inLanguage\":\"es\",\"potentialAction\":[{\"@type\":\"ReadAction\",\"target\":[\"https:\/\/pldistribucion.com.ar\/web\/producto\/tecfil-pl447\/\"]}]},{\"@type\":\"ImageObject\",\"inLanguage\":\"es\",\"@id\":\"https:\/\/pldistribucion.com.ar\/web\/producto\/tecfil-pl447\/#primaryimage\",\"url\":\"https:\/\/pldistribucion.com.ar\/web\/wp-content\/uploads\/PL447A.jpg\",\"contentUrl\":\"https:\/\/pldistribucion.com.ar\/web\/wp-content\/uploads\/PL447A.jpg\",\"width\":800,\"height\":600,\"caption\":\"TECFIL PL447\"},{\"@type\":\"BreadcrumbList\",\"@id\":\"https:\/\/pldistribucion.com.ar\/web\/producto\/tecfil-pl447\/#breadcrumb\",\"itemListElement\":[{\"@type\":\"ListItem\",\"position\":1,\"name\":\"Portada\",\"item\":\"https:\/\/pldistribucion.com.ar\/web\/\"},{\"@type\":\"ListItem\",\"position\":2,\"name\":\"Productos\",\"item\":\"https:\/\/pldistribucion.com.ar\/web\/productos\/\"},{\"@type\":\"ListItem\",\"position\":3,\"name\":\"TECFIL PL447\"}]},{\"@type\":\"WebSite\",\"@id\":\"https:\/\/pldistribucion.com.ar\/web\/#website\",\"url\":\"https:\/\/pldistribucion.com.ar\/web\/\",\"name\":\"Perfomance Lube\",\"description\":\"\",\"publisher\":{\"@id\":\"https:\/\/pldistribucion.com.ar\/web\/#organization\"},\"potentialAction\":[{\"@type\":\"SearchAction\",\"target\":{\"@type\":\"EntryPoint\",\"urlTemplate\":\"https:\/\/pldistribucion.com.ar\/web\/?s={search_term_string}\"},\"query-input\":\"required name=search_term_string\"}],\"inLanguage\":\"es\"},{\"@type\":\"Organization\",\"@id\":\"https:\/\/pldistribucion.com.ar\/web\/#organization\",\"name\":\"PERFORMANCE LUBE\",\"url\":\"https:\/\/pldistribucion.com.ar\/web\/\",\"logo\":{\"@type\":\"ImageObject\",\"inLanguage\":\"es\",\"@id\":\"https:\/\/pldistribucion.com.ar\/web\/#\/schema\/logo\/image\/\",\"url\":\"https:\/\/pldistribucion.com.ar\/web\/wp-content\/uploads\/pld_logo_GB-removebg-preview.png\",\"contentUrl\":\"https:\/\/pldistribucion.com.ar\/web\/wp-content\/uploads\/pld_logo_GB-removebg-preview.png\",\"width\":787,\"height\":317,\"caption\":\"PERFORMANCE LUBE\"},\"image\":{\"@id\":\"https:\/\/pldistribucion.com.ar\/web\/#\/schema\/logo\/image\/\"}}]}<\/script>\n<!-- \/ Yoast SEO plugin. -->","yoast_head_json":{"title":"TECFIL PL447 - Perfomance Lube - Filtros","description":"Distribuidor de filtros TECFIL de diferentes aplicaciones. Env\u00edos a todo el pa\u00eds. Variedad de productos y stock disponible.","robots":{"index":"index","follow":"follow","max-snippet":"max-snippet:-1","max-image-preview":"max-image-preview:large","max-video-preview":"max-video-preview:-1"},"canonical":"https:\/\/pldistribucion.com.ar\/web\/producto\/tecfil-pl447\/","og_locale":"es_ES","og_type":"article","og_title":"TECFIL PL447 - Perfomance Lube - Filtros","og_description":"Distribuidor de filtros TECFIL de diferentes aplicaciones. Env\u00edos a todo el pa\u00eds. Variedad de productos y stock disponible.","og_url":"https:\/\/pldistribucion.com.ar\/web\/producto\/tecfil-pl447\/","og_site_name":"Perfomance Lube","article_modified_time":"2022-07-06T12:22:54+00:00","og_image":[{"width":800,"height":600,"url":"https:\/\/pldistribucion.com.ar\/web\/wp-content\/uploads\/PL447A.jpg","type":"image\/jpeg"}],"twitter_card":"summary_large_image","twitter_misc":{"Tiempo de lectura":"2 minutos"},"schema":{"@context":"https:\/\/schema.org","@graph":[{"@type":"WebPage","@id":"https:\/\/pldistribucion.com.ar\/web\/producto\/tecfil-pl447\/","url":"https:\/\/pldistribucion.com.ar\/web\/producto\/tecfil-pl447\/","name":"TECFIL PL447 - Perfomance Lube - Filtros","isPartOf":{"@id":"https:\/\/pldistribucion.com.ar\/web\/#website"},"primaryImageOfPage":{"@id":"https:\/\/pldistribucion.com.ar\/web\/producto\/tecfil-pl447\/#primaryimage"},"image":{"@id":"https:\/\/pldistribucion.com.ar\/web\/producto\/tecfil-pl447\/#primaryimage"},"thumbnailUrl":"https:\/\/pldistribucion.com.ar\/web\/wp-content\/uploads\/PL447A.jpg","datePublished":"2022-07-06T12:09:12+00:00","dateModified":"2022-07-06T12:22:54+00:00","description":"Distribuidor de filtros TECFIL de diferentes aplicaciones. Env\u00edos a todo el pa\u00eds. Variedad de productos y stock disponible.","breadcrumb":{"@id":"https:\/\/pldistribucion.com.ar\/web\/producto\/tecfil-pl447\/#breadcrumb"},"inLanguage":"es","potentialAction":[{"@type":"ReadAction","target":["https:\/\/pldistribucion.com.ar\/web\/producto\/tecfil-pl447\/"]}]},{"@type":"ImageObject","inLanguage":"es","@id":"https:\/\/pldistribucion.com.ar\/web\/producto\/tecfil-pl447\/#primaryimage","url":"https:\/\/pldistribucion.com.ar\/web\/wp-content\/uploads\/PL447A.jpg","contentUrl":"https:\/\/pldistribucion.com.ar\/web\/wp-content\/uploads\/PL447A.jpg","width":800,"height":600,"caption":"TECFIL PL447"},{"@type":"BreadcrumbList","@id":"https:\/\/pldistribucion.com.ar\/web\/producto\/tecfil-pl447\/#breadcrumb","itemListElement":[{"@type":"ListItem","position":1,"name":"Portada","item":"https:\/\/pldistribucion.com.ar\/web\/"},{"@type":"ListItem","position":2,"name":"Productos","item":"https:\/\/pldistribucion.com.ar\/web\/productos\/"},{"@type":"ListItem","position":3,"name":"TECFIL PL447"}]},{"@type":"WebSite","@id":"https:\/\/pldistribucion.com.ar\/web\/#website","url":"https:\/\/pldistribucion.com.ar\/web\/","name":"Perfomance Lube","description":"","publisher":{"@id":"https:\/\/pldistribucion.com.ar\/web\/#organization"},"potentialAction":[{"@type":"SearchAction","target":{"@type":"EntryPoint","urlTemplate":"https:\/\/pldistribucion.com.ar\/web\/?s={search_term_string}"},"query-input":"required name=search_term_string"}],"inLanguage":"es"},{"@type":"Organization","@id":"https:\/\/pldistribucion.com.ar\/web\/#organization","name":"PERFORMANCE LUBE","url":"https:\/\/pldistribucion.com.ar\/web\/","logo":{"@type":"ImageObject","inLanguage":"es","@id":"https:\/\/pldistribucion.com.ar\/web\/#\/schema\/logo\/image\/","url":"https:\/\/pldistribucion.com.ar\/web\/wp-content\/uploads\/pld_logo_GB-removebg-preview.png","contentUrl":"https:\/\/pldistribucion.com.ar\/web\/wp-content\/uploads\/pld_logo_GB-removebg-preview.png","width":787,"height":317,"caption":"PERFORMANCE LUBE"},"image":{"@id":"https:\/\/pldistribucion.com.ar\/web\/#\/schema\/logo\/image\/"}}]}},"_links":{"self":[{"href":"https:\/\/pldistribucion.com.ar\/web\/wp-json\/wp\/v2\/product\/4802"}],"collection":[{"href":"https:\/\/pldistribucion.com.ar\/web\/wp-json\/wp\/v2\/product"}],"about":[{"href":"https:\/\/pldistribucion.com.ar\/web\/wp-json\/wp\/v2\/types\/product"}],"replies":[{"embeddable":true,"href":"https:\/\/pldistribucion.com.ar\/web\/wp-json\/wp\/v2\/comments?post=4802"}],"wp:featuredmedia":[{"embeddable":true,"href":"https:\/\/pldistribucion.com.ar\/web\/wp-json\/wp\/v2\/media\/4808"}],"wp:attachment":[{"href":"https:\/\/pldistribucion.com.ar\/web\/wp-json\/wp\/v2\/media?parent=4802"}],"wp:term":[{"taxonomy":"product_cat","embeddable":true,"href":"https:\/\/pldistribucion.com.ar\/web\/wp-json\/wp\/v2\/product_cat?post=4802"},{"taxonomy":"product_tag","embeddable":true,"href":"https:\/\/pldistribucion.com.ar\/web\/wp-json\/wp\/v2\/product_tag?post=4802"}],"curies":[{"name":"wp","href":"https:\/\/api.w.org\/{rel}","templated":true}]}}