{"id":4801,"date":"2022-07-06T11:26:02","date_gmt":"2022-07-06T11:26:02","guid":{"rendered":"https:\/\/pldistribucion.com.ar\/web\/?post_type=product&#038;p=4801"},"modified":"2022-07-06T11:35:39","modified_gmt":"2022-07-06T11:35:39","slug":"tecfil-psc494","status":"publish","type":"product","link":"https:\/\/pldistribucion.com.ar\/web\/producto\/tecfil-psc494\/","title":{"rendered":"TECFIL PSC494"},"content":{"rendered":"<h1><span style=\"font-size: 80%;\"><strong>TECFIL PSC494 \/ FILTRO DE COMBUSTIBLE.<\/strong><\/span><\/h1>\n<p><strong>TECFIL PSC494 \u27a2\u00a0<\/strong><\/p>\n<h3><span style=\"font-size: 16.128px; background-color: #91dff2;\"><b>ATRIBUTOS:<\/b><\/span><\/h3>\n<table class=\"table table-sm table-striped\" style=\"height: 242px;\" width=\"831\">\n<tbody>\n<tr class=\"ng-star-inserted\">\n<th class=\"ng-star-inserted\">Marca<\/th>\n<td class=\"ng-star-inserted\">Tecfil<\/td>\n<\/tr>\n<tr class=\"ng-star-inserted\">\n<th class=\"ng-star-inserted\">Filtro original<\/th>\n<td class=\"ng-star-inserted\">1908547<\/td>\n<\/tr>\n<tr class=\"ng-star-inserted\">\n<th class=\"ng-star-inserted\">\u00a0Funci\u00f3n del filtro<\/th>\n<td class=\"ng-star-inserted\">Combustible<\/td>\n<\/tr>\n<tr class=\"ng-star-inserted\">\n<th class=\"ng-star-inserted\">Filtrar elemento<\/th>\n<td class=\"ng-star-inserted\">Papel<\/td>\n<\/tr>\n<tr class=\"ng-star-inserted\">\n<th class=\"ng-star-inserted\">Altura<\/th>\n<td class=\"ng-star-inserted\">179<\/td>\n<\/tr>\n<tr class=\"ng-star-inserted\">\n<th class=\"ng-star-inserted\">Di\u00e1metro externo compuesto<\/th>\n<td class=\"ng-star-inserted\">93,2<\/td>\n<\/tr>\n<tr class=\"ng-star-inserted\">\n<th class=\"ng-star-inserted\">Peso (kg)<\/th>\n<td class=\"ng-star-inserted\">0,727<\/td>\n<\/tr>\n<tr class=\"ng-star-inserted\">\n<th class=\"ng-star-inserted\">Peso Neto<\/th>\n<td class=\"ng-star-inserted\">0,63<\/td>\n<\/tr>\n<tr class=\"ng-star-inserted\">\n<th class=\"ng-star-inserted\">Filtrar tornillo<\/th>\n<td class=\"ng-star-inserted\">M14 x 1.5<\/td>\n<\/tr>\n<\/tbody>\n<\/table>\n<h3><span style=\"background-color: #91dff2; font-size: 80%;\"><strong>EQUIVALENCIAS :<\/strong><\/span><\/h3>\n<table class=\"table applicationPartTablePDP \" style=\"height: 53px;\" width=\"754\">\n<thead>\n<tr>\n<th class=\"col-lg-2 crossReferencemanufactureName\" data-sortcolumn=\"manufactureNameSortableValue\">&#8211;<\/th>\n<th class=\"col-lg-2 crossReferencemanufacturePartNumber\">&#8211;<\/th>\n<\/tr>\n<\/thead>\n<tbody>\n<tr class=\"parentRows greyColor\" data-target=\".ManufacturerName_0\">\n<td class=\"searchCrossRef\" data-manufacturer=\"Nombre del fabricante\">\n<div class=\"block-table\"><span style=\"color: #000000;\">WEGA<\/span><br \/>\n<span style=\"color: #000000;\">FCD-2057<\/span><\/div>\n<div><\/div>\n<div class=\"block-table\"><span style=\"color: #000000;\">MANN<\/span><br \/>\n<span style=\"color: #000000;\">WK 950\/6<\/span><\/div>\n<div><\/div>\n<div class=\"block-table\"><span style=\"color: #000000;\">MONZA<\/span><br \/>\n<span style=\"color: #000000;\">AC265<\/span><\/div>\n<div><\/div>\n<div class=\"block-table\"><span style=\"color: #000000;\">BOSCH<\/span><br \/>\n<span style=\"color: #000000;\">1457434402<\/span><\/div>\n<div><\/div>\n<div class=\"block-table\"><span style=\"color: #000000;\">MAHLE<\/span><br \/>\n<span style=\"color: #000000;\">KC186<\/span><\/div>\n<div><\/div>\n<div class=\"block-table\"><span style=\"color: #000000;\">HASTING<\/span><br \/>\n<span style=\"color: #000000;\">P5151P<\/span><\/div>\n<div><\/div>\n<div class=\"block-table\"><span style=\"color: #000000;\">LANSS<\/span><br \/>\n<span style=\"color: #000000;\">BR1040P<\/span><\/div>\n<\/td>\n<td class=\"searchCrossRef\" data-manufacturepartnumber=\"N\u00b0 de pieza del fabricante\"><span style=\"color: #000000;\">OEM<\/span><br \/>\n<span style=\"color: #000000;\">193106\/ 503120784 \/ 8107486<\/span><span style=\"color: #000000;\">FLEETGUARD<\/span><br \/>\n<span style=\"color: #000000;\">FS1254<\/span><span style=\"color: #000000;\">TECFIL<\/span><br \/>\n<span style=\"color: #000000;\">PSC494<\/span><\/p>\n<p><span style=\"color: #000000;\">MASTERFILT<\/span><br \/>\n<span style=\"color: #000000;\">MC216 \/ LS2552<\/span><\/p>\n<p><span style=\"color: #000000;\">WIX<\/span><br \/>\n<span style=\"color: #000000;\">WF33327<\/span><\/p>\n<p><span style=\"color: #000000;\">DARMET<\/span><br \/>\n<span style=\"color: #000000;\">G308<\/span><\/p>\n<div class=\"block-table\"><span style=\"color: #000000;\">FRAM<\/span><br \/>\n<span style=\"color: #000000;\">FT5275 \/ PS 5989 \/ P 5324<\/span><\/div>\n<div><\/div>\n<div><span style=\"color: #000000;\">MARENO<\/span><br \/>\n<span style=\"color: #000000;\">MC156<\/span><\/div>\n<\/td>\n<\/tr>\n<\/tbody>\n<\/table>\n<h3><span style=\"background-color: #91dff2; font-size: 80%;\"><strong>APLICACIONES:\u00a0<\/strong><\/span><\/h3>\n<ol>\n<li><span style=\"color: #000000;\">IVECO TECTOR 26E25 &#8211; TECTOR 6 CILINDROS 2009\u2192<\/span><br \/>\n<span style=\"color: #000000;\">IVECO CURSOR 450E33T &#8211; CURSOR 8 TURBO INTERCOOLER 2009\u2192<\/span><br \/>\n<span style=\"color: #000000;\">IVECO EURO CARGO 90E14 &#8211; TDI 4.0 &#8211;<\/span><br \/>\n<span style=\"color: #000000;\">IVECO EURO CARGO 120E15 1997\u2192<\/span><br \/>\n<span style=\"color: #000000;\">IVECO EURO CARGO 120E15 &#8211; TURBO INTERCOOLER 1997 \u2192<\/span><br \/>\n<span style=\"color: #000000;\">IVECO EURO CARGO 140E18 1997 \u2192<\/span><br \/>\n<span style=\"color: #000000;\">IVECO EURO CARGO 150E18 TURBO &#8211; IVECO 8060-25V 5.9 1998\u2192<\/span><br \/>\n<span style=\"color: #000000;\">IVECO EURO CARGO 150E20 TURBO &#8211; TURBOINTERCOOLER 1997 \u2192<\/span><br \/>\n<span style=\"color: #000000;\">IVECO EURO CARGO 160E21 TURBOCOOLER &#8211; IVECO 8060-45V 5.9 98\u2192<\/span><br \/>\n<span style=\"color: #000000;\">IVECO EURO CARGO 160E23 &#8211; TURBO INTERCOOLER 1997\u2192<\/span><br \/>\n<span style=\"color: #000000;\">IVECO EURO CARGO 160E24 &#8211;<\/span><br \/>\n<span style=\"color: #000000;\">IVECO EURO CARGO 320E18 &#8211;<\/span><br \/>\n<span style=\"color: #000000;\">IVECO EURO CARGO II 170E22(TECTOR ATTACK) &#8211; TECTOR 6 CILINDROS \u2192 2006<\/span><br \/>\n<span style=\"color: #000000;\">IVECO EURO MOVER 250 &#8211; CURSOR 8 2005\u2192<\/span><br \/>\n<span style=\"color: #000000;\">IVECO EURO MOVER 270 &#8211; CURSOR 8 2005\u2192<\/span><br \/>\n<span style=\"color: #000000;\">IVECO EURO MOVER 310 &#8211; CURSOR 8 2005\u2192<\/span><br \/>\n<span style=\"color: #000000;\">IVECO EURO TECH 190E31T &#8211; CURSOR E0681B 11\/98\u2192<\/span><br \/>\n<span style=\"color: #000000;\">IVECO EURO TECH 450E37 HE INTERCOOLER &#8211;<\/span><br \/>\n<span style=\"color: #000000;\">IVECO EURO TECH 180E24 &#8211; CURSOR 1998\u2192<\/span><br \/>\n<span style=\"color: #000000;\">IVECO EURO TECH CURSOR 8 24V 7.8D &#8211; TURBOCOMPRESOR VGT E INTERCOOLER EDC 24V 7.8 DIESEL &#8211;<\/span><br \/>\n<span style=\"color: #000000;\">IVECO EUROTRAKKER 200E41H \/ 450E41 &#8211; 8210.42 KA 875 &#8211;<\/span><br \/>\n<span style=\"color: #000000;\">IVECO STRALIS 310 &#8211; CURSOR 8 310 CV 2005\u2192<\/span><br \/>\n<span style=\"color: #000000;\">IVECO TECTOR 170E22 (TECTOR ATTACK) &#8211; TECTOR 6 CILINDROS \u21922006<\/span><br \/>\n<span style=\"color: #000000;\">IVECO TECTOR 170E22 (TECTOR ATTACK) &#8211; TECTOR 6 CILINDROS 2006\u2192<\/span><br \/>\n<span style=\"color: #000000;\">IVECO TECTOR 170E25 &#8211; TECTOR 6 CILINDROS 2009\u2192<\/span><br \/>\n<span style=\"color: #000000;\">IVECO TECTOR 170E25T &#8211; TECTOR 6 CILINDROS 2009\u2192<\/span><br \/>\n<span style=\"color: #000000;\">IVECO TECTOR 170E28S \/ T \/ ST &#8211; TECTOR 6 CILINDROS 2012 \u2192<\/span><br \/>\n<span style=\"color: #000000;\">IVECO TECTOR 240E25 &#8211; TECTOR 6 CILINDROS 2009\u2192<\/span><br \/>\n<span style=\"color: #000000;\">IVECO TECTOR 240E25 &#8211; TECTOR 6 CILINDROS 2009\u2192<\/span><br \/>\n<span style=\"color: #000000;\">IVECO TECTOR 260E25 &#8211; TECTOR 6 CILINDROS 2009\u2192<\/span><br \/>\n<span style=\"color: #000000;\">IVECO EURO CARGO II 170E22 (TECTOR ATTACK) &#8211; TECTOR 6 CILINDROS 2006 \u2192<\/span><\/li>\n<li>\n<h5><span style=\"color: #000000;\">IVECO EURO CARGO II 70E28(TECTOR ATTACK) &#8211; TECTOR 6 CILINDROS 2006 \u2192<\/span><\/h5>\n<p><span style=\"color: #000000;\">IVECO DAILY 35.10 2002\u2192<\/span><br \/>\n<span style=\"color: #000000;\">IVECO DAILY 35.10 2005\u2192<\/span><br \/>\n<span style=\"color: #000000;\">IVECO DAILY 38.13 2005 \u2192<\/span><br \/>\n<span style=\"color: #000000;\">IVECO DAILY 50.13 2003 \u2192<\/span><br \/>\n<span style=\"color: #000000;\">IVECO EUROTRAKKER 190E38 &#8211; CURSOR 13 01\/2001\u2192<\/span><br \/>\n<span style=\"color: #000000;\">IVECO EUROTRAKKER 190E44 &#8211; CURSOR 13 01\/2001\u2192<\/span><br \/>\n<span style=\"color: #000000;\">IVECO EUROTRAKKER 340E38 &#8211; CURSOR 13 01\/2001\u2192<\/span><br \/>\n<span style=\"color: #000000;\">IVECO EUROTRAKKER 380E38 &#8211; CURSOR 13 01\/2001\u2192<\/span><br \/>\n<span style=\"color: #000000;\">IVECO EUROTRAKKER 380E44 &#8211; CURSOR 13 01\/2001\u2192<\/span><br \/>\n<span style=\"color: #000000;\">IVECO EUROTRAKKER 410E38 &#8211; CURSOR 13 01\/2001\u2192<\/span><br \/>\n<span style=\"color: #000000;\">IVECO EUROTRAKKER 410E44 &#8211; CURSOR 13 01\/2001\u2192<\/span><br \/>\n<span style=\"color: #000000;\">IVECO EUROTRAKKER 340E44 &#8211; CURSOR 13 01\/2001\u2192<\/span><br \/>\n<span style=\"color: #000000;\">IVECO EUROTRAKKER MP 380E37H 01\/93\u21925\/2001<\/span><br \/>\n<span style=\"color: #000000;\">IVECO STRALIS 380 (570S38T) &#8211; CURSOR 13 380 CV F3BE0681G 2006\u2192<\/span><br \/>\n<span style=\"color: #000000;\">IVECO STRALIS 420 (570S42T) \/ (740S42T) &#8211; CURSOR 13 420 CV F3BE0681V 2006\u2192<\/span><br \/>\n<span style=\"color: #000000;\">IVECO EUROTRAKKER 380 &#8211; CURSOR 13 (F3BEO681G) 2006 \u2192<\/span><br \/>\n<span style=\"color: #000000;\">IVECO EUROTRAKKER 420 &#8211; CURSOR 13 2006\u2192<\/span><br \/>\n<span style=\"color: #000000;\">IVECO EUROTRAKKER 720 &#8211; CURSOR 13 2006\u2192<\/span><br \/>\n<span style=\"color: #000000;\">IVECO STRALIS 450E38 &#8211; CURSOR 13 370 CV 2005\u2192<\/span><br \/>\n<span style=\"color: #000000;\">IVECO STRALIS 450E38 &#8211; CURSOR 13 370 CV 2005\u2192<\/span><br \/>\n<span style=\"color: #000000;\">IVECO TRAKKER 380 (380T38) CURSOR 13 380 CV F3BE0681G 2006\u2192<\/span><br \/>\n<span style=\"color: #000000;\">IVECO TRAKKER 420 (720T42) CURSOR 13 420 CV F3BE0681G 2008\u2192<\/span><\/li>\n<\/ol>\n<hr \/>\n<p><strong><a href=\"https:\/\/pldistribucion.com.ar\/web\/categoria-producto\/filtros\/tecfil\/\" target=\"_blank\" rel=\"noopener\"><span style=\"color: #000080;\">Ver m\u00e1s filtros TECFIL<\/span><\/a><\/strong><\/p>\n<p><span style=\"color: #000000;\">(TECFIL es una industria de Filtros Automotrices presente en el mercado hace m\u00e1s de 67 a\u00f1os. La empresa, fundada el 20 de marzo de 1953, se especializ\u00f3 en el segmento, convirti\u00e9ndose en la f\u00e1brica de filtros m\u00e1s grande de Am\u00e9rica Latina. )\u00a0<\/span><\/p>\n<p><strong><span style=\"color: #000080;\"><a style=\"color: #000080;\" href=\"https:\/\/www.tecfil.com.br\/quem-somos\/?lang=es\" target=\"_blank\" rel=\"noopener\">Conoce m\u00e1s sobre TECFIL<\/a><\/span><\/strong><\/p>\n","protected":false},"excerpt":{"rendered":"<p><img loading=\"lazy\" decoding=\"async\" class=\"alignnone wp-image-4775\" src=\"https:\/\/pldistribucion.com.ar\/web\/wp-content\/uploads\/descarga-6-e1656605433472-300x119.png\" alt=\"\" width=\"247\" height=\"98\" srcset=\"https:\/\/pldistribucion.com.ar\/web\/wp-content\/uploads\/descarga-6-e1656605433472-300x119.png 300w, https:\/\/pldistribucion.com.ar\/web\/wp-content\/uploads\/descarga-6-e1656605433472.png 560w\" sizes=\"(max-width: 247px) 100vw, 247px\" \/><\/p>\n<h2 style=\"text-align: left;\"><span style=\"font-size: 75%;\"><strong><a rel=\"noopener noreferrer\" href=\"https:\/\/performancelube.mercadoshops.com.ar\/MLA-1145628911-filtro-de-combustible-tecfil-psc494-fcd-2057-_JM#position=1&#038;search_layout=stack&#038;type=item&#038;tracking_id=bbc8064c-7b0a-4bdf-bbd3-38c8c93e73bd\" target=\"_blank\" class=\"button primary\"  >\n    <span>VER EN TIENDA ?<\/span>\n  <\/a>\n<span style=\"color: #69314d;\">\u00a0<\/span><\/strong><strong>\u00a0<\/strong><\/span><\/h2>\n<p>TECFIL es una industria de Filtros Automotrices presente en el mercado hace m\u00e1s de 67 a\u00f1os. La empresa, fundada el 20 de marzo de 1953, se especializ\u00f3 en el segmento, generando una\u00a0alta tecnolog\u00eda con m\u00e1quinas y laboratorios de \u00faltima generaci\u00f3n.<\/p>\n","protected":false},"featured_media":4803,"comment_status":"open","ping_status":"closed","template":"","meta":[],"product_cat":[19],"product_tag":[],"yoast_head":"<!-- This site is optimized with the Yoast SEO plugin v23.0 - https:\/\/yoast.com\/wordpress\/plugins\/seo\/ -->\n<title>TECFIL PSC494 - Perfomance Lube - Filtros<\/title>\n<meta name=\"description\" content=\"Distribuidor de filtros TECFIL de diferentes aplicaciones. Env\u00edos a todo el pa\u00eds. Variedad de productos y stock disponible.\" \/>\n<meta name=\"robots\" content=\"index, follow, max-snippet:-1, max-image-preview:large, max-video-preview:-1\" \/>\n<link rel=\"canonical\" href=\"https:\/\/pldistribucion.com.ar\/web\/producto\/tecfil-psc494\/\" \/>\n<meta property=\"og:locale\" content=\"es_ES\" \/>\n<meta property=\"og:type\" content=\"article\" \/>\n<meta property=\"og:title\" content=\"TECFIL PSC494 - Perfomance Lube - Filtros\" \/>\n<meta property=\"og:description\" content=\"Distribuidor de filtros TECFIL de diferentes aplicaciones. Env\u00edos a todo el pa\u00eds. Variedad de productos y stock disponible.\" \/>\n<meta property=\"og:url\" content=\"https:\/\/pldistribucion.com.ar\/web\/producto\/tecfil-psc494\/\" \/>\n<meta property=\"og:site_name\" content=\"Perfomance Lube\" \/>\n<meta property=\"article:modified_time\" content=\"2022-07-06T11:35:39+00:00\" \/>\n<meta property=\"og:image\" content=\"https:\/\/pldistribucion.com.ar\/web\/wp-content\/uploads\/PSC494A.jpg\" \/>\n\t<meta property=\"og:image:width\" content=\"800\" \/>\n\t<meta property=\"og:image:height\" content=\"600\" \/>\n\t<meta property=\"og:image:type\" content=\"image\/jpeg\" \/>\n<meta name=\"twitter:card\" content=\"summary_large_image\" \/>\n<meta name=\"twitter:label1\" content=\"Tiempo de lectura\" \/>\n\t<meta name=\"twitter:data1\" content=\"3 minutos\" \/>\n<script type=\"application\/ld+json\" class=\"yoast-schema-graph\">{\"@context\":\"https:\/\/schema.org\",\"@graph\":[{\"@type\":\"WebPage\",\"@id\":\"https:\/\/pldistribucion.com.ar\/web\/producto\/tecfil-psc494\/\",\"url\":\"https:\/\/pldistribucion.com.ar\/web\/producto\/tecfil-psc494\/\",\"name\":\"TECFIL PSC494 - Perfomance Lube - Filtros\",\"isPartOf\":{\"@id\":\"https:\/\/pldistribucion.com.ar\/web\/#website\"},\"primaryImageOfPage\":{\"@id\":\"https:\/\/pldistribucion.com.ar\/web\/producto\/tecfil-psc494\/#primaryimage\"},\"image\":{\"@id\":\"https:\/\/pldistribucion.com.ar\/web\/producto\/tecfil-psc494\/#primaryimage\"},\"thumbnailUrl\":\"https:\/\/pldistribucion.com.ar\/web\/wp-content\/uploads\/PSC494A.jpg\",\"datePublished\":\"2022-07-06T11:26:02+00:00\",\"dateModified\":\"2022-07-06T11:35:39+00:00\",\"description\":\"Distribuidor de filtros TECFIL de diferentes aplicaciones. Env\u00edos a todo el pa\u00eds. Variedad de productos y stock disponible.\",\"breadcrumb\":{\"@id\":\"https:\/\/pldistribucion.com.ar\/web\/producto\/tecfil-psc494\/#breadcrumb\"},\"inLanguage\":\"es\",\"potentialAction\":[{\"@type\":\"ReadAction\",\"target\":[\"https:\/\/pldistribucion.com.ar\/web\/producto\/tecfil-psc494\/\"]}]},{\"@type\":\"ImageObject\",\"inLanguage\":\"es\",\"@id\":\"https:\/\/pldistribucion.com.ar\/web\/producto\/tecfil-psc494\/#primaryimage\",\"url\":\"https:\/\/pldistribucion.com.ar\/web\/wp-content\/uploads\/PSC494A.jpg\",\"contentUrl\":\"https:\/\/pldistribucion.com.ar\/web\/wp-content\/uploads\/PSC494A.jpg\",\"width\":800,\"height\":600,\"caption\":\"TECFIL PSC494\"},{\"@type\":\"BreadcrumbList\",\"@id\":\"https:\/\/pldistribucion.com.ar\/web\/producto\/tecfil-psc494\/#breadcrumb\",\"itemListElement\":[{\"@type\":\"ListItem\",\"position\":1,\"name\":\"Portada\",\"item\":\"https:\/\/pldistribucion.com.ar\/web\/\"},{\"@type\":\"ListItem\",\"position\":2,\"name\":\"Productos\",\"item\":\"https:\/\/pldistribucion.com.ar\/web\/productos\/\"},{\"@type\":\"ListItem\",\"position\":3,\"name\":\"TECFIL PSC494\"}]},{\"@type\":\"WebSite\",\"@id\":\"https:\/\/pldistribucion.com.ar\/web\/#website\",\"url\":\"https:\/\/pldistribucion.com.ar\/web\/\",\"name\":\"Perfomance Lube\",\"description\":\"\",\"publisher\":{\"@id\":\"https:\/\/pldistribucion.com.ar\/web\/#organization\"},\"potentialAction\":[{\"@type\":\"SearchAction\",\"target\":{\"@type\":\"EntryPoint\",\"urlTemplate\":\"https:\/\/pldistribucion.com.ar\/web\/?s={search_term_string}\"},\"query-input\":\"required name=search_term_string\"}],\"inLanguage\":\"es\"},{\"@type\":\"Organization\",\"@id\":\"https:\/\/pldistribucion.com.ar\/web\/#organization\",\"name\":\"PERFORMANCE LUBE\",\"url\":\"https:\/\/pldistribucion.com.ar\/web\/\",\"logo\":{\"@type\":\"ImageObject\",\"inLanguage\":\"es\",\"@id\":\"https:\/\/pldistribucion.com.ar\/web\/#\/schema\/logo\/image\/\",\"url\":\"https:\/\/pldistribucion.com.ar\/web\/wp-content\/uploads\/pld_logo_GB-removebg-preview.png\",\"contentUrl\":\"https:\/\/pldistribucion.com.ar\/web\/wp-content\/uploads\/pld_logo_GB-removebg-preview.png\",\"width\":787,\"height\":317,\"caption\":\"PERFORMANCE LUBE\"},\"image\":{\"@id\":\"https:\/\/pldistribucion.com.ar\/web\/#\/schema\/logo\/image\/\"}}]}<\/script>\n<!-- \/ Yoast SEO plugin. -->","yoast_head_json":{"title":"TECFIL PSC494 - Perfomance Lube - Filtros","description":"Distribuidor de filtros TECFIL de diferentes aplicaciones. Env\u00edos a todo el pa\u00eds. Variedad de productos y stock disponible.","robots":{"index":"index","follow":"follow","max-snippet":"max-snippet:-1","max-image-preview":"max-image-preview:large","max-video-preview":"max-video-preview:-1"},"canonical":"https:\/\/pldistribucion.com.ar\/web\/producto\/tecfil-psc494\/","og_locale":"es_ES","og_type":"article","og_title":"TECFIL PSC494 - Perfomance Lube - Filtros","og_description":"Distribuidor de filtros TECFIL de diferentes aplicaciones. Env\u00edos a todo el pa\u00eds. Variedad de productos y stock disponible.","og_url":"https:\/\/pldistribucion.com.ar\/web\/producto\/tecfil-psc494\/","og_site_name":"Perfomance Lube","article_modified_time":"2022-07-06T11:35:39+00:00","og_image":[{"width":800,"height":600,"url":"https:\/\/pldistribucion.com.ar\/web\/wp-content\/uploads\/PSC494A.jpg","type":"image\/jpeg"}],"twitter_card":"summary_large_image","twitter_misc":{"Tiempo de lectura":"3 minutos"},"schema":{"@context":"https:\/\/schema.org","@graph":[{"@type":"WebPage","@id":"https:\/\/pldistribucion.com.ar\/web\/producto\/tecfil-psc494\/","url":"https:\/\/pldistribucion.com.ar\/web\/producto\/tecfil-psc494\/","name":"TECFIL PSC494 - Perfomance Lube - Filtros","isPartOf":{"@id":"https:\/\/pldistribucion.com.ar\/web\/#website"},"primaryImageOfPage":{"@id":"https:\/\/pldistribucion.com.ar\/web\/producto\/tecfil-psc494\/#primaryimage"},"image":{"@id":"https:\/\/pldistribucion.com.ar\/web\/producto\/tecfil-psc494\/#primaryimage"},"thumbnailUrl":"https:\/\/pldistribucion.com.ar\/web\/wp-content\/uploads\/PSC494A.jpg","datePublished":"2022-07-06T11:26:02+00:00","dateModified":"2022-07-06T11:35:39+00:00","description":"Distribuidor de filtros TECFIL de diferentes aplicaciones. Env\u00edos a todo el pa\u00eds. Variedad de productos y stock disponible.","breadcrumb":{"@id":"https:\/\/pldistribucion.com.ar\/web\/producto\/tecfil-psc494\/#breadcrumb"},"inLanguage":"es","potentialAction":[{"@type":"ReadAction","target":["https:\/\/pldistribucion.com.ar\/web\/producto\/tecfil-psc494\/"]}]},{"@type":"ImageObject","inLanguage":"es","@id":"https:\/\/pldistribucion.com.ar\/web\/producto\/tecfil-psc494\/#primaryimage","url":"https:\/\/pldistribucion.com.ar\/web\/wp-content\/uploads\/PSC494A.jpg","contentUrl":"https:\/\/pldistribucion.com.ar\/web\/wp-content\/uploads\/PSC494A.jpg","width":800,"height":600,"caption":"TECFIL PSC494"},{"@type":"BreadcrumbList","@id":"https:\/\/pldistribucion.com.ar\/web\/producto\/tecfil-psc494\/#breadcrumb","itemListElement":[{"@type":"ListItem","position":1,"name":"Portada","item":"https:\/\/pldistribucion.com.ar\/web\/"},{"@type":"ListItem","position":2,"name":"Productos","item":"https:\/\/pldistribucion.com.ar\/web\/productos\/"},{"@type":"ListItem","position":3,"name":"TECFIL PSC494"}]},{"@type":"WebSite","@id":"https:\/\/pldistribucion.com.ar\/web\/#website","url":"https:\/\/pldistribucion.com.ar\/web\/","name":"Perfomance Lube","description":"","publisher":{"@id":"https:\/\/pldistribucion.com.ar\/web\/#organization"},"potentialAction":[{"@type":"SearchAction","target":{"@type":"EntryPoint","urlTemplate":"https:\/\/pldistribucion.com.ar\/web\/?s={search_term_string}"},"query-input":"required name=search_term_string"}],"inLanguage":"es"},{"@type":"Organization","@id":"https:\/\/pldistribucion.com.ar\/web\/#organization","name":"PERFORMANCE LUBE","url":"https:\/\/pldistribucion.com.ar\/web\/","logo":{"@type":"ImageObject","inLanguage":"es","@id":"https:\/\/pldistribucion.com.ar\/web\/#\/schema\/logo\/image\/","url":"https:\/\/pldistribucion.com.ar\/web\/wp-content\/uploads\/pld_logo_GB-removebg-preview.png","contentUrl":"https:\/\/pldistribucion.com.ar\/web\/wp-content\/uploads\/pld_logo_GB-removebg-preview.png","width":787,"height":317,"caption":"PERFORMANCE LUBE"},"image":{"@id":"https:\/\/pldistribucion.com.ar\/web\/#\/schema\/logo\/image\/"}}]}},"_links":{"self":[{"href":"https:\/\/pldistribucion.com.ar\/web\/wp-json\/wp\/v2\/product\/4801"}],"collection":[{"href":"https:\/\/pldistribucion.com.ar\/web\/wp-json\/wp\/v2\/product"}],"about":[{"href":"https:\/\/pldistribucion.com.ar\/web\/wp-json\/wp\/v2\/types\/product"}],"replies":[{"embeddable":true,"href":"https:\/\/pldistribucion.com.ar\/web\/wp-json\/wp\/v2\/comments?post=4801"}],"wp:featuredmedia":[{"embeddable":true,"href":"https:\/\/pldistribucion.com.ar\/web\/wp-json\/wp\/v2\/media\/4803"}],"wp:attachment":[{"href":"https:\/\/pldistribucion.com.ar\/web\/wp-json\/wp\/v2\/media?parent=4801"}],"wp:term":[{"taxonomy":"product_cat","embeddable":true,"href":"https:\/\/pldistribucion.com.ar\/web\/wp-json\/wp\/v2\/product_cat?post=4801"},{"taxonomy":"product_tag","embeddable":true,"href":"https:\/\/pldistribucion.com.ar\/web\/wp-json\/wp\/v2\/product_tag?post=4801"}],"curies":[{"name":"wp","href":"https:\/\/api.w.org\/{rel}","templated":true}]}}