{"id":4792,"date":"2022-07-05T15:00:44","date_gmt":"2022-07-05T15:00:44","guid":{"rendered":"https:\/\/pldistribucion.com.ar\/web\/?post_type=product&#038;p=4792"},"modified":"2022-07-05T15:12:16","modified_gmt":"2022-07-05T15:12:16","slug":"tecfil-psl283","status":"publish","type":"product","link":"https:\/\/pldistribucion.com.ar\/web\/producto\/tecfil-psl283\/","title":{"rendered":"TECFIL PSL283"},"content":{"rendered":"<h1><span style=\"font-size: 80%;\"><strong>TECFIL PSL283 \/ FILTRO DE ACEITE<\/strong><\/span><\/h1>\n<p><strong>TECFIL PSL283 \u27a2\u00a0<\/strong><\/p>\n<h3><span style=\"font-size: 16.128px; background-color: #91dff2;\"><b>ATRIBUTOS:<\/b><\/span><\/h3>\n<table class=\"table table-sm table-striped\" style=\"height: 242px;\" width=\"831\">\n<tbody>\n<tr class=\"ng-star-inserted\">\n<th class=\"ng-star-inserted\">Marca<\/th>\n<td class=\"ng-star-inserted\"><span style=\"color: #000000;\">Tecfil<\/span><\/td>\n<\/tr>\n<tr class=\"ng-star-inserted\">\n<th class=\"ng-star-inserted\">Filtro original<\/th>\n<td class=\"ng-star-inserted\"><span style=\"color: #000000;\">4897898<\/span><\/td>\n<\/tr>\n<tr class=\"ng-star-inserted\">\n<th class=\"ng-star-inserted\">\u00a0Funci\u00f3n del filtro<\/th>\n<td class=\"ng-star-inserted\"><span style=\"color: #000000;\">Lubricante<\/span><\/td>\n<\/tr>\n<tr class=\"ng-star-inserted\">\n<th class=\"ng-star-inserted\">Filtrar elemento<\/th>\n<td class=\"ng-star-inserted\"><span style=\"color: #000000;\">papel<\/span><\/td>\n<\/tr>\n<tr class=\"ng-star-inserted\">\n<th class=\"ng-star-inserted\">Altura<\/th>\n<td class=\"ng-star-inserted\"><span style=\"color: #000000;\">174,5<\/span><\/td>\n<\/tr>\n<tr class=\"ng-star-inserted\">\n<th class=\"ng-star-inserted\">Di\u00e1metro externo compuesto<\/th>\n<td class=\"ng-star-inserted\"><span style=\"color: #000000;\">93,50<\/span><\/td>\n<\/tr>\n<tr class=\"ng-star-inserted\">\n<th class=\"ng-star-inserted\">Peso (kg)<\/th>\n<td class=\"ng-star-inserted\"><span style=\"color: #000000;\">0,859<\/span><\/td>\n<\/tr>\n<tr class=\"ng-star-inserted\">\n<th class=\"ng-star-inserted\">Filtrar tornillo<\/th>\n<td class=\"ng-star-inserted\"><span style=\"color: #000000;\">M27 X 2<\/span><\/td>\n<\/tr>\n<tr class=\"ng-star-inserted\">\n<th class=\"ng-star-inserted\">Observaci\u00f3n<\/th>\n<td class=\"ng-star-inserted\"><span style=\"color: #000000;\">Puede sustituir PSL352.<\/span><\/td>\n<\/tr>\n<\/tbody>\n<\/table>\n<h3><span style=\"background-color: #91dff2; font-size: 80%;\"><strong>EQUIVALENCIAS :<\/strong><\/span><\/h3>\n<table class=\"table applicationPartTablePDP \" style=\"height: 53px;\" width=\"754\">\n<thead>\n<tr>\n<th class=\"col-lg-2 crossReferencemanufactureName\" style=\"text-align: center;\" data-sortcolumn=\"manufactureNameSortableValue\">&#8211;<\/th>\n<th class=\"col-lg-2 crossReferencemanufacturePartNumber\">&#8211;<\/th>\n<\/tr>\n<\/thead>\n<tbody>\n<tr class=\"parentRows greyColor\" data-target=\".ManufacturerName_0\">\n<td class=\"searchCrossRef\" data-manufacturer=\"Nombre del fabricante\"><span style=\"color: #000000;\">WEGA<\/span><br \/>\n<span style=\"color: #000000;\">WO-612<\/span><span style=\"color: #000000;\">MANN<\/span><br \/>\n<span style=\"color: #000000;\">W 950\/26<\/span><span style=\"color: #000000;\">OEM<\/span><br \/>\n<span style=\"color: #000000;\">504033399 \/ 504033399<\/span><\/p>\n<p><span style=\"color: #000000;\">FLEETGUARD<\/span><br \/>\n<span style=\"color: #000000;\">LF16015<\/span><\/p>\n<p><span style=\"color: #000000;\">MARENO<\/span><br \/>\n<span style=\"color: #000000;\">ML341<\/span><\/td>\n<td class=\"searchCrossRef\" data-manufacturepartnumber=\"N\u00b0 de pieza del fabricante\"><span style=\"color: #000000;\">FRAM<\/span><br \/>\n<span style=\"color: #000000;\">PH 9453 \/ FT5613<\/span><span style=\"color: #000000;\">BALDWIN<\/span><br \/>\n<span style=\"color: #000000;\">BT7237MPG<\/span><\/p>\n<p>&nbsp;<\/p>\n<p><span style=\"color: #000000;\">LANSS<\/span><br \/>\n<span style=\"color: #000000;\">BL2153<\/span><\/td>\n<\/tr>\n<\/tbody>\n<\/table>\n<h3><span style=\"background-color: #91dff2; font-size: 80%;\"><strong>APLICACIONES:\u00a0<\/strong><\/span><\/h3>\n<ol>\n<li><span style=\"color: #000000;\">FORD F 4000 CUMMINS 2.8L 150CV 2014 \u2192<\/span><br \/>\n<span style=\"color: #000000;\">FORD F 100 3,9 TD CUMMINS 16V 203CV 2007 -\u2192<\/span><br \/>\n<span style=\"color: #000000;\">IVECO TECTOR 26E25 &#8211; TECTOR 6 CILINDROS 2009\u2192<\/span><br \/>\n<span style=\"color: #000000;\">FORD CARGO 712 &#8211; CUMMINS B3.9 120 P5 2012\u2192<\/span><br \/>\n<span style=\"color: #000000;\">FORD CARGO 1317E TURBOALIMENTADO &#8211; CUMMINS 6 CTAA 2007\u2192<\/span><br \/>\n<span style=\"color: #000000;\">FORD CARGO 1517E TURBOALIMENTADO &#8211; CUMMINS 6BTAA 5.9 2007\u2192<\/span><br \/>\n<span style=\"color: #000000;\">FORD CARGO 712 &#8211; CUMMINS B3.9 120 P5 4\/2007\u2192<\/span><br \/>\n<span style=\"color: #000000;\">FORD CARGO 915E TURBOALIMENTADO &#8211; CUMMINS 4 BTAA 3.9 2007\u2192<\/span><br \/>\n<span style=\"color: #000000;\">FORD 1723 CUMMINS ISB6.7 226P7 2012 \u2192<\/span><br \/>\n<span style=\"color: #000000;\">VW CAMIONES Y BUSES SERIE 9T 9.150E &#8211; CUMMINS INT. 4ISBE 2003\u2192<\/span><br \/>\n<span style=\"color: #000000;\">FORD CARGO 2628 &#8211; CUMMINS ISBE 6 2014 \u2192<\/span><\/li>\n<li><span style=\"color: #000000;\">DEUTZ AGRALE DEUTZ &#8211; AGRALE CAMI\u00d3N A1000 ISF 3.8 2014 \u2192<\/span><br \/>\n<span style=\"color: #000000;\">DEUTZ AGRALE DEUTZ &#8211; AGRALE CAMI\u00d3N A8700 ISF 3.8 2014 \u2192<\/span><br \/>\n<span style=\"color: #000000;\">DEUTZ AGRALE DEUTZ &#8211; AGRALE CAMI\u00d3N A9500 ISF 3.8 2014 \u2192<\/span><br \/>\n<span style=\"color: #000000;\">FORD CARGO 815E &#8211; CUMMINS 2007\u2192<\/span><br \/>\n<span style=\"color: #000000;\">FORD CARGO 815E &#8211; CUMMINS 2010\u2192<\/span><br \/>\n<span style=\"color: #000000;\">FORD CARGO 1722E TURBOALIMENTADO &#8211; CUMMINS 6BTAA 8.3 2007\u2192<\/span><\/li>\n<li><span style=\"color: #000000;\">IVECO CURSOR 450E33T &#8211; CURSOR 8 TURBO INTERCOOLER 2009\u2192<\/span><br \/>\n<span style=\"color: #000000;\">IVECO EURO CARGO II 170E22(TECTOR ATTACK) &#8211; TECTOR 6 CILINDROS \u2192 2006<\/span><br \/>\n<span style=\"color: #000000;\">IVECO TECTOR 170E22 (TECTOR ATTACK) &#8211; TECTOR 6 CILINDROS \u21922006<\/span><br \/>\n<span style=\"color: #000000;\">IVECO TECTOR 170E22 (TECTOR ATTACK) &#8211; TECTOR 6 CILINDROS 2006\u2192<\/span><br \/>\n<span style=\"color: #000000;\">IVECO TECTOR 170E25 &#8211; TECTOR 6 CILINDROS 2009\u2192<\/span><br \/>\n<span style=\"color: #000000;\">IVECO TECTOR 170E25T &#8211; TECTOR 6 CILINDROS 2009\u2192<\/span><br \/>\n<span style=\"color: #000000;\">IVECO TECTOR 170E28S \/ T \/ ST &#8211; TECTOR 6 CILINDROS 2012 \u2192<\/span><br \/>\n<span style=\"color: #000000;\">IVECO TECTOR 240E25 &#8211; TECTOR 6 CILINDROS 2009\u2192<\/span><br \/>\n<span style=\"color: #000000;\">IVECO TECTOR 260E25 &#8211; TECTOR 6 CILINDROS 2009\u2192<\/span><\/p>\n<h4><span style=\"color: #000000;\">VW CAMIONES Y BUSES CONSTELLATION 17.250 EURO III &#8211; CUMMINS INTER. 6 ISBE 2007\u2192<\/span><\/h4>\n<p><span style=\"color: #000000;\">VW CAMIONES Y BUSES WORKER 15.170E &#8211; CUMMINS INT. 4ISBE 2003 \u2192<\/span><br \/>\n<span style=\"color: #000000;\">VW CAMIONES Y BUSES WORKER 9.150E EURO III &#8211; CUMMINS INTERACT 4 150CV 2006\u2192<\/span><br \/>\n<span style=\"color: #000000;\">FORD CARGO 816 &#8211; CUMMINS ISF4.5 2012\u21922013<\/span><br \/>\n<span style=\"color: #000000;\">FORD CARGO 1319 &#8211; CUMMINS ISF4.5 2012\u2192<\/span><br \/>\n<span style=\"color: #000000;\">FORD CARGO 1519 &#8211; CUMMINS ISF4.5 2012\u2192<\/span><br \/>\n<span style=\"color: #000000;\">FORD 1933 CUMMINS 8.9 ISL 2016\u2192<\/span><br \/>\n<span style=\"color: #000000;\">FORD CARGO 2423 &#8211; CUMMINS ISB6.7 2012\u2192<\/span><br \/>\n<span style=\"color: #000000;\">FORD CARGO 2429 &#8211; CUMMINS ISB 2012\u2192<\/span><br \/>\n<span style=\"color: #000000;\">FORD CARGO 2623 &#8211; CUMMINS 2012 \u2192<\/span><br \/>\n<span style=\"color: #000000;\">FORD CARGO 2629 &#8211; CUMMINS ISB 6.7 2012 \u2192<\/span><br \/>\n<span style=\"color: #000000;\">FORD CARGO 2622 &#8211; CUMMINS 2012 \u2192<\/span><br \/>\n<span style=\"color: #000000;\">VW CAMIONES Y BUSES WORKER 24.250 \/ CONSTELLATION &#8211; CUMMINS INT. 6 ISBE 2003\u2192<\/span><br \/>\n<span style=\"color: #000000;\">IVECO EURO CARGO II 170E22 (TECTOR ATTACK) &#8211; TECTOR 6 CILINDROS 2006 \u2192<\/span><\/li>\n<li><span style=\"color: #000000;\">IVECO EURO CARGO II 70E28(TECTOR ATTACK) &#8211; TECTOR 6 CILINDROS 2006 \u2192<\/span><br \/>\n<span style=\"color: #000000;\">IVECO OMNIBUS 170S28 &#8211; MOTOR IVECO FPT N67 280CV 2012\u2192<\/span><br \/>\n<span style=\"color: #000000;\">VW CAMIONES Y BUSES SERIE 13T 13.170E &#8211; CUMMINS INT.4ISBE 2003 \u2192<\/span><br \/>\n<span style=\"color: #000000;\">VW CAMIONES Y BUSES BUS 8.150EOD &#8211; CUMMINS INT. 4ISBE 2004 \u2192<\/span><br \/>\n<span style=\"color: #000000;\">VW CAMIONES Y BUSES WORKER 17.250E \/ CONSTELLATION &#8211; CUMMINS INT6 ISBE 2003 \u2192<\/span><br \/>\n<span style=\"color: #000000;\">FORD CARGO 1723 &#8211; CUMMINS ISB6.7 2012 \u2192<\/span><br \/>\n<span style=\"color: #000000;\">IVECO VERTIS 90V16 &#8211; IVECO 2012 \u2192<\/span><\/li>\n<\/ol>\n<hr \/>\n<p><strong><a href=\"https:\/\/pldistribucion.com.ar\/web\/categoria-producto\/filtros\/tecfil\/\" target=\"_blank\" rel=\"noopener\"><span style=\"color: #000080;\">Ver m\u00e1s filtros TECFIL<\/span><\/a><\/strong><\/p>\n<p><span style=\"color: #000000;\">(TECFIL es una industria de Filtros Automotrices presente en el mercado hace m\u00e1s de 67 a\u00f1os. La empresa, fundada el 20 de marzo de 1953, se especializ\u00f3 en el segmento, convirti\u00e9ndose en la f\u00e1brica de filtros m\u00e1s grande de Am\u00e9rica Latina. )\u00a0<\/span><\/p>\n<p><strong><span style=\"color: #000080;\"><a style=\"color: #000080;\" href=\"https:\/\/www.tecfil.com.br\/quem-somos\/?lang=es\" target=\"_blank\" rel=\"noopener\">Conoce m\u00e1s sobre TECFIL<\/a><\/span><\/strong><\/p>\n","protected":false},"excerpt":{"rendered":"<p><img loading=\"lazy\" decoding=\"async\" class=\"alignnone wp-image-4775\" src=\"https:\/\/pldistribucion.com.ar\/web\/wp-content\/uploads\/descarga-6-e1656605433472-300x119.png\" alt=\"\" width=\"247\" height=\"98\" srcset=\"https:\/\/pldistribucion.com.ar\/web\/wp-content\/uploads\/descarga-6-e1656605433472-300x119.png 300w, https:\/\/pldistribucion.com.ar\/web\/wp-content\/uploads\/descarga-6-e1656605433472.png 560w\" sizes=\"(max-width: 247px) 100vw, 247px\" \/><\/p>\n<h2 style=\"text-align: left;\"><span style=\"font-size: 75%;\"><strong><a rel=\"noopener noreferrer\" href=\"https:\/\/performancelube.mercadoshops.com.ar\/MLA-1145556377-filtro-de-aceite-tecfil-psl283-w95026-_JM#position=1&#038;search_layout=stack&#038;type=item&#038;tracking_id=bbc8064c-7b0a-4bdf-bbd3-38c8c93e73bd\" target=\"_blank\" class=\"button primary\"  >\n    <span>VER EN TIENDA ?<\/span>\n  <\/a>\n<span style=\"color: #69314d;\">\u00a0<\/span><\/strong><strong>\u00a0<\/strong><\/span><\/h2>\n<p>TECFIL es una industria de Filtros Automotrices presente en el mercado hace m\u00e1s de 67 a\u00f1os. La empresa, fundada el 20 de marzo de 1953, se especializ\u00f3 en el segmento, generando una\u00a0alta tecnolog\u00eda con m\u00e1quinas y laboratorios de \u00faltima generaci\u00f3n.<\/p>\n","protected":false},"featured_media":4793,"comment_status":"open","ping_status":"closed","template":"","meta":[],"product_cat":[19],"product_tag":[],"yoast_head":"<!-- This site is optimized with the Yoast SEO plugin v23.0 - https:\/\/yoast.com\/wordpress\/plugins\/seo\/ -->\n<title>TECFIL PSL283 - Perfomance Lube - Filtros<\/title>\n<meta name=\"description\" content=\"Distribuidor de filtros TECFIL de diferentes aplicaciones. Env\u00edos a todo el pa\u00eds. Variedad de productos y stock disponible.\" \/>\n<meta name=\"robots\" content=\"index, follow, max-snippet:-1, max-image-preview:large, max-video-preview:-1\" \/>\n<link rel=\"canonical\" href=\"https:\/\/pldistribucion.com.ar\/web\/producto\/tecfil-psl283\/\" \/>\n<meta property=\"og:locale\" content=\"es_ES\" \/>\n<meta property=\"og:type\" content=\"article\" \/>\n<meta property=\"og:title\" content=\"TECFIL PSL283 - Perfomance Lube - Filtros\" \/>\n<meta property=\"og:description\" content=\"Distribuidor de filtros TECFIL de diferentes aplicaciones. Env\u00edos a todo el pa\u00eds. Variedad de productos y stock disponible.\" \/>\n<meta property=\"og:url\" content=\"https:\/\/pldistribucion.com.ar\/web\/producto\/tecfil-psl283\/\" \/>\n<meta property=\"og:site_name\" content=\"Perfomance Lube\" \/>\n<meta property=\"article:modified_time\" content=\"2022-07-05T15:12:16+00:00\" \/>\n<meta property=\"og:image\" content=\"https:\/\/pldistribucion.com.ar\/web\/wp-content\/uploads\/PSL283C-e1657033129778.jpg\" \/>\n\t<meta property=\"og:image:width\" content=\"682\" \/>\n\t<meta property=\"og:image:height\" content=\"600\" \/>\n\t<meta property=\"og:image:type\" content=\"image\/jpeg\" \/>\n<meta name=\"twitter:card\" content=\"summary_large_image\" \/>\n<meta name=\"twitter:label1\" content=\"Tiempo de lectura\" \/>\n\t<meta name=\"twitter:data1\" content=\"3 minutos\" \/>\n<script type=\"application\/ld+json\" class=\"yoast-schema-graph\">{\"@context\":\"https:\/\/schema.org\",\"@graph\":[{\"@type\":\"WebPage\",\"@id\":\"https:\/\/pldistribucion.com.ar\/web\/producto\/tecfil-psl283\/\",\"url\":\"https:\/\/pldistribucion.com.ar\/web\/producto\/tecfil-psl283\/\",\"name\":\"TECFIL PSL283 - Perfomance Lube - Filtros\",\"isPartOf\":{\"@id\":\"https:\/\/pldistribucion.com.ar\/web\/#website\"},\"primaryImageOfPage\":{\"@id\":\"https:\/\/pldistribucion.com.ar\/web\/producto\/tecfil-psl283\/#primaryimage\"},\"image\":{\"@id\":\"https:\/\/pldistribucion.com.ar\/web\/producto\/tecfil-psl283\/#primaryimage\"},\"thumbnailUrl\":\"https:\/\/pldistribucion.com.ar\/web\/wp-content\/uploads\/PSL283C-e1657033129778.jpg\",\"datePublished\":\"2022-07-05T15:00:44+00:00\",\"dateModified\":\"2022-07-05T15:12:16+00:00\",\"description\":\"Distribuidor de filtros TECFIL de diferentes aplicaciones. Env\u00edos a todo el pa\u00eds. Variedad de productos y stock disponible.\",\"breadcrumb\":{\"@id\":\"https:\/\/pldistribucion.com.ar\/web\/producto\/tecfil-psl283\/#breadcrumb\"},\"inLanguage\":\"es\",\"potentialAction\":[{\"@type\":\"ReadAction\",\"target\":[\"https:\/\/pldistribucion.com.ar\/web\/producto\/tecfil-psl283\/\"]}]},{\"@type\":\"ImageObject\",\"inLanguage\":\"es\",\"@id\":\"https:\/\/pldistribucion.com.ar\/web\/producto\/tecfil-psl283\/#primaryimage\",\"url\":\"https:\/\/pldistribucion.com.ar\/web\/wp-content\/uploads\/PSL283C-e1657033129778.jpg\",\"contentUrl\":\"https:\/\/pldistribucion.com.ar\/web\/wp-content\/uploads\/PSL283C-e1657033129778.jpg\",\"width\":682,\"height\":600,\"caption\":\"TECFIL PSL283\"},{\"@type\":\"BreadcrumbList\",\"@id\":\"https:\/\/pldistribucion.com.ar\/web\/producto\/tecfil-psl283\/#breadcrumb\",\"itemListElement\":[{\"@type\":\"ListItem\",\"position\":1,\"name\":\"Portada\",\"item\":\"https:\/\/pldistribucion.com.ar\/web\/\"},{\"@type\":\"ListItem\",\"position\":2,\"name\":\"Productos\",\"item\":\"https:\/\/pldistribucion.com.ar\/web\/productos\/\"},{\"@type\":\"ListItem\",\"position\":3,\"name\":\"TECFIL PSL283\"}]},{\"@type\":\"WebSite\",\"@id\":\"https:\/\/pldistribucion.com.ar\/web\/#website\",\"url\":\"https:\/\/pldistribucion.com.ar\/web\/\",\"name\":\"Perfomance Lube\",\"description\":\"\",\"publisher\":{\"@id\":\"https:\/\/pldistribucion.com.ar\/web\/#organization\"},\"potentialAction\":[{\"@type\":\"SearchAction\",\"target\":{\"@type\":\"EntryPoint\",\"urlTemplate\":\"https:\/\/pldistribucion.com.ar\/web\/?s={search_term_string}\"},\"query-input\":\"required name=search_term_string\"}],\"inLanguage\":\"es\"},{\"@type\":\"Organization\",\"@id\":\"https:\/\/pldistribucion.com.ar\/web\/#organization\",\"name\":\"PERFORMANCE LUBE\",\"url\":\"https:\/\/pldistribucion.com.ar\/web\/\",\"logo\":{\"@type\":\"ImageObject\",\"inLanguage\":\"es\",\"@id\":\"https:\/\/pldistribucion.com.ar\/web\/#\/schema\/logo\/image\/\",\"url\":\"https:\/\/pldistribucion.com.ar\/web\/wp-content\/uploads\/pld_logo_GB-removebg-preview.png\",\"contentUrl\":\"https:\/\/pldistribucion.com.ar\/web\/wp-content\/uploads\/pld_logo_GB-removebg-preview.png\",\"width\":787,\"height\":317,\"caption\":\"PERFORMANCE LUBE\"},\"image\":{\"@id\":\"https:\/\/pldistribucion.com.ar\/web\/#\/schema\/logo\/image\/\"}}]}<\/script>\n<!-- \/ Yoast SEO plugin. -->","yoast_head_json":{"title":"TECFIL PSL283 - Perfomance Lube - Filtros","description":"Distribuidor de filtros TECFIL de diferentes aplicaciones. Env\u00edos a todo el pa\u00eds. Variedad de productos y stock disponible.","robots":{"index":"index","follow":"follow","max-snippet":"max-snippet:-1","max-image-preview":"max-image-preview:large","max-video-preview":"max-video-preview:-1"},"canonical":"https:\/\/pldistribucion.com.ar\/web\/producto\/tecfil-psl283\/","og_locale":"es_ES","og_type":"article","og_title":"TECFIL PSL283 - Perfomance Lube - Filtros","og_description":"Distribuidor de filtros TECFIL de diferentes aplicaciones. Env\u00edos a todo el pa\u00eds. Variedad de productos y stock disponible.","og_url":"https:\/\/pldistribucion.com.ar\/web\/producto\/tecfil-psl283\/","og_site_name":"Perfomance Lube","article_modified_time":"2022-07-05T15:12:16+00:00","og_image":[{"width":682,"height":600,"url":"https:\/\/pldistribucion.com.ar\/web\/wp-content\/uploads\/PSL283C-e1657033129778.jpg","type":"image\/jpeg"}],"twitter_card":"summary_large_image","twitter_misc":{"Tiempo de lectura":"3 minutos"},"schema":{"@context":"https:\/\/schema.org","@graph":[{"@type":"WebPage","@id":"https:\/\/pldistribucion.com.ar\/web\/producto\/tecfil-psl283\/","url":"https:\/\/pldistribucion.com.ar\/web\/producto\/tecfil-psl283\/","name":"TECFIL PSL283 - Perfomance Lube - Filtros","isPartOf":{"@id":"https:\/\/pldistribucion.com.ar\/web\/#website"},"primaryImageOfPage":{"@id":"https:\/\/pldistribucion.com.ar\/web\/producto\/tecfil-psl283\/#primaryimage"},"image":{"@id":"https:\/\/pldistribucion.com.ar\/web\/producto\/tecfil-psl283\/#primaryimage"},"thumbnailUrl":"https:\/\/pldistribucion.com.ar\/web\/wp-content\/uploads\/PSL283C-e1657033129778.jpg","datePublished":"2022-07-05T15:00:44+00:00","dateModified":"2022-07-05T15:12:16+00:00","description":"Distribuidor de filtros TECFIL de diferentes aplicaciones. Env\u00edos a todo el pa\u00eds. Variedad de productos y stock disponible.","breadcrumb":{"@id":"https:\/\/pldistribucion.com.ar\/web\/producto\/tecfil-psl283\/#breadcrumb"},"inLanguage":"es","potentialAction":[{"@type":"ReadAction","target":["https:\/\/pldistribucion.com.ar\/web\/producto\/tecfil-psl283\/"]}]},{"@type":"ImageObject","inLanguage":"es","@id":"https:\/\/pldistribucion.com.ar\/web\/producto\/tecfil-psl283\/#primaryimage","url":"https:\/\/pldistribucion.com.ar\/web\/wp-content\/uploads\/PSL283C-e1657033129778.jpg","contentUrl":"https:\/\/pldistribucion.com.ar\/web\/wp-content\/uploads\/PSL283C-e1657033129778.jpg","width":682,"height":600,"caption":"TECFIL PSL283"},{"@type":"BreadcrumbList","@id":"https:\/\/pldistribucion.com.ar\/web\/producto\/tecfil-psl283\/#breadcrumb","itemListElement":[{"@type":"ListItem","position":1,"name":"Portada","item":"https:\/\/pldistribucion.com.ar\/web\/"},{"@type":"ListItem","position":2,"name":"Productos","item":"https:\/\/pldistribucion.com.ar\/web\/productos\/"},{"@type":"ListItem","position":3,"name":"TECFIL PSL283"}]},{"@type":"WebSite","@id":"https:\/\/pldistribucion.com.ar\/web\/#website","url":"https:\/\/pldistribucion.com.ar\/web\/","name":"Perfomance Lube","description":"","publisher":{"@id":"https:\/\/pldistribucion.com.ar\/web\/#organization"},"potentialAction":[{"@type":"SearchAction","target":{"@type":"EntryPoint","urlTemplate":"https:\/\/pldistribucion.com.ar\/web\/?s={search_term_string}"},"query-input":"required name=search_term_string"}],"inLanguage":"es"},{"@type":"Organization","@id":"https:\/\/pldistribucion.com.ar\/web\/#organization","name":"PERFORMANCE LUBE","url":"https:\/\/pldistribucion.com.ar\/web\/","logo":{"@type":"ImageObject","inLanguage":"es","@id":"https:\/\/pldistribucion.com.ar\/web\/#\/schema\/logo\/image\/","url":"https:\/\/pldistribucion.com.ar\/web\/wp-content\/uploads\/pld_logo_GB-removebg-preview.png","contentUrl":"https:\/\/pldistribucion.com.ar\/web\/wp-content\/uploads\/pld_logo_GB-removebg-preview.png","width":787,"height":317,"caption":"PERFORMANCE LUBE"},"image":{"@id":"https:\/\/pldistribucion.com.ar\/web\/#\/schema\/logo\/image\/"}}]}},"_links":{"self":[{"href":"https:\/\/pldistribucion.com.ar\/web\/wp-json\/wp\/v2\/product\/4792"}],"collection":[{"href":"https:\/\/pldistribucion.com.ar\/web\/wp-json\/wp\/v2\/product"}],"about":[{"href":"https:\/\/pldistribucion.com.ar\/web\/wp-json\/wp\/v2\/types\/product"}],"replies":[{"embeddable":true,"href":"https:\/\/pldistribucion.com.ar\/web\/wp-json\/wp\/v2\/comments?post=4792"}],"wp:featuredmedia":[{"embeddable":true,"href":"https:\/\/pldistribucion.com.ar\/web\/wp-json\/wp\/v2\/media\/4793"}],"wp:attachment":[{"href":"https:\/\/pldistribucion.com.ar\/web\/wp-json\/wp\/v2\/media?parent=4792"}],"wp:term":[{"taxonomy":"product_cat","embeddable":true,"href":"https:\/\/pldistribucion.com.ar\/web\/wp-json\/wp\/v2\/product_cat?post=4792"},{"taxonomy":"product_tag","embeddable":true,"href":"https:\/\/pldistribucion.com.ar\/web\/wp-json\/wp\/v2\/product_tag?post=4792"}],"curies":[{"name":"wp","href":"https:\/\/api.w.org\/{rel}","templated":true}]}}