{"id":4789,"date":"2022-07-05T14:31:27","date_gmt":"2022-07-05T14:31:27","guid":{"rendered":"https:\/\/pldistribucion.com.ar\/web\/?post_type=product&#038;p=4789"},"modified":"2022-07-05T14:39:01","modified_gmt":"2022-07-05T14:39:01","slug":"tecfil-ars9837","status":"publish","type":"product","link":"https:\/\/pldistribucion.com.ar\/web\/producto\/tecfil-ars9837\/","title":{"rendered":"TECFIL ARS9837"},"content":{"rendered":"<h1><span style=\"font-size: 80%;\"><strong>TECFIL ARS9837 \/ FILTRO DE AIRE.<\/strong><\/span><\/h1>\n<p><strong>TECFIL ARS9837 \u27a2\u00a0<\/strong><\/p>\n<h3><span style=\"font-size: 16.128px; background-color: #91dff2;\"><b>ATRIBUTOS:<\/b><\/span><\/h3>\n<table class=\"table table-sm table-striped\" style=\"height: 242px;\" width=\"831\">\n<tbody>\n<tr class=\"ng-star-inserted\">\n<th class=\"ng-star-inserted\">Marca<\/th>\n<td class=\"ng-star-inserted\">Tecfil<\/td>\n<\/tr>\n<tr class=\"ng-star-inserted\">\n<th class=\"ng-star-inserted\">Filtro original<\/th>\n<td class=\"ng-star-inserted\">A3760948204<\/td>\n<\/tr>\n<tr class=\"ng-star-inserted\">\n<th class=\"ng-star-inserted\">\u00a0Funci\u00f3n del filtro<\/th>\n<td class=\"ng-star-inserted\">Aire<\/td>\n<\/tr>\n<tr class=\"ng-star-inserted\">\n<th class=\"ng-star-inserted\">Filtrar elemento<\/th>\n<td class=\"ng-star-inserted\">Papel<\/td>\n<\/tr>\n<tr class=\"ng-star-inserted\">\n<th class=\"ng-star-inserted\">Altura<\/th>\n<td class=\"ng-star-inserted\">428<\/td>\n<\/tr>\n<tr class=\"ng-star-inserted\">\n<th class=\"ng-star-inserted\">Di\u00e1metro externo compuesto<\/th>\n<td class=\"ng-star-inserted\">270<\/td>\n<\/tr>\n<tr class=\"ng-star-inserted\">\n<th class=\"ng-star-inserted\">Peso (kg)<\/th>\n<td class=\"ng-star-inserted\">2,9<\/td>\n<\/tr>\n<tr class=\"ng-star-inserted\">\n<th class=\"ng-star-inserted\">Diametro interno largo<\/th>\n<td class=\"ng-star-inserted\">147,5<\/td>\n<\/tr>\n<tr class=\"ng-star-inserted\">\n<th class=\"ng-star-inserted\">Observaci\u00f3n<\/th>\n<td class=\"ng-star-inserted\">&#8211;<\/td>\n<\/tr>\n<\/tbody>\n<\/table>\n<h3><span style=\"background-color: #91dff2; font-size: 80%;\"><strong>EQUIVALENCIAS :<\/strong><\/span><\/h3>\n<table class=\"table applicationPartTablePDP \" style=\"height: 53px;\" width=\"754\">\n<thead>\n<tr>\n<th class=\"col-lg-2 crossReferencemanufactureName\" data-sortcolumn=\"manufactureNameSortableValue\">MARCAS<i class=\"fa fa-chevron-up\"><\/i><\/th>\n<th class=\"col-lg-2 crossReferencemanufacturePartNumber\">N\u00b0 de pieza del fabricante<\/th>\n<\/tr>\n<\/thead>\n<tbody>\n<tr class=\"parentRows greyColor\" data-target=\".ManufacturerName_0\">\n<td class=\"searchCrossRef\" data-manufacturer=\"Nombre del fabricante\"><strong>WIX<\/strong><\/p>\n<p><strong>MARENO<\/strong><\/p>\n<p><strong>LANSS<\/strong><\/p>\n<p><strong>TECFIL<\/strong><\/p>\n<p><strong>PUROLATOR<\/strong><\/p>\n<p><strong>TECNECO<\/strong><\/p>\n<p><strong>MANN<\/strong><\/p>\n<p><strong>FRAM<\/strong><\/p>\n<p><strong>WEGA<\/strong><\/td>\n<td class=\"searchCrossRef\" data-manufacturepartnumber=\"N\u00b0 de pieza del fabricante\"><span style=\"color: #000000;\">WA48865<\/span><\/p>\n<p><span style=\"color: #000000;\">MR307<\/span><\/p>\n<p><span style=\"color: #000000;\">EF943R<\/span><\/p>\n<p><span style=\"color: #000000;\">ARS9837<\/span><\/p>\n<p><span style=\"color: #000000;\">A1147<\/span><\/p>\n<div class=\"block-table\"><span style=\"color: #000000;\">AR2068<\/span><\/div>\n<div><\/div>\n<div class=\"block-table\">\n<div class=\"block-table\"><span style=\"color: #000000;\">C 27902<\/span><\/div>\n<p><span style=\"color: #000000;\">FLI9551 \/ CA 9032<\/span><\/p>\n<p><span style=\"color: #000000;\">WAP-384<\/span><\/p>\n<\/div>\n<\/td>\n<\/tr>\n<\/tbody>\n<\/table>\n<h3><span style=\"background-color: #91dff2; font-size: 80%;\"><strong>APLICACIONES:\u00a0<\/strong><\/span><\/h3>\n<ol>\n<li><span style=\"color: #000000;\">MERCEDES BENZ 1218 L \/ LK ELECTR\u00d3NICO &#8211; OM 904 LA 98\u2192<\/span><br \/>\n<span style=\"color: #000000;\">MERCEDES BENZ 1622 L (6X2) OM 924 LA 2001\u2192<\/span><br \/>\n<span style=\"color: #000000;\">MERCEDES BENZ L 1624 OM 906 L\/LA 2007\u2192<\/span><br \/>\n<span style=\"color: #000000;\">MERCEDES BENZ 1623 L ELECTR\u00d3NICO &#8211; OM 906 L\/LA 98\u2192<\/span><br \/>\n<span style=\"color: #000000;\">MERCEDES BENZ 1723 L ELECTR\u00d3NICO &#8211; OM 906 L \/ LA 98\u2192<\/span><br \/>\n<span style=\"color: #000000;\">MERCEDES BENZ 1723 L ELECTR\u00d3NICO &#8211; OM 906 L \/ LA &#8211; EURO III 2007\u2192<\/span><br \/>\n<span style=\"color: #000000;\">IVECO TECTOR 26E25 &#8211; TECTOR 6 CILINDROS 2009\u2192<\/span><br \/>\n<span style=\"color: #000000;\">IVECO CAVALLINO 450E32T &#8211; CURSOR 8 (F2BE0681G) 1\/2006\u2192<\/span><br \/>\n<span style=\"color: #000000;\">DEUTZ AGRALE DEUTZ &#8211; AGRALE BUS MT 17.0 &#8211; MWM MAXXFORCE 7.2 2012 \u2192<\/span><br \/>\n<span style=\"color: #000000;\">IVECO CURSOR 450E33T &#8211; CURSOR 8 TURBO INTERCOOLER 2009\u2192<\/span><br \/>\n<span style=\"color: #000000;\">IVECO EURO CARGO II 230E22 &#8211; TECTOR F4AE0681D 2006 \u2192<\/span><br \/>\n<span style=\"color: #000000;\">IVECO CAVALLINO 180E32 &#8211; CURSOR 8 (F2BE0681G) 1\/2006\u2192<\/span><br \/>\n<span style=\"color: #000000;\">IVECO TECTOR 170E22 (TECTOR ATTACK) &#8211; TECTOR 6 CILINDROS 2006\u2192<\/span><br \/>\n<span style=\"color: #000000;\">IVECO TECTOR 170E25 &#8211; TECTOR 6 CILINDROS 2009\u2192<\/span><br \/>\n<span style=\"color: #000000;\">IVECO TECTOR 170E25T &#8211; TECTOR 6 CILINDROS 2009\u2192<\/span><br \/>\n<span style=\"color: #000000;\">IVECO TECTOR 170E28S \/ T \/ ST &#8211; TECTOR 6 CILINDROS 2012 \u2192<\/span><br \/>\n<span style=\"color: #000000;\">IVECO TECTOR 240E25 &#8211; TECTOR 6 CILINDROS 2009\u2192<\/span><br \/>\n<span style=\"color: #000000;\">IVECO TECTOR 260E25 &#8211; TECTOR 6 CILINDROS 2009\u2192<\/span><br \/>\n<span style=\"color: #000000;\">MERCEDES BENZ 1721 OF MEC\u00c1NICO &#8211; OM 366 LA 1998\u2192<\/span><br \/>\n<span style=\"color: #000000;\">MERCEDES BENZ 1721 OF ELECR\u00d3NICO &#8211; OM 906 LA 1998\u2192<\/span><br \/>\n<span style=\"color: #000000;\">MERCEDES BENZ 1421 OH L &#8211; OM 366 LA 1998\u2192<\/span><br \/>\n<span style=\"color: #000000;\">VOLVO B 7R &#8211; D7B260 &#8211;<\/span><br \/>\n<span style=\"color: #000000;\">IVECO EURO CARGO II 170E22 (TECTOR ATTACK) &#8211; TECTOR 6 CILINDROS 2006 \u2192<\/span><br \/>\n<span style=\"color: #000000;\">IVECO EURO CARGO II 70E28(TECTOR ATTACK) &#8211; TECTOR 6 CILINDROS 2006 \u2192<\/span><\/li>\n<\/ol>\n<hr \/>\n<p><strong><a href=\"https:\/\/pldistribucion.com.ar\/web\/categoria-producto\/filtros\/tecfil\/\" target=\"_blank\" rel=\"noopener\"><span style=\"color: #000080;\">Ver m\u00e1s filtros TECFIL<\/span><\/a><\/strong><\/p>\n<p><span style=\"color: #000000;\">(TECFIL es una industria de Filtros Automotrices presente en el mercado hace m\u00e1s de 67 a\u00f1os. La empresa, fundada el 20 de marzo de 1953, se especializ\u00f3 en el segmento, convirti\u00e9ndose en la f\u00e1brica de filtros m\u00e1s grande de Am\u00e9rica Latina. )\u00a0<\/span><\/p>\n<p><strong><span style=\"color: #000080;\"><a style=\"color: #000080;\" href=\"https:\/\/www.tecfil.com.br\/quem-somos\/?lang=es\" target=\"_blank\" rel=\"noopener\">Conoce m\u00e1s sobre TECFIL<\/a><\/span><\/strong><\/p>\n","protected":false},"excerpt":{"rendered":"<p><img loading=\"lazy\" decoding=\"async\" class=\"alignnone wp-image-4775\" src=\"https:\/\/pldistribucion.com.ar\/web\/wp-content\/uploads\/descarga-6-e1656605433472-300x119.png\" alt=\"\" width=\"247\" height=\"98\" srcset=\"https:\/\/pldistribucion.com.ar\/web\/wp-content\/uploads\/descarga-6-e1656605433472-300x119.png 300w, https:\/\/pldistribucion.com.ar\/web\/wp-content\/uploads\/descarga-6-e1656605433472.png 560w\" sizes=\"(max-width: 247px) 100vw, 247px\" \/><\/p>\n<h2 style=\"text-align: left;\"><span style=\"font-size: 75%;\"><strong><a rel=\"noopener noreferrer\" href=\"https:\/\/performancelube.mercadoshops.com.ar\/MLA-1145517105-filtro-de-aire-tecfil-ars9837-wap-384-_JM#position=1&#038;search_layout=stack&#038;type=item&#038;tracking_id=bbc8064c-7b0a-4bdf-bbd3-38c8c93e73bd\" target=\"_blank\" class=\"button primary\"  >\n    <span>VER EN TIENDA ?<\/span>\n  <\/a>\n<span style=\"color: #69314d;\">\u00a0<\/span><\/strong><strong>\u00a0<\/strong><\/span><\/h2>\n<p>TECFIL es una industria de Filtros Automotrices presente en el mercado hace m\u00e1s de 67 a\u00f1os. La empresa, fundada el 20 de marzo de 1953, se especializ\u00f3 en el segmento, generando una\u00a0alta tecnolog\u00eda con m\u00e1quinas y laboratorios de \u00faltima generaci\u00f3n.<\/p>\n","protected":false},"featured_media":4790,"comment_status":"open","ping_status":"closed","template":"","meta":[],"product_cat":[19],"product_tag":[],"yoast_head":"<!-- This site is optimized with the Yoast SEO plugin v23.0 - https:\/\/yoast.com\/wordpress\/plugins\/seo\/ -->\n<title>TECFIL ARS9837 - Perfomance Lube - Filtros<\/title>\n<meta name=\"description\" content=\"Distribuidor de filtros TECFIL de diferentes aplicaciones. Env\u00edos a todo el pa\u00eds. Variedad de productos y stock disponible.\" \/>\n<meta name=\"robots\" content=\"index, follow, max-snippet:-1, max-image-preview:large, max-video-preview:-1\" \/>\n<link rel=\"canonical\" href=\"https:\/\/pldistribucion.com.ar\/web\/producto\/tecfil-ars9837\/\" \/>\n<meta property=\"og:locale\" content=\"es_ES\" \/>\n<meta property=\"og:type\" content=\"article\" \/>\n<meta property=\"og:title\" content=\"TECFIL ARS9837 - Perfomance Lube - Filtros\" \/>\n<meta property=\"og:description\" content=\"Distribuidor de filtros TECFIL de diferentes aplicaciones. Env\u00edos a todo el pa\u00eds. Variedad de productos y stock disponible.\" \/>\n<meta property=\"og:url\" content=\"https:\/\/pldistribucion.com.ar\/web\/producto\/tecfil-ars9837\/\" \/>\n<meta property=\"og:site_name\" content=\"Perfomance Lube\" \/>\n<meta property=\"article:modified_time\" content=\"2022-07-05T14:39:01+00:00\" \/>\n<meta property=\"og:image\" content=\"https:\/\/pldistribucion.com.ar\/web\/wp-content\/uploads\/ARS9837A.jpg\" \/>\n\t<meta property=\"og:image:width\" content=\"800\" \/>\n\t<meta property=\"og:image:height\" content=\"600\" \/>\n\t<meta property=\"og:image:type\" content=\"image\/jpeg\" \/>\n<meta name=\"twitter:card\" content=\"summary_large_image\" \/>\n<meta name=\"twitter:label1\" content=\"Tiempo de lectura\" \/>\n\t<meta name=\"twitter:data1\" content=\"2 minutos\" \/>\n<script type=\"application\/ld+json\" class=\"yoast-schema-graph\">{\"@context\":\"https:\/\/schema.org\",\"@graph\":[{\"@type\":\"WebPage\",\"@id\":\"https:\/\/pldistribucion.com.ar\/web\/producto\/tecfil-ars9837\/\",\"url\":\"https:\/\/pldistribucion.com.ar\/web\/producto\/tecfil-ars9837\/\",\"name\":\"TECFIL ARS9837 - Perfomance Lube - Filtros\",\"isPartOf\":{\"@id\":\"https:\/\/pldistribucion.com.ar\/web\/#website\"},\"primaryImageOfPage\":{\"@id\":\"https:\/\/pldistribucion.com.ar\/web\/producto\/tecfil-ars9837\/#primaryimage\"},\"image\":{\"@id\":\"https:\/\/pldistribucion.com.ar\/web\/producto\/tecfil-ars9837\/#primaryimage\"},\"thumbnailUrl\":\"https:\/\/pldistribucion.com.ar\/web\/wp-content\/uploads\/ARS9837A.jpg\",\"datePublished\":\"2022-07-05T14:31:27+00:00\",\"dateModified\":\"2022-07-05T14:39:01+00:00\",\"description\":\"Distribuidor de filtros TECFIL de diferentes aplicaciones. Env\u00edos a todo el pa\u00eds. Variedad de productos y stock disponible.\",\"breadcrumb\":{\"@id\":\"https:\/\/pldistribucion.com.ar\/web\/producto\/tecfil-ars9837\/#breadcrumb\"},\"inLanguage\":\"es\",\"potentialAction\":[{\"@type\":\"ReadAction\",\"target\":[\"https:\/\/pldistribucion.com.ar\/web\/producto\/tecfil-ars9837\/\"]}]},{\"@type\":\"ImageObject\",\"inLanguage\":\"es\",\"@id\":\"https:\/\/pldistribucion.com.ar\/web\/producto\/tecfil-ars9837\/#primaryimage\",\"url\":\"https:\/\/pldistribucion.com.ar\/web\/wp-content\/uploads\/ARS9837A.jpg\",\"contentUrl\":\"https:\/\/pldistribucion.com.ar\/web\/wp-content\/uploads\/ARS9837A.jpg\",\"width\":800,\"height\":600,\"caption\":\"TECFIL ARS9837\"},{\"@type\":\"BreadcrumbList\",\"@id\":\"https:\/\/pldistribucion.com.ar\/web\/producto\/tecfil-ars9837\/#breadcrumb\",\"itemListElement\":[{\"@type\":\"ListItem\",\"position\":1,\"name\":\"Portada\",\"item\":\"https:\/\/pldistribucion.com.ar\/web\/\"},{\"@type\":\"ListItem\",\"position\":2,\"name\":\"Productos\",\"item\":\"https:\/\/pldistribucion.com.ar\/web\/productos\/\"},{\"@type\":\"ListItem\",\"position\":3,\"name\":\"TECFIL ARS9837\"}]},{\"@type\":\"WebSite\",\"@id\":\"https:\/\/pldistribucion.com.ar\/web\/#website\",\"url\":\"https:\/\/pldistribucion.com.ar\/web\/\",\"name\":\"Perfomance Lube\",\"description\":\"\",\"publisher\":{\"@id\":\"https:\/\/pldistribucion.com.ar\/web\/#organization\"},\"potentialAction\":[{\"@type\":\"SearchAction\",\"target\":{\"@type\":\"EntryPoint\",\"urlTemplate\":\"https:\/\/pldistribucion.com.ar\/web\/?s={search_term_string}\"},\"query-input\":\"required name=search_term_string\"}],\"inLanguage\":\"es\"},{\"@type\":\"Organization\",\"@id\":\"https:\/\/pldistribucion.com.ar\/web\/#organization\",\"name\":\"PERFORMANCE LUBE\",\"url\":\"https:\/\/pldistribucion.com.ar\/web\/\",\"logo\":{\"@type\":\"ImageObject\",\"inLanguage\":\"es\",\"@id\":\"https:\/\/pldistribucion.com.ar\/web\/#\/schema\/logo\/image\/\",\"url\":\"https:\/\/pldistribucion.com.ar\/web\/wp-content\/uploads\/pld_logo_GB-removebg-preview.png\",\"contentUrl\":\"https:\/\/pldistribucion.com.ar\/web\/wp-content\/uploads\/pld_logo_GB-removebg-preview.png\",\"width\":787,\"height\":317,\"caption\":\"PERFORMANCE LUBE\"},\"image\":{\"@id\":\"https:\/\/pldistribucion.com.ar\/web\/#\/schema\/logo\/image\/\"}}]}<\/script>\n<!-- \/ Yoast SEO plugin. -->","yoast_head_json":{"title":"TECFIL ARS9837 - Perfomance Lube - Filtros","description":"Distribuidor de filtros TECFIL de diferentes aplicaciones. Env\u00edos a todo el pa\u00eds. Variedad de productos y stock disponible.","robots":{"index":"index","follow":"follow","max-snippet":"max-snippet:-1","max-image-preview":"max-image-preview:large","max-video-preview":"max-video-preview:-1"},"canonical":"https:\/\/pldistribucion.com.ar\/web\/producto\/tecfil-ars9837\/","og_locale":"es_ES","og_type":"article","og_title":"TECFIL ARS9837 - Perfomance Lube - Filtros","og_description":"Distribuidor de filtros TECFIL de diferentes aplicaciones. Env\u00edos a todo el pa\u00eds. Variedad de productos y stock disponible.","og_url":"https:\/\/pldistribucion.com.ar\/web\/producto\/tecfil-ars9837\/","og_site_name":"Perfomance Lube","article_modified_time":"2022-07-05T14:39:01+00:00","og_image":[{"width":800,"height":600,"url":"https:\/\/pldistribucion.com.ar\/web\/wp-content\/uploads\/ARS9837A.jpg","type":"image\/jpeg"}],"twitter_card":"summary_large_image","twitter_misc":{"Tiempo de lectura":"2 minutos"},"schema":{"@context":"https:\/\/schema.org","@graph":[{"@type":"WebPage","@id":"https:\/\/pldistribucion.com.ar\/web\/producto\/tecfil-ars9837\/","url":"https:\/\/pldistribucion.com.ar\/web\/producto\/tecfil-ars9837\/","name":"TECFIL ARS9837 - Perfomance Lube - Filtros","isPartOf":{"@id":"https:\/\/pldistribucion.com.ar\/web\/#website"},"primaryImageOfPage":{"@id":"https:\/\/pldistribucion.com.ar\/web\/producto\/tecfil-ars9837\/#primaryimage"},"image":{"@id":"https:\/\/pldistribucion.com.ar\/web\/producto\/tecfil-ars9837\/#primaryimage"},"thumbnailUrl":"https:\/\/pldistribucion.com.ar\/web\/wp-content\/uploads\/ARS9837A.jpg","datePublished":"2022-07-05T14:31:27+00:00","dateModified":"2022-07-05T14:39:01+00:00","description":"Distribuidor de filtros TECFIL de diferentes aplicaciones. Env\u00edos a todo el pa\u00eds. Variedad de productos y stock disponible.","breadcrumb":{"@id":"https:\/\/pldistribucion.com.ar\/web\/producto\/tecfil-ars9837\/#breadcrumb"},"inLanguage":"es","potentialAction":[{"@type":"ReadAction","target":["https:\/\/pldistribucion.com.ar\/web\/producto\/tecfil-ars9837\/"]}]},{"@type":"ImageObject","inLanguage":"es","@id":"https:\/\/pldistribucion.com.ar\/web\/producto\/tecfil-ars9837\/#primaryimage","url":"https:\/\/pldistribucion.com.ar\/web\/wp-content\/uploads\/ARS9837A.jpg","contentUrl":"https:\/\/pldistribucion.com.ar\/web\/wp-content\/uploads\/ARS9837A.jpg","width":800,"height":600,"caption":"TECFIL ARS9837"},{"@type":"BreadcrumbList","@id":"https:\/\/pldistribucion.com.ar\/web\/producto\/tecfil-ars9837\/#breadcrumb","itemListElement":[{"@type":"ListItem","position":1,"name":"Portada","item":"https:\/\/pldistribucion.com.ar\/web\/"},{"@type":"ListItem","position":2,"name":"Productos","item":"https:\/\/pldistribucion.com.ar\/web\/productos\/"},{"@type":"ListItem","position":3,"name":"TECFIL ARS9837"}]},{"@type":"WebSite","@id":"https:\/\/pldistribucion.com.ar\/web\/#website","url":"https:\/\/pldistribucion.com.ar\/web\/","name":"Perfomance Lube","description":"","publisher":{"@id":"https:\/\/pldistribucion.com.ar\/web\/#organization"},"potentialAction":[{"@type":"SearchAction","target":{"@type":"EntryPoint","urlTemplate":"https:\/\/pldistribucion.com.ar\/web\/?s={search_term_string}"},"query-input":"required name=search_term_string"}],"inLanguage":"es"},{"@type":"Organization","@id":"https:\/\/pldistribucion.com.ar\/web\/#organization","name":"PERFORMANCE LUBE","url":"https:\/\/pldistribucion.com.ar\/web\/","logo":{"@type":"ImageObject","inLanguage":"es","@id":"https:\/\/pldistribucion.com.ar\/web\/#\/schema\/logo\/image\/","url":"https:\/\/pldistribucion.com.ar\/web\/wp-content\/uploads\/pld_logo_GB-removebg-preview.png","contentUrl":"https:\/\/pldistribucion.com.ar\/web\/wp-content\/uploads\/pld_logo_GB-removebg-preview.png","width":787,"height":317,"caption":"PERFORMANCE LUBE"},"image":{"@id":"https:\/\/pldistribucion.com.ar\/web\/#\/schema\/logo\/image\/"}}]}},"_links":{"self":[{"href":"https:\/\/pldistribucion.com.ar\/web\/wp-json\/wp\/v2\/product\/4789"}],"collection":[{"href":"https:\/\/pldistribucion.com.ar\/web\/wp-json\/wp\/v2\/product"}],"about":[{"href":"https:\/\/pldistribucion.com.ar\/web\/wp-json\/wp\/v2\/types\/product"}],"replies":[{"embeddable":true,"href":"https:\/\/pldistribucion.com.ar\/web\/wp-json\/wp\/v2\/comments?post=4789"}],"wp:featuredmedia":[{"embeddable":true,"href":"https:\/\/pldistribucion.com.ar\/web\/wp-json\/wp\/v2\/media\/4790"}],"wp:attachment":[{"href":"https:\/\/pldistribucion.com.ar\/web\/wp-json\/wp\/v2\/media?parent=4789"}],"wp:term":[{"taxonomy":"product_cat","embeddable":true,"href":"https:\/\/pldistribucion.com.ar\/web\/wp-json\/wp\/v2\/product_cat?post=4789"},{"taxonomy":"product_tag","embeddable":true,"href":"https:\/\/pldistribucion.com.ar\/web\/wp-json\/wp\/v2\/product_tag?post=4789"}],"curies":[{"name":"wp","href":"https:\/\/api.w.org\/{rel}","templated":true}]}}