{"id":4781,"date":"2022-07-05T12:29:32","date_gmt":"2022-07-05T12:29:32","guid":{"rendered":"https:\/\/pldistribucion.com.ar\/web\/?post_type=product&#038;p=4781"},"modified":"2022-07-05T12:35:16","modified_gmt":"2022-07-05T12:35:16","slug":"tecfil-pec3022","status":"publish","type":"product","link":"https:\/\/pldistribucion.com.ar\/web\/producto\/tecfil-pec3022\/","title":{"rendered":"TECFIL PEC3022"},"content":{"rendered":"<h1><span style=\"font-size: 80%;\"><strong>TECFIL PEC3022 \/ FILTRO DE COMBUSTIBLE.<\/strong><\/span><\/h1>\n<p><strong>TECFIL PEC3022 \u27a2\u00a0<\/strong><\/p>\n<h3><span style=\"font-size: 16.128px; background-color: #91dff2;\"><b>ATRIBUTOS:<\/b><\/span><\/h3>\n<table class=\"table table-sm table-striped\" style=\"height: 242px;\" width=\"831\">\n<tbody>\n<tr class=\"ng-star-inserted\">\n<th class=\"ng-star-inserted\">Marca<\/th>\n<td class=\"ng-star-inserted\">Tecfil<\/td>\n<\/tr>\n<tr class=\"ng-star-inserted\">\n<th class=\"ng-star-inserted\">Filtro original<\/th>\n<td class=\"ng-star-inserted\">9060920205<\/td>\n<\/tr>\n<tr class=\"ng-star-inserted\">\n<th class=\"ng-star-inserted\">Elemento filtrante<\/th>\n<td class=\"ng-star-inserted\">Papel<\/td>\n<\/tr>\n<tr class=\"ng-star-inserted\">\n<th class=\"ng-star-inserted\">Diametro exterior filtro<\/th>\n<td class=\"ng-star-inserted\">92<\/td>\n<\/tr>\n<tr class=\"ng-star-inserted\">\n<th class=\"ng-star-inserted\">Altura<\/th>\n<td class=\"ng-star-inserted\">103<\/td>\n<\/tr>\n<tr class=\"ng-star-inserted\">\n<th class=\"ng-star-inserted\">Peso neto<\/th>\n<td class=\"ng-star-inserted\">0,191<\/td>\n<\/tr>\n<tr class=\"ng-star-inserted\">\n<th class=\"ng-star-inserted\">Largo total filtro<\/th>\n<td class=\"ng-star-inserted\">23,7<\/td>\n<\/tr>\n<tr class=\"ng-star-inserted\">\n<th class=\"ng-star-inserted\">Tipo de filtro<\/th>\n<td class=\"ng-star-inserted\">&#8211;<\/td>\n<\/tr>\n<tr class=\"ng-star-inserted\">\n<th class=\"ng-star-inserted\">Hilo \/ rosca<\/th>\n<td class=\"ng-star-inserted\">&#8211;<\/td>\n<\/tr>\n<\/tbody>\n<\/table>\n<h3><span style=\"background-color: #91dff2; font-size: 80%;\"><strong>EQUIVALENCIAS :<\/strong><\/span><\/h3>\n<div class=\"block-table\"><\/div>\n<table class=\"table applicationPartTablePDP \" style=\"height: 58px;\" width=\"831\">\n<thead>\n<tr>\n<th class=\"col-lg-2 crossReferencemanufactureName\" data-sortcolumn=\"manufactureNameSortableValue\">MARCAS<i class=\"fa fa-chevron-up\"><\/i><\/th>\n<th class=\"col-lg-2 crossReferencemanufacturePartNumber\">N\u00b0 de pieza del fabricante<\/th>\n<\/tr>\n<\/thead>\n<tbody>\n<tr class=\"parentRows greyColor\" data-target=\".ManufacturerName_0\">\n<td class=\"searchCrossRef\" data-manufacturer=\"Nombre del fabricante\"><i class=\"fa fa-plus\" data-target=\".ManufacturerName_0\"><strong>WEGA<\/strong><\/i><\/p>\n<p><strong>BALDWIN<\/strong><\/p>\n<p><strong>FRAM<\/strong><\/p>\n<p><strong>MANN<\/strong><\/p>\n<p><strong>OEM<\/strong><\/p>\n<p><strong>BOSCH<\/strong><\/p>\n<p><strong>MARENO<\/strong><\/p>\n<p><strong>WIX<\/strong><\/p>\n<p><strong>HASTING<\/strong><\/p>\n<p><strong>HENGST<\/strong><\/p>\n<p><strong>MAHLE<\/strong><\/p>\n<p><strong>TECNECO<\/strong><\/p>\n<p><strong>FLEETGUARD<\/strong><\/td>\n<td class=\"searchCrossRef\" data-manufacturepartnumber=\"N\u00b0 de pieza del fabricante\">&nbsp;<\/p>\n<p><span style=\"color: #000000;\">FCD-0768<\/span><\/p>\n<p><span style=\"color: #000000;\">PF7735<\/span><\/p>\n<p><span style=\"color: #000000;\">FT9609<\/span><\/p>\n<p><span style=\"color: #000000;\">PU 1046x<\/span><\/p>\n<p><span style=\"color: #000000;\">0000901251 \/ 9060920305 \/\u00a0 9060920505<\/span><\/p>\n<p><span style=\"color: #000000;\">0986BF0201<\/span><\/p>\n<p><span style=\"color: #000000;\">MC035<\/span><\/p>\n<p><span style=\"color: #000000;\">WF33634<\/span><\/p>\n<p><span style=\"color: #000000;\">Z5194E<\/span><\/p>\n<p><span style=\"color: #000000;\">E52KPD36<\/span><\/p>\n<p><span style=\"color: #000000;\">KX67\/2D<\/span><\/p>\n<p><span style=\"color: #000000;\">EGSO203<\/span><\/p>\n<p><span style=\"color: #000000;\">PF5380<\/span><\/p>\n<p>&nbsp;<\/td>\n<\/tr>\n<\/tbody>\n<\/table>\n<h3><span style=\"background-color: #91dff2; font-size: 80%;\"><strong>APLICACIONES:\u00a0<\/strong><\/span><\/h3>\n<ul>\n<li><span style=\"color: #000000;\">CLAAS COSECHADORA MEDION 340 MB OM 906 LA 4\/2000\u2192<\/span><br \/>\n<span style=\"color: #000000;\">CLAAS COSECHADORA MEGA 204 MB 906 LA 9\/2003\u2192<\/span><br \/>\n<span style=\"color: #000000;\">MERCEDES BENZ O 500 M OM 906 2006\u2192<\/span><br \/>\n<span style=\"color: #000000;\">MERCEDES BENZ 914 C ELECTR\u00d3NICO OM 904 LA 01\/98\u2192<\/span><br \/>\n<span style=\"color: #000000;\">MERCEDES BENZ 1115 OF L &#8211; OM 904 LA 2000\u2192<\/span><br \/>\n<span style=\"color: #000000;\">MERCEDES BENZ 1218 L \/ LK ELECTR\u00d3NICO &#8211; OM 904 LA 98\u2192<\/span><br \/>\n<span style=\"color: #000000;\">MERCEDES BENZ 1622 L (6X2) OM 924 LA 2001\u2192<\/span><br \/>\n<span style=\"color: #000000;\">MERCEDES BENZ L 1624 OM 906 L\/LA 2007\u2192<\/span><br \/>\n<span style=\"color: #000000;\">MERCEDES BENZ 1623 L ELECTR\u00d3NICO &#8211; OM 906 L\/LA 98\u2192<\/span><br \/>\n<span style=\"color: #000000;\">MERCEDES BENZ 1718 M TURBO INTERCOOLER 4,3 &#8211; OM 904 LA C\/ CARCASA INTERNA 2004\u2192<\/span><br \/>\n<span style=\"color: #000000;\">MERCEDES BENZ 1718 M TURBO INTERCOOLER 4,3 &#8211; OM 904 LA C\/ CARCASA EXTERNA &#8211;<\/span><br \/>\n<span style=\"color: #000000;\">MERCEDES BENZ 1723 L ELECTR\u00d3NICO &#8211; OM 906 L \/ LA 98\u2192<\/span><br \/>\n<span style=\"color: #000000;\">MERCEDES BENZ 1723 L ELECTR\u00d3NICO &#8211; OM 906 L \/ LA &#8211; EURO III 2007\u2192<\/span><br \/>\n<span style=\"color: #000000;\">MERCEDES BENZ 1728 ELECTR\u00d3NICO &#8211; OM 906 LA &#8211;<\/span><br \/>\n<span style=\"color: #000000;\">MERCEDES BENZ 2428 OM 906 LA 2004\u2192<\/span><br \/>\n<span style=\"color: #000000;\">MERCEDES BENZ ATEGO 1726 BLUE TEC5 &#8211; OM926LA 2011 \u2192<\/span><\/p>\n<h4><span style=\"color: #000000;\">MERCEDES BENZ ATRON 1719 &#8211; OM924LA 2013 -\u2192<\/span><\/h4>\n<p><span style=\"color: #000000;\">MERCEDES BENZ O 500 M OM 904 LA 01\/98\u2192<\/span><br \/>\n<span style=\"color: #000000;\">MERCEDES BENZ O 500 M OM 906 LA 01\/98\u2192<\/span><br \/>\n<span style=\"color: #000000;\">MERCEDES BENZ O 500 M OM 962 LA 01\/00\u2192<\/span><br \/>\n<span style=\"color: #000000;\">MERCEDES BENZ 712 C &#8211; 914 C ELECTR\u00d3NICO OM 904 LA 98\u2192<\/span><br \/>\n<span style=\"color: #000000;\">MERCEDES BENZ 1115 OF L &#8211; SB \/ OM 904 LA TURBOALIMENTADO POSTENFRIADO 2000\u2192<\/span><br \/>\n<span style=\"color: #000000;\">MERCEDES BENZ 1215 CITY ELECTR\u00d3NICO &#8211; OM 904 LA 1998\u2192<\/span><br \/>\n<span style=\"color: #000000;\">MERCEDES BENZ 1215 CITY ELECTR\u00d3NICO &#8211; OM 904 LA EURO III 2007\u2192<\/span><br \/>\n<span style=\"color: #000000;\">MERCEDES BENZ 1218 L \/ LK ELECTR\u00d3NICO &#8211; OM 904 LA 2001\u2192<\/span><br \/>\n<span style=\"color: #000000;\">MERCEDES BENZ 1218 L \/ LK ELECTR\u00d3NICO &#8211; OM 904 LA EURO III 2007\u2192<\/span><br \/>\n<span style=\"color: #000000;\">MERCEDES BENZ 1318 OM904LA 2006 \u2192<\/span><br \/>\n<span style=\"color: #000000;\">MERCEDES BENZ 1618 M OM 904 LA 1998\u2192<\/span><br \/>\n<span style=\"color: #000000;\">MERCEDES BENZ 1618 M OM 904 LA 2005\u2192<\/span><br \/>\n<span style=\"color: #000000;\">MERCEDES BENZ 1721 OF ELECR\u00d3NICO &#8211; OM 906 LA 1998\u2192<\/span><br \/>\n<span style=\"color: #000000;\">MERCEDES BENZ 2423 B \/ K &#8211; OM 906 LA 1998\u2192<\/span><br \/>\n<span style=\"color: #000000;\">MERCEDES BENZ ACCELO 815 (BLUE TEC 5) &#8211; OM924LA 2011 \u2192<\/span><br \/>\n<span style=\"color: #000000;\">MERCEDES BENZ ACCELO 915 ELECTR\u00d3NICO &#8211; OM 904 LA 2005\u2192<\/span><br \/>\n<span style=\"color: #000000;\">MERCEDES BENZ ACCELO 915 ELECTR\u00d3NICO &#8211; OM 904 LA &#8211; EURO III 2007\u2192<\/span><br \/>\n<span style=\"color: #000000;\">MERCEDES BENZ ACCELO 1016 (BLUE TEC 5) &#8211; OM924LA 2011 \u2192<\/span><\/p>\n<h5><span style=\"color: #000000;\">MERCEDES BENZ ATEGO 1418 &#8211; OM904LA 2005 \u2192<\/span><\/h5>\n<p><span style=\"color: #000000;\">MERCEDES BENZ ATEGO 1418 &#8211; OM904LA 2007\u2192<\/span><br \/>\n<span style=\"color: #000000;\">MERCEDES BENZ ATEGO 1725 &#8211; OM904LA 2007\u2192<\/span><br \/>\n<span style=\"color: #000000;\">MERCEDES BENZ 1417 OF ELECTR\u00d3NICO &#8211; OM 904 L \/ LA 1998\u2192<\/span><br \/>\n<span style=\"color: #000000;\">MERCEDES BENZ 1115 OF SB &#8211; OM 904 LA 2000\u2192<\/span><br \/>\n<span style=\"color: #000000;\">MERCEDES BENZ LO 916 4.8 V8 SOHV L4 2011 \u2192<\/span><br \/>\n<span style=\"color: #000000;\">MERCEDES BENZ ATEGO 1315 &#8211; OM 904 LA 2007\u2192<\/span><br \/>\n<span style=\"color: #000000;\">MERCEDES BENZ ATEGO 1718 &#8211; OM 904 LA 2005\u2192<\/span><br \/>\n<span style=\"color: #000000;\">MERCEDES BENZ ATEGO 1725 &#8211; OM 906 LA 2005 \u2192<\/span><br \/>\n<span style=\"color: #000000;\">MERCEDES BENZ AXOR 1933 &#8211; OM 926 LA 2007\u2192<\/span><br \/>\n<span style=\"color: #000000;\">MERCEDES BENZ AXOR 2831 &#8211; OM 926 LA 2007\u2192<\/span><\/li>\n<\/ul>\n<hr \/>\n<p><strong><a href=\"https:\/\/pldistribucion.com.ar\/web\/categoria-producto\/filtros\/tecfil\/\" target=\"_blank\" rel=\"noopener\"><span style=\"color: #000080;\">Ver m\u00e1s filtros TECFIL<\/span><\/a><\/strong><\/p>\n<p><span style=\"color: #000000;\">(TECFIL es una industria de Filtros Automotrices presente en el mercado hace m\u00e1s de 67 a\u00f1os. La empresa, fundada el 20 de marzo de 1953, se especializ\u00f3 en el segmento, convirti\u00e9ndose en la f\u00e1brica de filtros m\u00e1s grande de Am\u00e9rica Latina. )\u00a0<\/span><\/p>\n<p><strong><span style=\"color: #000080;\"><a style=\"color: #000080;\" href=\"https:\/\/www.tecfil.com.br\/quem-somos\/?lang=es\" target=\"_blank\" rel=\"noopener\">Conoce m\u00e1s sobre TECFIL<\/a><\/span><\/strong><\/p>\n","protected":false},"excerpt":{"rendered":"<p><img loading=\"lazy\" decoding=\"async\" class=\"alignnone wp-image-4775\" src=\"https:\/\/pldistribucion.com.ar\/web\/wp-content\/uploads\/descarga-6-e1656605433472-300x119.png\" alt=\"\" width=\"247\" height=\"98\" srcset=\"https:\/\/pldistribucion.com.ar\/web\/wp-content\/uploads\/descarga-6-e1656605433472-300x119.png 300w, https:\/\/pldistribucion.com.ar\/web\/wp-content\/uploads\/descarga-6-e1656605433472.png 560w\" sizes=\"(max-width: 247px) 100vw, 247px\" \/><\/p>\n<h2 style=\"text-align: left;\"><span style=\"font-size: 75%;\"><strong><a rel=\"noopener noreferrer\" href=\"https:\/\/performancelube.mercadoshops.com.ar\/MLA-1145574379-filtro-de-combustible-tecfil-pec3022-pf5380-_JM#position=1&#038;search_layout=stack&#038;type=item&#038;tracking_id=bbc8064c-7b0a-4bdf-bbd3-38c8c93e73bd\" target=\"_blank\" class=\"button primary\"  >\n    <span>VER EN TIENDA ?<\/span>\n  <\/a>\n<span style=\"color: #69314d;\">\u00a0<\/span><\/strong><strong>\u00a0<\/strong><\/span><\/h2>\n<p>TECFIL es una industria de Filtros Automotrices presente en el mercado hace m\u00e1s de 67 a\u00f1os. La empresa, fundada el 20 de marzo de 1953, se especializ\u00f3 en el segmento, generando una\u00a0alta tecnolog\u00eda con m\u00e1quinas y laboratorios de \u00faltima generaci\u00f3n.<\/p>\n","protected":false},"featured_media":4783,"comment_status":"open","ping_status":"closed","template":"","meta":[],"product_cat":[19],"product_tag":[],"yoast_head":"<!-- This site is optimized with the Yoast SEO plugin v23.0 - https:\/\/yoast.com\/wordpress\/plugins\/seo\/ -->\n<title>TECFIL PEC3022 - Perfomance Lube - Filtros<\/title>\n<meta name=\"description\" content=\"Distribuidor de filtros TECFIL de diferentes aplicaciones. Env\u00edos a todo el pa\u00eds. Variedad de productos y stock disponible.\" \/>\n<meta name=\"robots\" content=\"index, follow, max-snippet:-1, max-image-preview:large, max-video-preview:-1\" \/>\n<link rel=\"canonical\" href=\"https:\/\/pldistribucion.com.ar\/web\/producto\/tecfil-pec3022\/\" \/>\n<meta property=\"og:locale\" content=\"es_ES\" \/>\n<meta property=\"og:type\" content=\"article\" \/>\n<meta property=\"og:title\" content=\"TECFIL PEC3022 - Perfomance Lube - Filtros\" \/>\n<meta property=\"og:description\" content=\"Distribuidor de filtros TECFIL de diferentes aplicaciones. Env\u00edos a todo el pa\u00eds. Variedad de productos y stock disponible.\" \/>\n<meta property=\"og:url\" content=\"https:\/\/pldistribucion.com.ar\/web\/producto\/tecfil-pec3022\/\" \/>\n<meta property=\"og:site_name\" content=\"Perfomance Lube\" \/>\n<meta property=\"article:modified_time\" content=\"2022-07-05T12:35:16+00:00\" \/>\n<meta property=\"og:image\" content=\"https:\/\/pldistribucion.com.ar\/web\/wp-content\/uploads\/TECFIL0051-4.jpg\" \/>\n\t<meta property=\"og:image:width\" content=\"1000\" \/>\n\t<meta property=\"og:image:height\" content=\"1000\" \/>\n\t<meta property=\"og:image:type\" content=\"image\/jpeg\" \/>\n<meta name=\"twitter:card\" content=\"summary_large_image\" \/>\n<meta name=\"twitter:label1\" content=\"Tiempo de lectura\" \/>\n\t<meta name=\"twitter:data1\" content=\"3 minutos\" \/>\n<script type=\"application\/ld+json\" class=\"yoast-schema-graph\">{\"@context\":\"https:\/\/schema.org\",\"@graph\":[{\"@type\":\"WebPage\",\"@id\":\"https:\/\/pldistribucion.com.ar\/web\/producto\/tecfil-pec3022\/\",\"url\":\"https:\/\/pldistribucion.com.ar\/web\/producto\/tecfil-pec3022\/\",\"name\":\"TECFIL PEC3022 - Perfomance Lube - Filtros\",\"isPartOf\":{\"@id\":\"https:\/\/pldistribucion.com.ar\/web\/#website\"},\"primaryImageOfPage\":{\"@id\":\"https:\/\/pldistribucion.com.ar\/web\/producto\/tecfil-pec3022\/#primaryimage\"},\"image\":{\"@id\":\"https:\/\/pldistribucion.com.ar\/web\/producto\/tecfil-pec3022\/#primaryimage\"},\"thumbnailUrl\":\"https:\/\/pldistribucion.com.ar\/web\/wp-content\/uploads\/TECFIL0051-4.jpg\",\"datePublished\":\"2022-07-05T12:29:32+00:00\",\"dateModified\":\"2022-07-05T12:35:16+00:00\",\"description\":\"Distribuidor de filtros TECFIL de diferentes aplicaciones. Env\u00edos a todo el pa\u00eds. Variedad de productos y stock disponible.\",\"breadcrumb\":{\"@id\":\"https:\/\/pldistribucion.com.ar\/web\/producto\/tecfil-pec3022\/#breadcrumb\"},\"inLanguage\":\"es\",\"potentialAction\":[{\"@type\":\"ReadAction\",\"target\":[\"https:\/\/pldistribucion.com.ar\/web\/producto\/tecfil-pec3022\/\"]}]},{\"@type\":\"ImageObject\",\"inLanguage\":\"es\",\"@id\":\"https:\/\/pldistribucion.com.ar\/web\/producto\/tecfil-pec3022\/#primaryimage\",\"url\":\"https:\/\/pldistribucion.com.ar\/web\/wp-content\/uploads\/TECFIL0051-4.jpg\",\"contentUrl\":\"https:\/\/pldistribucion.com.ar\/web\/wp-content\/uploads\/TECFIL0051-4.jpg\",\"width\":1000,\"height\":1000,\"caption\":\"TECFIL PEC3022\"},{\"@type\":\"BreadcrumbList\",\"@id\":\"https:\/\/pldistribucion.com.ar\/web\/producto\/tecfil-pec3022\/#breadcrumb\",\"itemListElement\":[{\"@type\":\"ListItem\",\"position\":1,\"name\":\"Portada\",\"item\":\"https:\/\/pldistribucion.com.ar\/web\/\"},{\"@type\":\"ListItem\",\"position\":2,\"name\":\"Productos\",\"item\":\"https:\/\/pldistribucion.com.ar\/web\/productos\/\"},{\"@type\":\"ListItem\",\"position\":3,\"name\":\"TECFIL PEC3022\"}]},{\"@type\":\"WebSite\",\"@id\":\"https:\/\/pldistribucion.com.ar\/web\/#website\",\"url\":\"https:\/\/pldistribucion.com.ar\/web\/\",\"name\":\"Perfomance Lube\",\"description\":\"\",\"publisher\":{\"@id\":\"https:\/\/pldistribucion.com.ar\/web\/#organization\"},\"potentialAction\":[{\"@type\":\"SearchAction\",\"target\":{\"@type\":\"EntryPoint\",\"urlTemplate\":\"https:\/\/pldistribucion.com.ar\/web\/?s={search_term_string}\"},\"query-input\":\"required name=search_term_string\"}],\"inLanguage\":\"es\"},{\"@type\":\"Organization\",\"@id\":\"https:\/\/pldistribucion.com.ar\/web\/#organization\",\"name\":\"PERFORMANCE LUBE\",\"url\":\"https:\/\/pldistribucion.com.ar\/web\/\",\"logo\":{\"@type\":\"ImageObject\",\"inLanguage\":\"es\",\"@id\":\"https:\/\/pldistribucion.com.ar\/web\/#\/schema\/logo\/image\/\",\"url\":\"https:\/\/pldistribucion.com.ar\/web\/wp-content\/uploads\/pld_logo_GB-removebg-preview.png\",\"contentUrl\":\"https:\/\/pldistribucion.com.ar\/web\/wp-content\/uploads\/pld_logo_GB-removebg-preview.png\",\"width\":787,\"height\":317,\"caption\":\"PERFORMANCE LUBE\"},\"image\":{\"@id\":\"https:\/\/pldistribucion.com.ar\/web\/#\/schema\/logo\/image\/\"}}]}<\/script>\n<!-- \/ Yoast SEO plugin. -->","yoast_head_json":{"title":"TECFIL PEC3022 - Perfomance Lube - Filtros","description":"Distribuidor de filtros TECFIL de diferentes aplicaciones. Env\u00edos a todo el pa\u00eds. Variedad de productos y stock disponible.","robots":{"index":"index","follow":"follow","max-snippet":"max-snippet:-1","max-image-preview":"max-image-preview:large","max-video-preview":"max-video-preview:-1"},"canonical":"https:\/\/pldistribucion.com.ar\/web\/producto\/tecfil-pec3022\/","og_locale":"es_ES","og_type":"article","og_title":"TECFIL PEC3022 - Perfomance Lube - Filtros","og_description":"Distribuidor de filtros TECFIL de diferentes aplicaciones. Env\u00edos a todo el pa\u00eds. Variedad de productos y stock disponible.","og_url":"https:\/\/pldistribucion.com.ar\/web\/producto\/tecfil-pec3022\/","og_site_name":"Perfomance Lube","article_modified_time":"2022-07-05T12:35:16+00:00","og_image":[{"width":1000,"height":1000,"url":"https:\/\/pldistribucion.com.ar\/web\/wp-content\/uploads\/TECFIL0051-4.jpg","type":"image\/jpeg"}],"twitter_card":"summary_large_image","twitter_misc":{"Tiempo de lectura":"3 minutos"},"schema":{"@context":"https:\/\/schema.org","@graph":[{"@type":"WebPage","@id":"https:\/\/pldistribucion.com.ar\/web\/producto\/tecfil-pec3022\/","url":"https:\/\/pldistribucion.com.ar\/web\/producto\/tecfil-pec3022\/","name":"TECFIL PEC3022 - Perfomance Lube - Filtros","isPartOf":{"@id":"https:\/\/pldistribucion.com.ar\/web\/#website"},"primaryImageOfPage":{"@id":"https:\/\/pldistribucion.com.ar\/web\/producto\/tecfil-pec3022\/#primaryimage"},"image":{"@id":"https:\/\/pldistribucion.com.ar\/web\/producto\/tecfil-pec3022\/#primaryimage"},"thumbnailUrl":"https:\/\/pldistribucion.com.ar\/web\/wp-content\/uploads\/TECFIL0051-4.jpg","datePublished":"2022-07-05T12:29:32+00:00","dateModified":"2022-07-05T12:35:16+00:00","description":"Distribuidor de filtros TECFIL de diferentes aplicaciones. Env\u00edos a todo el pa\u00eds. Variedad de productos y stock disponible.","breadcrumb":{"@id":"https:\/\/pldistribucion.com.ar\/web\/producto\/tecfil-pec3022\/#breadcrumb"},"inLanguage":"es","potentialAction":[{"@type":"ReadAction","target":["https:\/\/pldistribucion.com.ar\/web\/producto\/tecfil-pec3022\/"]}]},{"@type":"ImageObject","inLanguage":"es","@id":"https:\/\/pldistribucion.com.ar\/web\/producto\/tecfil-pec3022\/#primaryimage","url":"https:\/\/pldistribucion.com.ar\/web\/wp-content\/uploads\/TECFIL0051-4.jpg","contentUrl":"https:\/\/pldistribucion.com.ar\/web\/wp-content\/uploads\/TECFIL0051-4.jpg","width":1000,"height":1000,"caption":"TECFIL PEC3022"},{"@type":"BreadcrumbList","@id":"https:\/\/pldistribucion.com.ar\/web\/producto\/tecfil-pec3022\/#breadcrumb","itemListElement":[{"@type":"ListItem","position":1,"name":"Portada","item":"https:\/\/pldistribucion.com.ar\/web\/"},{"@type":"ListItem","position":2,"name":"Productos","item":"https:\/\/pldistribucion.com.ar\/web\/productos\/"},{"@type":"ListItem","position":3,"name":"TECFIL PEC3022"}]},{"@type":"WebSite","@id":"https:\/\/pldistribucion.com.ar\/web\/#website","url":"https:\/\/pldistribucion.com.ar\/web\/","name":"Perfomance Lube","description":"","publisher":{"@id":"https:\/\/pldistribucion.com.ar\/web\/#organization"},"potentialAction":[{"@type":"SearchAction","target":{"@type":"EntryPoint","urlTemplate":"https:\/\/pldistribucion.com.ar\/web\/?s={search_term_string}"},"query-input":"required name=search_term_string"}],"inLanguage":"es"},{"@type":"Organization","@id":"https:\/\/pldistribucion.com.ar\/web\/#organization","name":"PERFORMANCE LUBE","url":"https:\/\/pldistribucion.com.ar\/web\/","logo":{"@type":"ImageObject","inLanguage":"es","@id":"https:\/\/pldistribucion.com.ar\/web\/#\/schema\/logo\/image\/","url":"https:\/\/pldistribucion.com.ar\/web\/wp-content\/uploads\/pld_logo_GB-removebg-preview.png","contentUrl":"https:\/\/pldistribucion.com.ar\/web\/wp-content\/uploads\/pld_logo_GB-removebg-preview.png","width":787,"height":317,"caption":"PERFORMANCE LUBE"},"image":{"@id":"https:\/\/pldistribucion.com.ar\/web\/#\/schema\/logo\/image\/"}}]}},"_links":{"self":[{"href":"https:\/\/pldistribucion.com.ar\/web\/wp-json\/wp\/v2\/product\/4781"}],"collection":[{"href":"https:\/\/pldistribucion.com.ar\/web\/wp-json\/wp\/v2\/product"}],"about":[{"href":"https:\/\/pldistribucion.com.ar\/web\/wp-json\/wp\/v2\/types\/product"}],"replies":[{"embeddable":true,"href":"https:\/\/pldistribucion.com.ar\/web\/wp-json\/wp\/v2\/comments?post=4781"}],"wp:featuredmedia":[{"embeddable":true,"href":"https:\/\/pldistribucion.com.ar\/web\/wp-json\/wp\/v2\/media\/4783"}],"wp:attachment":[{"href":"https:\/\/pldistribucion.com.ar\/web\/wp-json\/wp\/v2\/media?parent=4781"}],"wp:term":[{"taxonomy":"product_cat","embeddable":true,"href":"https:\/\/pldistribucion.com.ar\/web\/wp-json\/wp\/v2\/product_cat?post=4781"},{"taxonomy":"product_tag","embeddable":true,"href":"https:\/\/pldistribucion.com.ar\/web\/wp-json\/wp\/v2\/product_tag?post=4781"}],"curies":[{"name":"wp","href":"https:\/\/api.w.org\/{rel}","templated":true}]}}