{"id":4777,"date":"2022-07-01T12:15:09","date_gmt":"2022-07-01T12:15:09","guid":{"rendered":"https:\/\/pldistribucion.com.ar\/web\/?post_type=product&#038;p=4777"},"modified":"2022-07-05T11:44:45","modified_gmt":"2022-07-05T11:44:45","slug":"tecfil-pec3021","status":"publish","type":"product","link":"https:\/\/pldistribucion.com.ar\/web\/producto\/tecfil-pec3021\/","title":{"rendered":"TECFIL PEC3021"},"content":{"rendered":"<h1><span style=\"font-size: 80%;\"><strong>TECFIL PEC3021 \/ FILTRO DE COMUSTIBLE.<\/strong><\/span><\/h1>\n<p><strong>TECFIL PEC3021 \u27a2\u00a0<\/strong><\/p>\n<h3><span style=\"font-size: 16.128px; background-color: #91dff2;\"><b>ATRIBUTOS:<\/b><\/span><\/h3>\n<table class=\"table table-sm table-striped\" style=\"height: 242px;\" width=\"831\">\n<tbody>\n<tr class=\"ng-star-inserted\">\n<th class=\"ng-star-inserted\">Marca<\/th>\n<td class=\"ng-star-inserted\">Tecfil<\/td>\n<\/tr>\n<tr class=\"ng-star-inserted\">\n<th class=\"ng-star-inserted\">Filtro original<\/th>\n<td class=\"ng-star-inserted\">4571800000906<\/td>\n<\/tr>\n<tr class=\"ng-star-inserted\">\n<th class=\"ng-star-inserted\">Elemento filtrante<\/th>\n<td class=\"ng-star-inserted\">Papel<\/td>\n<\/tr>\n<tr class=\"ng-star-inserted\">\n<th class=\"ng-star-inserted\">Diametro exterior filtro<\/th>\n<td class=\"ng-star-inserted\">89,5<\/td>\n<\/tr>\n<tr class=\"ng-star-inserted\">\n<th class=\"ng-star-inserted\">Altura<\/th>\n<td class=\"ng-star-inserted\">207,7<\/td>\n<\/tr>\n<tr class=\"ng-star-inserted\">\n<th class=\"ng-star-inserted\">Peso neto<\/th>\n<td class=\"ng-star-inserted\">0,2890<\/td>\n<\/tr>\n<tr class=\"ng-star-inserted\">\n<th class=\"ng-star-inserted\">Filtrar funci\u00f3n<\/th>\n<td class=\"ng-star-inserted\">\u00a0Combustible<\/td>\n<\/tr>\n<tr class=\"ng-star-inserted\">\n<th class=\"ng-star-inserted\">Tipo de filtro<\/th>\n<td class=\"ng-star-inserted\">ecologico<\/td>\n<\/tr>\n<tr class=\"ng-star-inserted\">\n<th class=\"ng-star-inserted\">Hilo \/ rosca<\/th>\n<td class=\"ng-star-inserted\">&#8211;<\/td>\n<\/tr>\n<\/tbody>\n<\/table>\n<h3><span style=\"background-color: #91dff2; font-size: 80%;\"><strong>EQUIVALENCIAS :<\/strong><\/span><\/h3>\n<table class=\"table applicationPartTablePDP \" style=\"height: 58px;\" width=\"831\">\n<thead>\n<tr>\n<th class=\"col-lg-2 crossReferencemanufactureName\" data-sortcolumn=\"manufactureNameSortableValue\">MARCAS<i class=\"fa fa-chevron-up\"><\/i><\/th>\n<th class=\"col-lg-2 crossReferencemanufacturePartNumber\">N\u00b0 de pieza del fabricante<\/th>\n<\/tr>\n<\/thead>\n<tbody>\n<tr class=\"parentRows greyColor\" data-target=\".ManufacturerName_0\">\n<td class=\"searchCrossRef\" data-manufacturer=\"Nombre del fabricante\"><i class=\"fa fa-plus\" data-target=\".ManufacturerName_0\"><strong>WEGA<\/strong><\/i><\/p>\n<p><strong>FRAM<\/strong><\/p>\n<p><strong>MANN<\/strong><\/p>\n<p><strong>OEM<\/strong><\/p>\n<p><strong>BOSCH<\/strong><\/p>\n<p><b>BALDWIN<\/b><\/p>\n<p><strong>FLEETGUARD<\/strong><\/td>\n<td class=\"searchCrossRef\" data-manufacturepartnumber=\"N\u00b0 de pieza del fabricante\"><span style=\"color: #000000;\">FCD-0769<\/span><\/p>\n<p><span style=\"color: #000000;\">FA5647ECO \/ C 5932<\/span><\/p>\n<p><span style=\"color: #000000;\">PU 999\/1x<\/span><\/p>\n<p><span style=\"color: #000000;\">5410920605 \/ 5410920905 \/ 5410920805<\/span><\/p>\n<p><span style=\"color: #000000;\">1457429655<\/span><\/p>\n<p><span style=\"color: #000000;\">PF7761<\/span><\/p>\n<p><span style=\"color: #000000;\">FF5405<\/span><\/td>\n<\/tr>\n<\/tbody>\n<\/table>\n<h3><span style=\"background-color: #91dff2; font-size: 80%;\"><strong>APLICACIONES:\u00a0<\/strong><\/span><\/h3>\n<ul>\n<li><span style=\"color: #000000;\">MERCEDES BENZ ATRON 1735 (BLUE TEC 5) &#8211; OM457LA 2016\u00a0<\/span><br \/>\n<span style=\"color: #000000;\">MERCEDES BENZ O 500 RS &#8211; RSD OM 457 LA 2006<\/span><br \/>\n<span style=\"color: #000000;\">MERCEDES BENZ 2638 L \/ LS \/ LK &#8211; OM 457 LA TURBOCOOLER 2002<\/span><br \/>\n<span style=\"color: #000000;\">CLAAS COSECHADORA JAGUAR 830 &#8211; MB OM 457 LA 11\/2000<\/span><br \/>\n<span style=\"color: #000000;\">CLAAS COSECHADORA JAGUAR 850 &#8211; MB OM 457 LA 11\/2000<\/span><br \/>\n<span style=\"color: #000000;\">CLAAS COSECHADORA JAGUAR 870 &#8211; MB OM 457 LA 11\/2000<\/span><br \/>\n<span style=\"color: #000000;\">CLAAS COSECHADORA JAGUAR 900 \/ 890 &#8211; MB OM 502 LA V8 11\/2000<\/span><br \/>\n<span style=\"color: #000000;\">MERCEDES BENZ ACTROS 2546LS &#8211; OM501LA EURO5 2012<\/span><br \/>\n<span style=\"color: #000000;\">MERCEDES BENZ ACTROS 2646 LS &#8211; OM501LA EURO 5 2012<\/span><br \/>\n<span style=\"color: #000000;\">MERCEDES BENZ ACTROS 4844 LS &#8211; OM501LA &#8211; EURO 5 2012<\/span><br \/>\n<span style=\"color: #000000;\">MERCEDES BENZ AXOR 2036 BLUE TEC &#8211; OM457LA 2012<\/span><br \/>\n<span style=\"color: #000000;\">MERCEDES BENZ 1938 L \/ LS ELECTR\u00d3NICO &#8211; OM 457 1998\u2192<\/span><br \/>\n<span style=\"color: #000000;\">MERCEDES BENZ 1938 LS &#8211; OM 457 LA 01\/1998<\/span><\/p>\n<h5><span style=\"color: #000000;\">MERCEDES BENZ 1938 S &#8211; OM 457 A 01\/1999<\/span><\/h5>\n<p><span style=\"color: #000000;\">MERCEDES BENZ 1938 S ELECTR\u00d3NICO &#8211; OM 457 1999<\/span><br \/>\n<span style=\"color: #000000;\">MERCEDES BENZ 1944 OM 457 LA TURBOCOOLER 01\/2001<\/span><br \/>\n<span style=\"color: #000000;\">MERCEDES BENZ ACTROS 2041 &#8211; OM501LA EURO III 2010\u00a0<\/span><br \/>\n<span style=\"color: #000000;\">MERCEDES BENZ ACTROS 2041 &#8211; OM541 LA 2003<\/span><br \/>\n<span style=\"color: #000000;\">MERCEDES BENZ ACTROS 2044 &#8211; OM541 LA 2003\u21922008<\/span><br \/>\n<span style=\"color: #000000;\">MERCEDES BENZ ACTROS 2044 &#8211; OM501LA EURO III 2010\u00a0<\/span><br \/>\n<span style=\"color: #000000;\">MERCEDES BENZ ACTROS 2046 &#8211; OM501LA EURO III 2010 \u2192<\/span><\/li>\n<li><span style=\"color: #000000;\">MERCEDES BENZ ACTROS 2046 &#8211; OM541 LA 2003 \u2192 2008<br \/>\n<\/span><span style=\"color: #000000;\">MERCEDES BENZ ACTROS 2636 &#8211; OM541 LA 2003\u21922008<\/span><br \/>\n<span style=\"color: #000000;\">MERCEDES BENZ ACTROS 2646 &#8211; OM541LA EURO III 2010 \u2192<\/span><br \/>\n<span style=\"color: #000000;\">MERCEDES BENZ ACTROS 2646 &#8211; OM541 LA 2003\u21922008<\/span><br \/>\n<span style=\"color: #000000;\">MERCEDES BENZ ACTROS 3336 &#8211; OM541 LA 2003\u21922008<\/span><br \/>\n<span style=\"color: #000000;\">MERCEDES BENZ ACTROS 3336 &#8211; OM541LA EURO III 2010 \u2192<\/span><br \/>\n<span style=\"color: #000000;\">MERCEDES BENZ ACTROS 3341 &#8211; OM541 LA 2006\u2192<\/span><br \/>\n<span style=\"color: #000000;\">MERCEDES BENZ ACTROS 3344 &#8211; OM501LA EURO III 2010 \u2192<\/span><br \/>\n<span style=\"color: #000000;\">MERCEDES BENZ ACTROS 3344 &#8211; OM541 LA 2003\u21922008<\/span><br \/>\n<span style=\"color: #000000;\">MERCEDES BENZ ACTROS 4144 &#8211; OM501LA EURO III 2010 \u2192<\/span><br \/>\n<span style=\"color: #000000;\">MERCEDES BENZ ACTROS 4144 &#8211; OM541 LA 2003\u21922008<\/span><br \/>\n<span style=\"color: #000000;\">MERCEDES BENZ AXOR 2035 &#8211; OM 457 LA 2007\u2192<\/span><br \/>\n<span style=\"color: #000000;\">MERCEDES BENZ AXOR 2040 &#8211; OM 457 LA 2007\u2192<\/span><br \/>\n<span style=\"color: #000000;\">MERCEDES BENZ AXOR 2535 &#8211; OM 457 LA 2004\u2192<\/span><br \/>\n<span style=\"color: #000000;\">MERCEDES BENZ AXOR 2540 &#8211; OM 457 LA 2004\u2192<\/span><br \/>\n<span style=\"color: #000000;\">MERCEDES BENZ AXOR 3240 &#8211; OM 457 LA 2004\u2192<\/span><br \/>\n<span style=\"color: #000000;\">MERCEDES BENZ AXOR 3340 &#8211; OM 457 LA 2004\u2192<\/span><\/li>\n<\/ul>\n<hr \/>\n<p><strong><a href=\"https:\/\/pldistribucion.com.ar\/web\/categoria-producto\/filtros\/tecfil\/\" target=\"_blank\" rel=\"noopener\"><span style=\"color: #000080;\">Ver m\u00e1s filtros TECFIL<\/span><\/a><\/strong><\/p>\n<p><span style=\"color: #000000;\">(TECFIL es una industria de Filtros Automotrices presente en el mercado hace m\u00e1s de 67 a\u00f1os. La empresa, fundada el 20 de marzo de 1953, se especializ\u00f3 en el segmento, convirti\u00e9ndose en la f\u00e1brica de filtros m\u00e1s grande de Am\u00e9rica Latina. )\u00a0<\/span><\/p>\n<p><strong><span style=\"color: #000080;\"><a style=\"color: #000080;\" href=\"https:\/\/www.tecfil.com.br\/quem-somos\/?lang=es\" target=\"_blank\" rel=\"noopener\">Conoce m\u00e1s sobre TECFIL<\/a><\/span><\/strong><\/p>\n","protected":false},"excerpt":{"rendered":"<p><img loading=\"lazy\" decoding=\"async\" class=\"alignnone wp-image-4775\" src=\"https:\/\/pldistribucion.com.ar\/web\/wp-content\/uploads\/descarga-6-e1656605433472-300x119.png\" alt=\"\" width=\"247\" height=\"98\" srcset=\"https:\/\/pldistribucion.com.ar\/web\/wp-content\/uploads\/descarga-6-e1656605433472-300x119.png 300w, https:\/\/pldistribucion.com.ar\/web\/wp-content\/uploads\/descarga-6-e1656605433472.png 560w\" sizes=\"(max-width: 247px) 100vw, 247px\" \/><\/p>\n<h2 style=\"text-align: left;\"><span style=\"font-size: 75%;\"><strong><a rel=\"noopener noreferrer\" href=\"https:\/\/performancelube.mercadoshops.com.ar\/MLA-1145361874-filtro-de-combustible-tecfil-pec3021-ff5405-_JM#position=1&#038;search_layout=stack&#038;type=item&#038;tracking_id=72bbac72-83f3-4e80-bf05-ef0d0298041c#position=1&#038;search_layout=stack&#038;type=item&#038;tracking_id=bbc8064c-7b0a-4bdf-bbd3-38c8c93e73bd\" target=\"_blank\" class=\"button primary\"  >\n    <span>VER EN TIENDA ?<\/span>\n  <\/a>\n<\/strong><\/span><\/h2>\n<p>TECFIL es una industria de Filtros Automotrices presente en el mercado hace m\u00e1s de 67 a\u00f1os. La empresa, fundada el 20 de marzo de 1953, se especializ\u00f3 en el segmento, generando una\u00a0alta tecnolog\u00eda con m\u00e1quinas y laboratorios de \u00faltima generaci\u00f3n.<\/p>\n","protected":false},"featured_media":4778,"comment_status":"open","ping_status":"closed","template":"","meta":[],"product_cat":[19],"product_tag":[],"yoast_head":"<!-- This site is optimized with the Yoast SEO plugin v23.0 - https:\/\/yoast.com\/wordpress\/plugins\/seo\/ -->\n<title>TECFIL PEC3021 - Perfomance Lube - Filtros<\/title>\n<meta name=\"description\" content=\"Distribuidor de filtros TECFIL de diferentes aplicaciones. Env\u00edos a todo el pa\u00eds. Variedad de productos y stock disponible.\" \/>\n<meta name=\"robots\" content=\"index, follow, max-snippet:-1, max-image-preview:large, max-video-preview:-1\" \/>\n<link rel=\"canonical\" href=\"https:\/\/pldistribucion.com.ar\/web\/producto\/tecfil-pec3021\/\" \/>\n<meta property=\"og:locale\" content=\"es_ES\" \/>\n<meta property=\"og:type\" content=\"article\" \/>\n<meta property=\"og:title\" content=\"TECFIL PEC3021 - Perfomance Lube - Filtros\" \/>\n<meta property=\"og:description\" content=\"Distribuidor de filtros TECFIL de diferentes aplicaciones. Env\u00edos a todo el pa\u00eds. Variedad de productos y stock disponible.\" \/>\n<meta property=\"og:url\" content=\"https:\/\/pldistribucion.com.ar\/web\/producto\/tecfil-pec3021\/\" \/>\n<meta property=\"og:site_name\" content=\"Perfomance Lube\" \/>\n<meta property=\"article:modified_time\" content=\"2022-07-05T11:44:45+00:00\" \/>\n<meta property=\"og:image\" content=\"https:\/\/pldistribucion.com.ar\/web\/wp-content\/uploads\/TECFIL0075-2.jpg\" \/>\n\t<meta property=\"og:image:width\" content=\"1000\" \/>\n\t<meta property=\"og:image:height\" content=\"1000\" \/>\n\t<meta property=\"og:image:type\" content=\"image\/jpeg\" \/>\n<meta name=\"twitter:card\" content=\"summary_large_image\" \/>\n<meta name=\"twitter:label1\" content=\"Tiempo de lectura\" \/>\n\t<meta name=\"twitter:data1\" content=\"2 minutos\" \/>\n<script type=\"application\/ld+json\" class=\"yoast-schema-graph\">{\"@context\":\"https:\/\/schema.org\",\"@graph\":[{\"@type\":\"WebPage\",\"@id\":\"https:\/\/pldistribucion.com.ar\/web\/producto\/tecfil-pec3021\/\",\"url\":\"https:\/\/pldistribucion.com.ar\/web\/producto\/tecfil-pec3021\/\",\"name\":\"TECFIL PEC3021 - Perfomance Lube - Filtros\",\"isPartOf\":{\"@id\":\"https:\/\/pldistribucion.com.ar\/web\/#website\"},\"primaryImageOfPage\":{\"@id\":\"https:\/\/pldistribucion.com.ar\/web\/producto\/tecfil-pec3021\/#primaryimage\"},\"image\":{\"@id\":\"https:\/\/pldistribucion.com.ar\/web\/producto\/tecfil-pec3021\/#primaryimage\"},\"thumbnailUrl\":\"https:\/\/pldistribucion.com.ar\/web\/wp-content\/uploads\/TECFIL0075-2.jpg\",\"datePublished\":\"2022-07-01T12:15:09+00:00\",\"dateModified\":\"2022-07-05T11:44:45+00:00\",\"description\":\"Distribuidor de filtros TECFIL de diferentes aplicaciones. Env\u00edos a todo el pa\u00eds. Variedad de productos y stock disponible.\",\"breadcrumb\":{\"@id\":\"https:\/\/pldistribucion.com.ar\/web\/producto\/tecfil-pec3021\/#breadcrumb\"},\"inLanguage\":\"es\",\"potentialAction\":[{\"@type\":\"ReadAction\",\"target\":[\"https:\/\/pldistribucion.com.ar\/web\/producto\/tecfil-pec3021\/\"]}]},{\"@type\":\"ImageObject\",\"inLanguage\":\"es\",\"@id\":\"https:\/\/pldistribucion.com.ar\/web\/producto\/tecfil-pec3021\/#primaryimage\",\"url\":\"https:\/\/pldistribucion.com.ar\/web\/wp-content\/uploads\/TECFIL0075-2.jpg\",\"contentUrl\":\"https:\/\/pldistribucion.com.ar\/web\/wp-content\/uploads\/TECFIL0075-2.jpg\",\"width\":1000,\"height\":1000,\"caption\":\"TECFIL PEC3021\"},{\"@type\":\"BreadcrumbList\",\"@id\":\"https:\/\/pldistribucion.com.ar\/web\/producto\/tecfil-pec3021\/#breadcrumb\",\"itemListElement\":[{\"@type\":\"ListItem\",\"position\":1,\"name\":\"Portada\",\"item\":\"https:\/\/pldistribucion.com.ar\/web\/\"},{\"@type\":\"ListItem\",\"position\":2,\"name\":\"Productos\",\"item\":\"https:\/\/pldistribucion.com.ar\/web\/productos\/\"},{\"@type\":\"ListItem\",\"position\":3,\"name\":\"TECFIL PEC3021\"}]},{\"@type\":\"WebSite\",\"@id\":\"https:\/\/pldistribucion.com.ar\/web\/#website\",\"url\":\"https:\/\/pldistribucion.com.ar\/web\/\",\"name\":\"Perfomance Lube\",\"description\":\"\",\"publisher\":{\"@id\":\"https:\/\/pldistribucion.com.ar\/web\/#organization\"},\"potentialAction\":[{\"@type\":\"SearchAction\",\"target\":{\"@type\":\"EntryPoint\",\"urlTemplate\":\"https:\/\/pldistribucion.com.ar\/web\/?s={search_term_string}\"},\"query-input\":\"required name=search_term_string\"}],\"inLanguage\":\"es\"},{\"@type\":\"Organization\",\"@id\":\"https:\/\/pldistribucion.com.ar\/web\/#organization\",\"name\":\"PERFORMANCE LUBE\",\"url\":\"https:\/\/pldistribucion.com.ar\/web\/\",\"logo\":{\"@type\":\"ImageObject\",\"inLanguage\":\"es\",\"@id\":\"https:\/\/pldistribucion.com.ar\/web\/#\/schema\/logo\/image\/\",\"url\":\"https:\/\/pldistribucion.com.ar\/web\/wp-content\/uploads\/pld_logo_GB-removebg-preview.png\",\"contentUrl\":\"https:\/\/pldistribucion.com.ar\/web\/wp-content\/uploads\/pld_logo_GB-removebg-preview.png\",\"width\":787,\"height\":317,\"caption\":\"PERFORMANCE LUBE\"},\"image\":{\"@id\":\"https:\/\/pldistribucion.com.ar\/web\/#\/schema\/logo\/image\/\"}}]}<\/script>\n<!-- \/ Yoast SEO plugin. -->","yoast_head_json":{"title":"TECFIL PEC3021 - Perfomance Lube - Filtros","description":"Distribuidor de filtros TECFIL de diferentes aplicaciones. Env\u00edos a todo el pa\u00eds. Variedad de productos y stock disponible.","robots":{"index":"index","follow":"follow","max-snippet":"max-snippet:-1","max-image-preview":"max-image-preview:large","max-video-preview":"max-video-preview:-1"},"canonical":"https:\/\/pldistribucion.com.ar\/web\/producto\/tecfil-pec3021\/","og_locale":"es_ES","og_type":"article","og_title":"TECFIL PEC3021 - Perfomance Lube - Filtros","og_description":"Distribuidor de filtros TECFIL de diferentes aplicaciones. Env\u00edos a todo el pa\u00eds. Variedad de productos y stock disponible.","og_url":"https:\/\/pldistribucion.com.ar\/web\/producto\/tecfil-pec3021\/","og_site_name":"Perfomance Lube","article_modified_time":"2022-07-05T11:44:45+00:00","og_image":[{"width":1000,"height":1000,"url":"https:\/\/pldistribucion.com.ar\/web\/wp-content\/uploads\/TECFIL0075-2.jpg","type":"image\/jpeg"}],"twitter_card":"summary_large_image","twitter_misc":{"Tiempo de lectura":"2 minutos"},"schema":{"@context":"https:\/\/schema.org","@graph":[{"@type":"WebPage","@id":"https:\/\/pldistribucion.com.ar\/web\/producto\/tecfil-pec3021\/","url":"https:\/\/pldistribucion.com.ar\/web\/producto\/tecfil-pec3021\/","name":"TECFIL PEC3021 - Perfomance Lube - Filtros","isPartOf":{"@id":"https:\/\/pldistribucion.com.ar\/web\/#website"},"primaryImageOfPage":{"@id":"https:\/\/pldistribucion.com.ar\/web\/producto\/tecfil-pec3021\/#primaryimage"},"image":{"@id":"https:\/\/pldistribucion.com.ar\/web\/producto\/tecfil-pec3021\/#primaryimage"},"thumbnailUrl":"https:\/\/pldistribucion.com.ar\/web\/wp-content\/uploads\/TECFIL0075-2.jpg","datePublished":"2022-07-01T12:15:09+00:00","dateModified":"2022-07-05T11:44:45+00:00","description":"Distribuidor de filtros TECFIL de diferentes aplicaciones. Env\u00edos a todo el pa\u00eds. Variedad de productos y stock disponible.","breadcrumb":{"@id":"https:\/\/pldistribucion.com.ar\/web\/producto\/tecfil-pec3021\/#breadcrumb"},"inLanguage":"es","potentialAction":[{"@type":"ReadAction","target":["https:\/\/pldistribucion.com.ar\/web\/producto\/tecfil-pec3021\/"]}]},{"@type":"ImageObject","inLanguage":"es","@id":"https:\/\/pldistribucion.com.ar\/web\/producto\/tecfil-pec3021\/#primaryimage","url":"https:\/\/pldistribucion.com.ar\/web\/wp-content\/uploads\/TECFIL0075-2.jpg","contentUrl":"https:\/\/pldistribucion.com.ar\/web\/wp-content\/uploads\/TECFIL0075-2.jpg","width":1000,"height":1000,"caption":"TECFIL PEC3021"},{"@type":"BreadcrumbList","@id":"https:\/\/pldistribucion.com.ar\/web\/producto\/tecfil-pec3021\/#breadcrumb","itemListElement":[{"@type":"ListItem","position":1,"name":"Portada","item":"https:\/\/pldistribucion.com.ar\/web\/"},{"@type":"ListItem","position":2,"name":"Productos","item":"https:\/\/pldistribucion.com.ar\/web\/productos\/"},{"@type":"ListItem","position":3,"name":"TECFIL PEC3021"}]},{"@type":"WebSite","@id":"https:\/\/pldistribucion.com.ar\/web\/#website","url":"https:\/\/pldistribucion.com.ar\/web\/","name":"Perfomance Lube","description":"","publisher":{"@id":"https:\/\/pldistribucion.com.ar\/web\/#organization"},"potentialAction":[{"@type":"SearchAction","target":{"@type":"EntryPoint","urlTemplate":"https:\/\/pldistribucion.com.ar\/web\/?s={search_term_string}"},"query-input":"required name=search_term_string"}],"inLanguage":"es"},{"@type":"Organization","@id":"https:\/\/pldistribucion.com.ar\/web\/#organization","name":"PERFORMANCE LUBE","url":"https:\/\/pldistribucion.com.ar\/web\/","logo":{"@type":"ImageObject","inLanguage":"es","@id":"https:\/\/pldistribucion.com.ar\/web\/#\/schema\/logo\/image\/","url":"https:\/\/pldistribucion.com.ar\/web\/wp-content\/uploads\/pld_logo_GB-removebg-preview.png","contentUrl":"https:\/\/pldistribucion.com.ar\/web\/wp-content\/uploads\/pld_logo_GB-removebg-preview.png","width":787,"height":317,"caption":"PERFORMANCE LUBE"},"image":{"@id":"https:\/\/pldistribucion.com.ar\/web\/#\/schema\/logo\/image\/"}}]}},"_links":{"self":[{"href":"https:\/\/pldistribucion.com.ar\/web\/wp-json\/wp\/v2\/product\/4777"}],"collection":[{"href":"https:\/\/pldistribucion.com.ar\/web\/wp-json\/wp\/v2\/product"}],"about":[{"href":"https:\/\/pldistribucion.com.ar\/web\/wp-json\/wp\/v2\/types\/product"}],"replies":[{"embeddable":true,"href":"https:\/\/pldistribucion.com.ar\/web\/wp-json\/wp\/v2\/comments?post=4777"}],"wp:featuredmedia":[{"embeddable":true,"href":"https:\/\/pldistribucion.com.ar\/web\/wp-json\/wp\/v2\/media\/4778"}],"wp:attachment":[{"href":"https:\/\/pldistribucion.com.ar\/web\/wp-json\/wp\/v2\/media?parent=4777"}],"wp:term":[{"taxonomy":"product_cat","embeddable":true,"href":"https:\/\/pldistribucion.com.ar\/web\/wp-json\/wp\/v2\/product_cat?post=4777"},{"taxonomy":"product_tag","embeddable":true,"href":"https:\/\/pldistribucion.com.ar\/web\/wp-json\/wp\/v2\/product_tag?post=4777"}],"curies":[{"name":"wp","href":"https:\/\/api.w.org\/{rel}","templated":true}]}}