{"id":4657,"date":"2022-06-24T12:06:19","date_gmt":"2022-06-24T12:06:19","guid":{"rendered":"https:\/\/pldistribucion.com.ar\/web\/?post_type=product&#038;p=4657"},"modified":"2022-06-24T12:12:06","modified_gmt":"2022-06-24T12:12:06","slug":"fleetguard-ff5624","status":"publish","type":"product","link":"https:\/\/pldistribucion.com.ar\/web\/producto\/fleetguard-ff5624\/","title":{"rendered":"FLEETGUARD FF5624"},"content":{"rendered":"<h1><span style=\"font-size: 80%;\"><strong>FLEETGUARD FF5624\/ FILTRO DE COMBUSTIBLE.<\/strong><\/span><\/h1>\n<h3><span style=\"font-size: 16.128px; background-color: #ff9e9e;\"><b>ATRIBUTOS:<\/b><\/span><\/h3>\n<p><strong>FLEETGUARD\u00a0FF5624<\/strong><\/p>\n<p>Cummins Filtration mantiene y protege su sistema moderno de combustible, incluida la filtraci\u00f3n de flujo completa. La mejor elecci\u00f3n para aquellos clientes que deseen ampliar los periodos de mantenimiento y aumentar el tiempo de actividad del veh\u00edculo.<\/p>\n<table class=\"partInfoTable\" style=\"height: 274px;\" border=\"0\" summary=\"Part Information Table\" width=\"847\" cellspacing=\"0\" cellpadding=\"5\">\n<tbody>\n<tr class=\"partInfoTableTR\">\n<td width=\"40%\"><span style=\"color: #000000;\">Altura total<\/span><\/td>\n<td colspan=\"2\" width=\"60%\"><span style=\"color: #000000;\">269,44 mm (10,608 pulgadas)<\/span><\/td>\n<\/tr>\n<tr class=\"partInfoTableTR\">\n<td width=\"40%\"><span style=\"color: #000000;\">mayor di\u00e1metro exterior<\/span><\/td>\n<td colspan=\"2\" width=\"60%\"><span style=\"color: #000000;\">93,98 mm (3,7 pulgadas)<\/span><\/td>\n<\/tr>\n<tr class=\"partInfoTableTR\">\n<td width=\"40%\"><span style=\"color: #000000;\">Junta OD<\/span><\/td>\n<td colspan=\"2\" width=\"60%\"><span style=\"color: #000000;\">91,19 mm (3,59 pulgadas)<\/span><\/td>\n<\/tr>\n<tr class=\"partInfoTableTR\">\n<td width=\"40%\"><span style=\"color: #000000;\">Diametro de hilo<\/span><\/td>\n<td colspan=\"2\" width=\"60%\"><span style=\"color: #000000;\">1 en<\/span><\/td>\n<\/tr>\n<tr class=\"partInfoTableTR\">\n<td width=\"40%\"><span style=\"color: #000000;\">Paso de rosca<\/span><\/td>\n<td colspan=\"2\" width=\"60%\"><span style=\"color: #000000;\">14 hilos por pulgada<\/span><\/td>\n<\/tr>\n<tr class=\"partInfoTableTR\">\n<td width=\"40%\"><span style=\"color: #000000;\">Clase de hilo<\/span><\/td>\n<td colspan=\"2\" width=\"60%\"><span style=\"color: #000000;\">2B<\/span><\/td>\n<\/tr>\n<tr class=\"partInfoTableTR\">\n<td width=\"40%\"><span style=\"color: #000000;\">Forma de rosca<\/span><\/td>\n<td colspan=\"2\" width=\"60%\"><span style=\"color: #000000;\">Nacional Unificado<\/span><\/td>\n<\/tr>\n<tr class=\"partInfoTableTR\">\n<td width=\"40%\"><span style=\"color: #000000;\">Separaci\u00f3n de agua libre<\/span><\/td>\n<td colspan=\"2\" width=\"60%\"><span style=\"color: #000000;\">0.0<\/span><\/td>\n<\/tr>\n<\/tbody>\n<\/table>\n<h3><span style=\"background-color: #ff9e9e; font-size: 80%;\"><strong>REFERENCIA CRUZADA OEM :<\/strong><\/span><\/h3>\n<table class=\"table applicationPartTablePDP \" style=\"height: 216px;\" width=\"830\">\n<thead>\n<tr>\n<th class=\"col-lg-2 crossReferencemanufactureName\" data-sortcolumn=\"manufactureNameSortableValue\">Nombre del fabricante\u00a0<i class=\"fa fa-chevron-up\"><\/i><\/th>\n<th class=\"col-lg-2 crossReferencemanufacturePartNumber\">N\u00b0 de pieza del fabricante<\/th>\n<\/tr>\n<\/thead>\n<tbody>\n<tr class=\"parentRow greyColor\">\n<td class=\"searchCrossRef\" data-manufacturer=\"Nombre del fabricante\"><span style=\"color: #000000;\">BIG A<\/span><\/td>\n<td class=\"searchCrossRef\" data-manufacturepartnumber=\"N\u00b0 de pieza del fabricante\"><span style=\"color: #000000;\">95640<\/span><\/td>\n<\/tr>\n<tr class=\"parentRows\" data-target=\".ManufacturerName_1\">\n<td class=\"searchCrossRef\" data-manufacturer=\"Nombre del fabricante\"><span style=\"color: #000000;\"><i class=\"fa fa-plus\" data-target=\".ManufacturerName_1\"><\/i>CATERPILLAR<\/span><\/td>\n<td class=\"searchCrossRef\" data-manufacturepartnumber=\"N\u00b0 de pieza del fabricante\"><span style=\"color: #000000;\">1165436<\/span><\/td>\n<\/tr>\n<tr class=\"parentRows greyColor\" data-target=\".ManufacturerName_2\">\n<td class=\"searchCrossRef\" data-manufacturer=\"Nombre del fabricante\"><span style=\"color: #000000;\"><i class=\"fa fa-plus\" data-target=\".ManufacturerName_2\"><\/i>CLAAS<\/span><\/td>\n<td class=\"searchCrossRef\" data-manufacturepartnumber=\"N\u00b0 de pieza del fabricante\"><span style=\"color: #000000;\">0003632041<\/span><\/td>\n<\/tr>\n<tr class=\"parentRow\">\n<td class=\"searchCrossRef\" data-manufacturer=\"Nombre del fabricante\"><span style=\"color: #000000;\">ECOLOG<\/span><\/td>\n<td class=\"searchCrossRef\" data-manufacturepartnumber=\"N\u00b0 de pieza del fabricante\"><span style=\"color: #000000;\">6003723<\/span><\/td>\n<\/tr>\n<tr class=\"parentRow greyColor\">\n<td class=\"searchCrossRef\" data-manufacturer=\"Nombre del fabricante\"><span style=\"color: #000000;\">PERKINS<\/span><\/td>\n<td class=\"searchCrossRef\" data-manufacturepartnumber=\"N\u00b0 de pieza del fabricante\"><span style=\"color: #000000;\">4587258<\/span><\/td>\n<\/tr>\n<tr class=\"parentRows\" data-target=\".ManufacturerName_5\">\n<td class=\"searchCrossRef\" data-manufacturer=\"Nombre del fabricante\"><span style=\"color: #000000;\"><i class=\"fa fa-plus\" data-target=\".ManufacturerName_5\"><\/i>SANDVIK<\/span><\/td>\n<td class=\"searchCrossRef\" data-manufacturepartnumber=\"N\u00b0 de pieza del fabricante\"><span style=\"color: #000000;\">55072323<\/span><\/td>\n<\/tr>\n<tr class=\"parentRow greyColor\">\n<td class=\"searchCrossRef\" data-manufacturer=\"Nombre del fabricante\"><span style=\"color: #000000;\">VMC<\/span><\/td>\n<td class=\"searchCrossRef\" data-manufacturepartnumber=\"N\u00b0 de pieza del fabricante\"><span style=\"color: #000000;\">FF550625<\/span><\/td>\n<\/tr>\n<\/tbody>\n<\/table>\n<p><span style=\"color: #000080;\"><strong><a style=\"color: #000080;\" href=\"https:\/\/pldistribucion.com.ar\/web\/categoria-producto\/filtros\/fleetguard\/\" target=\"_blank\" rel=\"noopener\">Ver m\u00e1s filtros FLEETGUARD<\/a><\/strong><\/span><\/p>\n<p><span style=\"color: #000000;\">( Cummins Filtration comenz\u00f3 en 1958 como una l\u00ednea de producci\u00f3n del filtro \u00fanico desarrollado por Cummins Engine Company para cumplir con los requisitos de alto rendimiento de los motores diesel Cummins. La producci\u00f3n en los primeros a\u00f1os se compon\u00eda de dos empleados cosiendo filtros de aceite lubricante &#8211; pa\u00f1o -bag . En 1963 , la compa\u00f1\u00eda cambi\u00f3 su nombre por el de Fleetguard , la marca que se convirti\u00f3 en la piedra angular para la industria de la filtraci\u00f3n motor diesel.\u00a0 )<\/span><\/p>\n<p><span style=\"color: #000080;\"><strong><a style=\"color: #000080;\" href=\"https:\/\/www.cumminsfiltration.com\/es\/history\" target=\"_blank\" rel=\"noopener\">Conoce m\u00e1s sobre FLEETGUARD<\/a><\/strong><\/span><\/p>\n","protected":false},"excerpt":{"rendered":"<p><img loading=\"lazy\" decoding=\"async\" class=\"alignnone wp-image-4402\" src=\"https:\/\/pldistribucion.com.ar\/web\/wp-content\/uploads\/FLEETGUARD-300x226.jpg\" alt=\"\" width=\"169\" height=\"127\" srcset=\"https:\/\/pldistribucion.com.ar\/web\/wp-content\/uploads\/FLEETGUARD-300x226.jpg 300w, https:\/\/pldistribucion.com.ar\/web\/wp-content\/uploads\/FLEETGUARD.jpg 500w\" sizes=\"(max-width: 169px) 100vw, 169px\" \/><\/p>\n<h2 style=\"text-align: left;\"><span style=\"font-size: 75%;\"><strong><a rel=\"noopener noreferrer\" href=\"https:\/\/performancelube.mercadoshops.com.ar\/MLA-1144120075-filtro-de-combustible-fleetguard-ff5624-bf7753-_JM#position=1&#038;search_layout=stack&#038;type=item&#038;tracking_id=8eec1a3c-ddb3-4e6f-bca6-9dc7130a1a7c#position=1&#038;search_layout=stack&#038;type=item&#038;tracking_id=bbc8064c-7b0a-4bdf-bbd3-38c8c93e73bd\" target=\"_blank\" class=\"button primary\"  >\n    <span>VER EN TIENDA ?<\/span>\n  <\/a>\n<span style=\"color: #69314d;\">\u00a0<\/span><\/strong><strong>\u00a0 \u00a0 <\/strong><\/span><\/h2>\n<p><span style=\"color: #000000;\">Fleetguard\u00a0es el nombre de marca de todas la gama de productos de Cummins para solventar los problemas de filtraci\u00f3n de aire, la limpieza de motores y plantas el\u00e9ctricas, y otros componentes qu\u00edmicos como refrigerante de maquinarias.<\/span><\/p>\n","protected":false},"featured_media":4659,"comment_status":"open","ping_status":"closed","template":"","meta":[],"product_cat":[19],"product_tag":[],"yoast_head":"<!-- This site is optimized with the Yoast SEO plugin v23.0 - https:\/\/yoast.com\/wordpress\/plugins\/seo\/ -->\n<title>FLEETGUARD FF5624 - Perfomance Lube - Filtros<\/title>\n<meta name=\"description\" content=\"Distribuidor de filtros FLEETGUARD de diferentes aplicaciones. Env\u00edos a todo el pa\u00eds. Variedad de productos y stock disponible.FLEETGUARD\u00a0FF5624\" \/>\n<meta name=\"robots\" content=\"index, follow, max-snippet:-1, max-image-preview:large, max-video-preview:-1\" \/>\n<link rel=\"canonical\" href=\"https:\/\/pldistribucion.com.ar\/web\/producto\/fleetguard-ff5624\/\" \/>\n<meta property=\"og:locale\" content=\"es_ES\" \/>\n<meta property=\"og:type\" content=\"article\" \/>\n<meta property=\"og:title\" content=\"FLEETGUARD FF5624 - Perfomance Lube - Filtros\" \/>\n<meta property=\"og:description\" content=\"Distribuidor de filtros FLEETGUARD de diferentes aplicaciones. Env\u00edos a todo el pa\u00eds. Variedad de productos y stock disponible.FLEETGUARD\u00a0FF5624\" \/>\n<meta property=\"og:url\" content=\"https:\/\/pldistribucion.com.ar\/web\/producto\/fleetguard-ff5624\/\" \/>\n<meta property=\"og:site_name\" content=\"Perfomance Lube\" \/>\n<meta property=\"article:modified_time\" content=\"2022-06-24T12:12:06+00:00\" \/>\n<meta property=\"og:image\" content=\"https:\/\/pldistribucion.com.ar\/web\/wp-content\/uploads\/61aaY7GCvEL._AC_SY550_.jpg\" \/>\n\t<meta property=\"og:image:width\" content=\"448\" \/>\n\t<meta property=\"og:image:height\" content=\"550\" \/>\n\t<meta property=\"og:image:type\" content=\"image\/jpeg\" \/>\n<meta name=\"twitter:card\" content=\"summary_large_image\" \/>\n<meta name=\"twitter:label1\" content=\"Tiempo de lectura\" \/>\n\t<meta name=\"twitter:data1\" content=\"1 minuto\" \/>\n<script type=\"application\/ld+json\" class=\"yoast-schema-graph\">{\"@context\":\"https:\/\/schema.org\",\"@graph\":[{\"@type\":\"WebPage\",\"@id\":\"https:\/\/pldistribucion.com.ar\/web\/producto\/fleetguard-ff5624\/\",\"url\":\"https:\/\/pldistribucion.com.ar\/web\/producto\/fleetguard-ff5624\/\",\"name\":\"FLEETGUARD FF5624 - Perfomance Lube - Filtros\",\"isPartOf\":{\"@id\":\"https:\/\/pldistribucion.com.ar\/web\/#website\"},\"primaryImageOfPage\":{\"@id\":\"https:\/\/pldistribucion.com.ar\/web\/producto\/fleetguard-ff5624\/#primaryimage\"},\"image\":{\"@id\":\"https:\/\/pldistribucion.com.ar\/web\/producto\/fleetguard-ff5624\/#primaryimage\"},\"thumbnailUrl\":\"https:\/\/pldistribucion.com.ar\/web\/wp-content\/uploads\/61aaY7GCvEL._AC_SY550_.jpg\",\"datePublished\":\"2022-06-24T12:06:19+00:00\",\"dateModified\":\"2022-06-24T12:12:06+00:00\",\"description\":\"Distribuidor de filtros FLEETGUARD de diferentes aplicaciones. Env\u00edos a todo el pa\u00eds. Variedad de productos y stock disponible.FLEETGUARD\u00a0FF5624\",\"breadcrumb\":{\"@id\":\"https:\/\/pldistribucion.com.ar\/web\/producto\/fleetguard-ff5624\/#breadcrumb\"},\"inLanguage\":\"es\",\"potentialAction\":[{\"@type\":\"ReadAction\",\"target\":[\"https:\/\/pldistribucion.com.ar\/web\/producto\/fleetguard-ff5624\/\"]}]},{\"@type\":\"ImageObject\",\"inLanguage\":\"es\",\"@id\":\"https:\/\/pldistribucion.com.ar\/web\/producto\/fleetguard-ff5624\/#primaryimage\",\"url\":\"https:\/\/pldistribucion.com.ar\/web\/wp-content\/uploads\/61aaY7GCvEL._AC_SY550_.jpg\",\"contentUrl\":\"https:\/\/pldistribucion.com.ar\/web\/wp-content\/uploads\/61aaY7GCvEL._AC_SY550_.jpg\",\"width\":448,\"height\":550,\"caption\":\"FLEETGUARD FF5624\"},{\"@type\":\"BreadcrumbList\",\"@id\":\"https:\/\/pldistribucion.com.ar\/web\/producto\/fleetguard-ff5624\/#breadcrumb\",\"itemListElement\":[{\"@type\":\"ListItem\",\"position\":1,\"name\":\"Portada\",\"item\":\"https:\/\/pldistribucion.com.ar\/web\/\"},{\"@type\":\"ListItem\",\"position\":2,\"name\":\"Productos\",\"item\":\"https:\/\/pldistribucion.com.ar\/web\/productos\/\"},{\"@type\":\"ListItem\",\"position\":3,\"name\":\"FLEETGUARD FF5624\"}]},{\"@type\":\"WebSite\",\"@id\":\"https:\/\/pldistribucion.com.ar\/web\/#website\",\"url\":\"https:\/\/pldistribucion.com.ar\/web\/\",\"name\":\"Perfomance Lube\",\"description\":\"\",\"publisher\":{\"@id\":\"https:\/\/pldistribucion.com.ar\/web\/#organization\"},\"potentialAction\":[{\"@type\":\"SearchAction\",\"target\":{\"@type\":\"EntryPoint\",\"urlTemplate\":\"https:\/\/pldistribucion.com.ar\/web\/?s={search_term_string}\"},\"query-input\":\"required name=search_term_string\"}],\"inLanguage\":\"es\"},{\"@type\":\"Organization\",\"@id\":\"https:\/\/pldistribucion.com.ar\/web\/#organization\",\"name\":\"PERFORMANCE LUBE\",\"url\":\"https:\/\/pldistribucion.com.ar\/web\/\",\"logo\":{\"@type\":\"ImageObject\",\"inLanguage\":\"es\",\"@id\":\"https:\/\/pldistribucion.com.ar\/web\/#\/schema\/logo\/image\/\",\"url\":\"https:\/\/pldistribucion.com.ar\/web\/wp-content\/uploads\/pld_logo_GB-removebg-preview.png\",\"contentUrl\":\"https:\/\/pldistribucion.com.ar\/web\/wp-content\/uploads\/pld_logo_GB-removebg-preview.png\",\"width\":787,\"height\":317,\"caption\":\"PERFORMANCE LUBE\"},\"image\":{\"@id\":\"https:\/\/pldistribucion.com.ar\/web\/#\/schema\/logo\/image\/\"}}]}<\/script>\n<!-- \/ Yoast SEO plugin. -->","yoast_head_json":{"title":"FLEETGUARD FF5624 - Perfomance Lube - Filtros","description":"Distribuidor de filtros FLEETGUARD de diferentes aplicaciones. Env\u00edos a todo el pa\u00eds. Variedad de productos y stock disponible.FLEETGUARD\u00a0FF5624","robots":{"index":"index","follow":"follow","max-snippet":"max-snippet:-1","max-image-preview":"max-image-preview:large","max-video-preview":"max-video-preview:-1"},"canonical":"https:\/\/pldistribucion.com.ar\/web\/producto\/fleetguard-ff5624\/","og_locale":"es_ES","og_type":"article","og_title":"FLEETGUARD FF5624 - Perfomance Lube - Filtros","og_description":"Distribuidor de filtros FLEETGUARD de diferentes aplicaciones. Env\u00edos a todo el pa\u00eds. Variedad de productos y stock disponible.FLEETGUARD\u00a0FF5624","og_url":"https:\/\/pldistribucion.com.ar\/web\/producto\/fleetguard-ff5624\/","og_site_name":"Perfomance Lube","article_modified_time":"2022-06-24T12:12:06+00:00","og_image":[{"width":448,"height":550,"url":"https:\/\/pldistribucion.com.ar\/web\/wp-content\/uploads\/61aaY7GCvEL._AC_SY550_.jpg","type":"image\/jpeg"}],"twitter_card":"summary_large_image","twitter_misc":{"Tiempo de lectura":"1 minuto"},"schema":{"@context":"https:\/\/schema.org","@graph":[{"@type":"WebPage","@id":"https:\/\/pldistribucion.com.ar\/web\/producto\/fleetguard-ff5624\/","url":"https:\/\/pldistribucion.com.ar\/web\/producto\/fleetguard-ff5624\/","name":"FLEETGUARD FF5624 - Perfomance Lube - Filtros","isPartOf":{"@id":"https:\/\/pldistribucion.com.ar\/web\/#website"},"primaryImageOfPage":{"@id":"https:\/\/pldistribucion.com.ar\/web\/producto\/fleetguard-ff5624\/#primaryimage"},"image":{"@id":"https:\/\/pldistribucion.com.ar\/web\/producto\/fleetguard-ff5624\/#primaryimage"},"thumbnailUrl":"https:\/\/pldistribucion.com.ar\/web\/wp-content\/uploads\/61aaY7GCvEL._AC_SY550_.jpg","datePublished":"2022-06-24T12:06:19+00:00","dateModified":"2022-06-24T12:12:06+00:00","description":"Distribuidor de filtros FLEETGUARD de diferentes aplicaciones. Env\u00edos a todo el pa\u00eds. Variedad de productos y stock disponible.FLEETGUARD\u00a0FF5624","breadcrumb":{"@id":"https:\/\/pldistribucion.com.ar\/web\/producto\/fleetguard-ff5624\/#breadcrumb"},"inLanguage":"es","potentialAction":[{"@type":"ReadAction","target":["https:\/\/pldistribucion.com.ar\/web\/producto\/fleetguard-ff5624\/"]}]},{"@type":"ImageObject","inLanguage":"es","@id":"https:\/\/pldistribucion.com.ar\/web\/producto\/fleetguard-ff5624\/#primaryimage","url":"https:\/\/pldistribucion.com.ar\/web\/wp-content\/uploads\/61aaY7GCvEL._AC_SY550_.jpg","contentUrl":"https:\/\/pldistribucion.com.ar\/web\/wp-content\/uploads\/61aaY7GCvEL._AC_SY550_.jpg","width":448,"height":550,"caption":"FLEETGUARD FF5624"},{"@type":"BreadcrumbList","@id":"https:\/\/pldistribucion.com.ar\/web\/producto\/fleetguard-ff5624\/#breadcrumb","itemListElement":[{"@type":"ListItem","position":1,"name":"Portada","item":"https:\/\/pldistribucion.com.ar\/web\/"},{"@type":"ListItem","position":2,"name":"Productos","item":"https:\/\/pldistribucion.com.ar\/web\/productos\/"},{"@type":"ListItem","position":3,"name":"FLEETGUARD FF5624"}]},{"@type":"WebSite","@id":"https:\/\/pldistribucion.com.ar\/web\/#website","url":"https:\/\/pldistribucion.com.ar\/web\/","name":"Perfomance Lube","description":"","publisher":{"@id":"https:\/\/pldistribucion.com.ar\/web\/#organization"},"potentialAction":[{"@type":"SearchAction","target":{"@type":"EntryPoint","urlTemplate":"https:\/\/pldistribucion.com.ar\/web\/?s={search_term_string}"},"query-input":"required name=search_term_string"}],"inLanguage":"es"},{"@type":"Organization","@id":"https:\/\/pldistribucion.com.ar\/web\/#organization","name":"PERFORMANCE LUBE","url":"https:\/\/pldistribucion.com.ar\/web\/","logo":{"@type":"ImageObject","inLanguage":"es","@id":"https:\/\/pldistribucion.com.ar\/web\/#\/schema\/logo\/image\/","url":"https:\/\/pldistribucion.com.ar\/web\/wp-content\/uploads\/pld_logo_GB-removebg-preview.png","contentUrl":"https:\/\/pldistribucion.com.ar\/web\/wp-content\/uploads\/pld_logo_GB-removebg-preview.png","width":787,"height":317,"caption":"PERFORMANCE LUBE"},"image":{"@id":"https:\/\/pldistribucion.com.ar\/web\/#\/schema\/logo\/image\/"}}]}},"_links":{"self":[{"href":"https:\/\/pldistribucion.com.ar\/web\/wp-json\/wp\/v2\/product\/4657"}],"collection":[{"href":"https:\/\/pldistribucion.com.ar\/web\/wp-json\/wp\/v2\/product"}],"about":[{"href":"https:\/\/pldistribucion.com.ar\/web\/wp-json\/wp\/v2\/types\/product"}],"replies":[{"embeddable":true,"href":"https:\/\/pldistribucion.com.ar\/web\/wp-json\/wp\/v2\/comments?post=4657"}],"wp:featuredmedia":[{"embeddable":true,"href":"https:\/\/pldistribucion.com.ar\/web\/wp-json\/wp\/v2\/media\/4659"}],"wp:attachment":[{"href":"https:\/\/pldistribucion.com.ar\/web\/wp-json\/wp\/v2\/media?parent=4657"}],"wp:term":[{"taxonomy":"product_cat","embeddable":true,"href":"https:\/\/pldistribucion.com.ar\/web\/wp-json\/wp\/v2\/product_cat?post=4657"},{"taxonomy":"product_tag","embeddable":true,"href":"https:\/\/pldistribucion.com.ar\/web\/wp-json\/wp\/v2\/product_tag?post=4657"}],"curies":[{"name":"wp","href":"https:\/\/api.w.org\/{rel}","templated":true}]}}