{"id":4522,"date":"2022-06-01T13:54:18","date_gmt":"2022-06-01T13:54:18","guid":{"rendered":"https:\/\/pldistribucion.com.ar\/web\/?post_type=product&#038;p=4522"},"modified":"2022-06-01T13:54:18","modified_gmt":"2022-06-01T13:54:18","slug":"donaldson-p621643","status":"publish","type":"product","link":"https:\/\/pldistribucion.com.ar\/web\/producto\/donaldson-p621643\/","title":{"rendered":"DONALDSON P621643"},"content":{"rendered":"<h1><span style=\"font-size: 80%;\"><strong>DONALDSON P621643 \/ FILTRO DE AIRE, PANEL.<\/strong><\/span><\/h1>\n<p><strong>DONALDSON P621643 \u27a2 <span style=\"color: #000080;\"><a style=\"color: #000080;\" href=\"https:\/\/pldistribucion.com.ar\/web\/wp-content\/uploads\/f3-16.pdf\" target=\"_blank\" rel=\"noopener\">Ver ficha t\u00e9cnica<\/a><\/span><\/strong><\/p>\n<p><span style=\"color: #000000;\">Toda innovaci\u00f3n importante en tecnolog\u00eda de purificadores de aire ha sido liderada por Donaldson.<\/span><\/p>\n<p><span style=\"color: #000000;\"> Hoy en d\u00eda, nuestros filtros de aire est\u00e1n estableciendo nuevos est\u00e1ndares en calidad, cobertura y desempe\u00f1o de filtraci\u00f3n, con filtros que se adaptan a nuestros propios purificadores de aire y tambi\u00e9n a los de otros fabricantes. Cuando elige filtros de aire Donaldson, obtiene un nivel de desempe\u00f1o que es todo, <i>menos<\/i> est\u00e1ndar.<\/span><\/p>\n<h3><span style=\"font-size: 16.128px; background-color: #91dff2;\"><b>ATRIBUTOS:<\/b><\/span><\/h3>\n<table class=\"table table-striped\" style=\"height: 189px;\" width=\"836\">\n<tbody>\n<tr>\n<td><span style=\"color: #000000;\">Longitud<\/span><\/td>\n<td><span style=\"color: #000000;\">237 MM (9.33 Pulgadas)<\/span><\/td>\n<\/tr>\n<tr>\n<td><span style=\"color: #000000;\">Ancho<\/span><\/td>\n<td><span style=\"color: #000000;\">161.9 MM (6.37 Pulgadas)<\/span><\/td>\n<\/tr>\n<tr>\n<td><span style=\"color: #000000;\">Altura<\/span><\/td>\n<td><span style=\"color: #000000;\">61.7 MM (2.43 Pulgadas)<\/span><\/td>\n<\/tr>\n<tr>\n<td><span style=\"color: #000000;\">Eficiencia<\/span><\/td>\n<td><span style=\"color: #000000;\">98.5<\/span><\/td>\n<\/tr>\n<tr>\n<td><span style=\"color: #000000;\">Prueba de eficiencia est\u00e1ndar<\/span><\/td>\n<td><span style=\"color: #000000;\">SAE J727<\/span><\/td>\n<\/tr>\n<tr>\n<td><span style=\"color: #000000;\">Aplicaci\u00f3n principal<\/span><\/td>\n<td><span style=\"color: #000000;\">JOHN DEERE AT191102<\/span><\/td>\n<\/tr>\n<tr>\n<td><span style=\"color: #000000;\">Estilo<\/span><\/td>\n<td><span style=\"color: #000000;\">Panel<\/span><\/td>\n<\/tr>\n<\/tbody>\n<\/table>\n<h3><span style=\"background-color: #91dff2; font-size: 80%;\"><strong>REFERENCIA CRUZADA OEM :<\/strong><\/span><\/h3>\n<table class=\"table applicationPartTablePDP \" style=\"height: 53px;\" width=\"832\">\n<thead>\n<tr>\n<th class=\"col-lg-2 crossReferencemanufactureName\" data-sortcolumn=\"manufactureNameSortableValue\">Nombre del fabricante\u00a0<i class=\"fa fa-chevron-up\"><\/i><\/th>\n<th class=\"col-lg-2 crossReferencemanufacturePartNumber\">N\u00b0 de pieza del fabricante<\/th>\n<\/tr>\n<\/thead>\n<tbody>\n<tr class=\"parentRow greyColor\">\n<td class=\"searchCrossRef\" data-manufacturer=\"Nombre del fabricante\"><span style=\"color: #000000;\">JOHN DEERE<\/span><\/td>\n<td class=\"searchCrossRef\" data-manufacturepartnumber=\"N\u00b0 de pieza del fabricante\"><span style=\"color: #000000;\">AT191102<\/span><\/td>\n<\/tr>\n<\/tbody>\n<\/table>\n<hr \/>\n<p><strong><a href=\"https:\/\/pldistribucion.com.ar\/web\/categoria-producto\/filtros\/donaldson\/\" target=\"_blank\" rel=\"noopener\"><span style=\"color: #000080;\">Ver m\u00e1s filtros DONALDSON<\/span><\/a><\/strong><\/p>\n<p><span style=\"color: #000000;\">( En 1915, un joven Frank Donaldson Sr., que en ese entonces era un vendedor de Bull Tractor Company, visit\u00f3 a un cliente cuyo tractor se descompon\u00eda constantemente en su polvoriento campo. Frank fabric\u00f3 artesanalmente un filtro de aire sencillo para proteger el motor e invent\u00f3 el primer filtro de aire eficaz del mundo para un motor de tractor&#8230;M\u00e1s de 100 a\u00f1os despu\u00e9s, Donaldson sigue innovando y usando sus tecnolog\u00edas y procesos de filtraci\u00f3n para proporcionar a los clientes las soluciones que necesitan<\/span><span style=\"color: #000000;\">)\u00a0<\/span><\/p>\n<p><strong><span style=\"color: #000080;\"><a style=\"color: #000080;\" href=\"https:\/\/www.donaldson.com\/es-mx\/about-us\/who-we-are\/at-a-glance\/\" target=\"_blank\" rel=\"noopener\">Conoce m\u00e1s sobre DONALDSON<\/a><\/span><\/strong><\/p>\n","protected":false},"excerpt":{"rendered":"<p><img loading=\"lazy\" decoding=\"async\" class=\"alignnone wp-image-3979 size-full\" src=\"https:\/\/pldistribucion.com.ar\/web\/wp-content\/uploads\/donaldson-e1652445765153.png\" alt=\"\" width=\"270\" height=\"75\" \/><span style=\"font-size: 75%;\"><strong>\u00a0 \u00a0 \u00a0 \u00a0\u00a0<\/strong><\/span><\/p>\n<h2 style=\"text-align: center;\"><span style=\"font-size: 75%;\"><strong><a rel=\"noopener noreferrer\" href=\"https:\/\/performancelube.mercadoshops.com.ar\/MLA-1140059383-filtro-de-aire-donaldson-p621643-pa5314-_JM#position=1&#038;search_layout=stack&#038;type=item&#038;tracking_id=8eec1a3c-ddb3-4e6f-bca6-9dc7130a1a7c#position=1&#038;search_layout=stack&#038;type=item&#038;tracking_id=bbc8064c-7b0a-4bdf-bbd3-38c8c93e73bd\" target=\"_blank\" class=\"button primary\"  >\n    <span>VER EN TIENDA ?<\/span>\n  <\/a>\n<span style=\"color: #69314d;\">\u00a0<\/span><\/strong><strong>\u00a0 \u00a0 \u00a0 \u00a0<\/strong><\/span><\/h2>\n<p><span style=\"color: #000000;\">Durante m\u00e1s de 100 a\u00f1os, Donaldson ha estado satisfaciendo las complejas necesidades de filtraci\u00f3n de nuestros clientes. Hoy en d\u00eda, somos uno de los mayores proveedores de tecnolog\u00eda de filtraci\u00f3n exclusiva, filtros y repuestos de alta calidad.<\/span><\/p>\n","protected":false},"featured_media":4524,"comment_status":"open","ping_status":"closed","template":"","meta":[],"product_cat":[19],"product_tag":[],"yoast_head":"<!-- This site is optimized with the Yoast SEO plugin v23.0 - https:\/\/yoast.com\/wordpress\/plugins\/seo\/ -->\n<title>DONALDSON P621643 - Perfomance Lube - Filtros<\/title>\n<meta name=\"description\" content=\"Distribuidor de filtros DONALDSON de diferentes aplicaciones. Env\u00edos a todo el pa\u00eds. Variedad de productos y stock disponible.\" \/>\n<meta name=\"robots\" content=\"index, follow, max-snippet:-1, max-image-preview:large, max-video-preview:-1\" \/>\n<link rel=\"canonical\" href=\"https:\/\/pldistribucion.com.ar\/web\/producto\/donaldson-p621643\/\" \/>\n<meta property=\"og:locale\" content=\"es_ES\" \/>\n<meta property=\"og:type\" content=\"article\" \/>\n<meta property=\"og:title\" content=\"DONALDSON P621643 - Perfomance Lube - Filtros\" \/>\n<meta property=\"og:description\" content=\"Distribuidor de filtros DONALDSON de diferentes aplicaciones. Env\u00edos a todo el pa\u00eds. Variedad de productos y stock disponible.\" \/>\n<meta property=\"og:url\" content=\"https:\/\/pldistribucion.com.ar\/web\/producto\/donaldson-p621643\/\" \/>\n<meta property=\"og:site_name\" content=\"Perfomance Lube\" \/>\n<meta property=\"og:image\" content=\"https:\/\/pldistribucion.com.ar\/web\/wp-content\/uploads\/a3-15.jpg\" \/>\n\t<meta property=\"og:image:width\" content=\"700\" \/>\n\t<meta property=\"og:image:height\" content=\"700\" \/>\n\t<meta property=\"og:image:type\" content=\"image\/jpeg\" \/>\n<meta name=\"twitter:card\" content=\"summary_large_image\" \/>\n<meta name=\"twitter:label1\" content=\"Tiempo de lectura\" \/>\n\t<meta name=\"twitter:data1\" content=\"1 minuto\" \/>\n<script type=\"application\/ld+json\" class=\"yoast-schema-graph\">{\"@context\":\"https:\/\/schema.org\",\"@graph\":[{\"@type\":\"WebPage\",\"@id\":\"https:\/\/pldistribucion.com.ar\/web\/producto\/donaldson-p621643\/\",\"url\":\"https:\/\/pldistribucion.com.ar\/web\/producto\/donaldson-p621643\/\",\"name\":\"DONALDSON P621643 - Perfomance Lube - Filtros\",\"isPartOf\":{\"@id\":\"https:\/\/pldistribucion.com.ar\/web\/#website\"},\"primaryImageOfPage\":{\"@id\":\"https:\/\/pldistribucion.com.ar\/web\/producto\/donaldson-p621643\/#primaryimage\"},\"image\":{\"@id\":\"https:\/\/pldistribucion.com.ar\/web\/producto\/donaldson-p621643\/#primaryimage\"},\"thumbnailUrl\":\"https:\/\/pldistribucion.com.ar\/web\/wp-content\/uploads\/a3-15.jpg\",\"datePublished\":\"2022-06-01T13:54:18+00:00\",\"dateModified\":\"2022-06-01T13:54:18+00:00\",\"description\":\"Distribuidor de filtros DONALDSON de diferentes aplicaciones. Env\u00edos a todo el pa\u00eds. Variedad de productos y stock disponible.\",\"breadcrumb\":{\"@id\":\"https:\/\/pldistribucion.com.ar\/web\/producto\/donaldson-p621643\/#breadcrumb\"},\"inLanguage\":\"es\",\"potentialAction\":[{\"@type\":\"ReadAction\",\"target\":[\"https:\/\/pldistribucion.com.ar\/web\/producto\/donaldson-p621643\/\"]}]},{\"@type\":\"ImageObject\",\"inLanguage\":\"es\",\"@id\":\"https:\/\/pldistribucion.com.ar\/web\/producto\/donaldson-p621643\/#primaryimage\",\"url\":\"https:\/\/pldistribucion.com.ar\/web\/wp-content\/uploads\/a3-15.jpg\",\"contentUrl\":\"https:\/\/pldistribucion.com.ar\/web\/wp-content\/uploads\/a3-15.jpg\",\"width\":700,\"height\":700,\"caption\":\"DONALDSON P621643\"},{\"@type\":\"BreadcrumbList\",\"@id\":\"https:\/\/pldistribucion.com.ar\/web\/producto\/donaldson-p621643\/#breadcrumb\",\"itemListElement\":[{\"@type\":\"ListItem\",\"position\":1,\"name\":\"Portada\",\"item\":\"https:\/\/pldistribucion.com.ar\/web\/\"},{\"@type\":\"ListItem\",\"position\":2,\"name\":\"Productos\",\"item\":\"https:\/\/pldistribucion.com.ar\/web\/productos\/\"},{\"@type\":\"ListItem\",\"position\":3,\"name\":\"DONALDSON P621643\"}]},{\"@type\":\"WebSite\",\"@id\":\"https:\/\/pldistribucion.com.ar\/web\/#website\",\"url\":\"https:\/\/pldistribucion.com.ar\/web\/\",\"name\":\"Perfomance Lube\",\"description\":\"\",\"publisher\":{\"@id\":\"https:\/\/pldistribucion.com.ar\/web\/#organization\"},\"potentialAction\":[{\"@type\":\"SearchAction\",\"target\":{\"@type\":\"EntryPoint\",\"urlTemplate\":\"https:\/\/pldistribucion.com.ar\/web\/?s={search_term_string}\"},\"query-input\":\"required name=search_term_string\"}],\"inLanguage\":\"es\"},{\"@type\":\"Organization\",\"@id\":\"https:\/\/pldistribucion.com.ar\/web\/#organization\",\"name\":\"PERFORMANCE LUBE\",\"url\":\"https:\/\/pldistribucion.com.ar\/web\/\",\"logo\":{\"@type\":\"ImageObject\",\"inLanguage\":\"es\",\"@id\":\"https:\/\/pldistribucion.com.ar\/web\/#\/schema\/logo\/image\/\",\"url\":\"https:\/\/pldistribucion.com.ar\/web\/wp-content\/uploads\/pld_logo_GB-removebg-preview.png\",\"contentUrl\":\"https:\/\/pldistribucion.com.ar\/web\/wp-content\/uploads\/pld_logo_GB-removebg-preview.png\",\"width\":787,\"height\":317,\"caption\":\"PERFORMANCE LUBE\"},\"image\":{\"@id\":\"https:\/\/pldistribucion.com.ar\/web\/#\/schema\/logo\/image\/\"}}]}<\/script>\n<!-- \/ Yoast SEO plugin. -->","yoast_head_json":{"title":"DONALDSON P621643 - Perfomance Lube - Filtros","description":"Distribuidor de filtros DONALDSON de diferentes aplicaciones. Env\u00edos a todo el pa\u00eds. Variedad de productos y stock disponible.","robots":{"index":"index","follow":"follow","max-snippet":"max-snippet:-1","max-image-preview":"max-image-preview:large","max-video-preview":"max-video-preview:-1"},"canonical":"https:\/\/pldistribucion.com.ar\/web\/producto\/donaldson-p621643\/","og_locale":"es_ES","og_type":"article","og_title":"DONALDSON P621643 - Perfomance Lube - Filtros","og_description":"Distribuidor de filtros DONALDSON de diferentes aplicaciones. Env\u00edos a todo el pa\u00eds. Variedad de productos y stock disponible.","og_url":"https:\/\/pldistribucion.com.ar\/web\/producto\/donaldson-p621643\/","og_site_name":"Perfomance Lube","og_image":[{"width":700,"height":700,"url":"https:\/\/pldistribucion.com.ar\/web\/wp-content\/uploads\/a3-15.jpg","type":"image\/jpeg"}],"twitter_card":"summary_large_image","twitter_misc":{"Tiempo de lectura":"1 minuto"},"schema":{"@context":"https:\/\/schema.org","@graph":[{"@type":"WebPage","@id":"https:\/\/pldistribucion.com.ar\/web\/producto\/donaldson-p621643\/","url":"https:\/\/pldistribucion.com.ar\/web\/producto\/donaldson-p621643\/","name":"DONALDSON P621643 - Perfomance Lube - Filtros","isPartOf":{"@id":"https:\/\/pldistribucion.com.ar\/web\/#website"},"primaryImageOfPage":{"@id":"https:\/\/pldistribucion.com.ar\/web\/producto\/donaldson-p621643\/#primaryimage"},"image":{"@id":"https:\/\/pldistribucion.com.ar\/web\/producto\/donaldson-p621643\/#primaryimage"},"thumbnailUrl":"https:\/\/pldistribucion.com.ar\/web\/wp-content\/uploads\/a3-15.jpg","datePublished":"2022-06-01T13:54:18+00:00","dateModified":"2022-06-01T13:54:18+00:00","description":"Distribuidor de filtros DONALDSON de diferentes aplicaciones. Env\u00edos a todo el pa\u00eds. Variedad de productos y stock disponible.","breadcrumb":{"@id":"https:\/\/pldistribucion.com.ar\/web\/producto\/donaldson-p621643\/#breadcrumb"},"inLanguage":"es","potentialAction":[{"@type":"ReadAction","target":["https:\/\/pldistribucion.com.ar\/web\/producto\/donaldson-p621643\/"]}]},{"@type":"ImageObject","inLanguage":"es","@id":"https:\/\/pldistribucion.com.ar\/web\/producto\/donaldson-p621643\/#primaryimage","url":"https:\/\/pldistribucion.com.ar\/web\/wp-content\/uploads\/a3-15.jpg","contentUrl":"https:\/\/pldistribucion.com.ar\/web\/wp-content\/uploads\/a3-15.jpg","width":700,"height":700,"caption":"DONALDSON P621643"},{"@type":"BreadcrumbList","@id":"https:\/\/pldistribucion.com.ar\/web\/producto\/donaldson-p621643\/#breadcrumb","itemListElement":[{"@type":"ListItem","position":1,"name":"Portada","item":"https:\/\/pldistribucion.com.ar\/web\/"},{"@type":"ListItem","position":2,"name":"Productos","item":"https:\/\/pldistribucion.com.ar\/web\/productos\/"},{"@type":"ListItem","position":3,"name":"DONALDSON P621643"}]},{"@type":"WebSite","@id":"https:\/\/pldistribucion.com.ar\/web\/#website","url":"https:\/\/pldistribucion.com.ar\/web\/","name":"Perfomance Lube","description":"","publisher":{"@id":"https:\/\/pldistribucion.com.ar\/web\/#organization"},"potentialAction":[{"@type":"SearchAction","target":{"@type":"EntryPoint","urlTemplate":"https:\/\/pldistribucion.com.ar\/web\/?s={search_term_string}"},"query-input":"required name=search_term_string"}],"inLanguage":"es"},{"@type":"Organization","@id":"https:\/\/pldistribucion.com.ar\/web\/#organization","name":"PERFORMANCE LUBE","url":"https:\/\/pldistribucion.com.ar\/web\/","logo":{"@type":"ImageObject","inLanguage":"es","@id":"https:\/\/pldistribucion.com.ar\/web\/#\/schema\/logo\/image\/","url":"https:\/\/pldistribucion.com.ar\/web\/wp-content\/uploads\/pld_logo_GB-removebg-preview.png","contentUrl":"https:\/\/pldistribucion.com.ar\/web\/wp-content\/uploads\/pld_logo_GB-removebg-preview.png","width":787,"height":317,"caption":"PERFORMANCE LUBE"},"image":{"@id":"https:\/\/pldistribucion.com.ar\/web\/#\/schema\/logo\/image\/"}}]}},"_links":{"self":[{"href":"https:\/\/pldistribucion.com.ar\/web\/wp-json\/wp\/v2\/product\/4522"}],"collection":[{"href":"https:\/\/pldistribucion.com.ar\/web\/wp-json\/wp\/v2\/product"}],"about":[{"href":"https:\/\/pldistribucion.com.ar\/web\/wp-json\/wp\/v2\/types\/product"}],"replies":[{"embeddable":true,"href":"https:\/\/pldistribucion.com.ar\/web\/wp-json\/wp\/v2\/comments?post=4522"}],"wp:featuredmedia":[{"embeddable":true,"href":"https:\/\/pldistribucion.com.ar\/web\/wp-json\/wp\/v2\/media\/4524"}],"wp:attachment":[{"href":"https:\/\/pldistribucion.com.ar\/web\/wp-json\/wp\/v2\/media?parent=4522"}],"wp:term":[{"taxonomy":"product_cat","embeddable":true,"href":"https:\/\/pldistribucion.com.ar\/web\/wp-json\/wp\/v2\/product_cat?post=4522"},{"taxonomy":"product_tag","embeddable":true,"href":"https:\/\/pldistribucion.com.ar\/web\/wp-json\/wp\/v2\/product_tag?post=4522"}],"curies":[{"name":"wp","href":"https:\/\/api.w.org\/{rel}","templated":true}]}}