{"id":4387,"date":"2022-05-26T13:28:11","date_gmt":"2022-05-26T13:28:11","guid":{"rendered":"https:\/\/pldistribucion.com.ar\/web\/?post_type=product&#038;p=4387"},"modified":"2022-05-26T13:28:11","modified_gmt":"2022-05-26T13:28:11","slug":"donaldson-p171606","status":"publish","type":"product","link":"https:\/\/pldistribucion.com.ar\/web\/producto\/donaldson-p171606\/","title":{"rendered":"DONALDSON P171606"},"content":{"rendered":"<h1><span style=\"font-size: 80%;\"><strong>DONALDSON P171606 \/ FILTRO HIDR\u00c1ULICO, ENROSCABLE.\u00a0<\/strong><\/span><\/h1>\n<h3><span style=\"font-size: 16.128px; background-color: #91dff2;\"><b>ATRIBUTOS:<\/b><\/span><\/h3>\n<p><strong>DONALDSON P171606<\/strong><\/p>\n<table class=\"table table-striped\" style=\"height: 263px;\" width=\"835\">\n<tbody>\n<tr>\n<td><span style=\"color: #000000;\">Di\u00e1metro exterior<\/span><\/td>\n<td><span style=\"color: #000000;\">96 MM (3.78 Pulgadas)<\/span><\/td>\n<\/tr>\n<tr>\n<td><span style=\"color: #000000;\">Tama\u00f1o de la rosca<\/span><\/td>\n<td><span style=\"color: #000000;\">3\/4 BSP\/G<\/span><\/td>\n<\/tr>\n<tr>\n<td><span style=\"color: #000000;\">Longitud<\/span><\/td>\n<td><span style=\"color: #000000;\">144 MM (5.67 Pulgadas)<\/span><\/td>\n<\/tr>\n<tr>\n<td><span style=\"color: #000000;\">Di\u00e1metro externo de empaque<\/span><\/td>\n<td><span style=\"color: #000000;\">72 MM (2.83 Pulgadas)<\/span><\/td>\n<\/tr>\n<tr>\n<td><span style=\"color: #000000;\">Di\u00e1metro interno de empaque<\/span><\/td>\n<td><span style=\"color: #000000;\">62 MM (2.44 Pulgadas)<\/span><\/td>\n<\/tr>\n<tr>\n<td><span style=\"color: #000000;\">Eficiencia Beta 2<\/span><\/td>\n<td><span style=\"color: #000000;\">27 MICR\u00d3N<\/span><\/td>\n<\/tr>\n<tr>\n<td><span style=\"color: #000000;\">Estilo<\/span><\/td>\n<td><span style=\"color: #000000;\">Spin-On<\/span><\/td>\n<\/tr>\n<tr>\n<td><span style=\"color: #000000;\">Tipo de medio<\/span><\/td>\n<td><span style=\"color: #000000;\">Cellulose<\/span><\/td>\n<\/tr>\n<tr>\n<td><span style=\"color: #000000;\">Aplicaci\u00f3n principal<\/span><\/td>\n<td><span style=\"color: #000000;\">BOSCH-REXROTH 7SL45P25<\/span><\/td>\n<\/tr>\n<\/tbody>\n<\/table>\n<h3><span style=\"background-color: #91dff2; font-size: 80%;\"><strong>REFERENCIA CRUZADA OEM :<\/strong><\/span><\/h3>\n<table class=\"table applicationPartTablePDP \" style=\"height: 516px;\" width=\"832\">\n<thead>\n<tr>\n<th class=\"col-lg-2 crossReferencemanufactureName\" data-sortcolumn=\"manufactureNameSortableValue\">Nombre del fabricante\u00a0<i class=\"fa fa-chevron-up\"><\/i><\/th>\n<th class=\"col-lg-2 crossReferencemanufacturePartNumber\">N\u00b0 de pieza del fabricante<\/th>\n<\/tr>\n<\/thead>\n<tbody>\n<tr class=\"parentRow greyColor\">\n<td class=\"searchCrossRef\" data-manufacturer=\"Nombre del fabricante\"><span style=\"color: #000000;\">ABAC COMPRESSED AIR<\/span><\/td>\n<td class=\"searchCrossRef\" data-manufacturepartnumber=\"N\u00b0 de pieza del fabricante\"><span style=\"color: #000000;\">9056113<\/span><\/td>\n<\/tr>\n<tr class=\"parentRows\" data-target=\".ManufacturerName_1\">\n<td class=\"searchCrossRef\" data-manufacturer=\"Nombre del fabricante\"><span style=\"color: #000000;\"><i class=\"fa fa-plus\" data-target=\".ManufacturerName_1\"><\/i>ARGO<\/span><\/td>\n<td class=\"searchCrossRef\" data-manufacturepartnumber=\"N\u00b0 de pieza del fabricante\"><span style=\"color: #000000;\">121039<\/span><\/td>\n<\/tr>\n<tr class=\"parentRow greyColor\">\n<td class=\"searchCrossRef\" data-manufacturer=\"Nombre del fabricante\"><span style=\"color: #000000;\">BOSCH-REXROTH<\/span><\/td>\n<td class=\"searchCrossRef\" data-manufacturepartnumber=\"N\u00b0 de pieza del fabricante\"><span style=\"color: #000000;\">7SL45P25<\/span><\/td>\n<\/tr>\n<tr class=\"parentRow\">\n<td class=\"searchCrossRef\" data-manufacturer=\"Nombre del fabricante\"><span style=\"color: #000000;\">DMIC<\/span><\/td>\n<td class=\"searchCrossRef\" data-manufacturepartnumber=\"N\u00b0 de pieza del fabricante\"><span style=\"color: #000000;\">DMS05BN<\/span><\/td>\n<\/tr>\n<tr class=\"parentRow greyColor\">\n<td class=\"searchCrossRef\" data-manufacturer=\"Nombre del fabricante\"><span style=\"color: #000000;\">IKRON<\/span><\/td>\n<td class=\"searchCrossRef\" data-manufacturepartnumber=\"N\u00b0 de pieza del fabricante\"><span style=\"color: #000000;\">HEK4520135ASSP025<\/span><\/td>\n<\/tr>\n<tr class=\"parentRow\">\n<td class=\"searchCrossRef\" data-manufacturer=\"Nombre del fabricante\"><span style=\"color: #000000;\">JENBACHER WERKE<\/span><\/td>\n<td class=\"searchCrossRef\" data-manufacturepartnumber=\"N\u00b0 de pieza del fabricante\"><span style=\"color: #000000;\">235027<\/span><\/td>\n<\/tr>\n<tr class=\"parentRow greyColor\">\n<td class=\"searchCrossRef\" data-manufacturer=\"Nombre del fabricante\"><span style=\"color: #000000;\">KOMATSU<\/span><\/td>\n<td class=\"searchCrossRef\" data-manufacturepartnumber=\"N\u00b0 de pieza del fabricante\"><span style=\"color: #000000;\">20M60R1041<\/span><\/td>\n<\/tr>\n<tr class=\"parentRow\">\n<td class=\"searchCrossRef\" data-manufacturer=\"Nombre del fabricante\"><span style=\"color: #000000;\">LOESING<\/span><\/td>\n<td class=\"searchCrossRef\" data-manufacturepartnumber=\"N\u00b0 de pieza del fabricante\"><span style=\"color: #000000;\">140024<\/span><\/td>\n<\/tr>\n<tr class=\"parentRow greyColor\">\n<td class=\"searchCrossRef\" data-manufacturer=\"Nombre del fabricante\"><span style=\"color: #000000;\">LUGLI CARRELLI ELEVATORI<\/span><\/td>\n<td class=\"searchCrossRef\" data-manufacturepartnumber=\"N\u00b0 de pieza del fabricante\"><span style=\"color: #000000;\">R2754342<\/span><\/td>\n<\/tr>\n<tr class=\"parentRow\">\n<td class=\"searchCrossRef\" data-manufacturer=\"Nombre del fabricante\"><span style=\"color: #000000;\">MESSERSI<\/span><\/td>\n<td class=\"searchCrossRef\" data-manufacturepartnumber=\"N\u00b0 de pieza del fabricante\"><span style=\"color: #000000;\">62845006<\/span><\/td>\n<\/tr>\n<tr class=\"parentRow greyColor\">\n<td class=\"searchCrossRef\" data-manufacturer=\"Nombre del fabricante\"><span style=\"color: #000000;\">MODINA<\/span><\/td>\n<td class=\"searchCrossRef\" data-manufacturepartnumber=\"N\u00b0 de pieza del fabricante\"><span style=\"color: #000000;\">CA151CV1<\/span><\/td>\n<\/tr>\n<tr class=\"parentRow\">\n<td class=\"searchCrossRef\" data-manufacturer=\"Nombre del fabricante\"><span style=\"color: #000000;\">MOFFET<\/span><\/td>\n<td class=\"searchCrossRef\" data-manufacturepartnumber=\"N\u00b0 de pieza del fabricante\"><span style=\"color: #000000;\">5001000027<\/span><\/td>\n<\/tr>\n<tr class=\"parentRow greyColor\">\n<td class=\"searchCrossRef\" data-manufacturer=\"Nombre del fabricante\"><span style=\"color: #000000;\">MP FILTRI<\/span><\/td>\n<td class=\"searchCrossRef\" data-manufacturepartnumber=\"N\u00b0 de pieza del fabricante\"><span style=\"color: #000000;\">CS050P25A<\/span><\/td>\n<\/tr>\n<tr class=\"parentRow\">\n<td class=\"searchCrossRef\" data-manufacturer=\"Nombre del fabricante\"><span style=\"color: #000000;\">OMT<\/span><\/td>\n<td class=\"searchCrossRef\" data-manufacturepartnumber=\"N\u00b0 de pieza del fabricante\"><span style=\"color: #000000;\">CS05BN<\/span><\/td>\n<\/tr>\n<tr class=\"parentRow greyColor\">\n<td class=\"searchCrossRef\" data-manufacturer=\"Nombre del fabricante\"><span style=\"color: #000000;\">SOFIMA<\/span><\/td>\n<td class=\"searchCrossRef\" data-manufacturepartnumber=\"N\u00b0 de pieza del fabricante\"><span style=\"color: #000000;\">CCA151ECV1<\/span><\/td>\n<\/tr>\n<tr class=\"parentRow\">\n<td class=\"searchCrossRef\" data-manufacturer=\"Nombre del fabricante\"><span style=\"color: #000000;\">UFI<\/span><\/td>\n<td class=\"searchCrossRef\" data-manufacturepartnumber=\"N\u00b0 de pieza del fabricante\"><span style=\"color: #000000;\">8000200<\/span><\/td>\n<\/tr>\n<tr class=\"parentRow greyColor\">\n<td class=\"searchCrossRef\" data-manufacturer=\"Nombre del fabricante\"><span style=\"color: #000000;\">VMC<\/span><\/td>\n<td class=\"searchCrossRef\" data-manufacturepartnumber=\"N\u00b0 de pieza del fabricante\"><span style=\"color: #000000;\">HF171606<\/span><\/td>\n<\/tr>\n<\/tbody>\n<\/table>\n<h3><span style=\"background-color: #91dff2; font-size: 80%;\"><strong>EQUIVALENTES:<\/strong><\/span><\/h3>\n<ul>\n<li><span style=\"color: #000000; font-size: 80%;\">FLEETGUARD HF35102<\/span><\/li>\n<li><span style=\"color: #000000; font-size: 80%;\">BALDWIN BT8472<\/span><\/li>\n<li><span style=\"color: #000000; font-size: 80%;\">WIX 51546<\/span><\/li>\n<\/ul>\n<hr \/>\n<p><strong><a href=\"https:\/\/pldistribucion.com.ar\/web\/categoria-producto\/filtros\/donaldson\/\" target=\"_blank\" rel=\"noopener\"><span style=\"color: #000080;\">Ver m\u00e1s filtros DONALDSON<\/span><\/a><\/strong><\/p>\n<p><span style=\"color: #000000;\">( En 1915, un joven Frank Donaldson Sr., que en ese entonces era un vendedor de Bull Tractor Company, visit\u00f3 a un cliente cuyo tractor se descompon\u00eda constantemente en su polvoriento campo. Frank fabric\u00f3 artesanalmente un filtro de aire sencillo para proteger el motor e invent\u00f3 el primer filtro de aire eficaz del mundo para un motor de tractor&#8230; )\u00a0<\/span><\/p>\n<p><strong><span style=\"color: #000080;\"><a style=\"color: #000080;\" href=\"https:\/\/www.donaldson.com\/es-mx\/about-us\/who-we-are\/at-a-glance\/\" target=\"_blank\" rel=\"noopener\">Conoce m\u00e1s sobre DONALDSON<\/a><\/span><\/strong><\/p>\n","protected":false},"excerpt":{"rendered":"<p><img loading=\"lazy\" decoding=\"async\" class=\"alignnone wp-image-3979 size-full\" src=\"https:\/\/pldistribucion.com.ar\/web\/wp-content\/uploads\/donaldson-e1652445765153.png\" alt=\"\" width=\"270\" height=\"75\" \/><span style=\"font-size: 75%;\"><strong>\u00a0 \u00a0 \u00a0 \u00a0\u00a0<\/strong><\/span><\/p>\n<h2 style=\"text-align: center;\"><span style=\"font-size: 75%;\"><strong><a rel=\"noopener noreferrer\" href=\"https:\/\/performancelube.mercadoshops.com.ar\/MLA-1139035981-filtro-hidraulico-donaldson-p171606-hf35102-_JM#position=1&#038;search_layout=stack&#038;type=item&#038;tracking_id=8eec1a3c-ddb3-4e6f-bca6-9dc7130a1a7c#position=1&#038;search_layout=stack&#038;type=item&#038;tracking_id=bbc8064c-7b0a-4bdf-bbd3-38c8c93e73bd\" target=\"_blank\" class=\"button primary\"  >\n    <span>VER EN TIENDA ?<\/span>\n  <\/a>\n<span style=\"color: #69314d;\">\u00a0<\/span><\/strong><strong>\u00a0 \u00a0 \u00a0 \u00a0<\/strong><\/span><\/h2>\n<p><span style=\"color: #000000;\">Durante m\u00e1s de 100 a\u00f1os, Donaldson ha estado satisfaciendo las complejas necesidades de filtraci\u00f3n de nuestros clientes. Hoy en d\u00eda, somos uno de los mayores proveedores de tecnolog\u00eda de filtraci\u00f3n exclusiva, filtros y repuestos de alta calidad.<\/span><\/p>\n","protected":false},"featured_media":4388,"comment_status":"open","ping_status":"closed","template":"","meta":[],"product_cat":[19],"product_tag":[],"yoast_head":"<!-- This site is optimized with the Yoast SEO plugin v23.0 - https:\/\/yoast.com\/wordpress\/plugins\/seo\/ -->\n<title>DONALDSON P171606 - Perfomance Lube - Filtros<\/title>\n<meta name=\"description\" content=\"Distribuidor de filtros DONALDSON de diferentes aplicaciones. Env\u00edos a todo el pa\u00eds. Variedad de productos y stock disponible.\" \/>\n<meta name=\"robots\" content=\"index, follow, max-snippet:-1, max-image-preview:large, max-video-preview:-1\" \/>\n<link rel=\"canonical\" href=\"https:\/\/pldistribucion.com.ar\/web\/producto\/donaldson-p171606\/\" \/>\n<meta property=\"og:locale\" content=\"es_ES\" \/>\n<meta property=\"og:type\" content=\"article\" \/>\n<meta property=\"og:title\" content=\"DONALDSON P171606 - Perfomance Lube - Filtros\" \/>\n<meta property=\"og:description\" content=\"Distribuidor de filtros DONALDSON de diferentes aplicaciones. Env\u00edos a todo el pa\u00eds. Variedad de productos y stock disponible.\" \/>\n<meta property=\"og:url\" content=\"https:\/\/pldistribucion.com.ar\/web\/producto\/donaldson-p171606\/\" \/>\n<meta property=\"og:site_name\" content=\"Perfomance Lube\" \/>\n<meta property=\"og:image\" content=\"https:\/\/pldistribucion.com.ar\/web\/wp-content\/uploads\/A7-7.jpg\" \/>\n\t<meta property=\"og:image:width\" content=\"700\" \/>\n\t<meta property=\"og:image:height\" content=\"700\" \/>\n\t<meta property=\"og:image:type\" content=\"image\/jpeg\" \/>\n<meta name=\"twitter:card\" content=\"summary_large_image\" \/>\n<meta name=\"twitter:label1\" content=\"Tiempo de lectura\" \/>\n\t<meta name=\"twitter:data1\" content=\"2 minutos\" \/>\n<script type=\"application\/ld+json\" class=\"yoast-schema-graph\">{\"@context\":\"https:\/\/schema.org\",\"@graph\":[{\"@type\":\"WebPage\",\"@id\":\"https:\/\/pldistribucion.com.ar\/web\/producto\/donaldson-p171606\/\",\"url\":\"https:\/\/pldistribucion.com.ar\/web\/producto\/donaldson-p171606\/\",\"name\":\"DONALDSON P171606 - Perfomance Lube - Filtros\",\"isPartOf\":{\"@id\":\"https:\/\/pldistribucion.com.ar\/web\/#website\"},\"primaryImageOfPage\":{\"@id\":\"https:\/\/pldistribucion.com.ar\/web\/producto\/donaldson-p171606\/#primaryimage\"},\"image\":{\"@id\":\"https:\/\/pldistribucion.com.ar\/web\/producto\/donaldson-p171606\/#primaryimage\"},\"thumbnailUrl\":\"https:\/\/pldistribucion.com.ar\/web\/wp-content\/uploads\/A7-7.jpg\",\"datePublished\":\"2022-05-26T13:28:11+00:00\",\"dateModified\":\"2022-05-26T13:28:11+00:00\",\"description\":\"Distribuidor de filtros DONALDSON de diferentes aplicaciones. Env\u00edos a todo el pa\u00eds. Variedad de productos y stock disponible.\",\"breadcrumb\":{\"@id\":\"https:\/\/pldistribucion.com.ar\/web\/producto\/donaldson-p171606\/#breadcrumb\"},\"inLanguage\":\"es\",\"potentialAction\":[{\"@type\":\"ReadAction\",\"target\":[\"https:\/\/pldistribucion.com.ar\/web\/producto\/donaldson-p171606\/\"]}]},{\"@type\":\"ImageObject\",\"inLanguage\":\"es\",\"@id\":\"https:\/\/pldistribucion.com.ar\/web\/producto\/donaldson-p171606\/#primaryimage\",\"url\":\"https:\/\/pldistribucion.com.ar\/web\/wp-content\/uploads\/A7-7.jpg\",\"contentUrl\":\"https:\/\/pldistribucion.com.ar\/web\/wp-content\/uploads\/A7-7.jpg\",\"width\":700,\"height\":700,\"caption\":\"DONALDSON P171606\"},{\"@type\":\"BreadcrumbList\",\"@id\":\"https:\/\/pldistribucion.com.ar\/web\/producto\/donaldson-p171606\/#breadcrumb\",\"itemListElement\":[{\"@type\":\"ListItem\",\"position\":1,\"name\":\"Portada\",\"item\":\"https:\/\/pldistribucion.com.ar\/web\/\"},{\"@type\":\"ListItem\",\"position\":2,\"name\":\"Productos\",\"item\":\"https:\/\/pldistribucion.com.ar\/web\/productos\/\"},{\"@type\":\"ListItem\",\"position\":3,\"name\":\"DONALDSON P171606\"}]},{\"@type\":\"WebSite\",\"@id\":\"https:\/\/pldistribucion.com.ar\/web\/#website\",\"url\":\"https:\/\/pldistribucion.com.ar\/web\/\",\"name\":\"Perfomance Lube\",\"description\":\"\",\"publisher\":{\"@id\":\"https:\/\/pldistribucion.com.ar\/web\/#organization\"},\"potentialAction\":[{\"@type\":\"SearchAction\",\"target\":{\"@type\":\"EntryPoint\",\"urlTemplate\":\"https:\/\/pldistribucion.com.ar\/web\/?s={search_term_string}\"},\"query-input\":\"required name=search_term_string\"}],\"inLanguage\":\"es\"},{\"@type\":\"Organization\",\"@id\":\"https:\/\/pldistribucion.com.ar\/web\/#organization\",\"name\":\"PERFORMANCE LUBE\",\"url\":\"https:\/\/pldistribucion.com.ar\/web\/\",\"logo\":{\"@type\":\"ImageObject\",\"inLanguage\":\"es\",\"@id\":\"https:\/\/pldistribucion.com.ar\/web\/#\/schema\/logo\/image\/\",\"url\":\"https:\/\/pldistribucion.com.ar\/web\/wp-content\/uploads\/pld_logo_GB-removebg-preview.png\",\"contentUrl\":\"https:\/\/pldistribucion.com.ar\/web\/wp-content\/uploads\/pld_logo_GB-removebg-preview.png\",\"width\":787,\"height\":317,\"caption\":\"PERFORMANCE LUBE\"},\"image\":{\"@id\":\"https:\/\/pldistribucion.com.ar\/web\/#\/schema\/logo\/image\/\"}}]}<\/script>\n<!-- \/ Yoast SEO plugin. -->","yoast_head_json":{"title":"DONALDSON P171606 - Perfomance Lube - Filtros","description":"Distribuidor de filtros DONALDSON de diferentes aplicaciones. Env\u00edos a todo el pa\u00eds. Variedad de productos y stock disponible.","robots":{"index":"index","follow":"follow","max-snippet":"max-snippet:-1","max-image-preview":"max-image-preview:large","max-video-preview":"max-video-preview:-1"},"canonical":"https:\/\/pldistribucion.com.ar\/web\/producto\/donaldson-p171606\/","og_locale":"es_ES","og_type":"article","og_title":"DONALDSON P171606 - Perfomance Lube - Filtros","og_description":"Distribuidor de filtros DONALDSON de diferentes aplicaciones. Env\u00edos a todo el pa\u00eds. Variedad de productos y stock disponible.","og_url":"https:\/\/pldistribucion.com.ar\/web\/producto\/donaldson-p171606\/","og_site_name":"Perfomance Lube","og_image":[{"width":700,"height":700,"url":"https:\/\/pldistribucion.com.ar\/web\/wp-content\/uploads\/A7-7.jpg","type":"image\/jpeg"}],"twitter_card":"summary_large_image","twitter_misc":{"Tiempo de lectura":"2 minutos"},"schema":{"@context":"https:\/\/schema.org","@graph":[{"@type":"WebPage","@id":"https:\/\/pldistribucion.com.ar\/web\/producto\/donaldson-p171606\/","url":"https:\/\/pldistribucion.com.ar\/web\/producto\/donaldson-p171606\/","name":"DONALDSON P171606 - Perfomance Lube - Filtros","isPartOf":{"@id":"https:\/\/pldistribucion.com.ar\/web\/#website"},"primaryImageOfPage":{"@id":"https:\/\/pldistribucion.com.ar\/web\/producto\/donaldson-p171606\/#primaryimage"},"image":{"@id":"https:\/\/pldistribucion.com.ar\/web\/producto\/donaldson-p171606\/#primaryimage"},"thumbnailUrl":"https:\/\/pldistribucion.com.ar\/web\/wp-content\/uploads\/A7-7.jpg","datePublished":"2022-05-26T13:28:11+00:00","dateModified":"2022-05-26T13:28:11+00:00","description":"Distribuidor de filtros DONALDSON de diferentes aplicaciones. Env\u00edos a todo el pa\u00eds. Variedad de productos y stock disponible.","breadcrumb":{"@id":"https:\/\/pldistribucion.com.ar\/web\/producto\/donaldson-p171606\/#breadcrumb"},"inLanguage":"es","potentialAction":[{"@type":"ReadAction","target":["https:\/\/pldistribucion.com.ar\/web\/producto\/donaldson-p171606\/"]}]},{"@type":"ImageObject","inLanguage":"es","@id":"https:\/\/pldistribucion.com.ar\/web\/producto\/donaldson-p171606\/#primaryimage","url":"https:\/\/pldistribucion.com.ar\/web\/wp-content\/uploads\/A7-7.jpg","contentUrl":"https:\/\/pldistribucion.com.ar\/web\/wp-content\/uploads\/A7-7.jpg","width":700,"height":700,"caption":"DONALDSON P171606"},{"@type":"BreadcrumbList","@id":"https:\/\/pldistribucion.com.ar\/web\/producto\/donaldson-p171606\/#breadcrumb","itemListElement":[{"@type":"ListItem","position":1,"name":"Portada","item":"https:\/\/pldistribucion.com.ar\/web\/"},{"@type":"ListItem","position":2,"name":"Productos","item":"https:\/\/pldistribucion.com.ar\/web\/productos\/"},{"@type":"ListItem","position":3,"name":"DONALDSON P171606"}]},{"@type":"WebSite","@id":"https:\/\/pldistribucion.com.ar\/web\/#website","url":"https:\/\/pldistribucion.com.ar\/web\/","name":"Perfomance Lube","description":"","publisher":{"@id":"https:\/\/pldistribucion.com.ar\/web\/#organization"},"potentialAction":[{"@type":"SearchAction","target":{"@type":"EntryPoint","urlTemplate":"https:\/\/pldistribucion.com.ar\/web\/?s={search_term_string}"},"query-input":"required name=search_term_string"}],"inLanguage":"es"},{"@type":"Organization","@id":"https:\/\/pldistribucion.com.ar\/web\/#organization","name":"PERFORMANCE LUBE","url":"https:\/\/pldistribucion.com.ar\/web\/","logo":{"@type":"ImageObject","inLanguage":"es","@id":"https:\/\/pldistribucion.com.ar\/web\/#\/schema\/logo\/image\/","url":"https:\/\/pldistribucion.com.ar\/web\/wp-content\/uploads\/pld_logo_GB-removebg-preview.png","contentUrl":"https:\/\/pldistribucion.com.ar\/web\/wp-content\/uploads\/pld_logo_GB-removebg-preview.png","width":787,"height":317,"caption":"PERFORMANCE LUBE"},"image":{"@id":"https:\/\/pldistribucion.com.ar\/web\/#\/schema\/logo\/image\/"}}]}},"_links":{"self":[{"href":"https:\/\/pldistribucion.com.ar\/web\/wp-json\/wp\/v2\/product\/4387"}],"collection":[{"href":"https:\/\/pldistribucion.com.ar\/web\/wp-json\/wp\/v2\/product"}],"about":[{"href":"https:\/\/pldistribucion.com.ar\/web\/wp-json\/wp\/v2\/types\/product"}],"replies":[{"embeddable":true,"href":"https:\/\/pldistribucion.com.ar\/web\/wp-json\/wp\/v2\/comments?post=4387"}],"wp:featuredmedia":[{"embeddable":true,"href":"https:\/\/pldistribucion.com.ar\/web\/wp-json\/wp\/v2\/media\/4388"}],"wp:attachment":[{"href":"https:\/\/pldistribucion.com.ar\/web\/wp-json\/wp\/v2\/media?parent=4387"}],"wp:term":[{"taxonomy":"product_cat","embeddable":true,"href":"https:\/\/pldistribucion.com.ar\/web\/wp-json\/wp\/v2\/product_cat?post=4387"},{"taxonomy":"product_tag","embeddable":true,"href":"https:\/\/pldistribucion.com.ar\/web\/wp-json\/wp\/v2\/product_tag?post=4387"}],"curies":[{"name":"wp","href":"https:\/\/api.w.org\/{rel}","templated":true}]}}