{"id":3976,"date":"2022-05-10T12:15:36","date_gmt":"2022-05-10T12:15:36","guid":{"rendered":"https:\/\/pldistribucion.com.ar\/web\/?post_type=product&#038;p=3976"},"modified":"2022-05-20T14:53:16","modified_gmt":"2022-05-20T14:53:16","slug":"donaldson-p559125","status":"publish","type":"product","link":"https:\/\/pldistribucion.com.ar\/web\/producto\/donaldson-p559125\/","title":{"rendered":"DONALDSON P559125"},"content":{"rendered":"<h1><span style=\"font-size: 80%;\"><strong>DONALDSON P559125 \/ <\/strong><\/span><span style=\"font-size: 80%;\"><strong>FILTRO DE COMBUSTIBLE, ENROSCABLE.<\/strong><\/span><\/h1>\n<h3><span style=\"font-size: 16.128px; background-color: #91dff2;\"><b>ATRIBUTOS:<\/b><\/span><\/h3>\n<p><strong>DONALDSON P559125<\/strong><\/p>\n<table class=\"table table-striped\" style=\"height: 291px;\" width=\"833\">\n<tbody>\n<tr>\n<td><span style=\"color: #000000;\">Di\u00e1metro exterior<\/span><\/td>\n<td><span style=\"color: #000000;\">108 MM (4.25 Pulgadas)<\/span><\/td>\n<\/tr>\n<tr>\n<td><span style=\"color: #000000;\">Tama\u00f1o de la rosca<\/span><\/td>\n<td><span style=\"color: #000000;\">1-14 UN<\/span><\/td>\n<\/tr>\n<tr>\n<td><span style=\"color: #000000;\">Longitud<\/span><\/td>\n<td><span style=\"color: #000000;\">147 MM (5.79 Pulgadas)<\/span><\/td>\n<\/tr>\n<tr>\n<td><span style=\"color: #000000;\">Di\u00e1metro externo de empaque<\/span><\/td>\n<td><span style=\"color: #000000;\">99 MM (3.90 Pulgadas)<\/span><\/td>\n<\/tr>\n<tr>\n<td><span style=\"color: #000000;\">Di\u00e1metro interno de empaque<\/span><\/td>\n<td><span style=\"color: #000000;\">90 MM (3.54 Pulgadas)<\/span><\/td>\n<\/tr>\n<tr>\n<td><span style=\"color: #000000;\">Eficiencia 99%<\/span><\/td>\n<td><span style=\"color: #000000;\">10 MICR\u00d3N<\/span><\/td>\n<\/tr>\n<tr>\n<td><span style=\"color: #000000;\">Prueba de eficiencia est\u00e1ndar<\/span><\/td>\n<td><span style=\"color: #000000;\">SAE J1985<\/span><\/td>\n<\/tr>\n<tr>\n<td><span style=\"color: #000000;\">Estilo<\/span><\/td>\n<td><span style=\"color: #000000;\">Spin-On<\/span><\/td>\n<\/tr>\n<tr>\n<td><span style=\"color: #000000;\">Tipo de medio<\/span><\/td>\n<td><span style=\"color: #000000;\">Composite<\/span><\/td>\n<\/tr>\n<tr>\n<td><span style=\"color: #000000;\">Aplicaci\u00f3n principal<\/span><\/td>\n<td><span style=\"color: #000000;\">CARRIER TRANSICOLD 300109000<\/span><\/td>\n<\/tr>\n<\/tbody>\n<\/table>\n<h3><span style=\"background-color: #91dff2; font-size: 80%;\"><strong>REFERENCIA CRUZADA OEM :<\/strong><\/span><\/h3>\n<table class=\"table applicationPartTablePDP \" style=\"height: 194px;\" width=\"833\">\n<thead>\n<tr>\n<th class=\"col-lg-2 crossReferencemanufactureName\" data-sortcolumn=\"manufactureNameSortableValue\">Nombre del fabricante\u00a0<i class=\"fa fa-chevron-up\"><\/i><\/th>\n<th class=\"col-lg-2 crossReferencemanufacturePartNumber\">N\u00b0 de pieza del fabricante<\/th>\n<\/tr>\n<\/thead>\n<tbody>\n<tr class=\"parentRow greyColor\">\n<td class=\"searchCrossRef\" data-manufacturer=\"Nombre del fabricante\"><span style=\"color: #000000;\">BIG A<\/span><\/td>\n<td class=\"searchCrossRef\" data-manufacturepartnumber=\"N\u00b0 de pieza del fabricante\"><span style=\"color: #000000;\">95404<\/span><\/td>\n<\/tr>\n<tr class=\"parentRows\" data-target=\".ManufacturerName_1\">\n<td class=\"searchCrossRef\" data-manufacturer=\"Nombre del fabricante\"><span style=\"color: #000000;\"><i class=\"fa fa-plus\" data-target=\".ManufacturerName_1\"><\/i>CARRIER TRANSICOLD<\/span><\/td>\n<td class=\"searchCrossRef\" data-manufacturepartnumber=\"N\u00b0 de pieza del fabricante\"><span style=\"color: #000000;\">3001090<\/span><\/td>\n<\/tr>\n<tr class=\"parentRow greyColor\">\n<td class=\"searchCrossRef\" data-manufacturer=\"Nombre del fabricante\"><span style=\"color: #000000;\">LIEBHERR<\/span><\/td>\n<td class=\"searchCrossRef\" data-manufacturepartnumber=\"N\u00b0 de pieza del fabricante\"><span style=\"color: #000000;\">10044303<\/span><\/td>\n<\/tr>\n<tr class=\"parentRow\">\n<td class=\"searchCrossRef\" data-manufacturer=\"Nombre del fabricante\"><span style=\"color: #000000;\">THERMO KING<\/span><\/td>\n<td class=\"searchCrossRef\" data-manufacturepartnumber=\"N\u00b0 de pieza del fabricante\"><span style=\"color: #000000;\">P300109005<\/span><\/td>\n<\/tr>\n<tr class=\"parentRow greyColor\">\n<td class=\"searchCrossRef\" data-manufacturer=\"Nombre del fabricante\"><span style=\"color: #000000;\">VMC<\/span><\/td>\n<td class=\"searchCrossRef\" data-manufacturepartnumber=\"N\u00b0 de pieza del fabricante\"><span style=\"color: #000000;\">FF550455<\/span><\/td>\n<\/tr>\n<tr class=\"parentRow\">\n<td class=\"searchCrossRef\" data-manufacturer=\"Nombre del fabricante\"><span style=\"color: #000000;\">YANMAR<\/span><\/td>\n<td class=\"searchCrossRef\" data-manufacturepartnumber=\"N\u00b0 de pieza del fabricante\"><span style=\"color: #000000;\">11958155160<\/span><\/td>\n<\/tr>\n<\/tbody>\n<\/table>\n<h3><span style=\"background-color: #91dff2; font-size: 80%;\"><strong>EQUIVALENCIAS:<\/strong><\/span><\/h3>\n<table style=\"height: 546px;\" width=\"832\" cellspacing=\"0\">\n<tbody>\n<tr>\n<td align=\"left\" valign=\"bottom\">\n<p class=\"Normal\"><span style=\"color: #000000;\">BALDWIN<\/span><\/p>\n<\/td>\n<td align=\"left\" valign=\"bottom\">\n<p class=\"Normal\"><span style=\"color: #000000;\">BF1224<\/span><\/p>\n<\/td>\n<td align=\"left\" valign=\"bottom\">\n<p class=\"Normal\"><span style=\"color: #000000;\">HENGST<\/span><\/p>\n<\/td>\n<td align=\"left\" valign=\"bottom\">\n<p class=\"Normal\"><span style=\"color: #000000;\">H561WK<\/span><\/p>\n<\/td>\n<\/tr>\n<tr>\n<td align=\"left\" valign=\"bottom\">\n<p class=\"Normal\"><span style=\"color: #000000;\">BIG A<\/span><\/p>\n<\/td>\n<td align=\"left\" valign=\"bottom\">\n<p class=\"Normal\"><span style=\"color: #000000;\">95404<\/span><\/p>\n<\/td>\n<td align=\"left\" valign=\"bottom\">\n<p class=\"Normal\"><span style=\"color: #000000;\">JOHN DEERE<\/span><\/p>\n<\/td>\n<td align=\"left\" valign=\"bottom\">\n<p class=\"Normal\"><span style=\"color: #000000;\">LW10429946<\/span><\/p>\n<\/td>\n<\/tr>\n<tr>\n<td align=\"left\" valign=\"bottom\">\n<p class=\"Normal\"><span style=\"color: #000000;\">CARRIER TRANSICOLD<\/span><\/p>\n<\/td>\n<td align=\"left\" valign=\"bottom\">\n<p class=\"Normal\"><span style=\"color: #000000;\">3001090<\/span><\/p>\n<\/td>\n<td align=\"left\" valign=\"bottom\">\n<p class=\"Normal\"><span style=\"color: #000000;\">LIEBHERR<\/span><\/p>\n<\/td>\n<td align=\"left\" valign=\"bottom\">\n<p class=\"Normal\"><span style=\"color: #000000;\">10044303<\/span><\/p>\n<\/td>\n<\/tr>\n<tr>\n<td align=\"left\" valign=\"bottom\">\n<p class=\"Normal\"><span style=\"color: #000000;\">CARRIER TRANSICOLD<\/span><\/p>\n<\/td>\n<td align=\"left\" valign=\"bottom\">\n<p class=\"Normal\"><span style=\"color: #000000;\">300109000<\/span><\/p>\n<\/td>\n<td align=\"left\" valign=\"bottom\">\n<p class=\"Normal\"><span style=\"color: #000000;\">LIEBHERR<\/span><\/p>\n<\/td>\n<td align=\"left\" valign=\"bottom\">\n<p class=\"Normal\"><span style=\"color: #000000;\">10429946<\/span><\/p>\n<\/td>\n<\/tr>\n<tr>\n<td align=\"left\" valign=\"bottom\">\n<p class=\"Normal\"><span style=\"color: #000000;\">CARRIER TRANSICOLD<\/span><\/p>\n<\/td>\n<td align=\"left\" valign=\"bottom\">\n<p class=\"Normal\"><span style=\"color: #000000;\">300109004<\/span><\/p>\n<\/td>\n<td align=\"left\" valign=\"bottom\">\n<p class=\"Normal\"><span style=\"color: #000000;\">LIEBHERR<\/span><\/p>\n<\/td>\n<td align=\"left\" valign=\"bottom\">\n<p class=\"Normal\"><span style=\"color: #000000;\">12887425<\/span><\/p>\n<\/td>\n<\/tr>\n<tr>\n<td align=\"left\" valign=\"bottom\">\n<p class=\"Normal\"><span style=\"color: #000000;\">CARRIER TRANSICOLD<\/span><\/p>\n<\/td>\n<td align=\"left\" valign=\"bottom\">\n<p class=\"Normal\"><span style=\"color: #000000;\">300109005<\/span><\/p>\n<\/td>\n<td align=\"left\" valign=\"bottom\">\n<p class=\"Normal\"><span style=\"color: #000000;\">THERMO KING<\/span><\/p>\n<\/td>\n<td align=\"left\" valign=\"bottom\">\n<p class=\"Normal\"><span style=\"color: #000000;\">P300109005<\/span><\/p>\n<\/td>\n<\/tr>\n<tr>\n<td align=\"left\" valign=\"bottom\">\n<p class=\"Normal\"><span style=\"color: #000000;\">DONALDSON<\/span><\/p>\n<\/td>\n<td align=\"left\" valign=\"bottom\">\n<p class=\"Normal\"><span style=\"color: #000000;\">P559125<\/span><\/p>\n<\/td>\n<td align=\"left\" valign=\"bottom\">\n<p class=\"Normal\"><span style=\"color: #000000;\">VMC<\/span><\/p>\n<\/td>\n<td align=\"left\" valign=\"bottom\">\n<p class=\"Normal\"><span style=\"color: #000000;\">FF550455<\/span><\/p>\n<\/td>\n<\/tr>\n<tr>\n<td align=\"left\" valign=\"bottom\">\n<p class=\"Normal\"><span style=\"color: #000000;\">DONALDSON<\/span><\/p>\n<\/td>\n<td align=\"left\" valign=\"bottom\">\n<p class=\"Normal\"><span style=\"color: #000000;\">P956054<\/span><\/p>\n<\/td>\n<td align=\"left\" valign=\"bottom\">\n<p class=\"Normal\"><span style=\"color: #000000;\">YANMAR<\/span><\/p>\n<\/td>\n<td align=\"left\" valign=\"bottom\">\n<p class=\"Normal\"><span style=\"color: #000000;\">11958155160<\/span><\/p>\n<\/td>\n<\/tr>\n<tr>\n<td align=\"left\" valign=\"bottom\">\n<p class=\"Normal\"><span style=\"color: #000000;\">FLEETGUARD<\/span><\/p>\n<\/td>\n<td align=\"left\" valign=\"bottom\">\n<p class=\"Normal\"><span style=\"color: #000000;\">FF5856<\/span><\/p>\n<\/td>\n<td align=\"left\" valign=\"bottom\">\n<p class=\"Normal\"><span style=\"color: #000000;\">YANMAR<\/span><\/p>\n<\/td>\n<td align=\"left\" valign=\"bottom\">\n<p class=\"Normal\"><span style=\"color: #000000;\">12065155020<\/span><\/p>\n<\/td>\n<\/tr>\n<tr>\n<td align=\"left\" valign=\"bottom\">\n<p class=\"Normal\"><span style=\"color: #000000;\">FLEETGUARD<\/span><\/p>\n<\/td>\n<td align=\"left\" valign=\"bottom\">\n<p class=\"Normal\"><span style=\"color: #000000;\">FF5301<\/span><\/p>\n<\/td>\n<td align=\"left\" valign=\"bottom\">\n<p class=\"Normal\"><span style=\"color: #000000;\">..<\/span><\/p>\n<\/td>\n<td align=\"left\" valign=\"bottom\">\n<p class=\"Normal\"><span style=\"color: #000000;\">.<\/span><\/p>\n<\/td>\n<\/tr>\n<\/tbody>\n<\/table>\n<hr \/>\n<p><strong><span style=\"color: #000080;\"><a style=\"color: #000080;\" href=\"https:\/\/pldistribucion.com.ar\/web\/wp-content\/uploads\/descarga-1.pdf\" target=\"_blank\" rel=\"noopener\">Ver ficha t\u00e9cnica<\/a><\/span><\/strong><\/p>\n<p><strong><a href=\"https:\/\/pldistribucion.com.ar\/web\/categoria-producto\/filtros\/donaldson\/\" target=\"_blank\" rel=\"noopener\"><span style=\"color: #000080;\">Ver m\u00e1s filtros DONALDSON<\/span><\/a><\/strong><\/p>\n<p><span style=\"color: #000000;\">( En 1915, un joven Frank Donaldson Sr., que en ese entonces era un vendedor de Bull Tractor Company, visit\u00f3 a un cliente cuyo tractor se descompon\u00eda constantemente en su polvoriento campo. Frank fabric\u00f3 artesanalmente un filtro de aire sencillo para proteger el motor e invent\u00f3 el primer filtro de aire eficaz del mundo para un motor de tractor&#8230; )\u00a0<\/span><\/p>\n<p><strong><span style=\"color: #000080;\"><a style=\"color: #000080;\" href=\"https:\/\/www.donaldson.com\/es-mx\/about-us\/who-we-are\/at-a-glance\/\" target=\"_blank\" rel=\"noopener\">Conoce m\u00e1s sobre DONALDSON<\/a><\/span><\/strong><\/p>\n","protected":false},"excerpt":{"rendered":"<p><img loading=\"lazy\" decoding=\"async\" class=\"alignnone wp-image-3979 size-full\" src=\"https:\/\/pldistribucion.com.ar\/web\/wp-content\/uploads\/donaldson-e1652445765153.png\" alt=\"\" width=\"270\" height=\"75\" \/><\/p>\n<h2 style=\"text-align: center;\"><span style=\"font-size: 75%;\"><strong>\u00a0 \u00a0 \u00a0 \u00a0 \u00a0 \u00a0 \u00a0\u00a0\u00a0\u00a0 \u00a0<a rel=\"noopener noreferrer\" href=\"https:\/\/performancelube.mercadoshops.com.ar\/MLA-1136597677-filtro-combustible-donaldson-p559125-ff5301-bf1224-_JM#position=1&#038;search_layout=stack&#038;type=item&#038;tracking_id=4defda77-74c9-4ba1-a3f7-d32a0855206d#position=1&#038;search_layout=stack&#038;type=item&#038;tracking_id=bbc8064c-7b0a-4bdf-bbd3-38c8c93e73bd\" target=\"_blank\" class=\"button primary\"  >\n    <span>VER EN TIENDA<\/span>\n  <\/a>\n<span style=\"color: #69314d;\">\u00a0<\/span><\/strong><strong>\u00a0 \u00a0 \u00a0 \u00a0 \u00a0 \u00a0 \u00a0 \u00a0 \u00a0 \u00a0\u00a0<\/strong><\/span><\/h2>\n<p><span style=\"color: #000000;\">Durante m\u00e1s de 100 a\u00f1os, Donaldson ha estado satisfaciendo las complejas necesidades de filtraci\u00f3n de nuestros clientes. Hoy en d\u00eda, somos uno de los mayores proveedores de tecnolog\u00eda de filtraci\u00f3n exclusiva, filtros y repuestos de alta calidad.<\/span><\/p>\n","protected":false},"featured_media":3980,"comment_status":"open","ping_status":"closed","template":"","meta":[],"product_cat":[19],"product_tag":[],"yoast_head":"<!-- This site is optimized with the Yoast SEO plugin v23.0 - https:\/\/yoast.com\/wordpress\/plugins\/seo\/ -->\n<title>DONALDSON P559125 - Perfomance Lube - Filtros<\/title>\n<meta name=\"description\" content=\"Distribuidor de filtros DONALDSON de diferentes aplicaciones. Env\u00edos a todo el pa\u00eds. Variedad de productos y stock disponible.DONALDSON P559125\" \/>\n<meta name=\"robots\" content=\"index, follow, max-snippet:-1, max-image-preview:large, max-video-preview:-1\" \/>\n<link rel=\"canonical\" href=\"https:\/\/pldistribucion.com.ar\/web\/producto\/donaldson-p559125\/\" \/>\n<meta property=\"og:locale\" content=\"es_ES\" \/>\n<meta property=\"og:type\" content=\"article\" \/>\n<meta property=\"og:title\" content=\"DONALDSON P559125 - Perfomance Lube - Filtros\" \/>\n<meta property=\"og:description\" content=\"Distribuidor de filtros DONALDSON de diferentes aplicaciones. Env\u00edos a todo el pa\u00eds. Variedad de productos y stock disponible.DONALDSON P559125\" \/>\n<meta property=\"og:url\" content=\"https:\/\/pldistribucion.com.ar\/web\/producto\/donaldson-p559125\/\" \/>\n<meta property=\"og:site_name\" content=\"Perfomance Lube\" \/>\n<meta property=\"article:modified_time\" content=\"2022-05-20T14:53:16+00:00\" \/>\n<meta property=\"og:image\" content=\"https:\/\/pldistribucion.com.ar\/web\/wp-content\/uploads\/D1.jpg\" \/>\n\t<meta property=\"og:image:width\" content=\"700\" \/>\n\t<meta property=\"og:image:height\" content=\"700\" \/>\n\t<meta property=\"og:image:type\" content=\"image\/jpeg\" \/>\n<meta name=\"twitter:card\" content=\"summary_large_image\" \/>\n<meta name=\"twitter:label1\" content=\"Tiempo de lectura\" \/>\n\t<meta name=\"twitter:data1\" content=\"1 minuto\" \/>\n<script type=\"application\/ld+json\" class=\"yoast-schema-graph\">{\"@context\":\"https:\/\/schema.org\",\"@graph\":[{\"@type\":\"WebPage\",\"@id\":\"https:\/\/pldistribucion.com.ar\/web\/producto\/donaldson-p559125\/\",\"url\":\"https:\/\/pldistribucion.com.ar\/web\/producto\/donaldson-p559125\/\",\"name\":\"DONALDSON P559125 - Perfomance Lube - Filtros\",\"isPartOf\":{\"@id\":\"https:\/\/pldistribucion.com.ar\/web\/#website\"},\"primaryImageOfPage\":{\"@id\":\"https:\/\/pldistribucion.com.ar\/web\/producto\/donaldson-p559125\/#primaryimage\"},\"image\":{\"@id\":\"https:\/\/pldistribucion.com.ar\/web\/producto\/donaldson-p559125\/#primaryimage\"},\"thumbnailUrl\":\"https:\/\/pldistribucion.com.ar\/web\/wp-content\/uploads\/D1.jpg\",\"datePublished\":\"2022-05-10T12:15:36+00:00\",\"dateModified\":\"2022-05-20T14:53:16+00:00\",\"description\":\"Distribuidor de filtros DONALDSON de diferentes aplicaciones. Env\u00edos a todo el pa\u00eds. Variedad de productos y stock disponible.DONALDSON P559125\",\"breadcrumb\":{\"@id\":\"https:\/\/pldistribucion.com.ar\/web\/producto\/donaldson-p559125\/#breadcrumb\"},\"inLanguage\":\"es\",\"potentialAction\":[{\"@type\":\"ReadAction\",\"target\":[\"https:\/\/pldistribucion.com.ar\/web\/producto\/donaldson-p559125\/\"]}]},{\"@type\":\"ImageObject\",\"inLanguage\":\"es\",\"@id\":\"https:\/\/pldistribucion.com.ar\/web\/producto\/donaldson-p559125\/#primaryimage\",\"url\":\"https:\/\/pldistribucion.com.ar\/web\/wp-content\/uploads\/D1.jpg\",\"contentUrl\":\"https:\/\/pldistribucion.com.ar\/web\/wp-content\/uploads\/D1.jpg\",\"width\":700,\"height\":700,\"caption\":\"DONALDSON P559125\"},{\"@type\":\"BreadcrumbList\",\"@id\":\"https:\/\/pldistribucion.com.ar\/web\/producto\/donaldson-p559125\/#breadcrumb\",\"itemListElement\":[{\"@type\":\"ListItem\",\"position\":1,\"name\":\"Portada\",\"item\":\"https:\/\/pldistribucion.com.ar\/web\/\"},{\"@type\":\"ListItem\",\"position\":2,\"name\":\"Productos\",\"item\":\"https:\/\/pldistribucion.com.ar\/web\/productos\/\"},{\"@type\":\"ListItem\",\"position\":3,\"name\":\"DONALDSON P559125\"}]},{\"@type\":\"WebSite\",\"@id\":\"https:\/\/pldistribucion.com.ar\/web\/#website\",\"url\":\"https:\/\/pldistribucion.com.ar\/web\/\",\"name\":\"Perfomance Lube\",\"description\":\"\",\"publisher\":{\"@id\":\"https:\/\/pldistribucion.com.ar\/web\/#organization\"},\"potentialAction\":[{\"@type\":\"SearchAction\",\"target\":{\"@type\":\"EntryPoint\",\"urlTemplate\":\"https:\/\/pldistribucion.com.ar\/web\/?s={search_term_string}\"},\"query-input\":\"required name=search_term_string\"}],\"inLanguage\":\"es\"},{\"@type\":\"Organization\",\"@id\":\"https:\/\/pldistribucion.com.ar\/web\/#organization\",\"name\":\"PERFORMANCE LUBE\",\"url\":\"https:\/\/pldistribucion.com.ar\/web\/\",\"logo\":{\"@type\":\"ImageObject\",\"inLanguage\":\"es\",\"@id\":\"https:\/\/pldistribucion.com.ar\/web\/#\/schema\/logo\/image\/\",\"url\":\"https:\/\/pldistribucion.com.ar\/web\/wp-content\/uploads\/pld_logo_GB-removebg-preview.png\",\"contentUrl\":\"https:\/\/pldistribucion.com.ar\/web\/wp-content\/uploads\/pld_logo_GB-removebg-preview.png\",\"width\":787,\"height\":317,\"caption\":\"PERFORMANCE LUBE\"},\"image\":{\"@id\":\"https:\/\/pldistribucion.com.ar\/web\/#\/schema\/logo\/image\/\"}}]}<\/script>\n<!-- \/ Yoast SEO plugin. -->","yoast_head_json":{"title":"DONALDSON P559125 - Perfomance Lube - Filtros","description":"Distribuidor de filtros DONALDSON de diferentes aplicaciones. Env\u00edos a todo el pa\u00eds. Variedad de productos y stock disponible.DONALDSON P559125","robots":{"index":"index","follow":"follow","max-snippet":"max-snippet:-1","max-image-preview":"max-image-preview:large","max-video-preview":"max-video-preview:-1"},"canonical":"https:\/\/pldistribucion.com.ar\/web\/producto\/donaldson-p559125\/","og_locale":"es_ES","og_type":"article","og_title":"DONALDSON P559125 - Perfomance Lube - Filtros","og_description":"Distribuidor de filtros DONALDSON de diferentes aplicaciones. Env\u00edos a todo el pa\u00eds. Variedad de productos y stock disponible.DONALDSON P559125","og_url":"https:\/\/pldistribucion.com.ar\/web\/producto\/donaldson-p559125\/","og_site_name":"Perfomance Lube","article_modified_time":"2022-05-20T14:53:16+00:00","og_image":[{"width":700,"height":700,"url":"https:\/\/pldistribucion.com.ar\/web\/wp-content\/uploads\/D1.jpg","type":"image\/jpeg"}],"twitter_card":"summary_large_image","twitter_misc":{"Tiempo de lectura":"1 minuto"},"schema":{"@context":"https:\/\/schema.org","@graph":[{"@type":"WebPage","@id":"https:\/\/pldistribucion.com.ar\/web\/producto\/donaldson-p559125\/","url":"https:\/\/pldistribucion.com.ar\/web\/producto\/donaldson-p559125\/","name":"DONALDSON P559125 - Perfomance Lube - Filtros","isPartOf":{"@id":"https:\/\/pldistribucion.com.ar\/web\/#website"},"primaryImageOfPage":{"@id":"https:\/\/pldistribucion.com.ar\/web\/producto\/donaldson-p559125\/#primaryimage"},"image":{"@id":"https:\/\/pldistribucion.com.ar\/web\/producto\/donaldson-p559125\/#primaryimage"},"thumbnailUrl":"https:\/\/pldistribucion.com.ar\/web\/wp-content\/uploads\/D1.jpg","datePublished":"2022-05-10T12:15:36+00:00","dateModified":"2022-05-20T14:53:16+00:00","description":"Distribuidor de filtros DONALDSON de diferentes aplicaciones. Env\u00edos a todo el pa\u00eds. Variedad de productos y stock disponible.DONALDSON P559125","breadcrumb":{"@id":"https:\/\/pldistribucion.com.ar\/web\/producto\/donaldson-p559125\/#breadcrumb"},"inLanguage":"es","potentialAction":[{"@type":"ReadAction","target":["https:\/\/pldistribucion.com.ar\/web\/producto\/donaldson-p559125\/"]}]},{"@type":"ImageObject","inLanguage":"es","@id":"https:\/\/pldistribucion.com.ar\/web\/producto\/donaldson-p559125\/#primaryimage","url":"https:\/\/pldistribucion.com.ar\/web\/wp-content\/uploads\/D1.jpg","contentUrl":"https:\/\/pldistribucion.com.ar\/web\/wp-content\/uploads\/D1.jpg","width":700,"height":700,"caption":"DONALDSON P559125"},{"@type":"BreadcrumbList","@id":"https:\/\/pldistribucion.com.ar\/web\/producto\/donaldson-p559125\/#breadcrumb","itemListElement":[{"@type":"ListItem","position":1,"name":"Portada","item":"https:\/\/pldistribucion.com.ar\/web\/"},{"@type":"ListItem","position":2,"name":"Productos","item":"https:\/\/pldistribucion.com.ar\/web\/productos\/"},{"@type":"ListItem","position":3,"name":"DONALDSON P559125"}]},{"@type":"WebSite","@id":"https:\/\/pldistribucion.com.ar\/web\/#website","url":"https:\/\/pldistribucion.com.ar\/web\/","name":"Perfomance Lube","description":"","publisher":{"@id":"https:\/\/pldistribucion.com.ar\/web\/#organization"},"potentialAction":[{"@type":"SearchAction","target":{"@type":"EntryPoint","urlTemplate":"https:\/\/pldistribucion.com.ar\/web\/?s={search_term_string}"},"query-input":"required name=search_term_string"}],"inLanguage":"es"},{"@type":"Organization","@id":"https:\/\/pldistribucion.com.ar\/web\/#organization","name":"PERFORMANCE LUBE","url":"https:\/\/pldistribucion.com.ar\/web\/","logo":{"@type":"ImageObject","inLanguage":"es","@id":"https:\/\/pldistribucion.com.ar\/web\/#\/schema\/logo\/image\/","url":"https:\/\/pldistribucion.com.ar\/web\/wp-content\/uploads\/pld_logo_GB-removebg-preview.png","contentUrl":"https:\/\/pldistribucion.com.ar\/web\/wp-content\/uploads\/pld_logo_GB-removebg-preview.png","width":787,"height":317,"caption":"PERFORMANCE LUBE"},"image":{"@id":"https:\/\/pldistribucion.com.ar\/web\/#\/schema\/logo\/image\/"}}]}},"_links":{"self":[{"href":"https:\/\/pldistribucion.com.ar\/web\/wp-json\/wp\/v2\/product\/3976"}],"collection":[{"href":"https:\/\/pldistribucion.com.ar\/web\/wp-json\/wp\/v2\/product"}],"about":[{"href":"https:\/\/pldistribucion.com.ar\/web\/wp-json\/wp\/v2\/types\/product"}],"replies":[{"embeddable":true,"href":"https:\/\/pldistribucion.com.ar\/web\/wp-json\/wp\/v2\/comments?post=3976"}],"wp:featuredmedia":[{"embeddable":true,"href":"https:\/\/pldistribucion.com.ar\/web\/wp-json\/wp\/v2\/media\/3980"}],"wp:attachment":[{"href":"https:\/\/pldistribucion.com.ar\/web\/wp-json\/wp\/v2\/media?parent=3976"}],"wp:term":[{"taxonomy":"product_cat","embeddable":true,"href":"https:\/\/pldistribucion.com.ar\/web\/wp-json\/wp\/v2\/product_cat?post=3976"},{"taxonomy":"product_tag","embeddable":true,"href":"https:\/\/pldistribucion.com.ar\/web\/wp-json\/wp\/v2\/product_tag?post=3976"}],"curies":[{"name":"wp","href":"https:\/\/api.w.org\/{rel}","templated":true}]}}