{"id":3929,"date":"2022-05-04T15:16:41","date_gmt":"2022-05-04T15:16:41","guid":{"rendered":"https:\/\/pldistribucion.com.ar\/web\/?post_type=product&#038;p=3929"},"modified":"2022-05-04T15:19:38","modified_gmt":"2022-05-04T15:19:38","slug":"gulf-permafreeze-50-rojo","status":"publish","type":"product","link":"https:\/\/pldistribucion.com.ar\/web\/producto\/gulf-permafreeze-50-rojo\/","title":{"rendered":"GULF PERMAFREEZE 50 ORGANICO ROJO"},"content":{"rendered":"<h1><strong><span style=\"font-size: 80%;\">GULF PERMAFREEZE 50 ORGANICO ROJO<\/span><\/strong><\/h1>\n<h3><span style=\"background-color: #f2d45a; font-size: 80%;\"><strong>DESCRIPCI\u00d3N DEL PRODUCTO<\/strong><\/span><\/h3>\n<p><span style=\"color: #000000;\">GULF PERMAFREEZE 50 ORGANICO ROJO\u00a0es un fluido especialmente dise\u00f1ado para ser empleado en los circuitos de enfriamiento de todo tipo de motores de combusti\u00f3n interna refrigerados por agua utilizados en la industria petrolera.<\/span><\/p>\n<h3><span style=\"background-color: #f2d45a; font-size: 80%;\"><strong>CARACTER\u00cdSTICAS Y BENEFICIOS<\/strong><\/span><\/h3>\n<ul>\n<li><span style=\"color: #000000;\">Posee un bajo punto de congelaci\u00f3n, lo que le permite mantener el funcionamiento normal del sistema, hasta incluso a temperaturas de funcionamiento muy bajas.<\/span><\/li>\n<li><span style=\"color: #000000;\">Es de larga duraci\u00f3n, conserva su composici\u00f3n y propiedades, y se puede utilizar tanto para\u00a0invierno como en verano.<\/span><\/li>\n<li><span style=\"color: #000000;\">No es un \u00e1cido, por lo que no es agresivo con ning\u00fan metal, incluso con los que se ataque, tales como aluminio, cobre y soldadura.<\/span><\/li>\n<li><span style=\"color: #000000;\">La reserva de alcalinidad evita cualquier tendencia a la corrosi\u00f3n, incluso despu\u00e9s de largos per\u00edodos de retenci\u00f3n de l\u00edquidos. en el circulo.<\/span><\/li>\n<li><span style=\"color: #000000;\">Tiene excepcionales propiedades antioxidantes, lo que ayuda a proteger los metales ferrosos, contacto l\u00edquido. <\/span><\/li>\n<li><span style=\"color: #000000;\">Su f\u00f3rmula especial permite reducir la formaci\u00f3n de sarro, que aumenta a\u00fan m\u00e1s sus propiedades anti-espumantes, que eliminan las causas del bajo intercambio de calor, incluso cuando los veh\u00edculos se mueven a gran velocidad.<\/span><\/li>\n<li><span style=\"color: #000000;\">Mantiene las partes de goma del circuito invariable en contacto con el l\u00edquido.<\/span><\/li>\n<\/ul>\n<p><span style=\"color: #000000;\"><em>Especificaciones:\u00a0<\/em><\/span><br \/>\n<span style=\"color: #000000;\">Cumple especificaciones de norma IRAM 41-350 y 41-368, SAE J 1034, GM 1899-M de General Motors, ESE-M 97B18 de Ford.<\/span><br \/>\n<span style=\"color: #000000;\"><em>Aplicaciones:\u00a0<\/em><\/span><br \/>\n<span style=\"color: #000000;\">GULF PERMAFREEZE 50-AR est\u00e1 especialmente desarrollado para ser empleado en todo tipo de motores de<\/span><br \/>\n<span style=\"color: #000000;\">combusti\u00f3n interna de la industria petrolera que trabajan bajo condiciones de temperatura extremas.<\/span><\/p>\n<h1><strong>Presentaciones\u00a0 \u27a2\u00a0<span style=\"color: #800080;\"><a style=\"color: #800080;\" href=\"https:\/\/performancelube.mercadoshops.com.ar\/\" target=\"_blank\" rel=\"noopener\">TIENDA SHOPS<\/a><\/span><\/strong><\/h1>\n<p><strong>\u00a0 \u00a0 \u00a0 \u00a0 \u00a0 \u00a0 \u00a0 \u00a0 \u00a0 \u00a0 \u00a0 \u00a0 \u00a0 \u00a0 \u00a0 \u00a0 \u00a0 \u00a0 \u00a0 \u00a0 \u00a0 \u00a0 \u00a0 \u00a0 \u00a0 (SELECCION\u00c1 PARA REALIZAR TU COMPRA)<\/strong><\/p>\n<hr \/>\n<p class=\"uppercase thin-font lead\"><span style=\"color: #69314d;\"><strong><span style=\"font-size: 100%;\">balde x 20l\u00a0 \u00a0 \u00a0 \u00a0 \u00a0 \u00a0 \u279c\u00a0<a href=\"https:\/\/performancelube.mercadoshops.com.ar\/MLA-836548551-refrigerante-gulf-permafreeze-50-verde-x-20-litros-_JM#position=2&amp;search_layout=stack&amp;type=item&amp;tracking_id=9d7ae0f4-6966-4e0a-8eb3-319848acdfd4\" target=\"_blank\" rel=\"noopener\"><strong style=\"font-size: 14.4px; color: #0000ff;\"><img loading=\"lazy\" decoding=\"async\" class=\"alignnone wp-image-3792 \" src=\"https:\/\/pldistribucion.com.ar\/web\/wp-content\/uploads\/CALIDA-300x123.jpeg\" alt=\"\" width=\"122\" height=\"50\" srcset=\"https:\/\/pldistribucion.com.ar\/web\/wp-content\/uploads\/CALIDA-300x123.jpeg 300w, https:\/\/pldistribucion.com.ar\/web\/wp-content\/uploads\/CALIDA-1024x418.jpeg 1024w, https:\/\/pldistribucion.com.ar\/web\/wp-content\/uploads\/CALIDA-768x314.jpeg 768w, https:\/\/pldistribucion.com.ar\/web\/wp-content\/uploads\/CALIDA-1536x627.jpeg 1536w, https:\/\/pldistribucion.com.ar\/web\/wp-content\/uploads\/CALIDA-2048x836.jpeg 2048w, https:\/\/pldistribucion.com.ar\/web\/wp-content\/uploads\/CALIDA-600x245.jpeg 600w\" sizes=\"(max-width: 122px) 100vw, 122px\" \/><\/strong><\/a> <\/span><\/strong><\/span><\/p>\n<hr \/>\n<p class=\"uppercase thin-font lead\"><span style=\"color: #69314d;\"><strong><span style=\"font-size: 100%;\">tambor x 205l\u00a0 \u00a0 \u00a0 \u00a0\u279c <a href=\"https:\/\/performancelube.mercadoshops.com.ar\/MLA-836560566-refrigerante-gulf-permafreeze-50-verde-x-205-litros-tambor-_JM#position=1&amp;search_layout=stack&amp;type=item&amp;tracking_id=9d7ae0f4-6966-4e0a-8eb3-319848acdfd4\" target=\"_blank\" rel=\"noopener\"><strong style=\"font-size: 14.4px; color: #0000ff;\"><img loading=\"lazy\" decoding=\"async\" class=\"alignnone wp-image-3792 \" src=\"https:\/\/pldistribucion.com.ar\/web\/wp-content\/uploads\/CALIDA-300x123.jpeg\" alt=\"\" width=\"122\" height=\"50\" srcset=\"https:\/\/pldistribucion.com.ar\/web\/wp-content\/uploads\/CALIDA-300x123.jpeg 300w, https:\/\/pldistribucion.com.ar\/web\/wp-content\/uploads\/CALIDA-1024x418.jpeg 1024w, https:\/\/pldistribucion.com.ar\/web\/wp-content\/uploads\/CALIDA-768x314.jpeg 768w, https:\/\/pldistribucion.com.ar\/web\/wp-content\/uploads\/CALIDA-1536x627.jpeg 1536w, https:\/\/pldistribucion.com.ar\/web\/wp-content\/uploads\/CALIDA-2048x836.jpeg 2048w, https:\/\/pldistribucion.com.ar\/web\/wp-content\/uploads\/CALIDA-600x245.jpeg 600w\" sizes=\"(max-width: 122px) 100vw, 122px\" \/><\/strong><\/a><\/span><\/strong><\/span><\/p>\n<hr \/>\n<p><span style=\"color: #000080;\"><strong><a style=\"color: #000080;\" href=\"https:\/\/pldistribucion.com.ar\/web\/wp-content\/uploads\/Permafreeze_50-AR_v2.pdfFICHA-TEC.pdf\" target=\"_blank\" rel=\"noopener\">Ver ficha t\u00e9cnica<\/a><\/strong><\/span><\/p>\n<p><span style=\"color: #000080;\"><strong><a style=\"color: #000080;\" href=\"https:\/\/pldistribucion.com.ar\/web\/categoria-producto\/lubricantes\/?filter_marcas=gulf\">Ver m\u00e1s productos GULF<\/a><\/strong><\/span><\/p>\n<p><span style=\"color: #000000;\">(Gasolineras Gulf es reconocida mundialmente como una de las marcas m\u00e1s importantes que existen con relaci\u00f3n a la comercializaci\u00f3n de combustibles y lubricantes, sobre todo se destaca como una de las pioneras en la industria, ya que entre otras cosas esta es una empresa que al paso de los a\u00f1os se consagra como una de las m\u00e1s destacadas, esto por la innovaci\u00f3n y la m\u00e1s alta calidad utilizada en sus productos y servicios).<\/span><\/p>\n<div class=\"product-desc\">\n<div>\n<div><span style=\"color: #000080;\"><strong><a style=\"color: #000080;\" href=\"https:\/\/www.gulfoillatam.com\/about-us\/\" target=\"_blank\" rel=\"noopener\">Conoce m\u00e1s sobre GULF<\/a><\/strong><\/span><\/div>\n<\/div>\n<\/div>\n","protected":false},"excerpt":{"rendered":"<p><img loading=\"lazy\" decoding=\"async\" class=\"alignnone size-medium wp-image-2445\" src=\"https:\/\/pldistribucion.com.ar\/web\/wp-content\/uploads\/GULF-1-300x276.png\" alt=\"\" width=\"300\" height=\"276\" srcset=\"https:\/\/pldistribucion.com.ar\/web\/wp-content\/uploads\/GULF-1-300x276.png 300w, https:\/\/pldistribucion.com.ar\/web\/wp-content\/uploads\/GULF-1-600x552.png 600w, https:\/\/pldistribucion.com.ar\/web\/wp-content\/uploads\/GULF-1.png 640w\" sizes=\"(max-width: 300px) 100vw, 300px\" \/><\/p>\n<h3><em>PRODUCTOS GULF<\/em><\/h3>\n<p>Empresa internacional dedicada a la comercializaci\u00f3n de combustible y fabricaci\u00f3n y comercializaci\u00f3n de lubricantes de calidad. La historia comienza en 1901 con la perforaci\u00f3n en Sprindletop, Texas, del primer pozo por obra de Anthony Lucas. En 1907 se fund\u00f3 <b>Gulf<\/b>, una Sociedad petrol\u00edfera norteamericana. Desde entonces, han liderado el comercio minorista de combustible extendiendo la actividad a la construcci\u00f3n de nuevas refiner\u00edas, oleoductos y estaciones de combustible desarrollando la m\u00e1s alta tecnolog\u00eda en refino, formulaci\u00f3n y mezclado de lubricantes.<\/p>\n","protected":false},"featured_media":3930,"comment_status":"open","ping_status":"closed","template":"","meta":[],"product_cat":[16,34],"product_tag":[],"yoast_head":"<!-- This site is optimized with the Yoast SEO plugin v23.0 - https:\/\/yoast.com\/wordpress\/plugins\/seo\/ -->\n<title>GULF PERMAFREEZE 50 ORGANICO ROJO - Perfomance Lube -Aceites<\/title>\n<meta name=\"description\" content=\"Distribuidor de lubricantes GULF de diferentes aplicaciones. Env\u00edos a todo el pa\u00eds. Variedad de productos y stock disponible.\" \/>\n<meta name=\"robots\" content=\"index, follow, max-snippet:-1, max-image-preview:large, max-video-preview:-1\" \/>\n<link rel=\"canonical\" href=\"https:\/\/pldistribucion.com.ar\/web\/producto\/gulf-permafreeze-50-rojo\/\" \/>\n<meta property=\"og:locale\" content=\"es_ES\" \/>\n<meta property=\"og:type\" content=\"article\" \/>\n<meta property=\"og:title\" content=\"GULF PERMAFREEZE 50 ORGANICO ROJO - Perfomance Lube -Aceites\" \/>\n<meta property=\"og:description\" content=\"Distribuidor de lubricantes GULF de diferentes aplicaciones. Env\u00edos a todo el pa\u00eds. Variedad de productos y stock disponible.\" \/>\n<meta property=\"og:url\" content=\"https:\/\/pldistribucion.com.ar\/web\/producto\/gulf-permafreeze-50-rojo\/\" \/>\n<meta property=\"og:site_name\" content=\"Perfomance Lube\" \/>\n<meta property=\"article:modified_time\" content=\"2022-05-04T15:19:38+00:00\" \/>\n<meta property=\"og:image\" content=\"https:\/\/pldistribucion.com.ar\/web\/wp-content\/uploads\/Sin-titulo-4.png\" \/>\n\t<meta property=\"og:image:width\" content=\"658\" \/>\n\t<meta property=\"og:image:height\" content=\"503\" \/>\n\t<meta property=\"og:image:type\" content=\"image\/png\" \/>\n<meta name=\"twitter:card\" content=\"summary_large_image\" \/>\n<meta name=\"twitter:label1\" content=\"Tiempo de lectura\" \/>\n\t<meta name=\"twitter:data1\" content=\"2 minutos\" \/>\n<script type=\"application\/ld+json\" class=\"yoast-schema-graph\">{\"@context\":\"https:\/\/schema.org\",\"@graph\":[{\"@type\":\"WebPage\",\"@id\":\"https:\/\/pldistribucion.com.ar\/web\/producto\/gulf-permafreeze-50-rojo\/\",\"url\":\"https:\/\/pldistribucion.com.ar\/web\/producto\/gulf-permafreeze-50-rojo\/\",\"name\":\"GULF PERMAFREEZE 50 ORGANICO ROJO - Perfomance Lube -Aceites\",\"isPartOf\":{\"@id\":\"https:\/\/pldistribucion.com.ar\/web\/#website\"},\"primaryImageOfPage\":{\"@id\":\"https:\/\/pldistribucion.com.ar\/web\/producto\/gulf-permafreeze-50-rojo\/#primaryimage\"},\"image\":{\"@id\":\"https:\/\/pldistribucion.com.ar\/web\/producto\/gulf-permafreeze-50-rojo\/#primaryimage\"},\"thumbnailUrl\":\"https:\/\/pldistribucion.com.ar\/web\/wp-content\/uploads\/Sin-titulo-4.png\",\"datePublished\":\"2022-05-04T15:16:41+00:00\",\"dateModified\":\"2022-05-04T15:19:38+00:00\",\"description\":\"Distribuidor de lubricantes GULF de diferentes aplicaciones. Env\u00edos a todo el pa\u00eds. Variedad de productos y stock disponible.\",\"breadcrumb\":{\"@id\":\"https:\/\/pldistribucion.com.ar\/web\/producto\/gulf-permafreeze-50-rojo\/#breadcrumb\"},\"inLanguage\":\"es\",\"potentialAction\":[{\"@type\":\"ReadAction\",\"target\":[\"https:\/\/pldistribucion.com.ar\/web\/producto\/gulf-permafreeze-50-rojo\/\"]}]},{\"@type\":\"ImageObject\",\"inLanguage\":\"es\",\"@id\":\"https:\/\/pldistribucion.com.ar\/web\/producto\/gulf-permafreeze-50-rojo\/#primaryimage\",\"url\":\"https:\/\/pldistribucion.com.ar\/web\/wp-content\/uploads\/Sin-titulo-4.png\",\"contentUrl\":\"https:\/\/pldistribucion.com.ar\/web\/wp-content\/uploads\/Sin-titulo-4.png\",\"width\":658,\"height\":503,\"caption\":\"GULF PERMAFREEZE 50 ROJO\"},{\"@type\":\"BreadcrumbList\",\"@id\":\"https:\/\/pldistribucion.com.ar\/web\/producto\/gulf-permafreeze-50-rojo\/#breadcrumb\",\"itemListElement\":[{\"@type\":\"ListItem\",\"position\":1,\"name\":\"Portada\",\"item\":\"https:\/\/pldistribucion.com.ar\/web\/\"},{\"@type\":\"ListItem\",\"position\":2,\"name\":\"Productos\",\"item\":\"https:\/\/pldistribucion.com.ar\/web\/productos\/\"},{\"@type\":\"ListItem\",\"position\":3,\"name\":\"GULF PERMAFREEZE 50 ORGANICO ROJO\"}]},{\"@type\":\"WebSite\",\"@id\":\"https:\/\/pldistribucion.com.ar\/web\/#website\",\"url\":\"https:\/\/pldistribucion.com.ar\/web\/\",\"name\":\"Perfomance Lube\",\"description\":\"\",\"publisher\":{\"@id\":\"https:\/\/pldistribucion.com.ar\/web\/#organization\"},\"potentialAction\":[{\"@type\":\"SearchAction\",\"target\":{\"@type\":\"EntryPoint\",\"urlTemplate\":\"https:\/\/pldistribucion.com.ar\/web\/?s={search_term_string}\"},\"query-input\":\"required name=search_term_string\"}],\"inLanguage\":\"es\"},{\"@type\":\"Organization\",\"@id\":\"https:\/\/pldistribucion.com.ar\/web\/#organization\",\"name\":\"PERFORMANCE LUBE\",\"url\":\"https:\/\/pldistribucion.com.ar\/web\/\",\"logo\":{\"@type\":\"ImageObject\",\"inLanguage\":\"es\",\"@id\":\"https:\/\/pldistribucion.com.ar\/web\/#\/schema\/logo\/image\/\",\"url\":\"https:\/\/pldistribucion.com.ar\/web\/wp-content\/uploads\/pld_logo_GB-removebg-preview.png\",\"contentUrl\":\"https:\/\/pldistribucion.com.ar\/web\/wp-content\/uploads\/pld_logo_GB-removebg-preview.png\",\"width\":787,\"height\":317,\"caption\":\"PERFORMANCE LUBE\"},\"image\":{\"@id\":\"https:\/\/pldistribucion.com.ar\/web\/#\/schema\/logo\/image\/\"}}]}<\/script>\n<!-- \/ Yoast SEO plugin. -->","yoast_head_json":{"title":"GULF PERMAFREEZE 50 ORGANICO ROJO - Perfomance Lube -Aceites","description":"Distribuidor de lubricantes GULF de diferentes aplicaciones. Env\u00edos a todo el pa\u00eds. Variedad de productos y stock disponible.","robots":{"index":"index","follow":"follow","max-snippet":"max-snippet:-1","max-image-preview":"max-image-preview:large","max-video-preview":"max-video-preview:-1"},"canonical":"https:\/\/pldistribucion.com.ar\/web\/producto\/gulf-permafreeze-50-rojo\/","og_locale":"es_ES","og_type":"article","og_title":"GULF PERMAFREEZE 50 ORGANICO ROJO - Perfomance Lube -Aceites","og_description":"Distribuidor de lubricantes GULF de diferentes aplicaciones. Env\u00edos a todo el pa\u00eds. Variedad de productos y stock disponible.","og_url":"https:\/\/pldistribucion.com.ar\/web\/producto\/gulf-permafreeze-50-rojo\/","og_site_name":"Perfomance Lube","article_modified_time":"2022-05-04T15:19:38+00:00","og_image":[{"width":658,"height":503,"url":"https:\/\/pldistribucion.com.ar\/web\/wp-content\/uploads\/Sin-titulo-4.png","type":"image\/png"}],"twitter_card":"summary_large_image","twitter_misc":{"Tiempo de lectura":"2 minutos"},"schema":{"@context":"https:\/\/schema.org","@graph":[{"@type":"WebPage","@id":"https:\/\/pldistribucion.com.ar\/web\/producto\/gulf-permafreeze-50-rojo\/","url":"https:\/\/pldistribucion.com.ar\/web\/producto\/gulf-permafreeze-50-rojo\/","name":"GULF PERMAFREEZE 50 ORGANICO ROJO - Perfomance Lube -Aceites","isPartOf":{"@id":"https:\/\/pldistribucion.com.ar\/web\/#website"},"primaryImageOfPage":{"@id":"https:\/\/pldistribucion.com.ar\/web\/producto\/gulf-permafreeze-50-rojo\/#primaryimage"},"image":{"@id":"https:\/\/pldistribucion.com.ar\/web\/producto\/gulf-permafreeze-50-rojo\/#primaryimage"},"thumbnailUrl":"https:\/\/pldistribucion.com.ar\/web\/wp-content\/uploads\/Sin-titulo-4.png","datePublished":"2022-05-04T15:16:41+00:00","dateModified":"2022-05-04T15:19:38+00:00","description":"Distribuidor de lubricantes GULF de diferentes aplicaciones. Env\u00edos a todo el pa\u00eds. Variedad de productos y stock disponible.","breadcrumb":{"@id":"https:\/\/pldistribucion.com.ar\/web\/producto\/gulf-permafreeze-50-rojo\/#breadcrumb"},"inLanguage":"es","potentialAction":[{"@type":"ReadAction","target":["https:\/\/pldistribucion.com.ar\/web\/producto\/gulf-permafreeze-50-rojo\/"]}]},{"@type":"ImageObject","inLanguage":"es","@id":"https:\/\/pldistribucion.com.ar\/web\/producto\/gulf-permafreeze-50-rojo\/#primaryimage","url":"https:\/\/pldistribucion.com.ar\/web\/wp-content\/uploads\/Sin-titulo-4.png","contentUrl":"https:\/\/pldistribucion.com.ar\/web\/wp-content\/uploads\/Sin-titulo-4.png","width":658,"height":503,"caption":"GULF PERMAFREEZE 50 ROJO"},{"@type":"BreadcrumbList","@id":"https:\/\/pldistribucion.com.ar\/web\/producto\/gulf-permafreeze-50-rojo\/#breadcrumb","itemListElement":[{"@type":"ListItem","position":1,"name":"Portada","item":"https:\/\/pldistribucion.com.ar\/web\/"},{"@type":"ListItem","position":2,"name":"Productos","item":"https:\/\/pldistribucion.com.ar\/web\/productos\/"},{"@type":"ListItem","position":3,"name":"GULF PERMAFREEZE 50 ORGANICO ROJO"}]},{"@type":"WebSite","@id":"https:\/\/pldistribucion.com.ar\/web\/#website","url":"https:\/\/pldistribucion.com.ar\/web\/","name":"Perfomance Lube","description":"","publisher":{"@id":"https:\/\/pldistribucion.com.ar\/web\/#organization"},"potentialAction":[{"@type":"SearchAction","target":{"@type":"EntryPoint","urlTemplate":"https:\/\/pldistribucion.com.ar\/web\/?s={search_term_string}"},"query-input":"required name=search_term_string"}],"inLanguage":"es"},{"@type":"Organization","@id":"https:\/\/pldistribucion.com.ar\/web\/#organization","name":"PERFORMANCE LUBE","url":"https:\/\/pldistribucion.com.ar\/web\/","logo":{"@type":"ImageObject","inLanguage":"es","@id":"https:\/\/pldistribucion.com.ar\/web\/#\/schema\/logo\/image\/","url":"https:\/\/pldistribucion.com.ar\/web\/wp-content\/uploads\/pld_logo_GB-removebg-preview.png","contentUrl":"https:\/\/pldistribucion.com.ar\/web\/wp-content\/uploads\/pld_logo_GB-removebg-preview.png","width":787,"height":317,"caption":"PERFORMANCE LUBE"},"image":{"@id":"https:\/\/pldistribucion.com.ar\/web\/#\/schema\/logo\/image\/"}}]}},"_links":{"self":[{"href":"https:\/\/pldistribucion.com.ar\/web\/wp-json\/wp\/v2\/product\/3929"}],"collection":[{"href":"https:\/\/pldistribucion.com.ar\/web\/wp-json\/wp\/v2\/product"}],"about":[{"href":"https:\/\/pldistribucion.com.ar\/web\/wp-json\/wp\/v2\/types\/product"}],"replies":[{"embeddable":true,"href":"https:\/\/pldistribucion.com.ar\/web\/wp-json\/wp\/v2\/comments?post=3929"}],"wp:featuredmedia":[{"embeddable":true,"href":"https:\/\/pldistribucion.com.ar\/web\/wp-json\/wp\/v2\/media\/3930"}],"wp:attachment":[{"href":"https:\/\/pldistribucion.com.ar\/web\/wp-json\/wp\/v2\/media?parent=3929"}],"wp:term":[{"taxonomy":"product_cat","embeddable":true,"href":"https:\/\/pldistribucion.com.ar\/web\/wp-json\/wp\/v2\/product_cat?post=3929"},{"taxonomy":"product_tag","embeddable":true,"href":"https:\/\/pldistribucion.com.ar\/web\/wp-json\/wp\/v2\/product_tag?post=3929"}],"curies":[{"name":"wp","href":"https:\/\/api.w.org\/{rel}","templated":true}]}}