{"id":3871,"date":"2022-04-29T16:06:25","date_gmt":"2022-04-29T16:06:25","guid":{"rendered":"https:\/\/pldistribucion.com.ar\/web\/?post_type=product&#038;p=3871"},"modified":"2022-06-30T11:33:57","modified_gmt":"2022-06-30T11:33:57","slug":"ypf-celtis-tr-95","status":"publish","type":"product","link":"https:\/\/pldistribucion.com.ar\/web\/producto\/ypf-celtis-tr-95\/","title":{"rendered":"YPF CELTIS TR 95"},"content":{"rendered":"<h1><span style=\"font-size: 75%;\"><strong><em>YPF CELTIS TR 95<\/em>\/ <span style=\"color: #000080;\"><a style=\"color: #000080;\" href=\"https:\/\/pldistribucion.com.ar\/web\/wp-content\/uploads\/CELTIS-TR-81.pdf\" target=\"_blank\" rel=\"noopener\">Ver ficha t\u00e9cnica<\/a><\/span><\/strong><\/span><\/h1>\n<h3><span style=\"font-size: 80%; background-color: #99ccff;\"><strong>DESCRIPCI\u00d3N DEL PRODUCTO<\/strong><\/span><\/h3>\n<p><span style=\"color: #000000;\">YPF CELTIS TR 95 genera emulsiones con un aspecto trasl\u00facido que es t\u00edpico de los solubles semisint\u00e9ticos.<\/span><\/p>\n<p><span style=\"color: #000000;\"> En su composici\u00f3n, ninguno de los productos de esta l\u00ednea, Celtis TR 81 y Celtis TR 95, contiene aceite mineral, lo cual les confiere ventajas frente a otros aceites del tipo semisint\u00e9ticos, es decir, mayor capacidad refrigerante y mayor estabilidad tanto f\u00edsico-qu\u00edmica como microbiol\u00f3gica. Asimismo, ambos productos se caracterizan por el alto poder anticorrosivo de sus emulsiones. Es conveniente que las m\u00e1quinas que utilicen estos productos posean revestimientos epoxi o equivalentes, pudiendo no ser adecuadas aquellas pinturas no resistentes a los agentes qu\u00edmicos.<\/span><\/p>\n<h3><span style=\"font-size: 80%; background-color: #99ccff;\"><strong>PROPIEDADES Y BENEFICIOS<\/strong><\/span><\/h3>\n<ul>\n<li><span style=\"color: #000000;\">Facil diluci\u00f3n en agua, aun duras.<\/span><\/li>\n<li><span style=\"color: #000000;\">Emulsiones muy estables.<\/span><\/li>\n<li><span style=\"color: #000000;\">Alta bioestabilidad<\/span><\/li>\n<li><span style=\"color: #000000;\">Alta protecci\u00f3n a la corrosi\u00f3n.<\/span><\/li>\n<li><span style=\"color: #000000;\">Mayor durabilidad que evita la disposicion frecuente de las emulsiones como efluentes industriales, disminuyendo asi el impacto sobreel medio ambiente.<\/span><\/li>\n<li><span style=\"color: #000000;\">Permite \u00f3ptimos acabados superficiales y mejor rendimiento de las herramientas.<\/span><\/li>\n<\/ul>\n<h3><span style=\"font-size: 80%; background-color: #99ccff;\"><strong>APLICACIONES<\/strong><\/span><\/h3>\n<p><span style=\"color: #000000;\">Pueden ser utilizados en maquinas herramientas provistas de tanque individual o sistemas centralizados con o sin filtrado.<\/span><\/p>\n<p><span style=\"color: #000000;\">De todos modos se recomienda el proceso de filtraci\u00f3n como herramienta imprecindible para el mantenimiento de la emulsion libre de micro virutas y otros contaminante s\u00f3lidos.<\/span><\/p>\n<hr \/>\n<p><strong><span style=\"color: #000080;\"><a style=\"color: #000080;\" href=\"https:\/\/pldistribucion.com.ar\/web\/productos\/?filter_marcas=ypf\">Ver m\u00e1s productos YPF<\/a><\/span><\/strong><\/p>\n<p><span style=\"color: #000000;\">( YPF es la mayor empresa de Argentina y la quinta petrolera m\u00e1s grande de la regi\u00f3n, <sup id=\"cite_ref-5\" class=\"reference separada\"><\/sup>empleando directa o indirectamente a m\u00e1s de 72.000 personas de todo el pa\u00eds. En la lista Forbes Global 2000 de 2020, YPF fue clasificada como la 1360a empresa m\u00e1s grande del mundo. Adem\u00e1s posee noventa y dos bloques productivos distribuidos en cuencas de todo el territorio argentino y cuarenta y ocho bloques exploratorios&#8230;)<\/span><\/p>\n<p><span style=\"color: #000080;\"><strong><a style=\"color: #000080;\" href=\"https:\/\/www.ypf.com\/YPFHoy\/YPFSalaPrensa\/Paginas\/Noticias\/90-a%C3%B1os.aspx\" target=\"_blank\" rel=\"noopener\">Conoce m\u00e1s sobre YPF<\/a><\/strong><\/span><\/p>\n","protected":false},"excerpt":{"rendered":"<p><img loading=\"lazy\" decoding=\"async\" class=\"alignnone  wp-image-864\" src=\"https:\/\/pldistribucion.com.ar\/web\/wp-content\/uploads\/1024px-Logo_de_YPF.svg-300x118.png\" alt=\"\" width=\"219\" height=\"86\" srcset=\"https:\/\/pldistribucion.com.ar\/web\/wp-content\/uploads\/1024px-Logo_de_YPF.svg-300x118.png 300w, https:\/\/pldistribucion.com.ar\/web\/wp-content\/uploads\/1024px-Logo_de_YPF.svg-768x302.png 768w, https:\/\/pldistribucion.com.ar\/web\/wp-content\/uploads\/1024px-Logo_de_YPF.svg.png 1024w, https:\/\/pldistribucion.com.ar\/web\/wp-content\/uploads\/1024px-Logo_de_YPF.svg-600x236.png 600w\" sizes=\"(max-width: 219px) 100vw, 219px\" \/><\/p>\n<p><strong>BALDE X 20L\u00a0<\/strong><strong> \u27a2<\/strong><\/p>\n<h2 style=\"text-align: left;\"><span style=\"font-size: 75%;\"><strong><a rel=\"noopener noreferrer\" href=\"https:\/\/performancelube.mercadoshops.com.ar\/MLA-617808431-aceite-soluble-ypf-celtis-tr-95-balde-x20l-_JM#position=37&#038;search_layout=stack&#038;type=item&#038;tracking_id=3bafc80b-ab81-4b02-923c-a00cadd2e1d7#position=1&#038;search_layout=stack&#038;type=item&#038;tracking_id=bbc8064c-7b0a-4bdf-bbd3-38c8c93e73bd\" target=\"_blank\" class=\"button primary\"  >\n    <span>VER EN TIENDA ?<\/span>\n  <\/a>\n<span style=\"color: #69314d;\">\u00a0<\/span><\/strong><strong>\u00a0<\/strong><\/span><\/h2>\n<p>YPF\u200b\u200b es una empresa argentina\u200b de energ\u00eda dedicada a la exploraci\u00f3n, explotaci\u00f3n, destilaci\u00f3n, distribuci\u00f3n y producci\u00f3n de energ\u00eda el\u00e9ctrica, gas, petr\u00f3leo y derivados de los hidrocarburos y venta de combustibles, lubricantes, fertilizantes, pl\u00e1sticos y otros productos relacionados con la industria. Por otro lado es el mayor productor de bases lubricantes en la Argentina.<\/p>\n","protected":false},"featured_media":3826,"comment_status":"open","ping_status":"closed","template":"","meta":[],"product_cat":[16],"product_tag":[],"yoast_head":"<!-- This site is optimized with the Yoast SEO plugin v23.0 - https:\/\/yoast.com\/wordpress\/plugins\/seo\/ -->\n<title>YPF CELTIS TR 95 - Perfomance Lube -Lubricantes<\/title>\n<meta name=\"description\" content=\"Distribuidor de lubricantes YPF, l\u00ednea ELAION de diferentes aplicaciones. Env\u00edos a todo el pa\u00eds. Variedad de productos y stock disponible.\" \/>\n<meta name=\"robots\" content=\"index, follow, max-snippet:-1, max-image-preview:large, max-video-preview:-1\" \/>\n<link rel=\"canonical\" href=\"https:\/\/pldistribucion.com.ar\/web\/producto\/ypf-celtis-tr-95\/\" \/>\n<meta property=\"og:locale\" content=\"es_ES\" \/>\n<meta property=\"og:type\" content=\"article\" \/>\n<meta property=\"og:title\" content=\"YPF CELTIS TR 95 - Perfomance Lube -Lubricantes\" \/>\n<meta property=\"og:description\" content=\"Distribuidor de lubricantes YPF, l\u00ednea ELAION de diferentes aplicaciones. Env\u00edos a todo el pa\u00eds. Variedad de productos y stock disponible.\" \/>\n<meta property=\"og:url\" content=\"https:\/\/pldistribucion.com.ar\/web\/producto\/ypf-celtis-tr-95\/\" \/>\n<meta property=\"og:site_name\" content=\"Perfomance Lube\" \/>\n<meta property=\"article:modified_time\" content=\"2022-06-30T11:33:57+00:00\" \/>\n<meta property=\"og:image\" content=\"https:\/\/pldistribucion.com.ar\/web\/wp-content\/uploads\/foto2-7.jpg\" \/>\n\t<meta property=\"og:image:width\" content=\"2560\" \/>\n\t<meta property=\"og:image:height\" content=\"2560\" \/>\n\t<meta property=\"og:image:type\" content=\"image\/jpeg\" \/>\n<meta name=\"twitter:card\" content=\"summary_large_image\" \/>\n<meta name=\"twitter:label1\" content=\"Tiempo de lectura\" \/>\n\t<meta name=\"twitter:data1\" content=\"2 minutos\" \/>\n<script type=\"application\/ld+json\" class=\"yoast-schema-graph\">{\"@context\":\"https:\/\/schema.org\",\"@graph\":[{\"@type\":\"WebPage\",\"@id\":\"https:\/\/pldistribucion.com.ar\/web\/producto\/ypf-celtis-tr-95\/\",\"url\":\"https:\/\/pldistribucion.com.ar\/web\/producto\/ypf-celtis-tr-95\/\",\"name\":\"YPF CELTIS TR 95 - Perfomance Lube -Lubricantes\",\"isPartOf\":{\"@id\":\"https:\/\/pldistribucion.com.ar\/web\/#website\"},\"primaryImageOfPage\":{\"@id\":\"https:\/\/pldistribucion.com.ar\/web\/producto\/ypf-celtis-tr-95\/#primaryimage\"},\"image\":{\"@id\":\"https:\/\/pldistribucion.com.ar\/web\/producto\/ypf-celtis-tr-95\/#primaryimage\"},\"thumbnailUrl\":\"https:\/\/pldistribucion.com.ar\/web\/wp-content\/uploads\/foto2-7.jpg\",\"datePublished\":\"2022-04-29T16:06:25+00:00\",\"dateModified\":\"2022-06-30T11:33:57+00:00\",\"description\":\"Distribuidor de lubricantes YPF, l\u00ednea ELAION de diferentes aplicaciones. Env\u00edos a todo el pa\u00eds. Variedad de productos y stock disponible.\",\"breadcrumb\":{\"@id\":\"https:\/\/pldistribucion.com.ar\/web\/producto\/ypf-celtis-tr-95\/#breadcrumb\"},\"inLanguage\":\"es\",\"potentialAction\":[{\"@type\":\"ReadAction\",\"target\":[\"https:\/\/pldistribucion.com.ar\/web\/producto\/ypf-celtis-tr-95\/\"]}]},{\"@type\":\"ImageObject\",\"inLanguage\":\"es\",\"@id\":\"https:\/\/pldistribucion.com.ar\/web\/producto\/ypf-celtis-tr-95\/#primaryimage\",\"url\":\"https:\/\/pldistribucion.com.ar\/web\/wp-content\/uploads\/foto2-7.jpg\",\"contentUrl\":\"https:\/\/pldistribucion.com.ar\/web\/wp-content\/uploads\/foto2-7.jpg\",\"width\":2560,\"height\":2560,\"caption\":\"YPF KRATOS IP 01\/ IP 04\/ S38\/ S21\/ MF\"},{\"@type\":\"BreadcrumbList\",\"@id\":\"https:\/\/pldistribucion.com.ar\/web\/producto\/ypf-celtis-tr-95\/#breadcrumb\",\"itemListElement\":[{\"@type\":\"ListItem\",\"position\":1,\"name\":\"Portada\",\"item\":\"https:\/\/pldistribucion.com.ar\/web\/\"},{\"@type\":\"ListItem\",\"position\":2,\"name\":\"Productos\",\"item\":\"https:\/\/pldistribucion.com.ar\/web\/productos\/\"},{\"@type\":\"ListItem\",\"position\":3,\"name\":\"YPF CELTIS TR 95\"}]},{\"@type\":\"WebSite\",\"@id\":\"https:\/\/pldistribucion.com.ar\/web\/#website\",\"url\":\"https:\/\/pldistribucion.com.ar\/web\/\",\"name\":\"Perfomance Lube\",\"description\":\"\",\"publisher\":{\"@id\":\"https:\/\/pldistribucion.com.ar\/web\/#organization\"},\"potentialAction\":[{\"@type\":\"SearchAction\",\"target\":{\"@type\":\"EntryPoint\",\"urlTemplate\":\"https:\/\/pldistribucion.com.ar\/web\/?s={search_term_string}\"},\"query-input\":\"required name=search_term_string\"}],\"inLanguage\":\"es\"},{\"@type\":\"Organization\",\"@id\":\"https:\/\/pldistribucion.com.ar\/web\/#organization\",\"name\":\"PERFORMANCE LUBE\",\"url\":\"https:\/\/pldistribucion.com.ar\/web\/\",\"logo\":{\"@type\":\"ImageObject\",\"inLanguage\":\"es\",\"@id\":\"https:\/\/pldistribucion.com.ar\/web\/#\/schema\/logo\/image\/\",\"url\":\"https:\/\/pldistribucion.com.ar\/web\/wp-content\/uploads\/pld_logo_GB-removebg-preview.png\",\"contentUrl\":\"https:\/\/pldistribucion.com.ar\/web\/wp-content\/uploads\/pld_logo_GB-removebg-preview.png\",\"width\":787,\"height\":317,\"caption\":\"PERFORMANCE LUBE\"},\"image\":{\"@id\":\"https:\/\/pldistribucion.com.ar\/web\/#\/schema\/logo\/image\/\"}}]}<\/script>\n<!-- \/ Yoast SEO plugin. -->","yoast_head_json":{"title":"YPF CELTIS TR 95 - Perfomance Lube -Lubricantes","description":"Distribuidor de lubricantes YPF, l\u00ednea ELAION de diferentes aplicaciones. Env\u00edos a todo el pa\u00eds. Variedad de productos y stock disponible.","robots":{"index":"index","follow":"follow","max-snippet":"max-snippet:-1","max-image-preview":"max-image-preview:large","max-video-preview":"max-video-preview:-1"},"canonical":"https:\/\/pldistribucion.com.ar\/web\/producto\/ypf-celtis-tr-95\/","og_locale":"es_ES","og_type":"article","og_title":"YPF CELTIS TR 95 - Perfomance Lube -Lubricantes","og_description":"Distribuidor de lubricantes YPF, l\u00ednea ELAION de diferentes aplicaciones. Env\u00edos a todo el pa\u00eds. Variedad de productos y stock disponible.","og_url":"https:\/\/pldistribucion.com.ar\/web\/producto\/ypf-celtis-tr-95\/","og_site_name":"Perfomance Lube","article_modified_time":"2022-06-30T11:33:57+00:00","og_image":[{"width":2560,"height":2560,"url":"https:\/\/pldistribucion.com.ar\/web\/wp-content\/uploads\/foto2-7.jpg","type":"image\/jpeg"}],"twitter_card":"summary_large_image","twitter_misc":{"Tiempo de lectura":"2 minutos"},"schema":{"@context":"https:\/\/schema.org","@graph":[{"@type":"WebPage","@id":"https:\/\/pldistribucion.com.ar\/web\/producto\/ypf-celtis-tr-95\/","url":"https:\/\/pldistribucion.com.ar\/web\/producto\/ypf-celtis-tr-95\/","name":"YPF CELTIS TR 95 - Perfomance Lube -Lubricantes","isPartOf":{"@id":"https:\/\/pldistribucion.com.ar\/web\/#website"},"primaryImageOfPage":{"@id":"https:\/\/pldistribucion.com.ar\/web\/producto\/ypf-celtis-tr-95\/#primaryimage"},"image":{"@id":"https:\/\/pldistribucion.com.ar\/web\/producto\/ypf-celtis-tr-95\/#primaryimage"},"thumbnailUrl":"https:\/\/pldistribucion.com.ar\/web\/wp-content\/uploads\/foto2-7.jpg","datePublished":"2022-04-29T16:06:25+00:00","dateModified":"2022-06-30T11:33:57+00:00","description":"Distribuidor de lubricantes YPF, l\u00ednea ELAION de diferentes aplicaciones. Env\u00edos a todo el pa\u00eds. Variedad de productos y stock disponible.","breadcrumb":{"@id":"https:\/\/pldistribucion.com.ar\/web\/producto\/ypf-celtis-tr-95\/#breadcrumb"},"inLanguage":"es","potentialAction":[{"@type":"ReadAction","target":["https:\/\/pldistribucion.com.ar\/web\/producto\/ypf-celtis-tr-95\/"]}]},{"@type":"ImageObject","inLanguage":"es","@id":"https:\/\/pldistribucion.com.ar\/web\/producto\/ypf-celtis-tr-95\/#primaryimage","url":"https:\/\/pldistribucion.com.ar\/web\/wp-content\/uploads\/foto2-7.jpg","contentUrl":"https:\/\/pldistribucion.com.ar\/web\/wp-content\/uploads\/foto2-7.jpg","width":2560,"height":2560,"caption":"YPF KRATOS IP 01\/ IP 04\/ S38\/ S21\/ MF"},{"@type":"BreadcrumbList","@id":"https:\/\/pldistribucion.com.ar\/web\/producto\/ypf-celtis-tr-95\/#breadcrumb","itemListElement":[{"@type":"ListItem","position":1,"name":"Portada","item":"https:\/\/pldistribucion.com.ar\/web\/"},{"@type":"ListItem","position":2,"name":"Productos","item":"https:\/\/pldistribucion.com.ar\/web\/productos\/"},{"@type":"ListItem","position":3,"name":"YPF CELTIS TR 95"}]},{"@type":"WebSite","@id":"https:\/\/pldistribucion.com.ar\/web\/#website","url":"https:\/\/pldistribucion.com.ar\/web\/","name":"Perfomance Lube","description":"","publisher":{"@id":"https:\/\/pldistribucion.com.ar\/web\/#organization"},"potentialAction":[{"@type":"SearchAction","target":{"@type":"EntryPoint","urlTemplate":"https:\/\/pldistribucion.com.ar\/web\/?s={search_term_string}"},"query-input":"required name=search_term_string"}],"inLanguage":"es"},{"@type":"Organization","@id":"https:\/\/pldistribucion.com.ar\/web\/#organization","name":"PERFORMANCE LUBE","url":"https:\/\/pldistribucion.com.ar\/web\/","logo":{"@type":"ImageObject","inLanguage":"es","@id":"https:\/\/pldistribucion.com.ar\/web\/#\/schema\/logo\/image\/","url":"https:\/\/pldistribucion.com.ar\/web\/wp-content\/uploads\/pld_logo_GB-removebg-preview.png","contentUrl":"https:\/\/pldistribucion.com.ar\/web\/wp-content\/uploads\/pld_logo_GB-removebg-preview.png","width":787,"height":317,"caption":"PERFORMANCE LUBE"},"image":{"@id":"https:\/\/pldistribucion.com.ar\/web\/#\/schema\/logo\/image\/"}}]}},"_links":{"self":[{"href":"https:\/\/pldistribucion.com.ar\/web\/wp-json\/wp\/v2\/product\/3871"}],"collection":[{"href":"https:\/\/pldistribucion.com.ar\/web\/wp-json\/wp\/v2\/product"}],"about":[{"href":"https:\/\/pldistribucion.com.ar\/web\/wp-json\/wp\/v2\/types\/product"}],"replies":[{"embeddable":true,"href":"https:\/\/pldistribucion.com.ar\/web\/wp-json\/wp\/v2\/comments?post=3871"}],"wp:featuredmedia":[{"embeddable":true,"href":"https:\/\/pldistribucion.com.ar\/web\/wp-json\/wp\/v2\/media\/3826"}],"wp:attachment":[{"href":"https:\/\/pldistribucion.com.ar\/web\/wp-json\/wp\/v2\/media?parent=3871"}],"wp:term":[{"taxonomy":"product_cat","embeddable":true,"href":"https:\/\/pldistribucion.com.ar\/web\/wp-json\/wp\/v2\/product_cat?post=3871"},{"taxonomy":"product_tag","embeddable":true,"href":"https:\/\/pldistribucion.com.ar\/web\/wp-json\/wp\/v2\/product_tag?post=3871"}],"curies":[{"name":"wp","href":"https:\/\/api.w.org\/{rel}","templated":true}]}}