{"id":3503,"date":"2022-03-18T14:37:18","date_gmt":"2022-03-18T14:37:18","guid":{"rendered":"https:\/\/pldistribucion.com.ar\/web\/?post_type=product&#038;p=3503"},"modified":"2022-03-18T14:39:43","modified_gmt":"2022-03-18T14:39:43","slug":"skf-lmcg-1","status":"publish","type":"product","link":"https:\/\/pldistribucion.com.ar\/web\/producto\/skf-lmcg-1\/","title":{"rendered":"SKF LMCG 1"},"content":{"rendered":"<h1><em><strong><span style=\"font-size: 80%;\">SKF LMCG 1 &#8211; Grasa para acoplamientos de muelle y dentados.<\/span><\/strong><\/em><\/h1>\n<h3><span style=\"font-size: 80%;\"><em><span style=\"background-color: #b4e0e0;\"><strong>DESCRIPCI\u00d3N DEL PRODUCTO<\/strong><\/span><\/em><\/span><\/h3>\n<div class=\"description\">\n<div class=\"content text-darker-green-grey\">\n<div id=\"rich-text-div\">\n<p><span style=\"color: #000000;\">SKF LMCG 1\u00a0es una grasa espesa de polietileno con base de aceite mineral que tambi\u00e9n utiliza una tecnolog\u00eda de espesamiento de complejo de litio. La grasa est\u00e1 formulada para soportar grandes fuerzas centr\u00edfugas y las aplicaciones de par alto para acoplamientos (flexibles) de muelle y dentados, incluso donde se producen grandes cargas de choque, desalineaciones y vibraciones.<\/span><\/p>\n<p><span style=\"color: #000000;\"> Se evitan las fugas a velocidades altas, y la grasa es estable en cuanto a su consistencia. Gracias a las formulaciones con aditivos especiales, la grasa es adecuada para aplicaciones sometidas a grandes cargas, par alto, entornos h\u00famedos, una amplia gama de reg\u00edmenes de velocidad y una amplia gama de temperaturas.<\/span><\/p>\n<\/div>\n<\/div>\n<\/div>\n<div class=\"columns\">\n<div class=\"column-one\">\n<div class=\"content text-darker-green-grey\">\n<div id=\"rich-text-div\">\n<h3 style=\"text-align: left;\"><span style=\"font-size: 16.128px; background-color: #b4e0e0;\"><b><i>CARACTER\u00cdSTICAS Y BENEFICIOS<\/i><\/b><\/span><\/h3>\n<ul>\n<li><span style=\"color: #000000;\">Excelente resistencia a la separaci\u00f3n del aceite.<\/span><\/li>\n<li><span style=\"color: #000000;\">Adecuada para una alta aceleraci\u00f3n y altas velocidades de funcionamiento.<\/span><\/li>\n<li><span style=\"color: #000000;\">Excelente lubricaci\u00f3n para par alto.<\/span><\/li>\n<li><span style=\"color: #000000;\">Gran protecci\u00f3n contra la corrosi\u00f3n.<\/span><\/li>\n<li><span style=\"color: #000000;\">Supera los requisitos de AGMA tipo CG-1 y AGMA tipo CG-2.<\/span><\/li>\n<li><span style=\"color: #000000;\">Gran protecci\u00f3n contra el desgaste de los acoplamientos.<\/span><\/li>\n<li><span style=\"color: #000000;\">Excelente estabilidad a la oxidaci\u00f3n.<\/span><\/li>\n<li><span style=\"color: #000000;\">Debido a la baja tendencia a la separaci\u00f3n del aceite, es adecuada para su uso en sistemas de lubricaci\u00f3n centralizada<\/span>.<\/li>\n<\/ul>\n<\/div>\n<\/div>\n<\/div>\n<div class=\"column-two\">\n<div class=\"content text-darker-green-grey\">\n<div id=\"rich-text-div\">\n<h3><span style=\"font-size: 80%;\"><em><span style=\"background-color: #b4e0e0;\"><strong>APLICACIONES<\/strong><\/span><\/em><\/span><\/h3>\n<ul>\n<li>A<span style=\"color: #000000;\">coplamientos de muelle, flexibles de muelle y dentados de alto rendimiento y dentados de larga duraci\u00f3n y con bajos costos de mantenimiento.<\/span><\/li>\n<\/ul>\n<p class=\"small-capital-heading\"><em><span style=\"color: #000000;\">Industrias t\u00edpicas:<\/span><\/em><\/p>\n<ul>\n<li><span style=\"color: #000000;\">Industrias de trabajo pesado (industrias mineras, de procesamiento de minerales, cementeras, sider\u00fargicas, papeleras).<\/span><\/li>\n<li><span style=\"color: #000000;\">Industria naval<\/span><\/li>\n<li><span style=\"color: #000000;\">Maquinaria en general (plantas petroqu\u00edmicas, de generaci\u00f3n de energ\u00eda, etc.)<\/span><\/li>\n<\/ul>\n<p><span style=\"color: #0000ff;\"><strong><a style=\"color: #0000ff;\" href=\"https:\/\/pldistribucion.com.ar\/web\/wp-content\/uploads\/ficha11.pdf\" target=\"_blank\" rel=\"noopener\">Ver ficha t\u00e9cnica \/ <\/a><a style=\"color: #0000ff;\" href=\"https:\/\/pldistribucion.com.ar\/web\/wp-content\/uploads\/a11.pdf\" target=\"_blank\" rel=\"noopener\">Ver hoja de seguridad<\/a><\/strong><\/span><\/p>\n<p><span style=\"color: #0000ff;\"><strong><a style=\"color: #0000ff;\" href=\"https:\/\/pldistribucion.com.ar\/web\/productos\/?filter_marcas=skf\" target=\"_blank\" rel=\"noopener\">Ver m\u00e1s productos SKF<\/a><\/strong><\/span><\/p>\n<p><span style=\"color: #000000;\">(La lubricaci\u00f3n deficiente es la responsable de m\u00e1s del 36% de las fallos prematuras de los rodamientos.En primer lugar\u00a0 hay probar y validar cada lote de producci\u00f3n ya que es la manera de ofrecer lubricantes de excelente calidad en todo el mundo. Las pruebas especializadas de lubricantes y la investigaci\u00f3n continua en el campo de la lubricaci\u00f3n permiten a SKF optimizar a\u00fan m\u00e1s nuestros conocimientos y ayudarlo con la lubricaci\u00f3n adecuada de sus m\u00e1quinas).<\/span><\/p>\n<p><span style=\"color: #0000ff;\"><strong><a style=\"color: #0000ff;\" href=\"https:\/\/kripkit.com\/skf-empresa\/\" target=\"_blank\" rel=\"noopener\">Conoce m\u00e1s sobre SKF<\/a><\/strong><\/span><\/p>\n<\/div>\n<\/div>\n<\/div>\n<\/div>\n","protected":false},"excerpt":{"rendered":"<p><img loading=\"lazy\" decoding=\"async\" class=\"alignnone size-medium wp-image-3406\" src=\"https:\/\/pldistribucion.com.ar\/web\/wp-content\/uploads\/LOGO-300x300.jpg\" alt=\"\" width=\"300\" height=\"300\" srcset=\"https:\/\/pldistribucion.com.ar\/web\/wp-content\/uploads\/LOGO-300x300.jpg 300w, https:\/\/pldistribucion.com.ar\/web\/wp-content\/uploads\/LOGO-150x150.jpg 150w, https:\/\/pldistribucion.com.ar\/web\/wp-content\/uploads\/LOGO-768x768.jpg 768w, https:\/\/pldistribucion.com.ar\/web\/wp-content\/uploads\/LOGO-600x600.jpg 600w, https:\/\/pldistribucion.com.ar\/web\/wp-content\/uploads\/LOGO-100x100.jpg 100w, https:\/\/pldistribucion.com.ar\/web\/wp-content\/uploads\/LOGO.jpg 900w\" sizes=\"(max-width: 300px) 100vw, 300px\" \/><\/p>\n<h1>Lubricantes SKF<\/h1>\n<p>Los lubricantes SKF est\u00e1n dise\u00f1ados para satisfacer sus necesidades y se han sometido a pruebas de rendimiento en aplicaciones reales. Nuestra experiencia con rodamientos, lubricantes y aplicaciones nos ayuda a ofrecer los lubricantes adecuados para sus aplicaciones y mejorar su esquema general de lubricaci\u00f3n.<\/p>\n","protected":false},"featured_media":3506,"comment_status":"open","ping_status":"closed","template":"","meta":[],"product_cat":[16,34],"product_tag":[],"yoast_head":"<!-- This site is optimized with the Yoast SEO plugin v23.0 - https:\/\/yoast.com\/wordpress\/plugins\/seo\/ -->\n<title>SKF LMCG 1 - Perfomance Lube - Lubricantes<\/title>\n<meta name=\"description\" content=\"Distribuidor de lubricantes SKF de diferentes aplicaciones. Env\u00edos a todo el pa\u00eds. Variedad de productos y stock disponible.SKF LMCG 1\" \/>\n<meta name=\"robots\" content=\"index, follow, max-snippet:-1, max-image-preview:large, max-video-preview:-1\" \/>\n<link rel=\"canonical\" href=\"https:\/\/pldistribucion.com.ar\/web\/producto\/skf-lmcg-1\/\" \/>\n<meta property=\"og:locale\" content=\"es_ES\" \/>\n<meta property=\"og:type\" content=\"article\" \/>\n<meta property=\"og:title\" content=\"SKF LMCG 1 - Perfomance Lube - Lubricantes\" \/>\n<meta property=\"og:description\" content=\"Distribuidor de lubricantes SKF de diferentes aplicaciones. Env\u00edos a todo el pa\u00eds. Variedad de productos y stock disponible.SKF LMCG 1\" \/>\n<meta property=\"og:url\" content=\"https:\/\/pldistribucion.com.ar\/web\/producto\/skf-lmcg-1\/\" \/>\n<meta property=\"og:site_name\" content=\"Perfomance Lube\" \/>\n<meta property=\"article:modified_time\" content=\"2022-03-18T14:39:43+00:00\" \/>\n<meta property=\"og:image\" content=\"https:\/\/pldistribucion.com.ar\/web\/wp-content\/uploads\/foto11.png\" \/>\n\t<meta property=\"og:image:width\" content=\"556\" \/>\n\t<meta property=\"og:image:height\" content=\"521\" \/>\n\t<meta property=\"og:image:type\" content=\"image\/png\" \/>\n<meta name=\"twitter:card\" content=\"summary_large_image\" \/>\n<meta name=\"twitter:label1\" content=\"Tiempo de lectura\" \/>\n\t<meta name=\"twitter:data1\" content=\"2 minutos\" \/>\n<script type=\"application\/ld+json\" class=\"yoast-schema-graph\">{\"@context\":\"https:\/\/schema.org\",\"@graph\":[{\"@type\":\"WebPage\",\"@id\":\"https:\/\/pldistribucion.com.ar\/web\/producto\/skf-lmcg-1\/\",\"url\":\"https:\/\/pldistribucion.com.ar\/web\/producto\/skf-lmcg-1\/\",\"name\":\"SKF LMCG 1 - Perfomance Lube - Lubricantes\",\"isPartOf\":{\"@id\":\"https:\/\/pldistribucion.com.ar\/web\/#website\"},\"primaryImageOfPage\":{\"@id\":\"https:\/\/pldistribucion.com.ar\/web\/producto\/skf-lmcg-1\/#primaryimage\"},\"image\":{\"@id\":\"https:\/\/pldistribucion.com.ar\/web\/producto\/skf-lmcg-1\/#primaryimage\"},\"thumbnailUrl\":\"https:\/\/pldistribucion.com.ar\/web\/wp-content\/uploads\/foto11.png\",\"datePublished\":\"2022-03-18T14:37:18+00:00\",\"dateModified\":\"2022-03-18T14:39:43+00:00\",\"description\":\"Distribuidor de lubricantes SKF de diferentes aplicaciones. Env\u00edos a todo el pa\u00eds. Variedad de productos y stock disponible.SKF LMCG 1\",\"breadcrumb\":{\"@id\":\"https:\/\/pldistribucion.com.ar\/web\/producto\/skf-lmcg-1\/#breadcrumb\"},\"inLanguage\":\"es\",\"potentialAction\":[{\"@type\":\"ReadAction\",\"target\":[\"https:\/\/pldistribucion.com.ar\/web\/producto\/skf-lmcg-1\/\"]}]},{\"@type\":\"ImageObject\",\"inLanguage\":\"es\",\"@id\":\"https:\/\/pldistribucion.com.ar\/web\/producto\/skf-lmcg-1\/#primaryimage\",\"url\":\"https:\/\/pldistribucion.com.ar\/web\/wp-content\/uploads\/foto11.png\",\"contentUrl\":\"https:\/\/pldistribucion.com.ar\/web\/wp-content\/uploads\/foto11.png\",\"width\":556,\"height\":521,\"caption\":\"LMCG 1\"},{\"@type\":\"BreadcrumbList\",\"@id\":\"https:\/\/pldistribucion.com.ar\/web\/producto\/skf-lmcg-1\/#breadcrumb\",\"itemListElement\":[{\"@type\":\"ListItem\",\"position\":1,\"name\":\"Portada\",\"item\":\"https:\/\/pldistribucion.com.ar\/web\/\"},{\"@type\":\"ListItem\",\"position\":2,\"name\":\"Productos\",\"item\":\"https:\/\/pldistribucion.com.ar\/web\/productos\/\"},{\"@type\":\"ListItem\",\"position\":3,\"name\":\"SKF LMCG 1\"}]},{\"@type\":\"WebSite\",\"@id\":\"https:\/\/pldistribucion.com.ar\/web\/#website\",\"url\":\"https:\/\/pldistribucion.com.ar\/web\/\",\"name\":\"Perfomance Lube\",\"description\":\"\",\"publisher\":{\"@id\":\"https:\/\/pldistribucion.com.ar\/web\/#organization\"},\"potentialAction\":[{\"@type\":\"SearchAction\",\"target\":{\"@type\":\"EntryPoint\",\"urlTemplate\":\"https:\/\/pldistribucion.com.ar\/web\/?s={search_term_string}\"},\"query-input\":\"required name=search_term_string\"}],\"inLanguage\":\"es\"},{\"@type\":\"Organization\",\"@id\":\"https:\/\/pldistribucion.com.ar\/web\/#organization\",\"name\":\"PERFORMANCE LUBE\",\"url\":\"https:\/\/pldistribucion.com.ar\/web\/\",\"logo\":{\"@type\":\"ImageObject\",\"inLanguage\":\"es\",\"@id\":\"https:\/\/pldistribucion.com.ar\/web\/#\/schema\/logo\/image\/\",\"url\":\"https:\/\/pldistribucion.com.ar\/web\/wp-content\/uploads\/pld_logo_GB-removebg-preview.png\",\"contentUrl\":\"https:\/\/pldistribucion.com.ar\/web\/wp-content\/uploads\/pld_logo_GB-removebg-preview.png\",\"width\":787,\"height\":317,\"caption\":\"PERFORMANCE LUBE\"},\"image\":{\"@id\":\"https:\/\/pldistribucion.com.ar\/web\/#\/schema\/logo\/image\/\"}}]}<\/script>\n<!-- \/ Yoast SEO plugin. -->","yoast_head_json":{"title":"SKF LMCG 1 - Perfomance Lube - Lubricantes","description":"Distribuidor de lubricantes SKF de diferentes aplicaciones. Env\u00edos a todo el pa\u00eds. Variedad de productos y stock disponible.SKF LMCG 1","robots":{"index":"index","follow":"follow","max-snippet":"max-snippet:-1","max-image-preview":"max-image-preview:large","max-video-preview":"max-video-preview:-1"},"canonical":"https:\/\/pldistribucion.com.ar\/web\/producto\/skf-lmcg-1\/","og_locale":"es_ES","og_type":"article","og_title":"SKF LMCG 1 - Perfomance Lube - Lubricantes","og_description":"Distribuidor de lubricantes SKF de diferentes aplicaciones. Env\u00edos a todo el pa\u00eds. Variedad de productos y stock disponible.SKF LMCG 1","og_url":"https:\/\/pldistribucion.com.ar\/web\/producto\/skf-lmcg-1\/","og_site_name":"Perfomance Lube","article_modified_time":"2022-03-18T14:39:43+00:00","og_image":[{"width":556,"height":521,"url":"https:\/\/pldistribucion.com.ar\/web\/wp-content\/uploads\/foto11.png","type":"image\/png"}],"twitter_card":"summary_large_image","twitter_misc":{"Tiempo de lectura":"2 minutos"},"schema":{"@context":"https:\/\/schema.org","@graph":[{"@type":"WebPage","@id":"https:\/\/pldistribucion.com.ar\/web\/producto\/skf-lmcg-1\/","url":"https:\/\/pldistribucion.com.ar\/web\/producto\/skf-lmcg-1\/","name":"SKF LMCG 1 - Perfomance Lube - Lubricantes","isPartOf":{"@id":"https:\/\/pldistribucion.com.ar\/web\/#website"},"primaryImageOfPage":{"@id":"https:\/\/pldistribucion.com.ar\/web\/producto\/skf-lmcg-1\/#primaryimage"},"image":{"@id":"https:\/\/pldistribucion.com.ar\/web\/producto\/skf-lmcg-1\/#primaryimage"},"thumbnailUrl":"https:\/\/pldistribucion.com.ar\/web\/wp-content\/uploads\/foto11.png","datePublished":"2022-03-18T14:37:18+00:00","dateModified":"2022-03-18T14:39:43+00:00","description":"Distribuidor de lubricantes SKF de diferentes aplicaciones. Env\u00edos a todo el pa\u00eds. Variedad de productos y stock disponible.SKF LMCG 1","breadcrumb":{"@id":"https:\/\/pldistribucion.com.ar\/web\/producto\/skf-lmcg-1\/#breadcrumb"},"inLanguage":"es","potentialAction":[{"@type":"ReadAction","target":["https:\/\/pldistribucion.com.ar\/web\/producto\/skf-lmcg-1\/"]}]},{"@type":"ImageObject","inLanguage":"es","@id":"https:\/\/pldistribucion.com.ar\/web\/producto\/skf-lmcg-1\/#primaryimage","url":"https:\/\/pldistribucion.com.ar\/web\/wp-content\/uploads\/foto11.png","contentUrl":"https:\/\/pldistribucion.com.ar\/web\/wp-content\/uploads\/foto11.png","width":556,"height":521,"caption":"LMCG 1"},{"@type":"BreadcrumbList","@id":"https:\/\/pldistribucion.com.ar\/web\/producto\/skf-lmcg-1\/#breadcrumb","itemListElement":[{"@type":"ListItem","position":1,"name":"Portada","item":"https:\/\/pldistribucion.com.ar\/web\/"},{"@type":"ListItem","position":2,"name":"Productos","item":"https:\/\/pldistribucion.com.ar\/web\/productos\/"},{"@type":"ListItem","position":3,"name":"SKF LMCG 1"}]},{"@type":"WebSite","@id":"https:\/\/pldistribucion.com.ar\/web\/#website","url":"https:\/\/pldistribucion.com.ar\/web\/","name":"Perfomance Lube","description":"","publisher":{"@id":"https:\/\/pldistribucion.com.ar\/web\/#organization"},"potentialAction":[{"@type":"SearchAction","target":{"@type":"EntryPoint","urlTemplate":"https:\/\/pldistribucion.com.ar\/web\/?s={search_term_string}"},"query-input":"required name=search_term_string"}],"inLanguage":"es"},{"@type":"Organization","@id":"https:\/\/pldistribucion.com.ar\/web\/#organization","name":"PERFORMANCE LUBE","url":"https:\/\/pldistribucion.com.ar\/web\/","logo":{"@type":"ImageObject","inLanguage":"es","@id":"https:\/\/pldistribucion.com.ar\/web\/#\/schema\/logo\/image\/","url":"https:\/\/pldistribucion.com.ar\/web\/wp-content\/uploads\/pld_logo_GB-removebg-preview.png","contentUrl":"https:\/\/pldistribucion.com.ar\/web\/wp-content\/uploads\/pld_logo_GB-removebg-preview.png","width":787,"height":317,"caption":"PERFORMANCE LUBE"},"image":{"@id":"https:\/\/pldistribucion.com.ar\/web\/#\/schema\/logo\/image\/"}}]}},"_links":{"self":[{"href":"https:\/\/pldistribucion.com.ar\/web\/wp-json\/wp\/v2\/product\/3503"}],"collection":[{"href":"https:\/\/pldistribucion.com.ar\/web\/wp-json\/wp\/v2\/product"}],"about":[{"href":"https:\/\/pldistribucion.com.ar\/web\/wp-json\/wp\/v2\/types\/product"}],"replies":[{"embeddable":true,"href":"https:\/\/pldistribucion.com.ar\/web\/wp-json\/wp\/v2\/comments?post=3503"}],"wp:featuredmedia":[{"embeddable":true,"href":"https:\/\/pldistribucion.com.ar\/web\/wp-json\/wp\/v2\/media\/3506"}],"wp:attachment":[{"href":"https:\/\/pldistribucion.com.ar\/web\/wp-json\/wp\/v2\/media?parent=3503"}],"wp:term":[{"taxonomy":"product_cat","embeddable":true,"href":"https:\/\/pldistribucion.com.ar\/web\/wp-json\/wp\/v2\/product_cat?post=3503"},{"taxonomy":"product_tag","embeddable":true,"href":"https:\/\/pldistribucion.com.ar\/web\/wp-json\/wp\/v2\/product_tag?post=3503"}],"curies":[{"name":"wp","href":"https:\/\/api.w.org\/{rel}","templated":true}]}}