{"id":3429,"date":"2022-03-17T14:41:57","date_gmt":"2022-03-17T14:41:57","guid":{"rendered":"https:\/\/pldistribucion.com.ar\/web\/?post_type=product&#038;p=3429"},"modified":"2022-03-17T14:43:56","modified_gmt":"2022-03-17T14:43:56","slug":"skf-lgwm-1","status":"publish","type":"product","link":"https:\/\/pldistribucion.com.ar\/web\/producto\/skf-lgwm-1\/","title":{"rendered":"SKF LGWM 1"},"content":{"rendered":"<h1><span style=\"font-size: 80%;\"><em><strong>SKF LGWM 1 &#8211; Grasa para presi\u00f3n extrema y baja temperatura.<\/strong><\/em><\/span><\/h1>\n<h3><span style=\"font-size: 80%;\"><em><span style=\"background-color: #b4e0e0;\"><strong>DESCRIPCI\u00d3N DEL PRODUCTO<\/strong><\/span><\/em><\/span><\/h3>\n<div class=\"description\">\n<div class=\"content text-darker-green-grey\">\n<div id=\"rich-text-div\">\n<p><span style=\"color: #000000;\">SKF LGWM 1 es una grasa a base de aceite mineral de baja consistencia, que contiene jab\u00f3n de litio y aditivos para presi\u00f3n extrema. Este producto es altamente recomendable para la lubricaci\u00f3n de rodamientos sujetos tanto a cargas radiales como axiales.<\/span><\/p>\n<\/div>\n<\/div>\n<\/div>\n<div class=\"columns\">\n<div class=\"column-one\">\n<div class=\"content text-darker-green-grey\">\n<div id=\"rich-text-div\">\n<h3><span style=\"font-size: 16.128px; background-color: #b4e0e0;\"><b><i>CARACTER\u00cdSTICAS Y BENEFICIOS<\/i><\/b><\/span><\/h3>\n<p><span style=\"color: #000000;\">Los lubricantes SKF ofrecen ventajas significativas, ya que est\u00e1n dise\u00f1ados y probados para un rendimiento \u00f3ptimo en condiciones del mundo real, la disponibilidad global con una calidad constante y una mejor selecci\u00f3n de lubricantes y un estricto control de calidad de cada lote de producci\u00f3n facilitan garantizar un rendimiento confiable.<\/span><\/p>\n<p><span style=\"color: #000000;\">Este producto particularmente tiene beneficios como:<\/span><\/p>\n<ul>\n<li><span style=\"color: #000000;\">Una buena formaci\u00f3n de pel\u00edcula de aceite a bajas temperaturas hasta \u201330 \u00b0C (\u201320 \u00b0F).<\/span><\/li>\n<li><span style=\"color: #000000;\">Perfecta capacidad de bombeo incluso a bajas temperaturas.<\/span><\/li>\n<li><span style=\"color: #000000;\">Buena protecci\u00f3n contra la corrosi\u00f3n y resistencia al agua.<\/span><\/li>\n<\/ul>\n<\/div>\n<\/div>\n<\/div>\n<div class=\"column-two\">\n<div class=\"content text-darker-green-grey\">\n<div id=\"rich-text-div\">\n<h3><span style=\"font-size: 80%;\"><em><span style=\"background-color: #b4e0e0;\"><strong>APLICACIONES<\/strong><\/span><\/em><\/span><\/h3>\n<ul>\n<li>Ejes principales de turbinas e\u00f3licas.<\/li>\n<li>Transportadores helicoidales.<\/li>\n<li>Sistemas de lubricaci\u00f3n centralizada.<\/li>\n<li>Aplicaciones con rodamientos axiales de rodillos a r\u00f3tula.<\/li>\n<\/ul>\n<p><strong><span style=\"color: #0000ff;\"><a style=\"color: #0000ff;\" href=\"https:\/\/pldistribucion.com.ar\/web\/wp-content\/uploads\/s2-6.pdf\" target=\"_blank\" rel=\"noopener\">Ver ficha t\u00e9cnica<\/a> \/ <a style=\"color: #0000ff;\" href=\"https:\/\/pldistribucion.com.ar\/web\/wp-content\/uploads\/ficha-2-19.pdf\" target=\"_blank\" rel=\"noopener\">Ver hoja de seguridad<\/a><\/span><\/strong><\/p>\n<p><span style=\"color: #0000ff;\"><strong><a style=\"color: #0000ff;\" href=\"https:\/\/pldistribucion.com.ar\/web\/productos\/?filter_marcas=skf\" target=\"_blank\" rel=\"noopener\">Ver m\u00e1s productos SKF<\/a><\/strong><\/span><\/p>\n<p><span style=\"color: #000000;\">(La lubricaci\u00f3n deficiente es la responsable de m\u00e1s del 36% de las fallos prematuras de los rodamientos.En primer lugar\u00a0 hay probar y validar cada lote de producci\u00f3n ya que es la manera de ofrecer lubricantes de excelente calidad en todo el mundo. Las pruebas especializadas de lubricantes y la investigaci\u00f3n continua en el campo de la lubricaci\u00f3n permiten a SKF optimizar a\u00fan m\u00e1s nuestros conocimientos y ayudarlo con la lubricaci\u00f3n adecuada de sus m\u00e1quinas).<\/span><\/p>\n<p><span style=\"color: #0000ff;\"><strong><a style=\"color: #0000ff;\" href=\"https:\/\/kripkit.com\/skf-empresa\/\" target=\"_blank\" rel=\"noopener\">Conoce m\u00e1s sobre SKF<\/a><\/strong><\/span><\/p>\n<\/div>\n<\/div>\n<\/div>\n<\/div>\n","protected":false},"excerpt":{"rendered":"<p><img loading=\"lazy\" decoding=\"async\" class=\"alignnone size-medium wp-image-3406\" src=\"https:\/\/pldistribucion.com.ar\/web\/wp-content\/uploads\/LOGO-300x300.jpg\" alt=\"\" width=\"300\" height=\"300\" srcset=\"https:\/\/pldistribucion.com.ar\/web\/wp-content\/uploads\/LOGO-300x300.jpg 300w, https:\/\/pldistribucion.com.ar\/web\/wp-content\/uploads\/LOGO-150x150.jpg 150w, https:\/\/pldistribucion.com.ar\/web\/wp-content\/uploads\/LOGO-768x768.jpg 768w, https:\/\/pldistribucion.com.ar\/web\/wp-content\/uploads\/LOGO-600x600.jpg 600w, https:\/\/pldistribucion.com.ar\/web\/wp-content\/uploads\/LOGO-100x100.jpg 100w, https:\/\/pldistribucion.com.ar\/web\/wp-content\/uploads\/LOGO.jpg 900w\" sizes=\"(max-width: 300px) 100vw, 300px\" \/><\/p>\n<h1>Lubricantes SKF<\/h1>\n<p>Los lubricantes SKF est\u00e1n dise\u00f1ados para satisfacer sus necesidades y se han sometido a pruebas de rendimiento en aplicaciones reales. Nuestra experiencia con rodamientos, lubricantes y aplicaciones nos ayuda a ofrecer los lubricantes adecuados para sus aplicaciones y mejorar su esquema general de lubricaci\u00f3n.<\/p>\n","protected":false},"featured_media":3432,"comment_status":"open","ping_status":"closed","template":"","meta":[],"product_cat":[16,34],"product_tag":[],"yoast_head":"<!-- This site is optimized with the Yoast SEO plugin v23.0 - https:\/\/yoast.com\/wordpress\/plugins\/seo\/ -->\n<title>SKF LGWM 1 - Perfomance Lube - Lubricantes<\/title>\n<meta name=\"description\" content=\"Distribuidor de lubricantes SKF de diferentes aplicaciones. Env\u00edos a todo el pa\u00eds. Variedad de productos y stock disponible. SKF LGWM 1\" \/>\n<meta name=\"robots\" content=\"index, follow, max-snippet:-1, max-image-preview:large, max-video-preview:-1\" \/>\n<link rel=\"canonical\" href=\"https:\/\/pldistribucion.com.ar\/web\/producto\/skf-lgwm-1\/\" \/>\n<meta property=\"og:locale\" content=\"es_ES\" \/>\n<meta property=\"og:type\" content=\"article\" \/>\n<meta property=\"og:title\" content=\"SKF LGWM 1 - Perfomance Lube - Lubricantes\" \/>\n<meta property=\"og:description\" content=\"Distribuidor de lubricantes SKF de diferentes aplicaciones. Env\u00edos a todo el pa\u00eds. Variedad de productos y stock disponible. SKF LGWM 1\" \/>\n<meta property=\"og:url\" content=\"https:\/\/pldistribucion.com.ar\/web\/producto\/skf-lgwm-1\/\" \/>\n<meta property=\"og:site_name\" content=\"Perfomance Lube\" \/>\n<meta property=\"article:modified_time\" content=\"2022-03-17T14:43:56+00:00\" \/>\n<meta property=\"og:image\" content=\"https:\/\/pldistribucion.com.ar\/web\/wp-content\/uploads\/foto2-2.png\" \/>\n\t<meta property=\"og:image:width\" content=\"558\" \/>\n\t<meta property=\"og:image:height\" content=\"495\" \/>\n\t<meta property=\"og:image:type\" content=\"image\/png\" \/>\n<meta name=\"twitter:card\" content=\"summary_large_image\" \/>\n<meta name=\"twitter:label1\" content=\"Tiempo de lectura\" \/>\n\t<meta name=\"twitter:data1\" content=\"1 minuto\" \/>\n<script type=\"application\/ld+json\" class=\"yoast-schema-graph\">{\"@context\":\"https:\/\/schema.org\",\"@graph\":[{\"@type\":\"WebPage\",\"@id\":\"https:\/\/pldistribucion.com.ar\/web\/producto\/skf-lgwm-1\/\",\"url\":\"https:\/\/pldistribucion.com.ar\/web\/producto\/skf-lgwm-1\/\",\"name\":\"SKF LGWM 1 - Perfomance Lube - Lubricantes\",\"isPartOf\":{\"@id\":\"https:\/\/pldistribucion.com.ar\/web\/#website\"},\"primaryImageOfPage\":{\"@id\":\"https:\/\/pldistribucion.com.ar\/web\/producto\/skf-lgwm-1\/#primaryimage\"},\"image\":{\"@id\":\"https:\/\/pldistribucion.com.ar\/web\/producto\/skf-lgwm-1\/#primaryimage\"},\"thumbnailUrl\":\"https:\/\/pldistribucion.com.ar\/web\/wp-content\/uploads\/foto2-2.png\",\"datePublished\":\"2022-03-17T14:41:57+00:00\",\"dateModified\":\"2022-03-17T14:43:56+00:00\",\"description\":\"Distribuidor de lubricantes SKF de diferentes aplicaciones. Env\u00edos a todo el pa\u00eds. Variedad de productos y stock disponible. SKF LGWM 1\",\"breadcrumb\":{\"@id\":\"https:\/\/pldistribucion.com.ar\/web\/producto\/skf-lgwm-1\/#breadcrumb\"},\"inLanguage\":\"es\",\"potentialAction\":[{\"@type\":\"ReadAction\",\"target\":[\"https:\/\/pldistribucion.com.ar\/web\/producto\/skf-lgwm-1\/\"]}]},{\"@type\":\"ImageObject\",\"inLanguage\":\"es\",\"@id\":\"https:\/\/pldistribucion.com.ar\/web\/producto\/skf-lgwm-1\/#primaryimage\",\"url\":\"https:\/\/pldistribucion.com.ar\/web\/wp-content\/uploads\/foto2-2.png\",\"contentUrl\":\"https:\/\/pldistribucion.com.ar\/web\/wp-content\/uploads\/foto2-2.png\",\"width\":558,\"height\":495,\"caption\":\"SKF LGWM 1\"},{\"@type\":\"BreadcrumbList\",\"@id\":\"https:\/\/pldistribucion.com.ar\/web\/producto\/skf-lgwm-1\/#breadcrumb\",\"itemListElement\":[{\"@type\":\"ListItem\",\"position\":1,\"name\":\"Portada\",\"item\":\"https:\/\/pldistribucion.com.ar\/web\/\"},{\"@type\":\"ListItem\",\"position\":2,\"name\":\"Productos\",\"item\":\"https:\/\/pldistribucion.com.ar\/web\/productos\/\"},{\"@type\":\"ListItem\",\"position\":3,\"name\":\"SKF LGWM 1\"}]},{\"@type\":\"WebSite\",\"@id\":\"https:\/\/pldistribucion.com.ar\/web\/#website\",\"url\":\"https:\/\/pldistribucion.com.ar\/web\/\",\"name\":\"Perfomance Lube\",\"description\":\"\",\"publisher\":{\"@id\":\"https:\/\/pldistribucion.com.ar\/web\/#organization\"},\"potentialAction\":[{\"@type\":\"SearchAction\",\"target\":{\"@type\":\"EntryPoint\",\"urlTemplate\":\"https:\/\/pldistribucion.com.ar\/web\/?s={search_term_string}\"},\"query-input\":\"required name=search_term_string\"}],\"inLanguage\":\"es\"},{\"@type\":\"Organization\",\"@id\":\"https:\/\/pldistribucion.com.ar\/web\/#organization\",\"name\":\"PERFORMANCE LUBE\",\"url\":\"https:\/\/pldistribucion.com.ar\/web\/\",\"logo\":{\"@type\":\"ImageObject\",\"inLanguage\":\"es\",\"@id\":\"https:\/\/pldistribucion.com.ar\/web\/#\/schema\/logo\/image\/\",\"url\":\"https:\/\/pldistribucion.com.ar\/web\/wp-content\/uploads\/pld_logo_GB-removebg-preview.png\",\"contentUrl\":\"https:\/\/pldistribucion.com.ar\/web\/wp-content\/uploads\/pld_logo_GB-removebg-preview.png\",\"width\":787,\"height\":317,\"caption\":\"PERFORMANCE LUBE\"},\"image\":{\"@id\":\"https:\/\/pldistribucion.com.ar\/web\/#\/schema\/logo\/image\/\"}}]}<\/script>\n<!-- \/ Yoast SEO plugin. -->","yoast_head_json":{"title":"SKF LGWM 1 - Perfomance Lube - Lubricantes","description":"Distribuidor de lubricantes SKF de diferentes aplicaciones. Env\u00edos a todo el pa\u00eds. Variedad de productos y stock disponible. SKF LGWM 1","robots":{"index":"index","follow":"follow","max-snippet":"max-snippet:-1","max-image-preview":"max-image-preview:large","max-video-preview":"max-video-preview:-1"},"canonical":"https:\/\/pldistribucion.com.ar\/web\/producto\/skf-lgwm-1\/","og_locale":"es_ES","og_type":"article","og_title":"SKF LGWM 1 - Perfomance Lube - Lubricantes","og_description":"Distribuidor de lubricantes SKF de diferentes aplicaciones. Env\u00edos a todo el pa\u00eds. Variedad de productos y stock disponible. SKF LGWM 1","og_url":"https:\/\/pldistribucion.com.ar\/web\/producto\/skf-lgwm-1\/","og_site_name":"Perfomance Lube","article_modified_time":"2022-03-17T14:43:56+00:00","og_image":[{"width":558,"height":495,"url":"https:\/\/pldistribucion.com.ar\/web\/wp-content\/uploads\/foto2-2.png","type":"image\/png"}],"twitter_card":"summary_large_image","twitter_misc":{"Tiempo de lectura":"1 minuto"},"schema":{"@context":"https:\/\/schema.org","@graph":[{"@type":"WebPage","@id":"https:\/\/pldistribucion.com.ar\/web\/producto\/skf-lgwm-1\/","url":"https:\/\/pldistribucion.com.ar\/web\/producto\/skf-lgwm-1\/","name":"SKF LGWM 1 - Perfomance Lube - Lubricantes","isPartOf":{"@id":"https:\/\/pldistribucion.com.ar\/web\/#website"},"primaryImageOfPage":{"@id":"https:\/\/pldistribucion.com.ar\/web\/producto\/skf-lgwm-1\/#primaryimage"},"image":{"@id":"https:\/\/pldistribucion.com.ar\/web\/producto\/skf-lgwm-1\/#primaryimage"},"thumbnailUrl":"https:\/\/pldistribucion.com.ar\/web\/wp-content\/uploads\/foto2-2.png","datePublished":"2022-03-17T14:41:57+00:00","dateModified":"2022-03-17T14:43:56+00:00","description":"Distribuidor de lubricantes SKF de diferentes aplicaciones. Env\u00edos a todo el pa\u00eds. Variedad de productos y stock disponible. SKF LGWM 1","breadcrumb":{"@id":"https:\/\/pldistribucion.com.ar\/web\/producto\/skf-lgwm-1\/#breadcrumb"},"inLanguage":"es","potentialAction":[{"@type":"ReadAction","target":["https:\/\/pldistribucion.com.ar\/web\/producto\/skf-lgwm-1\/"]}]},{"@type":"ImageObject","inLanguage":"es","@id":"https:\/\/pldistribucion.com.ar\/web\/producto\/skf-lgwm-1\/#primaryimage","url":"https:\/\/pldistribucion.com.ar\/web\/wp-content\/uploads\/foto2-2.png","contentUrl":"https:\/\/pldistribucion.com.ar\/web\/wp-content\/uploads\/foto2-2.png","width":558,"height":495,"caption":"SKF LGWM 1"},{"@type":"BreadcrumbList","@id":"https:\/\/pldistribucion.com.ar\/web\/producto\/skf-lgwm-1\/#breadcrumb","itemListElement":[{"@type":"ListItem","position":1,"name":"Portada","item":"https:\/\/pldistribucion.com.ar\/web\/"},{"@type":"ListItem","position":2,"name":"Productos","item":"https:\/\/pldistribucion.com.ar\/web\/productos\/"},{"@type":"ListItem","position":3,"name":"SKF LGWM 1"}]},{"@type":"WebSite","@id":"https:\/\/pldistribucion.com.ar\/web\/#website","url":"https:\/\/pldistribucion.com.ar\/web\/","name":"Perfomance Lube","description":"","publisher":{"@id":"https:\/\/pldistribucion.com.ar\/web\/#organization"},"potentialAction":[{"@type":"SearchAction","target":{"@type":"EntryPoint","urlTemplate":"https:\/\/pldistribucion.com.ar\/web\/?s={search_term_string}"},"query-input":"required name=search_term_string"}],"inLanguage":"es"},{"@type":"Organization","@id":"https:\/\/pldistribucion.com.ar\/web\/#organization","name":"PERFORMANCE LUBE","url":"https:\/\/pldistribucion.com.ar\/web\/","logo":{"@type":"ImageObject","inLanguage":"es","@id":"https:\/\/pldistribucion.com.ar\/web\/#\/schema\/logo\/image\/","url":"https:\/\/pldistribucion.com.ar\/web\/wp-content\/uploads\/pld_logo_GB-removebg-preview.png","contentUrl":"https:\/\/pldistribucion.com.ar\/web\/wp-content\/uploads\/pld_logo_GB-removebg-preview.png","width":787,"height":317,"caption":"PERFORMANCE LUBE"},"image":{"@id":"https:\/\/pldistribucion.com.ar\/web\/#\/schema\/logo\/image\/"}}]}},"_links":{"self":[{"href":"https:\/\/pldistribucion.com.ar\/web\/wp-json\/wp\/v2\/product\/3429"}],"collection":[{"href":"https:\/\/pldistribucion.com.ar\/web\/wp-json\/wp\/v2\/product"}],"about":[{"href":"https:\/\/pldistribucion.com.ar\/web\/wp-json\/wp\/v2\/types\/product"}],"replies":[{"embeddable":true,"href":"https:\/\/pldistribucion.com.ar\/web\/wp-json\/wp\/v2\/comments?post=3429"}],"wp:featuredmedia":[{"embeddable":true,"href":"https:\/\/pldistribucion.com.ar\/web\/wp-json\/wp\/v2\/media\/3432"}],"wp:attachment":[{"href":"https:\/\/pldistribucion.com.ar\/web\/wp-json\/wp\/v2\/media?parent=3429"}],"wp:term":[{"taxonomy":"product_cat","embeddable":true,"href":"https:\/\/pldistribucion.com.ar\/web\/wp-json\/wp\/v2\/product_cat?post=3429"},{"taxonomy":"product_tag","embeddable":true,"href":"https:\/\/pldistribucion.com.ar\/web\/wp-json\/wp\/v2\/product_tag?post=3429"}],"curies":[{"name":"wp","href":"https:\/\/api.w.org\/{rel}","templated":true}]}}