{"id":3425,"date":"2022-03-17T14:27:54","date_gmt":"2022-03-17T14:27:54","guid":{"rendered":"https:\/\/pldistribucion.com.ar\/web\/?post_type=product&#038;p=3425"},"modified":"2022-03-17T14:27:54","modified_gmt":"2022-03-17T14:27:54","slug":"skf-lglt-2","status":"publish","type":"product","link":"https:\/\/pldistribucion.com.ar\/web\/producto\/skf-lglt-2\/","title":{"rendered":"SKF LGLT 2"},"content":{"rendered":"<h1><em><strong style=\"font-size: 80%;\">SKF LGLT 2 &#8211; Grasa para bajas temperaturas y velocidades extremadamente altas.<\/strong><\/em><\/h1>\n<h3><span style=\"font-size: 80%;\"><em><span style=\"background-color: #b4e0e0;\"><strong>DESCRIPCI\u00d3N DEL PRODUCTO<\/strong><\/span><\/em><\/span><\/h3>\n<div class=\"description\">\n<div class=\"content text-darker-green-grey\">\n<div id=\"rich-text-div\">\n<p><span style=\"color: #000000;\">SKF LGLT 2 es una grasa a base de aceite totalmente sint\u00e9tico que utiliza jab\u00f3n de litio. Su tecnolog\u00eda espesante y la baja viscosidad de su aceite (PAO) proporcionan un excelente rendimiento de la lubricaci\u00f3n. Adecuada para bajas temperaturas, de hasta \u201350 \u00b0C (\u201360 \u00b0F), y velocidades extremadamente altas (se pueden alcanzar valores n dm de 1,6 x 10<sup>6<\/sup>\u00a0).<\/span><\/p>\n<\/div>\n<\/div>\n<\/div>\n<div class=\"columns\">\n<div class=\"column-one\">\n<div class=\"content text-darker-green-grey\">\n<div id=\"rich-text-div\">\n<h3><span style=\"font-size: 16.128px; background-color: #b4e0e0;\"><b><i>CARACTER\u00cdSTICAS Y BENEFICIOS<\/i><\/b><\/span><\/h3>\n<ul>\n<li>Bajo par de fricci\u00f3n.<\/li>\n<li>Funcionamiento silencioso.<\/li>\n<li>Excelente estabilidad de oxidaci\u00f3n y resistencia al agua.<\/li>\n<\/ul>\n<\/div>\n<\/div>\n<\/div>\n<div class=\"column-two\">\n<div class=\"content text-darker-green-grey\">\n<div id=\"rich-text-div\">\n<h3><span style=\"font-size: 80%;\"><em><span style=\"background-color: #b4e0e0;\"><strong>APLICACIONES<\/strong><\/span><\/em><\/span><\/h3>\n<ul>\n<li>Husillos para m\u00e1quinas textiles.<\/li>\n<li>Husillos de m\u00e1quinas herramienta.<\/li>\n<li>Instrumentos y equipos de control.<\/li>\n<li>Motores el\u00e9ctricos peque\u00f1os utilizados en equipos m\u00e9dicos y de odontolog\u00eda.<\/li>\n<li>Patines en l\u00ednea.<\/li>\n<li>Cilindros de impresi\u00f3n.<\/li>\n<li>Robots.<\/li>\n<\/ul>\n<p><span style=\"color: #0000ff;\"><strong><a style=\"color: #0000ff;\" href=\"https:\/\/pldistribucion.com.ar\/web\/wp-content\/uploads\/ficha-1-21.pdf\" target=\"_blank\" rel=\"noopener\">Ver ficha t\u00e9cnica<\/a> \/ <a style=\"color: #0000ff;\" href=\"https:\/\/pldistribucion.com.ar\/web\/wp-content\/uploads\/s1-6.pdf\" target=\"_blank\" rel=\"noopener\">Ver hoja de seguridad<\/a><\/strong><\/span><\/p>\n<p><span style=\"color: #0000ff;\"><strong><a style=\"color: #0000ff;\" href=\"https:\/\/pldistribucion.com.ar\/web\/productos\/?filter_marcas=skf\" target=\"_blank\" rel=\"noopener\">Ver m\u00e1s productos SKF<\/a><\/strong><\/span><\/p>\n<p><span style=\"color: #000000;\">(La lubricaci\u00f3n deficiente es la responsable de m\u00e1s del 36% de las fallos prematuras de los rodamientos.En primer lugar\u00a0 hay probar y validar cada lote de producci\u00f3n ya que es la manera de ofrecer lubricantes de excelente calidad en todo el mundo. Las pruebas especializadas de lubricantes y la investigaci\u00f3n continua en el campo de la lubricaci\u00f3n permiten a SKF optimizar a\u00fan m\u00e1s nuestros conocimientos y ayudarlo con la lubricaci\u00f3n adecuada de sus m\u00e1quinas).<\/span><\/p>\n<p><span style=\"color: #0000ff;\"><strong><a style=\"color: #0000ff;\" href=\"https:\/\/kripkit.com\/skf-empresa\/\" target=\"_blank\" rel=\"noopener\">Conoce m\u00e1s sobre SKF<\/a><\/strong><\/span><\/p>\n<\/div>\n<\/div>\n<\/div>\n<\/div>\n","protected":false},"excerpt":{"rendered":"<p><img loading=\"lazy\" decoding=\"async\" class=\"alignnone size-medium wp-image-3406\" src=\"https:\/\/pldistribucion.com.ar\/web\/wp-content\/uploads\/LOGO-300x300.jpg\" alt=\"\" width=\"300\" height=\"300\" srcset=\"https:\/\/pldistribucion.com.ar\/web\/wp-content\/uploads\/LOGO-300x300.jpg 300w, https:\/\/pldistribucion.com.ar\/web\/wp-content\/uploads\/LOGO-150x150.jpg 150w, https:\/\/pldistribucion.com.ar\/web\/wp-content\/uploads\/LOGO-768x768.jpg 768w, https:\/\/pldistribucion.com.ar\/web\/wp-content\/uploads\/LOGO-600x600.jpg 600w, https:\/\/pldistribucion.com.ar\/web\/wp-content\/uploads\/LOGO-100x100.jpg 100w, https:\/\/pldistribucion.com.ar\/web\/wp-content\/uploads\/LOGO.jpg 900w\" sizes=\"(max-width: 300px) 100vw, 300px\" \/><\/p>\n<h1>Lubricantes SKF<\/h1>\n<p>Los lubricantes SKF est\u00e1n dise\u00f1ados para satisfacer sus necesidades y se han sometido a pruebas de rendimiento en aplicaciones reales. Nuestra experiencia con rodamientos, lubricantes y aplicaciones nos ayuda a ofrecer los lubricantes adecuados para sus aplicaciones y mejorar su esquema general de lubricaci\u00f3n.<\/p>\n","protected":false},"featured_media":3428,"comment_status":"open","ping_status":"closed","template":"","meta":[],"product_cat":[16,34],"product_tag":[],"yoast_head":"<!-- This site is optimized with the Yoast SEO plugin v23.0 - https:\/\/yoast.com\/wordpress\/plugins\/seo\/ -->\n<title>SKF LGLT 2 - Perfomance Lube - Lubricantes<\/title>\n<meta name=\"description\" content=\"Distribuidor de lubricantes SKF de diferentes aplicaciones. Env\u00edos a todo el pa\u00eds. Variedad de productos y stock disponible. SKF LGLT 2\" \/>\n<meta name=\"robots\" content=\"index, follow, max-snippet:-1, max-image-preview:large, max-video-preview:-1\" \/>\n<link rel=\"canonical\" href=\"https:\/\/pldistribucion.com.ar\/web\/producto\/skf-lglt-2\/\" \/>\n<meta property=\"og:locale\" content=\"es_ES\" \/>\n<meta property=\"og:type\" content=\"article\" \/>\n<meta property=\"og:title\" content=\"SKF LGLT 2 - Perfomance Lube - Lubricantes\" \/>\n<meta property=\"og:description\" content=\"Distribuidor de lubricantes SKF de diferentes aplicaciones. Env\u00edos a todo el pa\u00eds. Variedad de productos y stock disponible. SKF LGLT 2\" \/>\n<meta property=\"og:url\" content=\"https:\/\/pldistribucion.com.ar\/web\/producto\/skf-lglt-2\/\" \/>\n<meta property=\"og:site_name\" content=\"Perfomance Lube\" \/>\n<meta property=\"og:image\" content=\"https:\/\/pldistribucion.com.ar\/web\/wp-content\/uploads\/foto1-1.png\" \/>\n\t<meta property=\"og:image:width\" content=\"545\" \/>\n\t<meta property=\"og:image:height\" content=\"491\" \/>\n\t<meta property=\"og:image:type\" content=\"image\/png\" \/>\n<meta name=\"twitter:card\" content=\"summary_large_image\" \/>\n<meta name=\"twitter:label1\" content=\"Tiempo de lectura\" \/>\n\t<meta name=\"twitter:data1\" content=\"1 minuto\" \/>\n<script type=\"application\/ld+json\" class=\"yoast-schema-graph\">{\"@context\":\"https:\/\/schema.org\",\"@graph\":[{\"@type\":\"WebPage\",\"@id\":\"https:\/\/pldistribucion.com.ar\/web\/producto\/skf-lglt-2\/\",\"url\":\"https:\/\/pldistribucion.com.ar\/web\/producto\/skf-lglt-2\/\",\"name\":\"SKF LGLT 2 - Perfomance Lube - Lubricantes\",\"isPartOf\":{\"@id\":\"https:\/\/pldistribucion.com.ar\/web\/#website\"},\"primaryImageOfPage\":{\"@id\":\"https:\/\/pldistribucion.com.ar\/web\/producto\/skf-lglt-2\/#primaryimage\"},\"image\":{\"@id\":\"https:\/\/pldistribucion.com.ar\/web\/producto\/skf-lglt-2\/#primaryimage\"},\"thumbnailUrl\":\"https:\/\/pldistribucion.com.ar\/web\/wp-content\/uploads\/foto1-1.png\",\"datePublished\":\"2022-03-17T14:27:54+00:00\",\"dateModified\":\"2022-03-17T14:27:54+00:00\",\"description\":\"Distribuidor de lubricantes SKF de diferentes aplicaciones. Env\u00edos a todo el pa\u00eds. Variedad de productos y stock disponible. SKF LGLT 2\",\"breadcrumb\":{\"@id\":\"https:\/\/pldistribucion.com.ar\/web\/producto\/skf-lglt-2\/#breadcrumb\"},\"inLanguage\":\"es\",\"potentialAction\":[{\"@type\":\"ReadAction\",\"target\":[\"https:\/\/pldistribucion.com.ar\/web\/producto\/skf-lglt-2\/\"]}]},{\"@type\":\"ImageObject\",\"inLanguage\":\"es\",\"@id\":\"https:\/\/pldistribucion.com.ar\/web\/producto\/skf-lglt-2\/#primaryimage\",\"url\":\"https:\/\/pldistribucion.com.ar\/web\/wp-content\/uploads\/foto1-1.png\",\"contentUrl\":\"https:\/\/pldistribucion.com.ar\/web\/wp-content\/uploads\/foto1-1.png\",\"width\":545,\"height\":491,\"caption\":\"SKF LGLT 2\"},{\"@type\":\"BreadcrumbList\",\"@id\":\"https:\/\/pldistribucion.com.ar\/web\/producto\/skf-lglt-2\/#breadcrumb\",\"itemListElement\":[{\"@type\":\"ListItem\",\"position\":1,\"name\":\"Portada\",\"item\":\"https:\/\/pldistribucion.com.ar\/web\/\"},{\"@type\":\"ListItem\",\"position\":2,\"name\":\"Productos\",\"item\":\"https:\/\/pldistribucion.com.ar\/web\/productos\/\"},{\"@type\":\"ListItem\",\"position\":3,\"name\":\"SKF LGLT 2\"}]},{\"@type\":\"WebSite\",\"@id\":\"https:\/\/pldistribucion.com.ar\/web\/#website\",\"url\":\"https:\/\/pldistribucion.com.ar\/web\/\",\"name\":\"Perfomance Lube\",\"description\":\"\",\"publisher\":{\"@id\":\"https:\/\/pldistribucion.com.ar\/web\/#organization\"},\"potentialAction\":[{\"@type\":\"SearchAction\",\"target\":{\"@type\":\"EntryPoint\",\"urlTemplate\":\"https:\/\/pldistribucion.com.ar\/web\/?s={search_term_string}\"},\"query-input\":\"required name=search_term_string\"}],\"inLanguage\":\"es\"},{\"@type\":\"Organization\",\"@id\":\"https:\/\/pldistribucion.com.ar\/web\/#organization\",\"name\":\"PERFORMANCE LUBE\",\"url\":\"https:\/\/pldistribucion.com.ar\/web\/\",\"logo\":{\"@type\":\"ImageObject\",\"inLanguage\":\"es\",\"@id\":\"https:\/\/pldistribucion.com.ar\/web\/#\/schema\/logo\/image\/\",\"url\":\"https:\/\/pldistribucion.com.ar\/web\/wp-content\/uploads\/pld_logo_GB-removebg-preview.png\",\"contentUrl\":\"https:\/\/pldistribucion.com.ar\/web\/wp-content\/uploads\/pld_logo_GB-removebg-preview.png\",\"width\":787,\"height\":317,\"caption\":\"PERFORMANCE LUBE\"},\"image\":{\"@id\":\"https:\/\/pldistribucion.com.ar\/web\/#\/schema\/logo\/image\/\"}}]}<\/script>\n<!-- \/ Yoast SEO plugin. -->","yoast_head_json":{"title":"SKF LGLT 2 - Perfomance Lube - Lubricantes","description":"Distribuidor de lubricantes SKF de diferentes aplicaciones. Env\u00edos a todo el pa\u00eds. Variedad de productos y stock disponible. SKF LGLT 2","robots":{"index":"index","follow":"follow","max-snippet":"max-snippet:-1","max-image-preview":"max-image-preview:large","max-video-preview":"max-video-preview:-1"},"canonical":"https:\/\/pldistribucion.com.ar\/web\/producto\/skf-lglt-2\/","og_locale":"es_ES","og_type":"article","og_title":"SKF LGLT 2 - Perfomance Lube - Lubricantes","og_description":"Distribuidor de lubricantes SKF de diferentes aplicaciones. Env\u00edos a todo el pa\u00eds. Variedad de productos y stock disponible. SKF LGLT 2","og_url":"https:\/\/pldistribucion.com.ar\/web\/producto\/skf-lglt-2\/","og_site_name":"Perfomance Lube","og_image":[{"width":545,"height":491,"url":"https:\/\/pldistribucion.com.ar\/web\/wp-content\/uploads\/foto1-1.png","type":"image\/png"}],"twitter_card":"summary_large_image","twitter_misc":{"Tiempo de lectura":"1 minuto"},"schema":{"@context":"https:\/\/schema.org","@graph":[{"@type":"WebPage","@id":"https:\/\/pldistribucion.com.ar\/web\/producto\/skf-lglt-2\/","url":"https:\/\/pldistribucion.com.ar\/web\/producto\/skf-lglt-2\/","name":"SKF LGLT 2 - Perfomance Lube - Lubricantes","isPartOf":{"@id":"https:\/\/pldistribucion.com.ar\/web\/#website"},"primaryImageOfPage":{"@id":"https:\/\/pldistribucion.com.ar\/web\/producto\/skf-lglt-2\/#primaryimage"},"image":{"@id":"https:\/\/pldistribucion.com.ar\/web\/producto\/skf-lglt-2\/#primaryimage"},"thumbnailUrl":"https:\/\/pldistribucion.com.ar\/web\/wp-content\/uploads\/foto1-1.png","datePublished":"2022-03-17T14:27:54+00:00","dateModified":"2022-03-17T14:27:54+00:00","description":"Distribuidor de lubricantes SKF de diferentes aplicaciones. Env\u00edos a todo el pa\u00eds. Variedad de productos y stock disponible. SKF LGLT 2","breadcrumb":{"@id":"https:\/\/pldistribucion.com.ar\/web\/producto\/skf-lglt-2\/#breadcrumb"},"inLanguage":"es","potentialAction":[{"@type":"ReadAction","target":["https:\/\/pldistribucion.com.ar\/web\/producto\/skf-lglt-2\/"]}]},{"@type":"ImageObject","inLanguage":"es","@id":"https:\/\/pldistribucion.com.ar\/web\/producto\/skf-lglt-2\/#primaryimage","url":"https:\/\/pldistribucion.com.ar\/web\/wp-content\/uploads\/foto1-1.png","contentUrl":"https:\/\/pldistribucion.com.ar\/web\/wp-content\/uploads\/foto1-1.png","width":545,"height":491,"caption":"SKF LGLT 2"},{"@type":"BreadcrumbList","@id":"https:\/\/pldistribucion.com.ar\/web\/producto\/skf-lglt-2\/#breadcrumb","itemListElement":[{"@type":"ListItem","position":1,"name":"Portada","item":"https:\/\/pldistribucion.com.ar\/web\/"},{"@type":"ListItem","position":2,"name":"Productos","item":"https:\/\/pldistribucion.com.ar\/web\/productos\/"},{"@type":"ListItem","position":3,"name":"SKF LGLT 2"}]},{"@type":"WebSite","@id":"https:\/\/pldistribucion.com.ar\/web\/#website","url":"https:\/\/pldistribucion.com.ar\/web\/","name":"Perfomance Lube","description":"","publisher":{"@id":"https:\/\/pldistribucion.com.ar\/web\/#organization"},"potentialAction":[{"@type":"SearchAction","target":{"@type":"EntryPoint","urlTemplate":"https:\/\/pldistribucion.com.ar\/web\/?s={search_term_string}"},"query-input":"required name=search_term_string"}],"inLanguage":"es"},{"@type":"Organization","@id":"https:\/\/pldistribucion.com.ar\/web\/#organization","name":"PERFORMANCE LUBE","url":"https:\/\/pldistribucion.com.ar\/web\/","logo":{"@type":"ImageObject","inLanguage":"es","@id":"https:\/\/pldistribucion.com.ar\/web\/#\/schema\/logo\/image\/","url":"https:\/\/pldistribucion.com.ar\/web\/wp-content\/uploads\/pld_logo_GB-removebg-preview.png","contentUrl":"https:\/\/pldistribucion.com.ar\/web\/wp-content\/uploads\/pld_logo_GB-removebg-preview.png","width":787,"height":317,"caption":"PERFORMANCE LUBE"},"image":{"@id":"https:\/\/pldistribucion.com.ar\/web\/#\/schema\/logo\/image\/"}}]}},"_links":{"self":[{"href":"https:\/\/pldistribucion.com.ar\/web\/wp-json\/wp\/v2\/product\/3425"}],"collection":[{"href":"https:\/\/pldistribucion.com.ar\/web\/wp-json\/wp\/v2\/product"}],"about":[{"href":"https:\/\/pldistribucion.com.ar\/web\/wp-json\/wp\/v2\/types\/product"}],"replies":[{"embeddable":true,"href":"https:\/\/pldistribucion.com.ar\/web\/wp-json\/wp\/v2\/comments?post=3425"}],"wp:featuredmedia":[{"embeddable":true,"href":"https:\/\/pldistribucion.com.ar\/web\/wp-json\/wp\/v2\/media\/3428"}],"wp:attachment":[{"href":"https:\/\/pldistribucion.com.ar\/web\/wp-json\/wp\/v2\/media?parent=3425"}],"wp:term":[{"taxonomy":"product_cat","embeddable":true,"href":"https:\/\/pldistribucion.com.ar\/web\/wp-json\/wp\/v2\/product_cat?post=3425"},{"taxonomy":"product_tag","embeddable":true,"href":"https:\/\/pldistribucion.com.ar\/web\/wp-json\/wp\/v2\/product_tag?post=3425"}],"curies":[{"name":"wp","href":"https:\/\/api.w.org\/{rel}","templated":true}]}}