{"id":2906,"date":"2022-01-27T15:38:58","date_gmt":"2022-01-27T15:38:58","guid":{"rendered":"https:\/\/pldistribucion.com.ar\/web\/?post_type=product&#038;p=2906"},"modified":"2022-03-29T14:00:15","modified_gmt":"2022-03-29T14:00:15","slug":"reniso-series-fuchs","status":"publish","type":"product","link":"https:\/\/pldistribucion.com.ar\/web\/producto\/reniso-series-fuchs\/","title":{"rendered":"FUCHS RENISO SERIES"},"content":{"rendered":"<h1><span style=\"font-size: 80%;\"><strong>FUCHS RENISO SERIES \/ Lubricante industrial.<\/strong><\/span><\/h1>\n<h3><span style=\"font-size: 80%;\"><em><span style=\"background-color: #b4e0e0;\"><strong>DESCRIPCI\u00d3N DEL PRODUCTO<\/strong><\/span><\/em><\/span><\/h3>\n<p><span style=\"color: #000000;\">FUCHS RENISO SERIES es una l\u00ednea de aceites refrigerantes sint\u00e9ticos que se basan espec\u00edficamente en poliol\u00e9steres (POE). <\/span><span style=\"color: #000000;\">Adem\u00e1s ha sido formulada para su uso con refrigerantes de di\u00f3xido de carbono.<\/span><\/p>\n<p><span style=\"color: #000000;\">Esta serie de lubricantes se basa espec\u00edficamente para aplicaciones de di\u00f3xido de carbono pero adem\u00e1s de ser completamente miscible con el mismo, tambi\u00e9n contiene un eficaz sistema de aditivos,por lo que garantiza propiedades anti-desgaste y de m\u00e1xima resistencia al envejecimiento.<\/span><\/p>\n<h3><span style=\"font-size: 80%;\"><em><span style=\"background-color: #b4e0e0;\"><strong>CARACTER\u00cdSTICAS <\/strong><\/span><\/em><\/span><\/h3>\n<p><span style=\"color: #000000;\">En primer lugar como factor diferenciador se puede decir que la gama Reniso es compatible con todos los fluidos refrigerantes ya que incluye una completa l\u00ednea de productos para todo tipo de compresores utilizados en diversas aplicaciones industriales.<\/span><\/p>\n<p><span style=\"color: #000000;\">Esta serie de lubricantes desarrolla una amplia gama de propiedades por lo tanto permite que la selecci\u00f3n del lubricante sea adecuado para cada aplicaci\u00f3n o necesidad del cliente. Alto rendimiento Perfecta solubilidad con los refrigerantes correspondientes. Qu\u00edmica y t\u00e9rmicamente estable. Conserva sus propiedades incluso a muy bajas temperaturas.<\/span><\/p>\n<p><span style=\"color: #000000;\">Adem\u00e1s garantizan una perfecta lubricaci\u00f3n de pistones y rotores, sellado de v\u00e1lvulas y partes m\u00f3viles para prolongar la vida \u00fatil del compresor.<\/span><\/p>\n<p><span style=\"color: #0000ff;\"><strong><a style=\"color: #0000ff;\" href=\"https:\/\/pldistribucion.com.ar\/web\/productos\/?filter_marcas=fuchs\" target=\"_blank\" rel=\"noopener\">Ver m\u00e1s productos FUCHS<\/a><\/strong><\/span><\/p>\n<p><span style=\"color: #000000;\">( Fuchs es un grupo global de origen alem\u00e1n que lleva m\u00e1s de 90 a\u00f1os desarrollando, produciendo y comercializando lubricantes y productos especializados relacionados para una amplia variedad de aplicaciones e industrias. Es el fabricante de lubricantes independiente m\u00e1s grande de Alemania. Mundo, con operaciones en los cinco continentes).<\/span><\/p>\n<p><span style=\"color: #0000ff;\"><strong><a style=\"color: #0000ff;\" href=\"https:\/\/www.fuchs.com\/\" target=\"_blank\" rel=\"noopener\">Conoce m\u00e1s sobre FUCHS<\/a><\/strong><\/span><\/p>\n","protected":false},"excerpt":{"rendered":"<p><img loading=\"lazy\" decoding=\"async\" class=\"alignnone size-full wp-image-2880\" src=\"https:\/\/pldistribucion.com.ar\/web\/wp-content\/uploads\/FUCHS-1.png\" alt=\"\" width=\"270\" height=\"180\" \/><\/p>\n<h1>LUBRICANTES<\/h1>\n<p>Los lubricantes industriales <strong>FUCHS<\/strong> pueden contribuir significativamente a mejorar la productividad y la eficiencia, as\u00ed como a reducir el consumo de energ\u00eda, por ejemplo, en sistemas hidr\u00e1ulicos, unidades de engranajes y muchas otras aplicaciones.<\/p>\n<p>Ya sea para generar y transmitir energ\u00eda, reducir o transmitir fuerzas motrices, generar aire refrigerado o comprimido, o para aplicaciones de m\u00e1quinas herramienta y en muchas otras \u00e1reas de la producci\u00f3n, los lubricantes industriales deben realizar tareas clave.<\/p>\n","protected":false},"featured_media":2890,"comment_status":"open","ping_status":"closed","template":"","meta":[],"product_cat":[16,34],"product_tag":[],"yoast_head":"<!-- This site is optimized with the Yoast SEO plugin v23.0 - https:\/\/yoast.com\/wordpress\/plugins\/seo\/ -->\n<title>FUCHS RENISO SERIES - Perfomance Lube - Lubricantes<\/title>\n<meta name=\"description\" content=\"Distribuidor de lubricantes FUCHS de diferentes aplicaciones. Env\u00edos a todo el pa\u00eds. Variedad de productos y stock disponible. RENISO SERIES\" \/>\n<meta name=\"robots\" content=\"index, follow, max-snippet:-1, max-image-preview:large, max-video-preview:-1\" \/>\n<link rel=\"canonical\" href=\"http:\/\/FUCHSRENISOSERIES\" \/>\n<meta property=\"og:locale\" content=\"es_ES\" \/>\n<meta property=\"og:type\" content=\"article\" \/>\n<meta property=\"og:title\" content=\"FUCHS RENISO SERIES - Perfomance Lube - Lubricantes\" \/>\n<meta property=\"og:description\" content=\"Distribuidor de lubricantes FUCHS de diferentes aplicaciones. Env\u00edos a todo el pa\u00eds. Variedad de productos y stock disponible. RENISO SERIES\" \/>\n<meta property=\"og:url\" content=\"http:\/\/FUCHSRENISOSERIES\" \/>\n<meta property=\"og:site_name\" content=\"Perfomance Lube\" \/>\n<meta property=\"article:modified_time\" content=\"2022-03-29T14:00:15+00:00\" \/>\n<meta property=\"og:image\" content=\"https:\/\/pldistribucion.com.ar\/web\/wp-content\/uploads\/foto22.png\" \/>\n\t<meta property=\"og:image:width\" content=\"400\" \/>\n\t<meta property=\"og:image:height\" content=\"300\" \/>\n\t<meta property=\"og:image:type\" content=\"image\/png\" \/>\n<meta name=\"twitter:card\" content=\"summary_large_image\" \/>\n<meta name=\"twitter:label1\" content=\"Tiempo de lectura\" \/>\n\t<meta name=\"twitter:data1\" content=\"1 minuto\" \/>\n<script type=\"application\/ld+json\" class=\"yoast-schema-graph\">{\"@context\":\"https:\/\/schema.org\",\"@graph\":[{\"@type\":\"WebPage\",\"@id\":\"https:\/\/pldistribucion.com.ar\/web\/producto\/reniso-series-fuchs\/\",\"url\":\"http:\/\/FUCHSRENISOSERIES\",\"name\":\"FUCHS RENISO SERIES - Perfomance Lube - Lubricantes\",\"isPartOf\":{\"@id\":\"https:\/\/pldistribucion.com.ar\/web\/#website\"},\"primaryImageOfPage\":{\"@id\":\"http:\/\/FUCHSRENISOSERIES#primaryimage\"},\"image\":{\"@id\":\"http:\/\/FUCHSRENISOSERIES#primaryimage\"},\"thumbnailUrl\":\"https:\/\/pldistribucion.com.ar\/web\/wp-content\/uploads\/foto22.png\",\"datePublished\":\"2022-01-27T15:38:58+00:00\",\"dateModified\":\"2022-03-29T14:00:15+00:00\",\"description\":\"Distribuidor de lubricantes FUCHS de diferentes aplicaciones. Env\u00edos a todo el pa\u00eds. Variedad de productos y stock disponible. RENISO SERIES\",\"breadcrumb\":{\"@id\":\"http:\/\/FUCHSRENISOSERIES#breadcrumb\"},\"inLanguage\":\"es\",\"potentialAction\":[{\"@type\":\"ReadAction\",\"target\":[\"http:\/\/FUCHSRENISOSERIES\"]}]},{\"@type\":\"ImageObject\",\"inLanguage\":\"es\",\"@id\":\"http:\/\/FUCHSRENISOSERIES#primaryimage\",\"url\":\"https:\/\/pldistribucion.com.ar\/web\/wp-content\/uploads\/foto22.png\",\"contentUrl\":\"https:\/\/pldistribucion.com.ar\/web\/wp-content\/uploads\/foto22.png\",\"width\":400,\"height\":300,\"caption\":\"Lubricante industrial FUCHS - RENISO SERIES\"},{\"@type\":\"BreadcrumbList\",\"@id\":\"http:\/\/FUCHSRENISOSERIES#breadcrumb\",\"itemListElement\":[{\"@type\":\"ListItem\",\"position\":1,\"name\":\"Portada\",\"item\":\"https:\/\/pldistribucion.com.ar\/web\/\"},{\"@type\":\"ListItem\",\"position\":2,\"name\":\"Productos\",\"item\":\"https:\/\/pldistribucion.com.ar\/web\/productos\/\"},{\"@type\":\"ListItem\",\"position\":3,\"name\":\"FUCHS RENISO SERIES\"}]},{\"@type\":\"WebSite\",\"@id\":\"https:\/\/pldistribucion.com.ar\/web\/#website\",\"url\":\"https:\/\/pldistribucion.com.ar\/web\/\",\"name\":\"Perfomance Lube\",\"description\":\"\",\"publisher\":{\"@id\":\"https:\/\/pldistribucion.com.ar\/web\/#organization\"},\"potentialAction\":[{\"@type\":\"SearchAction\",\"target\":{\"@type\":\"EntryPoint\",\"urlTemplate\":\"https:\/\/pldistribucion.com.ar\/web\/?s={search_term_string}\"},\"query-input\":\"required name=search_term_string\"}],\"inLanguage\":\"es\"},{\"@type\":\"Organization\",\"@id\":\"https:\/\/pldistribucion.com.ar\/web\/#organization\",\"name\":\"PERFORMANCE LUBE\",\"url\":\"https:\/\/pldistribucion.com.ar\/web\/\",\"logo\":{\"@type\":\"ImageObject\",\"inLanguage\":\"es\",\"@id\":\"https:\/\/pldistribucion.com.ar\/web\/#\/schema\/logo\/image\/\",\"url\":\"https:\/\/pldistribucion.com.ar\/web\/wp-content\/uploads\/pld_logo_GB-removebg-preview.png\",\"contentUrl\":\"https:\/\/pldistribucion.com.ar\/web\/wp-content\/uploads\/pld_logo_GB-removebg-preview.png\",\"width\":787,\"height\":317,\"caption\":\"PERFORMANCE LUBE\"},\"image\":{\"@id\":\"https:\/\/pldistribucion.com.ar\/web\/#\/schema\/logo\/image\/\"}}]}<\/script>\n<!-- \/ Yoast SEO plugin. -->","yoast_head_json":{"title":"FUCHS RENISO SERIES - Perfomance Lube - Lubricantes","description":"Distribuidor de lubricantes FUCHS de diferentes aplicaciones. Env\u00edos a todo el pa\u00eds. Variedad de productos y stock disponible. RENISO SERIES","robots":{"index":"index","follow":"follow","max-snippet":"max-snippet:-1","max-image-preview":"max-image-preview:large","max-video-preview":"max-video-preview:-1"},"canonical":"http:\/\/FUCHSRENISOSERIES","og_locale":"es_ES","og_type":"article","og_title":"FUCHS RENISO SERIES - Perfomance Lube - Lubricantes","og_description":"Distribuidor de lubricantes FUCHS de diferentes aplicaciones. Env\u00edos a todo el pa\u00eds. Variedad de productos y stock disponible. RENISO SERIES","og_url":"http:\/\/FUCHSRENISOSERIES","og_site_name":"Perfomance Lube","article_modified_time":"2022-03-29T14:00:15+00:00","og_image":[{"width":400,"height":300,"url":"https:\/\/pldistribucion.com.ar\/web\/wp-content\/uploads\/foto22.png","type":"image\/png"}],"twitter_card":"summary_large_image","twitter_misc":{"Tiempo de lectura":"1 minuto"},"schema":{"@context":"https:\/\/schema.org","@graph":[{"@type":"WebPage","@id":"https:\/\/pldistribucion.com.ar\/web\/producto\/reniso-series-fuchs\/","url":"http:\/\/FUCHSRENISOSERIES","name":"FUCHS RENISO SERIES - Perfomance Lube - Lubricantes","isPartOf":{"@id":"https:\/\/pldistribucion.com.ar\/web\/#website"},"primaryImageOfPage":{"@id":"http:\/\/FUCHSRENISOSERIES#primaryimage"},"image":{"@id":"http:\/\/FUCHSRENISOSERIES#primaryimage"},"thumbnailUrl":"https:\/\/pldistribucion.com.ar\/web\/wp-content\/uploads\/foto22.png","datePublished":"2022-01-27T15:38:58+00:00","dateModified":"2022-03-29T14:00:15+00:00","description":"Distribuidor de lubricantes FUCHS de diferentes aplicaciones. Env\u00edos a todo el pa\u00eds. Variedad de productos y stock disponible. RENISO SERIES","breadcrumb":{"@id":"http:\/\/FUCHSRENISOSERIES#breadcrumb"},"inLanguage":"es","potentialAction":[{"@type":"ReadAction","target":["http:\/\/FUCHSRENISOSERIES"]}]},{"@type":"ImageObject","inLanguage":"es","@id":"http:\/\/FUCHSRENISOSERIES#primaryimage","url":"https:\/\/pldistribucion.com.ar\/web\/wp-content\/uploads\/foto22.png","contentUrl":"https:\/\/pldistribucion.com.ar\/web\/wp-content\/uploads\/foto22.png","width":400,"height":300,"caption":"Lubricante industrial FUCHS - RENISO SERIES"},{"@type":"BreadcrumbList","@id":"http:\/\/FUCHSRENISOSERIES#breadcrumb","itemListElement":[{"@type":"ListItem","position":1,"name":"Portada","item":"https:\/\/pldistribucion.com.ar\/web\/"},{"@type":"ListItem","position":2,"name":"Productos","item":"https:\/\/pldistribucion.com.ar\/web\/productos\/"},{"@type":"ListItem","position":3,"name":"FUCHS RENISO SERIES"}]},{"@type":"WebSite","@id":"https:\/\/pldistribucion.com.ar\/web\/#website","url":"https:\/\/pldistribucion.com.ar\/web\/","name":"Perfomance Lube","description":"","publisher":{"@id":"https:\/\/pldistribucion.com.ar\/web\/#organization"},"potentialAction":[{"@type":"SearchAction","target":{"@type":"EntryPoint","urlTemplate":"https:\/\/pldistribucion.com.ar\/web\/?s={search_term_string}"},"query-input":"required name=search_term_string"}],"inLanguage":"es"},{"@type":"Organization","@id":"https:\/\/pldistribucion.com.ar\/web\/#organization","name":"PERFORMANCE LUBE","url":"https:\/\/pldistribucion.com.ar\/web\/","logo":{"@type":"ImageObject","inLanguage":"es","@id":"https:\/\/pldistribucion.com.ar\/web\/#\/schema\/logo\/image\/","url":"https:\/\/pldistribucion.com.ar\/web\/wp-content\/uploads\/pld_logo_GB-removebg-preview.png","contentUrl":"https:\/\/pldistribucion.com.ar\/web\/wp-content\/uploads\/pld_logo_GB-removebg-preview.png","width":787,"height":317,"caption":"PERFORMANCE LUBE"},"image":{"@id":"https:\/\/pldistribucion.com.ar\/web\/#\/schema\/logo\/image\/"}}]}},"_links":{"self":[{"href":"https:\/\/pldistribucion.com.ar\/web\/wp-json\/wp\/v2\/product\/2906"}],"collection":[{"href":"https:\/\/pldistribucion.com.ar\/web\/wp-json\/wp\/v2\/product"}],"about":[{"href":"https:\/\/pldistribucion.com.ar\/web\/wp-json\/wp\/v2\/types\/product"}],"replies":[{"embeddable":true,"href":"https:\/\/pldistribucion.com.ar\/web\/wp-json\/wp\/v2\/comments?post=2906"}],"wp:featuredmedia":[{"embeddable":true,"href":"https:\/\/pldistribucion.com.ar\/web\/wp-json\/wp\/v2\/media\/2890"}],"wp:attachment":[{"href":"https:\/\/pldistribucion.com.ar\/web\/wp-json\/wp\/v2\/media?parent=2906"}],"wp:term":[{"taxonomy":"product_cat","embeddable":true,"href":"https:\/\/pldistribucion.com.ar\/web\/wp-json\/wp\/v2\/product_cat?post=2906"},{"taxonomy":"product_tag","embeddable":true,"href":"https:\/\/pldistribucion.com.ar\/web\/wp-json\/wp\/v2\/product_tag?post=2906"}],"curies":[{"name":"wp","href":"https:\/\/api.w.org\/{rel}","templated":true}]}}