{"id":2898,"date":"2022-01-27T11:29:01","date_gmt":"2022-01-27T11:29:01","guid":{"rendered":"https:\/\/pldistribucion.com.ar\/web\/?post_type=product&#038;p=2898"},"modified":"2022-03-29T14:00:18","modified_gmt":"2022-03-29T14:00:18","slug":"fuchs-renolin-clpf-super-series","status":"publish","type":"product","link":"https:\/\/pldistribucion.com.ar\/web\/producto\/fuchs-renolin-clpf-super-series\/","title":{"rendered":"FUCHS RENOLIN CLPF"},"content":{"rendered":"<h1><strong><em><span style=\"font-size: 80%;\">FUCHS RENOLIN CLPF SUPER &#8211; SERIES.<\/span><\/em><\/strong><\/h1>\n<h3><span style=\"font-size: 80%;\"><em><span style=\"background-color: #b4e0e0;\"><strong>DESCRIPCI\u00d3N DEL PRODUCTO<\/strong><\/span><\/em><\/span><\/h3>\n<p><span style=\"color: #000000;\">FUCHS RENOLIN CLPF es una serie de aceites refinados especiales con buena estabilidad al envejecimiento que contienen MoS2 y aditivos EP sin\u00e9rgicos.<\/span><\/p>\n<h3><span style=\"font-size: 80%;\"><em><span style=\"background-color: #b4e0e0;\"><strong>CARACTER\u00cdSTICAS Y BENEFICIOS<\/strong><\/span><\/em><\/span><\/h3>\n<ul>\n<li><span style=\"color: #000000;\">Reducen la fricci\u00f3n y tienen un efecto de amortiguaci\u00f3n.<\/span><\/li>\n<li><span style=\"color: #000000;\">Tiene una excelente protecci\u00f3n contra el desgaste en condiciones l\u00edmite de fricci\u00f3n, buenas propiedades de suspensi\u00f3n de la suciedad (efecto detergente), baja formaci\u00f3n de espuma y muy buena protecci\u00f3n contra el desgaste de rodamientos FE8 y no contienen zinc ni lubricantes de silicona.<\/span><\/li>\n<li><span style=\"color: #000000;\">La serie de lubricantes RENOLIN CLPF SUPER supera los requerimientos m\u00ednimos de los fluidos lubricantes CLPD seg\u00fan las normas DIN 51 517, Part 3 (2004) junto con DIN 51 502, ISO 6743\/6 e ISO 12925-1: CKC, CKD.<\/span><\/li>\n<\/ul>\n<h3><span style=\"font-size: 80%;\"><em><span style=\"background-color: #b4e0e0;\"><strong>APLICACIONES<\/strong><\/span><\/em><\/span><\/h3>\n<p><span style=\"color: #000000;\">Lubricantes EP para cajas de cambios con aditivos qu\u00edmicos EP\/AW sinerg\u00e9ticos y lubricantes s\u00f3lidos a base de MoS2. Son f\u00edsicamente eficaces y abarcan una amplia variedad de temperaturas en condiciones l\u00edmite de fricci\u00f3n<\/span><\/p>\n<p><span style=\"color: #000000;\">Al tener una base de aceite mineral puede ser utilizado para engranajes altamente cargados especialmente en condiciones desfavorables y para aplicaciones sujetas a cargas intermitentes y de choque. <\/span><span style=\"color: #000000;\">Tambi\u00e9n supera los requisitos de los aceites para engranajes CLPF seg\u00fan ISO 12925-1:CKC, CKD. Aprobado por reconocidos fabricantes de engranajes.<\/span><\/p>\n<p><strong><span style=\"color: #0000ff;\"><a style=\"color: #0000ff;\" href=\"https:\/\/pldistribucion.com.ar\/web\/wp-content\/uploads\/ficha-3-17.pdf\" target=\"_blank\" rel=\"noopener\">Ver ficha t\u00e9cnica<\/a><\/span><\/strong><\/p>\n<p><span style=\"color: #0000ff;\"><strong><a style=\"color: #0000ff;\" href=\"https:\/\/pldistribucion.com.ar\/web\/categoria-producto\/lubricantes\/?filter_marcas=fuchs\" target=\"_blank\" rel=\"noopener\">Ver m\u00e1s productos FUCHS<\/a><\/strong><\/span><\/p>\n<p><span style=\"color: #000000;\">( Fuchs es un grupo global de origen alem\u00e1n que lleva m\u00e1s de 90 a\u00f1os desarrollando, produciendo y comercializando lubricantes y productos especializados relacionados para una amplia variedad de aplicaciones e industrias. Es el fabricante de lubricantes independiente m\u00e1s grande de Alemania. Mundo, con operaciones en los cinco continentes. Por otro lado, cuenta con productos innovadores de la m\u00e1s alta calidad de los principales fabricantes, con una l\u00ednea completa de productos y soluciones personalizadas, un producto para cada aplicaci\u00f3n).<\/span><\/p>\n<p><span style=\"color: #0000ff;\"><strong><a style=\"color: #0000ff;\" href=\"https:\/\/www.fuchs.com\/\" target=\"_blank\" rel=\"noopener\">Conoce m\u00e1s sobre FUCHS<\/a><\/strong><\/span><\/p>\n","protected":false},"excerpt":{"rendered":"<p><img loading=\"lazy\" decoding=\"async\" class=\"alignnone size-full wp-image-2883\" src=\"https:\/\/pldistribucion.com.ar\/web\/wp-content\/uploads\/FUCHS-1-1.png\" alt=\"\" width=\"270\" height=\"180\" \/><\/p>\n<h1>LUBRICANTES<\/h1>\n<p>Los lubricantes industriales <strong>FUCHS<\/strong> pueden contribuir significativamente a mejorar la productividad y la eficiencia, as\u00ed como a reducir el consumo de energ\u00eda, por ejemplo, en sistemas hidr\u00e1ulicos, unidades de engranajes y muchas otras aplicaciones.<\/p>\n<p>Ya sea para generar y transmitir energ\u00eda, reducir o transmitir fuerzas motrices, generar aire refrigerado o comprimido, o para aplicaciones de m\u00e1quinas herramienta y en muchas otras \u00e1reas de la producci\u00f3n, los lubricantes industriales deben realizar tareas clave.<\/p>\n","protected":false},"featured_media":2896,"comment_status":"open","ping_status":"closed","template":"","meta":[],"product_cat":[16,34],"product_tag":[],"yoast_head":"<!-- This site is optimized with the Yoast SEO plugin v23.0 - https:\/\/yoast.com\/wordpress\/plugins\/seo\/ -->\n<title>FUCHS RENOLIN CLPF - Perfomance Lube -Lubricantes<\/title>\n<meta name=\"description\" content=\"Distribuidor de lubricantes FUCHS de diferentes aplicaciones. Env\u00edos a todo el pa\u00eds. Variedad de productos y stock disponible.FUCHS RENOLIN CLPF\" \/>\n<meta name=\"robots\" content=\"index, follow, max-snippet:-1, max-image-preview:large, max-video-preview:-1\" \/>\n<link rel=\"canonical\" href=\"https:\/\/pldistribucion.com.ar\/web\/producto\/fuchs-renolin-clpf-super-series\/\" \/>\n<meta property=\"og:locale\" content=\"es_ES\" \/>\n<meta property=\"og:type\" content=\"article\" \/>\n<meta property=\"og:title\" content=\"FUCHS RENOLIN CLPF - Perfomance Lube -Lubricantes\" \/>\n<meta property=\"og:description\" content=\"Distribuidor de lubricantes FUCHS de diferentes aplicaciones. Env\u00edos a todo el pa\u00eds. Variedad de productos y stock disponible.FUCHS RENOLIN CLPF\" \/>\n<meta property=\"og:url\" content=\"https:\/\/pldistribucion.com.ar\/web\/producto\/fuchs-renolin-clpf-super-series\/\" \/>\n<meta property=\"og:site_name\" content=\"Perfomance Lube\" \/>\n<meta property=\"article:modified_time\" content=\"2022-03-29T14:00:18+00:00\" \/>\n<meta property=\"og:image\" content=\"https:\/\/pldistribucion.com.ar\/web\/wp-content\/uploads\/tambor-2.jpg\" \/>\n\t<meta property=\"og:image:width\" content=\"820\" \/>\n\t<meta property=\"og:image:height\" content=\"820\" \/>\n\t<meta property=\"og:image:type\" content=\"image\/jpeg\" \/>\n<meta name=\"twitter:card\" content=\"summary_large_image\" \/>\n<meta name=\"twitter:label1\" content=\"Tiempo de lectura\" \/>\n\t<meta name=\"twitter:data1\" content=\"2 minutos\" \/>\n<script type=\"application\/ld+json\" class=\"yoast-schema-graph\">{\"@context\":\"https:\/\/schema.org\",\"@graph\":[{\"@type\":\"WebPage\",\"@id\":\"https:\/\/pldistribucion.com.ar\/web\/producto\/fuchs-renolin-clpf-super-series\/\",\"url\":\"https:\/\/pldistribucion.com.ar\/web\/producto\/fuchs-renolin-clpf-super-series\/\",\"name\":\"FUCHS RENOLIN CLPF - Perfomance Lube -Lubricantes\",\"isPartOf\":{\"@id\":\"https:\/\/pldistribucion.com.ar\/web\/#website\"},\"primaryImageOfPage\":{\"@id\":\"https:\/\/pldistribucion.com.ar\/web\/producto\/fuchs-renolin-clpf-super-series\/#primaryimage\"},\"image\":{\"@id\":\"https:\/\/pldistribucion.com.ar\/web\/producto\/fuchs-renolin-clpf-super-series\/#primaryimage\"},\"thumbnailUrl\":\"https:\/\/pldistribucion.com.ar\/web\/wp-content\/uploads\/tambor-2.jpg\",\"datePublished\":\"2022-01-27T11:29:01+00:00\",\"dateModified\":\"2022-03-29T14:00:18+00:00\",\"description\":\"Distribuidor de lubricantes FUCHS de diferentes aplicaciones. Env\u00edos a todo el pa\u00eds. Variedad de productos y stock disponible.FUCHS RENOLIN CLPF\",\"breadcrumb\":{\"@id\":\"https:\/\/pldistribucion.com.ar\/web\/producto\/fuchs-renolin-clpf-super-series\/#breadcrumb\"},\"inLanguage\":\"es\",\"potentialAction\":[{\"@type\":\"ReadAction\",\"target\":[\"https:\/\/pldistribucion.com.ar\/web\/producto\/fuchs-renolin-clpf-super-series\/\"]}]},{\"@type\":\"ImageObject\",\"inLanguage\":\"es\",\"@id\":\"https:\/\/pldistribucion.com.ar\/web\/producto\/fuchs-renolin-clpf-super-series\/#primaryimage\",\"url\":\"https:\/\/pldistribucion.com.ar\/web\/wp-content\/uploads\/tambor-2.jpg\",\"contentUrl\":\"https:\/\/pldistribucion.com.ar\/web\/wp-content\/uploads\/tambor-2.jpg\",\"width\":820,\"height\":820,\"caption\":\"CARBAFLO 790 FUCHS\"},{\"@type\":\"BreadcrumbList\",\"@id\":\"https:\/\/pldistribucion.com.ar\/web\/producto\/fuchs-renolin-clpf-super-series\/#breadcrumb\",\"itemListElement\":[{\"@type\":\"ListItem\",\"position\":1,\"name\":\"Portada\",\"item\":\"https:\/\/pldistribucion.com.ar\/web\/\"},{\"@type\":\"ListItem\",\"position\":2,\"name\":\"Productos\",\"item\":\"https:\/\/pldistribucion.com.ar\/web\/productos\/\"},{\"@type\":\"ListItem\",\"position\":3,\"name\":\"FUCHS RENOLIN CLPF\"}]},{\"@type\":\"WebSite\",\"@id\":\"https:\/\/pldistribucion.com.ar\/web\/#website\",\"url\":\"https:\/\/pldistribucion.com.ar\/web\/\",\"name\":\"Perfomance Lube\",\"description\":\"\",\"publisher\":{\"@id\":\"https:\/\/pldistribucion.com.ar\/web\/#organization\"},\"potentialAction\":[{\"@type\":\"SearchAction\",\"target\":{\"@type\":\"EntryPoint\",\"urlTemplate\":\"https:\/\/pldistribucion.com.ar\/web\/?s={search_term_string}\"},\"query-input\":\"required name=search_term_string\"}],\"inLanguage\":\"es\"},{\"@type\":\"Organization\",\"@id\":\"https:\/\/pldistribucion.com.ar\/web\/#organization\",\"name\":\"PERFORMANCE LUBE\",\"url\":\"https:\/\/pldistribucion.com.ar\/web\/\",\"logo\":{\"@type\":\"ImageObject\",\"inLanguage\":\"es\",\"@id\":\"https:\/\/pldistribucion.com.ar\/web\/#\/schema\/logo\/image\/\",\"url\":\"https:\/\/pldistribucion.com.ar\/web\/wp-content\/uploads\/pld_logo_GB-removebg-preview.png\",\"contentUrl\":\"https:\/\/pldistribucion.com.ar\/web\/wp-content\/uploads\/pld_logo_GB-removebg-preview.png\",\"width\":787,\"height\":317,\"caption\":\"PERFORMANCE LUBE\"},\"image\":{\"@id\":\"https:\/\/pldistribucion.com.ar\/web\/#\/schema\/logo\/image\/\"}}]}<\/script>\n<!-- \/ Yoast SEO plugin. -->","yoast_head_json":{"title":"FUCHS RENOLIN CLPF - Perfomance Lube -Lubricantes","description":"Distribuidor de lubricantes FUCHS de diferentes aplicaciones. Env\u00edos a todo el pa\u00eds. Variedad de productos y stock disponible.FUCHS RENOLIN CLPF","robots":{"index":"index","follow":"follow","max-snippet":"max-snippet:-1","max-image-preview":"max-image-preview:large","max-video-preview":"max-video-preview:-1"},"canonical":"https:\/\/pldistribucion.com.ar\/web\/producto\/fuchs-renolin-clpf-super-series\/","og_locale":"es_ES","og_type":"article","og_title":"FUCHS RENOLIN CLPF - Perfomance Lube -Lubricantes","og_description":"Distribuidor de lubricantes FUCHS de diferentes aplicaciones. Env\u00edos a todo el pa\u00eds. Variedad de productos y stock disponible.FUCHS RENOLIN CLPF","og_url":"https:\/\/pldistribucion.com.ar\/web\/producto\/fuchs-renolin-clpf-super-series\/","og_site_name":"Perfomance Lube","article_modified_time":"2022-03-29T14:00:18+00:00","og_image":[{"width":820,"height":820,"url":"https:\/\/pldistribucion.com.ar\/web\/wp-content\/uploads\/tambor-2.jpg","type":"image\/jpeg"}],"twitter_card":"summary_large_image","twitter_misc":{"Tiempo de lectura":"2 minutos"},"schema":{"@context":"https:\/\/schema.org","@graph":[{"@type":"WebPage","@id":"https:\/\/pldistribucion.com.ar\/web\/producto\/fuchs-renolin-clpf-super-series\/","url":"https:\/\/pldistribucion.com.ar\/web\/producto\/fuchs-renolin-clpf-super-series\/","name":"FUCHS RENOLIN CLPF - Perfomance Lube -Lubricantes","isPartOf":{"@id":"https:\/\/pldistribucion.com.ar\/web\/#website"},"primaryImageOfPage":{"@id":"https:\/\/pldistribucion.com.ar\/web\/producto\/fuchs-renolin-clpf-super-series\/#primaryimage"},"image":{"@id":"https:\/\/pldistribucion.com.ar\/web\/producto\/fuchs-renolin-clpf-super-series\/#primaryimage"},"thumbnailUrl":"https:\/\/pldistribucion.com.ar\/web\/wp-content\/uploads\/tambor-2.jpg","datePublished":"2022-01-27T11:29:01+00:00","dateModified":"2022-03-29T14:00:18+00:00","description":"Distribuidor de lubricantes FUCHS de diferentes aplicaciones. Env\u00edos a todo el pa\u00eds. Variedad de productos y stock disponible.FUCHS RENOLIN CLPF","breadcrumb":{"@id":"https:\/\/pldistribucion.com.ar\/web\/producto\/fuchs-renolin-clpf-super-series\/#breadcrumb"},"inLanguage":"es","potentialAction":[{"@type":"ReadAction","target":["https:\/\/pldistribucion.com.ar\/web\/producto\/fuchs-renolin-clpf-super-series\/"]}]},{"@type":"ImageObject","inLanguage":"es","@id":"https:\/\/pldistribucion.com.ar\/web\/producto\/fuchs-renolin-clpf-super-series\/#primaryimage","url":"https:\/\/pldistribucion.com.ar\/web\/wp-content\/uploads\/tambor-2.jpg","contentUrl":"https:\/\/pldistribucion.com.ar\/web\/wp-content\/uploads\/tambor-2.jpg","width":820,"height":820,"caption":"CARBAFLO 790 FUCHS"},{"@type":"BreadcrumbList","@id":"https:\/\/pldistribucion.com.ar\/web\/producto\/fuchs-renolin-clpf-super-series\/#breadcrumb","itemListElement":[{"@type":"ListItem","position":1,"name":"Portada","item":"https:\/\/pldistribucion.com.ar\/web\/"},{"@type":"ListItem","position":2,"name":"Productos","item":"https:\/\/pldistribucion.com.ar\/web\/productos\/"},{"@type":"ListItem","position":3,"name":"FUCHS RENOLIN CLPF"}]},{"@type":"WebSite","@id":"https:\/\/pldistribucion.com.ar\/web\/#website","url":"https:\/\/pldistribucion.com.ar\/web\/","name":"Perfomance Lube","description":"","publisher":{"@id":"https:\/\/pldistribucion.com.ar\/web\/#organization"},"potentialAction":[{"@type":"SearchAction","target":{"@type":"EntryPoint","urlTemplate":"https:\/\/pldistribucion.com.ar\/web\/?s={search_term_string}"},"query-input":"required name=search_term_string"}],"inLanguage":"es"},{"@type":"Organization","@id":"https:\/\/pldistribucion.com.ar\/web\/#organization","name":"PERFORMANCE LUBE","url":"https:\/\/pldistribucion.com.ar\/web\/","logo":{"@type":"ImageObject","inLanguage":"es","@id":"https:\/\/pldistribucion.com.ar\/web\/#\/schema\/logo\/image\/","url":"https:\/\/pldistribucion.com.ar\/web\/wp-content\/uploads\/pld_logo_GB-removebg-preview.png","contentUrl":"https:\/\/pldistribucion.com.ar\/web\/wp-content\/uploads\/pld_logo_GB-removebg-preview.png","width":787,"height":317,"caption":"PERFORMANCE LUBE"},"image":{"@id":"https:\/\/pldistribucion.com.ar\/web\/#\/schema\/logo\/image\/"}}]}},"_links":{"self":[{"href":"https:\/\/pldistribucion.com.ar\/web\/wp-json\/wp\/v2\/product\/2898"}],"collection":[{"href":"https:\/\/pldistribucion.com.ar\/web\/wp-json\/wp\/v2\/product"}],"about":[{"href":"https:\/\/pldistribucion.com.ar\/web\/wp-json\/wp\/v2\/types\/product"}],"replies":[{"embeddable":true,"href":"https:\/\/pldistribucion.com.ar\/web\/wp-json\/wp\/v2\/comments?post=2898"}],"wp:featuredmedia":[{"embeddable":true,"href":"https:\/\/pldistribucion.com.ar\/web\/wp-json\/wp\/v2\/media\/2896"}],"wp:attachment":[{"href":"https:\/\/pldistribucion.com.ar\/web\/wp-json\/wp\/v2\/media?parent=2898"}],"wp:term":[{"taxonomy":"product_cat","embeddable":true,"href":"https:\/\/pldistribucion.com.ar\/web\/wp-json\/wp\/v2\/product_cat?post=2898"},{"taxonomy":"product_tag","embeddable":true,"href":"https:\/\/pldistribucion.com.ar\/web\/wp-json\/wp\/v2\/product_tag?post=2898"}],"curies":[{"name":"wp","href":"https:\/\/api.w.org\/{rel}","templated":true}]}}