{"id":2894,"date":"2022-01-26T16:02:51","date_gmt":"2022-01-26T16:02:51","guid":{"rendered":"https:\/\/pldistribucion.com.ar\/web\/?post_type=product&#038;p=2894"},"modified":"2022-03-29T14:26:08","modified_gmt":"2022-03-29T14:26:08","slug":"fuchs-renolin-clp-series","status":"publish","type":"product","link":"https:\/\/pldistribucion.com.ar\/web\/producto\/fuchs-renolin-clp-series\/","title":{"rendered":"FUCHS RENOLIN CLP"},"content":{"rendered":"<h1><span style=\"font-size: 80%;\"><em><strong>FUCHS RENOLIN CLP &#8211; SERIES.<\/strong><\/em><\/span><\/h1>\n<h3><span style=\"font-size: 80%;\"><em><span style=\"background-color: #b4e0e0;\"><strong>DESCRIPCI\u00d3N DEL PRODUCTO<\/strong><\/span><\/em><\/span><\/h3>\n<p><span style=\"color: #000000;\">FUCHS RENOLIN CLP son aceites de engranajes industriales para trabajos pesados con excelentes caracter\u00edsticas de extrema presi\u00f3n, alta capacidad para soportar cargas, buena estabilidad al envejecimiento y basados en aceites minerales. <\/span><\/p>\n<p><span style=\"color: #000000;\">Son aceites de engranajes industriales con excelentes propiedades de desemulsificaci\u00f3n que se pueden utilizan en todo tipo de accionamientos de engranaje cerrado con sistemas de lubricaci\u00f3n por circulaci\u00f3n o por barboteo.<\/span><\/p>\n<p><span style=\"color: #000000;\">Los aceites RENOLIN CLP cumplen y superan los requisitos definidos en las normas DIN 51517-3: CLP; ISO 6743-6 y ISO 12925-1: CKC, CKD; AGMA 9005\/E02: EP. Aprobado por fabricantes de engranajes reconocidos.<\/span><\/p>\n<h3><span style=\"font-size: 80%;\"><em><span style=\"background-color: #b4e0e0;\"><strong>CARACTER\u00cdSTICAS Y BENEFICIOS<\/strong><\/span><\/em><\/span><\/h3>\n<p><span style=\"color: #000000;\">Estos productos ofrecen una extraordinaria protecci\u00f3n contra el desgaste<\/span><span style=\"color: #000000;\"> de los rodamientos de rodillos. Tambi\u00e9n p<\/span><span style=\"font-size: 14.4px; color: #000000;\">roporcionan una protecci\u00f3n contra micropicaduras extremadamente alta. <\/span><span style=\"color: #000000;\">La \u00faltima tecnolog\u00eda de aditivos garantiza una excelente protecci\u00f3n contra el desgaste y la corrosi\u00f3n.<\/span><\/p>\n<p><span style=\"color: #000000;\">Adem\u00e1s esta serie de productos tienen una buena compatibilidad con elast\u00f3meros, los elast\u00f3meros est\u00e1ticos y din\u00e1micos sometidos a tensi\u00f3n est\u00e1n lubricados y protegidos contra el desgaste. <\/span><span style=\"color: #000000;\">Se aumenta la vida \u00fatil de los componentes y se mejora la confiabilidad del equipo y aumentar la productividad.<\/span><\/p>\n<p><span style=\"color: #0000ff;\"><strong><a style=\"color: #0000ff;\" href=\"https:\/\/pldistribucion.com.ar\/web\/wp-content\/uploads\/ultima-ficha.pdf\" target=\"_blank\" rel=\"noopener\">Ver ficha t\u00e9cnica<\/a><\/strong><\/span><\/p>\n<p><span style=\"color: #0000ff;\"><strong><a style=\"color: #0000ff;\" href=\"https:\/\/pldistribucion.com.ar\/web\/categoria-producto\/lubricantes\/?filter_marcas=fuchs\" target=\"_blank\" rel=\"noopener\">Ver m\u00e1s productos FUCHS<\/a><\/strong><\/span><\/p>\n<p><span style=\"color: #000000;\">( Fuchs es un grupo global de origen alem\u00e1n que lleva m\u00e1s de 90 a\u00f1os desarrollando, produciendo y comercializando lubricantes y productos especializados relacionados para una amplia variedad de aplicaciones e industrias. Es el fabricante de lubricantes independiente m\u00e1s grande de Alemania. Mundo, con operaciones en los cinco continentes. Por otro lado, cuenta con productos innovadores de la m\u00e1s alta calidad de los principales fabricantes, con una l\u00ednea completa de productos y soluciones personalizadas, un producto para cada aplicaci\u00f3n).<\/span><\/p>\n<p><span style=\"color: #0000ff;\"><strong><a style=\"color: #0000ff;\" href=\"https:\/\/www.fuchs.com\/\" target=\"_blank\" rel=\"noopener\">Conoce m\u00e1s sobre FUCHS<\/a><\/strong><\/span><\/p>\n","protected":false},"excerpt":{"rendered":"<p><img loading=\"lazy\" decoding=\"async\" class=\"alignnone size-full wp-image-2883\" src=\"https:\/\/pldistribucion.com.ar\/web\/wp-content\/uploads\/FUCHS-1-1.png\" alt=\"\" width=\"270\" height=\"180\" \/><\/p>\n<h1>LUBRICANTES<\/h1>\n<p>Los lubricantes industriales <strong>FUCHS<\/strong> pueden contribuir significativamente a mejorar la productividad y la eficiencia, as\u00ed como a reducir el consumo de energ\u00eda, por ejemplo, en sistemas hidr\u00e1ulicos, unidades de engranajes y muchas otras aplicaciones.<\/p>\n<p>Ya sea para generar y transmitir energ\u00eda, reducir o transmitir fuerzas motrices, generar aire refrigerado o comprimido, o para aplicaciones de m\u00e1quinas herramienta y en muchas otras \u00e1reas de la producci\u00f3n, los lubricantes industriales deben realizar tareas clave.<\/p>\n","protected":false},"featured_media":2896,"comment_status":"open","ping_status":"closed","template":"","meta":[],"product_cat":[16,34],"product_tag":[],"yoast_head":"<!-- This site is optimized with the Yoast SEO plugin v23.0 - https:\/\/yoast.com\/wordpress\/plugins\/seo\/ -->\n<title>FUCHS RENOLIN CLP - Perfomance Lube - Lubricantes<\/title>\n<meta name=\"description\" content=\"Distribuidor de lubricantes FUCHS de diferentes aplicaciones. Env\u00edos a todo el pa\u00eds. Variedad de productos y stock disponible.FUCHS RENOLIN CLP\" \/>\n<meta name=\"robots\" content=\"index, follow, max-snippet:-1, max-image-preview:large, max-video-preview:-1\" \/>\n<link rel=\"canonical\" href=\"https:\/\/pldistribucion.com.ar\/web\/producto\/fuchs-renolin-clp-series\/\" \/>\n<meta property=\"og:locale\" content=\"es_ES\" \/>\n<meta property=\"og:type\" content=\"article\" \/>\n<meta property=\"og:title\" content=\"FUCHS RENOLIN CLP - Perfomance Lube - Lubricantes\" \/>\n<meta property=\"og:description\" content=\"Distribuidor de lubricantes FUCHS de diferentes aplicaciones. Env\u00edos a todo el pa\u00eds. Variedad de productos y stock disponible.FUCHS RENOLIN CLP\" \/>\n<meta property=\"og:url\" content=\"https:\/\/pldistribucion.com.ar\/web\/producto\/fuchs-renolin-clp-series\/\" \/>\n<meta property=\"og:site_name\" content=\"Perfomance Lube\" \/>\n<meta property=\"article:modified_time\" content=\"2022-03-29T14:26:08+00:00\" \/>\n<meta property=\"og:image\" content=\"https:\/\/pldistribucion.com.ar\/web\/wp-content\/uploads\/tambor-2.jpg\" \/>\n\t<meta property=\"og:image:width\" content=\"820\" \/>\n\t<meta property=\"og:image:height\" content=\"820\" \/>\n\t<meta property=\"og:image:type\" content=\"image\/jpeg\" \/>\n<meta name=\"twitter:card\" content=\"summary_large_image\" \/>\n<meta name=\"twitter:label1\" content=\"Tiempo de lectura\" \/>\n\t<meta name=\"twitter:data1\" content=\"2 minutos\" \/>\n<script type=\"application\/ld+json\" class=\"yoast-schema-graph\">{\"@context\":\"https:\/\/schema.org\",\"@graph\":[{\"@type\":\"WebPage\",\"@id\":\"https:\/\/pldistribucion.com.ar\/web\/producto\/fuchs-renolin-clp-series\/\",\"url\":\"https:\/\/pldistribucion.com.ar\/web\/producto\/fuchs-renolin-clp-series\/\",\"name\":\"FUCHS RENOLIN CLP - Perfomance Lube - Lubricantes\",\"isPartOf\":{\"@id\":\"https:\/\/pldistribucion.com.ar\/web\/#website\"},\"primaryImageOfPage\":{\"@id\":\"https:\/\/pldistribucion.com.ar\/web\/producto\/fuchs-renolin-clp-series\/#primaryimage\"},\"image\":{\"@id\":\"https:\/\/pldistribucion.com.ar\/web\/producto\/fuchs-renolin-clp-series\/#primaryimage\"},\"thumbnailUrl\":\"https:\/\/pldistribucion.com.ar\/web\/wp-content\/uploads\/tambor-2.jpg\",\"datePublished\":\"2022-01-26T16:02:51+00:00\",\"dateModified\":\"2022-03-29T14:26:08+00:00\",\"description\":\"Distribuidor de lubricantes FUCHS de diferentes aplicaciones. Env\u00edos a todo el pa\u00eds. Variedad de productos y stock disponible.FUCHS RENOLIN CLP\",\"breadcrumb\":{\"@id\":\"https:\/\/pldistribucion.com.ar\/web\/producto\/fuchs-renolin-clp-series\/#breadcrumb\"},\"inLanguage\":\"es\",\"potentialAction\":[{\"@type\":\"ReadAction\",\"target\":[\"https:\/\/pldistribucion.com.ar\/web\/producto\/fuchs-renolin-clp-series\/\"]}]},{\"@type\":\"ImageObject\",\"inLanguage\":\"es\",\"@id\":\"https:\/\/pldistribucion.com.ar\/web\/producto\/fuchs-renolin-clp-series\/#primaryimage\",\"url\":\"https:\/\/pldistribucion.com.ar\/web\/wp-content\/uploads\/tambor-2.jpg\",\"contentUrl\":\"https:\/\/pldistribucion.com.ar\/web\/wp-content\/uploads\/tambor-2.jpg\",\"width\":820,\"height\":820,\"caption\":\"CARBAFLO 790 FUCHS\"},{\"@type\":\"BreadcrumbList\",\"@id\":\"https:\/\/pldistribucion.com.ar\/web\/producto\/fuchs-renolin-clp-series\/#breadcrumb\",\"itemListElement\":[{\"@type\":\"ListItem\",\"position\":1,\"name\":\"Portada\",\"item\":\"https:\/\/pldistribucion.com.ar\/web\/\"},{\"@type\":\"ListItem\",\"position\":2,\"name\":\"Productos\",\"item\":\"https:\/\/pldistribucion.com.ar\/web\/productos\/\"},{\"@type\":\"ListItem\",\"position\":3,\"name\":\"FUCHS RENOLIN CLP\"}]},{\"@type\":\"WebSite\",\"@id\":\"https:\/\/pldistribucion.com.ar\/web\/#website\",\"url\":\"https:\/\/pldistribucion.com.ar\/web\/\",\"name\":\"Perfomance Lube\",\"description\":\"\",\"publisher\":{\"@id\":\"https:\/\/pldistribucion.com.ar\/web\/#organization\"},\"potentialAction\":[{\"@type\":\"SearchAction\",\"target\":{\"@type\":\"EntryPoint\",\"urlTemplate\":\"https:\/\/pldistribucion.com.ar\/web\/?s={search_term_string}\"},\"query-input\":\"required name=search_term_string\"}],\"inLanguage\":\"es\"},{\"@type\":\"Organization\",\"@id\":\"https:\/\/pldistribucion.com.ar\/web\/#organization\",\"name\":\"PERFORMANCE LUBE\",\"url\":\"https:\/\/pldistribucion.com.ar\/web\/\",\"logo\":{\"@type\":\"ImageObject\",\"inLanguage\":\"es\",\"@id\":\"https:\/\/pldistribucion.com.ar\/web\/#\/schema\/logo\/image\/\",\"url\":\"https:\/\/pldistribucion.com.ar\/web\/wp-content\/uploads\/pld_logo_GB-removebg-preview.png\",\"contentUrl\":\"https:\/\/pldistribucion.com.ar\/web\/wp-content\/uploads\/pld_logo_GB-removebg-preview.png\",\"width\":787,\"height\":317,\"caption\":\"PERFORMANCE LUBE\"},\"image\":{\"@id\":\"https:\/\/pldistribucion.com.ar\/web\/#\/schema\/logo\/image\/\"}}]}<\/script>\n<!-- \/ Yoast SEO plugin. -->","yoast_head_json":{"title":"FUCHS RENOLIN CLP - Perfomance Lube - Lubricantes","description":"Distribuidor de lubricantes FUCHS de diferentes aplicaciones. Env\u00edos a todo el pa\u00eds. Variedad de productos y stock disponible.FUCHS RENOLIN CLP","robots":{"index":"index","follow":"follow","max-snippet":"max-snippet:-1","max-image-preview":"max-image-preview:large","max-video-preview":"max-video-preview:-1"},"canonical":"https:\/\/pldistribucion.com.ar\/web\/producto\/fuchs-renolin-clp-series\/","og_locale":"es_ES","og_type":"article","og_title":"FUCHS RENOLIN CLP - Perfomance Lube - Lubricantes","og_description":"Distribuidor de lubricantes FUCHS de diferentes aplicaciones. Env\u00edos a todo el pa\u00eds. Variedad de productos y stock disponible.FUCHS RENOLIN CLP","og_url":"https:\/\/pldistribucion.com.ar\/web\/producto\/fuchs-renolin-clp-series\/","og_site_name":"Perfomance Lube","article_modified_time":"2022-03-29T14:26:08+00:00","og_image":[{"width":820,"height":820,"url":"https:\/\/pldistribucion.com.ar\/web\/wp-content\/uploads\/tambor-2.jpg","type":"image\/jpeg"}],"twitter_card":"summary_large_image","twitter_misc":{"Tiempo de lectura":"2 minutos"},"schema":{"@context":"https:\/\/schema.org","@graph":[{"@type":"WebPage","@id":"https:\/\/pldistribucion.com.ar\/web\/producto\/fuchs-renolin-clp-series\/","url":"https:\/\/pldistribucion.com.ar\/web\/producto\/fuchs-renolin-clp-series\/","name":"FUCHS RENOLIN CLP - Perfomance Lube - Lubricantes","isPartOf":{"@id":"https:\/\/pldistribucion.com.ar\/web\/#website"},"primaryImageOfPage":{"@id":"https:\/\/pldistribucion.com.ar\/web\/producto\/fuchs-renolin-clp-series\/#primaryimage"},"image":{"@id":"https:\/\/pldistribucion.com.ar\/web\/producto\/fuchs-renolin-clp-series\/#primaryimage"},"thumbnailUrl":"https:\/\/pldistribucion.com.ar\/web\/wp-content\/uploads\/tambor-2.jpg","datePublished":"2022-01-26T16:02:51+00:00","dateModified":"2022-03-29T14:26:08+00:00","description":"Distribuidor de lubricantes FUCHS de diferentes aplicaciones. Env\u00edos a todo el pa\u00eds. Variedad de productos y stock disponible.FUCHS RENOLIN CLP","breadcrumb":{"@id":"https:\/\/pldistribucion.com.ar\/web\/producto\/fuchs-renolin-clp-series\/#breadcrumb"},"inLanguage":"es","potentialAction":[{"@type":"ReadAction","target":["https:\/\/pldistribucion.com.ar\/web\/producto\/fuchs-renolin-clp-series\/"]}]},{"@type":"ImageObject","inLanguage":"es","@id":"https:\/\/pldistribucion.com.ar\/web\/producto\/fuchs-renolin-clp-series\/#primaryimage","url":"https:\/\/pldistribucion.com.ar\/web\/wp-content\/uploads\/tambor-2.jpg","contentUrl":"https:\/\/pldistribucion.com.ar\/web\/wp-content\/uploads\/tambor-2.jpg","width":820,"height":820,"caption":"CARBAFLO 790 FUCHS"},{"@type":"BreadcrumbList","@id":"https:\/\/pldistribucion.com.ar\/web\/producto\/fuchs-renolin-clp-series\/#breadcrumb","itemListElement":[{"@type":"ListItem","position":1,"name":"Portada","item":"https:\/\/pldistribucion.com.ar\/web\/"},{"@type":"ListItem","position":2,"name":"Productos","item":"https:\/\/pldistribucion.com.ar\/web\/productos\/"},{"@type":"ListItem","position":3,"name":"FUCHS RENOLIN CLP"}]},{"@type":"WebSite","@id":"https:\/\/pldistribucion.com.ar\/web\/#website","url":"https:\/\/pldistribucion.com.ar\/web\/","name":"Perfomance Lube","description":"","publisher":{"@id":"https:\/\/pldistribucion.com.ar\/web\/#organization"},"potentialAction":[{"@type":"SearchAction","target":{"@type":"EntryPoint","urlTemplate":"https:\/\/pldistribucion.com.ar\/web\/?s={search_term_string}"},"query-input":"required name=search_term_string"}],"inLanguage":"es"},{"@type":"Organization","@id":"https:\/\/pldistribucion.com.ar\/web\/#organization","name":"PERFORMANCE LUBE","url":"https:\/\/pldistribucion.com.ar\/web\/","logo":{"@type":"ImageObject","inLanguage":"es","@id":"https:\/\/pldistribucion.com.ar\/web\/#\/schema\/logo\/image\/","url":"https:\/\/pldistribucion.com.ar\/web\/wp-content\/uploads\/pld_logo_GB-removebg-preview.png","contentUrl":"https:\/\/pldistribucion.com.ar\/web\/wp-content\/uploads\/pld_logo_GB-removebg-preview.png","width":787,"height":317,"caption":"PERFORMANCE LUBE"},"image":{"@id":"https:\/\/pldistribucion.com.ar\/web\/#\/schema\/logo\/image\/"}}]}},"_links":{"self":[{"href":"https:\/\/pldistribucion.com.ar\/web\/wp-json\/wp\/v2\/product\/2894"}],"collection":[{"href":"https:\/\/pldistribucion.com.ar\/web\/wp-json\/wp\/v2\/product"}],"about":[{"href":"https:\/\/pldistribucion.com.ar\/web\/wp-json\/wp\/v2\/types\/product"}],"replies":[{"embeddable":true,"href":"https:\/\/pldistribucion.com.ar\/web\/wp-json\/wp\/v2\/comments?post=2894"}],"wp:featuredmedia":[{"embeddable":true,"href":"https:\/\/pldistribucion.com.ar\/web\/wp-json\/wp\/v2\/media\/2896"}],"wp:attachment":[{"href":"https:\/\/pldistribucion.com.ar\/web\/wp-json\/wp\/v2\/media?parent=2894"}],"wp:term":[{"taxonomy":"product_cat","embeddable":true,"href":"https:\/\/pldistribucion.com.ar\/web\/wp-json\/wp\/v2\/product_cat?post=2894"},{"taxonomy":"product_tag","embeddable":true,"href":"https:\/\/pldistribucion.com.ar\/web\/wp-json\/wp\/v2\/product_tag?post=2894"}],"curies":[{"name":"wp","href":"https:\/\/api.w.org\/{rel}","templated":true}]}}