{"id":2882,"date":"2022-01-26T14:16:33","date_gmt":"2022-01-26T14:16:33","guid":{"rendered":"https:\/\/pldistribucion.com.ar\/web\/?post_type=product&#038;p=2882"},"modified":"2022-03-30T11:09:00","modified_gmt":"2022-03-30T11:09:00","slug":"fuchs-renolin-mr-series","status":"publish","type":"product","link":"https:\/\/pldistribucion.com.ar\/web\/producto\/fuchs-renolin-mr-series\/","title":{"rendered":"FUCHS RENOLIN MR"},"content":{"rendered":"<h1><span style=\"font-size: 80%;\"><em><strong>FUCHS RENOLIN MR \/ SERIES.<\/strong><\/em><\/span><\/h1>\n<h3><span style=\"font-size: 80%;\"><em><span style=\"background-color: #b4e0e0;\"><strong>DESCRIPCI\u00d3N DEL PRODUCTO<\/strong><\/span><\/em><\/span><\/h3>\n<p><span style=\"color: #000000;\">FUCHS RENOLIN MR son aceites hidr\u00e1ulicos multigrado con aditivos antidesgaste EP, inhibidores de oxidaci\u00f3n y corrosi\u00f3n, antiherrumbre, antiespumante, mejoradores de IV, depresores de Pto. de Congelaci\u00f3n y aditivos detergentes.<\/span><\/p>\n<h3><span style=\"font-size: 80%;\"><em><span style=\"background-color: #b4e0e0;\"><strong>APLICACIONES<\/strong><\/span><\/em><\/span><\/h3>\n<p><span style=\"color: #000000;\">Sistemas hidr\u00e1ulicos operando en condiciones de servicio severas que requieran un aceite de categor\u00eda ISO-HM, DIN-HLPD, DIN-HVLP o lubricantes de categor\u00eda DIN CLP y adem\u00e1s tengan propiedades detergentes.<\/span><\/p>\n<p><span style=\"color: #000000;\"><em>Ejemplos: <\/em><\/span><\/p>\n<ul>\n<li><span style=\"color: #000000;\">Circuitos accionados por bombas de paletas.<\/span><\/li>\n<li><span style=\"color: #000000;\">Prensas y M\u00e1quinas-herramientas.<\/span><\/li>\n<li><span style=\"color: #000000;\">Acoplamientos hidr\u00e1ulicos.<\/span><\/li>\n<li><span style=\"color: #000000;\">Acoplamientos hidr\u00e1ulicos de velocidad.<\/span><\/li>\n<li><span style=\"color: #000000;\">Variadores hidr\u00e1ulicos de velocidad.<\/span><\/li>\n<li><span style=\"color: #000000;\">Circuitos a elevada presi\u00f3n.<\/span><\/li>\n<li><span style=\"color: #000000;\">Maquinaria de Obras P\u00fablicas.<\/span><\/li>\n<\/ul>\n<h3><span style=\"font-size: 80%;\"><em><span style=\"background-color: #b4e0e0;\"><strong>CARACTER\u00cdSTICAS Y BENEFICIOS<\/strong><\/span><\/em><\/span><\/h3>\n<ol>\n<li><span style=\"color: #000000;\">Sus propiedades multigrado permiten la unificaci\u00f3n y racionalizaci\u00f3n de producto y reducci\u00f3n de stocks.<\/span><\/li>\n<li><span style=\"color: #000000;\">M\u00ednima variaci\u00f3n de la viscosidad ante los fuertes cambios de temperatura proporcionando al sistema hidr\u00e1ulico comportamientos muy regulares.<\/span><\/li>\n<li><span style=\"color: #000000;\">Poseen elevado \u00edndice de viscosidad, y por lo tanto, poca variaci\u00f3n de la viscosidad con la temperatura sin problemas de arranque y comportamientos regulares con independencia de la temperatura.<\/span><\/li>\n<li><span style=\"color: #000000;\">Sus propiedades detergentes mantienen todos los mecanismos del sistema extraordinariamente limpios siendo nulos los costes de mantenimiento asociados a las necesidades de limpieza.<\/span><\/li>\n<li><span style=\"color: #000000;\">El alto grado de refino de los aceites minerales empleados y los aditivos que mejoran sus propiedades, proporcionan a estos productos un a elevada estabilidad y duraci\u00f3n en m\u00e1quina.<\/span><\/li>\n<li><span style=\"color: #000000;\">Buenas propiedades antidesgaste que aumentan considerablemente la vida de las bombas.<\/span><\/li>\n<li><span style=\"color: #000000;\">Su alto punto de anilina los hace compatibles con pr\u00e1cticamente todos los materiales empleados en las juntas y retenes de los circuitos hidr\u00e1ulicos.<\/span><\/li>\n<li><span style=\"color: #000000;\">Contienen inhibidores de corrosi\u00f3n sobre los metales siendo nulos los costes de mantenimiento por corrosi\u00f3n.<\/span><\/li>\n<\/ol>\n<h3><span style=\"font-size: 80%;\"><em><span style=\"background-color: #b4e0e0;\"><strong>MODO DE EMPLEO <\/strong><\/span><\/em><\/span><\/h3>\n<p><span style=\"color: #000000;\">El producto es compatible con los fluidos hidr\u00e1ulicos de base mineral m\u00e1s usuales. Sin embargo, a efectos de apreciar mejor las altas cualidades del mismo los circuitos deben estar completamente limpios antes de efectuar su llenado. Para ello recomendamos realizar la limpieza con<\/span><br \/>\n<span style=\"color: #000000;\">RENOCLEAN HISPOL.<\/span><br \/>\n<span style=\"color: #000000;\">En primer lugar deber\u00e1 llenarse el dep\u00f3sito de aceite con RENOCLEAN HISPOL y accionar la bomba y los mandos durante aproximadamente 1-2 horas sin trabajar la m\u00e1quina.<\/span><br \/>\n<span style=\"color: #000000;\">En segundo lugar vaciar el RENOCLEAN HISPOL y llenar seguidamente la m\u00e1quina con el RENOLIN MR adecuado.<\/span><br \/>\n<span style=\"color: #000000;\">Transcurridos unos diez minutos de trabajo comprobar el nivel de aceite.<\/span><br \/>\n<span style=\"color: #000000;\">Y por ultimo, cuando la m\u00e1quina est\u00e9 excesivamente sucia, es conveniente efectuar dos operaciones sucesivas de limpieza.<\/span><\/p>\n<p><span style=\"color: #000000;\">Otra opci\u00f3n es en sistemas que trabajan bajo condiciones de severidad media utilizar el hidr\u00e1ulico detergente RENOLID LD 10 durante 48 \u00f3 72 horas aproximadamente, sacar y realizar el llenado definitivo con el RENOLIN MR adecuado. Salud, Seguridad y Medioambiente (HSE).<\/span><\/p>\n<p><strong><span style=\"color: #0000ff;\"><a style=\"color: #0000ff;\" href=\"https:\/\/pldistribucion.com.ar\/web\/wp-content\/uploads\/RENOLIN-MR310-MR520-MR10301212.pdf\" target=\"_blank\" rel=\"noopener\">Ver ficha t\u00e9cnica<\/a><\/span><\/strong><\/p>\n<p><span style=\"color: #0000ff;\"><strong><a style=\"color: #0000ff;\" href=\"https:\/\/pldistribucion.com.ar\/web\/productos\/?filter_marcas=fuchs\" target=\"_blank\" rel=\"noopener\">Ver m\u00e1s productos FUCHS<\/a><\/strong><\/span><\/p>\n<p><span style=\"color: #000000;\">( Fuchs es un grupo global de origen alem\u00e1n que lleva m\u00e1s de 90 a\u00f1os desarrollando, produciendo y comercializando lubricantes y productos especializados relacionados para una amplia variedad de aplicaciones e industrias. Es el fabricante de lubricantes independiente m\u00e1s grande de Alemania. Mundo, con operaciones en los cinco continentes. Por otro lado, cuenta con productos innovadores de la m\u00e1s alta calidad de los principales fabricantes, con una l\u00ednea completa de productos y soluciones personalizadas, un producto para cada aplicaci\u00f3n).<\/span><\/p>\n<p><span style=\"color: #0000ff;\"><strong><a style=\"color: #0000ff;\" href=\"https:\/\/www.fuchs.com\/\" target=\"_blank\" rel=\"noopener\">Conoce m\u00e1s sobre FUCHS<\/a><\/strong><\/span><\/p>\n","protected":false},"excerpt":{"rendered":"<p><img loading=\"lazy\" decoding=\"async\" class=\"alignnone size-full wp-image-2883\" src=\"https:\/\/pldistribucion.com.ar\/web\/wp-content\/uploads\/FUCHS-1-1.png\" alt=\"\" width=\"270\" height=\"180\" \/><\/p>\n<h1>LUBRICANTES<\/h1>\n<p>Los lubricantes industriales <strong>FUCHS<\/strong> pueden contribuir significativamente a mejorar la productividad y la eficiencia, as\u00ed como a reducir el consumo de energ\u00eda, por ejemplo, en sistemas hidr\u00e1ulicos, unidades de engranajes y muchas otras aplicaciones.<\/p>\n<p>Ya sea para generar y transmitir energ\u00eda, reducir o transmitir fuerzas motrices, generar aire refrigerado o comprimido, o para aplicaciones de m\u00e1quinas herramienta y en muchas otras \u00e1reas de la producci\u00f3n, los lubricantes industriales deben realizar tareas clave.<\/p>\n","protected":false},"featured_media":2884,"comment_status":"open","ping_status":"closed","template":"","meta":[],"product_cat":[16,34],"product_tag":[],"yoast_head":"<!-- This site is optimized with the Yoast SEO plugin v23.0 - https:\/\/yoast.com\/wordpress\/plugins\/seo\/ -->\n<title>FUCHS RENOLIN MR - Perfomance Lube - Lubricantes<\/title>\n<meta name=\"description\" content=\"Distribuidor de lubricantes FUCHS de diferentes aplicaciones. Env\u00edos a todo el pa\u00eds. Variedad de productos y stock disponible.FUCHS RENOLIN MR\" \/>\n<meta name=\"robots\" content=\"index, follow, max-snippet:-1, max-image-preview:large, max-video-preview:-1\" \/>\n<link rel=\"canonical\" href=\"https:\/\/pldistribucion.com.ar\/web\/producto\/fuchs-renolin-mr-series\/\" \/>\n<meta property=\"og:locale\" content=\"es_ES\" \/>\n<meta property=\"og:type\" content=\"article\" \/>\n<meta property=\"og:title\" content=\"FUCHS RENOLIN MR - Perfomance Lube - Lubricantes\" \/>\n<meta property=\"og:description\" content=\"Distribuidor de lubricantes FUCHS de diferentes aplicaciones. Env\u00edos a todo el pa\u00eds. Variedad de productos y stock disponible.FUCHS RENOLIN MR\" \/>\n<meta property=\"og:url\" content=\"https:\/\/pldistribucion.com.ar\/web\/producto\/fuchs-renolin-mr-series\/\" \/>\n<meta property=\"og:site_name\" content=\"Perfomance Lube\" \/>\n<meta property=\"article:modified_time\" content=\"2022-03-30T11:09:00+00:00\" \/>\n<meta property=\"og:image\" content=\"https:\/\/pldistribucion.com.ar\/web\/wp-content\/uploads\/FOTO-1-3.png\" \/>\n\t<meta property=\"og:image:width\" content=\"400\" \/>\n\t<meta property=\"og:image:height\" content=\"400\" \/>\n\t<meta property=\"og:image:type\" content=\"image\/png\" \/>\n<meta name=\"twitter:card\" content=\"summary_large_image\" \/>\n<meta name=\"twitter:label1\" content=\"Tiempo de lectura\" \/>\n\t<meta name=\"twitter:data1\" content=\"3 minutos\" \/>\n<script type=\"application\/ld+json\" class=\"yoast-schema-graph\">{\"@context\":\"https:\/\/schema.org\",\"@graph\":[{\"@type\":\"WebPage\",\"@id\":\"https:\/\/pldistribucion.com.ar\/web\/producto\/fuchs-renolin-mr-series\/\",\"url\":\"https:\/\/pldistribucion.com.ar\/web\/producto\/fuchs-renolin-mr-series\/\",\"name\":\"FUCHS RENOLIN MR - Perfomance Lube - Lubricantes\",\"isPartOf\":{\"@id\":\"https:\/\/pldistribucion.com.ar\/web\/#website\"},\"primaryImageOfPage\":{\"@id\":\"https:\/\/pldistribucion.com.ar\/web\/producto\/fuchs-renolin-mr-series\/#primaryimage\"},\"image\":{\"@id\":\"https:\/\/pldistribucion.com.ar\/web\/producto\/fuchs-renolin-mr-series\/#primaryimage\"},\"thumbnailUrl\":\"https:\/\/pldistribucion.com.ar\/web\/wp-content\/uploads\/FOTO-1-3.png\",\"datePublished\":\"2022-01-26T14:16:33+00:00\",\"dateModified\":\"2022-03-30T11:09:00+00:00\",\"description\":\"Distribuidor de lubricantes FUCHS de diferentes aplicaciones. Env\u00edos a todo el pa\u00eds. Variedad de productos y stock disponible.FUCHS RENOLIN MR\",\"breadcrumb\":{\"@id\":\"https:\/\/pldistribucion.com.ar\/web\/producto\/fuchs-renolin-mr-series\/#breadcrumb\"},\"inLanguage\":\"es\",\"potentialAction\":[{\"@type\":\"ReadAction\",\"target\":[\"https:\/\/pldistribucion.com.ar\/web\/producto\/fuchs-renolin-mr-series\/\"]}]},{\"@type\":\"ImageObject\",\"inLanguage\":\"es\",\"@id\":\"https:\/\/pldistribucion.com.ar\/web\/producto\/fuchs-renolin-mr-series\/#primaryimage\",\"url\":\"https:\/\/pldistribucion.com.ar\/web\/wp-content\/uploads\/FOTO-1-3.png\",\"contentUrl\":\"https:\/\/pldistribucion.com.ar\/web\/wp-content\/uploads\/FOTO-1-3.png\",\"width\":400,\"height\":400},{\"@type\":\"BreadcrumbList\",\"@id\":\"https:\/\/pldistribucion.com.ar\/web\/producto\/fuchs-renolin-mr-series\/#breadcrumb\",\"itemListElement\":[{\"@type\":\"ListItem\",\"position\":1,\"name\":\"Portada\",\"item\":\"https:\/\/pldistribucion.com.ar\/web\/\"},{\"@type\":\"ListItem\",\"position\":2,\"name\":\"Productos\",\"item\":\"https:\/\/pldistribucion.com.ar\/web\/productos\/\"},{\"@type\":\"ListItem\",\"position\":3,\"name\":\"FUCHS RENOLIN MR\"}]},{\"@type\":\"WebSite\",\"@id\":\"https:\/\/pldistribucion.com.ar\/web\/#website\",\"url\":\"https:\/\/pldistribucion.com.ar\/web\/\",\"name\":\"Perfomance Lube\",\"description\":\"\",\"publisher\":{\"@id\":\"https:\/\/pldistribucion.com.ar\/web\/#organization\"},\"potentialAction\":[{\"@type\":\"SearchAction\",\"target\":{\"@type\":\"EntryPoint\",\"urlTemplate\":\"https:\/\/pldistribucion.com.ar\/web\/?s={search_term_string}\"},\"query-input\":\"required name=search_term_string\"}],\"inLanguage\":\"es\"},{\"@type\":\"Organization\",\"@id\":\"https:\/\/pldistribucion.com.ar\/web\/#organization\",\"name\":\"PERFORMANCE LUBE\",\"url\":\"https:\/\/pldistribucion.com.ar\/web\/\",\"logo\":{\"@type\":\"ImageObject\",\"inLanguage\":\"es\",\"@id\":\"https:\/\/pldistribucion.com.ar\/web\/#\/schema\/logo\/image\/\",\"url\":\"https:\/\/pldistribucion.com.ar\/web\/wp-content\/uploads\/pld_logo_GB-removebg-preview.png\",\"contentUrl\":\"https:\/\/pldistribucion.com.ar\/web\/wp-content\/uploads\/pld_logo_GB-removebg-preview.png\",\"width\":787,\"height\":317,\"caption\":\"PERFORMANCE LUBE\"},\"image\":{\"@id\":\"https:\/\/pldistribucion.com.ar\/web\/#\/schema\/logo\/image\/\"}}]}<\/script>\n<!-- \/ Yoast SEO plugin. -->","yoast_head_json":{"title":"FUCHS RENOLIN MR - Perfomance Lube - Lubricantes","description":"Distribuidor de lubricantes FUCHS de diferentes aplicaciones. Env\u00edos a todo el pa\u00eds. Variedad de productos y stock disponible.FUCHS RENOLIN MR","robots":{"index":"index","follow":"follow","max-snippet":"max-snippet:-1","max-image-preview":"max-image-preview:large","max-video-preview":"max-video-preview:-1"},"canonical":"https:\/\/pldistribucion.com.ar\/web\/producto\/fuchs-renolin-mr-series\/","og_locale":"es_ES","og_type":"article","og_title":"FUCHS RENOLIN MR - Perfomance Lube - Lubricantes","og_description":"Distribuidor de lubricantes FUCHS de diferentes aplicaciones. Env\u00edos a todo el pa\u00eds. Variedad de productos y stock disponible.FUCHS RENOLIN MR","og_url":"https:\/\/pldistribucion.com.ar\/web\/producto\/fuchs-renolin-mr-series\/","og_site_name":"Perfomance Lube","article_modified_time":"2022-03-30T11:09:00+00:00","og_image":[{"width":400,"height":400,"url":"https:\/\/pldistribucion.com.ar\/web\/wp-content\/uploads\/FOTO-1-3.png","type":"image\/png"}],"twitter_card":"summary_large_image","twitter_misc":{"Tiempo de lectura":"3 minutos"},"schema":{"@context":"https:\/\/schema.org","@graph":[{"@type":"WebPage","@id":"https:\/\/pldistribucion.com.ar\/web\/producto\/fuchs-renolin-mr-series\/","url":"https:\/\/pldistribucion.com.ar\/web\/producto\/fuchs-renolin-mr-series\/","name":"FUCHS RENOLIN MR - Perfomance Lube - Lubricantes","isPartOf":{"@id":"https:\/\/pldistribucion.com.ar\/web\/#website"},"primaryImageOfPage":{"@id":"https:\/\/pldistribucion.com.ar\/web\/producto\/fuchs-renolin-mr-series\/#primaryimage"},"image":{"@id":"https:\/\/pldistribucion.com.ar\/web\/producto\/fuchs-renolin-mr-series\/#primaryimage"},"thumbnailUrl":"https:\/\/pldistribucion.com.ar\/web\/wp-content\/uploads\/FOTO-1-3.png","datePublished":"2022-01-26T14:16:33+00:00","dateModified":"2022-03-30T11:09:00+00:00","description":"Distribuidor de lubricantes FUCHS de diferentes aplicaciones. Env\u00edos a todo el pa\u00eds. Variedad de productos y stock disponible.FUCHS RENOLIN MR","breadcrumb":{"@id":"https:\/\/pldistribucion.com.ar\/web\/producto\/fuchs-renolin-mr-series\/#breadcrumb"},"inLanguage":"es","potentialAction":[{"@type":"ReadAction","target":["https:\/\/pldistribucion.com.ar\/web\/producto\/fuchs-renolin-mr-series\/"]}]},{"@type":"ImageObject","inLanguage":"es","@id":"https:\/\/pldistribucion.com.ar\/web\/producto\/fuchs-renolin-mr-series\/#primaryimage","url":"https:\/\/pldistribucion.com.ar\/web\/wp-content\/uploads\/FOTO-1-3.png","contentUrl":"https:\/\/pldistribucion.com.ar\/web\/wp-content\/uploads\/FOTO-1-3.png","width":400,"height":400},{"@type":"BreadcrumbList","@id":"https:\/\/pldistribucion.com.ar\/web\/producto\/fuchs-renolin-mr-series\/#breadcrumb","itemListElement":[{"@type":"ListItem","position":1,"name":"Portada","item":"https:\/\/pldistribucion.com.ar\/web\/"},{"@type":"ListItem","position":2,"name":"Productos","item":"https:\/\/pldistribucion.com.ar\/web\/productos\/"},{"@type":"ListItem","position":3,"name":"FUCHS RENOLIN MR"}]},{"@type":"WebSite","@id":"https:\/\/pldistribucion.com.ar\/web\/#website","url":"https:\/\/pldistribucion.com.ar\/web\/","name":"Perfomance Lube","description":"","publisher":{"@id":"https:\/\/pldistribucion.com.ar\/web\/#organization"},"potentialAction":[{"@type":"SearchAction","target":{"@type":"EntryPoint","urlTemplate":"https:\/\/pldistribucion.com.ar\/web\/?s={search_term_string}"},"query-input":"required name=search_term_string"}],"inLanguage":"es"},{"@type":"Organization","@id":"https:\/\/pldistribucion.com.ar\/web\/#organization","name":"PERFORMANCE LUBE","url":"https:\/\/pldistribucion.com.ar\/web\/","logo":{"@type":"ImageObject","inLanguage":"es","@id":"https:\/\/pldistribucion.com.ar\/web\/#\/schema\/logo\/image\/","url":"https:\/\/pldistribucion.com.ar\/web\/wp-content\/uploads\/pld_logo_GB-removebg-preview.png","contentUrl":"https:\/\/pldistribucion.com.ar\/web\/wp-content\/uploads\/pld_logo_GB-removebg-preview.png","width":787,"height":317,"caption":"PERFORMANCE LUBE"},"image":{"@id":"https:\/\/pldistribucion.com.ar\/web\/#\/schema\/logo\/image\/"}}]}},"_links":{"self":[{"href":"https:\/\/pldistribucion.com.ar\/web\/wp-json\/wp\/v2\/product\/2882"}],"collection":[{"href":"https:\/\/pldistribucion.com.ar\/web\/wp-json\/wp\/v2\/product"}],"about":[{"href":"https:\/\/pldistribucion.com.ar\/web\/wp-json\/wp\/v2\/types\/product"}],"replies":[{"embeddable":true,"href":"https:\/\/pldistribucion.com.ar\/web\/wp-json\/wp\/v2\/comments?post=2882"}],"wp:featuredmedia":[{"embeddable":true,"href":"https:\/\/pldistribucion.com.ar\/web\/wp-json\/wp\/v2\/media\/2884"}],"wp:attachment":[{"href":"https:\/\/pldistribucion.com.ar\/web\/wp-json\/wp\/v2\/media?parent=2882"}],"wp:term":[{"taxonomy":"product_cat","embeddable":true,"href":"https:\/\/pldistribucion.com.ar\/web\/wp-json\/wp\/v2\/product_cat?post=2882"},{"taxonomy":"product_tag","embeddable":true,"href":"https:\/\/pldistribucion.com.ar\/web\/wp-json\/wp\/v2\/product_tag?post=2882"}],"curies":[{"name":"wp","href":"https:\/\/api.w.org\/{rel}","templated":true}]}}