{"id":2835,"date":"2022-01-26T13:14:08","date_gmt":"2022-01-26T13:14:08","guid":{"rendered":"https:\/\/pldistribucion.com.ar\/web\/?post_type=product&#038;p=2835"},"modified":"2022-03-29T16:03:43","modified_gmt":"2022-03-29T16:03:43","slug":"fuchs-renolin-b-series","status":"publish","type":"product","link":"https:\/\/pldistribucion.com.ar\/web\/producto\/fuchs-renolin-b-series\/","title":{"rendered":"FUCHS RENOLIN B"},"content":{"rendered":"<h1><span style=\"font-size: 80%;\"><em><strong>FUCHS RENOLIN B &#8211; SERIES \/ <\/strong><\/em><strong>Aceites hidr\u00e1ulicos y lubricantes AW de alta calidad.<\/strong><\/span><\/h1>\n<h3><span style=\"font-size: 80%;\"><em><span style=\"background-color: #b4e0e0;\"><strong>DESCRIPCI\u00d3N DEL PRODUCTO<\/strong><\/span><\/em><\/span><\/h3>\n<p><span style=\"color: #000000;\">FUCHS RENOLIN B se basa en aceites base minerales especialmente seleccionados. Tambi\u00e9n los aditivos de alta calidad mejoran el envejecimiento y la estabilidad a la oxidaci\u00f3n. Adem\u00e1s garantizan excelentes propiedades de protecci\u00f3n contra la corrosi\u00f3n (materiales de acero y hierro). <\/span><\/p>\n<h3><span style=\"font-size: 80%;\"><em><span style=\"background-color: #b4e0e0;\"><strong>CARACTER\u00cdSTICAS Y BENEFICIOS<\/strong><\/span><\/em><\/span><\/h3>\n<ul>\n<li><span style=\"color: #000000;\">Excelente demulsibilidad, liberaci\u00f3n de aire,comportamiento de filtraci\u00f3n (seco, h\u00famedo).<\/span><\/li>\n<li><span style=\"color: #000000;\">Muy buena protecci\u00f3n contra la corrosi\u00f3n &#8211; acero,<\/span><span style=\"color: #000000;\"> protecci\u00f3n contra la corrosi\u00f3n &#8211; cobre, Y\u00a0<\/span><span style=\"color: #000000;\">estabilidad hidrol\u00edtica.<\/span><\/li>\n<li><span style=\"color: #000000;\">Alta estabilidad al envejecimiento \/ alta estabilidad a la oxidaci\u00f3n.<\/span><\/li>\n<li><span style=\"color: #000000;\">Buena protecci\u00f3n contra el desgaste AW. y b<\/span><span style=\"color: #000000;\">aja formaci\u00f3n de espuma.<\/span><\/li>\n<\/ul>\n<h3><span style=\"font-size: 80%;\"><em><span style=\"background-color: #b4e0e0;\"><strong>APLICACIONES<\/strong><\/span><\/em><\/span><\/h3>\n<p><span style=\"color: #000000;\">La serie RENOLIN B cumple con los requisitos de la \u00faltima especificaci\u00f3n DENISON HF-0 (prueba de bomba h\u00edbrida, una combinaci\u00f3n de una bomba de paletas y una bomba de pist\u00f3n &#8211; combinaci\u00f3n T6H20C).<\/span><\/p>\n<p><strong><span style=\"color: #0000ff;\"><a style=\"color: #0000ff;\" href=\"https:\/\/pldistribucion.com.ar\/web\/wp-content\/uploads\/FICHA-1-6.pdf\" target=\"_blank\" rel=\"noopener\">Ver ficha t\u00e9cnica<\/a><\/span><\/strong><\/p>\n<p><span style=\"color: #0000ff;\"><strong><a style=\"color: #0000ff;\" href=\"https:\/\/pldistribucion.com.ar\/web\/productos\/?filter_marcas=fuchs\" target=\"_blank\" rel=\"noopener\">Ver m\u00e1s productos FUCHS<\/a><\/strong><\/span><\/p>\n<p><span style=\"color: #000000;\">( Fuchs es un grupo global de origen alem\u00e1n que lleva m\u00e1s de 90 a\u00f1os desarrollando, produciendo y comercializando lubricantes y productos especializados relacionados para una amplia variedad de aplicaciones e industrias. Es el fabricante de lubricantes independiente m\u00e1s grande de Alemania. Mundo, con operaciones en los cinco continentes. Por otro lado, cuenta con productos innovadores de la m\u00e1s alta calidad de los principales fabricantes, con una l\u00ednea completa de productos y soluciones personalizadas, un producto para cada aplicaci\u00f3n).<\/span><\/p>\n<p><span style=\"color: #0000ff;\"><strong><a style=\"color: #0000ff;\" href=\"https:\/\/www.fuchs.com\/\" target=\"_blank\" rel=\"noopener\">Conoce m\u00e1s sobre FUCHS<\/a><\/strong><\/span><\/p>\n","protected":false},"excerpt":{"rendered":"<p><img loading=\"lazy\" decoding=\"async\" class=\"alignnone size-full wp-image-2880\" src=\"https:\/\/pldistribucion.com.ar\/web\/wp-content\/uploads\/FUCHS-1.png\" alt=\"\" width=\"270\" height=\"180\" \/><\/p>\n<h1>LUBRICANTES<\/h1>\n<p>Los lubricantes industriales <strong>FUCHS<\/strong> pueden contribuir significativamente a mejorar la productividad y la eficiencia, as\u00ed como a reducir el consumo de energ\u00eda, por ejemplo, en sistemas hidr\u00e1ulicos, unidades de engranajes y muchas otras aplicaciones.<\/p>\n<p>Ya sea para generar y transmitir energ\u00eda, reducir o transmitir fuerzas motrices, generar aire refrigerado o comprimido, o para aplicaciones de m\u00e1quinas herramienta y en muchas otras \u00e1reas de la producci\u00f3n, los lubricantes industriales deben realizar tareas clave.<\/p>\n","protected":false},"featured_media":2878,"comment_status":"open","ping_status":"closed","template":"","meta":[],"product_cat":[16,34],"product_tag":[],"yoast_head":"<!-- This site is optimized with the Yoast SEO plugin v23.0 - https:\/\/yoast.com\/wordpress\/plugins\/seo\/ -->\n<title>FUCHS RENOLIN B - Perfomance Lube - Lubricantes<\/title>\n<meta name=\"description\" content=\"Distribuidor de lubricantes FUCHS de diferentes aplicaciones. Env\u00edos a todo el pa\u00eds. Variedad de productos y stock disponible.FUCHS RENOLIN B\" \/>\n<meta name=\"robots\" content=\"index, follow, max-snippet:-1, max-image-preview:large, max-video-preview:-1\" \/>\n<link rel=\"canonical\" href=\"https:\/\/pldistribucion.com.ar\/web\/producto\/fuchs-renolin-b-series\/\" \/>\n<meta property=\"og:locale\" content=\"es_ES\" \/>\n<meta property=\"og:type\" content=\"article\" \/>\n<meta property=\"og:title\" content=\"FUCHS RENOLIN B - Perfomance Lube - Lubricantes\" \/>\n<meta property=\"og:description\" content=\"Distribuidor de lubricantes FUCHS de diferentes aplicaciones. Env\u00edos a todo el pa\u00eds. Variedad de productos y stock disponible.FUCHS RENOLIN B\" \/>\n<meta property=\"og:url\" content=\"https:\/\/pldistribucion.com.ar\/web\/producto\/fuchs-renolin-b-series\/\" \/>\n<meta property=\"og:site_name\" content=\"Perfomance Lube\" \/>\n<meta property=\"article:modified_time\" content=\"2022-03-29T16:03:43+00:00\" \/>\n<meta property=\"og:image\" content=\"https:\/\/pldistribucion.com.ar\/web\/wp-content\/uploads\/FOTO-1-2.png\" \/>\n\t<meta property=\"og:image:width\" content=\"400\" \/>\n\t<meta property=\"og:image:height\" content=\"400\" \/>\n\t<meta property=\"og:image:type\" content=\"image\/png\" \/>\n<meta name=\"twitter:card\" content=\"summary_large_image\" \/>\n<meta name=\"twitter:label1\" content=\"Tiempo de lectura\" \/>\n\t<meta name=\"twitter:data1\" content=\"1 minuto\" \/>\n<script type=\"application\/ld+json\" class=\"yoast-schema-graph\">{\"@context\":\"https:\/\/schema.org\",\"@graph\":[{\"@type\":\"WebPage\",\"@id\":\"https:\/\/pldistribucion.com.ar\/web\/producto\/fuchs-renolin-b-series\/\",\"url\":\"https:\/\/pldistribucion.com.ar\/web\/producto\/fuchs-renolin-b-series\/\",\"name\":\"FUCHS RENOLIN B - Perfomance Lube - Lubricantes\",\"isPartOf\":{\"@id\":\"https:\/\/pldistribucion.com.ar\/web\/#website\"},\"primaryImageOfPage\":{\"@id\":\"https:\/\/pldistribucion.com.ar\/web\/producto\/fuchs-renolin-b-series\/#primaryimage\"},\"image\":{\"@id\":\"https:\/\/pldistribucion.com.ar\/web\/producto\/fuchs-renolin-b-series\/#primaryimage\"},\"thumbnailUrl\":\"https:\/\/pldistribucion.com.ar\/web\/wp-content\/uploads\/FOTO-1-2.png\",\"datePublished\":\"2022-01-26T13:14:08+00:00\",\"dateModified\":\"2022-03-29T16:03:43+00:00\",\"description\":\"Distribuidor de lubricantes FUCHS de diferentes aplicaciones. Env\u00edos a todo el pa\u00eds. Variedad de productos y stock disponible.FUCHS RENOLIN B\",\"breadcrumb\":{\"@id\":\"https:\/\/pldistribucion.com.ar\/web\/producto\/fuchs-renolin-b-series\/#breadcrumb\"},\"inLanguage\":\"es\",\"potentialAction\":[{\"@type\":\"ReadAction\",\"target\":[\"https:\/\/pldistribucion.com.ar\/web\/producto\/fuchs-renolin-b-series\/\"]}]},{\"@type\":\"ImageObject\",\"inLanguage\":\"es\",\"@id\":\"https:\/\/pldistribucion.com.ar\/web\/producto\/fuchs-renolin-b-series\/#primaryimage\",\"url\":\"https:\/\/pldistribucion.com.ar\/web\/wp-content\/uploads\/FOTO-1-2.png\",\"contentUrl\":\"https:\/\/pldistribucion.com.ar\/web\/wp-content\/uploads\/FOTO-1-2.png\",\"width\":400,\"height\":400},{\"@type\":\"BreadcrumbList\",\"@id\":\"https:\/\/pldistribucion.com.ar\/web\/producto\/fuchs-renolin-b-series\/#breadcrumb\",\"itemListElement\":[{\"@type\":\"ListItem\",\"position\":1,\"name\":\"Portada\",\"item\":\"https:\/\/pldistribucion.com.ar\/web\/\"},{\"@type\":\"ListItem\",\"position\":2,\"name\":\"Productos\",\"item\":\"https:\/\/pldistribucion.com.ar\/web\/productos\/\"},{\"@type\":\"ListItem\",\"position\":3,\"name\":\"FUCHS RENOLIN B\"}]},{\"@type\":\"WebSite\",\"@id\":\"https:\/\/pldistribucion.com.ar\/web\/#website\",\"url\":\"https:\/\/pldistribucion.com.ar\/web\/\",\"name\":\"Perfomance Lube\",\"description\":\"\",\"publisher\":{\"@id\":\"https:\/\/pldistribucion.com.ar\/web\/#organization\"},\"potentialAction\":[{\"@type\":\"SearchAction\",\"target\":{\"@type\":\"EntryPoint\",\"urlTemplate\":\"https:\/\/pldistribucion.com.ar\/web\/?s={search_term_string}\"},\"query-input\":\"required name=search_term_string\"}],\"inLanguage\":\"es\"},{\"@type\":\"Organization\",\"@id\":\"https:\/\/pldistribucion.com.ar\/web\/#organization\",\"name\":\"PERFORMANCE LUBE\",\"url\":\"https:\/\/pldistribucion.com.ar\/web\/\",\"logo\":{\"@type\":\"ImageObject\",\"inLanguage\":\"es\",\"@id\":\"https:\/\/pldistribucion.com.ar\/web\/#\/schema\/logo\/image\/\",\"url\":\"https:\/\/pldistribucion.com.ar\/web\/wp-content\/uploads\/pld_logo_GB-removebg-preview.png\",\"contentUrl\":\"https:\/\/pldistribucion.com.ar\/web\/wp-content\/uploads\/pld_logo_GB-removebg-preview.png\",\"width\":787,\"height\":317,\"caption\":\"PERFORMANCE LUBE\"},\"image\":{\"@id\":\"https:\/\/pldistribucion.com.ar\/web\/#\/schema\/logo\/image\/\"}}]}<\/script>\n<!-- \/ Yoast SEO plugin. -->","yoast_head_json":{"title":"FUCHS RENOLIN B - Perfomance Lube - Lubricantes","description":"Distribuidor de lubricantes FUCHS de diferentes aplicaciones. Env\u00edos a todo el pa\u00eds. Variedad de productos y stock disponible.FUCHS RENOLIN B","robots":{"index":"index","follow":"follow","max-snippet":"max-snippet:-1","max-image-preview":"max-image-preview:large","max-video-preview":"max-video-preview:-1"},"canonical":"https:\/\/pldistribucion.com.ar\/web\/producto\/fuchs-renolin-b-series\/","og_locale":"es_ES","og_type":"article","og_title":"FUCHS RENOLIN B - Perfomance Lube - Lubricantes","og_description":"Distribuidor de lubricantes FUCHS de diferentes aplicaciones. Env\u00edos a todo el pa\u00eds. Variedad de productos y stock disponible.FUCHS RENOLIN B","og_url":"https:\/\/pldistribucion.com.ar\/web\/producto\/fuchs-renolin-b-series\/","og_site_name":"Perfomance Lube","article_modified_time":"2022-03-29T16:03:43+00:00","og_image":[{"width":400,"height":400,"url":"https:\/\/pldistribucion.com.ar\/web\/wp-content\/uploads\/FOTO-1-2.png","type":"image\/png"}],"twitter_card":"summary_large_image","twitter_misc":{"Tiempo de lectura":"1 minuto"},"schema":{"@context":"https:\/\/schema.org","@graph":[{"@type":"WebPage","@id":"https:\/\/pldistribucion.com.ar\/web\/producto\/fuchs-renolin-b-series\/","url":"https:\/\/pldistribucion.com.ar\/web\/producto\/fuchs-renolin-b-series\/","name":"FUCHS RENOLIN B - Perfomance Lube - Lubricantes","isPartOf":{"@id":"https:\/\/pldistribucion.com.ar\/web\/#website"},"primaryImageOfPage":{"@id":"https:\/\/pldistribucion.com.ar\/web\/producto\/fuchs-renolin-b-series\/#primaryimage"},"image":{"@id":"https:\/\/pldistribucion.com.ar\/web\/producto\/fuchs-renolin-b-series\/#primaryimage"},"thumbnailUrl":"https:\/\/pldistribucion.com.ar\/web\/wp-content\/uploads\/FOTO-1-2.png","datePublished":"2022-01-26T13:14:08+00:00","dateModified":"2022-03-29T16:03:43+00:00","description":"Distribuidor de lubricantes FUCHS de diferentes aplicaciones. Env\u00edos a todo el pa\u00eds. Variedad de productos y stock disponible.FUCHS RENOLIN B","breadcrumb":{"@id":"https:\/\/pldistribucion.com.ar\/web\/producto\/fuchs-renolin-b-series\/#breadcrumb"},"inLanguage":"es","potentialAction":[{"@type":"ReadAction","target":["https:\/\/pldistribucion.com.ar\/web\/producto\/fuchs-renolin-b-series\/"]}]},{"@type":"ImageObject","inLanguage":"es","@id":"https:\/\/pldistribucion.com.ar\/web\/producto\/fuchs-renolin-b-series\/#primaryimage","url":"https:\/\/pldistribucion.com.ar\/web\/wp-content\/uploads\/FOTO-1-2.png","contentUrl":"https:\/\/pldistribucion.com.ar\/web\/wp-content\/uploads\/FOTO-1-2.png","width":400,"height":400},{"@type":"BreadcrumbList","@id":"https:\/\/pldistribucion.com.ar\/web\/producto\/fuchs-renolin-b-series\/#breadcrumb","itemListElement":[{"@type":"ListItem","position":1,"name":"Portada","item":"https:\/\/pldistribucion.com.ar\/web\/"},{"@type":"ListItem","position":2,"name":"Productos","item":"https:\/\/pldistribucion.com.ar\/web\/productos\/"},{"@type":"ListItem","position":3,"name":"FUCHS RENOLIN B"}]},{"@type":"WebSite","@id":"https:\/\/pldistribucion.com.ar\/web\/#website","url":"https:\/\/pldistribucion.com.ar\/web\/","name":"Perfomance Lube","description":"","publisher":{"@id":"https:\/\/pldistribucion.com.ar\/web\/#organization"},"potentialAction":[{"@type":"SearchAction","target":{"@type":"EntryPoint","urlTemplate":"https:\/\/pldistribucion.com.ar\/web\/?s={search_term_string}"},"query-input":"required name=search_term_string"}],"inLanguage":"es"},{"@type":"Organization","@id":"https:\/\/pldistribucion.com.ar\/web\/#organization","name":"PERFORMANCE LUBE","url":"https:\/\/pldistribucion.com.ar\/web\/","logo":{"@type":"ImageObject","inLanguage":"es","@id":"https:\/\/pldistribucion.com.ar\/web\/#\/schema\/logo\/image\/","url":"https:\/\/pldistribucion.com.ar\/web\/wp-content\/uploads\/pld_logo_GB-removebg-preview.png","contentUrl":"https:\/\/pldistribucion.com.ar\/web\/wp-content\/uploads\/pld_logo_GB-removebg-preview.png","width":787,"height":317,"caption":"PERFORMANCE LUBE"},"image":{"@id":"https:\/\/pldistribucion.com.ar\/web\/#\/schema\/logo\/image\/"}}]}},"_links":{"self":[{"href":"https:\/\/pldistribucion.com.ar\/web\/wp-json\/wp\/v2\/product\/2835"}],"collection":[{"href":"https:\/\/pldistribucion.com.ar\/web\/wp-json\/wp\/v2\/product"}],"about":[{"href":"https:\/\/pldistribucion.com.ar\/web\/wp-json\/wp\/v2\/types\/product"}],"replies":[{"embeddable":true,"href":"https:\/\/pldistribucion.com.ar\/web\/wp-json\/wp\/v2\/comments?post=2835"}],"wp:featuredmedia":[{"embeddable":true,"href":"https:\/\/pldistribucion.com.ar\/web\/wp-json\/wp\/v2\/media\/2878"}],"wp:attachment":[{"href":"https:\/\/pldistribucion.com.ar\/web\/wp-json\/wp\/v2\/media?parent=2835"}],"wp:term":[{"taxonomy":"product_cat","embeddable":true,"href":"https:\/\/pldistribucion.com.ar\/web\/wp-json\/wp\/v2\/product_cat?post=2835"},{"taxonomy":"product_tag","embeddable":true,"href":"https:\/\/pldistribucion.com.ar\/web\/wp-json\/wp\/v2\/product_tag?post=2835"}],"curies":[{"name":"wp","href":"https:\/\/api.w.org\/{rel}","templated":true}]}}