{"id":2823,"date":"2022-01-26T12:03:02","date_gmt":"2022-01-26T12:03:02","guid":{"rendered":"https:\/\/pldistribucion.com.ar\/web\/?post_type=product&#038;p=2823"},"modified":"2022-03-07T14:03:30","modified_gmt":"2022-03-07T14:03:30","slug":"lubrax-rail-13","status":"publish","type":"product","link":"https:\/\/pldistribucion.com.ar\/web\/producto\/lubrax-rail-13\/","title":{"rendered":"LUBRAX RAIL 13"},"content":{"rendered":"<h1><strong>LUBRAX RAIL 13\u00a0&#8211; Lubricante.<\/strong><\/h1>\n<h3><span style=\"background-color: #a1d6a9; font-size: 80%;\"><b>DESCRIPCI\u00d3N<\/b><strong>\u00a0DEL PRODUCTO<\/strong><\/span><\/h3>\n<p><span style=\"color: #000000;\"><span class=\"\">LUBRAX RAIL 13 es un aceite lubricante libre de zinc para motores diesel ferroviarios que operan en condiciones severas de temperatura y carga.<\/span><\/span><\/p>\n<p><span style=\"color: #000000;\">Su aditivaci\u00f3n tambi\u00e9n garantiza una mayor resistencia a la oxidaci\u00f3n, conserva su reserva alcalina y proporciona una mayor protecci\u00f3n a los rodamientos recubiertos de plata.<\/span><\/p>\n<p><span style=\"color: #000000;\">Este lubricante se puede utilizar en motores ferroviarios utilizados en otros servicios, como remolcadores y grupos electr\u00f3genos. As\u00ed mismo se<\/span><span style=\"color: #000000;\">\u00a0puede utilizar en otros servicios, como remolcadores y grupos electr\u00f3genos, en los que se utilizan motores estacionarios tipo ferrocarril y se recomienda su uso con combustibles con contenido de azufre hasta 0,5%p.<\/span><\/p>\n<p><span style=\"color: #000000;\"><span class=\"\">Cuenta con la aprobaci\u00f3n \u201cFull Approval\u201d de General Electric, lo que demuestra su excelente desempe\u00f1o en servicio severo.<\/span><\/span><\/p>\n<h3><span style=\"background-color: #a1d6a9; font-size: 80%;\"><strong>CARACTER\u00cdSTICAS Y BENEFICIOS<\/strong><\/span><\/h3>\n<p><span style=\"color: #000000;\">Utiliza los aditivos m\u00e1s avanzados para controlar la formaci\u00f3n de dep\u00f3sitos en el motor y filtros, evitando el desgaste y la corrosi\u00f3n de las partes lubricadas. Su aditivaci\u00f3n tambi\u00e9n garantiza mayor resistencia a la oxidaci\u00f3n, alta retenci\u00f3n de reserva alcalina y brinda protecci\u00f3n a los rodamientos recubiertos de plata.<\/span><\/p>\n<h4><span style=\"color: #000000;\">Algunos de sus beneficios con los que cuenta son: <i>\u00a0A<\/i>ditivos &#8211; anticorrosivo, antiespumante, antioxidante, detergente, dispersante, agente de reserva alcalina e abaixador do ponto de fluidez.<\/span><\/h4>\n<p><span style=\"color: #0000ff;\"><strong><a style=\"color: #0000ff;\" href=\"https:\/\/pldistribucion.com.ar\/web\/wp-content\/uploads\/ficha-4-12.pdf\" target=\"_blank\" rel=\"noopener\">Ver ficha t\u00e9cnica\u00a0 \/\u00a0 <\/a><a style=\"color: #0000ff;\" href=\"https:\/\/pldistribucion.com.ar\/web\/wp-content\/uploads\/s3-1.pdf\" target=\"_blank\" rel=\"noopener\">Ver hoja de seguridad<\/a><\/strong><\/span><\/p>\n<p><strong><span style=\"color: #0000ff;\"><a style=\"color: #0000ff;\" href=\"https:\/\/pldistribucion.com.ar\/web\/categoria-producto\/lubricantes\/?filter_marcas=lubrax\" target=\"_blank\" rel=\"noopener\">Ver m\u00e1s productos LUBRAX<\/a><\/span><\/strong><\/p>\n<p><span style=\"color: #000000;\">(<span class=\"goog-text-highlight\">Lubrax es la marca de lubricantes m\u00e1s recordada y vendida del pa\u00eds. E<\/span><span class=\"\">s 100% brasile\u00f1a y tiene m\u00e1s de 47 a\u00f1os en el mercado.<\/span><span class=\"\"> Cuenta con distribuidores exclusivos para llevar nuestros productos a todos los centros automotrices, talleres y supercambios de los cuatro rincones de este pa\u00eds.)<\/span><\/span><\/p>\n<p><span style=\"color: #0000ff;\"><strong><a style=\"color: #0000ff;\" href=\"https:\/\/www.lubrax.com.br\/sobre-o-lubrax\/nossa-historia\" target=\"_blank\" rel=\"noopener\">Conoce m\u00e1s sobre LUBRAX<\/a><\/strong><\/span><\/p>\n","protected":false},"excerpt":{"rendered":"<p><img loading=\"lazy\" decoding=\"async\" class=\"alignnone size-medium wp-image-2644\" src=\"https:\/\/pldistribucion.com.ar\/web\/wp-content\/uploads\/lubrax-1-300x225.jpg\" alt=\"\" width=\"300\" height=\"225\" \/><\/p>\n<h3><em>LUBRICANTES LUBRAX<\/em><\/h3>\n<p>Lubrax\u00a0es el lubricante de Petrobras, de alta calidad para veh\u00edculos y maquinarias de uso automotriz o industrial. Protege del desgaste, asegurando un mejor rendimiento y entregando mayor vida \u00fatil a los equipos.<\/p>\n","protected":false},"featured_media":2752,"comment_status":"open","ping_status":"closed","template":"","meta":[],"product_cat":[16,34],"product_tag":[],"yoast_head":"<!-- This site is optimized with the Yoast SEO plugin v23.0 - https:\/\/yoast.com\/wordpress\/plugins\/seo\/ -->\n<title>LUBRAX RAIL 13 - Perfomance Lube - Lubricantes<\/title>\n<meta name=\"description\" content=\"Distribuidor de lubricantes LUBRAX de diferentes aplicaciones. Env\u00edos a todo el pa\u00eds. Variedad de productos y stock disponible.LUBRAX RAIL 13\" \/>\n<meta name=\"robots\" content=\"index, follow, max-snippet:-1, max-image-preview:large, max-video-preview:-1\" \/>\n<link rel=\"canonical\" href=\"https:\/\/pldistribucion.com.ar\/web\/producto\/lubrax-rail-13\/\" \/>\n<meta property=\"og:locale\" content=\"es_ES\" \/>\n<meta property=\"og:type\" content=\"article\" \/>\n<meta property=\"og:title\" content=\"LUBRAX RAIL 13 - Perfomance Lube - Lubricantes\" \/>\n<meta property=\"og:description\" content=\"Distribuidor de lubricantes LUBRAX de diferentes aplicaciones. Env\u00edos a todo el pa\u00eds. Variedad de productos y stock disponible.LUBRAX RAIL 13\" \/>\n<meta property=\"og:url\" content=\"https:\/\/pldistribucion.com.ar\/web\/producto\/lubrax-rail-13\/\" \/>\n<meta property=\"og:site_name\" content=\"Perfomance Lube\" \/>\n<meta property=\"article:modified_time\" content=\"2022-03-07T14:03:30+00:00\" \/>\n<meta property=\"og:image\" content=\"https:\/\/pldistribucion.com.ar\/web\/wp-content\/uploads\/foto-8.jpg\" \/>\n\t<meta property=\"og:image:width\" content=\"284\" \/>\n\t<meta property=\"og:image:height\" content=\"284\" \/>\n\t<meta property=\"og:image:type\" content=\"image\/jpeg\" \/>\n<meta name=\"twitter:card\" content=\"summary_large_image\" \/>\n<meta name=\"twitter:label1\" content=\"Tiempo de lectura\" \/>\n\t<meta name=\"twitter:data1\" content=\"1 minuto\" \/>\n<script type=\"application\/ld+json\" class=\"yoast-schema-graph\">{\"@context\":\"https:\/\/schema.org\",\"@graph\":[{\"@type\":\"WebPage\",\"@id\":\"https:\/\/pldistribucion.com.ar\/web\/producto\/lubrax-rail-13\/\",\"url\":\"https:\/\/pldistribucion.com.ar\/web\/producto\/lubrax-rail-13\/\",\"name\":\"LUBRAX RAIL 13 - Perfomance Lube - Lubricantes\",\"isPartOf\":{\"@id\":\"https:\/\/pldistribucion.com.ar\/web\/#website\"},\"primaryImageOfPage\":{\"@id\":\"https:\/\/pldistribucion.com.ar\/web\/producto\/lubrax-rail-13\/#primaryimage\"},\"image\":{\"@id\":\"https:\/\/pldistribucion.com.ar\/web\/producto\/lubrax-rail-13\/#primaryimage\"},\"thumbnailUrl\":\"https:\/\/pldistribucion.com.ar\/web\/wp-content\/uploads\/foto-8.jpg\",\"datePublished\":\"2022-01-26T12:03:02+00:00\",\"dateModified\":\"2022-03-07T14:03:30+00:00\",\"description\":\"Distribuidor de lubricantes LUBRAX de diferentes aplicaciones. Env\u00edos a todo el pa\u00eds. Variedad de productos y stock disponible.LUBRAX RAIL 13\",\"breadcrumb\":{\"@id\":\"https:\/\/pldistribucion.com.ar\/web\/producto\/lubrax-rail-13\/#breadcrumb\"},\"inLanguage\":\"es\",\"potentialAction\":[{\"@type\":\"ReadAction\",\"target\":[\"https:\/\/pldistribucion.com.ar\/web\/producto\/lubrax-rail-13\/\"]}]},{\"@type\":\"ImageObject\",\"inLanguage\":\"es\",\"@id\":\"https:\/\/pldistribucion.com.ar\/web\/producto\/lubrax-rail-13\/#primaryimage\",\"url\":\"https:\/\/pldistribucion.com.ar\/web\/wp-content\/uploads\/foto-8.jpg\",\"contentUrl\":\"https:\/\/pldistribucion.com.ar\/web\/wp-content\/uploads\/foto-8.jpg\",\"width\":284,\"height\":284,\"caption\":\"LUBRAX ATF HD\"},{\"@type\":\"BreadcrumbList\",\"@id\":\"https:\/\/pldistribucion.com.ar\/web\/producto\/lubrax-rail-13\/#breadcrumb\",\"itemListElement\":[{\"@type\":\"ListItem\",\"position\":1,\"name\":\"Portada\",\"item\":\"https:\/\/pldistribucion.com.ar\/web\/\"},{\"@type\":\"ListItem\",\"position\":2,\"name\":\"Productos\",\"item\":\"https:\/\/pldistribucion.com.ar\/web\/productos\/\"},{\"@type\":\"ListItem\",\"position\":3,\"name\":\"LUBRAX RAIL 13\"}]},{\"@type\":\"WebSite\",\"@id\":\"https:\/\/pldistribucion.com.ar\/web\/#website\",\"url\":\"https:\/\/pldistribucion.com.ar\/web\/\",\"name\":\"Perfomance Lube\",\"description\":\"\",\"publisher\":{\"@id\":\"https:\/\/pldistribucion.com.ar\/web\/#organization\"},\"potentialAction\":[{\"@type\":\"SearchAction\",\"target\":{\"@type\":\"EntryPoint\",\"urlTemplate\":\"https:\/\/pldistribucion.com.ar\/web\/?s={search_term_string}\"},\"query-input\":\"required name=search_term_string\"}],\"inLanguage\":\"es\"},{\"@type\":\"Organization\",\"@id\":\"https:\/\/pldistribucion.com.ar\/web\/#organization\",\"name\":\"PERFORMANCE LUBE\",\"url\":\"https:\/\/pldistribucion.com.ar\/web\/\",\"logo\":{\"@type\":\"ImageObject\",\"inLanguage\":\"es\",\"@id\":\"https:\/\/pldistribucion.com.ar\/web\/#\/schema\/logo\/image\/\",\"url\":\"https:\/\/pldistribucion.com.ar\/web\/wp-content\/uploads\/pld_logo_GB-removebg-preview.png\",\"contentUrl\":\"https:\/\/pldistribucion.com.ar\/web\/wp-content\/uploads\/pld_logo_GB-removebg-preview.png\",\"width\":787,\"height\":317,\"caption\":\"PERFORMANCE LUBE\"},\"image\":{\"@id\":\"https:\/\/pldistribucion.com.ar\/web\/#\/schema\/logo\/image\/\"}}]}<\/script>\n<!-- \/ Yoast SEO plugin. -->","yoast_head_json":{"title":"LUBRAX RAIL 13 - Perfomance Lube - Lubricantes","description":"Distribuidor de lubricantes LUBRAX de diferentes aplicaciones. Env\u00edos a todo el pa\u00eds. Variedad de productos y stock disponible.LUBRAX RAIL 13","robots":{"index":"index","follow":"follow","max-snippet":"max-snippet:-1","max-image-preview":"max-image-preview:large","max-video-preview":"max-video-preview:-1"},"canonical":"https:\/\/pldistribucion.com.ar\/web\/producto\/lubrax-rail-13\/","og_locale":"es_ES","og_type":"article","og_title":"LUBRAX RAIL 13 - Perfomance Lube - Lubricantes","og_description":"Distribuidor de lubricantes LUBRAX de diferentes aplicaciones. Env\u00edos a todo el pa\u00eds. Variedad de productos y stock disponible.LUBRAX RAIL 13","og_url":"https:\/\/pldistribucion.com.ar\/web\/producto\/lubrax-rail-13\/","og_site_name":"Perfomance Lube","article_modified_time":"2022-03-07T14:03:30+00:00","og_image":[{"width":284,"height":284,"url":"https:\/\/pldistribucion.com.ar\/web\/wp-content\/uploads\/foto-8.jpg","type":"image\/jpeg"}],"twitter_card":"summary_large_image","twitter_misc":{"Tiempo de lectura":"1 minuto"},"schema":{"@context":"https:\/\/schema.org","@graph":[{"@type":"WebPage","@id":"https:\/\/pldistribucion.com.ar\/web\/producto\/lubrax-rail-13\/","url":"https:\/\/pldistribucion.com.ar\/web\/producto\/lubrax-rail-13\/","name":"LUBRAX RAIL 13 - Perfomance Lube - Lubricantes","isPartOf":{"@id":"https:\/\/pldistribucion.com.ar\/web\/#website"},"primaryImageOfPage":{"@id":"https:\/\/pldistribucion.com.ar\/web\/producto\/lubrax-rail-13\/#primaryimage"},"image":{"@id":"https:\/\/pldistribucion.com.ar\/web\/producto\/lubrax-rail-13\/#primaryimage"},"thumbnailUrl":"https:\/\/pldistribucion.com.ar\/web\/wp-content\/uploads\/foto-8.jpg","datePublished":"2022-01-26T12:03:02+00:00","dateModified":"2022-03-07T14:03:30+00:00","description":"Distribuidor de lubricantes LUBRAX de diferentes aplicaciones. Env\u00edos a todo el pa\u00eds. Variedad de productos y stock disponible.LUBRAX RAIL 13","breadcrumb":{"@id":"https:\/\/pldistribucion.com.ar\/web\/producto\/lubrax-rail-13\/#breadcrumb"},"inLanguage":"es","potentialAction":[{"@type":"ReadAction","target":["https:\/\/pldistribucion.com.ar\/web\/producto\/lubrax-rail-13\/"]}]},{"@type":"ImageObject","inLanguage":"es","@id":"https:\/\/pldistribucion.com.ar\/web\/producto\/lubrax-rail-13\/#primaryimage","url":"https:\/\/pldistribucion.com.ar\/web\/wp-content\/uploads\/foto-8.jpg","contentUrl":"https:\/\/pldistribucion.com.ar\/web\/wp-content\/uploads\/foto-8.jpg","width":284,"height":284,"caption":"LUBRAX ATF HD"},{"@type":"BreadcrumbList","@id":"https:\/\/pldistribucion.com.ar\/web\/producto\/lubrax-rail-13\/#breadcrumb","itemListElement":[{"@type":"ListItem","position":1,"name":"Portada","item":"https:\/\/pldistribucion.com.ar\/web\/"},{"@type":"ListItem","position":2,"name":"Productos","item":"https:\/\/pldistribucion.com.ar\/web\/productos\/"},{"@type":"ListItem","position":3,"name":"LUBRAX RAIL 13"}]},{"@type":"WebSite","@id":"https:\/\/pldistribucion.com.ar\/web\/#website","url":"https:\/\/pldistribucion.com.ar\/web\/","name":"Perfomance Lube","description":"","publisher":{"@id":"https:\/\/pldistribucion.com.ar\/web\/#organization"},"potentialAction":[{"@type":"SearchAction","target":{"@type":"EntryPoint","urlTemplate":"https:\/\/pldistribucion.com.ar\/web\/?s={search_term_string}"},"query-input":"required name=search_term_string"}],"inLanguage":"es"},{"@type":"Organization","@id":"https:\/\/pldistribucion.com.ar\/web\/#organization","name":"PERFORMANCE LUBE","url":"https:\/\/pldistribucion.com.ar\/web\/","logo":{"@type":"ImageObject","inLanguage":"es","@id":"https:\/\/pldistribucion.com.ar\/web\/#\/schema\/logo\/image\/","url":"https:\/\/pldistribucion.com.ar\/web\/wp-content\/uploads\/pld_logo_GB-removebg-preview.png","contentUrl":"https:\/\/pldistribucion.com.ar\/web\/wp-content\/uploads\/pld_logo_GB-removebg-preview.png","width":787,"height":317,"caption":"PERFORMANCE LUBE"},"image":{"@id":"https:\/\/pldistribucion.com.ar\/web\/#\/schema\/logo\/image\/"}}]}},"_links":{"self":[{"href":"https:\/\/pldistribucion.com.ar\/web\/wp-json\/wp\/v2\/product\/2823"}],"collection":[{"href":"https:\/\/pldistribucion.com.ar\/web\/wp-json\/wp\/v2\/product"}],"about":[{"href":"https:\/\/pldistribucion.com.ar\/web\/wp-json\/wp\/v2\/types\/product"}],"replies":[{"embeddable":true,"href":"https:\/\/pldistribucion.com.ar\/web\/wp-json\/wp\/v2\/comments?post=2823"}],"wp:featuredmedia":[{"embeddable":true,"href":"https:\/\/pldistribucion.com.ar\/web\/wp-json\/wp\/v2\/media\/2752"}],"wp:attachment":[{"href":"https:\/\/pldistribucion.com.ar\/web\/wp-json\/wp\/v2\/media?parent=2823"}],"wp:term":[{"taxonomy":"product_cat","embeddable":true,"href":"https:\/\/pldistribucion.com.ar\/web\/wp-json\/wp\/v2\/product_cat?post=2823"},{"taxonomy":"product_tag","embeddable":true,"href":"https:\/\/pldistribucion.com.ar\/web\/wp-json\/wp\/v2\/product_tag?post=2823"}],"curies":[{"name":"wp","href":"https:\/\/api.w.org\/{rel}","templated":true}]}}