{"id":2721,"date":"2022-01-19T15:51:54","date_gmt":"2022-01-19T15:51:54","guid":{"rendered":"https:\/\/pldistribucion.com.ar\/web\/?post_type=product&#038;p=2721"},"modified":"2022-03-15T13:49:54","modified_gmt":"2022-03-15T13:49:54","slug":"lubrax-grans-thf-10w-30","status":"publish","type":"product","link":"https:\/\/pldistribucion.com.ar\/web\/producto\/lubrax-grans-thf-10w-30\/","title":{"rendered":"LUBRAX GRANS THF (10W-30)"},"content":{"rendered":"<h1 class=\"product-details__image\"><strong style=\"font-size: 80%;\">LUBRAX GRANS THF (10W-30) \/ Aceite multifuncional.<\/strong><\/h1>\n<h3><span style=\"font-size: 16.128px; background-color: #a1d6a9;\"><b>DESCRIPCI\u00d3N DEL PRODUCTO<\/b><\/span><\/h3>\n<p><span style=\"color: #000000;\">Lubrax Grans THF es un lubricante mineral multifuncional, del tipo Universal Tractor Transmission Oil (UTTO &#8211; Universal Tractor Transmission Oil), capaz de promover alta protecci\u00f3n contra el desgaste, alta resistencia a la oxidaci\u00f3n y al cizallamiento, as\u00ed como bajos niveles de ruido en las aplicaciones de frenado<\/span>.<\/p>\n<p><span style=\"color: #000000;\">Como beneficio hace que el sistema de frenos y el sistema de transmisi\u00f3n funcionen con mayor suavidad, adem\u00e1s garantiza el funcionamiento silencioso y eficiente del sistema de frenos y el sistema de transmisi\u00f3n, adem\u00e1s de obtener una mayor vida \u00fatil del equipo<\/span>.<\/p>\n<h3><span style=\"font-size: 16.128px; background-color: #a1d6a9;\"><b>APLICACIONES<\/b><\/span><\/h3>\n<p><span style=\"color: #000000;\">Recomendado para la lubricaci\u00f3n de transmisiones, mandos finales, diferenciales, frenos h\u00famedos y sistemas hidr\u00e1ulicos para tractores, equipos agr\u00edcolas, equipos de movimiento de tierras y fuera de carretera que requieren un aceite multiprop\u00f3sito con clase de viscosidad SAE 10W-30 o SAE. 80 W y clasificaci\u00f3n de rendimiento API GL-4 o cumplir con una de las especificaciones a continuaci\u00f3n. Tambi\u00e9n se puede utilizar cuando se requiere un producto tipo Caterpillar MTO (Multipurpose Tractor Oil).<\/span><\/p>\n<p><span style=\"color: #0000ff;\"><strong><a style=\"color: #0000ff;\" href=\"https:\/\/pldistribucion.com.ar\/web\/wp-content\/uploads\/FOCHA-1.pdf\" target=\"_blank\" rel=\"noopener\">Ver ficha t\u00e9cnica\u00a0 \/\u00a0 <\/a><a style=\"color: #0000ff;\" href=\"https:\/\/pldistribucion.com.ar\/web\/wp-content\/uploads\/s5-2.pdf\" target=\"_blank\" rel=\"noopener\">Ver hoja de seguridad<\/a><\/strong><\/span><\/p>\n<p><strong><span style=\"color: #0000ff;\"><a style=\"color: #0000ff;\" href=\"https:\/\/pldistribucion.com.ar\/web\/categoria-producto\/lubricantes\/?filter_marcas=lubrax\" target=\"_blank\" rel=\"noopener\">Ver m\u00e1s productos LUBRAX<\/a><\/span><\/strong><\/p>\n<p><span style=\"color: #000000;\">(L<span class=\"goog-text-highlight\">a marca Lubrax m\u00e1s recordada y vendida del pa\u00eds. E<\/span><span class=\"\">s 100% brasile\u00f1a y tiene m\u00e1s de 47 a\u00f1os en el mercado.<\/span><span class=\"\"> Cuenta con distribuidores exclusivos para llevar nuestros productos a todos los centros automotrices, talleres y super cambios de los cuatro rincones de este pa\u00eds.Nuestra f\u00e1brica, ubicada en Duque de Caxias, en R\u00edo de Janeiro, es considerada la planta industrial m\u00e1s grande de su tipo en Am\u00e9rica Latina, donde se produce nuestra l\u00ednea completa, compuesta por m\u00e1s de 130 familias de productos, para automotor, industrial, marino y ferroviario.)<\/span><\/span><\/p>\n<p><span style=\"color: #0000ff;\"><strong><a style=\"color: #0000ff;\" href=\"https:\/\/www.lubrax.com.br\/sobre-o-lubrax\/nossa-historia\" target=\"_blank\" rel=\"noopener\">Conoce m\u00e1s sobre LUBRAX<\/a><\/strong><\/span><\/p>\n","protected":false},"excerpt":{"rendered":"<p><img loading=\"lazy\" decoding=\"async\" class=\"alignnone size-medium wp-image-2644\" src=\"https:\/\/pldistribucion.com.ar\/web\/wp-content\/uploads\/lubrax-1-300x225.jpg\" alt=\"\" width=\"300\" height=\"225\" \/><\/p>\n<h1>Lubricantes LUBRAX<\/h1>\n<p>Lubrax es el lubricante de Petrobras, de alta calidad para veh\u00edculos y maquinarias de uso automotriz o industrial. Protege del desgaste, asegurando un mejor rendimiento y entregando mayor vida \u00fatil a los equipos.<\/p>\n","protected":false},"featured_media":2723,"comment_status":"open","ping_status":"closed","template":"","meta":[],"product_cat":[16,34],"product_tag":[],"yoast_head":"<!-- This site is optimized with the Yoast SEO plugin v23.0 - https:\/\/yoast.com\/wordpress\/plugins\/seo\/ -->\n<title>LUBRAX GRANS THF (10W-30) - Perfomance Lube - Lubricantes<\/title>\n<meta name=\"description\" content=\"Distribuidor de lubricantes LUBRAX de diferentes aplicaciones. Env\u00edos a todo el pa\u00eds. Variedad de productos y stock disponible.LUBRAX GRANS THF\" \/>\n<meta name=\"robots\" content=\"index, follow, max-snippet:-1, max-image-preview:large, max-video-preview:-1\" \/>\n<link rel=\"canonical\" href=\"https:\/\/pldistribucion.com.ar\/web\/producto\/lubrax-grans-thf-10w-30\/\" \/>\n<meta property=\"og:locale\" content=\"es_ES\" \/>\n<meta property=\"og:type\" content=\"article\" \/>\n<meta property=\"og:title\" content=\"LUBRAX GRANS THF (10W-30) - Perfomance Lube - Lubricantes\" \/>\n<meta property=\"og:description\" content=\"Distribuidor de lubricantes LUBRAX de diferentes aplicaciones. Env\u00edos a todo el pa\u00eds. Variedad de productos y stock disponible.LUBRAX GRANS THF\" \/>\n<meta property=\"og:url\" content=\"https:\/\/pldistribucion.com.ar\/web\/producto\/lubrax-grans-thf-10w-30\/\" \/>\n<meta property=\"og:site_name\" content=\"Perfomance Lube\" \/>\n<meta property=\"article:modified_time\" content=\"2022-03-15T13:49:54+00:00\" \/>\n<meta property=\"og:image\" content=\"https:\/\/pldistribucion.com.ar\/web\/wp-content\/uploads\/fotgo-4.jpg\" \/>\n\t<meta property=\"og:image:width\" content=\"600\" \/>\n\t<meta property=\"og:image:height\" content=\"350\" \/>\n\t<meta property=\"og:image:type\" content=\"image\/jpeg\" \/>\n<meta name=\"twitter:card\" content=\"summary_large_image\" \/>\n<meta name=\"twitter:label1\" content=\"Tiempo de lectura\" \/>\n\t<meta name=\"twitter:data1\" content=\"2 minutos\" \/>\n<script type=\"application\/ld+json\" class=\"yoast-schema-graph\">{\"@context\":\"https:\/\/schema.org\",\"@graph\":[{\"@type\":\"WebPage\",\"@id\":\"https:\/\/pldistribucion.com.ar\/web\/producto\/lubrax-grans-thf-10w-30\/\",\"url\":\"https:\/\/pldistribucion.com.ar\/web\/producto\/lubrax-grans-thf-10w-30\/\",\"name\":\"LUBRAX GRANS THF (10W-30) - Perfomance Lube - Lubricantes\",\"isPartOf\":{\"@id\":\"https:\/\/pldistribucion.com.ar\/web\/#website\"},\"primaryImageOfPage\":{\"@id\":\"https:\/\/pldistribucion.com.ar\/web\/producto\/lubrax-grans-thf-10w-30\/#primaryimage\"},\"image\":{\"@id\":\"https:\/\/pldistribucion.com.ar\/web\/producto\/lubrax-grans-thf-10w-30\/#primaryimage\"},\"thumbnailUrl\":\"https:\/\/pldistribucion.com.ar\/web\/wp-content\/uploads\/fotgo-4.jpg\",\"datePublished\":\"2022-01-19T15:51:54+00:00\",\"dateModified\":\"2022-03-15T13:49:54+00:00\",\"description\":\"Distribuidor de lubricantes LUBRAX de diferentes aplicaciones. Env\u00edos a todo el pa\u00eds. Variedad de productos y stock disponible.LUBRAX GRANS THF\",\"breadcrumb\":{\"@id\":\"https:\/\/pldistribucion.com.ar\/web\/producto\/lubrax-grans-thf-10w-30\/#breadcrumb\"},\"inLanguage\":\"es\",\"potentialAction\":[{\"@type\":\"ReadAction\",\"target\":[\"https:\/\/pldistribucion.com.ar\/web\/producto\/lubrax-grans-thf-10w-30\/\"]}]},{\"@type\":\"ImageObject\",\"inLanguage\":\"es\",\"@id\":\"https:\/\/pldistribucion.com.ar\/web\/producto\/lubrax-grans-thf-10w-30\/#primaryimage\",\"url\":\"https:\/\/pldistribucion.com.ar\/web\/wp-content\/uploads\/fotgo-4.jpg\",\"contentUrl\":\"https:\/\/pldistribucion.com.ar\/web\/wp-content\/uploads\/fotgo-4.jpg\",\"width\":600,\"height\":350,\"caption\":\"LUBRAX TRM 5 SAE 90\"},{\"@type\":\"BreadcrumbList\",\"@id\":\"https:\/\/pldistribucion.com.ar\/web\/producto\/lubrax-grans-thf-10w-30\/#breadcrumb\",\"itemListElement\":[{\"@type\":\"ListItem\",\"position\":1,\"name\":\"Portada\",\"item\":\"https:\/\/pldistribucion.com.ar\/web\/\"},{\"@type\":\"ListItem\",\"position\":2,\"name\":\"Productos\",\"item\":\"https:\/\/pldistribucion.com.ar\/web\/productos\/\"},{\"@type\":\"ListItem\",\"position\":3,\"name\":\"LUBRAX GRANS THF (10W-30)\"}]},{\"@type\":\"WebSite\",\"@id\":\"https:\/\/pldistribucion.com.ar\/web\/#website\",\"url\":\"https:\/\/pldistribucion.com.ar\/web\/\",\"name\":\"Perfomance Lube\",\"description\":\"\",\"publisher\":{\"@id\":\"https:\/\/pldistribucion.com.ar\/web\/#organization\"},\"potentialAction\":[{\"@type\":\"SearchAction\",\"target\":{\"@type\":\"EntryPoint\",\"urlTemplate\":\"https:\/\/pldistribucion.com.ar\/web\/?s={search_term_string}\"},\"query-input\":\"required name=search_term_string\"}],\"inLanguage\":\"es\"},{\"@type\":\"Organization\",\"@id\":\"https:\/\/pldistribucion.com.ar\/web\/#organization\",\"name\":\"PERFORMANCE LUBE\",\"url\":\"https:\/\/pldistribucion.com.ar\/web\/\",\"logo\":{\"@type\":\"ImageObject\",\"inLanguage\":\"es\",\"@id\":\"https:\/\/pldistribucion.com.ar\/web\/#\/schema\/logo\/image\/\",\"url\":\"https:\/\/pldistribucion.com.ar\/web\/wp-content\/uploads\/pld_logo_GB-removebg-preview.png\",\"contentUrl\":\"https:\/\/pldistribucion.com.ar\/web\/wp-content\/uploads\/pld_logo_GB-removebg-preview.png\",\"width\":787,\"height\":317,\"caption\":\"PERFORMANCE LUBE\"},\"image\":{\"@id\":\"https:\/\/pldistribucion.com.ar\/web\/#\/schema\/logo\/image\/\"}}]}<\/script>\n<!-- \/ Yoast SEO plugin. -->","yoast_head_json":{"title":"LUBRAX GRANS THF (10W-30) - Perfomance Lube - Lubricantes","description":"Distribuidor de lubricantes LUBRAX de diferentes aplicaciones. Env\u00edos a todo el pa\u00eds. Variedad de productos y stock disponible.LUBRAX GRANS THF","robots":{"index":"index","follow":"follow","max-snippet":"max-snippet:-1","max-image-preview":"max-image-preview:large","max-video-preview":"max-video-preview:-1"},"canonical":"https:\/\/pldistribucion.com.ar\/web\/producto\/lubrax-grans-thf-10w-30\/","og_locale":"es_ES","og_type":"article","og_title":"LUBRAX GRANS THF (10W-30) - Perfomance Lube - Lubricantes","og_description":"Distribuidor de lubricantes LUBRAX de diferentes aplicaciones. Env\u00edos a todo el pa\u00eds. Variedad de productos y stock disponible.LUBRAX GRANS THF","og_url":"https:\/\/pldistribucion.com.ar\/web\/producto\/lubrax-grans-thf-10w-30\/","og_site_name":"Perfomance Lube","article_modified_time":"2022-03-15T13:49:54+00:00","og_image":[{"width":600,"height":350,"url":"https:\/\/pldistribucion.com.ar\/web\/wp-content\/uploads\/fotgo-4.jpg","type":"image\/jpeg"}],"twitter_card":"summary_large_image","twitter_misc":{"Tiempo de lectura":"2 minutos"},"schema":{"@context":"https:\/\/schema.org","@graph":[{"@type":"WebPage","@id":"https:\/\/pldistribucion.com.ar\/web\/producto\/lubrax-grans-thf-10w-30\/","url":"https:\/\/pldistribucion.com.ar\/web\/producto\/lubrax-grans-thf-10w-30\/","name":"LUBRAX GRANS THF (10W-30) - Perfomance Lube - Lubricantes","isPartOf":{"@id":"https:\/\/pldistribucion.com.ar\/web\/#website"},"primaryImageOfPage":{"@id":"https:\/\/pldistribucion.com.ar\/web\/producto\/lubrax-grans-thf-10w-30\/#primaryimage"},"image":{"@id":"https:\/\/pldistribucion.com.ar\/web\/producto\/lubrax-grans-thf-10w-30\/#primaryimage"},"thumbnailUrl":"https:\/\/pldistribucion.com.ar\/web\/wp-content\/uploads\/fotgo-4.jpg","datePublished":"2022-01-19T15:51:54+00:00","dateModified":"2022-03-15T13:49:54+00:00","description":"Distribuidor de lubricantes LUBRAX de diferentes aplicaciones. Env\u00edos a todo el pa\u00eds. Variedad de productos y stock disponible.LUBRAX GRANS THF","breadcrumb":{"@id":"https:\/\/pldistribucion.com.ar\/web\/producto\/lubrax-grans-thf-10w-30\/#breadcrumb"},"inLanguage":"es","potentialAction":[{"@type":"ReadAction","target":["https:\/\/pldistribucion.com.ar\/web\/producto\/lubrax-grans-thf-10w-30\/"]}]},{"@type":"ImageObject","inLanguage":"es","@id":"https:\/\/pldistribucion.com.ar\/web\/producto\/lubrax-grans-thf-10w-30\/#primaryimage","url":"https:\/\/pldistribucion.com.ar\/web\/wp-content\/uploads\/fotgo-4.jpg","contentUrl":"https:\/\/pldistribucion.com.ar\/web\/wp-content\/uploads\/fotgo-4.jpg","width":600,"height":350,"caption":"LUBRAX TRM 5 SAE 90"},{"@type":"BreadcrumbList","@id":"https:\/\/pldistribucion.com.ar\/web\/producto\/lubrax-grans-thf-10w-30\/#breadcrumb","itemListElement":[{"@type":"ListItem","position":1,"name":"Portada","item":"https:\/\/pldistribucion.com.ar\/web\/"},{"@type":"ListItem","position":2,"name":"Productos","item":"https:\/\/pldistribucion.com.ar\/web\/productos\/"},{"@type":"ListItem","position":3,"name":"LUBRAX GRANS THF (10W-30)"}]},{"@type":"WebSite","@id":"https:\/\/pldistribucion.com.ar\/web\/#website","url":"https:\/\/pldistribucion.com.ar\/web\/","name":"Perfomance Lube","description":"","publisher":{"@id":"https:\/\/pldistribucion.com.ar\/web\/#organization"},"potentialAction":[{"@type":"SearchAction","target":{"@type":"EntryPoint","urlTemplate":"https:\/\/pldistribucion.com.ar\/web\/?s={search_term_string}"},"query-input":"required name=search_term_string"}],"inLanguage":"es"},{"@type":"Organization","@id":"https:\/\/pldistribucion.com.ar\/web\/#organization","name":"PERFORMANCE LUBE","url":"https:\/\/pldistribucion.com.ar\/web\/","logo":{"@type":"ImageObject","inLanguage":"es","@id":"https:\/\/pldistribucion.com.ar\/web\/#\/schema\/logo\/image\/","url":"https:\/\/pldistribucion.com.ar\/web\/wp-content\/uploads\/pld_logo_GB-removebg-preview.png","contentUrl":"https:\/\/pldistribucion.com.ar\/web\/wp-content\/uploads\/pld_logo_GB-removebg-preview.png","width":787,"height":317,"caption":"PERFORMANCE LUBE"},"image":{"@id":"https:\/\/pldistribucion.com.ar\/web\/#\/schema\/logo\/image\/"}}]}},"_links":{"self":[{"href":"https:\/\/pldistribucion.com.ar\/web\/wp-json\/wp\/v2\/product\/2721"}],"collection":[{"href":"https:\/\/pldistribucion.com.ar\/web\/wp-json\/wp\/v2\/product"}],"about":[{"href":"https:\/\/pldistribucion.com.ar\/web\/wp-json\/wp\/v2\/types\/product"}],"replies":[{"embeddable":true,"href":"https:\/\/pldistribucion.com.ar\/web\/wp-json\/wp\/v2\/comments?post=2721"}],"wp:featuredmedia":[{"embeddable":true,"href":"https:\/\/pldistribucion.com.ar\/web\/wp-json\/wp\/v2\/media\/2723"}],"wp:attachment":[{"href":"https:\/\/pldistribucion.com.ar\/web\/wp-json\/wp\/v2\/media?parent=2721"}],"wp:term":[{"taxonomy":"product_cat","embeddable":true,"href":"https:\/\/pldistribucion.com.ar\/web\/wp-json\/wp\/v2\/product_cat?post=2721"},{"taxonomy":"product_tag","embeddable":true,"href":"https:\/\/pldistribucion.com.ar\/web\/wp-json\/wp\/v2\/product_tag?post=2721"}],"curies":[{"name":"wp","href":"https:\/\/api.w.org\/{rel}","templated":true}]}}