{"id":2715,"date":"2022-01-19T15:22:39","date_gmt":"2022-01-19T15:22:39","guid":{"rendered":"https:\/\/pldistribucion.com.ar\/web\/?post_type=product&#038;p=2715"},"modified":"2022-03-15T14:25:58","modified_gmt":"2022-03-15T14:25:58","slug":"lubrax-essencial-2t","status":"publish","type":"product","link":"https:\/\/pldistribucion.com.ar\/web\/producto\/lubrax-essencial-2t\/","title":{"rendered":"LUBRAX ESSENCIAL 2T"},"content":{"rendered":"<h1 class=\"product-details__image\"><strong style=\"font-size: 80%;\">LUBRAX ESSENCIAL 2T \/ Lubricante mineral para motores 2T.<\/strong><\/h1>\n<h3><span style=\"font-size: 80%; background-color: #a1d6a9;\"><strong>DESCRIPCI\u00d3N DEL PRODUCTO<\/strong><\/span><\/h3>\n<p><span style=\"color: #000000;\">LUBRAX ESSENCIAL 2T es un aceite lubricante semi-sint\u00e9tico para utilizaci\u00f3n en motores dos tiempos gasolina que requieran lubricantes con nivel de desempe\u00f1o API TC e JASO FC.<\/span><\/p>\n<h3><span style=\"font-size: 16.128px; background-color: #a1d6a9;\"><b>CARACTER\u00cdSTICAS Y BENEFICIOS<\/b><\/span><\/h3>\n<ul>\n<li><span style=\"color: #000000;\">Su aditivaci\u00f3n evita problemas de pre combusti\u00f3n, trabas de los aros, rayaduras de las camisas y perdida de potencia del motor. Garantiza baja emisi\u00f3n de gases debido a su bajo tenor de cenizas y residuos de carbono, reduciendo los dep\u00f3sitos en aros, buja de combustible.<\/span><\/li>\n<li><span style=\"color: #000000;\">Su f\u00f3rmula controla la formaci\u00f3n de dep\u00f3sitos y reduce el desgaste de las piezas lubricadas. Tambi\u00e9n debe mezclarse con combustible en las proporciones recomendadas por los fabricantes de equipos, los cuales, en sus instrucciones en rojo, tienen la funci\u00f3n exclusiva de reconocer su presencia en la mezcla de gasolina.<\/span><\/li>\n<li><span style=\"color: #000000;\">Lubrax Essencial 2T cumple con el siguiente nivel de desempe\u00f1o:\u00a0 API TC<\/span><\/li>\n<\/ul>\n<p><span style=\"color: #0000ff;\"><strong><a style=\"color: #0000ff;\" href=\"https:\/\/pldistribucion.com.ar\/web\/wp-content\/uploads\/ficha-2-6.pdf\" target=\"_blank\" rel=\"noopener\">Ver ficha t\u00e9cnica\u00a0 \/\u00a0 <\/a><a style=\"color: #0000ff;\" href=\"https:\/\/pldistribucion.com.ar\/web\/wp-content\/uploads\/s7-3.pdf\" target=\"_blank\" rel=\"noopener\">Ver hoja de seguridad<\/a><\/strong><\/span><\/p>\n<p><strong><span style=\"color: #0000ff;\"><a style=\"color: #0000ff;\" href=\"https:\/\/pldistribucion.com.ar\/web\/categoria-producto\/lubricantes\/?filter_marcas=lubrax\" target=\"_blank\" rel=\"noopener\">Ver m\u00e1s productos LUBRAX<\/a><\/span><\/strong><\/p>\n<p><span style=\"color: #000000;\">(L<span class=\"goog-text-highlight\">a marca Lubrax m\u00e1s recordada y vendida del pa\u00eds. E<\/span><span class=\"\">s 100% brasile\u00f1a y tiene m\u00e1s de 47 a\u00f1os en el mercado.<\/span><span class=\"\"> Cuenta con distribuidores exclusivos para llevar nuestros productos a todos los centros automotrices, talleres y super cambios de los cuatro rincones de este pa\u00eds.Nuestra f\u00e1brica, ubicada en Duque de Caxias, en R\u00edo de Janeiro, es considerada la planta industrial m\u00e1s grande de su tipo en Am\u00e9rica Latina, donde se produce nuestra l\u00ednea completa, compuesta por m\u00e1s de 130 familias de productos, para automotor, industrial, marino y ferroviario.)<\/span><\/span><\/p>\n<p><span style=\"color: #0000ff;\"><strong><a style=\"color: #0000ff;\" href=\"https:\/\/www.lubrax.com.br\/sobre-o-lubrax\/nossa-historia\" target=\"_blank\" rel=\"noopener\">Conoce m\u00e1s sobre LUBRAX<\/a><\/strong><\/span><\/p>\n","protected":false},"excerpt":{"rendered":"<p><img loading=\"lazy\" decoding=\"async\" class=\"alignnone size-medium wp-image-2644\" src=\"https:\/\/pldistribucion.com.ar\/web\/wp-content\/uploads\/lubrax-1-300x225.jpg\" alt=\"\" width=\"300\" height=\"225\" \/><\/p>\n<h1>Lubricantes LUBRAX<\/h1>\n<p>Lubrax es el lubricante de Petrobras, de alta calidad para veh\u00edculos y maquinarias de uso automotriz o industrial. Protege del desgaste, asegurando un mejor rendimiento y entregando mayor vida \u00fatil a los equipos.<\/p>\n","protected":false},"featured_media":2717,"comment_status":"open","ping_status":"closed","template":"","meta":[],"product_cat":[16,34],"product_tag":[],"yoast_head":"<!-- This site is optimized with the Yoast SEO plugin v23.0 - https:\/\/yoast.com\/wordpress\/plugins\/seo\/ -->\n<title>LUBRAX ESSENCIAL 2T - Perfomance Lube - Lubricantes<\/title>\n<meta name=\"description\" content=\"Distribuidor de lubricantes LUBRAX de diferentes aplicaciones. Env\u00edos a todo el pa\u00eds. Variedad de productos y stock disponible.LUBRAX ESSENCIAL 2T\" \/>\n<meta name=\"robots\" content=\"index, follow, max-snippet:-1, max-image-preview:large, max-video-preview:-1\" \/>\n<link rel=\"canonical\" href=\"https:\/\/pldistribucion.com.ar\/web\/producto\/lubrax-essencial-2t\/\" \/>\n<meta property=\"og:locale\" content=\"es_ES\" \/>\n<meta property=\"og:type\" content=\"article\" \/>\n<meta property=\"og:title\" content=\"LUBRAX ESSENCIAL 2T - Perfomance Lube - Lubricantes\" \/>\n<meta property=\"og:description\" content=\"Distribuidor de lubricantes LUBRAX de diferentes aplicaciones. Env\u00edos a todo el pa\u00eds. Variedad de productos y stock disponible.LUBRAX ESSENCIAL 2T\" \/>\n<meta property=\"og:url\" content=\"https:\/\/pldistribucion.com.ar\/web\/producto\/lubrax-essencial-2t\/\" \/>\n<meta property=\"og:site_name\" content=\"Perfomance Lube\" \/>\n<meta property=\"article:modified_time\" content=\"2022-03-15T14:25:58+00:00\" \/>\n<meta property=\"og:image\" content=\"https:\/\/pldistribucion.com.ar\/web\/wp-content\/uploads\/foto-2-3.jpg\" \/>\n\t<meta property=\"og:image:width\" content=\"327\" \/>\n\t<meta property=\"og:image:height\" content=\"331\" \/>\n\t<meta property=\"og:image:type\" content=\"image\/jpeg\" \/>\n<meta name=\"twitter:card\" content=\"summary_large_image\" \/>\n<meta name=\"twitter:label1\" content=\"Tiempo de lectura\" \/>\n\t<meta name=\"twitter:data1\" content=\"1 minuto\" \/>\n<script type=\"application\/ld+json\" class=\"yoast-schema-graph\">{\"@context\":\"https:\/\/schema.org\",\"@graph\":[{\"@type\":\"WebPage\",\"@id\":\"https:\/\/pldistribucion.com.ar\/web\/producto\/lubrax-essencial-2t\/\",\"url\":\"https:\/\/pldistribucion.com.ar\/web\/producto\/lubrax-essencial-2t\/\",\"name\":\"LUBRAX ESSENCIAL 2T - Perfomance Lube - Lubricantes\",\"isPartOf\":{\"@id\":\"https:\/\/pldistribucion.com.ar\/web\/#website\"},\"primaryImageOfPage\":{\"@id\":\"https:\/\/pldistribucion.com.ar\/web\/producto\/lubrax-essencial-2t\/#primaryimage\"},\"image\":{\"@id\":\"https:\/\/pldistribucion.com.ar\/web\/producto\/lubrax-essencial-2t\/#primaryimage\"},\"thumbnailUrl\":\"https:\/\/pldistribucion.com.ar\/web\/wp-content\/uploads\/foto-2-3.jpg\",\"datePublished\":\"2022-01-19T15:22:39+00:00\",\"dateModified\":\"2022-03-15T14:25:58+00:00\",\"description\":\"Distribuidor de lubricantes LUBRAX de diferentes aplicaciones. Env\u00edos a todo el pa\u00eds. Variedad de productos y stock disponible.LUBRAX ESSENCIAL 2T\",\"breadcrumb\":{\"@id\":\"https:\/\/pldistribucion.com.ar\/web\/producto\/lubrax-essencial-2t\/#breadcrumb\"},\"inLanguage\":\"es\",\"potentialAction\":[{\"@type\":\"ReadAction\",\"target\":[\"https:\/\/pldistribucion.com.ar\/web\/producto\/lubrax-essencial-2t\/\"]}]},{\"@type\":\"ImageObject\",\"inLanguage\":\"es\",\"@id\":\"https:\/\/pldistribucion.com.ar\/web\/producto\/lubrax-essencial-2t\/#primaryimage\",\"url\":\"https:\/\/pldistribucion.com.ar\/web\/wp-content\/uploads\/foto-2-3.jpg\",\"contentUrl\":\"https:\/\/pldistribucion.com.ar\/web\/wp-content\/uploads\/foto-2-3.jpg\",\"width\":327,\"height\":331,\"caption\":\"LUBRAX ESSENCIAL 2T\"},{\"@type\":\"BreadcrumbList\",\"@id\":\"https:\/\/pldistribucion.com.ar\/web\/producto\/lubrax-essencial-2t\/#breadcrumb\",\"itemListElement\":[{\"@type\":\"ListItem\",\"position\":1,\"name\":\"Portada\",\"item\":\"https:\/\/pldistribucion.com.ar\/web\/\"},{\"@type\":\"ListItem\",\"position\":2,\"name\":\"Productos\",\"item\":\"https:\/\/pldistribucion.com.ar\/web\/productos\/\"},{\"@type\":\"ListItem\",\"position\":3,\"name\":\"LUBRAX ESSENCIAL 2T\"}]},{\"@type\":\"WebSite\",\"@id\":\"https:\/\/pldistribucion.com.ar\/web\/#website\",\"url\":\"https:\/\/pldistribucion.com.ar\/web\/\",\"name\":\"Perfomance Lube\",\"description\":\"\",\"publisher\":{\"@id\":\"https:\/\/pldistribucion.com.ar\/web\/#organization\"},\"potentialAction\":[{\"@type\":\"SearchAction\",\"target\":{\"@type\":\"EntryPoint\",\"urlTemplate\":\"https:\/\/pldistribucion.com.ar\/web\/?s={search_term_string}\"},\"query-input\":\"required name=search_term_string\"}],\"inLanguage\":\"es\"},{\"@type\":\"Organization\",\"@id\":\"https:\/\/pldistribucion.com.ar\/web\/#organization\",\"name\":\"PERFORMANCE LUBE\",\"url\":\"https:\/\/pldistribucion.com.ar\/web\/\",\"logo\":{\"@type\":\"ImageObject\",\"inLanguage\":\"es\",\"@id\":\"https:\/\/pldistribucion.com.ar\/web\/#\/schema\/logo\/image\/\",\"url\":\"https:\/\/pldistribucion.com.ar\/web\/wp-content\/uploads\/pld_logo_GB-removebg-preview.png\",\"contentUrl\":\"https:\/\/pldistribucion.com.ar\/web\/wp-content\/uploads\/pld_logo_GB-removebg-preview.png\",\"width\":787,\"height\":317,\"caption\":\"PERFORMANCE LUBE\"},\"image\":{\"@id\":\"https:\/\/pldistribucion.com.ar\/web\/#\/schema\/logo\/image\/\"}}]}<\/script>\n<!-- \/ Yoast SEO plugin. -->","yoast_head_json":{"title":"LUBRAX ESSENCIAL 2T - Perfomance Lube - Lubricantes","description":"Distribuidor de lubricantes LUBRAX de diferentes aplicaciones. Env\u00edos a todo el pa\u00eds. Variedad de productos y stock disponible.LUBRAX ESSENCIAL 2T","robots":{"index":"index","follow":"follow","max-snippet":"max-snippet:-1","max-image-preview":"max-image-preview:large","max-video-preview":"max-video-preview:-1"},"canonical":"https:\/\/pldistribucion.com.ar\/web\/producto\/lubrax-essencial-2t\/","og_locale":"es_ES","og_type":"article","og_title":"LUBRAX ESSENCIAL 2T - Perfomance Lube - Lubricantes","og_description":"Distribuidor de lubricantes LUBRAX de diferentes aplicaciones. Env\u00edos a todo el pa\u00eds. Variedad de productos y stock disponible.LUBRAX ESSENCIAL 2T","og_url":"https:\/\/pldistribucion.com.ar\/web\/producto\/lubrax-essencial-2t\/","og_site_name":"Perfomance Lube","article_modified_time":"2022-03-15T14:25:58+00:00","og_image":[{"width":327,"height":331,"url":"https:\/\/pldistribucion.com.ar\/web\/wp-content\/uploads\/foto-2-3.jpg","type":"image\/jpeg"}],"twitter_card":"summary_large_image","twitter_misc":{"Tiempo de lectura":"1 minuto"},"schema":{"@context":"https:\/\/schema.org","@graph":[{"@type":"WebPage","@id":"https:\/\/pldistribucion.com.ar\/web\/producto\/lubrax-essencial-2t\/","url":"https:\/\/pldistribucion.com.ar\/web\/producto\/lubrax-essencial-2t\/","name":"LUBRAX ESSENCIAL 2T - Perfomance Lube - Lubricantes","isPartOf":{"@id":"https:\/\/pldistribucion.com.ar\/web\/#website"},"primaryImageOfPage":{"@id":"https:\/\/pldistribucion.com.ar\/web\/producto\/lubrax-essencial-2t\/#primaryimage"},"image":{"@id":"https:\/\/pldistribucion.com.ar\/web\/producto\/lubrax-essencial-2t\/#primaryimage"},"thumbnailUrl":"https:\/\/pldistribucion.com.ar\/web\/wp-content\/uploads\/foto-2-3.jpg","datePublished":"2022-01-19T15:22:39+00:00","dateModified":"2022-03-15T14:25:58+00:00","description":"Distribuidor de lubricantes LUBRAX de diferentes aplicaciones. Env\u00edos a todo el pa\u00eds. Variedad de productos y stock disponible.LUBRAX ESSENCIAL 2T","breadcrumb":{"@id":"https:\/\/pldistribucion.com.ar\/web\/producto\/lubrax-essencial-2t\/#breadcrumb"},"inLanguage":"es","potentialAction":[{"@type":"ReadAction","target":["https:\/\/pldistribucion.com.ar\/web\/producto\/lubrax-essencial-2t\/"]}]},{"@type":"ImageObject","inLanguage":"es","@id":"https:\/\/pldistribucion.com.ar\/web\/producto\/lubrax-essencial-2t\/#primaryimage","url":"https:\/\/pldistribucion.com.ar\/web\/wp-content\/uploads\/foto-2-3.jpg","contentUrl":"https:\/\/pldistribucion.com.ar\/web\/wp-content\/uploads\/foto-2-3.jpg","width":327,"height":331,"caption":"LUBRAX ESSENCIAL 2T"},{"@type":"BreadcrumbList","@id":"https:\/\/pldistribucion.com.ar\/web\/producto\/lubrax-essencial-2t\/#breadcrumb","itemListElement":[{"@type":"ListItem","position":1,"name":"Portada","item":"https:\/\/pldistribucion.com.ar\/web\/"},{"@type":"ListItem","position":2,"name":"Productos","item":"https:\/\/pldistribucion.com.ar\/web\/productos\/"},{"@type":"ListItem","position":3,"name":"LUBRAX ESSENCIAL 2T"}]},{"@type":"WebSite","@id":"https:\/\/pldistribucion.com.ar\/web\/#website","url":"https:\/\/pldistribucion.com.ar\/web\/","name":"Perfomance Lube","description":"","publisher":{"@id":"https:\/\/pldistribucion.com.ar\/web\/#organization"},"potentialAction":[{"@type":"SearchAction","target":{"@type":"EntryPoint","urlTemplate":"https:\/\/pldistribucion.com.ar\/web\/?s={search_term_string}"},"query-input":"required name=search_term_string"}],"inLanguage":"es"},{"@type":"Organization","@id":"https:\/\/pldistribucion.com.ar\/web\/#organization","name":"PERFORMANCE LUBE","url":"https:\/\/pldistribucion.com.ar\/web\/","logo":{"@type":"ImageObject","inLanguage":"es","@id":"https:\/\/pldistribucion.com.ar\/web\/#\/schema\/logo\/image\/","url":"https:\/\/pldistribucion.com.ar\/web\/wp-content\/uploads\/pld_logo_GB-removebg-preview.png","contentUrl":"https:\/\/pldistribucion.com.ar\/web\/wp-content\/uploads\/pld_logo_GB-removebg-preview.png","width":787,"height":317,"caption":"PERFORMANCE LUBE"},"image":{"@id":"https:\/\/pldistribucion.com.ar\/web\/#\/schema\/logo\/image\/"}}]}},"_links":{"self":[{"href":"https:\/\/pldistribucion.com.ar\/web\/wp-json\/wp\/v2\/product\/2715"}],"collection":[{"href":"https:\/\/pldistribucion.com.ar\/web\/wp-json\/wp\/v2\/product"}],"about":[{"href":"https:\/\/pldistribucion.com.ar\/web\/wp-json\/wp\/v2\/types\/product"}],"replies":[{"embeddable":true,"href":"https:\/\/pldistribucion.com.ar\/web\/wp-json\/wp\/v2\/comments?post=2715"}],"wp:featuredmedia":[{"embeddable":true,"href":"https:\/\/pldistribucion.com.ar\/web\/wp-json\/wp\/v2\/media\/2717"}],"wp:attachment":[{"href":"https:\/\/pldistribucion.com.ar\/web\/wp-json\/wp\/v2\/media?parent=2715"}],"wp:term":[{"taxonomy":"product_cat","embeddable":true,"href":"https:\/\/pldistribucion.com.ar\/web\/wp-json\/wp\/v2\/product_cat?post=2715"},{"taxonomy":"product_tag","embeddable":true,"href":"https:\/\/pldistribucion.com.ar\/web\/wp-json\/wp\/v2\/product_tag?post=2715"}],"curies":[{"name":"wp","href":"https:\/\/api.w.org\/{rel}","templated":true}]}}