{"id":2666,"date":"2022-01-14T14:32:00","date_gmt":"2022-01-14T14:32:00","guid":{"rendered":"https:\/\/pldistribucion.com.ar\/web\/?post_type=product&#038;p=2666"},"modified":"2022-03-10T15:05:36","modified_gmt":"2022-03-10T15:05:36","slug":"lubrax-essencial-sl-15w-40-20w-50","status":"publish","type":"product","link":"https:\/\/pldistribucion.com.ar\/web\/producto\/lubrax-essencial-sl-15w-40-20w-50\/","title":{"rendered":"LUBRAX ESSENCIAL SL (15W-40\/20W-50)"},"content":{"rendered":"<h1><span style=\"font-size: 80%;\"><b>LUBRAX ESSENCIAL SL (15W-40\/20W-50) &#8211; ACEITE PARA MOTOR GASOLINERO.<\/b><\/span><\/h1>\n<h3><span style=\"font-size: 80%; background-color: #a1d6a9;\"><strong>Descripci\u00f3n del producto<\/strong><\/span><\/h3>\n<p><span style=\"color: #000000;\">LUBRAX ESSENCIAL SL\u00a0 es un aceite multigrado, formulado con aceites b\u00e1sicos Grupo II de elevada calidad, para motores a gasolina.\u00a0<\/span><\/p>\n<p><span style=\"color: #000000;\">Tiene un buen arranque en climas fr\u00edos, una m<\/span><span style=\"color: #000000;\">\u00e1xima limpieza del motor y de los sistemas de emisi\u00f3n de gases. Tambi\u00e9n g<\/span><span style=\"color: #000000;\">arantiza una mayor vida \u00fatil<\/span><span style=\"color: #000000;\"> del motor, con un b<\/span><span style=\"color: #000000;\">ajo consumo de aceite y b<\/span><span style=\"color: #000000;\">uen control en la formaci\u00f3n de lodos. Adem\u00e1s de tener un e<\/span><span style=\"color: #000000;\">xcelente control de la oxidaci\u00f3n.<\/span><\/p>\n<h3><span style=\"font-size: 80%; background-color: #a1d6a9;\"><strong>Aplicaciones<\/strong><\/span><\/h3>\n<p><span style=\"color: #000000;\">Est\u00e1 recomendado para motores a gasolina de cuatro tiempos, utilizados en autom\u00f3viles, camionetas livianas, motocicletas, algunos tipos de botes y otros equipos m\u00f3viles y estacionarios. Tambi\u00e9n puede ser utilizado en veh\u00edculos con combustibles a gas natural comprimido (GNC) y gas licuado de petr\u00f3leo (LPG).<\/span><\/p>\n<p><strong><span style=\"color: #0000ff;\"><span style=\"color: #0000ff;\"><a style=\"color: #0000ff;\" href=\"https:\/\/pldistribucion.com.ar\/web\/wp-content\/uploads\/ficha6.pdf\" target=\"_blank\" rel=\"noopener\">Ver ficha t\u00e9cnica \/ <\/a><a style=\"color: #0000ff;\" href=\"https:\/\/pldistribucion.com.ar\/web\/wp-content\/uploads\/s5-1.pdf\" target=\"_blank\" rel=\"noopener\">Ver hoja de seguridad<\/a><\/span><\/span><\/strong><\/p>\n<p><strong><span style=\"color: #0000ff;\"><a style=\"color: #0000ff;\" href=\"https:\/\/pldistribucion.com.ar\/web\/categoria-producto\/lubricantes\/?filter_marcas=lubrax\" target=\"_blank\" rel=\"noopener\">Ver m\u00e1s productos LUBRAX<\/a><\/span><\/strong><\/p>\n<p><span style=\"color: #000000;\">(<span class=\"goog-text-highlight\">Lubrax es la marca de lubricantes m\u00e1s recordada y vendida del pa\u00eds. E<\/span><span class=\"\">s 100% brasile\u00f1a y tiene m\u00e1s de 47 a\u00f1os en el mercado.<\/span><span class=\"\"> Cuenta con distribuidores exclusivos para llevar nuestros productos a todos los centros automotrices, talleres y supercambios de los cuatro rincones de este pa\u00eds.Esta f\u00e1brica, ubicada en Duque de Caxias, en R\u00edo de Janeiro, es considerada la planta industrial m\u00e1s grande de su tipo en Am\u00e9rica Latina, donde se produce su l\u00ednea completa, compuesta por m\u00e1s de 130 familias de productos, para automotor, industrial, marino y ferroviario)<\/span><\/span><\/p>\n<p><span style=\"color: #0000ff;\"><strong><a style=\"color: #0000ff;\" href=\"https:\/\/www.lubrax.com.br\/sobre-o-lubrax\/nossa-historia\" target=\"_blank\" rel=\"noopener\">Conoce m\u00e1s sobre LUBRAX<\/a><\/strong><\/span><\/p>\n","protected":false},"excerpt":{"rendered":"<p><img loading=\"lazy\" decoding=\"async\" class=\"alignnone size-medium wp-image-2644\" src=\"https:\/\/pldistribucion.com.ar\/web\/wp-content\/uploads\/lubrax-1-300x225.jpg\" alt=\"\" width=\"300\" height=\"225\" \/><\/p>\n<h3><em>LUBRICANTES LUBRAX<\/em><\/h3>\n<p>Lubrax\u00a0es el lubricante de Petrobras, de alta calidad para veh\u00edculos y maquinarias de uso automotriz o industrial. Protege del desgaste, asegurando un mejor rendimiento y entregando mayor vida \u00fatil a los equipos.<\/p>\n","protected":false},"featured_media":2668,"comment_status":"open","ping_status":"closed","template":"","meta":[],"product_cat":[16,34],"product_tag":[],"yoast_head":"<!-- This site is optimized with the Yoast SEO plugin v23.0 - https:\/\/yoast.com\/wordpress\/plugins\/seo\/ -->\n<title>LUBRAX ESSENCIAL SL (15W-40\/20W-50) - Perfomance Lube - Aceites<\/title>\n<meta name=\"description\" content=\"Distribuidor de lubricantes LUBRAX de diferentes aplicaciones. Env\u00edos a todo el pa\u00eds. Variedad de productos y stock disponible.LUBRAX ESSENCIAL SL\" \/>\n<meta name=\"robots\" content=\"index, follow, max-snippet:-1, max-image-preview:large, max-video-preview:-1\" \/>\n<link rel=\"canonical\" href=\"https:\/\/pldistribucion.com.ar\/web\/producto\/lubrax-essencial-sl-15w-40-20w-50\/\" \/>\n<meta property=\"og:locale\" content=\"es_ES\" \/>\n<meta property=\"og:type\" content=\"article\" \/>\n<meta property=\"og:title\" content=\"LUBRAX ESSENCIAL SL (15W-40\/20W-50) - Perfomance Lube - Aceites\" \/>\n<meta property=\"og:description\" content=\"Distribuidor de lubricantes LUBRAX de diferentes aplicaciones. Env\u00edos a todo el pa\u00eds. Variedad de productos y stock disponible.LUBRAX ESSENCIAL SL\" \/>\n<meta property=\"og:url\" content=\"https:\/\/pldistribucion.com.ar\/web\/producto\/lubrax-essencial-sl-15w-40-20w-50\/\" \/>\n<meta property=\"og:site_name\" content=\"Perfomance Lube\" \/>\n<meta property=\"article:modified_time\" content=\"2022-03-10T15:05:36+00:00\" \/>\n<meta property=\"og:image\" content=\"https:\/\/pldistribucion.com.ar\/web\/wp-content\/uploads\/foto-6-1.jpg\" \/>\n\t<meta property=\"og:image:width\" content=\"1000\" \/>\n\t<meta property=\"og:image:height\" content=\"1000\" \/>\n\t<meta property=\"og:image:type\" content=\"image\/jpeg\" \/>\n<meta name=\"twitter:card\" content=\"summary_large_image\" \/>\n<meta name=\"twitter:label1\" content=\"Tiempo de lectura\" \/>\n\t<meta name=\"twitter:data1\" content=\"1 minuto\" \/>\n<script type=\"application\/ld+json\" class=\"yoast-schema-graph\">{\"@context\":\"https:\/\/schema.org\",\"@graph\":[{\"@type\":\"WebPage\",\"@id\":\"https:\/\/pldistribucion.com.ar\/web\/producto\/lubrax-essencial-sl-15w-40-20w-50\/\",\"url\":\"https:\/\/pldistribucion.com.ar\/web\/producto\/lubrax-essencial-sl-15w-40-20w-50\/\",\"name\":\"LUBRAX ESSENCIAL SL (15W-40\/20W-50) - Perfomance Lube - Aceites\",\"isPartOf\":{\"@id\":\"https:\/\/pldistribucion.com.ar\/web\/#website\"},\"primaryImageOfPage\":{\"@id\":\"https:\/\/pldistribucion.com.ar\/web\/producto\/lubrax-essencial-sl-15w-40-20w-50\/#primaryimage\"},\"image\":{\"@id\":\"https:\/\/pldistribucion.com.ar\/web\/producto\/lubrax-essencial-sl-15w-40-20w-50\/#primaryimage\"},\"thumbnailUrl\":\"https:\/\/pldistribucion.com.ar\/web\/wp-content\/uploads\/foto-6-1.jpg\",\"datePublished\":\"2022-01-14T14:32:00+00:00\",\"dateModified\":\"2022-03-10T15:05:36+00:00\",\"description\":\"Distribuidor de lubricantes LUBRAX de diferentes aplicaciones. Env\u00edos a todo el pa\u00eds. Variedad de productos y stock disponible.LUBRAX ESSENCIAL SL\",\"breadcrumb\":{\"@id\":\"https:\/\/pldistribucion.com.ar\/web\/producto\/lubrax-essencial-sl-15w-40-20w-50\/#breadcrumb\"},\"inLanguage\":\"es\",\"potentialAction\":[{\"@type\":\"ReadAction\",\"target\":[\"https:\/\/pldistribucion.com.ar\/web\/producto\/lubrax-essencial-sl-15w-40-20w-50\/\"]}]},{\"@type\":\"ImageObject\",\"inLanguage\":\"es\",\"@id\":\"https:\/\/pldistribucion.com.ar\/web\/producto\/lubrax-essencial-sl-15w-40-20w-50\/#primaryimage\",\"url\":\"https:\/\/pldistribucion.com.ar\/web\/wp-content\/uploads\/foto-6-1.jpg\",\"contentUrl\":\"https:\/\/pldistribucion.com.ar\/web\/wp-content\/uploads\/foto-6-1.jpg\",\"width\":1000,\"height\":1000},{\"@type\":\"BreadcrumbList\",\"@id\":\"https:\/\/pldistribucion.com.ar\/web\/producto\/lubrax-essencial-sl-15w-40-20w-50\/#breadcrumb\",\"itemListElement\":[{\"@type\":\"ListItem\",\"position\":1,\"name\":\"Portada\",\"item\":\"https:\/\/pldistribucion.com.ar\/web\/\"},{\"@type\":\"ListItem\",\"position\":2,\"name\":\"Productos\",\"item\":\"https:\/\/pldistribucion.com.ar\/web\/productos\/\"},{\"@type\":\"ListItem\",\"position\":3,\"name\":\"LUBRAX ESSENCIAL SL (15W-40\/20W-50)\"}]},{\"@type\":\"WebSite\",\"@id\":\"https:\/\/pldistribucion.com.ar\/web\/#website\",\"url\":\"https:\/\/pldistribucion.com.ar\/web\/\",\"name\":\"Perfomance Lube\",\"description\":\"\",\"publisher\":{\"@id\":\"https:\/\/pldistribucion.com.ar\/web\/#organization\"},\"potentialAction\":[{\"@type\":\"SearchAction\",\"target\":{\"@type\":\"EntryPoint\",\"urlTemplate\":\"https:\/\/pldistribucion.com.ar\/web\/?s={search_term_string}\"},\"query-input\":\"required name=search_term_string\"}],\"inLanguage\":\"es\"},{\"@type\":\"Organization\",\"@id\":\"https:\/\/pldistribucion.com.ar\/web\/#organization\",\"name\":\"PERFORMANCE LUBE\",\"url\":\"https:\/\/pldistribucion.com.ar\/web\/\",\"logo\":{\"@type\":\"ImageObject\",\"inLanguage\":\"es\",\"@id\":\"https:\/\/pldistribucion.com.ar\/web\/#\/schema\/logo\/image\/\",\"url\":\"https:\/\/pldistribucion.com.ar\/web\/wp-content\/uploads\/pld_logo_GB-removebg-preview.png\",\"contentUrl\":\"https:\/\/pldistribucion.com.ar\/web\/wp-content\/uploads\/pld_logo_GB-removebg-preview.png\",\"width\":787,\"height\":317,\"caption\":\"PERFORMANCE LUBE\"},\"image\":{\"@id\":\"https:\/\/pldistribucion.com.ar\/web\/#\/schema\/logo\/image\/\"}}]}<\/script>\n<!-- \/ Yoast SEO plugin. -->","yoast_head_json":{"title":"LUBRAX ESSENCIAL SL (15W-40\/20W-50) - Perfomance Lube - Aceites","description":"Distribuidor de lubricantes LUBRAX de diferentes aplicaciones. Env\u00edos a todo el pa\u00eds. Variedad de productos y stock disponible.LUBRAX ESSENCIAL SL","robots":{"index":"index","follow":"follow","max-snippet":"max-snippet:-1","max-image-preview":"max-image-preview:large","max-video-preview":"max-video-preview:-1"},"canonical":"https:\/\/pldistribucion.com.ar\/web\/producto\/lubrax-essencial-sl-15w-40-20w-50\/","og_locale":"es_ES","og_type":"article","og_title":"LUBRAX ESSENCIAL SL (15W-40\/20W-50) - Perfomance Lube - Aceites","og_description":"Distribuidor de lubricantes LUBRAX de diferentes aplicaciones. Env\u00edos a todo el pa\u00eds. Variedad de productos y stock disponible.LUBRAX ESSENCIAL SL","og_url":"https:\/\/pldistribucion.com.ar\/web\/producto\/lubrax-essencial-sl-15w-40-20w-50\/","og_site_name":"Perfomance Lube","article_modified_time":"2022-03-10T15:05:36+00:00","og_image":[{"width":1000,"height":1000,"url":"https:\/\/pldistribucion.com.ar\/web\/wp-content\/uploads\/foto-6-1.jpg","type":"image\/jpeg"}],"twitter_card":"summary_large_image","twitter_misc":{"Tiempo de lectura":"1 minuto"},"schema":{"@context":"https:\/\/schema.org","@graph":[{"@type":"WebPage","@id":"https:\/\/pldistribucion.com.ar\/web\/producto\/lubrax-essencial-sl-15w-40-20w-50\/","url":"https:\/\/pldistribucion.com.ar\/web\/producto\/lubrax-essencial-sl-15w-40-20w-50\/","name":"LUBRAX ESSENCIAL SL (15W-40\/20W-50) - Perfomance Lube - Aceites","isPartOf":{"@id":"https:\/\/pldistribucion.com.ar\/web\/#website"},"primaryImageOfPage":{"@id":"https:\/\/pldistribucion.com.ar\/web\/producto\/lubrax-essencial-sl-15w-40-20w-50\/#primaryimage"},"image":{"@id":"https:\/\/pldistribucion.com.ar\/web\/producto\/lubrax-essencial-sl-15w-40-20w-50\/#primaryimage"},"thumbnailUrl":"https:\/\/pldistribucion.com.ar\/web\/wp-content\/uploads\/foto-6-1.jpg","datePublished":"2022-01-14T14:32:00+00:00","dateModified":"2022-03-10T15:05:36+00:00","description":"Distribuidor de lubricantes LUBRAX de diferentes aplicaciones. Env\u00edos a todo el pa\u00eds. Variedad de productos y stock disponible.LUBRAX ESSENCIAL SL","breadcrumb":{"@id":"https:\/\/pldistribucion.com.ar\/web\/producto\/lubrax-essencial-sl-15w-40-20w-50\/#breadcrumb"},"inLanguage":"es","potentialAction":[{"@type":"ReadAction","target":["https:\/\/pldistribucion.com.ar\/web\/producto\/lubrax-essencial-sl-15w-40-20w-50\/"]}]},{"@type":"ImageObject","inLanguage":"es","@id":"https:\/\/pldistribucion.com.ar\/web\/producto\/lubrax-essencial-sl-15w-40-20w-50\/#primaryimage","url":"https:\/\/pldistribucion.com.ar\/web\/wp-content\/uploads\/foto-6-1.jpg","contentUrl":"https:\/\/pldistribucion.com.ar\/web\/wp-content\/uploads\/foto-6-1.jpg","width":1000,"height":1000},{"@type":"BreadcrumbList","@id":"https:\/\/pldistribucion.com.ar\/web\/producto\/lubrax-essencial-sl-15w-40-20w-50\/#breadcrumb","itemListElement":[{"@type":"ListItem","position":1,"name":"Portada","item":"https:\/\/pldistribucion.com.ar\/web\/"},{"@type":"ListItem","position":2,"name":"Productos","item":"https:\/\/pldistribucion.com.ar\/web\/productos\/"},{"@type":"ListItem","position":3,"name":"LUBRAX ESSENCIAL SL (15W-40\/20W-50)"}]},{"@type":"WebSite","@id":"https:\/\/pldistribucion.com.ar\/web\/#website","url":"https:\/\/pldistribucion.com.ar\/web\/","name":"Perfomance Lube","description":"","publisher":{"@id":"https:\/\/pldistribucion.com.ar\/web\/#organization"},"potentialAction":[{"@type":"SearchAction","target":{"@type":"EntryPoint","urlTemplate":"https:\/\/pldistribucion.com.ar\/web\/?s={search_term_string}"},"query-input":"required name=search_term_string"}],"inLanguage":"es"},{"@type":"Organization","@id":"https:\/\/pldistribucion.com.ar\/web\/#organization","name":"PERFORMANCE LUBE","url":"https:\/\/pldistribucion.com.ar\/web\/","logo":{"@type":"ImageObject","inLanguage":"es","@id":"https:\/\/pldistribucion.com.ar\/web\/#\/schema\/logo\/image\/","url":"https:\/\/pldistribucion.com.ar\/web\/wp-content\/uploads\/pld_logo_GB-removebg-preview.png","contentUrl":"https:\/\/pldistribucion.com.ar\/web\/wp-content\/uploads\/pld_logo_GB-removebg-preview.png","width":787,"height":317,"caption":"PERFORMANCE LUBE"},"image":{"@id":"https:\/\/pldistribucion.com.ar\/web\/#\/schema\/logo\/image\/"}}]}},"_links":{"self":[{"href":"https:\/\/pldistribucion.com.ar\/web\/wp-json\/wp\/v2\/product\/2666"}],"collection":[{"href":"https:\/\/pldistribucion.com.ar\/web\/wp-json\/wp\/v2\/product"}],"about":[{"href":"https:\/\/pldistribucion.com.ar\/web\/wp-json\/wp\/v2\/types\/product"}],"replies":[{"embeddable":true,"href":"https:\/\/pldistribucion.com.ar\/web\/wp-json\/wp\/v2\/comments?post=2666"}],"wp:featuredmedia":[{"embeddable":true,"href":"https:\/\/pldistribucion.com.ar\/web\/wp-json\/wp\/v2\/media\/2668"}],"wp:attachment":[{"href":"https:\/\/pldistribucion.com.ar\/web\/wp-json\/wp\/v2\/media?parent=2666"}],"wp:term":[{"taxonomy":"product_cat","embeddable":true,"href":"https:\/\/pldistribucion.com.ar\/web\/wp-json\/wp\/v2\/product_cat?post=2666"},{"taxonomy":"product_tag","embeddable":true,"href":"https:\/\/pldistribucion.com.ar\/web\/wp-json\/wp\/v2\/product_tag?post=2666"}],"curies":[{"name":"wp","href":"https:\/\/api.w.org\/{rel}","templated":true}]}}