{"id":2591,"date":"2022-01-12T15:40:33","date_gmt":"2022-01-12T15:40:33","guid":{"rendered":"https:\/\/pldistribucion.com.ar\/web\/?post_type=product&#038;p=2591"},"modified":"2022-08-04T15:31:38","modified_gmt":"2022-08-04T15:31:38","slug":"gulf-pride-2t","status":"publish","type":"product","link":"https:\/\/pldistribucion.com.ar\/web\/producto\/gulf-pride-2t\/","title":{"rendered":"GULF PRIDE 2T"},"content":{"rendered":"<h1><span style=\"font-size: 80%;\"><em><strong>GULF PRIDE 2T<\/strong><\/em><\/span><\/h1>\n<h3><span style=\"background-color: #f2d45a; font-size: 80%;\"><strong>DESCRIPCI\u00d3N DEL PRODUCTO<\/strong><\/span><\/h3>\n<p><span style=\"color: #000080;\"><span style=\"color: #000000;\">GULF PRIDE 2T <\/span><strong><span style=\"color: #000000;\">\u27a2 <\/span><a style=\"color: #000080;\" href=\"https:\/\/pldistribucion.com.ar\/web\/wp-content\/uploads\/ficha-3-1.pdf\" target=\"_blank\" rel=\"noopener\">Ver ficha t\u00e9cnica<\/a><\/strong><\/span><\/p>\n<p><span style=\"color: #000000;\">Es un aceite de alta calidad adecuado para motores de dos tiempos a gasolina, refrigerados con aire desplegados en una gran variedad de aplicaciones. Se elabora a partir de aceites base de alta calidad y fortificados con aditivos cuidadosamente seleccionados para proporcionar protecci\u00f3n y limpieza en el motor.<\/span><\/p>\n<h3><span style=\"background-color: #f2d45a; font-size: 80%;\"><strong>CARACTER\u00cdSTICAS Y BENEFICIOS<\/strong><\/span><\/h3>\n<ul>\n<li><span style=\"color: #000000;\">Su excelente poder de lubricante protege contra el rayado del pist\u00f3n y el desgaste prematuro de los componentes del <\/span><span style=\"color: #000000;\">motor.<\/span><\/li>\n<li><span style=\"color: #000000;\">La tecnolog\u00eda de aditivos probada controla los dep\u00f3sitos del sistema motor y escape.<\/span><\/li>\n<li><span style=\"color: #000000;\">Su f\u00f3rmula baja en ceniza impide pre-encendido y ensuciamiento de la buj\u00eda.<\/span><\/li>\n<li><span style=\"color: #000000;\">F\u00e1cil miscibilidad con gasolina asegura mezcla homog\u00e9nea estable, incluso a temperaturas ambiente bajas.<\/span><\/li>\n<\/ul>\n<hr \/>\n<p><span style=\"color: #000080;\"><strong><span style=\"color: #000080;\"><a style=\"color: #000080;\" href=\"https:\/\/pldistribucion.com.ar\/web\/wp-content\/uploads\/s1111.pdf\" target=\"_blank\" rel=\"noopener\">Ver hoja de seguridad<\/a><\/span><\/strong><\/span><\/p>\n<p><span style=\"color: #000080;\"><strong><a style=\"color: #000080;\" href=\"https:\/\/pldistribucion.com.ar\/web\/categoria-producto\/lubricantes\/?filter_marcas=gulf\">Ver m\u00e1s productos GULF<\/a><\/strong><\/span><\/p>\n<p><span style=\"color: #000000;\">( Gasolineras Gulf es reconocida mundialmente como una de las marcas m\u00e1s importantes que existen con relaci\u00f3n a la comercializaci\u00f3n de combustibles y lubricantes, sobre todo se destaca como una de las pioneras en la industria, ya que entre otras cosas esta es una empresa que al paso de los a\u00f1os se consagra como una de las m\u00e1s destacadas, esto por la innovaci\u00f3n y la m\u00e1s alta calidad utilizada en sus productos y servicios )<\/span><\/p>\n<p><span style=\"color: #000080;\"><strong><a style=\"color: #000080;\" href=\"https:\/\/www.gulfoillatam.com\/timeline\/company\/\" target=\"_blank\" rel=\"noopener\">Conoce m\u00e1s sobre GULF<\/a><\/strong><\/span><\/p>\n","protected":false},"excerpt":{"rendered":"<p><img loading=\"lazy\" decoding=\"async\" class=\"alignnone wp-image-2445\" src=\"https:\/\/pldistribucion.com.ar\/web\/wp-content\/uploads\/GULF-1-300x276.png\" alt=\"\" width=\"126\" height=\"116\" srcset=\"https:\/\/pldistribucion.com.ar\/web\/wp-content\/uploads\/GULF-1-300x276.png 300w, https:\/\/pldistribucion.com.ar\/web\/wp-content\/uploads\/GULF-1-600x552.png 600w, https:\/\/pldistribucion.com.ar\/web\/wp-content\/uploads\/GULF-1.png 640w\" sizes=\"(max-width: 126px) 100vw, 126px\" \/><\/p>\n<p><strong>BID\u00d3N X 1L\u00a0<\/strong><strong> \u27a2<\/strong><\/p>\n<h2 style=\"text-align: left;\"><span style=\"font-size: 75%;\"><strong><a rel=\"noopener noreferrer\" href=\"https:\/\/performancelube.mercadoshops.com.ar\/MLA-1149685371-aceite-gulf-pride-2t-motos-x-1-litro-_JM#position=1&#038;search_layout=stack&#038;type=item&#038;tracking_id=bbc8064c-7b0a-4bdf-bbd3-38c8c93e73bd\" target=\"_blank\" class=\"button primary\"  >\n    <span>VER EN TIENDA ?<\/span>\n  <\/a>\n<\/strong><\/span><\/h2>\n<p><strong>BALDE X 20L\u00a0<\/strong><strong> \u27a2<\/strong><\/p>\n<h2 style=\"text-align: left;\"><span style=\"font-size: 75%;\"><strong><a rel=\"noopener noreferrer\" href=\"https:\/\/performancelube.mercadoshops.com.ar\/MLA-836718113-aceite-gulf-pride-2t-motos-x-20-litros-_JM#position=9&#038;search_layout=stack&#038;type=item&#038;tracking_id=24986ba7-5185-49a5-9a53-307dc4279ae2#position=1&#038;search_layout=stack&#038;type=item&#038;tracking_id=bbc8064c-7b0a-4bdf-bbd3-38c8c93e73bd\" target=\"_blank\" class=\"button primary\"  >\n    <span>VER EN TIENDA ?<\/span>\n  <\/a>\n<\/strong><\/span><\/h2>\n<h4><em>PRODUCTOS GULF<\/em><\/h4>\n<p>Empresa internacional dedicada a la comercializaci\u00f3n de combustible y fabricaci\u00f3n y comercializaci\u00f3n de lubricantes de calidad. Hoy en d\u00eda extendiendo la actividad a la construcci\u00f3n de nuevas refiner\u00edas, oleoductos y estaciones de combustible desarrollando la m\u00e1s alta tecnolog\u00eda en refino, formulaci\u00f3n y mezclado de lubricantes.<\/p>\n","protected":false},"featured_media":2594,"comment_status":"open","ping_status":"closed","template":"","meta":[],"product_cat":[16,91],"product_tag":[],"yoast_head":"<!-- This site is optimized with the Yoast SEO plugin v23.0 - https:\/\/yoast.com\/wordpress\/plugins\/seo\/ -->\n<title>GULF PRIDE 2T - Perfomance Lube - Lubricantes<\/title>\n<meta name=\"description\" content=\"Distribuidor de lubricantes GULF de diferentes aplicaciones. Env\u00edos a todo el pa\u00eds. Variedad de productos y stock disponible.\" \/>\n<meta name=\"robots\" content=\"index, follow, max-snippet:-1, max-image-preview:large, max-video-preview:-1\" \/>\n<link rel=\"canonical\" href=\"https:\/\/pldistribucion.com.ar\/web\/producto\/gulf-pride-2t\/\" \/>\n<meta property=\"og:locale\" content=\"es_ES\" \/>\n<meta property=\"og:type\" content=\"article\" \/>\n<meta property=\"og:title\" content=\"GULF PRIDE 2T - Perfomance Lube - Lubricantes\" \/>\n<meta property=\"og:description\" content=\"Distribuidor de lubricantes GULF de diferentes aplicaciones. Env\u00edos a todo el pa\u00eds. Variedad de productos y stock disponible.\" \/>\n<meta property=\"og:url\" content=\"https:\/\/pldistribucion.com.ar\/web\/producto\/gulf-pride-2t\/\" \/>\n<meta property=\"og:site_name\" content=\"Perfomance Lube\" \/>\n<meta property=\"article:modified_time\" content=\"2022-08-04T15:31:38+00:00\" \/>\n<meta property=\"og:image\" content=\"https:\/\/pldistribucion.com.ar\/web\/wp-content\/uploads\/foto-4-1.jpg\" \/>\n\t<meta property=\"og:image:width\" content=\"337\" \/>\n\t<meta property=\"og:image:height\" content=\"500\" \/>\n\t<meta property=\"og:image:type\" content=\"image\/jpeg\" \/>\n<meta name=\"twitter:card\" content=\"summary_large_image\" \/>\n<meta name=\"twitter:label1\" content=\"Tiempo de lectura\" \/>\n\t<meta name=\"twitter:data1\" content=\"1 minuto\" \/>\n<script type=\"application\/ld+json\" class=\"yoast-schema-graph\">{\"@context\":\"https:\/\/schema.org\",\"@graph\":[{\"@type\":\"WebPage\",\"@id\":\"https:\/\/pldistribucion.com.ar\/web\/producto\/gulf-pride-2t\/\",\"url\":\"https:\/\/pldistribucion.com.ar\/web\/producto\/gulf-pride-2t\/\",\"name\":\"GULF PRIDE 2T - Perfomance Lube - Lubricantes\",\"isPartOf\":{\"@id\":\"https:\/\/pldistribucion.com.ar\/web\/#website\"},\"primaryImageOfPage\":{\"@id\":\"https:\/\/pldistribucion.com.ar\/web\/producto\/gulf-pride-2t\/#primaryimage\"},\"image\":{\"@id\":\"https:\/\/pldistribucion.com.ar\/web\/producto\/gulf-pride-2t\/#primaryimage\"},\"thumbnailUrl\":\"https:\/\/pldistribucion.com.ar\/web\/wp-content\/uploads\/foto-4-1.jpg\",\"datePublished\":\"2022-01-12T15:40:33+00:00\",\"dateModified\":\"2022-08-04T15:31:38+00:00\",\"description\":\"Distribuidor de lubricantes GULF de diferentes aplicaciones. Env\u00edos a todo el pa\u00eds. Variedad de productos y stock disponible.\",\"breadcrumb\":{\"@id\":\"https:\/\/pldistribucion.com.ar\/web\/producto\/gulf-pride-2t\/#breadcrumb\"},\"inLanguage\":\"es\",\"potentialAction\":[{\"@type\":\"ReadAction\",\"target\":[\"https:\/\/pldistribucion.com.ar\/web\/producto\/gulf-pride-2t\/\"]}]},{\"@type\":\"ImageObject\",\"inLanguage\":\"es\",\"@id\":\"https:\/\/pldistribucion.com.ar\/web\/producto\/gulf-pride-2t\/#primaryimage\",\"url\":\"https:\/\/pldistribucion.com.ar\/web\/wp-content\/uploads\/foto-4-1.jpg\",\"contentUrl\":\"https:\/\/pldistribucion.com.ar\/web\/wp-content\/uploads\/foto-4-1.jpg\",\"width\":337,\"height\":500,\"caption\":\"GULF PRIDE 2T\"},{\"@type\":\"BreadcrumbList\",\"@id\":\"https:\/\/pldistribucion.com.ar\/web\/producto\/gulf-pride-2t\/#breadcrumb\",\"itemListElement\":[{\"@type\":\"ListItem\",\"position\":1,\"name\":\"Portada\",\"item\":\"https:\/\/pldistribucion.com.ar\/web\/\"},{\"@type\":\"ListItem\",\"position\":2,\"name\":\"Productos\",\"item\":\"https:\/\/pldistribucion.com.ar\/web\/productos\/\"},{\"@type\":\"ListItem\",\"position\":3,\"name\":\"GULF PRIDE 2T\"}]},{\"@type\":\"WebSite\",\"@id\":\"https:\/\/pldistribucion.com.ar\/web\/#website\",\"url\":\"https:\/\/pldistribucion.com.ar\/web\/\",\"name\":\"Perfomance Lube\",\"description\":\"\",\"publisher\":{\"@id\":\"https:\/\/pldistribucion.com.ar\/web\/#organization\"},\"potentialAction\":[{\"@type\":\"SearchAction\",\"target\":{\"@type\":\"EntryPoint\",\"urlTemplate\":\"https:\/\/pldistribucion.com.ar\/web\/?s={search_term_string}\"},\"query-input\":\"required name=search_term_string\"}],\"inLanguage\":\"es\"},{\"@type\":\"Organization\",\"@id\":\"https:\/\/pldistribucion.com.ar\/web\/#organization\",\"name\":\"PERFORMANCE LUBE\",\"url\":\"https:\/\/pldistribucion.com.ar\/web\/\",\"logo\":{\"@type\":\"ImageObject\",\"inLanguage\":\"es\",\"@id\":\"https:\/\/pldistribucion.com.ar\/web\/#\/schema\/logo\/image\/\",\"url\":\"https:\/\/pldistribucion.com.ar\/web\/wp-content\/uploads\/pld_logo_GB-removebg-preview.png\",\"contentUrl\":\"https:\/\/pldistribucion.com.ar\/web\/wp-content\/uploads\/pld_logo_GB-removebg-preview.png\",\"width\":787,\"height\":317,\"caption\":\"PERFORMANCE LUBE\"},\"image\":{\"@id\":\"https:\/\/pldistribucion.com.ar\/web\/#\/schema\/logo\/image\/\"}}]}<\/script>\n<!-- \/ Yoast SEO plugin. -->","yoast_head_json":{"title":"GULF PRIDE 2T - Perfomance Lube - Lubricantes","description":"Distribuidor de lubricantes GULF de diferentes aplicaciones. Env\u00edos a todo el pa\u00eds. Variedad de productos y stock disponible.","robots":{"index":"index","follow":"follow","max-snippet":"max-snippet:-1","max-image-preview":"max-image-preview:large","max-video-preview":"max-video-preview:-1"},"canonical":"https:\/\/pldistribucion.com.ar\/web\/producto\/gulf-pride-2t\/","og_locale":"es_ES","og_type":"article","og_title":"GULF PRIDE 2T - Perfomance Lube - Lubricantes","og_description":"Distribuidor de lubricantes GULF de diferentes aplicaciones. Env\u00edos a todo el pa\u00eds. Variedad de productos y stock disponible.","og_url":"https:\/\/pldistribucion.com.ar\/web\/producto\/gulf-pride-2t\/","og_site_name":"Perfomance Lube","article_modified_time":"2022-08-04T15:31:38+00:00","og_image":[{"width":337,"height":500,"url":"https:\/\/pldistribucion.com.ar\/web\/wp-content\/uploads\/foto-4-1.jpg","type":"image\/jpeg"}],"twitter_card":"summary_large_image","twitter_misc":{"Tiempo de lectura":"1 minuto"},"schema":{"@context":"https:\/\/schema.org","@graph":[{"@type":"WebPage","@id":"https:\/\/pldistribucion.com.ar\/web\/producto\/gulf-pride-2t\/","url":"https:\/\/pldistribucion.com.ar\/web\/producto\/gulf-pride-2t\/","name":"GULF PRIDE 2T - Perfomance Lube - Lubricantes","isPartOf":{"@id":"https:\/\/pldistribucion.com.ar\/web\/#website"},"primaryImageOfPage":{"@id":"https:\/\/pldistribucion.com.ar\/web\/producto\/gulf-pride-2t\/#primaryimage"},"image":{"@id":"https:\/\/pldistribucion.com.ar\/web\/producto\/gulf-pride-2t\/#primaryimage"},"thumbnailUrl":"https:\/\/pldistribucion.com.ar\/web\/wp-content\/uploads\/foto-4-1.jpg","datePublished":"2022-01-12T15:40:33+00:00","dateModified":"2022-08-04T15:31:38+00:00","description":"Distribuidor de lubricantes GULF de diferentes aplicaciones. Env\u00edos a todo el pa\u00eds. Variedad de productos y stock disponible.","breadcrumb":{"@id":"https:\/\/pldistribucion.com.ar\/web\/producto\/gulf-pride-2t\/#breadcrumb"},"inLanguage":"es","potentialAction":[{"@type":"ReadAction","target":["https:\/\/pldistribucion.com.ar\/web\/producto\/gulf-pride-2t\/"]}]},{"@type":"ImageObject","inLanguage":"es","@id":"https:\/\/pldistribucion.com.ar\/web\/producto\/gulf-pride-2t\/#primaryimage","url":"https:\/\/pldistribucion.com.ar\/web\/wp-content\/uploads\/foto-4-1.jpg","contentUrl":"https:\/\/pldistribucion.com.ar\/web\/wp-content\/uploads\/foto-4-1.jpg","width":337,"height":500,"caption":"GULF PRIDE 2T"},{"@type":"BreadcrumbList","@id":"https:\/\/pldistribucion.com.ar\/web\/producto\/gulf-pride-2t\/#breadcrumb","itemListElement":[{"@type":"ListItem","position":1,"name":"Portada","item":"https:\/\/pldistribucion.com.ar\/web\/"},{"@type":"ListItem","position":2,"name":"Productos","item":"https:\/\/pldistribucion.com.ar\/web\/productos\/"},{"@type":"ListItem","position":3,"name":"GULF PRIDE 2T"}]},{"@type":"WebSite","@id":"https:\/\/pldistribucion.com.ar\/web\/#website","url":"https:\/\/pldistribucion.com.ar\/web\/","name":"Perfomance Lube","description":"","publisher":{"@id":"https:\/\/pldistribucion.com.ar\/web\/#organization"},"potentialAction":[{"@type":"SearchAction","target":{"@type":"EntryPoint","urlTemplate":"https:\/\/pldistribucion.com.ar\/web\/?s={search_term_string}"},"query-input":"required name=search_term_string"}],"inLanguage":"es"},{"@type":"Organization","@id":"https:\/\/pldistribucion.com.ar\/web\/#organization","name":"PERFORMANCE LUBE","url":"https:\/\/pldistribucion.com.ar\/web\/","logo":{"@type":"ImageObject","inLanguage":"es","@id":"https:\/\/pldistribucion.com.ar\/web\/#\/schema\/logo\/image\/","url":"https:\/\/pldistribucion.com.ar\/web\/wp-content\/uploads\/pld_logo_GB-removebg-preview.png","contentUrl":"https:\/\/pldistribucion.com.ar\/web\/wp-content\/uploads\/pld_logo_GB-removebg-preview.png","width":787,"height":317,"caption":"PERFORMANCE LUBE"},"image":{"@id":"https:\/\/pldistribucion.com.ar\/web\/#\/schema\/logo\/image\/"}}]}},"_links":{"self":[{"href":"https:\/\/pldistribucion.com.ar\/web\/wp-json\/wp\/v2\/product\/2591"}],"collection":[{"href":"https:\/\/pldistribucion.com.ar\/web\/wp-json\/wp\/v2\/product"}],"about":[{"href":"https:\/\/pldistribucion.com.ar\/web\/wp-json\/wp\/v2\/types\/product"}],"replies":[{"embeddable":true,"href":"https:\/\/pldistribucion.com.ar\/web\/wp-json\/wp\/v2\/comments?post=2591"}],"wp:featuredmedia":[{"embeddable":true,"href":"https:\/\/pldistribucion.com.ar\/web\/wp-json\/wp\/v2\/media\/2594"}],"wp:attachment":[{"href":"https:\/\/pldistribucion.com.ar\/web\/wp-json\/wp\/v2\/media?parent=2591"}],"wp:term":[{"taxonomy":"product_cat","embeddable":true,"href":"https:\/\/pldistribucion.com.ar\/web\/wp-json\/wp\/v2\/product_cat?post=2591"},{"taxonomy":"product_tag","embeddable":true,"href":"https:\/\/pldistribucion.com.ar\/web\/wp-json\/wp\/v2\/product_tag?post=2591"}],"curies":[{"name":"wp","href":"https:\/\/api.w.org\/{rel}","templated":true}]}}