{"id":2575,"date":"2022-01-12T12:51:26","date_gmt":"2022-01-12T12:51:26","guid":{"rendered":"https:\/\/pldistribucion.com.ar\/web\/?post_type=product&#038;p=2575"},"modified":"2022-08-05T14:08:38","modified_gmt":"2022-08-05T14:08:38","slug":"gulf-syntrac-4t-10w-40","status":"publish","type":"product","link":"https:\/\/pldistribucion.com.ar\/web\/producto\/gulf-syntrac-4t-10w-40\/","title":{"rendered":"GULF PRIDE 4T PLUS 10W40"},"content":{"rendered":"<h1><span style=\"font-size: 80%;\"><strong>GULF PRIDE 4T PLUS 10W-40<\/strong><\/span><\/h1>\n<h3><span style=\"background-color: #f2d45a; font-size: 80%;\"><strong>DESCRIPCI\u00d3N DEL PRODUCTO<\/strong><\/span><\/h3>\n<p><span style=\"color: #000000;\">GULF PRIDE 4T PLUS 10W-40 <strong>\u27a2<\/strong> <span style=\"color: #000080;\"><strong><a style=\"color: #000080;\" href=\"https:\/\/pldistribucion.com.ar\/web\/wp-content\/uploads\/FICHA-5-1.pdf\" target=\"_blank\" rel=\"noopener\">Ver ficha t\u00e9cnica<\/a><\/strong><\/span><\/span><\/p>\n<p><span style=\"color: #000000;\">Es un aceite para motores de gasolina de 4 tiempos, especialmente desarrollado para cumplir con los requisitos de las \u00faltimas motocicletas de 4 tiempos refrigeradas por aire.<\/span><\/p>\n<p><span style=\"color: #000000;\">Es una mezcla de aceites base premium de alto \u00edndice de viscosidad y aditivos seleccionados de alto rendimiento para proporcionar una excelente protecci\u00f3n para motores de motocicletas de cuatro tiempos, transmisiones y embragues h\u00famedos.<\/span><\/p>\n<h3><span style=\"background-color: #f2d45a; font-size: 80%;\"><strong>CARACTER\u00cdSTICAS Y BENEFICIOS<\/strong><\/span><\/h3>\n<ul>\n<li><span style=\"color: #000000;\">Tiene una sobresaliente estabilidad termo-oxidativa que minimiza la formaci\u00f3n de dep\u00f3sitos en alta temperatura y controla el aumento de viscosidad del aceite conduciendo a una mayor duraci\u00f3n en la vida del aceite y el motor.<\/span><\/li>\n<li><span style=\"color: #000000;\">Su excepcional propiedad anti-desgaste protege los componentes vitales en motor y caja de velocidades conllevando a reducir los costos de mantenimiento.<\/span><\/li>\n<li><span style=\"color: #000000;\">Optimas propiedades de fricci\u00f3n que eliminan el deslizamiento del embrague conllevando a incrementar la potencia.<\/span><\/li>\n<li><span style=\"color: #000000;\">Su combinaci\u00f3n de aditivos detergentes y dispersantes proveen un excelente control de los dep\u00f3sitos en el pist\u00f3n conllevando a una r\u00e1pida disipaci\u00f3n del calor.<\/span><\/li>\n<li><span style=\"color: #000000;\">Tiene caracter\u00edsticas de baja volatilidad que reducen el consumo de aceite y contaminaci\u00f3n por hidrocarburos.<\/span><\/li>\n<li><span style=\"color: #000000;\">Sus eficientes inhibidores de herrumbre y corrosi\u00f3n aseguran mayor durabilidad de los componentes cr\u00edticos del motor.<\/span><\/li>\n<\/ul>\n<h3><span style=\"background-color: #f2d45a; font-size: 80%;\"><strong>APLICACIONES<\/strong><\/span><\/h3>\n<p><span style=\"color: #000000;\">Recomendado para la nueva generaci\u00f3n de motores de gasolina 4 tiempos en motocicletas de alto desempe\u00f1o de todos los principales fabricantes mundiales de motocicletas.<\/span><\/p>\n<hr \/>\n<p><span style=\"color: #000080;\"><strong><a style=\"color: #000080;\" href=\"https:\/\/pldistribucion.com.ar\/web\/categoria-producto\/lubricantes\/?filter_marcas=gulf\">Ver mas productos GULF<\/a><\/strong><\/span><\/p>\n<p><span style=\"color: #000000;\">(Gasolineras Gulf es reconocida mundialmente como una de las marcas m\u00e1s importantes que existen con relaci\u00f3n a la comercializaci\u00f3n de combustibles y lubricantes, sobre todo se destaca como una de las pioneras en la industria, ya que entre otras cosas esta es una empresa que al paso de los a\u00f1os se consagra como una de las m\u00e1s destacadas, esto por la innovaci\u00f3n y la m\u00e1s alta calidad utilizada en sus productos y servicios).<\/span><\/p>\n<div class=\"product-desc\">\n<div>\n<div><span style=\"color: #000080;\"><strong><a style=\"color: #000080;\" href=\"https:\/\/www.gulfoillatam.com\/about-us\/\" target=\"_blank\" rel=\"noopener\">Conoce m\u00e1s sobre GULF<\/a><\/strong><\/span><\/div>\n<\/div>\n<\/div>\n","protected":false},"excerpt":{"rendered":"<p><img loading=\"lazy\" decoding=\"async\" class=\"alignnone wp-image-2445\" src=\"https:\/\/pldistribucion.com.ar\/web\/wp-content\/uploads\/GULF-1-300x276.png\" alt=\"\" width=\"126\" height=\"116\" srcset=\"https:\/\/pldistribucion.com.ar\/web\/wp-content\/uploads\/GULF-1-300x276.png 300w, https:\/\/pldistribucion.com.ar\/web\/wp-content\/uploads\/GULF-1-600x552.png 600w, https:\/\/pldistribucion.com.ar\/web\/wp-content\/uploads\/GULF-1.png 640w\" sizes=\"(max-width: 126px) 100vw, 126px\" \/><\/p>\n<p><strong>BID\u00d3N X 1L\u00a0<\/strong><strong> \u27a2<\/strong><\/p>\n<h2 style=\"text-align: left;\"><span style=\"font-size: 75%;\"><strong><a rel=\"noopener noreferrer\" href=\"https:\/\/performancelube.mercadoshops.com.ar\/MLA-1150056619-aceite-para-motos-gulf-pride-4t-plus-10w-40-x1l-_JM#position=1&#038;search_layout=stack&#038;type=item&#038;tracking_id=bbc8064c-7b0a-4bdf-bbd3-38c8c93e73bd\" target=\"_blank\" class=\"button primary\"  >\n    <span>VER EN TIENDA ?<\/span>\n  <\/a>\n<\/strong><\/span><\/h2>\n<h4><em>PRODUCTOS GULF<\/em><\/h4>\n<p>Empresa internacional dedicada a la comercializaci\u00f3n de combustible y fabricaci\u00f3n y comercializaci\u00f3n de lubricantes de calidad. Hoy en d\u00eda extendiendo la actividad a la construcci\u00f3n de nuevas refiner\u00edas, oleoductos y estaciones de combustible desarrollando la m\u00e1s alta tecnolog\u00eda en refino, formulaci\u00f3n y mezclado de lubricantes.<\/p>\n","protected":false},"featured_media":2581,"comment_status":"open","ping_status":"closed","template":"","meta":[],"product_cat":[16,91],"product_tag":[],"yoast_head":"<!-- This site is optimized with the Yoast SEO plugin v23.0 - https:\/\/yoast.com\/wordpress\/plugins\/seo\/ -->\n<title>GULF PRIDE 4T PLUS 10W40 - Perfomance Lube - Lubricantes<\/title>\n<meta name=\"description\" content=\"Distribuidor de lubricantes GULF de diferentes aplicaciones. Env\u00edos a todo el pa\u00eds. Variedad de productos y stock disponible.GULF PRIDE 4T PLUS 10W-40\" \/>\n<meta name=\"robots\" content=\"index, follow, max-snippet:-1, max-image-preview:large, max-video-preview:-1\" \/>\n<link rel=\"canonical\" href=\"https:\/\/pldistribucion.com.ar\/web\/producto\/gulf-syntrac-4t-10w-40\/\" \/>\n<meta property=\"og:locale\" content=\"es_ES\" \/>\n<meta property=\"og:type\" content=\"article\" \/>\n<meta property=\"og:title\" content=\"GULF PRIDE 4T PLUS 10W40 - Perfomance Lube - Lubricantes\" \/>\n<meta property=\"og:description\" content=\"Distribuidor de lubricantes GULF de diferentes aplicaciones. Env\u00edos a todo el pa\u00eds. Variedad de productos y stock disponible.GULF PRIDE 4T PLUS 10W-40\" \/>\n<meta property=\"og:url\" content=\"https:\/\/pldistribucion.com.ar\/web\/producto\/gulf-syntrac-4t-10w-40\/\" \/>\n<meta property=\"og:site_name\" content=\"Perfomance Lube\" \/>\n<meta property=\"article:modified_time\" content=\"2022-08-05T14:08:38+00:00\" \/>\n<meta property=\"og:image\" content=\"https:\/\/pldistribucion.com.ar\/web\/wp-content\/uploads\/imagen-5.jpg\" \/>\n\t<meta property=\"og:image:width\" content=\"338\" \/>\n\t<meta property=\"og:image:height\" content=\"500\" \/>\n\t<meta property=\"og:image:type\" content=\"image\/jpeg\" \/>\n<meta name=\"twitter:card\" content=\"summary_large_image\" \/>\n<meta name=\"twitter:label1\" content=\"Tiempo de lectura\" \/>\n\t<meta name=\"twitter:data1\" content=\"2 minutos\" \/>\n<script type=\"application\/ld+json\" class=\"yoast-schema-graph\">{\"@context\":\"https:\/\/schema.org\",\"@graph\":[{\"@type\":\"WebPage\",\"@id\":\"https:\/\/pldistribucion.com.ar\/web\/producto\/gulf-syntrac-4t-10w-40\/\",\"url\":\"https:\/\/pldistribucion.com.ar\/web\/producto\/gulf-syntrac-4t-10w-40\/\",\"name\":\"GULF PRIDE 4T PLUS 10W40 - Perfomance Lube - Lubricantes\",\"isPartOf\":{\"@id\":\"https:\/\/pldistribucion.com.ar\/web\/#website\"},\"primaryImageOfPage\":{\"@id\":\"https:\/\/pldistribucion.com.ar\/web\/producto\/gulf-syntrac-4t-10w-40\/#primaryimage\"},\"image\":{\"@id\":\"https:\/\/pldistribucion.com.ar\/web\/producto\/gulf-syntrac-4t-10w-40\/#primaryimage\"},\"thumbnailUrl\":\"https:\/\/pldistribucion.com.ar\/web\/wp-content\/uploads\/imagen-5.jpg\",\"datePublished\":\"2022-01-12T12:51:26+00:00\",\"dateModified\":\"2022-08-05T14:08:38+00:00\",\"description\":\"Distribuidor de lubricantes GULF de diferentes aplicaciones. Env\u00edos a todo el pa\u00eds. Variedad de productos y stock disponible.GULF PRIDE 4T PLUS 10W-40\",\"breadcrumb\":{\"@id\":\"https:\/\/pldistribucion.com.ar\/web\/producto\/gulf-syntrac-4t-10w-40\/#breadcrumb\"},\"inLanguage\":\"es\",\"potentialAction\":[{\"@type\":\"ReadAction\",\"target\":[\"https:\/\/pldistribucion.com.ar\/web\/producto\/gulf-syntrac-4t-10w-40\/\"]}]},{\"@type\":\"ImageObject\",\"inLanguage\":\"es\",\"@id\":\"https:\/\/pldistribucion.com.ar\/web\/producto\/gulf-syntrac-4t-10w-40\/#primaryimage\",\"url\":\"https:\/\/pldistribucion.com.ar\/web\/wp-content\/uploads\/imagen-5.jpg\",\"contentUrl\":\"https:\/\/pldistribucion.com.ar\/web\/wp-content\/uploads\/imagen-5.jpg\",\"width\":338,\"height\":500,\"caption\":\"GULF PRIDE 4T PLUS 10W-40\"},{\"@type\":\"BreadcrumbList\",\"@id\":\"https:\/\/pldistribucion.com.ar\/web\/producto\/gulf-syntrac-4t-10w-40\/#breadcrumb\",\"itemListElement\":[{\"@type\":\"ListItem\",\"position\":1,\"name\":\"Portada\",\"item\":\"https:\/\/pldistribucion.com.ar\/web\/\"},{\"@type\":\"ListItem\",\"position\":2,\"name\":\"Productos\",\"item\":\"https:\/\/pldistribucion.com.ar\/web\/productos\/\"},{\"@type\":\"ListItem\",\"position\":3,\"name\":\"GULF PRIDE 4T PLUS 10W40\"}]},{\"@type\":\"WebSite\",\"@id\":\"https:\/\/pldistribucion.com.ar\/web\/#website\",\"url\":\"https:\/\/pldistribucion.com.ar\/web\/\",\"name\":\"Perfomance Lube\",\"description\":\"\",\"publisher\":{\"@id\":\"https:\/\/pldistribucion.com.ar\/web\/#organization\"},\"potentialAction\":[{\"@type\":\"SearchAction\",\"target\":{\"@type\":\"EntryPoint\",\"urlTemplate\":\"https:\/\/pldistribucion.com.ar\/web\/?s={search_term_string}\"},\"query-input\":\"required name=search_term_string\"}],\"inLanguage\":\"es\"},{\"@type\":\"Organization\",\"@id\":\"https:\/\/pldistribucion.com.ar\/web\/#organization\",\"name\":\"PERFORMANCE LUBE\",\"url\":\"https:\/\/pldistribucion.com.ar\/web\/\",\"logo\":{\"@type\":\"ImageObject\",\"inLanguage\":\"es\",\"@id\":\"https:\/\/pldistribucion.com.ar\/web\/#\/schema\/logo\/image\/\",\"url\":\"https:\/\/pldistribucion.com.ar\/web\/wp-content\/uploads\/pld_logo_GB-removebg-preview.png\",\"contentUrl\":\"https:\/\/pldistribucion.com.ar\/web\/wp-content\/uploads\/pld_logo_GB-removebg-preview.png\",\"width\":787,\"height\":317,\"caption\":\"PERFORMANCE LUBE\"},\"image\":{\"@id\":\"https:\/\/pldistribucion.com.ar\/web\/#\/schema\/logo\/image\/\"}}]}<\/script>\n<!-- \/ Yoast SEO plugin. -->","yoast_head_json":{"title":"GULF PRIDE 4T PLUS 10W40 - Perfomance Lube - Lubricantes","description":"Distribuidor de lubricantes GULF de diferentes aplicaciones. Env\u00edos a todo el pa\u00eds. Variedad de productos y stock disponible.GULF PRIDE 4T PLUS 10W-40","robots":{"index":"index","follow":"follow","max-snippet":"max-snippet:-1","max-image-preview":"max-image-preview:large","max-video-preview":"max-video-preview:-1"},"canonical":"https:\/\/pldistribucion.com.ar\/web\/producto\/gulf-syntrac-4t-10w-40\/","og_locale":"es_ES","og_type":"article","og_title":"GULF PRIDE 4T PLUS 10W40 - Perfomance Lube - Lubricantes","og_description":"Distribuidor de lubricantes GULF de diferentes aplicaciones. Env\u00edos a todo el pa\u00eds. Variedad de productos y stock disponible.GULF PRIDE 4T PLUS 10W-40","og_url":"https:\/\/pldistribucion.com.ar\/web\/producto\/gulf-syntrac-4t-10w-40\/","og_site_name":"Perfomance Lube","article_modified_time":"2022-08-05T14:08:38+00:00","og_image":[{"width":338,"height":500,"url":"https:\/\/pldistribucion.com.ar\/web\/wp-content\/uploads\/imagen-5.jpg","type":"image\/jpeg"}],"twitter_card":"summary_large_image","twitter_misc":{"Tiempo de lectura":"2 minutos"},"schema":{"@context":"https:\/\/schema.org","@graph":[{"@type":"WebPage","@id":"https:\/\/pldistribucion.com.ar\/web\/producto\/gulf-syntrac-4t-10w-40\/","url":"https:\/\/pldistribucion.com.ar\/web\/producto\/gulf-syntrac-4t-10w-40\/","name":"GULF PRIDE 4T PLUS 10W40 - Perfomance Lube - Lubricantes","isPartOf":{"@id":"https:\/\/pldistribucion.com.ar\/web\/#website"},"primaryImageOfPage":{"@id":"https:\/\/pldistribucion.com.ar\/web\/producto\/gulf-syntrac-4t-10w-40\/#primaryimage"},"image":{"@id":"https:\/\/pldistribucion.com.ar\/web\/producto\/gulf-syntrac-4t-10w-40\/#primaryimage"},"thumbnailUrl":"https:\/\/pldistribucion.com.ar\/web\/wp-content\/uploads\/imagen-5.jpg","datePublished":"2022-01-12T12:51:26+00:00","dateModified":"2022-08-05T14:08:38+00:00","description":"Distribuidor de lubricantes GULF de diferentes aplicaciones. Env\u00edos a todo el pa\u00eds. Variedad de productos y stock disponible.GULF PRIDE 4T PLUS 10W-40","breadcrumb":{"@id":"https:\/\/pldistribucion.com.ar\/web\/producto\/gulf-syntrac-4t-10w-40\/#breadcrumb"},"inLanguage":"es","potentialAction":[{"@type":"ReadAction","target":["https:\/\/pldistribucion.com.ar\/web\/producto\/gulf-syntrac-4t-10w-40\/"]}]},{"@type":"ImageObject","inLanguage":"es","@id":"https:\/\/pldistribucion.com.ar\/web\/producto\/gulf-syntrac-4t-10w-40\/#primaryimage","url":"https:\/\/pldistribucion.com.ar\/web\/wp-content\/uploads\/imagen-5.jpg","contentUrl":"https:\/\/pldistribucion.com.ar\/web\/wp-content\/uploads\/imagen-5.jpg","width":338,"height":500,"caption":"GULF PRIDE 4T PLUS 10W-40"},{"@type":"BreadcrumbList","@id":"https:\/\/pldistribucion.com.ar\/web\/producto\/gulf-syntrac-4t-10w-40\/#breadcrumb","itemListElement":[{"@type":"ListItem","position":1,"name":"Portada","item":"https:\/\/pldistribucion.com.ar\/web\/"},{"@type":"ListItem","position":2,"name":"Productos","item":"https:\/\/pldistribucion.com.ar\/web\/productos\/"},{"@type":"ListItem","position":3,"name":"GULF PRIDE 4T PLUS 10W40"}]},{"@type":"WebSite","@id":"https:\/\/pldistribucion.com.ar\/web\/#website","url":"https:\/\/pldistribucion.com.ar\/web\/","name":"Perfomance Lube","description":"","publisher":{"@id":"https:\/\/pldistribucion.com.ar\/web\/#organization"},"potentialAction":[{"@type":"SearchAction","target":{"@type":"EntryPoint","urlTemplate":"https:\/\/pldistribucion.com.ar\/web\/?s={search_term_string}"},"query-input":"required name=search_term_string"}],"inLanguage":"es"},{"@type":"Organization","@id":"https:\/\/pldistribucion.com.ar\/web\/#organization","name":"PERFORMANCE LUBE","url":"https:\/\/pldistribucion.com.ar\/web\/","logo":{"@type":"ImageObject","inLanguage":"es","@id":"https:\/\/pldistribucion.com.ar\/web\/#\/schema\/logo\/image\/","url":"https:\/\/pldistribucion.com.ar\/web\/wp-content\/uploads\/pld_logo_GB-removebg-preview.png","contentUrl":"https:\/\/pldistribucion.com.ar\/web\/wp-content\/uploads\/pld_logo_GB-removebg-preview.png","width":787,"height":317,"caption":"PERFORMANCE LUBE"},"image":{"@id":"https:\/\/pldistribucion.com.ar\/web\/#\/schema\/logo\/image\/"}}]}},"_links":{"self":[{"href":"https:\/\/pldistribucion.com.ar\/web\/wp-json\/wp\/v2\/product\/2575"}],"collection":[{"href":"https:\/\/pldistribucion.com.ar\/web\/wp-json\/wp\/v2\/product"}],"about":[{"href":"https:\/\/pldistribucion.com.ar\/web\/wp-json\/wp\/v2\/types\/product"}],"replies":[{"embeddable":true,"href":"https:\/\/pldistribucion.com.ar\/web\/wp-json\/wp\/v2\/comments?post=2575"}],"wp:featuredmedia":[{"embeddable":true,"href":"https:\/\/pldistribucion.com.ar\/web\/wp-json\/wp\/v2\/media\/2581"}],"wp:attachment":[{"href":"https:\/\/pldistribucion.com.ar\/web\/wp-json\/wp\/v2\/media?parent=2575"}],"wp:term":[{"taxonomy":"product_cat","embeddable":true,"href":"https:\/\/pldistribucion.com.ar\/web\/wp-json\/wp\/v2\/product_cat?post=2575"},{"taxonomy":"product_tag","embeddable":true,"href":"https:\/\/pldistribucion.com.ar\/web\/wp-json\/wp\/v2\/product_tag?post=2575"}],"curies":[{"name":"wp","href":"https:\/\/api.w.org\/{rel}","templated":true}]}}