{"id":2498,"date":"2022-01-07T14:31:07","date_gmt":"2022-01-07T14:31:07","guid":{"rendered":"https:\/\/pldistribucion.com.ar\/web\/?post_type=product&#038;p=2498"},"modified":"2022-08-11T11:31:52","modified_gmt":"2022-08-11T11:31:52","slug":"gulf-syngear-fe-75w-80","status":"publish","type":"product","link":"https:\/\/pldistribucion.com.ar\/web\/producto\/gulf-syngear-fe-75w-80\/","title":{"rendered":"GULF SYNGEAR FE 75W-80"},"content":{"rendered":"<div class=\"fl-module fl-module-rich-text fl-node-5aa84db2910be\" data-node=\"5aa84db2910be\">\n<div class=\"fl-module-content fl-node-content\">\n<div class=\"fl-rich-text\">\n<h1><span style=\"font-size: 80%;\"><em><strong>GULF SYNGEAR FE 75W-80<\/strong><\/em><\/span><\/h1>\n<\/div>\n<\/div>\n<\/div>\n<div class=\"fl-module fl-module-rich-text fl-node-5aa84db2910f8\" data-node=\"5aa84db2910f8\">\n<div class=\"fl-module-content fl-node-content\">\n<div class=\"fl-rich-text\">\n<h3><span style=\"background-color: #f2d45a; font-size: 80%;\"><strong>DESCRIPCI\u00d3N DEL PRODUCTO<\/strong><\/span><\/h3>\n<\/div>\n<\/div>\n<\/div>\n<div class=\"fl-module fl-module-separator fl-node-5aa84db290fd6\" data-node=\"5aa84db290fd6\">\n<div class=\"fl-module-content fl-node-content\">\n<p><span style=\"color: #000000;\">Gulf Singer FE 75W-80 <strong>\u27a2<\/strong> <span style=\"color: #000080;\"><strong><a style=\"color: #000080;\" href=\"https:\/\/pldistribucion.com.ar\/web\/wp-content\/uploads\/Gulf-Syngear-FE-Sintetico-SAE-75W-FICHA-tecnica.pdf\" target=\"_blank\" rel=\"noopener\">Ver ficha t\u00e9cnica<\/a><\/strong><\/span><\/span><\/p>\n<p><span style=\"color: #000000;\">Es un lubricante sint\u00e9tico termoestable de alto rendimiento. Que brinda una larga vida \u00fatil, y esta dise\u00f1ado para mejorar la econom\u00eda de combustible de los veh\u00edculos usados.<\/span><br \/>\n<span style=\"color: #000000;\">Las transferencias manuales est\u00e1n equipadas con varias sincronizaciones, incluidas las \u00faltimas transferencias a a base de carbono. Combinado con una base sint\u00e9tica y un paquete de aditivos de tecnolog\u00eda avanzada que brinda una protecci\u00f3n incomparable para el tren motriz, lo que resulta en una mayor durabilidad entre ellos y aumentar la eficiencia del combustible. <\/span><\/p>\n<p><span style=\"color: #000000;\">Por otro lado esta serie Gulf proporciona una excelente protecci\u00f3n para engranajes y cojinetes, es compatible con varios componentes de transmisi\u00f3n. Tambi\u00e9n se permite la extensi\u00f3n e intervalo de cambio de aceite.<\/span><\/p>\n<h3><span style=\"background-color: #f2d45a; font-size: 80%;\"><strong>CARACTER\u00cdSTICAS Y BENEFICIOS<\/strong><\/span><\/h3>\n<\/div>\n<ul>\n<li><span style=\"color: #000000;\">Ofrece una mejor econom\u00eda en combustible de comparaci\u00f3n con el aceite de engranajes convencional.<\/span><\/li>\n<li><span style=\"color: #000000;\">Utiliza una tecnolog\u00eda superior de aditivos con modificadores de fricci\u00f3n que aseguran una muy buena compatibilidad con los materiales de los sincronizadores, incluyendo los mas recientes a base de carbono.<\/span><\/li>\n<li><span style=\"color: #000000;\">Posee una estabilidad termo &#8211; oxidativa que ayuda a mantener los engranajes limpios por largos intervalos de tiempo y a su vez extiende el periodo de cambio de manera significativa en comparaci\u00f3n con aceites convencionales de transmisi\u00f3n.<\/span><\/li>\n<li><span style=\"color: #000000;\">Es efectiva su protecci\u00f3n contra la corrosi\u00f3n y la herrumbe que afecta a los componentes de las trasmisiones y diferenciales.<\/span><\/li>\n<li><span style=\"color: #000000;\">Desarrolla una sobresaliente fluidez\u00a0 a baja temperatura que asegura mayor suavidad y desempe\u00f1o al cambio de velocidades.<\/span><\/li>\n<\/ul>\n<\/div>\n<hr \/>\n<p><span style=\"color: #000080;\"><strong><a style=\"color: #000080;\" href=\"https:\/\/pldistribucion.com.ar\/web\/categoria-producto\/lubricantes\/?filter_marcas=gulf\">Ver m\u00e1s productos GULF<\/a><\/strong><\/span><\/p>\n<p><span style=\"color: #000000;\">(Gasolineras Gulf es reconocida mundialmente como una de las marcas m\u00e1s importantes que existen con relaci\u00f3n a la comercializaci\u00f3n de combustibles y lubricantes, sobre todo se destaca como una de las pioneras en la industria, ya que entre otras cosas esta es una empresa que al paso de los a\u00f1os se consagra como una de las m\u00e1s destacadas, esto por la innovaci\u00f3n y la m\u00e1s alta calidad utilizada en sus productos y servicios).<\/span><\/p>\n<div class=\"product-desc\">\n<div>\n<div><span style=\"color: #000080;\"><strong><a style=\"color: #000080;\" href=\"https:\/\/www.gulfoillatam.com\/about-us\/\" target=\"_blank\" rel=\"noopener\">Conoce m\u00e1s sobre GULF<\/a><\/strong><\/span><\/div>\n<\/div>\n<\/div>\n","protected":false},"excerpt":{"rendered":"<p><img loading=\"lazy\" decoding=\"async\" class=\"alignnone wp-image-2445\" src=\"https:\/\/pldistribucion.com.ar\/web\/wp-content\/uploads\/GULF-1-300x276.png\" alt=\"\" width=\"126\" height=\"116\" srcset=\"https:\/\/pldistribucion.com.ar\/web\/wp-content\/uploads\/GULF-1-300x276.png 300w, https:\/\/pldistribucion.com.ar\/web\/wp-content\/uploads\/GULF-1-600x552.png 600w, https:\/\/pldistribucion.com.ar\/web\/wp-content\/uploads\/GULF-1.png 640w\" sizes=\"(max-width: 126px) 100vw, 126px\" \/><\/p>\n<p><strong>BALDE X 20L\u00a0<\/strong><strong> \u27a2<\/strong><\/p>\n<h2 style=\"text-align: left;\"><span style=\"font-size: 75%;\"><strong><a rel=\"noopener noreferrer\" href=\"https:\/\/performancelube.mercadoshops.com.ar\/MLA-1151037957-aceite-sintetico-gulf-syngear-fe-75w-80-x20l-_JM#position=1&#038;search_layout=stack&#038;type=item&#038;tracking_id=bbc8064c-7b0a-4bdf-bbd3-38c8c93e73bd\" target=\"_blank\" class=\"button primary\"  >\n    <span>VER EN TIENDA ?<\/span>\n  <\/a>\n<\/strong><\/span><\/h2>\n<h4><em>PRODUCTOS GULF<\/em><\/h4>\n<p>Empresa internacional dedicada a la comercializaci\u00f3n de combustible y fabricaci\u00f3n y comercializaci\u00f3n de lubricantes de calidad. Hoy en d\u00eda extendiendo la actividad a la construcci\u00f3n de nuevas refiner\u00edas, oleoductos y estaciones de combustible desarrollando la m\u00e1s alta tecnolog\u00eda en refino, formulaci\u00f3n y mezclado de lubricantes.<\/p>\n","protected":false},"featured_media":5017,"comment_status":"open","ping_status":"closed","template":"","meta":[],"product_cat":[16,35],"product_tag":[],"yoast_head":"<!-- This site is optimized with the Yoast SEO plugin v23.0 - https:\/\/yoast.com\/wordpress\/plugins\/seo\/ -->\n<title>GULF SYNGEAR FE 75W-80 - Perfomance Lube - Lubricantes<\/title>\n<meta name=\"description\" content=\"Distribuidor de lubricantes GULF de diferentes aplicaciones. Env\u00edos a todo el pa\u00eds. Variedad de productos y stock disponible.GULF SYNGEAR FE 75W-80\" \/>\n<meta name=\"robots\" content=\"index, follow, max-snippet:-1, max-image-preview:large, max-video-preview:-1\" \/>\n<link rel=\"canonical\" href=\"https:\/\/pldistribucion.com.ar\/web\/producto\/gulf-syngear-fe-75w-80\/\" \/>\n<meta property=\"og:locale\" content=\"es_ES\" \/>\n<meta property=\"og:type\" content=\"article\" \/>\n<meta property=\"og:title\" content=\"GULF SYNGEAR FE 75W-80 - Perfomance Lube - Lubricantes\" \/>\n<meta property=\"og:description\" content=\"Distribuidor de lubricantes GULF de diferentes aplicaciones. Env\u00edos a todo el pa\u00eds. Variedad de productos y stock disponible.GULF SYNGEAR FE 75W-80\" \/>\n<meta property=\"og:url\" content=\"https:\/\/pldistribucion.com.ar\/web\/producto\/gulf-syngear-fe-75w-80\/\" \/>\n<meta property=\"og:site_name\" content=\"Perfomance Lube\" \/>\n<meta property=\"article:modified_time\" content=\"2022-08-11T11:31:52+00:00\" \/>\n<meta property=\"og:image\" content=\"https:\/\/pldistribucion.com.ar\/web\/wp-content\/uploads\/De-aceite-de-engranaje-del-Golfo-syngear-fe-SAE-75w-80-1l.jpg\" \/>\n\t<meta property=\"og:image:width\" content=\"906\" \/>\n\t<meta property=\"og:image:height\" content=\"1280\" \/>\n\t<meta property=\"og:image:type\" content=\"image\/jpeg\" \/>\n<meta name=\"twitter:card\" content=\"summary_large_image\" \/>\n<meta name=\"twitter:label1\" content=\"Tiempo de lectura\" \/>\n\t<meta name=\"twitter:data1\" content=\"2 minutos\" \/>\n<script type=\"application\/ld+json\" class=\"yoast-schema-graph\">{\"@context\":\"https:\/\/schema.org\",\"@graph\":[{\"@type\":\"WebPage\",\"@id\":\"https:\/\/pldistribucion.com.ar\/web\/producto\/gulf-syngear-fe-75w-80\/\",\"url\":\"https:\/\/pldistribucion.com.ar\/web\/producto\/gulf-syngear-fe-75w-80\/\",\"name\":\"GULF SYNGEAR FE 75W-80 - Perfomance Lube - Lubricantes\",\"isPartOf\":{\"@id\":\"https:\/\/pldistribucion.com.ar\/web\/#website\"},\"primaryImageOfPage\":{\"@id\":\"https:\/\/pldistribucion.com.ar\/web\/producto\/gulf-syngear-fe-75w-80\/#primaryimage\"},\"image\":{\"@id\":\"https:\/\/pldistribucion.com.ar\/web\/producto\/gulf-syngear-fe-75w-80\/#primaryimage\"},\"thumbnailUrl\":\"https:\/\/pldistribucion.com.ar\/web\/wp-content\/uploads\/De-aceite-de-engranaje-del-Golfo-syngear-fe-SAE-75w-80-1l.jpg\",\"datePublished\":\"2022-01-07T14:31:07+00:00\",\"dateModified\":\"2022-08-11T11:31:52+00:00\",\"description\":\"Distribuidor de lubricantes GULF de diferentes aplicaciones. Env\u00edos a todo el pa\u00eds. Variedad de productos y stock disponible.GULF SYNGEAR FE 75W-80\",\"breadcrumb\":{\"@id\":\"https:\/\/pldistribucion.com.ar\/web\/producto\/gulf-syngear-fe-75w-80\/#breadcrumb\"},\"inLanguage\":\"es\",\"potentialAction\":[{\"@type\":\"ReadAction\",\"target\":[\"https:\/\/pldistribucion.com.ar\/web\/producto\/gulf-syngear-fe-75w-80\/\"]}]},{\"@type\":\"ImageObject\",\"inLanguage\":\"es\",\"@id\":\"https:\/\/pldistribucion.com.ar\/web\/producto\/gulf-syngear-fe-75w-80\/#primaryimage\",\"url\":\"https:\/\/pldistribucion.com.ar\/web\/wp-content\/uploads\/De-aceite-de-engranaje-del-Golfo-syngear-fe-SAE-75w-80-1l.jpg\",\"contentUrl\":\"https:\/\/pldistribucion.com.ar\/web\/wp-content\/uploads\/De-aceite-de-engranaje-del-Golfo-syngear-fe-SAE-75w-80-1l.jpg\",\"width\":906,\"height\":1280,\"caption\":\"GULF SYNGEAR FE 75W-80\"},{\"@type\":\"BreadcrumbList\",\"@id\":\"https:\/\/pldistribucion.com.ar\/web\/producto\/gulf-syngear-fe-75w-80\/#breadcrumb\",\"itemListElement\":[{\"@type\":\"ListItem\",\"position\":1,\"name\":\"Portada\",\"item\":\"https:\/\/pldistribucion.com.ar\/web\/\"},{\"@type\":\"ListItem\",\"position\":2,\"name\":\"Productos\",\"item\":\"https:\/\/pldistribucion.com.ar\/web\/productos\/\"},{\"@type\":\"ListItem\",\"position\":3,\"name\":\"GULF SYNGEAR FE 75W-80\"}]},{\"@type\":\"WebSite\",\"@id\":\"https:\/\/pldistribucion.com.ar\/web\/#website\",\"url\":\"https:\/\/pldistribucion.com.ar\/web\/\",\"name\":\"Perfomance Lube\",\"description\":\"\",\"publisher\":{\"@id\":\"https:\/\/pldistribucion.com.ar\/web\/#organization\"},\"potentialAction\":[{\"@type\":\"SearchAction\",\"target\":{\"@type\":\"EntryPoint\",\"urlTemplate\":\"https:\/\/pldistribucion.com.ar\/web\/?s={search_term_string}\"},\"query-input\":\"required name=search_term_string\"}],\"inLanguage\":\"es\"},{\"@type\":\"Organization\",\"@id\":\"https:\/\/pldistribucion.com.ar\/web\/#organization\",\"name\":\"PERFORMANCE LUBE\",\"url\":\"https:\/\/pldistribucion.com.ar\/web\/\",\"logo\":{\"@type\":\"ImageObject\",\"inLanguage\":\"es\",\"@id\":\"https:\/\/pldistribucion.com.ar\/web\/#\/schema\/logo\/image\/\",\"url\":\"https:\/\/pldistribucion.com.ar\/web\/wp-content\/uploads\/pld_logo_GB-removebg-preview.png\",\"contentUrl\":\"https:\/\/pldistribucion.com.ar\/web\/wp-content\/uploads\/pld_logo_GB-removebg-preview.png\",\"width\":787,\"height\":317,\"caption\":\"PERFORMANCE LUBE\"},\"image\":{\"@id\":\"https:\/\/pldistribucion.com.ar\/web\/#\/schema\/logo\/image\/\"}}]}<\/script>\n<!-- \/ Yoast SEO plugin. -->","yoast_head_json":{"title":"GULF SYNGEAR FE 75W-80 - Perfomance Lube - Lubricantes","description":"Distribuidor de lubricantes GULF de diferentes aplicaciones. Env\u00edos a todo el pa\u00eds. Variedad de productos y stock disponible.GULF SYNGEAR FE 75W-80","robots":{"index":"index","follow":"follow","max-snippet":"max-snippet:-1","max-image-preview":"max-image-preview:large","max-video-preview":"max-video-preview:-1"},"canonical":"https:\/\/pldistribucion.com.ar\/web\/producto\/gulf-syngear-fe-75w-80\/","og_locale":"es_ES","og_type":"article","og_title":"GULF SYNGEAR FE 75W-80 - Perfomance Lube - Lubricantes","og_description":"Distribuidor de lubricantes GULF de diferentes aplicaciones. Env\u00edos a todo el pa\u00eds. Variedad de productos y stock disponible.GULF SYNGEAR FE 75W-80","og_url":"https:\/\/pldistribucion.com.ar\/web\/producto\/gulf-syngear-fe-75w-80\/","og_site_name":"Perfomance Lube","article_modified_time":"2022-08-11T11:31:52+00:00","og_image":[{"width":906,"height":1280,"url":"https:\/\/pldistribucion.com.ar\/web\/wp-content\/uploads\/De-aceite-de-engranaje-del-Golfo-syngear-fe-SAE-75w-80-1l.jpg","type":"image\/jpeg"}],"twitter_card":"summary_large_image","twitter_misc":{"Tiempo de lectura":"2 minutos"},"schema":{"@context":"https:\/\/schema.org","@graph":[{"@type":"WebPage","@id":"https:\/\/pldistribucion.com.ar\/web\/producto\/gulf-syngear-fe-75w-80\/","url":"https:\/\/pldistribucion.com.ar\/web\/producto\/gulf-syngear-fe-75w-80\/","name":"GULF SYNGEAR FE 75W-80 - Perfomance Lube - Lubricantes","isPartOf":{"@id":"https:\/\/pldistribucion.com.ar\/web\/#website"},"primaryImageOfPage":{"@id":"https:\/\/pldistribucion.com.ar\/web\/producto\/gulf-syngear-fe-75w-80\/#primaryimage"},"image":{"@id":"https:\/\/pldistribucion.com.ar\/web\/producto\/gulf-syngear-fe-75w-80\/#primaryimage"},"thumbnailUrl":"https:\/\/pldistribucion.com.ar\/web\/wp-content\/uploads\/De-aceite-de-engranaje-del-Golfo-syngear-fe-SAE-75w-80-1l.jpg","datePublished":"2022-01-07T14:31:07+00:00","dateModified":"2022-08-11T11:31:52+00:00","description":"Distribuidor de lubricantes GULF de diferentes aplicaciones. Env\u00edos a todo el pa\u00eds. Variedad de productos y stock disponible.GULF SYNGEAR FE 75W-80","breadcrumb":{"@id":"https:\/\/pldistribucion.com.ar\/web\/producto\/gulf-syngear-fe-75w-80\/#breadcrumb"},"inLanguage":"es","potentialAction":[{"@type":"ReadAction","target":["https:\/\/pldistribucion.com.ar\/web\/producto\/gulf-syngear-fe-75w-80\/"]}]},{"@type":"ImageObject","inLanguage":"es","@id":"https:\/\/pldistribucion.com.ar\/web\/producto\/gulf-syngear-fe-75w-80\/#primaryimage","url":"https:\/\/pldistribucion.com.ar\/web\/wp-content\/uploads\/De-aceite-de-engranaje-del-Golfo-syngear-fe-SAE-75w-80-1l.jpg","contentUrl":"https:\/\/pldistribucion.com.ar\/web\/wp-content\/uploads\/De-aceite-de-engranaje-del-Golfo-syngear-fe-SAE-75w-80-1l.jpg","width":906,"height":1280,"caption":"GULF SYNGEAR FE 75W-80"},{"@type":"BreadcrumbList","@id":"https:\/\/pldistribucion.com.ar\/web\/producto\/gulf-syngear-fe-75w-80\/#breadcrumb","itemListElement":[{"@type":"ListItem","position":1,"name":"Portada","item":"https:\/\/pldistribucion.com.ar\/web\/"},{"@type":"ListItem","position":2,"name":"Productos","item":"https:\/\/pldistribucion.com.ar\/web\/productos\/"},{"@type":"ListItem","position":3,"name":"GULF SYNGEAR FE 75W-80"}]},{"@type":"WebSite","@id":"https:\/\/pldistribucion.com.ar\/web\/#website","url":"https:\/\/pldistribucion.com.ar\/web\/","name":"Perfomance Lube","description":"","publisher":{"@id":"https:\/\/pldistribucion.com.ar\/web\/#organization"},"potentialAction":[{"@type":"SearchAction","target":{"@type":"EntryPoint","urlTemplate":"https:\/\/pldistribucion.com.ar\/web\/?s={search_term_string}"},"query-input":"required name=search_term_string"}],"inLanguage":"es"},{"@type":"Organization","@id":"https:\/\/pldistribucion.com.ar\/web\/#organization","name":"PERFORMANCE LUBE","url":"https:\/\/pldistribucion.com.ar\/web\/","logo":{"@type":"ImageObject","inLanguage":"es","@id":"https:\/\/pldistribucion.com.ar\/web\/#\/schema\/logo\/image\/","url":"https:\/\/pldistribucion.com.ar\/web\/wp-content\/uploads\/pld_logo_GB-removebg-preview.png","contentUrl":"https:\/\/pldistribucion.com.ar\/web\/wp-content\/uploads\/pld_logo_GB-removebg-preview.png","width":787,"height":317,"caption":"PERFORMANCE LUBE"},"image":{"@id":"https:\/\/pldistribucion.com.ar\/web\/#\/schema\/logo\/image\/"}}]}},"_links":{"self":[{"href":"https:\/\/pldistribucion.com.ar\/web\/wp-json\/wp\/v2\/product\/2498"}],"collection":[{"href":"https:\/\/pldistribucion.com.ar\/web\/wp-json\/wp\/v2\/product"}],"about":[{"href":"https:\/\/pldistribucion.com.ar\/web\/wp-json\/wp\/v2\/types\/product"}],"replies":[{"embeddable":true,"href":"https:\/\/pldistribucion.com.ar\/web\/wp-json\/wp\/v2\/comments?post=2498"}],"wp:featuredmedia":[{"embeddable":true,"href":"https:\/\/pldistribucion.com.ar\/web\/wp-json\/wp\/v2\/media\/5017"}],"wp:attachment":[{"href":"https:\/\/pldistribucion.com.ar\/web\/wp-json\/wp\/v2\/media?parent=2498"}],"wp:term":[{"taxonomy":"product_cat","embeddable":true,"href":"https:\/\/pldistribucion.com.ar\/web\/wp-json\/wp\/v2\/product_cat?post=2498"},{"taxonomy":"product_tag","embeddable":true,"href":"https:\/\/pldistribucion.com.ar\/web\/wp-json\/wp\/v2\/product_tag?post=2498"}],"curies":[{"name":"wp","href":"https:\/\/api.w.org\/{rel}","templated":true}]}}