{"id":2136,"date":"2021-12-28T14:14:07","date_gmt":"2021-12-28T14:14:07","guid":{"rendered":"https:\/\/pldistribucion.com.ar\/web\/?post_type=product&#038;p=2136"},"modified":"2022-10-24T14:20:00","modified_gmt":"2022-10-24T14:20:00","slug":"liqui-moly-molygen-new-generation-10w-40","status":"publish","type":"product","link":"https:\/\/pldistribucion.com.ar\/web\/producto\/liqui-moly-molygen-new-generation-10w-40\/","title":{"rendered":"LIQUI MOLY MOLYGEN NEW GENERATION 10W-40 x4L"},"content":{"rendered":"<h1><strong>LIQUI MOLY MOLYGEN NEW GENERATION 10W-40 x4L<\/strong><\/h1>\n<p><span style=\"color: #000000;\">LIQUI MOLY MOLYGEN NEW GENERATION 10W-40 x4L <span style=\"color: #000080;\"><strong>\u27a2<\/strong><\/span> <\/span><span style=\"color: #000080;\"><strong><a style=\"color: #000080;\" href=\"https:\/\/pldistribucion.com.ar\/web\/wp-content\/uploads\/MOLYGEN-NEW-GENERATION-10W-40-FT.pdf\" target=\"_blank\" rel=\"noopener\">Ver ficha t\u00e9cnica<\/a><\/strong><\/span><\/p>\n<ul>\n<li class=\"prod-codigo\"><span style=\"color: #000000;\">C\u00f3digo: 8538<\/span><\/li>\n<li class=\"prod-envase\"><span style=\"color: #000000;\">Envase: 4 lt.<\/span><\/li>\n<\/ul>\n<p><span style=\"color: #000000;\">Aceite sint\u00e9tico de ultima generaci\u00f3n con modificador de fricci\u00f3n qu\u00edmico MOLYGEN.<\/span><\/p>\n<h3><span style=\"font-size: 80%; background-color: #99ccff;\"><strong>DESCRIPCI\u00d3N DEL PRODUCTO<\/strong><\/span><\/h3>\n<p><span style=\"color: #000000;\">Aceite anti-fricci\u00f3n de alto rendimiento para motores para utilizar durante todo el a\u00f1o. <\/span><span style=\"color: #000000;\">La combinaci\u00f3n de aceites b\u00e1sicos no convencionales con la tecnolog\u00eda de aditivos m\u00e1s avanzada, as\u00ed como con el aditivo especial Molygen, garantiza un aceite de motor de baja viscosidad y alta resistencia al cizalla miento que evita de forma segura que se formen dep\u00f3sitos, disminuye la p\u00e9rdida de potencia del motor por rozamiento y proporciona una protecci\u00f3n \u00f3ptima contra el desgaste. Ello reduce el consumo de combustible a la vez que prolonga la vida \u00fatil del motor.<\/span><\/p>\n<h3><span style=\"font-size: 80%; background-color: #99ccff;\"><strong>INFORMACI\u00d3N ADICIONAL<\/strong><\/span><\/h3>\n<ul>\n<li><span style=\"color: #000000;\">Se han de cumplir las instrucciones de uso de los fabricantes de autom\u00f3viles y de motores. Apto para mezclar con todos los aceites del motor de uso corriente. La eficacia completa solamente se garantiza en el uso sin mezclar.<\/span><\/li>\n<\/ul>\n<hr \/>\n<p><span style=\"color: #000080;\"><strong><a style=\"color: #000080;\" href=\"https:\/\/pldistribucion.com.ar\/web\/productos\/?filter_marcas=liqui-moly\" target=\"_blank\" rel=\"noopener\">Ver m\u00e1s productos<\/a><\/strong><strong><a style=\"color: #000080;\" href=\"https:\/\/pldistribucion.com.ar\/web\/productos\/?filter_marcas=liqui-moly\" target=\"_blank\" rel=\"noopener\"> L<\/a><\/strong><strong><a style=\"color: #000080;\" href=\"https:\/\/pldistribucion.com.ar\/web\/productos\/?filter_marcas=liqui-moly\" target=\"_blank\" rel=\"noopener\">IQUI<\/a><\/strong><strong><a style=\"color: #000080;\" href=\"https:\/\/pldistribucion.com.ar\/web\/productos\/?filter_marcas=liqui-moly\" target=\"_blank\" rel=\"noopener\"> MOLY<\/a><\/strong><\/span><\/p>\n<div><span style=\"color: #000000;\">Nuestros productos son sometidos a numerosos ensayos y pruebas por instituciones independientes, adem\u00e1s por la industria automotriz. La inspecci\u00f3n continua de la calidad de nuestros procesos de producci\u00f3n, proporciona tanto usted como a nosotros la seguridad adicional de que los productos\u00a0Liqui Moly\u00a0realmente contribuyen a\u00a0extender de manera considerable la vida \u00fatil de su veh\u00edculo o maquinaria\u00a0y por consiguiente, evitar gastos innecesarios de reparaci\u00f3n o mantenci\u00f3n.<\/span><\/div>\n<div><\/div>\n<div><strong><span style=\"color: #000080;\"><a style=\"color: #000080;\" href=\"https:\/\/liqui-moly.com.ar\/empresa\/historia\/#:~:text=Sus%20inicios%20se%20remontan%20a,como%20%E2%80%9COil%2DAdditiv%E2%80%9D.\" target=\"_blank\" rel=\"noopener\">Conoce m\u00e1s sobre LIQUI MOLY<\/a><\/span><\/strong><\/div>\n","protected":false},"excerpt":{"rendered":"<p><img loading=\"lazy\" decoding=\"async\" class=\"alignnone wp-image-2371 \" src=\"https:\/\/pldistribucion.com.ar\/web\/wp-content\/uploads\/LIQUI-MOLY-300x229.png\" alt=\"\" width=\"191\" height=\"146\" \/><span style=\"font-size: 75%;\"><strong><span style=\"color: #69314d;\">\u00a0<\/span><\/strong><\/span><\/p>\n<h2 style=\"text-align: left;\"><span style=\"font-size: 75%;\"><strong><a rel=\"noopener noreferrer\" href=\"https:\/\/performancelube.mercadoshops.com.ar\/MLA-1210742370-liqui-moly-molygen-10w-40-x4l-_JM#position=1&#038;search_layout=stack&#038;type=item&#038;tracking_id=bbc8064c-7b0a-4bdf-bbd3-38c8c93e73bd\" target=\"_blank\" class=\"button primary\"  >\n    <span>VER EN TIENDA ?<\/span>\n  <\/a>\n<span style=\"color: #69314d;\">\u00a0<\/span><\/strong><strong>\u00a0<\/strong><\/span><\/h2>\n<p><span style=\"color: #000000;\">Somos una importante marca Alemana<span style=\"font-size: 14.4px;\">\u00a0reconocida y respetada mundialmente. Estamos presente en m\u00e1s de 120 pa\u00edses y en Argentina, tenemos una importante red de clientes provenientes tanto del\u00a0<\/span>sector automotriz<span style=\"font-size: 14.4px;\">,\u00a0<\/span>industrial<span style=\"font-size: 14.4px;\">\u00a0como\u00a0<\/span>minero<span style=\"font-size: 14.4px;\">.<\/span><\/span><\/p>\n<p>&nbsp;<\/p>\n<p>&nbsp;<\/p>\n","protected":false},"featured_media":2142,"comment_status":"open","ping_status":"closed","template":"","meta":[],"product_cat":[16,34],"product_tag":[],"yoast_head":"<!-- This site is optimized with the Yoast SEO plugin v23.0 - https:\/\/yoast.com\/wordpress\/plugins\/seo\/ -->\n<title>LIQUI MOLY MOLYGEN NEW GENERATION 10W-40 x4L - Perfomance Lube<\/title>\n<meta name=\"description\" content=\"Distribuidor de lubricantes LIQUI MOLY de diferentes aplicaciones. Env\u00edos a todo el pa\u00eds. Variedad de productos y stock disponible.\" \/>\n<meta name=\"robots\" content=\"index, follow, max-snippet:-1, max-image-preview:large, max-video-preview:-1\" \/>\n<link rel=\"canonical\" href=\"https:\/\/pldistribucion.com.ar\/web\/producto\/liqui-moly-molygen-new-generation-10w-40\/\" \/>\n<meta property=\"og:locale\" content=\"es_ES\" \/>\n<meta property=\"og:type\" content=\"article\" \/>\n<meta property=\"og:title\" content=\"LIQUI MOLY MOLYGEN NEW GENERATION 10W-40 x4L - Perfomance Lube\" \/>\n<meta property=\"og:description\" content=\"Distribuidor de lubricantes LIQUI MOLY de diferentes aplicaciones. Env\u00edos a todo el pa\u00eds. Variedad de productos y stock disponible.\" \/>\n<meta property=\"og:url\" content=\"https:\/\/pldistribucion.com.ar\/web\/producto\/liqui-moly-molygen-new-generation-10w-40\/\" \/>\n<meta property=\"og:site_name\" content=\"Perfomance Lube\" \/>\n<meta property=\"article:modified_time\" content=\"2022-10-24T14:20:00+00:00\" \/>\n<meta property=\"og:image\" content=\"https:\/\/pldistribucion.com.ar\/web\/wp-content\/uploads\/NEW-GENERATION-10W-40-FOTO.jpg\" \/>\n\t<meta property=\"og:image:width\" content=\"800\" \/>\n\t<meta property=\"og:image:height\" content=\"800\" \/>\n\t<meta property=\"og:image:type\" content=\"image\/jpeg\" \/>\n<meta name=\"twitter:card\" content=\"summary_large_image\" \/>\n<meta name=\"twitter:label1\" content=\"Tiempo de lectura\" \/>\n\t<meta name=\"twitter:data1\" content=\"2 minutos\" \/>\n<script type=\"application\/ld+json\" class=\"yoast-schema-graph\">{\"@context\":\"https:\/\/schema.org\",\"@graph\":[{\"@type\":\"WebPage\",\"@id\":\"https:\/\/pldistribucion.com.ar\/web\/producto\/liqui-moly-molygen-new-generation-10w-40\/\",\"url\":\"https:\/\/pldistribucion.com.ar\/web\/producto\/liqui-moly-molygen-new-generation-10w-40\/\",\"name\":\"LIQUI MOLY MOLYGEN NEW GENERATION 10W-40 x4L - Perfomance Lube\",\"isPartOf\":{\"@id\":\"https:\/\/pldistribucion.com.ar\/web\/#website\"},\"primaryImageOfPage\":{\"@id\":\"https:\/\/pldistribucion.com.ar\/web\/producto\/liqui-moly-molygen-new-generation-10w-40\/#primaryimage\"},\"image\":{\"@id\":\"https:\/\/pldistribucion.com.ar\/web\/producto\/liqui-moly-molygen-new-generation-10w-40\/#primaryimage\"},\"thumbnailUrl\":\"https:\/\/pldistribucion.com.ar\/web\/wp-content\/uploads\/NEW-GENERATION-10W-40-FOTO.jpg\",\"datePublished\":\"2021-12-28T14:14:07+00:00\",\"dateModified\":\"2022-10-24T14:20:00+00:00\",\"description\":\"Distribuidor de lubricantes LIQUI MOLY de diferentes aplicaciones. Env\u00edos a todo el pa\u00eds. Variedad de productos y stock disponible.\",\"breadcrumb\":{\"@id\":\"https:\/\/pldistribucion.com.ar\/web\/producto\/liqui-moly-molygen-new-generation-10w-40\/#breadcrumb\"},\"inLanguage\":\"es\",\"potentialAction\":[{\"@type\":\"ReadAction\",\"target\":[\"https:\/\/pldistribucion.com.ar\/web\/producto\/liqui-moly-molygen-new-generation-10w-40\/\"]}]},{\"@type\":\"ImageObject\",\"inLanguage\":\"es\",\"@id\":\"https:\/\/pldistribucion.com.ar\/web\/producto\/liqui-moly-molygen-new-generation-10w-40\/#primaryimage\",\"url\":\"https:\/\/pldistribucion.com.ar\/web\/wp-content\/uploads\/NEW-GENERATION-10W-40-FOTO.jpg\",\"contentUrl\":\"https:\/\/pldistribucion.com.ar\/web\/wp-content\/uploads\/NEW-GENERATION-10W-40-FOTO.jpg\",\"width\":800,\"height\":800},{\"@type\":\"BreadcrumbList\",\"@id\":\"https:\/\/pldistribucion.com.ar\/web\/producto\/liqui-moly-molygen-new-generation-10w-40\/#breadcrumb\",\"itemListElement\":[{\"@type\":\"ListItem\",\"position\":1,\"name\":\"Portada\",\"item\":\"https:\/\/pldistribucion.com.ar\/web\/\"},{\"@type\":\"ListItem\",\"position\":2,\"name\":\"Productos\",\"item\":\"https:\/\/pldistribucion.com.ar\/web\/productos\/\"},{\"@type\":\"ListItem\",\"position\":3,\"name\":\"LIQUI MOLY MOLYGEN NEW GENERATION 10W-40 x4L\"}]},{\"@type\":\"WebSite\",\"@id\":\"https:\/\/pldistribucion.com.ar\/web\/#website\",\"url\":\"https:\/\/pldistribucion.com.ar\/web\/\",\"name\":\"Perfomance Lube\",\"description\":\"\",\"publisher\":{\"@id\":\"https:\/\/pldistribucion.com.ar\/web\/#organization\"},\"potentialAction\":[{\"@type\":\"SearchAction\",\"target\":{\"@type\":\"EntryPoint\",\"urlTemplate\":\"https:\/\/pldistribucion.com.ar\/web\/?s={search_term_string}\"},\"query-input\":\"required name=search_term_string\"}],\"inLanguage\":\"es\"},{\"@type\":\"Organization\",\"@id\":\"https:\/\/pldistribucion.com.ar\/web\/#organization\",\"name\":\"PERFORMANCE LUBE\",\"url\":\"https:\/\/pldistribucion.com.ar\/web\/\",\"logo\":{\"@type\":\"ImageObject\",\"inLanguage\":\"es\",\"@id\":\"https:\/\/pldistribucion.com.ar\/web\/#\/schema\/logo\/image\/\",\"url\":\"https:\/\/pldistribucion.com.ar\/web\/wp-content\/uploads\/pld_logo_GB-removebg-preview.png\",\"contentUrl\":\"https:\/\/pldistribucion.com.ar\/web\/wp-content\/uploads\/pld_logo_GB-removebg-preview.png\",\"width\":787,\"height\":317,\"caption\":\"PERFORMANCE LUBE\"},\"image\":{\"@id\":\"https:\/\/pldistribucion.com.ar\/web\/#\/schema\/logo\/image\/\"}}]}<\/script>\n<!-- \/ Yoast SEO plugin. -->","yoast_head_json":{"title":"LIQUI MOLY MOLYGEN NEW GENERATION 10W-40 x4L - Perfomance Lube","description":"Distribuidor de lubricantes LIQUI MOLY de diferentes aplicaciones. Env\u00edos a todo el pa\u00eds. Variedad de productos y stock disponible.","robots":{"index":"index","follow":"follow","max-snippet":"max-snippet:-1","max-image-preview":"max-image-preview:large","max-video-preview":"max-video-preview:-1"},"canonical":"https:\/\/pldistribucion.com.ar\/web\/producto\/liqui-moly-molygen-new-generation-10w-40\/","og_locale":"es_ES","og_type":"article","og_title":"LIQUI MOLY MOLYGEN NEW GENERATION 10W-40 x4L - Perfomance Lube","og_description":"Distribuidor de lubricantes LIQUI MOLY de diferentes aplicaciones. Env\u00edos a todo el pa\u00eds. Variedad de productos y stock disponible.","og_url":"https:\/\/pldistribucion.com.ar\/web\/producto\/liqui-moly-molygen-new-generation-10w-40\/","og_site_name":"Perfomance Lube","article_modified_time":"2022-10-24T14:20:00+00:00","og_image":[{"width":800,"height":800,"url":"https:\/\/pldistribucion.com.ar\/web\/wp-content\/uploads\/NEW-GENERATION-10W-40-FOTO.jpg","type":"image\/jpeg"}],"twitter_card":"summary_large_image","twitter_misc":{"Tiempo de lectura":"2 minutos"},"schema":{"@context":"https:\/\/schema.org","@graph":[{"@type":"WebPage","@id":"https:\/\/pldistribucion.com.ar\/web\/producto\/liqui-moly-molygen-new-generation-10w-40\/","url":"https:\/\/pldistribucion.com.ar\/web\/producto\/liqui-moly-molygen-new-generation-10w-40\/","name":"LIQUI MOLY MOLYGEN NEW GENERATION 10W-40 x4L - Perfomance Lube","isPartOf":{"@id":"https:\/\/pldistribucion.com.ar\/web\/#website"},"primaryImageOfPage":{"@id":"https:\/\/pldistribucion.com.ar\/web\/producto\/liqui-moly-molygen-new-generation-10w-40\/#primaryimage"},"image":{"@id":"https:\/\/pldistribucion.com.ar\/web\/producto\/liqui-moly-molygen-new-generation-10w-40\/#primaryimage"},"thumbnailUrl":"https:\/\/pldistribucion.com.ar\/web\/wp-content\/uploads\/NEW-GENERATION-10W-40-FOTO.jpg","datePublished":"2021-12-28T14:14:07+00:00","dateModified":"2022-10-24T14:20:00+00:00","description":"Distribuidor de lubricantes LIQUI MOLY de diferentes aplicaciones. Env\u00edos a todo el pa\u00eds. Variedad de productos y stock disponible.","breadcrumb":{"@id":"https:\/\/pldistribucion.com.ar\/web\/producto\/liqui-moly-molygen-new-generation-10w-40\/#breadcrumb"},"inLanguage":"es","potentialAction":[{"@type":"ReadAction","target":["https:\/\/pldistribucion.com.ar\/web\/producto\/liqui-moly-molygen-new-generation-10w-40\/"]}]},{"@type":"ImageObject","inLanguage":"es","@id":"https:\/\/pldistribucion.com.ar\/web\/producto\/liqui-moly-molygen-new-generation-10w-40\/#primaryimage","url":"https:\/\/pldistribucion.com.ar\/web\/wp-content\/uploads\/NEW-GENERATION-10W-40-FOTO.jpg","contentUrl":"https:\/\/pldistribucion.com.ar\/web\/wp-content\/uploads\/NEW-GENERATION-10W-40-FOTO.jpg","width":800,"height":800},{"@type":"BreadcrumbList","@id":"https:\/\/pldistribucion.com.ar\/web\/producto\/liqui-moly-molygen-new-generation-10w-40\/#breadcrumb","itemListElement":[{"@type":"ListItem","position":1,"name":"Portada","item":"https:\/\/pldistribucion.com.ar\/web\/"},{"@type":"ListItem","position":2,"name":"Productos","item":"https:\/\/pldistribucion.com.ar\/web\/productos\/"},{"@type":"ListItem","position":3,"name":"LIQUI MOLY MOLYGEN NEW GENERATION 10W-40 x4L"}]},{"@type":"WebSite","@id":"https:\/\/pldistribucion.com.ar\/web\/#website","url":"https:\/\/pldistribucion.com.ar\/web\/","name":"Perfomance Lube","description":"","publisher":{"@id":"https:\/\/pldistribucion.com.ar\/web\/#organization"},"potentialAction":[{"@type":"SearchAction","target":{"@type":"EntryPoint","urlTemplate":"https:\/\/pldistribucion.com.ar\/web\/?s={search_term_string}"},"query-input":"required name=search_term_string"}],"inLanguage":"es"},{"@type":"Organization","@id":"https:\/\/pldistribucion.com.ar\/web\/#organization","name":"PERFORMANCE LUBE","url":"https:\/\/pldistribucion.com.ar\/web\/","logo":{"@type":"ImageObject","inLanguage":"es","@id":"https:\/\/pldistribucion.com.ar\/web\/#\/schema\/logo\/image\/","url":"https:\/\/pldistribucion.com.ar\/web\/wp-content\/uploads\/pld_logo_GB-removebg-preview.png","contentUrl":"https:\/\/pldistribucion.com.ar\/web\/wp-content\/uploads\/pld_logo_GB-removebg-preview.png","width":787,"height":317,"caption":"PERFORMANCE LUBE"},"image":{"@id":"https:\/\/pldistribucion.com.ar\/web\/#\/schema\/logo\/image\/"}}]}},"_links":{"self":[{"href":"https:\/\/pldistribucion.com.ar\/web\/wp-json\/wp\/v2\/product\/2136"}],"collection":[{"href":"https:\/\/pldistribucion.com.ar\/web\/wp-json\/wp\/v2\/product"}],"about":[{"href":"https:\/\/pldistribucion.com.ar\/web\/wp-json\/wp\/v2\/types\/product"}],"replies":[{"embeddable":true,"href":"https:\/\/pldistribucion.com.ar\/web\/wp-json\/wp\/v2\/comments?post=2136"}],"wp:featuredmedia":[{"embeddable":true,"href":"https:\/\/pldistribucion.com.ar\/web\/wp-json\/wp\/v2\/media\/2142"}],"wp:attachment":[{"href":"https:\/\/pldistribucion.com.ar\/web\/wp-json\/wp\/v2\/media?parent=2136"}],"wp:term":[{"taxonomy":"product_cat","embeddable":true,"href":"https:\/\/pldistribucion.com.ar\/web\/wp-json\/wp\/v2\/product_cat?post=2136"},{"taxonomy":"product_tag","embeddable":true,"href":"https:\/\/pldistribucion.com.ar\/web\/wp-json\/wp\/v2\/product_tag?post=2136"}],"curies":[{"name":"wp","href":"https:\/\/api.w.org\/{rel}","templated":true}]}}