{"id":2085,"date":"2021-12-27T18:29:08","date_gmt":"2021-12-27T18:29:08","guid":{"rendered":"https:\/\/pldistribucion.com.ar\/web\/?post_type=product&#038;p=2085"},"modified":"2022-03-30T12:32:43","modified_gmt":"2022-03-30T12:32:43","slug":"gulf-formula-g-5w-40","status":"publish","type":"product","link":"https:\/\/pldistribucion.com.ar\/web\/producto\/gulf-formula-g-5w-40\/","title":{"rendered":"GULF FORMULA G 5W-40"},"content":{"rendered":"<h1><b style=\"font-size: 80%;\">GULF FORMULA G 5W-40- Aceite Sint\u00e9tico de Motor para Veh\u00edculos de Pasajeros.<\/b><\/h1>\n<h3><span style=\"font-size: 80%; background-color: #99bdbd;\"><em><strong><span style=\"color: #000000;\">DESCRIPCI\u00d3N DEL PRODUCTO<\/span><\/strong><\/em><\/span><\/h3>\n<p><span style=\"color: #000000;\">GULF FORMULA G 5W-40\u00a0es un aceite de suprema performance para motores de autom\u00f3viles de pasajeros. Por un lado, esta formulado a partir de aceites base sint\u00e9ticos de la m\u00e1s fina calidad y la m\u00e1s moderna tecnolog\u00eda de aditivos. Por otro lado, se ha desarrollado especialmente para todos los motores modernos turboalimentados de gasolina de alto rendimiento y motores di\u00e9sel utilizados en veh\u00edculos de alto rendimiento de pasajeros, as\u00ed como en SUV\u00b4s, furgonetas y camiones ligeros. Adem\u00e1s, se ha dise\u00f1ado para ofrecer una larga vida \u00fatil y minimizar los dep\u00f3sitos en el motor y el turbocompresor para garantizar la potencia del motor y el par nominal. <\/span><\/p>\n<p><span style=\"color: #000000;\">Por ultimo, estos aceites de GULF FORMULA G 5W-40\u00a0 est\u00e1n dise\u00f1ados para superar las \u00faltimas especificaciones de la industria y los requisitos de llenado de servicio de los principales fabricantes de autom\u00f3viles.<\/span><\/p>\n<h3><span style=\"color: #000000;\"><span style=\"font-size: 16.128px; background-color: #99bdbd;\"><b><i>CARACTER\u00cdSTICAS Y BENEFICIOS<\/i><\/b><\/span><\/span><\/h3>\n<ul>\n<li><span style=\"color: #000000;\">Su estabilidad termo-oxidativa excepcional reduce los dep\u00f3sitos de acumulaci\u00f3n de lodos y facilita una mayor duraci\u00f3n de aceite de motor.<\/span><\/li>\n<li><span style=\"color: #000000;\">Su econom\u00eda de combustible mejorada y los intervalos extendidos de recambio, reducen el costo de uso y mantenimiento.<\/span><\/li>\n<li><span style=\"color: #000000;\">Excelente fluidez a baja temperatura ayuda a un arranque en fr\u00edo r\u00e1pido y proporciona protecci\u00f3n contra el desgaste en el arranque<\/span><\/li>\n<li><span style=\"color: #000000;\">Su tecnolog\u00eda anti-desgaste superior proporciona una excelente protecci\u00f3n contra el desgaste en todas las condiciones<\/span><\/li>\n<li><span style=\"color: #000000;\">La incorporaci\u00f3n de agentes activos de limpieza garantiza la m\u00e1xima limpieza del motor que resulta en un funcionamiento del motor sin problemas<\/span><\/li>\n<li><span style=\"color: #000000;\">Posee un excelente desempe\u00f1o Stay-in-Grade asegurando una lubricaci\u00f3n fiable incluso a mayores cargas y temperaturas de funcionamiento.<\/span><\/li>\n<\/ul>\n<p><span style=\"color: #0000ff;\"><strong><a style=\"color: #0000ff;\" href=\"https:\/\/pldistribucion.com.ar\/web\/wp-content\/uploads\/Gulf-Formula-G-5W-40FT.pdf\" target=\"_blank\" rel=\"noopener\">Ver ficha t\u00e9cnica <\/a><\/strong><\/span><\/p>\n<p><span style=\"color: #0000ff;\"><strong><a style=\"color: #0000ff;\" href=\"https:\/\/pldistribucion.com.ar\/web\/categoria-producto\/lubricantes\/?filter_marcas=gulf\">Ver mas productos GULF<\/a><\/strong><\/span><\/p>\n<p><span style=\"color: #000000;\">(Gasolineras Gulf es reconocida mundialmente como una de las marcas m\u00e1s importantes que existen con relaci\u00f3n a la comercializaci\u00f3n de combustibles y lubricantes, sobre todo se destaca como una de las pioneras en la industria, ya que entre otras cosas esta es una empresa que al paso de los a\u00f1os se consagra como una de las m\u00e1s destacadas, esto por la innovaci\u00f3n y la m\u00e1s alta calidad utilizada en sus productos y servicios).<\/span><\/p>\n<div class=\"product-desc\">\n<div>\n<div><span style=\"color: #0000ff;\"><strong><a style=\"color: #0000ff;\" href=\"https:\/\/www.gulfoillatam.com\/about-us\/\" target=\"_blank\" rel=\"noopener\">Conoce m\u00e1s sobre GULF<\/a><\/strong><\/span><\/div>\n<\/div>\n<\/div>\n","protected":false},"excerpt":{"rendered":"<p><img loading=\"lazy\" decoding=\"async\" class=\"alignnone size-medium wp-image-2081\" src=\"https:\/\/pldistribucion.com.ar\/web\/wp-content\/uploads\/EN-e1640627403828-229x300.png\" alt=\"\" width=\"229\" height=\"300\" srcset=\"https:\/\/pldistribucion.com.ar\/web\/wp-content\/uploads\/EN-e1640627403828-229x300.png 229w, https:\/\/pldistribucion.com.ar\/web\/wp-content\/uploads\/EN-e1640627403828-781x1024.png 781w, https:\/\/pldistribucion.com.ar\/web\/wp-content\/uploads\/EN-e1640627403828-768x1007.png 768w, https:\/\/pldistribucion.com.ar\/web\/wp-content\/uploads\/EN-e1640627403828-600x787.png 600w, https:\/\/pldistribucion.com.ar\/web\/wp-content\/uploads\/EN-e1640627403828.png 900w\" sizes=\"(max-width: 229px) 100vw, 229px\" \/><\/p>\n<h3><em>PRODUCTOS GULF<\/em><\/h3>\n<p>Empresa internacional dedicada a la comercializaci\u00f3n de combustible y fabricaci\u00f3n y comercializaci\u00f3n de lubricantes de calidad. La historia comienza en 1901 con la perforaci\u00f3n en Sprindletop, Texas, del primer pozo por obra de Anthony Lucas. En 1907 se fund\u00f3 <b>Gulf<\/b>, una Sociedad petrol\u00edfera norteamericana. Desde entonces, han liderado el comercio minorista de combustible extendiendo la actividad a la construcci\u00f3n de nuevas refiner\u00edas, oleoductos y estaciones de combustible desarrollando la m\u00e1s alta tecnolog\u00eda en refino, formulaci\u00f3n y mezclado de lubricantes.<\/p>\n","protected":false},"featured_media":2087,"comment_status":"open","ping_status":"closed","template":"","meta":[],"product_cat":[16,36],"product_tag":[],"yoast_head":"<!-- This site is optimized with the Yoast SEO plugin v23.0 - https:\/\/yoast.com\/wordpress\/plugins\/seo\/ -->\n<title>GULF FORMULA G 5W-40 - Perfomance Lube -Lubricantes<\/title>\n<meta name=\"description\" content=\"Distribuidor de lubricantes GULF de diferentes aplicaciones. Env\u00edos a todo el pa\u00eds. Variedad de productos y stock disponible.GULF FORMULA G 5W-40\" \/>\n<meta name=\"robots\" content=\"index, follow, max-snippet:-1, max-image-preview:large, max-video-preview:-1\" \/>\n<link rel=\"canonical\" href=\"https:\/\/pldistribucion.com.ar\/web\/producto\/gulf-formula-g-5w-40\/\" \/>\n<meta property=\"og:locale\" content=\"es_ES\" \/>\n<meta property=\"og:type\" content=\"article\" \/>\n<meta property=\"og:title\" content=\"GULF FORMULA G 5W-40 - Perfomance Lube -Lubricantes\" \/>\n<meta property=\"og:description\" content=\"Distribuidor de lubricantes GULF de diferentes aplicaciones. Env\u00edos a todo el pa\u00eds. Variedad de productos y stock disponible.GULF FORMULA G 5W-40\" \/>\n<meta property=\"og:url\" content=\"https:\/\/pldistribucion.com.ar\/web\/producto\/gulf-formula-g-5w-40\/\" \/>\n<meta property=\"og:site_name\" content=\"Perfomance Lube\" \/>\n<meta property=\"article:modified_time\" content=\"2022-03-30T12:32:43+00:00\" \/>\n<meta property=\"og:image\" content=\"https:\/\/pldistribucion.com.ar\/web\/wp-content\/uploads\/D_NQ_NP_733190-MLA31352678065_072019-O.jpg\" \/>\n\t<meta property=\"og:image:width\" content=\"479\" \/>\n\t<meta property=\"og:image:height\" content=\"500\" \/>\n\t<meta property=\"og:image:type\" content=\"image\/jpeg\" \/>\n<meta name=\"twitter:card\" content=\"summary_large_image\" \/>\n<meta name=\"twitter:label1\" content=\"Tiempo de lectura\" \/>\n\t<meta name=\"twitter:data1\" content=\"2 minutos\" \/>\n<script type=\"application\/ld+json\" class=\"yoast-schema-graph\">{\"@context\":\"https:\/\/schema.org\",\"@graph\":[{\"@type\":\"WebPage\",\"@id\":\"https:\/\/pldistribucion.com.ar\/web\/producto\/gulf-formula-g-5w-40\/\",\"url\":\"https:\/\/pldistribucion.com.ar\/web\/producto\/gulf-formula-g-5w-40\/\",\"name\":\"GULF FORMULA G 5W-40 - Perfomance Lube -Lubricantes\",\"isPartOf\":{\"@id\":\"https:\/\/pldistribucion.com.ar\/web\/#website\"},\"primaryImageOfPage\":{\"@id\":\"https:\/\/pldistribucion.com.ar\/web\/producto\/gulf-formula-g-5w-40\/#primaryimage\"},\"image\":{\"@id\":\"https:\/\/pldistribucion.com.ar\/web\/producto\/gulf-formula-g-5w-40\/#primaryimage\"},\"thumbnailUrl\":\"https:\/\/pldistribucion.com.ar\/web\/wp-content\/uploads\/D_NQ_NP_733190-MLA31352678065_072019-O.jpg\",\"datePublished\":\"2021-12-27T18:29:08+00:00\",\"dateModified\":\"2022-03-30T12:32:43+00:00\",\"description\":\"Distribuidor de lubricantes GULF de diferentes aplicaciones. Env\u00edos a todo el pa\u00eds. Variedad de productos y stock disponible.GULF FORMULA G 5W-40\",\"breadcrumb\":{\"@id\":\"https:\/\/pldistribucion.com.ar\/web\/producto\/gulf-formula-g-5w-40\/#breadcrumb\"},\"inLanguage\":\"es\",\"potentialAction\":[{\"@type\":\"ReadAction\",\"target\":[\"https:\/\/pldistribucion.com.ar\/web\/producto\/gulf-formula-g-5w-40\/\"]}]},{\"@type\":\"ImageObject\",\"inLanguage\":\"es\",\"@id\":\"https:\/\/pldistribucion.com.ar\/web\/producto\/gulf-formula-g-5w-40\/#primaryimage\",\"url\":\"https:\/\/pldistribucion.com.ar\/web\/wp-content\/uploads\/D_NQ_NP_733190-MLA31352678065_072019-O.jpg\",\"contentUrl\":\"https:\/\/pldistribucion.com.ar\/web\/wp-content\/uploads\/D_NQ_NP_733190-MLA31352678065_072019-O.jpg\",\"width\":479,\"height\":500,\"caption\":\"GULF FORMULA G 5W-40\"},{\"@type\":\"BreadcrumbList\",\"@id\":\"https:\/\/pldistribucion.com.ar\/web\/producto\/gulf-formula-g-5w-40\/#breadcrumb\",\"itemListElement\":[{\"@type\":\"ListItem\",\"position\":1,\"name\":\"Portada\",\"item\":\"https:\/\/pldistribucion.com.ar\/web\/\"},{\"@type\":\"ListItem\",\"position\":2,\"name\":\"Productos\",\"item\":\"https:\/\/pldistribucion.com.ar\/web\/productos\/\"},{\"@type\":\"ListItem\",\"position\":3,\"name\":\"GULF FORMULA G 5W-40\"}]},{\"@type\":\"WebSite\",\"@id\":\"https:\/\/pldistribucion.com.ar\/web\/#website\",\"url\":\"https:\/\/pldistribucion.com.ar\/web\/\",\"name\":\"Perfomance Lube\",\"description\":\"\",\"publisher\":{\"@id\":\"https:\/\/pldistribucion.com.ar\/web\/#organization\"},\"potentialAction\":[{\"@type\":\"SearchAction\",\"target\":{\"@type\":\"EntryPoint\",\"urlTemplate\":\"https:\/\/pldistribucion.com.ar\/web\/?s={search_term_string}\"},\"query-input\":\"required name=search_term_string\"}],\"inLanguage\":\"es\"},{\"@type\":\"Organization\",\"@id\":\"https:\/\/pldistribucion.com.ar\/web\/#organization\",\"name\":\"PERFORMANCE LUBE\",\"url\":\"https:\/\/pldistribucion.com.ar\/web\/\",\"logo\":{\"@type\":\"ImageObject\",\"inLanguage\":\"es\",\"@id\":\"https:\/\/pldistribucion.com.ar\/web\/#\/schema\/logo\/image\/\",\"url\":\"https:\/\/pldistribucion.com.ar\/web\/wp-content\/uploads\/pld_logo_GB-removebg-preview.png\",\"contentUrl\":\"https:\/\/pldistribucion.com.ar\/web\/wp-content\/uploads\/pld_logo_GB-removebg-preview.png\",\"width\":787,\"height\":317,\"caption\":\"PERFORMANCE LUBE\"},\"image\":{\"@id\":\"https:\/\/pldistribucion.com.ar\/web\/#\/schema\/logo\/image\/\"}}]}<\/script>\n<!-- \/ Yoast SEO plugin. -->","yoast_head_json":{"title":"GULF FORMULA G 5W-40 - Perfomance Lube -Lubricantes","description":"Distribuidor de lubricantes GULF de diferentes aplicaciones. Env\u00edos a todo el pa\u00eds. Variedad de productos y stock disponible.GULF FORMULA G 5W-40","robots":{"index":"index","follow":"follow","max-snippet":"max-snippet:-1","max-image-preview":"max-image-preview:large","max-video-preview":"max-video-preview:-1"},"canonical":"https:\/\/pldistribucion.com.ar\/web\/producto\/gulf-formula-g-5w-40\/","og_locale":"es_ES","og_type":"article","og_title":"GULF FORMULA G 5W-40 - Perfomance Lube -Lubricantes","og_description":"Distribuidor de lubricantes GULF de diferentes aplicaciones. Env\u00edos a todo el pa\u00eds. Variedad de productos y stock disponible.GULF FORMULA G 5W-40","og_url":"https:\/\/pldistribucion.com.ar\/web\/producto\/gulf-formula-g-5w-40\/","og_site_name":"Perfomance Lube","article_modified_time":"2022-03-30T12:32:43+00:00","og_image":[{"width":479,"height":500,"url":"https:\/\/pldistribucion.com.ar\/web\/wp-content\/uploads\/D_NQ_NP_733190-MLA31352678065_072019-O.jpg","type":"image\/jpeg"}],"twitter_card":"summary_large_image","twitter_misc":{"Tiempo de lectura":"2 minutos"},"schema":{"@context":"https:\/\/schema.org","@graph":[{"@type":"WebPage","@id":"https:\/\/pldistribucion.com.ar\/web\/producto\/gulf-formula-g-5w-40\/","url":"https:\/\/pldistribucion.com.ar\/web\/producto\/gulf-formula-g-5w-40\/","name":"GULF FORMULA G 5W-40 - Perfomance Lube -Lubricantes","isPartOf":{"@id":"https:\/\/pldistribucion.com.ar\/web\/#website"},"primaryImageOfPage":{"@id":"https:\/\/pldistribucion.com.ar\/web\/producto\/gulf-formula-g-5w-40\/#primaryimage"},"image":{"@id":"https:\/\/pldistribucion.com.ar\/web\/producto\/gulf-formula-g-5w-40\/#primaryimage"},"thumbnailUrl":"https:\/\/pldistribucion.com.ar\/web\/wp-content\/uploads\/D_NQ_NP_733190-MLA31352678065_072019-O.jpg","datePublished":"2021-12-27T18:29:08+00:00","dateModified":"2022-03-30T12:32:43+00:00","description":"Distribuidor de lubricantes GULF de diferentes aplicaciones. Env\u00edos a todo el pa\u00eds. Variedad de productos y stock disponible.GULF FORMULA G 5W-40","breadcrumb":{"@id":"https:\/\/pldistribucion.com.ar\/web\/producto\/gulf-formula-g-5w-40\/#breadcrumb"},"inLanguage":"es","potentialAction":[{"@type":"ReadAction","target":["https:\/\/pldistribucion.com.ar\/web\/producto\/gulf-formula-g-5w-40\/"]}]},{"@type":"ImageObject","inLanguage":"es","@id":"https:\/\/pldistribucion.com.ar\/web\/producto\/gulf-formula-g-5w-40\/#primaryimage","url":"https:\/\/pldistribucion.com.ar\/web\/wp-content\/uploads\/D_NQ_NP_733190-MLA31352678065_072019-O.jpg","contentUrl":"https:\/\/pldistribucion.com.ar\/web\/wp-content\/uploads\/D_NQ_NP_733190-MLA31352678065_072019-O.jpg","width":479,"height":500,"caption":"GULF FORMULA G 5W-40"},{"@type":"BreadcrumbList","@id":"https:\/\/pldistribucion.com.ar\/web\/producto\/gulf-formula-g-5w-40\/#breadcrumb","itemListElement":[{"@type":"ListItem","position":1,"name":"Portada","item":"https:\/\/pldistribucion.com.ar\/web\/"},{"@type":"ListItem","position":2,"name":"Productos","item":"https:\/\/pldistribucion.com.ar\/web\/productos\/"},{"@type":"ListItem","position":3,"name":"GULF FORMULA G 5W-40"}]},{"@type":"WebSite","@id":"https:\/\/pldistribucion.com.ar\/web\/#website","url":"https:\/\/pldistribucion.com.ar\/web\/","name":"Perfomance Lube","description":"","publisher":{"@id":"https:\/\/pldistribucion.com.ar\/web\/#organization"},"potentialAction":[{"@type":"SearchAction","target":{"@type":"EntryPoint","urlTemplate":"https:\/\/pldistribucion.com.ar\/web\/?s={search_term_string}"},"query-input":"required name=search_term_string"}],"inLanguage":"es"},{"@type":"Organization","@id":"https:\/\/pldistribucion.com.ar\/web\/#organization","name":"PERFORMANCE LUBE","url":"https:\/\/pldistribucion.com.ar\/web\/","logo":{"@type":"ImageObject","inLanguage":"es","@id":"https:\/\/pldistribucion.com.ar\/web\/#\/schema\/logo\/image\/","url":"https:\/\/pldistribucion.com.ar\/web\/wp-content\/uploads\/pld_logo_GB-removebg-preview.png","contentUrl":"https:\/\/pldistribucion.com.ar\/web\/wp-content\/uploads\/pld_logo_GB-removebg-preview.png","width":787,"height":317,"caption":"PERFORMANCE LUBE"},"image":{"@id":"https:\/\/pldistribucion.com.ar\/web\/#\/schema\/logo\/image\/"}}]}},"_links":{"self":[{"href":"https:\/\/pldistribucion.com.ar\/web\/wp-json\/wp\/v2\/product\/2085"}],"collection":[{"href":"https:\/\/pldistribucion.com.ar\/web\/wp-json\/wp\/v2\/product"}],"about":[{"href":"https:\/\/pldistribucion.com.ar\/web\/wp-json\/wp\/v2\/types\/product"}],"replies":[{"embeddable":true,"href":"https:\/\/pldistribucion.com.ar\/web\/wp-json\/wp\/v2\/comments?post=2085"}],"wp:featuredmedia":[{"embeddable":true,"href":"https:\/\/pldistribucion.com.ar\/web\/wp-json\/wp\/v2\/media\/2087"}],"wp:attachment":[{"href":"https:\/\/pldistribucion.com.ar\/web\/wp-json\/wp\/v2\/media?parent=2085"}],"wp:term":[{"taxonomy":"product_cat","embeddable":true,"href":"https:\/\/pldistribucion.com.ar\/web\/wp-json\/wp\/v2\/product_cat?post=2085"},{"taxonomy":"product_tag","embeddable":true,"href":"https:\/\/pldistribucion.com.ar\/web\/wp-json\/wp\/v2\/product_tag?post=2085"}],"curies":[{"name":"wp","href":"https:\/\/api.w.org\/{rel}","templated":true}]}}