{"id":2067,"date":"2021-12-27T15:07:08","date_gmt":"2021-12-27T15:07:08","guid":{"rendered":"https:\/\/pldistribucion.com.ar\/web\/?post_type=product&#038;p=2067"},"modified":"2022-03-28T13:12:53","modified_gmt":"2022-03-28T13:12:53","slug":"molykote-aceite-multiproposito-l-0532","status":"publish","type":"product","link":"https:\/\/pldistribucion.com.ar\/web\/producto\/molykote-aceite-multiproposito-l-0532\/","title":{"rendered":"MOLYKOTE L-0532 FG"},"content":{"rendered":"<h1><span style=\"font-size: 80%;\"><em><strong>MOLYKOTE L-0532 FG 179.6 kgs \/ Aceite multiprop\u00f3sito.<\/strong><\/em><\/span><\/h1>\n<h3><span style=\"font-size: 80%;\"><em><span style=\"background-color: #b4e0e0;\"><strong>DESCRIPCI\u00d3N DEL PRODUCTO<\/strong><\/span><\/em><\/span><\/h3>\n<p><span style=\"color: #000000;\">MOLYKOTE L-0532 FG es un aceite multiprop\u00f3sito.<\/span><\/p>\n<p><span style=\"color: #000000;\">Los aceites hidra\u0301ulicos y multifuncionales Molykote\u00ae L-0532FG minimizan la formacio\u0301n de emulsiones en contacto con agua debido a la pureza de su base. Generalmente actu\u0301an con e\u0301xito en sistemas hidra\u0301ulicos durante ma\u0301s tiempo que los aceites hidra\u0301ulicos convencionales. Se pueden asi\u0301 conseguir hacer ahorros significativos debido a la reduccio\u0301n del consumo de aceite, reduccio\u0301n de costos, ahorro de trabajo y menos interrupciones durante la produccio\u0301n.<\/span><\/p>\n<p><span style=\"color: #000000;\">Estos aceites no-to\u0301xicos, esta\u0301n derivados de aceites base hidrotratados o sinte\u0301ticos y se pueden utilizar en sistemas disen\u0303ados para aceites minerales de puntos de congelacio\u0301n bajos o puntos de inflamacio\u0301n altos. Los aceites hidra\u0301ulicos y multifuncionales Molykote\u00ae L-0532FG proporcionan proteccio\u0301n y lubricacio\u0301n para un alto rango de componentes mo\u0301viles en sistemas industriales.<\/span><\/p>\n<p><span style=\"color: #000000;\">Dependiendo de la aplicacio\u0301n, su representante de TECLUBIN, le puede ayudar a seleccionar el aceite adecuado entre un rango de viscosidades, paquetes de aditivos y puntos de congelacio\u0301n<\/span><\/p>\n<p><em>Especificaciones:<\/em><\/p>\n<ul>\n<li><span style=\"color: #000000;\">Densidad: 0,857 gramos por cc.<\/span><\/li>\n<li><span style=\"color: #000000;\">Punto de inflamaci\u00f3n, taza cerrada: 216 grados C.<\/span><\/li>\n<li><span style=\"color: #000000;\">Punto de Vaciado: 18 grados C.<\/span><\/li>\n<li><span style=\"color: #000000;\">\u00cdndice de Viscosidad: 103.<\/span><\/li>\n<li><span style=\"color: #000000;\">Resistente al agua.<\/span><\/li>\n<\/ul>\n<p><strong><span style=\"color: #0000ff;\"><a style=\"color: #0000ff;\" href=\"https:\/\/pldistribucion.com.ar\/web\/wp-content\/uploads\/ficha3-4.pdf\" target=\"_blank\" rel=\"noopener\">Ver ficha t\u00e9cnica<\/a><\/span><\/strong><\/p>\n<p><strong><span style=\"color: #0000ff;\"><a style=\"color: #0000ff;\" href=\"https:\/\/pldistribucion.com.ar\/web\/productos\/?filter_marcas=molykote\" target=\"_blank\" rel=\"noopener\">Ver m\u00e1s productos MOLYKOTE<\/a><\/span><\/strong><\/p>\n<p><span style=\"color: #000000;\"><span class=\"\">(Durante m\u00e1s de 70 a\u00f1os, MOLYKOTE <\/span><sup><span class=\"\">\u00ae<\/span><\/sup><span class=\"\">\u00a0ha sido un socio de confianza que ha ayudado a ingenieros y fabricantes a superar algunos de los desaf\u00edos de lubricaci\u00f3n y dise\u00f1o t\u00e9cnico m\u00e1s dif\u00edciles del mundo.\u00a0<\/span><span class=\"\">Ahora, con la incorporaci\u00f3n de las tecnolog\u00edas y la experiencia de DuPont, estamos a\u00fan mejor posicionados para crear soluciones para las tendencias emergentes.)<\/span><\/span><\/p>\n<p><strong><span style=\"color: #0000ff;\"><a style=\"color: #0000ff;\" href=\"https:\/\/www.dupont.com\/molykote\/about-us.html\" target=\"_blank\" rel=\"noopener\">Conoce m\u00e1s sobre MOLYKOTE<\/a><\/span><\/strong><\/p>\n","protected":false},"excerpt":{"rendered":"<p><img loading=\"lazy\" decoding=\"async\" class=\"alignnone size-medium wp-image-1908\" src=\"https:\/\/pldistribucion.com.ar\/web\/wp-content\/uploads\/molykote-min-300x300.png\" alt=\"\" width=\"300\" height=\"300\" srcset=\"https:\/\/pldistribucion.com.ar\/web\/wp-content\/uploads\/molykote-min-300x300.png 300w, https:\/\/pldistribucion.com.ar\/web\/wp-content\/uploads\/molykote-min-150x150.png 150w, https:\/\/pldistribucion.com.ar\/web\/wp-content\/uploads\/molykote-min-768x768.png 768w, https:\/\/pldistribucion.com.ar\/web\/wp-content\/uploads\/molykote-min-600x600.png 600w, https:\/\/pldistribucion.com.ar\/web\/wp-content\/uploads\/molykote-min-100x100.png 100w, https:\/\/pldistribucion.com.ar\/web\/wp-content\/uploads\/molykote-min.png 800w\" sizes=\"(max-width: 300px) 100vw, 300px\" \/><\/p>\n<h1>MOLYKOTE<\/h1>\n<p><span style=\"color: #000000;\">Las grasas\u00a0<b>Molykote<\/b> son materiales de s\u00f3lidos a semis\u00f3lidos consistentes en un fluido lubricante, un agente espesante y aditivos. Ayuda a generar valor en la compra y uso de Productos T\u00e9cnicos en Organizaciones Industriales, de Producci\u00f3n y Servicio. Construye relaciones que posibilitan el asesoramiento para el uso de los productos de primera calidad que representamos, brindando el abastecimiento de manera \u00e1gil y eficiente.<\/span><\/p>\n","protected":false},"featured_media":2045,"comment_status":"open","ping_status":"closed","template":"","meta":[],"product_cat":[16,34],"product_tag":[],"yoast_head":"<!-- This site is optimized with the Yoast SEO plugin v23.0 - https:\/\/yoast.com\/wordpress\/plugins\/seo\/ -->\n<title>MOLYKOTE L-0532 FG - Perfomance Lube - Lubricantes<\/title>\n<meta name=\"description\" content=\"Distribuidor de lubricantes MOLYKOTE de diferentes aplicaciones. Env\u00edos a todo el pa\u00eds. Variedad de productos y stock disponible.MOLYKOTE L-0532 FG\" \/>\n<meta name=\"robots\" content=\"index, follow, max-snippet:-1, max-image-preview:large, max-video-preview:-1\" \/>\n<link rel=\"canonical\" href=\"https:\/\/pldistribucion.com.ar\/web\/producto\/molykote-aceite-multiproposito-l-0532\/\" \/>\n<meta property=\"og:locale\" content=\"es_ES\" \/>\n<meta property=\"og:type\" content=\"article\" \/>\n<meta property=\"og:title\" content=\"MOLYKOTE L-0532 FG - Perfomance Lube - Lubricantes\" \/>\n<meta property=\"og:description\" content=\"Distribuidor de lubricantes MOLYKOTE de diferentes aplicaciones. Env\u00edos a todo el pa\u00eds. Variedad de productos y stock disponible.MOLYKOTE L-0532 FG\" \/>\n<meta property=\"og:url\" content=\"https:\/\/pldistribucion.com.ar\/web\/producto\/molykote-aceite-multiproposito-l-0532\/\" \/>\n<meta property=\"og:site_name\" content=\"Perfomance Lube\" \/>\n<meta property=\"article:modified_time\" content=\"2022-03-28T13:12:53+00:00\" \/>\n<meta property=\"og:image\" content=\"https:\/\/pldistribucion.com.ar\/web\/wp-content\/uploads\/TR-4-x-200lts.jpg\" \/>\n\t<meta property=\"og:image:width\" content=\"458\" \/>\n\t<meta property=\"og:image:height\" content=\"458\" \/>\n\t<meta property=\"og:image:type\" content=\"image\/jpeg\" \/>\n<meta name=\"twitter:card\" content=\"summary_large_image\" \/>\n<meta name=\"twitter:label1\" content=\"Tiempo de lectura\" \/>\n\t<meta name=\"twitter:data1\" content=\"1 minuto\" \/>\n<script type=\"application\/ld+json\" class=\"yoast-schema-graph\">{\"@context\":\"https:\/\/schema.org\",\"@graph\":[{\"@type\":\"WebPage\",\"@id\":\"https:\/\/pldistribucion.com.ar\/web\/producto\/molykote-aceite-multiproposito-l-0532\/\",\"url\":\"https:\/\/pldistribucion.com.ar\/web\/producto\/molykote-aceite-multiproposito-l-0532\/\",\"name\":\"MOLYKOTE L-0532 FG - Perfomance Lube - Lubricantes\",\"isPartOf\":{\"@id\":\"https:\/\/pldistribucion.com.ar\/web\/#website\"},\"primaryImageOfPage\":{\"@id\":\"https:\/\/pldistribucion.com.ar\/web\/producto\/molykote-aceite-multiproposito-l-0532\/#primaryimage\"},\"image\":{\"@id\":\"https:\/\/pldistribucion.com.ar\/web\/producto\/molykote-aceite-multiproposito-l-0532\/#primaryimage\"},\"thumbnailUrl\":\"https:\/\/pldistribucion.com.ar\/web\/wp-content\/uploads\/TR-4-x-200lts.jpg\",\"datePublished\":\"2021-12-27T15:07:08+00:00\",\"dateModified\":\"2022-03-28T13:12:53+00:00\",\"description\":\"Distribuidor de lubricantes MOLYKOTE de diferentes aplicaciones. Env\u00edos a todo el pa\u00eds. Variedad de productos y stock disponible.MOLYKOTE L-0532 FG\",\"breadcrumb\":{\"@id\":\"https:\/\/pldistribucion.com.ar\/web\/producto\/molykote-aceite-multiproposito-l-0532\/#breadcrumb\"},\"inLanguage\":\"es\",\"potentialAction\":[{\"@type\":\"ReadAction\",\"target\":[\"https:\/\/pldistribucion.com.ar\/web\/producto\/molykote-aceite-multiproposito-l-0532\/\"]}]},{\"@type\":\"ImageObject\",\"inLanguage\":\"es\",\"@id\":\"https:\/\/pldistribucion.com.ar\/web\/producto\/molykote-aceite-multiproposito-l-0532\/#primaryimage\",\"url\":\"https:\/\/pldistribucion.com.ar\/web\/wp-content\/uploads\/TR-4-x-200lts.jpg\",\"contentUrl\":\"https:\/\/pldistribucion.com.ar\/web\/wp-content\/uploads\/TR-4-x-200lts.jpg\",\"width\":458,\"height\":458,\"caption\":\"MOLYKOTE L-0532 FG\"},{\"@type\":\"BreadcrumbList\",\"@id\":\"https:\/\/pldistribucion.com.ar\/web\/producto\/molykote-aceite-multiproposito-l-0532\/#breadcrumb\",\"itemListElement\":[{\"@type\":\"ListItem\",\"position\":1,\"name\":\"Portada\",\"item\":\"https:\/\/pldistribucion.com.ar\/web\/\"},{\"@type\":\"ListItem\",\"position\":2,\"name\":\"Productos\",\"item\":\"https:\/\/pldistribucion.com.ar\/web\/productos\/\"},{\"@type\":\"ListItem\",\"position\":3,\"name\":\"MOLYKOTE L-0532 FG\"}]},{\"@type\":\"WebSite\",\"@id\":\"https:\/\/pldistribucion.com.ar\/web\/#website\",\"url\":\"https:\/\/pldistribucion.com.ar\/web\/\",\"name\":\"Perfomance Lube\",\"description\":\"\",\"publisher\":{\"@id\":\"https:\/\/pldistribucion.com.ar\/web\/#organization\"},\"potentialAction\":[{\"@type\":\"SearchAction\",\"target\":{\"@type\":\"EntryPoint\",\"urlTemplate\":\"https:\/\/pldistribucion.com.ar\/web\/?s={search_term_string}\"},\"query-input\":\"required name=search_term_string\"}],\"inLanguage\":\"es\"},{\"@type\":\"Organization\",\"@id\":\"https:\/\/pldistribucion.com.ar\/web\/#organization\",\"name\":\"PERFORMANCE LUBE\",\"url\":\"https:\/\/pldistribucion.com.ar\/web\/\",\"logo\":{\"@type\":\"ImageObject\",\"inLanguage\":\"es\",\"@id\":\"https:\/\/pldistribucion.com.ar\/web\/#\/schema\/logo\/image\/\",\"url\":\"https:\/\/pldistribucion.com.ar\/web\/wp-content\/uploads\/pld_logo_GB-removebg-preview.png\",\"contentUrl\":\"https:\/\/pldistribucion.com.ar\/web\/wp-content\/uploads\/pld_logo_GB-removebg-preview.png\",\"width\":787,\"height\":317,\"caption\":\"PERFORMANCE LUBE\"},\"image\":{\"@id\":\"https:\/\/pldistribucion.com.ar\/web\/#\/schema\/logo\/image\/\"}}]}<\/script>\n<!-- \/ Yoast SEO plugin. -->","yoast_head_json":{"title":"MOLYKOTE L-0532 FG - Perfomance Lube - Lubricantes","description":"Distribuidor de lubricantes MOLYKOTE de diferentes aplicaciones. Env\u00edos a todo el pa\u00eds. Variedad de productos y stock disponible.MOLYKOTE L-0532 FG","robots":{"index":"index","follow":"follow","max-snippet":"max-snippet:-1","max-image-preview":"max-image-preview:large","max-video-preview":"max-video-preview:-1"},"canonical":"https:\/\/pldistribucion.com.ar\/web\/producto\/molykote-aceite-multiproposito-l-0532\/","og_locale":"es_ES","og_type":"article","og_title":"MOLYKOTE L-0532 FG - Perfomance Lube - Lubricantes","og_description":"Distribuidor de lubricantes MOLYKOTE de diferentes aplicaciones. Env\u00edos a todo el pa\u00eds. Variedad de productos y stock disponible.MOLYKOTE L-0532 FG","og_url":"https:\/\/pldistribucion.com.ar\/web\/producto\/molykote-aceite-multiproposito-l-0532\/","og_site_name":"Perfomance Lube","article_modified_time":"2022-03-28T13:12:53+00:00","og_image":[{"width":458,"height":458,"url":"https:\/\/pldistribucion.com.ar\/web\/wp-content\/uploads\/TR-4-x-200lts.jpg","type":"image\/jpeg"}],"twitter_card":"summary_large_image","twitter_misc":{"Tiempo de lectura":"1 minuto"},"schema":{"@context":"https:\/\/schema.org","@graph":[{"@type":"WebPage","@id":"https:\/\/pldistribucion.com.ar\/web\/producto\/molykote-aceite-multiproposito-l-0532\/","url":"https:\/\/pldistribucion.com.ar\/web\/producto\/molykote-aceite-multiproposito-l-0532\/","name":"MOLYKOTE L-0532 FG - Perfomance Lube - Lubricantes","isPartOf":{"@id":"https:\/\/pldistribucion.com.ar\/web\/#website"},"primaryImageOfPage":{"@id":"https:\/\/pldistribucion.com.ar\/web\/producto\/molykote-aceite-multiproposito-l-0532\/#primaryimage"},"image":{"@id":"https:\/\/pldistribucion.com.ar\/web\/producto\/molykote-aceite-multiproposito-l-0532\/#primaryimage"},"thumbnailUrl":"https:\/\/pldistribucion.com.ar\/web\/wp-content\/uploads\/TR-4-x-200lts.jpg","datePublished":"2021-12-27T15:07:08+00:00","dateModified":"2022-03-28T13:12:53+00:00","description":"Distribuidor de lubricantes MOLYKOTE de diferentes aplicaciones. Env\u00edos a todo el pa\u00eds. Variedad de productos y stock disponible.MOLYKOTE L-0532 FG","breadcrumb":{"@id":"https:\/\/pldistribucion.com.ar\/web\/producto\/molykote-aceite-multiproposito-l-0532\/#breadcrumb"},"inLanguage":"es","potentialAction":[{"@type":"ReadAction","target":["https:\/\/pldistribucion.com.ar\/web\/producto\/molykote-aceite-multiproposito-l-0532\/"]}]},{"@type":"ImageObject","inLanguage":"es","@id":"https:\/\/pldistribucion.com.ar\/web\/producto\/molykote-aceite-multiproposito-l-0532\/#primaryimage","url":"https:\/\/pldistribucion.com.ar\/web\/wp-content\/uploads\/TR-4-x-200lts.jpg","contentUrl":"https:\/\/pldistribucion.com.ar\/web\/wp-content\/uploads\/TR-4-x-200lts.jpg","width":458,"height":458,"caption":"MOLYKOTE L-0532 FG"},{"@type":"BreadcrumbList","@id":"https:\/\/pldistribucion.com.ar\/web\/producto\/molykote-aceite-multiproposito-l-0532\/#breadcrumb","itemListElement":[{"@type":"ListItem","position":1,"name":"Portada","item":"https:\/\/pldistribucion.com.ar\/web\/"},{"@type":"ListItem","position":2,"name":"Productos","item":"https:\/\/pldistribucion.com.ar\/web\/productos\/"},{"@type":"ListItem","position":3,"name":"MOLYKOTE L-0532 FG"}]},{"@type":"WebSite","@id":"https:\/\/pldistribucion.com.ar\/web\/#website","url":"https:\/\/pldistribucion.com.ar\/web\/","name":"Perfomance Lube","description":"","publisher":{"@id":"https:\/\/pldistribucion.com.ar\/web\/#organization"},"potentialAction":[{"@type":"SearchAction","target":{"@type":"EntryPoint","urlTemplate":"https:\/\/pldistribucion.com.ar\/web\/?s={search_term_string}"},"query-input":"required name=search_term_string"}],"inLanguage":"es"},{"@type":"Organization","@id":"https:\/\/pldistribucion.com.ar\/web\/#organization","name":"PERFORMANCE LUBE","url":"https:\/\/pldistribucion.com.ar\/web\/","logo":{"@type":"ImageObject","inLanguage":"es","@id":"https:\/\/pldistribucion.com.ar\/web\/#\/schema\/logo\/image\/","url":"https:\/\/pldistribucion.com.ar\/web\/wp-content\/uploads\/pld_logo_GB-removebg-preview.png","contentUrl":"https:\/\/pldistribucion.com.ar\/web\/wp-content\/uploads\/pld_logo_GB-removebg-preview.png","width":787,"height":317,"caption":"PERFORMANCE LUBE"},"image":{"@id":"https:\/\/pldistribucion.com.ar\/web\/#\/schema\/logo\/image\/"}}]}},"_links":{"self":[{"href":"https:\/\/pldistribucion.com.ar\/web\/wp-json\/wp\/v2\/product\/2067"}],"collection":[{"href":"https:\/\/pldistribucion.com.ar\/web\/wp-json\/wp\/v2\/product"}],"about":[{"href":"https:\/\/pldistribucion.com.ar\/web\/wp-json\/wp\/v2\/types\/product"}],"replies":[{"embeddable":true,"href":"https:\/\/pldistribucion.com.ar\/web\/wp-json\/wp\/v2\/comments?post=2067"}],"wp:featuredmedia":[{"embeddable":true,"href":"https:\/\/pldistribucion.com.ar\/web\/wp-json\/wp\/v2\/media\/2045"}],"wp:attachment":[{"href":"https:\/\/pldistribucion.com.ar\/web\/wp-json\/wp\/v2\/media?parent=2067"}],"wp:term":[{"taxonomy":"product_cat","embeddable":true,"href":"https:\/\/pldistribucion.com.ar\/web\/wp-json\/wp\/v2\/product_cat?post=2067"},{"taxonomy":"product_tag","embeddable":true,"href":"https:\/\/pldistribucion.com.ar\/web\/wp-json\/wp\/v2\/product_tag?post=2067"}],"curies":[{"name":"wp","href":"https:\/\/api.w.org\/{rel}","templated":true}]}}