{"id":2052,"date":"2021-12-27T12:54:53","date_gmt":"2021-12-27T12:54:53","guid":{"rendered":"https:\/\/pldistribucion.com.ar\/web\/?post_type=product&#038;p=2052"},"modified":"2022-03-25T15:32:07","modified_gmt":"2022-03-25T15:32:07","slug":"molykote-multigliss-x-250cc-spray","status":"publish","type":"product","link":"https:\/\/pldistribucion.com.ar\/web\/producto\/molykote-multigliss-x-250cc-spray\/","title":{"rendered":"MOLYKOTE MULTIGLISS"},"content":{"rendered":"<h1><span style=\"font-size: 80%;\"><em><strong>MOLYKOTE MULTIGLISS x250cc \/\u00a0 SPRAY.<\/strong><\/em><\/span><\/h1>\n<h3><span style=\"font-size: 80%;\"><em><span style=\"background-color: #b4e0e0;\"><strong>DESCRIPCI\u00d3N DEL PRODUCTO<\/strong><\/span><\/em><\/span><\/h3>\n<p><span style=\"color: #000000;\">MOLYKOTE MULTIGLISS es lubricante multi-proposito con caracter\u00edsticas desincrustantes, lubricante y efectiva protecci\u00f3n anticorrosiva.<\/span><\/p>\n<h3><span style=\"font-size: 16.128px; background-color: #b4e0e0;\"><b><i>CARACTER\u00cdSTICAS Y BENEFICIOS<\/i><\/b><\/span><\/h3>\n<ul>\n<li><span style=\"color: #000000;\">Grasa universal para la m\u00e1s elevadas presiones superficiales y lubricaci\u00f3n de larga <\/span><span style=\"color: #000000;\">duraci\u00f3n. <\/span><\/li>\n<li><span style=\"color: #000000;\">Adem\u00e1s, contiene una combinaci\u00f3n de lubricantes s\u00f3lidos MOLYKOTE y otros componentes <\/span><span style=\"color: #000000;\">de gran eficacia que otorgan a esta grasa propiedades sobresalientes. <\/span><\/li>\n<li><span style=\"color: #000000;\">Se <\/span><span style=\"color: #000000;\">destaca principalmente por su extraordinaria adhesividad. Tambi\u00e9n por su m\u00e1xima capacidad de <\/span><span style=\"color: #000000;\">absorci\u00f3n de cargas y excelente poder preventivo de \u00f3xido y \u00f3xido de ajuste.<\/span><\/li>\n<li><span style=\"color: #000000;\">Por otro lado, es especialmente indicada para acoplamientos a engranajes expuestos a severas condiciones <\/span><span style=\"color: #000000;\">de operaci\u00f3n.<\/span><\/li>\n<li><span style=\"color: #000000;\">Evita la corrosi\u00f3n.<\/span><\/li>\n<li><span style=\"color: #000000;\">Amplio y r\u00e1pido poder de penetraci\u00f3n.<\/span><\/li>\n<li><span style=\"color: #000000;\">Protege de la acci\u00f3n de la humedad a <\/span><span style=\"color: #000000;\">componentes electr\u00edcos y\/o electr\u00f3nicos.<\/span><\/li>\n<li><span style=\"color: #000000;\">Logra un desmontaje seguro y r\u00e1pido <\/span><span style=\"color: #000000;\">de conexiones o elementos oxidados.<\/span><\/li>\n<\/ul>\n<h3><span style=\"font-size: 80%;\"><em><span style=\"background-color: #b4e0e0;\"><strong>APLICACIONES <\/strong><\/span><\/em><\/span><\/h3>\n<p><span style=\"color: #000000;\">Debido a sus caracter\u00edsticas, este producto se puede emplear en <\/span><span style=\"color: #000000;\">todos aquellos lugares donde se desee evitar la corrosi\u00f3n, lograr un desmontaje <\/span><span style=\"color: #000000;\">seguro y r\u00e1pido de conexiones o elementos oxidados. Por otro lado, protege de la acci\u00f3n de la <\/span><span style=\"color: #000000;\">humedad a componentes el\u00e9ctricos y electr\u00f3nicos. Adem\u00e1s,\u00a0 asegura en forma paralela una <\/span><span style=\"color: #000000;\">adecuada lubricaci\u00f3n de las piezas, as\u00ed evitando la repetici\u00f3n de atascamientos o <\/span><span style=\"color: #000000;\">engranes por problemas de corrosi\u00f3n.<\/span><\/p>\n<h3><em><span style=\"color: #000000; font-size: 80%;\">Datos f\u00edsicos &#8211; qu\u00edmicos:<\/span><\/em><\/h3>\n<ul>\n<li><span style=\"color: #000000;\">Estos valores no se publican con miras a ser usados en la confecci\u00f3n de especificaciones.<\/span><\/li>\n<li><span style=\"color: #000000;\">Color: Blanco transparente.<\/span><\/li>\n<li><span style=\"color: #000000;\">Tipo de Aceite: Base mineral.<\/span><\/li>\n<li><span style=\"color: #000000;\">Viscosidad: 4,5 mm 2s (cSt).<\/span><\/li>\n<li><span style=\"color: #000000;\">Gravedad espec\u00edfica 15C: 0,833.<\/span><\/li>\n<li><span style=\"color: #000000;\">Punto de Inflamaci\u00f3n: +64 C.<\/span><\/li>\n<li><span style=\"color: #000000;\">Punto de Congelamiento: -52 C.<\/span><\/li>\n<li><span style=\"color: #000000;\">Resistencia a la corrosi\u00f3n DIN 50017 (100% HUMEDAD): 480 Hs.<\/span><\/li>\n<\/ul>\n<h3><em><span style=\"color: #000000; font-size: 80%;\">Indicaciones de uso:<\/span><\/em><\/h3>\n<ul>\n<li><span style=\"color: #000000;\">En los casos de conexiones roscadas o elementos bloqueados por la oxidaci\u00f3n. Aplique <\/span><span style=\"color: #000000;\">MOLYKOTE MULTIGLISS dejando penetrar el producto por algunos minutos. En <\/span><span style=\"color: #000000;\">caso necesario repetir la operaci\u00f3n. <\/span><\/li>\n<li><span style=\"color: #000000;\">Para proteger las piezas o componentes de la acci\u00f3n <\/span><span style=\"color: #000000;\">de la corrosi\u00f3n, tratar las superficies met\u00e1licas con una pel\u00edcula uniforme de <\/span><span style=\"color: #000000;\">MOLYKOTE MULTIGLISS. Repetir la aplicaci\u00f3n en atinencia con las condiciones <\/span><span style=\"color: #000000;\">ambientales prevalecientes.<\/span><\/li>\n<li><span style=\"color: #000000;\">Precauci\u00f3n:<\/span>\u00a0 P<span style=\"color: #000000;\">uede ocasionar irritaci\u00f3n en los ojos y en la piel. en caso de producirse <\/span><span style=\"color: #000000;\">esto, simplemente lave con agua.<\/span><\/li>\n<li><span style=\"color: #000000;\">Presentaci\u00f3n : <\/span><span style=\"color: #000000;\">Aerosol de 250 Cm3.<\/span><\/li>\n<\/ul>\n<p><strong><span style=\"color: #0000ff;\"><a style=\"color: #0000ff;\" href=\"https:\/\/pldistribucion.com.ar\/web\/wp-content\/uploads\/FICHA1-2.pdf\" target=\"_blank\" rel=\"noopener\">Ver ficha t\u00e9cnica\u00a0<\/a><\/span><\/strong><\/p>\n<p><strong><span style=\"color: #0000ff;\"><a style=\"color: #0000ff;\" href=\"https:\/\/pldistribucion.com.ar\/web\/productos\/?filter_marcas=molykote\" target=\"_blank\" rel=\"noopener\">Ver m\u00e1s productos MOLYKOTE<\/a><\/span><\/strong><\/p>\n<p><span style=\"color: #000000;\"><span class=\"\">(Durante m\u00e1s de 70 a\u00f1os, MOLYKOTE <\/span><sup><span class=\"\">\u00ae<\/span><\/sup><span class=\"\">\u00a0ha sido un socio de confianza que ha ayudado a ingenieros y fabricantes a superar algunos de los desaf\u00edos de lubricaci\u00f3n y dise\u00f1o t\u00e9cnico m\u00e1s dif\u00edciles del mundo.\u00a0<\/span><span class=\"\">Ahora, con la incorporaci\u00f3n de las tecnolog\u00edas y la experiencia de DuPont, estamos a\u00fan mejor posicionados para crear soluciones para las tendencias emergentes.)<\/span><\/span><\/p>\n<p><strong><span style=\"color: #0000ff;\"><a style=\"color: #0000ff;\" href=\"https:\/\/www.dupont.com\/molykote\/about-us.html\" target=\"_blank\" rel=\"noopener\">Conoce m\u00e1s sobre MOLYKOTE<\/a><\/span><\/strong><\/p>\n","protected":false},"excerpt":{"rendered":"<p><img loading=\"lazy\" decoding=\"async\" class=\"alignnone size-medium wp-image-1908\" src=\"https:\/\/pldistribucion.com.ar\/web\/wp-content\/uploads\/molykote-min-300x300.png\" alt=\"\" width=\"300\" height=\"300\" srcset=\"https:\/\/pldistribucion.com.ar\/web\/wp-content\/uploads\/molykote-min-300x300.png 300w, https:\/\/pldistribucion.com.ar\/web\/wp-content\/uploads\/molykote-min-150x150.png 150w, https:\/\/pldistribucion.com.ar\/web\/wp-content\/uploads\/molykote-min-768x768.png 768w, https:\/\/pldistribucion.com.ar\/web\/wp-content\/uploads\/molykote-min-600x600.png 600w, https:\/\/pldistribucion.com.ar\/web\/wp-content\/uploads\/molykote-min-100x100.png 100w, https:\/\/pldistribucion.com.ar\/web\/wp-content\/uploads\/molykote-min.png 800w\" sizes=\"(max-width: 300px) 100vw, 300px\" \/><\/p>\n<h1>MOLYKOTE<\/h1>\n<p><span style=\"color: #000000;\">Las grasas\u00a0<b>Molykote<\/b> son materiales de s\u00f3lidos a semis\u00f3lidos consistentes en un fluido lubricante, un agente espesante y aditivos. Ayuda a generar valor en la compra y uso de Productos T\u00e9cnicos en Organizaciones Industriales, de Producci\u00f3n y Servicio. Construye relaciones que posibilitan el asesoramiento para el uso de los productos de primera calidad que representamos, brindando el abastecimiento de manera \u00e1gil y eficiente.<\/span><\/p>\n","protected":false},"featured_media":1918,"comment_status":"open","ping_status":"closed","template":"","meta":[],"product_cat":[16,34],"product_tag":[],"yoast_head":"<!-- This site is optimized with the Yoast SEO plugin v23.0 - https:\/\/yoast.com\/wordpress\/plugins\/seo\/ -->\n<title>MOLYKOTE MULTIGLISS - Perfomance Lube-Lurbicantes<\/title>\n<meta name=\"description\" content=\"Distribuidor de lubricantes MOLYKOTE de diferentes aplicaciones. Env\u00edos a todo el pa\u00eds. Variedad de productos y stock disponible.MOLYKOTE MULTIGLISS\" \/>\n<meta name=\"robots\" content=\"index, follow, max-snippet:-1, max-image-preview:large, max-video-preview:-1\" \/>\n<link rel=\"canonical\" href=\"https:\/\/pldistribucion.com.ar\/web\/producto\/molykote-multigliss-x-250cc-spray\/\" \/>\n<meta property=\"og:locale\" content=\"es_ES\" \/>\n<meta property=\"og:type\" content=\"article\" \/>\n<meta property=\"og:title\" content=\"MOLYKOTE MULTIGLISS - Perfomance Lube-Lurbicantes\" \/>\n<meta property=\"og:description\" content=\"Distribuidor de lubricantes MOLYKOTE de diferentes aplicaciones. Env\u00edos a todo el pa\u00eds. Variedad de productos y stock disponible.MOLYKOTE MULTIGLISS\" \/>\n<meta property=\"og:url\" content=\"https:\/\/pldistribucion.com.ar\/web\/producto\/molykote-multigliss-x-250cc-spray\/\" \/>\n<meta property=\"og:site_name\" content=\"Perfomance Lube\" \/>\n<meta property=\"article:modified_time\" content=\"2022-03-25T15:32:07+00:00\" \/>\n<meta property=\"og:image\" content=\"https:\/\/pldistribucion.com.ar\/web\/wp-content\/uploads\/Lubricante-3694-SPRAY-X-250-CC.jpg\" \/>\n\t<meta property=\"og:image:width\" content=\"800\" \/>\n\t<meta property=\"og:image:height\" content=\"800\" \/>\n\t<meta property=\"og:image:type\" content=\"image\/jpeg\" \/>\n<meta name=\"twitter:card\" content=\"summary_large_image\" \/>\n<meta name=\"twitter:label1\" content=\"Tiempo de lectura\" \/>\n\t<meta name=\"twitter:data1\" content=\"2 minutos\" \/>\n<script type=\"application\/ld+json\" class=\"yoast-schema-graph\">{\"@context\":\"https:\/\/schema.org\",\"@graph\":[{\"@type\":\"WebPage\",\"@id\":\"https:\/\/pldistribucion.com.ar\/web\/producto\/molykote-multigliss-x-250cc-spray\/\",\"url\":\"https:\/\/pldistribucion.com.ar\/web\/producto\/molykote-multigliss-x-250cc-spray\/\",\"name\":\"MOLYKOTE MULTIGLISS - Perfomance Lube-Lurbicantes\",\"isPartOf\":{\"@id\":\"https:\/\/pldistribucion.com.ar\/web\/#website\"},\"primaryImageOfPage\":{\"@id\":\"https:\/\/pldistribucion.com.ar\/web\/producto\/molykote-multigliss-x-250cc-spray\/#primaryimage\"},\"image\":{\"@id\":\"https:\/\/pldistribucion.com.ar\/web\/producto\/molykote-multigliss-x-250cc-spray\/#primaryimage\"},\"thumbnailUrl\":\"https:\/\/pldistribucion.com.ar\/web\/wp-content\/uploads\/Lubricante-3694-SPRAY-X-250-CC.jpg\",\"datePublished\":\"2021-12-27T12:54:53+00:00\",\"dateModified\":\"2022-03-25T15:32:07+00:00\",\"description\":\"Distribuidor de lubricantes MOLYKOTE de diferentes aplicaciones. Env\u00edos a todo el pa\u00eds. Variedad de productos y stock disponible.MOLYKOTE MULTIGLISS\",\"breadcrumb\":{\"@id\":\"https:\/\/pldistribucion.com.ar\/web\/producto\/molykote-multigliss-x-250cc-spray\/#breadcrumb\"},\"inLanguage\":\"es\",\"potentialAction\":[{\"@type\":\"ReadAction\",\"target\":[\"https:\/\/pldistribucion.com.ar\/web\/producto\/molykote-multigliss-x-250cc-spray\/\"]}]},{\"@type\":\"ImageObject\",\"inLanguage\":\"es\",\"@id\":\"https:\/\/pldistribucion.com.ar\/web\/producto\/molykote-multigliss-x-250cc-spray\/#primaryimage\",\"url\":\"https:\/\/pldistribucion.com.ar\/web\/wp-content\/uploads\/Lubricante-3694-SPRAY-X-250-CC.jpg\",\"contentUrl\":\"https:\/\/pldistribucion.com.ar\/web\/wp-content\/uploads\/Lubricante-3694-SPRAY-X-250-CC.jpg\",\"width\":800,\"height\":800,\"caption\":\"MOLYKOTE MULTIGLISS\"},{\"@type\":\"BreadcrumbList\",\"@id\":\"https:\/\/pldistribucion.com.ar\/web\/producto\/molykote-multigliss-x-250cc-spray\/#breadcrumb\",\"itemListElement\":[{\"@type\":\"ListItem\",\"position\":1,\"name\":\"Portada\",\"item\":\"https:\/\/pldistribucion.com.ar\/web\/\"},{\"@type\":\"ListItem\",\"position\":2,\"name\":\"Productos\",\"item\":\"https:\/\/pldistribucion.com.ar\/web\/productos\/\"},{\"@type\":\"ListItem\",\"position\":3,\"name\":\"MOLYKOTE MULTIGLISS\"}]},{\"@type\":\"WebSite\",\"@id\":\"https:\/\/pldistribucion.com.ar\/web\/#website\",\"url\":\"https:\/\/pldistribucion.com.ar\/web\/\",\"name\":\"Perfomance Lube\",\"description\":\"\",\"publisher\":{\"@id\":\"https:\/\/pldistribucion.com.ar\/web\/#organization\"},\"potentialAction\":[{\"@type\":\"SearchAction\",\"target\":{\"@type\":\"EntryPoint\",\"urlTemplate\":\"https:\/\/pldistribucion.com.ar\/web\/?s={search_term_string}\"},\"query-input\":\"required name=search_term_string\"}],\"inLanguage\":\"es\"},{\"@type\":\"Organization\",\"@id\":\"https:\/\/pldistribucion.com.ar\/web\/#organization\",\"name\":\"PERFORMANCE LUBE\",\"url\":\"https:\/\/pldistribucion.com.ar\/web\/\",\"logo\":{\"@type\":\"ImageObject\",\"inLanguage\":\"es\",\"@id\":\"https:\/\/pldistribucion.com.ar\/web\/#\/schema\/logo\/image\/\",\"url\":\"https:\/\/pldistribucion.com.ar\/web\/wp-content\/uploads\/pld_logo_GB-removebg-preview.png\",\"contentUrl\":\"https:\/\/pldistribucion.com.ar\/web\/wp-content\/uploads\/pld_logo_GB-removebg-preview.png\",\"width\":787,\"height\":317,\"caption\":\"PERFORMANCE LUBE\"},\"image\":{\"@id\":\"https:\/\/pldistribucion.com.ar\/web\/#\/schema\/logo\/image\/\"}}]}<\/script>\n<!-- \/ Yoast SEO plugin. -->","yoast_head_json":{"title":"MOLYKOTE MULTIGLISS - Perfomance Lube-Lurbicantes","description":"Distribuidor de lubricantes MOLYKOTE de diferentes aplicaciones. Env\u00edos a todo el pa\u00eds. Variedad de productos y stock disponible.MOLYKOTE MULTIGLISS","robots":{"index":"index","follow":"follow","max-snippet":"max-snippet:-1","max-image-preview":"max-image-preview:large","max-video-preview":"max-video-preview:-1"},"canonical":"https:\/\/pldistribucion.com.ar\/web\/producto\/molykote-multigliss-x-250cc-spray\/","og_locale":"es_ES","og_type":"article","og_title":"MOLYKOTE MULTIGLISS - Perfomance Lube-Lurbicantes","og_description":"Distribuidor de lubricantes MOLYKOTE de diferentes aplicaciones. Env\u00edos a todo el pa\u00eds. Variedad de productos y stock disponible.MOLYKOTE MULTIGLISS","og_url":"https:\/\/pldistribucion.com.ar\/web\/producto\/molykote-multigliss-x-250cc-spray\/","og_site_name":"Perfomance Lube","article_modified_time":"2022-03-25T15:32:07+00:00","og_image":[{"width":800,"height":800,"url":"https:\/\/pldistribucion.com.ar\/web\/wp-content\/uploads\/Lubricante-3694-SPRAY-X-250-CC.jpg","type":"image\/jpeg"}],"twitter_card":"summary_large_image","twitter_misc":{"Tiempo de lectura":"2 minutos"},"schema":{"@context":"https:\/\/schema.org","@graph":[{"@type":"WebPage","@id":"https:\/\/pldistribucion.com.ar\/web\/producto\/molykote-multigliss-x-250cc-spray\/","url":"https:\/\/pldistribucion.com.ar\/web\/producto\/molykote-multigliss-x-250cc-spray\/","name":"MOLYKOTE MULTIGLISS - Perfomance Lube-Lurbicantes","isPartOf":{"@id":"https:\/\/pldistribucion.com.ar\/web\/#website"},"primaryImageOfPage":{"@id":"https:\/\/pldistribucion.com.ar\/web\/producto\/molykote-multigliss-x-250cc-spray\/#primaryimage"},"image":{"@id":"https:\/\/pldistribucion.com.ar\/web\/producto\/molykote-multigliss-x-250cc-spray\/#primaryimage"},"thumbnailUrl":"https:\/\/pldistribucion.com.ar\/web\/wp-content\/uploads\/Lubricante-3694-SPRAY-X-250-CC.jpg","datePublished":"2021-12-27T12:54:53+00:00","dateModified":"2022-03-25T15:32:07+00:00","description":"Distribuidor de lubricantes MOLYKOTE de diferentes aplicaciones. Env\u00edos a todo el pa\u00eds. Variedad de productos y stock disponible.MOLYKOTE MULTIGLISS","breadcrumb":{"@id":"https:\/\/pldistribucion.com.ar\/web\/producto\/molykote-multigliss-x-250cc-spray\/#breadcrumb"},"inLanguage":"es","potentialAction":[{"@type":"ReadAction","target":["https:\/\/pldistribucion.com.ar\/web\/producto\/molykote-multigliss-x-250cc-spray\/"]}]},{"@type":"ImageObject","inLanguage":"es","@id":"https:\/\/pldistribucion.com.ar\/web\/producto\/molykote-multigliss-x-250cc-spray\/#primaryimage","url":"https:\/\/pldistribucion.com.ar\/web\/wp-content\/uploads\/Lubricante-3694-SPRAY-X-250-CC.jpg","contentUrl":"https:\/\/pldistribucion.com.ar\/web\/wp-content\/uploads\/Lubricante-3694-SPRAY-X-250-CC.jpg","width":800,"height":800,"caption":"MOLYKOTE MULTIGLISS"},{"@type":"BreadcrumbList","@id":"https:\/\/pldistribucion.com.ar\/web\/producto\/molykote-multigliss-x-250cc-spray\/#breadcrumb","itemListElement":[{"@type":"ListItem","position":1,"name":"Portada","item":"https:\/\/pldistribucion.com.ar\/web\/"},{"@type":"ListItem","position":2,"name":"Productos","item":"https:\/\/pldistribucion.com.ar\/web\/productos\/"},{"@type":"ListItem","position":3,"name":"MOLYKOTE MULTIGLISS"}]},{"@type":"WebSite","@id":"https:\/\/pldistribucion.com.ar\/web\/#website","url":"https:\/\/pldistribucion.com.ar\/web\/","name":"Perfomance Lube","description":"","publisher":{"@id":"https:\/\/pldistribucion.com.ar\/web\/#organization"},"potentialAction":[{"@type":"SearchAction","target":{"@type":"EntryPoint","urlTemplate":"https:\/\/pldistribucion.com.ar\/web\/?s={search_term_string}"},"query-input":"required name=search_term_string"}],"inLanguage":"es"},{"@type":"Organization","@id":"https:\/\/pldistribucion.com.ar\/web\/#organization","name":"PERFORMANCE LUBE","url":"https:\/\/pldistribucion.com.ar\/web\/","logo":{"@type":"ImageObject","inLanguage":"es","@id":"https:\/\/pldistribucion.com.ar\/web\/#\/schema\/logo\/image\/","url":"https:\/\/pldistribucion.com.ar\/web\/wp-content\/uploads\/pld_logo_GB-removebg-preview.png","contentUrl":"https:\/\/pldistribucion.com.ar\/web\/wp-content\/uploads\/pld_logo_GB-removebg-preview.png","width":787,"height":317,"caption":"PERFORMANCE LUBE"},"image":{"@id":"https:\/\/pldistribucion.com.ar\/web\/#\/schema\/logo\/image\/"}}]}},"_links":{"self":[{"href":"https:\/\/pldistribucion.com.ar\/web\/wp-json\/wp\/v2\/product\/2052"}],"collection":[{"href":"https:\/\/pldistribucion.com.ar\/web\/wp-json\/wp\/v2\/product"}],"about":[{"href":"https:\/\/pldistribucion.com.ar\/web\/wp-json\/wp\/v2\/types\/product"}],"replies":[{"embeddable":true,"href":"https:\/\/pldistribucion.com.ar\/web\/wp-json\/wp\/v2\/comments?post=2052"}],"wp:featuredmedia":[{"embeddable":true,"href":"https:\/\/pldistribucion.com.ar\/web\/wp-json\/wp\/v2\/media\/1918"}],"wp:attachment":[{"href":"https:\/\/pldistribucion.com.ar\/web\/wp-json\/wp\/v2\/media?parent=2052"}],"wp:term":[{"taxonomy":"product_cat","embeddable":true,"href":"https:\/\/pldistribucion.com.ar\/web\/wp-json\/wp\/v2\/product_cat?post=2052"},{"taxonomy":"product_tag","embeddable":true,"href":"https:\/\/pldistribucion.com.ar\/web\/wp-json\/wp\/v2\/product_tag?post=2052"}],"curies":[{"name":"wp","href":"https:\/\/api.w.org\/{rel}","templated":true}]}}