{"id":2046,"date":"2021-12-27T11:50:31","date_gmt":"2021-12-27T11:50:31","guid":{"rendered":"https:\/\/pldistribucion.com.ar\/web\/?post_type=product&#038;p=2046"},"modified":"2022-03-25T14:33:46","modified_gmt":"2022-03-25T14:33:46","slug":"molykote-cleaner-nafta-150cc","status":"publish","type":"product","link":"https:\/\/pldistribucion.com.ar\/web\/producto\/molykote-cleaner-nafta-150cc\/","title":{"rendered":"MOLYKOTE CLEANER NAFTA"},"content":{"rendered":"<h1><span style=\"font-size: 80%;\"><em><strong>MOLYKOTE CLEANER NAFTA ( Envase: 150cc &#8211; 300cc )<\/strong><\/em><\/span><\/h1>\n<h3><span style=\"font-size: 80%;\"><em><span style=\"background-color: #b4e0e0;\"><strong>DESCRIPCI\u00d3N DEL PRODUCTO<\/strong><\/span><\/em><\/span><\/h3>\n<p><span style=\"color: #000000;\">MOLYKOTE CLEANER NAFTA es un aditivo de alto rendimiento para todo tipo de naftas (con o sin plomo) que mantiene los inyectores y las v\u00e1lvulas de admisi\u00f3n perfectamente limpias. <\/span><\/p>\n<p><span style=\"color: #000000;\">Se forman dep\u00f3sitos en los inyectores y las v\u00e1lvulas de admisi\u00f3n cuando el motor est\u00e1 funcionando, y es una condici\u00f3n particularmente com\u00fan en servicio pesado (mucho tr\u00e1fico, estacionamiento frecuente, etc.). Asimismo, la presencia de estos dep\u00f3sitos conduce a un bajo rendimiento del motor, con un mayor consumo de combustible y un aumento de las emisiones.<\/span><\/p>\n<h3><span style=\"font-size: 80%;\"><em><span style=\"background-color: #b4e0e0;\"><strong>CARACTER\u00cdSTICAS<\/strong><\/span><\/em><\/span><\/h3>\n<ul>\n<li><span style=\"color: #000000;\">Posee alta eficacia en la protecci\u00f3n contra la corrosi\u00f3n en todo sistema de combustible.<\/span><\/li>\n<li><span style=\"color: #000000;\"> Evita la degradaci\u00f3n del aceite del motor, por los gases de la combusti\u00f3n y r<\/span><span style=\"color: #000000;\">educe la formaci\u00f3n de sedimentos negros. <\/span><\/li>\n<li><span style=\"color: #000000;\">En el nivel de tratamiento de la nafta con la proporci\u00f3n adecuada de Molykote\u00ae Cleaner no se observan adhesiones de los mismos en inyectores y v\u00e1lvulas de admisi\u00f3n. <\/span><\/li>\n<li><span style=\"color: #000000;\">La formulaci\u00f3n de Molykote\u00ae Cleaner, responde a las exigencias de las Leyes Europeas, que proh\u00edben el empleo de bromo y cloro en los aditivos para nafta, lo cual ayuda a la conservaci\u00f3n del medio ambiente a trav\u00e9s de la baja emisi\u00f3n de contaminantes, en especial para aquellos automotores con o sin convertidor catal\u00edtico. <\/span><\/li>\n<li><span style=\"color: #000000;\">Lubricante seco de vulcanizaci\u00f3n por calor, para combinaciones metal\/metal sometidas a movimientos lentos a medianamente r\u00e1pidos y cargas medias a altas.<\/span><\/li>\n<li><span style=\"color: #000000;\">Es resistente al aceite, la grasa y los solventes, con propiedades anticorrosivas. Brinda protecci\u00f3n contra el desgaste, posee gran viscosidad y es muy apropiada para la impresi\u00f3n.<\/span><\/li>\n<\/ul>\n<h3><span style=\"font-size: 16.128px; background-color: #b4e0e0;\"><b><i>APLICACIONES<\/i><\/b><\/span><\/h3>\n<p><span style=\"color: #000000;\">Molykote\u00ae Cleaner es tambi\u00e9n aconsejado para ser utilizado en motores con carburador, manteni\u00e9ndose las proporciones de uso indicadas para los sistemas de inyecci\u00f3n.<\/span><\/p>\n<p><span style=\"color: #0000ff;\"><strong> <a style=\"color: #0000ff;\" href=\"https:\/\/pldistribucion.com.ar\/web\/wp-content\/uploads\/ficha8888-1.pdf\" target=\"_blank\" rel=\"noopener\">Ver ficha t\u00e9cnica<\/a><\/strong><\/span><\/p>\n<p><strong><span style=\"color: #0000ff;\"><a style=\"color: #0000ff;\" href=\"https:\/\/pldistribucion.com.ar\/web\/productos\/?filter_marcas=molykote\" target=\"_blank\" rel=\"noopener\">Ver m\u00e1s productos MOLYKOTE<\/a><\/span><\/strong><\/p>\n<p><span style=\"color: #000000;\"><span class=\"\">(Durante m\u00e1s de 70 a\u00f1os, MOLYKOTE <\/span><sup><span class=\"\">\u00ae<\/span><\/sup><span class=\"\">\u00a0ha sido un socio de confianza que ha ayudado a ingenieros y fabricantes a superar algunos de los desaf\u00edos de lubricaci\u00f3n y dise\u00f1o t\u00e9cnico m\u00e1s dif\u00edciles del mundo.\u00a0<\/span><span class=\"\">Ahora, con la incorporaci\u00f3n de las tecnolog\u00edas y la experiencia de DuPont, estamos a\u00fan mejor posicionados para crear soluciones para las tendencias emergentes.)<\/span><\/span><\/p>\n<p><strong><span style=\"color: #0000ff;\"><a style=\"color: #0000ff;\" href=\"https:\/\/www.dupont.com\/molykote\/about-us.html\" target=\"_blank\" rel=\"noopener\">Conoce m\u00e1s sobre MOLYKOTE<\/a><\/span><\/strong><\/p>\n","protected":false},"excerpt":{"rendered":"<p><img loading=\"lazy\" decoding=\"async\" class=\"alignnone size-medium wp-image-1908\" src=\"https:\/\/pldistribucion.com.ar\/web\/wp-content\/uploads\/molykote-min-300x300.png\" alt=\"\" width=\"300\" height=\"300\" srcset=\"https:\/\/pldistribucion.com.ar\/web\/wp-content\/uploads\/molykote-min-300x300.png 300w, https:\/\/pldistribucion.com.ar\/web\/wp-content\/uploads\/molykote-min-150x150.png 150w, https:\/\/pldistribucion.com.ar\/web\/wp-content\/uploads\/molykote-min-768x768.png 768w, https:\/\/pldistribucion.com.ar\/web\/wp-content\/uploads\/molykote-min-600x600.png 600w, https:\/\/pldistribucion.com.ar\/web\/wp-content\/uploads\/molykote-min-100x100.png 100w, https:\/\/pldistribucion.com.ar\/web\/wp-content\/uploads\/molykote-min.png 800w\" sizes=\"(max-width: 300px) 100vw, 300px\" \/><\/p>\n<h1>MOLYKOTE<\/h1>\n<p><span style=\"color: #000000;\">Las grasas\u00a0<b>Molykote<\/b> son materiales de s\u00f3lidos a semis\u00f3lidos consistentes en un fluido lubricante, un agente espesante y aditivos. Ayuda a generar valor en la compra y uso de Productos T\u00e9cnicos en Organizaciones Industriales, de Producci\u00f3n y Servicio. Construye relaciones que posibilitan el asesoramiento para el uso de los productos de primera calidad que representamos, brindando el abastecimiento de manera \u00e1gil y eficiente.<\/span><\/p>\n","protected":false},"featured_media":2047,"comment_status":"open","ping_status":"closed","template":"","meta":[],"product_cat":[16,34],"product_tag":[],"yoast_head":"<!-- This site is optimized with the Yoast SEO plugin v23.0 - https:\/\/yoast.com\/wordpress\/plugins\/seo\/ -->\n<title>MOLYKOTE CLEANER NAFTA - Perfomance Lube - Lubricantes<\/title>\n<meta name=\"description\" content=\"Distribuidor de lubricantes MOLYKOTE de diferentes aplicaciones. Env\u00edos a todo el pa\u00eds. Variedad de productos y stock disponible.MOLYKOTE CLEANER NAFTA\" \/>\n<meta name=\"robots\" content=\"index, follow, max-snippet:-1, max-image-preview:large, max-video-preview:-1\" \/>\n<link rel=\"canonical\" href=\"https:\/\/pldistribucion.com.ar\/web\/producto\/molykote-cleaner-nafta-150cc\/\" \/>\n<meta property=\"og:locale\" content=\"es_ES\" \/>\n<meta property=\"og:type\" content=\"article\" \/>\n<meta property=\"og:title\" content=\"MOLYKOTE CLEANER NAFTA - Perfomance Lube - Lubricantes\" \/>\n<meta property=\"og:description\" content=\"Distribuidor de lubricantes MOLYKOTE de diferentes aplicaciones. Env\u00edos a todo el pa\u00eds. Variedad de productos y stock disponible.MOLYKOTE CLEANER NAFTA\" \/>\n<meta property=\"og:url\" content=\"https:\/\/pldistribucion.com.ar\/web\/producto\/molykote-cleaner-nafta-150cc\/\" \/>\n<meta property=\"og:site_name\" content=\"Perfomance Lube\" \/>\n<meta property=\"article:modified_time\" content=\"2022-03-25T14:33:46+00:00\" \/>\n<meta property=\"og:image\" content=\"https:\/\/pldistribucion.com.ar\/web\/wp-content\/uploads\/CLEANER-NAFTA-150cc.jpg\" \/>\n\t<meta property=\"og:image:width\" content=\"458\" \/>\n\t<meta property=\"og:image:height\" content=\"458\" \/>\n\t<meta property=\"og:image:type\" content=\"image\/jpeg\" \/>\n<meta name=\"twitter:card\" content=\"summary_large_image\" \/>\n<meta name=\"twitter:label1\" content=\"Tiempo de lectura\" \/>\n\t<meta name=\"twitter:data1\" content=\"2 minutos\" \/>\n<script type=\"application\/ld+json\" class=\"yoast-schema-graph\">{\"@context\":\"https:\/\/schema.org\",\"@graph\":[{\"@type\":\"WebPage\",\"@id\":\"https:\/\/pldistribucion.com.ar\/web\/producto\/molykote-cleaner-nafta-150cc\/\",\"url\":\"https:\/\/pldistribucion.com.ar\/web\/producto\/molykote-cleaner-nafta-150cc\/\",\"name\":\"MOLYKOTE CLEANER NAFTA - Perfomance Lube - Lubricantes\",\"isPartOf\":{\"@id\":\"https:\/\/pldistribucion.com.ar\/web\/#website\"},\"primaryImageOfPage\":{\"@id\":\"https:\/\/pldistribucion.com.ar\/web\/producto\/molykote-cleaner-nafta-150cc\/#primaryimage\"},\"image\":{\"@id\":\"https:\/\/pldistribucion.com.ar\/web\/producto\/molykote-cleaner-nafta-150cc\/#primaryimage\"},\"thumbnailUrl\":\"https:\/\/pldistribucion.com.ar\/web\/wp-content\/uploads\/CLEANER-NAFTA-150cc.jpg\",\"datePublished\":\"2021-12-27T11:50:31+00:00\",\"dateModified\":\"2022-03-25T14:33:46+00:00\",\"description\":\"Distribuidor de lubricantes MOLYKOTE de diferentes aplicaciones. Env\u00edos a todo el pa\u00eds. Variedad de productos y stock disponible.MOLYKOTE CLEANER NAFTA\",\"breadcrumb\":{\"@id\":\"https:\/\/pldistribucion.com.ar\/web\/producto\/molykote-cleaner-nafta-150cc\/#breadcrumb\"},\"inLanguage\":\"es\",\"potentialAction\":[{\"@type\":\"ReadAction\",\"target\":[\"https:\/\/pldistribucion.com.ar\/web\/producto\/molykote-cleaner-nafta-150cc\/\"]}]},{\"@type\":\"ImageObject\",\"inLanguage\":\"es\",\"@id\":\"https:\/\/pldistribucion.com.ar\/web\/producto\/molykote-cleaner-nafta-150cc\/#primaryimage\",\"url\":\"https:\/\/pldistribucion.com.ar\/web\/wp-content\/uploads\/CLEANER-NAFTA-150cc.jpg\",\"contentUrl\":\"https:\/\/pldistribucion.com.ar\/web\/wp-content\/uploads\/CLEANER-NAFTA-150cc.jpg\",\"width\":458,\"height\":458},{\"@type\":\"BreadcrumbList\",\"@id\":\"https:\/\/pldistribucion.com.ar\/web\/producto\/molykote-cleaner-nafta-150cc\/#breadcrumb\",\"itemListElement\":[{\"@type\":\"ListItem\",\"position\":1,\"name\":\"Portada\",\"item\":\"https:\/\/pldistribucion.com.ar\/web\/\"},{\"@type\":\"ListItem\",\"position\":2,\"name\":\"Productos\",\"item\":\"https:\/\/pldistribucion.com.ar\/web\/productos\/\"},{\"@type\":\"ListItem\",\"position\":3,\"name\":\"MOLYKOTE CLEANER NAFTA\"}]},{\"@type\":\"WebSite\",\"@id\":\"https:\/\/pldistribucion.com.ar\/web\/#website\",\"url\":\"https:\/\/pldistribucion.com.ar\/web\/\",\"name\":\"Perfomance Lube\",\"description\":\"\",\"publisher\":{\"@id\":\"https:\/\/pldistribucion.com.ar\/web\/#organization\"},\"potentialAction\":[{\"@type\":\"SearchAction\",\"target\":{\"@type\":\"EntryPoint\",\"urlTemplate\":\"https:\/\/pldistribucion.com.ar\/web\/?s={search_term_string}\"},\"query-input\":\"required name=search_term_string\"}],\"inLanguage\":\"es\"},{\"@type\":\"Organization\",\"@id\":\"https:\/\/pldistribucion.com.ar\/web\/#organization\",\"name\":\"PERFORMANCE LUBE\",\"url\":\"https:\/\/pldistribucion.com.ar\/web\/\",\"logo\":{\"@type\":\"ImageObject\",\"inLanguage\":\"es\",\"@id\":\"https:\/\/pldistribucion.com.ar\/web\/#\/schema\/logo\/image\/\",\"url\":\"https:\/\/pldistribucion.com.ar\/web\/wp-content\/uploads\/pld_logo_GB-removebg-preview.png\",\"contentUrl\":\"https:\/\/pldistribucion.com.ar\/web\/wp-content\/uploads\/pld_logo_GB-removebg-preview.png\",\"width\":787,\"height\":317,\"caption\":\"PERFORMANCE LUBE\"},\"image\":{\"@id\":\"https:\/\/pldistribucion.com.ar\/web\/#\/schema\/logo\/image\/\"}}]}<\/script>\n<!-- \/ Yoast SEO plugin. -->","yoast_head_json":{"title":"MOLYKOTE CLEANER NAFTA - Perfomance Lube - Lubricantes","description":"Distribuidor de lubricantes MOLYKOTE de diferentes aplicaciones. Env\u00edos a todo el pa\u00eds. Variedad de productos y stock disponible.MOLYKOTE CLEANER NAFTA","robots":{"index":"index","follow":"follow","max-snippet":"max-snippet:-1","max-image-preview":"max-image-preview:large","max-video-preview":"max-video-preview:-1"},"canonical":"https:\/\/pldistribucion.com.ar\/web\/producto\/molykote-cleaner-nafta-150cc\/","og_locale":"es_ES","og_type":"article","og_title":"MOLYKOTE CLEANER NAFTA - Perfomance Lube - Lubricantes","og_description":"Distribuidor de lubricantes MOLYKOTE de diferentes aplicaciones. Env\u00edos a todo el pa\u00eds. Variedad de productos y stock disponible.MOLYKOTE CLEANER NAFTA","og_url":"https:\/\/pldistribucion.com.ar\/web\/producto\/molykote-cleaner-nafta-150cc\/","og_site_name":"Perfomance Lube","article_modified_time":"2022-03-25T14:33:46+00:00","og_image":[{"width":458,"height":458,"url":"https:\/\/pldistribucion.com.ar\/web\/wp-content\/uploads\/CLEANER-NAFTA-150cc.jpg","type":"image\/jpeg"}],"twitter_card":"summary_large_image","twitter_misc":{"Tiempo de lectura":"2 minutos"},"schema":{"@context":"https:\/\/schema.org","@graph":[{"@type":"WebPage","@id":"https:\/\/pldistribucion.com.ar\/web\/producto\/molykote-cleaner-nafta-150cc\/","url":"https:\/\/pldistribucion.com.ar\/web\/producto\/molykote-cleaner-nafta-150cc\/","name":"MOLYKOTE CLEANER NAFTA - Perfomance Lube - Lubricantes","isPartOf":{"@id":"https:\/\/pldistribucion.com.ar\/web\/#website"},"primaryImageOfPage":{"@id":"https:\/\/pldistribucion.com.ar\/web\/producto\/molykote-cleaner-nafta-150cc\/#primaryimage"},"image":{"@id":"https:\/\/pldistribucion.com.ar\/web\/producto\/molykote-cleaner-nafta-150cc\/#primaryimage"},"thumbnailUrl":"https:\/\/pldistribucion.com.ar\/web\/wp-content\/uploads\/CLEANER-NAFTA-150cc.jpg","datePublished":"2021-12-27T11:50:31+00:00","dateModified":"2022-03-25T14:33:46+00:00","description":"Distribuidor de lubricantes MOLYKOTE de diferentes aplicaciones. Env\u00edos a todo el pa\u00eds. Variedad de productos y stock disponible.MOLYKOTE CLEANER NAFTA","breadcrumb":{"@id":"https:\/\/pldistribucion.com.ar\/web\/producto\/molykote-cleaner-nafta-150cc\/#breadcrumb"},"inLanguage":"es","potentialAction":[{"@type":"ReadAction","target":["https:\/\/pldistribucion.com.ar\/web\/producto\/molykote-cleaner-nafta-150cc\/"]}]},{"@type":"ImageObject","inLanguage":"es","@id":"https:\/\/pldistribucion.com.ar\/web\/producto\/molykote-cleaner-nafta-150cc\/#primaryimage","url":"https:\/\/pldistribucion.com.ar\/web\/wp-content\/uploads\/CLEANER-NAFTA-150cc.jpg","contentUrl":"https:\/\/pldistribucion.com.ar\/web\/wp-content\/uploads\/CLEANER-NAFTA-150cc.jpg","width":458,"height":458},{"@type":"BreadcrumbList","@id":"https:\/\/pldistribucion.com.ar\/web\/producto\/molykote-cleaner-nafta-150cc\/#breadcrumb","itemListElement":[{"@type":"ListItem","position":1,"name":"Portada","item":"https:\/\/pldistribucion.com.ar\/web\/"},{"@type":"ListItem","position":2,"name":"Productos","item":"https:\/\/pldistribucion.com.ar\/web\/productos\/"},{"@type":"ListItem","position":3,"name":"MOLYKOTE CLEANER NAFTA"}]},{"@type":"WebSite","@id":"https:\/\/pldistribucion.com.ar\/web\/#website","url":"https:\/\/pldistribucion.com.ar\/web\/","name":"Perfomance Lube","description":"","publisher":{"@id":"https:\/\/pldistribucion.com.ar\/web\/#organization"},"potentialAction":[{"@type":"SearchAction","target":{"@type":"EntryPoint","urlTemplate":"https:\/\/pldistribucion.com.ar\/web\/?s={search_term_string}"},"query-input":"required name=search_term_string"}],"inLanguage":"es"},{"@type":"Organization","@id":"https:\/\/pldistribucion.com.ar\/web\/#organization","name":"PERFORMANCE LUBE","url":"https:\/\/pldistribucion.com.ar\/web\/","logo":{"@type":"ImageObject","inLanguage":"es","@id":"https:\/\/pldistribucion.com.ar\/web\/#\/schema\/logo\/image\/","url":"https:\/\/pldistribucion.com.ar\/web\/wp-content\/uploads\/pld_logo_GB-removebg-preview.png","contentUrl":"https:\/\/pldistribucion.com.ar\/web\/wp-content\/uploads\/pld_logo_GB-removebg-preview.png","width":787,"height":317,"caption":"PERFORMANCE LUBE"},"image":{"@id":"https:\/\/pldistribucion.com.ar\/web\/#\/schema\/logo\/image\/"}}]}},"_links":{"self":[{"href":"https:\/\/pldistribucion.com.ar\/web\/wp-json\/wp\/v2\/product\/2046"}],"collection":[{"href":"https:\/\/pldistribucion.com.ar\/web\/wp-json\/wp\/v2\/product"}],"about":[{"href":"https:\/\/pldistribucion.com.ar\/web\/wp-json\/wp\/v2\/types\/product"}],"replies":[{"embeddable":true,"href":"https:\/\/pldistribucion.com.ar\/web\/wp-json\/wp\/v2\/comments?post=2046"}],"wp:featuredmedia":[{"embeddable":true,"href":"https:\/\/pldistribucion.com.ar\/web\/wp-json\/wp\/v2\/media\/2047"}],"wp:attachment":[{"href":"https:\/\/pldistribucion.com.ar\/web\/wp-json\/wp\/v2\/media?parent=2046"}],"wp:term":[{"taxonomy":"product_cat","embeddable":true,"href":"https:\/\/pldistribucion.com.ar\/web\/wp-json\/wp\/v2\/product_cat?post=2046"},{"taxonomy":"product_tag","embeddable":true,"href":"https:\/\/pldistribucion.com.ar\/web\/wp-json\/wp\/v2\/product_tag?post=2046"}],"curies":[{"name":"wp","href":"https:\/\/api.w.org\/{rel}","templated":true}]}}