{"id":2011,"date":"2021-12-24T14:01:35","date_gmt":"2021-12-24T14:01:35","guid":{"rendered":"https:\/\/pldistribucion.com.ar\/web\/?post_type=product&#038;p=2011"},"modified":"2022-03-28T12:20:31","modified_gmt":"2022-03-28T12:20:31","slug":"molykote-multilub-x-250cc-grasa-spray","status":"publish","type":"product","link":"https:\/\/pldistribucion.com.ar\/web\/producto\/molykote-multilub-x-250cc-grasa-spray\/","title":{"rendered":"MOLYKOTE MULTILUB GRASA SPRAY"},"content":{"rendered":"<div class=\"pb-left-column col-xs-12 col-sm-4 col-md-5\">\n<div id=\"image-block\" class=\"clearfix\">\n<h1><span style=\"font-size: 80%;\"><em><strong>MOLYKOTE MULTILUB GRASA SPRAY x 250cc.<\/strong><\/em><\/span><\/h1>\n<h3><span style=\"font-size: 80%;\"><em><span style=\"background-color: #b4e0e0;\"><strong>DESCRIPCI\u00d3N DEL PRODUCTO<\/strong><\/span><\/em><\/span><\/h3>\n<\/div>\n<p><span style=\"color: #000000;\">MOLYKOTE MULTILUB GRASA SPRAY es una grasa de alto rendimiento para combinaciones de metal\/metal sometidas a movimientos de lentos a r\u00e1pidos y cargas medias y alta.<\/span><\/p>\n<p><span style=\"color: #000000;\"><span class=\"\">Los lubricantes especiales MOLYKOTE\u00a0<\/span><sup><span class=\"\">\u00ae\u00a0<\/span><\/sup><span class=\"\"> ofrecen soluciones perfeccionadas habilitadas por un proceso de desarrollo orientado al cliente,\u00a0 esto es posible gracias a nuestra red de colaboraci\u00f3n global y centros de desarrollo t\u00e9cnico equipados con la \u00faltima tecnolog\u00eda tribol\u00f3gica y anal\u00edtica.<\/span><\/span><\/p>\n<h3><span style=\"font-size: 80%;\"><em><span style=\"background-color: #b4e0e0;\"><strong>CARACTER\u00cdSTICAS <\/strong><\/span><\/em><\/span><\/h3>\n<ul>\n<li><span style=\"color: #000000;\">Buena capacidad de carga, gracias a la baja evaporaci\u00f3n del aceite base.<\/span><\/li>\n<li><span style=\"color: #000000;\">Permite un engrase de larga duraci\u00f3n.<\/span><\/li>\n<li><span style=\"color: #000000;\">Buena resistencia al lavado por agua, buena protecci\u00f3n a la corrosi\u00f3n,y tambi\u00e9n buena resistencia a la oxidaci\u00f3n, reducci\u00f3n del desgaste y el rayado.<\/span><\/li>\n<\/ul>\n<ul class=\"ulinfo\">\n<li class=\"info\"><span style=\"color: #000000;\">100% de valoraciones positivas (2034 ventas)<\/span><\/li>\n<\/ul>\n<p><span style=\"color: #000000;\">Formas de entrega disponibles:<\/span><\/p>\n<ul class=\"ulinfo\">\n<li class=\"info\"><span style=\"color: #000000;\">A domicilio en 2 &#8211; 3 dias laborables.<\/span><\/li>\n<li class=\"info\"><span style=\"color: #000000;\">Entrega disponible en Espana peninsular e islas Baleares (gastos de envio variables en funcion del destino).<\/span><\/li>\n<\/ul>\n<h3><span style=\"font-size: 80%;\"><em><span style=\"background-color: #b4e0e0;\"><strong>APLICACIONES<\/strong><\/span><\/em><\/span><\/h3>\n<p><span style=\"color: #000000;\">Puede ser utilizado p<\/span><span style=\"color: #000000;\">ara contactos con cargas ligeras a medias y velocidades de bajas a altas, incluso en presencia de humedad. Tambi\u00e9n en rodamientos, cojinetes lisos, gu\u00edas deslizantes, guias de rodillos, r\u00f3tulas, ejes estriados y husillos roscados. Y por ultimo es aplicable p<\/span><span style=\"color: #000000;\">ara lubricaci\u00f3n de chasis gr\u00faas, carretillas y aparatos elevadores.<\/span><\/p>\n<p><strong><span style=\"color: #0000ff;\"><a style=\"color: #0000ff;\" href=\"https:\/\/pldistribucion.com.ar\/web\/productos\/?filter_marcas=molykote\" target=\"_blank\" rel=\"noopener\">Ver m\u00e1s productos MOLYKOTE<\/a><\/span><\/strong><\/p>\n<p><span style=\"color: #000000;\"><span class=\"\">(Durante m\u00e1s de 70 a\u00f1os, MOLYKOTE <\/span><sup><span class=\"\">\u00ae<\/span><\/sup><span class=\"\">\u00a0ha sido un socio de confianza que ha ayudado a ingenieros y fabricantes a superar algunos de los desaf\u00edos de lubricaci\u00f3n y dise\u00f1o t\u00e9cnico m\u00e1s dif\u00edciles del mundo.\u00a0<\/span><span class=\"\">Ahora, con la incorporaci\u00f3n de las tecnolog\u00edas y la experiencia de DuPont, estamos a\u00fan mejor posicionados para crear soluciones para las tendencias emergentes.)<\/span><\/span><\/p>\n<p><strong><span style=\"color: #0000ff;\"><a style=\"color: #0000ff;\" href=\"https:\/\/www.dupont.com\/molykote\/about-us.html\" target=\"_blank\" rel=\"noopener\">Conoce m\u00e1s sobre MOLYKOTE<\/a><\/span><\/strong><\/p>\n<\/div>\n","protected":false},"excerpt":{"rendered":"<p><img loading=\"lazy\" decoding=\"async\" class=\"alignnone size-medium wp-image-1908\" src=\"https:\/\/pldistribucion.com.ar\/web\/wp-content\/uploads\/molykote-min-300x300.png\" alt=\"\" width=\"300\" height=\"300\" srcset=\"https:\/\/pldistribucion.com.ar\/web\/wp-content\/uploads\/molykote-min-300x300.png 300w, https:\/\/pldistribucion.com.ar\/web\/wp-content\/uploads\/molykote-min-150x150.png 150w, https:\/\/pldistribucion.com.ar\/web\/wp-content\/uploads\/molykote-min-768x768.png 768w, https:\/\/pldistribucion.com.ar\/web\/wp-content\/uploads\/molykote-min-600x600.png 600w, https:\/\/pldistribucion.com.ar\/web\/wp-content\/uploads\/molykote-min-100x100.png 100w, https:\/\/pldistribucion.com.ar\/web\/wp-content\/uploads\/molykote-min.png 800w\" sizes=\"(max-width: 300px) 100vw, 300px\" \/><\/p>\n<h1>MOLYKOTE<\/h1>\n<p><span style=\"color: #000000;\">Las grasas\u00a0<b>Molykote<\/b> son materiales de s\u00f3lidos a semis\u00f3lidos consistentes en un fluido lubricante, un agente espesante y aditivos. Ayuda a generar valor en la compra y uso de Productos T\u00e9cnicos en Organizaciones Industriales, de Producci\u00f3n y Servicio. Construye relaciones que posibilitan el asesoramiento para el uso de los productos de primera calidad que representamos, brindando el abastecimiento de manera \u00e1gil y eficiente.<\/span><\/p>\n","protected":false},"featured_media":2012,"comment_status":"open","ping_status":"closed","template":"","meta":[],"product_cat":[16,34],"product_tag":[],"yoast_head":"<!-- This site is optimized with the Yoast SEO plugin v23.0 - https:\/\/yoast.com\/wordpress\/plugins\/seo\/ -->\n<title>MOLYKOTE MULTILUB GRASA SPRAY - Perfomance Lube - Lubricantes<\/title>\n<meta name=\"description\" content=\"Distribuidor de lubricantes MOLYKOTE de diferentes aplicaciones. Env\u00edos a todo el pa\u00eds. Variedad de productos y stock disponible.\" \/>\n<meta name=\"robots\" content=\"index, follow, max-snippet:-1, max-image-preview:large, max-video-preview:-1\" \/>\n<link rel=\"canonical\" href=\"https:\/\/pldistribucion.com.ar\/web\/producto\/molykote-multilub-x-250cc-grasa-spray\/\" \/>\n<meta property=\"og:locale\" content=\"es_ES\" \/>\n<meta property=\"og:type\" content=\"article\" \/>\n<meta property=\"og:title\" content=\"MOLYKOTE MULTILUB GRASA SPRAY - Perfomance Lube - Lubricantes\" \/>\n<meta property=\"og:description\" content=\"Distribuidor de lubricantes MOLYKOTE de diferentes aplicaciones. Env\u00edos a todo el pa\u00eds. Variedad de productos y stock disponible.\" \/>\n<meta property=\"og:url\" content=\"https:\/\/pldistribucion.com.ar\/web\/producto\/molykote-multilub-x-250cc-grasa-spray\/\" \/>\n<meta property=\"og:site_name\" content=\"Perfomance Lube\" \/>\n<meta property=\"article:modified_time\" content=\"2022-03-28T12:20:31+00:00\" \/>\n<meta property=\"og:image\" content=\"https:\/\/pldistribucion.com.ar\/web\/wp-content\/uploads\/MULTILUB-250.jpg\" \/>\n\t<meta property=\"og:image:width\" content=\"458\" \/>\n\t<meta property=\"og:image:height\" content=\"458\" \/>\n\t<meta property=\"og:image:type\" content=\"image\/jpeg\" \/>\n<meta name=\"twitter:card\" content=\"summary_large_image\" \/>\n<meta name=\"twitter:label1\" content=\"Tiempo de lectura\" \/>\n\t<meta name=\"twitter:data1\" content=\"1 minuto\" \/>\n<script type=\"application\/ld+json\" class=\"yoast-schema-graph\">{\"@context\":\"https:\/\/schema.org\",\"@graph\":[{\"@type\":\"WebPage\",\"@id\":\"https:\/\/pldistribucion.com.ar\/web\/producto\/molykote-multilub-x-250cc-grasa-spray\/\",\"url\":\"https:\/\/pldistribucion.com.ar\/web\/producto\/molykote-multilub-x-250cc-grasa-spray\/\",\"name\":\"MOLYKOTE MULTILUB GRASA SPRAY - Perfomance Lube - Lubricantes\",\"isPartOf\":{\"@id\":\"https:\/\/pldistribucion.com.ar\/web\/#website\"},\"primaryImageOfPage\":{\"@id\":\"https:\/\/pldistribucion.com.ar\/web\/producto\/molykote-multilub-x-250cc-grasa-spray\/#primaryimage\"},\"image\":{\"@id\":\"https:\/\/pldistribucion.com.ar\/web\/producto\/molykote-multilub-x-250cc-grasa-spray\/#primaryimage\"},\"thumbnailUrl\":\"https:\/\/pldistribucion.com.ar\/web\/wp-content\/uploads\/MULTILUB-250.jpg\",\"datePublished\":\"2021-12-24T14:01:35+00:00\",\"dateModified\":\"2022-03-28T12:20:31+00:00\",\"description\":\"Distribuidor de lubricantes MOLYKOTE de diferentes aplicaciones. Env\u00edos a todo el pa\u00eds. Variedad de productos y stock disponible.\",\"breadcrumb\":{\"@id\":\"https:\/\/pldistribucion.com.ar\/web\/producto\/molykote-multilub-x-250cc-grasa-spray\/#breadcrumb\"},\"inLanguage\":\"es\",\"potentialAction\":[{\"@type\":\"ReadAction\",\"target\":[\"https:\/\/pldistribucion.com.ar\/web\/producto\/molykote-multilub-x-250cc-grasa-spray\/\"]}]},{\"@type\":\"ImageObject\",\"inLanguage\":\"es\",\"@id\":\"https:\/\/pldistribucion.com.ar\/web\/producto\/molykote-multilub-x-250cc-grasa-spray\/#primaryimage\",\"url\":\"https:\/\/pldistribucion.com.ar\/web\/wp-content\/uploads\/MULTILUB-250.jpg\",\"contentUrl\":\"https:\/\/pldistribucion.com.ar\/web\/wp-content\/uploads\/MULTILUB-250.jpg\",\"width\":458,\"height\":458,\"caption\":\"MOLYKOTE MULTILUB GRASA SPRAY\"},{\"@type\":\"BreadcrumbList\",\"@id\":\"https:\/\/pldistribucion.com.ar\/web\/producto\/molykote-multilub-x-250cc-grasa-spray\/#breadcrumb\",\"itemListElement\":[{\"@type\":\"ListItem\",\"position\":1,\"name\":\"Portada\",\"item\":\"https:\/\/pldistribucion.com.ar\/web\/\"},{\"@type\":\"ListItem\",\"position\":2,\"name\":\"Productos\",\"item\":\"https:\/\/pldistribucion.com.ar\/web\/productos\/\"},{\"@type\":\"ListItem\",\"position\":3,\"name\":\"MOLYKOTE MULTILUB GRASA SPRAY\"}]},{\"@type\":\"WebSite\",\"@id\":\"https:\/\/pldistribucion.com.ar\/web\/#website\",\"url\":\"https:\/\/pldistribucion.com.ar\/web\/\",\"name\":\"Perfomance Lube\",\"description\":\"\",\"publisher\":{\"@id\":\"https:\/\/pldistribucion.com.ar\/web\/#organization\"},\"potentialAction\":[{\"@type\":\"SearchAction\",\"target\":{\"@type\":\"EntryPoint\",\"urlTemplate\":\"https:\/\/pldistribucion.com.ar\/web\/?s={search_term_string}\"},\"query-input\":\"required name=search_term_string\"}],\"inLanguage\":\"es\"},{\"@type\":\"Organization\",\"@id\":\"https:\/\/pldistribucion.com.ar\/web\/#organization\",\"name\":\"PERFORMANCE LUBE\",\"url\":\"https:\/\/pldistribucion.com.ar\/web\/\",\"logo\":{\"@type\":\"ImageObject\",\"inLanguage\":\"es\",\"@id\":\"https:\/\/pldistribucion.com.ar\/web\/#\/schema\/logo\/image\/\",\"url\":\"https:\/\/pldistribucion.com.ar\/web\/wp-content\/uploads\/pld_logo_GB-removebg-preview.png\",\"contentUrl\":\"https:\/\/pldistribucion.com.ar\/web\/wp-content\/uploads\/pld_logo_GB-removebg-preview.png\",\"width\":787,\"height\":317,\"caption\":\"PERFORMANCE LUBE\"},\"image\":{\"@id\":\"https:\/\/pldistribucion.com.ar\/web\/#\/schema\/logo\/image\/\"}}]}<\/script>\n<!-- \/ Yoast SEO plugin. -->","yoast_head_json":{"title":"MOLYKOTE MULTILUB GRASA SPRAY - Perfomance Lube - Lubricantes","description":"Distribuidor de lubricantes MOLYKOTE de diferentes aplicaciones. Env\u00edos a todo el pa\u00eds. Variedad de productos y stock disponible.","robots":{"index":"index","follow":"follow","max-snippet":"max-snippet:-1","max-image-preview":"max-image-preview:large","max-video-preview":"max-video-preview:-1"},"canonical":"https:\/\/pldistribucion.com.ar\/web\/producto\/molykote-multilub-x-250cc-grasa-spray\/","og_locale":"es_ES","og_type":"article","og_title":"MOLYKOTE MULTILUB GRASA SPRAY - Perfomance Lube - Lubricantes","og_description":"Distribuidor de lubricantes MOLYKOTE de diferentes aplicaciones. Env\u00edos a todo el pa\u00eds. Variedad de productos y stock disponible.","og_url":"https:\/\/pldistribucion.com.ar\/web\/producto\/molykote-multilub-x-250cc-grasa-spray\/","og_site_name":"Perfomance Lube","article_modified_time":"2022-03-28T12:20:31+00:00","og_image":[{"width":458,"height":458,"url":"https:\/\/pldistribucion.com.ar\/web\/wp-content\/uploads\/MULTILUB-250.jpg","type":"image\/jpeg"}],"twitter_card":"summary_large_image","twitter_misc":{"Tiempo de lectura":"1 minuto"},"schema":{"@context":"https:\/\/schema.org","@graph":[{"@type":"WebPage","@id":"https:\/\/pldistribucion.com.ar\/web\/producto\/molykote-multilub-x-250cc-grasa-spray\/","url":"https:\/\/pldistribucion.com.ar\/web\/producto\/molykote-multilub-x-250cc-grasa-spray\/","name":"MOLYKOTE MULTILUB GRASA SPRAY - Perfomance Lube - Lubricantes","isPartOf":{"@id":"https:\/\/pldistribucion.com.ar\/web\/#website"},"primaryImageOfPage":{"@id":"https:\/\/pldistribucion.com.ar\/web\/producto\/molykote-multilub-x-250cc-grasa-spray\/#primaryimage"},"image":{"@id":"https:\/\/pldistribucion.com.ar\/web\/producto\/molykote-multilub-x-250cc-grasa-spray\/#primaryimage"},"thumbnailUrl":"https:\/\/pldistribucion.com.ar\/web\/wp-content\/uploads\/MULTILUB-250.jpg","datePublished":"2021-12-24T14:01:35+00:00","dateModified":"2022-03-28T12:20:31+00:00","description":"Distribuidor de lubricantes MOLYKOTE de diferentes aplicaciones. Env\u00edos a todo el pa\u00eds. Variedad de productos y stock disponible.","breadcrumb":{"@id":"https:\/\/pldistribucion.com.ar\/web\/producto\/molykote-multilub-x-250cc-grasa-spray\/#breadcrumb"},"inLanguage":"es","potentialAction":[{"@type":"ReadAction","target":["https:\/\/pldistribucion.com.ar\/web\/producto\/molykote-multilub-x-250cc-grasa-spray\/"]}]},{"@type":"ImageObject","inLanguage":"es","@id":"https:\/\/pldistribucion.com.ar\/web\/producto\/molykote-multilub-x-250cc-grasa-spray\/#primaryimage","url":"https:\/\/pldistribucion.com.ar\/web\/wp-content\/uploads\/MULTILUB-250.jpg","contentUrl":"https:\/\/pldistribucion.com.ar\/web\/wp-content\/uploads\/MULTILUB-250.jpg","width":458,"height":458,"caption":"MOLYKOTE MULTILUB GRASA SPRAY"},{"@type":"BreadcrumbList","@id":"https:\/\/pldistribucion.com.ar\/web\/producto\/molykote-multilub-x-250cc-grasa-spray\/#breadcrumb","itemListElement":[{"@type":"ListItem","position":1,"name":"Portada","item":"https:\/\/pldistribucion.com.ar\/web\/"},{"@type":"ListItem","position":2,"name":"Productos","item":"https:\/\/pldistribucion.com.ar\/web\/productos\/"},{"@type":"ListItem","position":3,"name":"MOLYKOTE MULTILUB GRASA SPRAY"}]},{"@type":"WebSite","@id":"https:\/\/pldistribucion.com.ar\/web\/#website","url":"https:\/\/pldistribucion.com.ar\/web\/","name":"Perfomance Lube","description":"","publisher":{"@id":"https:\/\/pldistribucion.com.ar\/web\/#organization"},"potentialAction":[{"@type":"SearchAction","target":{"@type":"EntryPoint","urlTemplate":"https:\/\/pldistribucion.com.ar\/web\/?s={search_term_string}"},"query-input":"required name=search_term_string"}],"inLanguage":"es"},{"@type":"Organization","@id":"https:\/\/pldistribucion.com.ar\/web\/#organization","name":"PERFORMANCE LUBE","url":"https:\/\/pldistribucion.com.ar\/web\/","logo":{"@type":"ImageObject","inLanguage":"es","@id":"https:\/\/pldistribucion.com.ar\/web\/#\/schema\/logo\/image\/","url":"https:\/\/pldistribucion.com.ar\/web\/wp-content\/uploads\/pld_logo_GB-removebg-preview.png","contentUrl":"https:\/\/pldistribucion.com.ar\/web\/wp-content\/uploads\/pld_logo_GB-removebg-preview.png","width":787,"height":317,"caption":"PERFORMANCE LUBE"},"image":{"@id":"https:\/\/pldistribucion.com.ar\/web\/#\/schema\/logo\/image\/"}}]}},"_links":{"self":[{"href":"https:\/\/pldistribucion.com.ar\/web\/wp-json\/wp\/v2\/product\/2011"}],"collection":[{"href":"https:\/\/pldistribucion.com.ar\/web\/wp-json\/wp\/v2\/product"}],"about":[{"href":"https:\/\/pldistribucion.com.ar\/web\/wp-json\/wp\/v2\/types\/product"}],"replies":[{"embeddable":true,"href":"https:\/\/pldistribucion.com.ar\/web\/wp-json\/wp\/v2\/comments?post=2011"}],"wp:featuredmedia":[{"embeddable":true,"href":"https:\/\/pldistribucion.com.ar\/web\/wp-json\/wp\/v2\/media\/2012"}],"wp:attachment":[{"href":"https:\/\/pldistribucion.com.ar\/web\/wp-json\/wp\/v2\/media?parent=2011"}],"wp:term":[{"taxonomy":"product_cat","embeddable":true,"href":"https:\/\/pldistribucion.com.ar\/web\/wp-json\/wp\/v2\/product_cat?post=2011"},{"taxonomy":"product_tag","embeddable":true,"href":"https:\/\/pldistribucion.com.ar\/web\/wp-json\/wp\/v2\/product_tag?post=2011"}],"curies":[{"name":"wp","href":"https:\/\/api.w.org\/{rel}","templated":true}]}}