{"id":1917,"date":"2021-12-21T11:38:20","date_gmt":"2021-12-21T11:38:20","guid":{"rendered":"https:\/\/pldistribucion.com.ar\/web\/?post_type=product&#038;p=1917"},"modified":"2022-03-31T11:23:27","modified_gmt":"2022-03-31T11:23:27","slug":"molykote-lubricante-3694-spray-x250-cc","status":"publish","type":"product","link":"https:\/\/pldistribucion.com.ar\/web\/producto\/molykote-lubricante-3694-spray-x250-cc\/","title":{"rendered":"MOLYKOTE LUBRICANTE 3694 SPRAY"},"content":{"rendered":"<h1><span style=\"font-size: 80%;\"><em><strong>MOLYKOTE LUBRICANTE 3694 SPRAY X250 cc<\/strong><\/em><\/span><\/h1>\n<h3><span style=\"font-size: 80%;\"><em><span style=\"background-color: #b4e0e0;\"><strong>DESCRIPCI\u00d3N DEL PRODUCTO<\/strong><\/span><\/em><\/span><\/h3>\n<div id=\"short_description_block\">\n<div id=\"short_description_content\" class=\"rte align_justify\">\n<p><span style=\"color: #000000;\">MOLYKOTE LUBRICANTE 3694 SPRAY es un lubricante libre de solvente, blando, muy adherente, empleado en engranajes descubiertos y cables met\u00e1licos <\/span><span style=\"color: #000000;\">que est\u00e1n expuestos a cargas o climas extremos. Se utiliza en accionamientos dentados, cremalleras, etc.<\/span><\/p>\n<p><span style=\"color: #000000;\">Es particularmente efectivo en condiciones severas donde las tensiones son altas tanto bajo techo como al aire libre.<\/span><\/p>\n<h3><span style=\"font-size: 80%;\"><em><span style=\"background-color: #b4e0e0;\"><strong>CARACTER\u00cdSTICAS<\/strong><\/span><\/em><\/span><\/h3>\n<p align=\"justify\"><span style=\"color: #000000;\">Una caracter\u00edstica particular del lubricante es el amplio rango de temperatura en el que es eficaz, ya que permanece el pl\u00e1stico a bajas temperaturas y no se derrite en altas temperaturas. Incluso a altas presiones de contacto resiste la ruptura, por lo que evita el contacto del metal con metal, reduciendo asi el ruido y el desgaste, si es que los engranajes est\u00e1n da\u00f1ados.<\/span><\/p>\n<p align=\"justify\"><span style=\"color: #000000;\">Por ejemplo, debido a las picaduras, la resistencia del lubricante para engranajes abiertos Molykote 3694 evita da\u00f1os mayores, y cuando hay altas presiones involucradas, permitir\u00e1 que algo de metal pl\u00e1stico fluya mientras los engranajes est\u00e1n funcionando y as\u00ed suavizar las \u00e1reas picadas.\u00a0<\/span><\/p>\n<p align=\"justify\"><span style=\"color: #000000;\">Por otro lado la resistencia de la corrosi\u00f3n es importante ya que funcionan en entornos dif\u00edciles. El mismo esta formulado para ofrecer la m\u00e1xima protecci\u00f3n posible.<\/span><\/p>\n<p align=\"justify\"><span style=\"color: #000000;\">La principal caracter\u00edstica del lubricante para engranajes Molykote 3694 son:\u00a0<\/span><\/p>\n<ul>\n<li><span style=\"color: #000000;\">Adherencia excepcional.<\/span><\/li>\n<li><span style=\"color: #000000;\">Excelente protecci\u00f3n contra la corrosi\u00f3n<\/span><\/li>\n<li><span style=\"color: #000000;\">M\u00e1xima resistencia a cargas continuas de alta presi\u00f3n y choque.<\/span><\/li>\n<\/ul>\n<p><strong><span style=\"color: #0000ff;\"><a style=\"color: #0000ff;\" href=\"https:\/\/pldistribucion.com.ar\/web\/productos\/?filter_marcas=molykote\" target=\"_blank\" rel=\"noopener\">Ver m\u00e1s productos MOLYKOTE<\/a><\/span><\/strong><\/p>\n<p><span style=\"color: #000000;\"><span class=\"\">(Durante m\u00e1s de 70 a\u00f1os, MOLYKOTE <\/span><sup><span class=\"\">\u00ae<\/span><\/sup><span class=\"\">\u00a0ha sido un socio de confianza que ha ayudado a ingenieros y fabricantes a superar algunos de los desaf\u00edos de lubricaci\u00f3n y dise\u00f1o t\u00e9cnico m\u00e1s dif\u00edciles del mundo.\u00a0<\/span><span class=\"\">Ahora, con la incorporaci\u00f3n de las tecnolog\u00edas y la experiencia de DuPont, estamos a\u00fan mejor posicionados para crear soluciones para las tendencias emergentes.)<\/span><\/span><\/p>\n<p><strong><span style=\"color: #0000ff;\"><a style=\"color: #0000ff;\" href=\"https:\/\/www.dupont.com\/molykote\/about-us.html\" target=\"_blank\" rel=\"noopener\">Conoce m\u00e1s sobre MOLYKOTE<\/a><\/span><\/strong><\/p>\n<\/div>\n<\/div>\n","protected":false},"excerpt":{"rendered":"<p><img loading=\"lazy\" decoding=\"async\" class=\"alignnone size-medium wp-image-1908\" src=\"https:\/\/pldistribucion.com.ar\/web\/wp-content\/uploads\/molykote-min-300x300.png\" alt=\"\" width=\"300\" height=\"300\" srcset=\"https:\/\/pldistribucion.com.ar\/web\/wp-content\/uploads\/molykote-min-300x300.png 300w, https:\/\/pldistribucion.com.ar\/web\/wp-content\/uploads\/molykote-min-150x150.png 150w, https:\/\/pldistribucion.com.ar\/web\/wp-content\/uploads\/molykote-min-768x768.png 768w, https:\/\/pldistribucion.com.ar\/web\/wp-content\/uploads\/molykote-min-600x600.png 600w, https:\/\/pldistribucion.com.ar\/web\/wp-content\/uploads\/molykote-min-100x100.png 100w, https:\/\/pldistribucion.com.ar\/web\/wp-content\/uploads\/molykote-min.png 800w\" sizes=\"(max-width: 300px) 100vw, 300px\" \/><\/p>\n<h1>MOLYKOTE<\/h1>\n<p><span style=\"color: #000000;\">Las grasas\u00a0<b>Molykote<\/b> son materiales de s\u00f3lidos a semis\u00f3lidos consistentes en un fluido lubricante, un agente espesante y aditivos. Ayuda a generar valor en la compra y uso de Productos T\u00e9cnicos en Organizaciones Industriales, de Producci\u00f3n y Servicio. Construye relaciones que posibilitan el asesoramiento para el uso de los productos de primera calidad que representamos, brindando el abastecimiento de manera \u00e1gil y eficiente.<\/span><\/p>\n","protected":false},"featured_media":1918,"comment_status":"open","ping_status":"closed","template":"","meta":[],"product_cat":[16,34],"product_tag":[],"yoast_head":"<!-- This site is optimized with the Yoast SEO plugin v23.0 - https:\/\/yoast.com\/wordpress\/plugins\/seo\/ -->\n<title>MOLYKOTE LUBRICANTE 3694 SPRAY - Perfomance Lube - Lubricantes<\/title>\n<meta name=\"description\" content=\"Distribuidor de lubricantes MOLYKOTE de diferentes aplicaciones. Env\u00edos a todo el pa\u00eds. Variedad de productos y stock disponible.MOLYKOTE LUBRICANTE 3694\" \/>\n<meta name=\"robots\" content=\"index, follow, max-snippet:-1, max-image-preview:large, max-video-preview:-1\" \/>\n<link rel=\"canonical\" href=\"https:\/\/pldistribucion.com.ar\/web\/producto\/molykote-lubricante-3694-spray-x250-cc\/\" \/>\n<meta property=\"og:locale\" content=\"es_ES\" \/>\n<meta property=\"og:type\" content=\"article\" \/>\n<meta property=\"og:title\" content=\"MOLYKOTE LUBRICANTE 3694 SPRAY - Perfomance Lube - Lubricantes\" \/>\n<meta property=\"og:description\" content=\"Distribuidor de lubricantes MOLYKOTE de diferentes aplicaciones. Env\u00edos a todo el pa\u00eds. Variedad de productos y stock disponible.MOLYKOTE LUBRICANTE 3694\" \/>\n<meta property=\"og:url\" content=\"https:\/\/pldistribucion.com.ar\/web\/producto\/molykote-lubricante-3694-spray-x250-cc\/\" \/>\n<meta property=\"og:site_name\" content=\"Perfomance Lube\" \/>\n<meta property=\"article:modified_time\" content=\"2022-03-31T11:23:27+00:00\" \/>\n<meta property=\"og:image\" content=\"https:\/\/pldistribucion.com.ar\/web\/wp-content\/uploads\/Lubricante-3694-SPRAY-X-250-CC.jpg\" \/>\n\t<meta property=\"og:image:width\" content=\"800\" \/>\n\t<meta property=\"og:image:height\" content=\"800\" \/>\n\t<meta property=\"og:image:type\" content=\"image\/jpeg\" \/>\n<meta name=\"twitter:card\" content=\"summary_large_image\" \/>\n<meta name=\"twitter:label1\" content=\"Tiempo de lectura\" \/>\n\t<meta name=\"twitter:data1\" content=\"2 minutos\" \/>\n<script type=\"application\/ld+json\" class=\"yoast-schema-graph\">{\"@context\":\"https:\/\/schema.org\",\"@graph\":[{\"@type\":\"WebPage\",\"@id\":\"https:\/\/pldistribucion.com.ar\/web\/producto\/molykote-lubricante-3694-spray-x250-cc\/\",\"url\":\"https:\/\/pldistribucion.com.ar\/web\/producto\/molykote-lubricante-3694-spray-x250-cc\/\",\"name\":\"MOLYKOTE LUBRICANTE 3694 SPRAY - Perfomance Lube - Lubricantes\",\"isPartOf\":{\"@id\":\"https:\/\/pldistribucion.com.ar\/web\/#website\"},\"primaryImageOfPage\":{\"@id\":\"https:\/\/pldistribucion.com.ar\/web\/producto\/molykote-lubricante-3694-spray-x250-cc\/#primaryimage\"},\"image\":{\"@id\":\"https:\/\/pldistribucion.com.ar\/web\/producto\/molykote-lubricante-3694-spray-x250-cc\/#primaryimage\"},\"thumbnailUrl\":\"https:\/\/pldistribucion.com.ar\/web\/wp-content\/uploads\/Lubricante-3694-SPRAY-X-250-CC.jpg\",\"datePublished\":\"2021-12-21T11:38:20+00:00\",\"dateModified\":\"2022-03-31T11:23:27+00:00\",\"description\":\"Distribuidor de lubricantes MOLYKOTE de diferentes aplicaciones. Env\u00edos a todo el pa\u00eds. Variedad de productos y stock disponible.MOLYKOTE LUBRICANTE 3694\",\"breadcrumb\":{\"@id\":\"https:\/\/pldistribucion.com.ar\/web\/producto\/molykote-lubricante-3694-spray-x250-cc\/#breadcrumb\"},\"inLanguage\":\"es\",\"potentialAction\":[{\"@type\":\"ReadAction\",\"target\":[\"https:\/\/pldistribucion.com.ar\/web\/producto\/molykote-lubricante-3694-spray-x250-cc\/\"]}]},{\"@type\":\"ImageObject\",\"inLanguage\":\"es\",\"@id\":\"https:\/\/pldistribucion.com.ar\/web\/producto\/molykote-lubricante-3694-spray-x250-cc\/#primaryimage\",\"url\":\"https:\/\/pldistribucion.com.ar\/web\/wp-content\/uploads\/Lubricante-3694-SPRAY-X-250-CC.jpg\",\"contentUrl\":\"https:\/\/pldistribucion.com.ar\/web\/wp-content\/uploads\/Lubricante-3694-SPRAY-X-250-CC.jpg\",\"width\":800,\"height\":800,\"caption\":\"MOLYKOTE MULTIGLISS\"},{\"@type\":\"BreadcrumbList\",\"@id\":\"https:\/\/pldistribucion.com.ar\/web\/producto\/molykote-lubricante-3694-spray-x250-cc\/#breadcrumb\",\"itemListElement\":[{\"@type\":\"ListItem\",\"position\":1,\"name\":\"Portada\",\"item\":\"https:\/\/pldistribucion.com.ar\/web\/\"},{\"@type\":\"ListItem\",\"position\":2,\"name\":\"Productos\",\"item\":\"https:\/\/pldistribucion.com.ar\/web\/productos\/\"},{\"@type\":\"ListItem\",\"position\":3,\"name\":\"MOLYKOTE LUBRICANTE 3694 SPRAY\"}]},{\"@type\":\"WebSite\",\"@id\":\"https:\/\/pldistribucion.com.ar\/web\/#website\",\"url\":\"https:\/\/pldistribucion.com.ar\/web\/\",\"name\":\"Perfomance Lube\",\"description\":\"\",\"publisher\":{\"@id\":\"https:\/\/pldistribucion.com.ar\/web\/#organization\"},\"potentialAction\":[{\"@type\":\"SearchAction\",\"target\":{\"@type\":\"EntryPoint\",\"urlTemplate\":\"https:\/\/pldistribucion.com.ar\/web\/?s={search_term_string}\"},\"query-input\":\"required name=search_term_string\"}],\"inLanguage\":\"es\"},{\"@type\":\"Organization\",\"@id\":\"https:\/\/pldistribucion.com.ar\/web\/#organization\",\"name\":\"PERFORMANCE LUBE\",\"url\":\"https:\/\/pldistribucion.com.ar\/web\/\",\"logo\":{\"@type\":\"ImageObject\",\"inLanguage\":\"es\",\"@id\":\"https:\/\/pldistribucion.com.ar\/web\/#\/schema\/logo\/image\/\",\"url\":\"https:\/\/pldistribucion.com.ar\/web\/wp-content\/uploads\/pld_logo_GB-removebg-preview.png\",\"contentUrl\":\"https:\/\/pldistribucion.com.ar\/web\/wp-content\/uploads\/pld_logo_GB-removebg-preview.png\",\"width\":787,\"height\":317,\"caption\":\"PERFORMANCE LUBE\"},\"image\":{\"@id\":\"https:\/\/pldistribucion.com.ar\/web\/#\/schema\/logo\/image\/\"}}]}<\/script>\n<!-- \/ Yoast SEO plugin. -->","yoast_head_json":{"title":"MOLYKOTE LUBRICANTE 3694 SPRAY - Perfomance Lube - Lubricantes","description":"Distribuidor de lubricantes MOLYKOTE de diferentes aplicaciones. Env\u00edos a todo el pa\u00eds. Variedad de productos y stock disponible.MOLYKOTE LUBRICANTE 3694","robots":{"index":"index","follow":"follow","max-snippet":"max-snippet:-1","max-image-preview":"max-image-preview:large","max-video-preview":"max-video-preview:-1"},"canonical":"https:\/\/pldistribucion.com.ar\/web\/producto\/molykote-lubricante-3694-spray-x250-cc\/","og_locale":"es_ES","og_type":"article","og_title":"MOLYKOTE LUBRICANTE 3694 SPRAY - Perfomance Lube - Lubricantes","og_description":"Distribuidor de lubricantes MOLYKOTE de diferentes aplicaciones. Env\u00edos a todo el pa\u00eds. Variedad de productos y stock disponible.MOLYKOTE LUBRICANTE 3694","og_url":"https:\/\/pldistribucion.com.ar\/web\/producto\/molykote-lubricante-3694-spray-x250-cc\/","og_site_name":"Perfomance Lube","article_modified_time":"2022-03-31T11:23:27+00:00","og_image":[{"width":800,"height":800,"url":"https:\/\/pldistribucion.com.ar\/web\/wp-content\/uploads\/Lubricante-3694-SPRAY-X-250-CC.jpg","type":"image\/jpeg"}],"twitter_card":"summary_large_image","twitter_misc":{"Tiempo de lectura":"2 minutos"},"schema":{"@context":"https:\/\/schema.org","@graph":[{"@type":"WebPage","@id":"https:\/\/pldistribucion.com.ar\/web\/producto\/molykote-lubricante-3694-spray-x250-cc\/","url":"https:\/\/pldistribucion.com.ar\/web\/producto\/molykote-lubricante-3694-spray-x250-cc\/","name":"MOLYKOTE LUBRICANTE 3694 SPRAY - Perfomance Lube - Lubricantes","isPartOf":{"@id":"https:\/\/pldistribucion.com.ar\/web\/#website"},"primaryImageOfPage":{"@id":"https:\/\/pldistribucion.com.ar\/web\/producto\/molykote-lubricante-3694-spray-x250-cc\/#primaryimage"},"image":{"@id":"https:\/\/pldistribucion.com.ar\/web\/producto\/molykote-lubricante-3694-spray-x250-cc\/#primaryimage"},"thumbnailUrl":"https:\/\/pldistribucion.com.ar\/web\/wp-content\/uploads\/Lubricante-3694-SPRAY-X-250-CC.jpg","datePublished":"2021-12-21T11:38:20+00:00","dateModified":"2022-03-31T11:23:27+00:00","description":"Distribuidor de lubricantes MOLYKOTE de diferentes aplicaciones. Env\u00edos a todo el pa\u00eds. Variedad de productos y stock disponible.MOLYKOTE LUBRICANTE 3694","breadcrumb":{"@id":"https:\/\/pldistribucion.com.ar\/web\/producto\/molykote-lubricante-3694-spray-x250-cc\/#breadcrumb"},"inLanguage":"es","potentialAction":[{"@type":"ReadAction","target":["https:\/\/pldistribucion.com.ar\/web\/producto\/molykote-lubricante-3694-spray-x250-cc\/"]}]},{"@type":"ImageObject","inLanguage":"es","@id":"https:\/\/pldistribucion.com.ar\/web\/producto\/molykote-lubricante-3694-spray-x250-cc\/#primaryimage","url":"https:\/\/pldistribucion.com.ar\/web\/wp-content\/uploads\/Lubricante-3694-SPRAY-X-250-CC.jpg","contentUrl":"https:\/\/pldistribucion.com.ar\/web\/wp-content\/uploads\/Lubricante-3694-SPRAY-X-250-CC.jpg","width":800,"height":800,"caption":"MOLYKOTE MULTIGLISS"},{"@type":"BreadcrumbList","@id":"https:\/\/pldistribucion.com.ar\/web\/producto\/molykote-lubricante-3694-spray-x250-cc\/#breadcrumb","itemListElement":[{"@type":"ListItem","position":1,"name":"Portada","item":"https:\/\/pldistribucion.com.ar\/web\/"},{"@type":"ListItem","position":2,"name":"Productos","item":"https:\/\/pldistribucion.com.ar\/web\/productos\/"},{"@type":"ListItem","position":3,"name":"MOLYKOTE LUBRICANTE 3694 SPRAY"}]},{"@type":"WebSite","@id":"https:\/\/pldistribucion.com.ar\/web\/#website","url":"https:\/\/pldistribucion.com.ar\/web\/","name":"Perfomance Lube","description":"","publisher":{"@id":"https:\/\/pldistribucion.com.ar\/web\/#organization"},"potentialAction":[{"@type":"SearchAction","target":{"@type":"EntryPoint","urlTemplate":"https:\/\/pldistribucion.com.ar\/web\/?s={search_term_string}"},"query-input":"required name=search_term_string"}],"inLanguage":"es"},{"@type":"Organization","@id":"https:\/\/pldistribucion.com.ar\/web\/#organization","name":"PERFORMANCE LUBE","url":"https:\/\/pldistribucion.com.ar\/web\/","logo":{"@type":"ImageObject","inLanguage":"es","@id":"https:\/\/pldistribucion.com.ar\/web\/#\/schema\/logo\/image\/","url":"https:\/\/pldistribucion.com.ar\/web\/wp-content\/uploads\/pld_logo_GB-removebg-preview.png","contentUrl":"https:\/\/pldistribucion.com.ar\/web\/wp-content\/uploads\/pld_logo_GB-removebg-preview.png","width":787,"height":317,"caption":"PERFORMANCE LUBE"},"image":{"@id":"https:\/\/pldistribucion.com.ar\/web\/#\/schema\/logo\/image\/"}}]}},"_links":{"self":[{"href":"https:\/\/pldistribucion.com.ar\/web\/wp-json\/wp\/v2\/product\/1917"}],"collection":[{"href":"https:\/\/pldistribucion.com.ar\/web\/wp-json\/wp\/v2\/product"}],"about":[{"href":"https:\/\/pldistribucion.com.ar\/web\/wp-json\/wp\/v2\/types\/product"}],"replies":[{"embeddable":true,"href":"https:\/\/pldistribucion.com.ar\/web\/wp-json\/wp\/v2\/comments?post=1917"}],"wp:featuredmedia":[{"embeddable":true,"href":"https:\/\/pldistribucion.com.ar\/web\/wp-json\/wp\/v2\/media\/1918"}],"wp:attachment":[{"href":"https:\/\/pldistribucion.com.ar\/web\/wp-json\/wp\/v2\/media?parent=1917"}],"wp:term":[{"taxonomy":"product_cat","embeddable":true,"href":"https:\/\/pldistribucion.com.ar\/web\/wp-json\/wp\/v2\/product_cat?post=1917"},{"taxonomy":"product_tag","embeddable":true,"href":"https:\/\/pldistribucion.com.ar\/web\/wp-json\/wp\/v2\/product_tag?post=1917"}],"curies":[{"name":"wp","href":"https:\/\/api.w.org\/{rel}","templated":true}]}}