{"id":1749,"date":"2021-10-19T17:38:29","date_gmt":"2021-10-19T17:38:29","guid":{"rendered":"https:\/\/pldistribucion.com.ar\/web\/?post_type=product&#038;p=1749"},"modified":"2021-10-19T17:48:35","modified_gmt":"2021-10-19T17:48:35","slug":"jet-lube-temp-guard","status":"publish","type":"product","link":"https:\/\/pldistribucion.com.ar\/web\/producto\/jet-lube-temp-guard\/","title":{"rendered":"JET LUBE TEMP-GUARD"},"content":{"rendered":"<h3><span style=\"background-color: #91c9c9;\"><em><strong><span style=\"color: #282828; font-size: 85%; background-color: #91c9c9;\">GRASA SINTETICA PARA ALTA TEMPERATURA<\/span><\/strong><\/em><\/span><\/h3>\n<p><span style=\"color: #282828;\">TEMP-GUARDTM es una grasa sint\u00e9tica, de alta <\/span><span style=\"color: #282828;\">calidad, para aplicaciones con alta temperatura. <\/span><span style=\"color: #282828;\">Contiene grafito y bisulfuro de molibdeno, los que le <\/span><span style=\"color: #282828;\">otorgan al producto caracter\u00edsticas tanto de baja <\/span><span style=\"color: #282828;\">fricci\u00f3n como de extrema presi\u00f3n. Adem\u00e1s, su fluido sint\u00e9tico <\/span><span style=\"color: #282828;\">le provee excelentes caracter\u00edsticas de fluidez a <\/span><span style=\"color: #282828;\">temperaturas bajas y de estabilidad en temperaturas <\/span><span style=\"color: #282828;\">altas. <\/span><\/p>\n<p><span style=\"color: #282828;\">Por otro lado, su inherente resistencia a la oxidaci\u00f3n est\u00e1 <\/span><span style=\"color: #282828;\">potenciada a trav\u00e9s de sus controladores <\/span><span style=\"color: #282828;\">antioxidantes para altas temperaturas. Por lo tanto, no deja <\/span><span style=\"color: #282828;\">ning\u00fan residuo carbonoso. Adem\u00e1s, no contiene ning\u00fan <\/span><span style=\"color: #282828;\">pol\u00edmero para lograr su viscosidad o \u00edndice de <\/span><span style=\"color: #282828;\">viscosidad. Esta caracter\u00edstica \u00fanica evita la <\/span><span style=\"color: #282828;\">formaci\u00f3n de dep\u00f3sitos o barnices cuando es <\/span><span style=\"color: #282828;\">aplicada a altas temperaturas.<\/span><\/p>\n<p><span style=\"color: #282828;\">Asimismo, esta grasa no contiene aditivos <\/span><span style=\"color: #282828;\">organomet\u00e1licos que puedan descomponerse a <\/span><span style=\"color: #282828;\">temperaturas elevadas y reducir las propiedades <\/span><span style=\"color: #282828;\">lubricantes del producto. Por ultimo, sus excelentes propiedades <\/span><span style=\"color: #282828;\">antifricci\u00f3n y antidesgaste son el resultado de su <\/span><span style=\"color: #282828;\">equilibrado contenido de lubricantes sint\u00e9ticos, <\/span><span style=\"color: #282828;\">bisulfuro de molibdeno y grafito. <\/span><\/p>\n<ul>\n<li><span style=\"color: #282828;\">No contiene aceites ni aditivos minerales; <\/span><\/li>\n<li><span style=\"color: #282828;\">Alto punto de inflamaci\u00f3n;<\/span><\/li>\n<li><span style=\"color: #282828;\">Excelentes propiedades a bajas temperaturas;<\/span><\/li>\n<li><span style=\"color: #282828;\">No gotea ni carboniza a altas temperaturas;<\/span><\/li>\n<li><span style=\"color: #282828;\">Pel\u00edcula tenaz con bajo coeficiente de fricci\u00f3n;<\/span><\/li>\n<li><span style=\"color: #282828;\">Baja volatilidad que reduce humos y olores;<\/span><\/li>\n<li><span style=\"color: #282828;\">Color negro.<\/span><\/li>\n<\/ul>\n<h3><span style=\"background-color: #91c9c9;\"><em><strong><span style=\"color: #282828; font-size: 85%; background-color: #91c9c9;\">APLICACIONES<\/span><\/strong><\/em><\/span><\/h3>\n<ul>\n<li><span style=\"color: #282828;\">Rodamientos y cojinetes a bolilla, planos y <\/span><span style=\"color: #282828;\">antifricci\u00f3n;<\/span><\/li>\n<li><span style=\"color: #282828;\">Cojinetes de hornos;<\/span><\/li>\n<li><span style=\"color: #282828;\">Trituradoras;<\/span><\/li>\n<li><span style=\"color: #282828;\">Hornos de fundici\u00f3n;<\/span><\/li>\n<li><span style=\"color: #282828;\">Gu\u00edas de imprentas;<\/span><\/li>\n<li><span style=\"color: #282828;\">Cintas transportadoras de hornos, <\/span><span style=\"color: #282828;\">ventiladores y sopladoras.<\/span><\/li>\n<\/ul>\n<p><a href=\"https:\/\/pldistribucion.com.ar\/web\/wp-content\/uploads\/Temp-Guard.pdf\" target=\"_blank\" rel=\"noopener\"><strong>Ver ficha t\u00e9cnica<\/strong><\/a><\/p>\n<p><span style=\"color: #0000ff;\"><a style=\"color: #0000ff;\" href=\"https:\/\/pldistribucion.com.ar\/web\/categoria-producto\/lubricantes\/?filter_marcas=jetlube\"><strong>Ver m\u00e1s productos JET LUBE<\/strong><\/a><\/span><\/p>\n","protected":false},"excerpt":{"rendered":"<p><img loading=\"lazy\" decoding=\"async\" class=\"alignnone size-medium wp-image-1744\" src=\"https:\/\/pldistribucion.com.ar\/web\/wp-content\/uploads\/JetLubeLogo-orange-sm-300x70.png\" alt=\"\" width=\"300\" height=\"70\" srcset=\"https:\/\/pldistribucion.com.ar\/web\/wp-content\/uploads\/JetLubeLogo-orange-sm-300x70.png 300w, https:\/\/pldistribucion.com.ar\/web\/wp-content\/uploads\/JetLubeLogo-orange-sm.png 600w\" sizes=\"(max-width: 300px) 100vw, 300px\" \/><\/p>\n","protected":false},"featured_media":1756,"comment_status":"open","ping_status":"closed","template":"","meta":[],"product_cat":[16,93],"product_tag":[],"yoast_head":"<!-- This site is optimized with the Yoast SEO plugin v23.0 - https:\/\/yoast.com\/wordpress\/plugins\/seo\/ -->\n<title>JET LUBE TEMP-GUARD - Perfomance Lube -Lubricentro<\/title>\n<meta name=\"description\" content=\"Distribuidor de lubricantes JET LUBE de diferentes aplicaciones. Env\u00edos a todo el pa\u00eds. Variedad de productos y stock disponible.\" \/>\n<meta name=\"robots\" content=\"index, follow, max-snippet:-1, max-image-preview:large, max-video-preview:-1\" \/>\n<link rel=\"canonical\" href=\"https:\/\/pldistribucion.com.ar\/web\/producto\/jet-lube-temp-guard\/\" \/>\n<meta property=\"og:locale\" content=\"es_ES\" \/>\n<meta property=\"og:type\" content=\"article\" \/>\n<meta property=\"og:title\" content=\"JET LUBE TEMP-GUARD - Perfomance Lube -Lubricentro\" \/>\n<meta property=\"og:description\" content=\"Distribuidor de lubricantes JET LUBE de diferentes aplicaciones. Env\u00edos a todo el pa\u00eds. Variedad de productos y stock disponible.\" \/>\n<meta property=\"og:url\" content=\"https:\/\/pldistribucion.com.ar\/web\/producto\/jet-lube-temp-guard\/\" \/>\n<meta property=\"og:site_name\" content=\"Perfomance Lube\" \/>\n<meta property=\"article:modified_time\" content=\"2021-10-19T17:48:35+00:00\" \/>\n<meta property=\"og:image\" content=\"https:\/\/pldistribucion.com.ar\/web\/wp-content\/uploads\/418BxCleaXL._SR600315_PIWhiteStripBottomLeft035_SCLZZZZZZZ_FMpng_BG255255255-e1634665703858.png\" \/>\n\t<meta property=\"og:image:width\" content=\"357\" \/>\n\t<meta property=\"og:image:height\" content=\"315\" \/>\n\t<meta property=\"og:image:type\" content=\"image\/png\" \/>\n<meta name=\"twitter:card\" content=\"summary_large_image\" \/>\n<meta name=\"twitter:label1\" content=\"Tiempo de lectura\" \/>\n\t<meta name=\"twitter:data1\" content=\"1 minuto\" \/>\n<script type=\"application\/ld+json\" class=\"yoast-schema-graph\">{\"@context\":\"https:\/\/schema.org\",\"@graph\":[{\"@type\":\"WebPage\",\"@id\":\"https:\/\/pldistribucion.com.ar\/web\/producto\/jet-lube-temp-guard\/\",\"url\":\"https:\/\/pldistribucion.com.ar\/web\/producto\/jet-lube-temp-guard\/\",\"name\":\"JET LUBE TEMP-GUARD - Perfomance Lube -Lubricentro\",\"isPartOf\":{\"@id\":\"https:\/\/pldistribucion.com.ar\/web\/#website\"},\"primaryImageOfPage\":{\"@id\":\"https:\/\/pldistribucion.com.ar\/web\/producto\/jet-lube-temp-guard\/#primaryimage\"},\"image\":{\"@id\":\"https:\/\/pldistribucion.com.ar\/web\/producto\/jet-lube-temp-guard\/#primaryimage\"},\"thumbnailUrl\":\"https:\/\/pldistribucion.com.ar\/web\/wp-content\/uploads\/418BxCleaXL._SR600315_PIWhiteStripBottomLeft035_SCLZZZZZZZ_FMpng_BG255255255-e1634665703858.png\",\"datePublished\":\"2021-10-19T17:38:29+00:00\",\"dateModified\":\"2021-10-19T17:48:35+00:00\",\"description\":\"Distribuidor de lubricantes JET LUBE de diferentes aplicaciones. Env\u00edos a todo el pa\u00eds. Variedad de productos y stock disponible.\",\"breadcrumb\":{\"@id\":\"https:\/\/pldistribucion.com.ar\/web\/producto\/jet-lube-temp-guard\/#breadcrumb\"},\"inLanguage\":\"es\",\"potentialAction\":[{\"@type\":\"ReadAction\",\"target\":[\"https:\/\/pldistribucion.com.ar\/web\/producto\/jet-lube-temp-guard\/\"]}]},{\"@type\":\"ImageObject\",\"inLanguage\":\"es\",\"@id\":\"https:\/\/pldistribucion.com.ar\/web\/producto\/jet-lube-temp-guard\/#primaryimage\",\"url\":\"https:\/\/pldistribucion.com.ar\/web\/wp-content\/uploads\/418BxCleaXL._SR600315_PIWhiteStripBottomLeft035_SCLZZZZZZZ_FMpng_BG255255255-e1634665703858.png\",\"contentUrl\":\"https:\/\/pldistribucion.com.ar\/web\/wp-content\/uploads\/418BxCleaXL._SR600315_PIWhiteStripBottomLeft035_SCLZZZZZZZ_FMpng_BG255255255-e1634665703858.png\",\"width\":357,\"height\":315},{\"@type\":\"BreadcrumbList\",\"@id\":\"https:\/\/pldistribucion.com.ar\/web\/producto\/jet-lube-temp-guard\/#breadcrumb\",\"itemListElement\":[{\"@type\":\"ListItem\",\"position\":1,\"name\":\"Portada\",\"item\":\"https:\/\/pldistribucion.com.ar\/web\/\"},{\"@type\":\"ListItem\",\"position\":2,\"name\":\"Productos\",\"item\":\"https:\/\/pldistribucion.com.ar\/web\/productos\/\"},{\"@type\":\"ListItem\",\"position\":3,\"name\":\"JET LUBE TEMP-GUARD\"}]},{\"@type\":\"WebSite\",\"@id\":\"https:\/\/pldistribucion.com.ar\/web\/#website\",\"url\":\"https:\/\/pldistribucion.com.ar\/web\/\",\"name\":\"Perfomance Lube\",\"description\":\"\",\"publisher\":{\"@id\":\"https:\/\/pldistribucion.com.ar\/web\/#organization\"},\"potentialAction\":[{\"@type\":\"SearchAction\",\"target\":{\"@type\":\"EntryPoint\",\"urlTemplate\":\"https:\/\/pldistribucion.com.ar\/web\/?s={search_term_string}\"},\"query-input\":\"required name=search_term_string\"}],\"inLanguage\":\"es\"},{\"@type\":\"Organization\",\"@id\":\"https:\/\/pldistribucion.com.ar\/web\/#organization\",\"name\":\"PERFORMANCE LUBE\",\"url\":\"https:\/\/pldistribucion.com.ar\/web\/\",\"logo\":{\"@type\":\"ImageObject\",\"inLanguage\":\"es\",\"@id\":\"https:\/\/pldistribucion.com.ar\/web\/#\/schema\/logo\/image\/\",\"url\":\"https:\/\/pldistribucion.com.ar\/web\/wp-content\/uploads\/pld_logo_GB-removebg-preview.png\",\"contentUrl\":\"https:\/\/pldistribucion.com.ar\/web\/wp-content\/uploads\/pld_logo_GB-removebg-preview.png\",\"width\":787,\"height\":317,\"caption\":\"PERFORMANCE LUBE\"},\"image\":{\"@id\":\"https:\/\/pldistribucion.com.ar\/web\/#\/schema\/logo\/image\/\"}}]}<\/script>\n<!-- \/ Yoast SEO plugin. -->","yoast_head_json":{"title":"JET LUBE TEMP-GUARD - Perfomance Lube -Lubricentro","description":"Distribuidor de lubricantes JET LUBE de diferentes aplicaciones. Env\u00edos a todo el pa\u00eds. Variedad de productos y stock disponible.","robots":{"index":"index","follow":"follow","max-snippet":"max-snippet:-1","max-image-preview":"max-image-preview:large","max-video-preview":"max-video-preview:-1"},"canonical":"https:\/\/pldistribucion.com.ar\/web\/producto\/jet-lube-temp-guard\/","og_locale":"es_ES","og_type":"article","og_title":"JET LUBE TEMP-GUARD - Perfomance Lube -Lubricentro","og_description":"Distribuidor de lubricantes JET LUBE de diferentes aplicaciones. Env\u00edos a todo el pa\u00eds. Variedad de productos y stock disponible.","og_url":"https:\/\/pldistribucion.com.ar\/web\/producto\/jet-lube-temp-guard\/","og_site_name":"Perfomance Lube","article_modified_time":"2021-10-19T17:48:35+00:00","og_image":[{"width":357,"height":315,"url":"https:\/\/pldistribucion.com.ar\/web\/wp-content\/uploads\/418BxCleaXL._SR600315_PIWhiteStripBottomLeft035_SCLZZZZZZZ_FMpng_BG255255255-e1634665703858.png","type":"image\/png"}],"twitter_card":"summary_large_image","twitter_misc":{"Tiempo de lectura":"1 minuto"},"schema":{"@context":"https:\/\/schema.org","@graph":[{"@type":"WebPage","@id":"https:\/\/pldistribucion.com.ar\/web\/producto\/jet-lube-temp-guard\/","url":"https:\/\/pldistribucion.com.ar\/web\/producto\/jet-lube-temp-guard\/","name":"JET LUBE TEMP-GUARD - Perfomance Lube -Lubricentro","isPartOf":{"@id":"https:\/\/pldistribucion.com.ar\/web\/#website"},"primaryImageOfPage":{"@id":"https:\/\/pldistribucion.com.ar\/web\/producto\/jet-lube-temp-guard\/#primaryimage"},"image":{"@id":"https:\/\/pldistribucion.com.ar\/web\/producto\/jet-lube-temp-guard\/#primaryimage"},"thumbnailUrl":"https:\/\/pldistribucion.com.ar\/web\/wp-content\/uploads\/418BxCleaXL._SR600315_PIWhiteStripBottomLeft035_SCLZZZZZZZ_FMpng_BG255255255-e1634665703858.png","datePublished":"2021-10-19T17:38:29+00:00","dateModified":"2021-10-19T17:48:35+00:00","description":"Distribuidor de lubricantes JET LUBE de diferentes aplicaciones. Env\u00edos a todo el pa\u00eds. Variedad de productos y stock disponible.","breadcrumb":{"@id":"https:\/\/pldistribucion.com.ar\/web\/producto\/jet-lube-temp-guard\/#breadcrumb"},"inLanguage":"es","potentialAction":[{"@type":"ReadAction","target":["https:\/\/pldistribucion.com.ar\/web\/producto\/jet-lube-temp-guard\/"]}]},{"@type":"ImageObject","inLanguage":"es","@id":"https:\/\/pldistribucion.com.ar\/web\/producto\/jet-lube-temp-guard\/#primaryimage","url":"https:\/\/pldistribucion.com.ar\/web\/wp-content\/uploads\/418BxCleaXL._SR600315_PIWhiteStripBottomLeft035_SCLZZZZZZZ_FMpng_BG255255255-e1634665703858.png","contentUrl":"https:\/\/pldistribucion.com.ar\/web\/wp-content\/uploads\/418BxCleaXL._SR600315_PIWhiteStripBottomLeft035_SCLZZZZZZZ_FMpng_BG255255255-e1634665703858.png","width":357,"height":315},{"@type":"BreadcrumbList","@id":"https:\/\/pldistribucion.com.ar\/web\/producto\/jet-lube-temp-guard\/#breadcrumb","itemListElement":[{"@type":"ListItem","position":1,"name":"Portada","item":"https:\/\/pldistribucion.com.ar\/web\/"},{"@type":"ListItem","position":2,"name":"Productos","item":"https:\/\/pldistribucion.com.ar\/web\/productos\/"},{"@type":"ListItem","position":3,"name":"JET LUBE TEMP-GUARD"}]},{"@type":"WebSite","@id":"https:\/\/pldistribucion.com.ar\/web\/#website","url":"https:\/\/pldistribucion.com.ar\/web\/","name":"Perfomance Lube","description":"","publisher":{"@id":"https:\/\/pldistribucion.com.ar\/web\/#organization"},"potentialAction":[{"@type":"SearchAction","target":{"@type":"EntryPoint","urlTemplate":"https:\/\/pldistribucion.com.ar\/web\/?s={search_term_string}"},"query-input":"required name=search_term_string"}],"inLanguage":"es"},{"@type":"Organization","@id":"https:\/\/pldistribucion.com.ar\/web\/#organization","name":"PERFORMANCE LUBE","url":"https:\/\/pldistribucion.com.ar\/web\/","logo":{"@type":"ImageObject","inLanguage":"es","@id":"https:\/\/pldistribucion.com.ar\/web\/#\/schema\/logo\/image\/","url":"https:\/\/pldistribucion.com.ar\/web\/wp-content\/uploads\/pld_logo_GB-removebg-preview.png","contentUrl":"https:\/\/pldistribucion.com.ar\/web\/wp-content\/uploads\/pld_logo_GB-removebg-preview.png","width":787,"height":317,"caption":"PERFORMANCE LUBE"},"image":{"@id":"https:\/\/pldistribucion.com.ar\/web\/#\/schema\/logo\/image\/"}}]}},"_links":{"self":[{"href":"https:\/\/pldistribucion.com.ar\/web\/wp-json\/wp\/v2\/product\/1749"}],"collection":[{"href":"https:\/\/pldistribucion.com.ar\/web\/wp-json\/wp\/v2\/product"}],"about":[{"href":"https:\/\/pldistribucion.com.ar\/web\/wp-json\/wp\/v2\/types\/product"}],"replies":[{"embeddable":true,"href":"https:\/\/pldistribucion.com.ar\/web\/wp-json\/wp\/v2\/comments?post=1749"}],"wp:featuredmedia":[{"embeddable":true,"href":"https:\/\/pldistribucion.com.ar\/web\/wp-json\/wp\/v2\/media\/1756"}],"wp:attachment":[{"href":"https:\/\/pldistribucion.com.ar\/web\/wp-json\/wp\/v2\/media?parent=1749"}],"wp:term":[{"taxonomy":"product_cat","embeddable":true,"href":"https:\/\/pldistribucion.com.ar\/web\/wp-json\/wp\/v2\/product_cat?post=1749"},{"taxonomy":"product_tag","embeddable":true,"href":"https:\/\/pldistribucion.com.ar\/web\/wp-json\/wp\/v2\/product_tag?post=1749"}],"curies":[{"name":"wp","href":"https:\/\/api.w.org\/{rel}","templated":true}]}}