{"id":1746,"date":"2021-10-19T17:22:22","date_gmt":"2021-10-19T17:22:22","guid":{"rendered":"https:\/\/pldistribucion.com.ar\/web\/?post_type=product&#038;p=1746"},"modified":"2021-10-19T17:22:22","modified_gmt":"2021-10-19T17:22:22","slug":"jet-lube-ss-30","status":"publish","type":"product","link":"https:\/\/pldistribucion.com.ar\/web\/producto\/jet-lube-ss-30\/","title":{"rendered":"JET LUBE SS-30"},"content":{"rendered":"<h3><span style=\"background-color: #c4cfa5;\"><em><strong><span style=\"font-size: 85%; background-color: #c4cfa5;\">COMPUESTO PARA JUNTA Y ANTI-ENGRANE PARA ALTA TEMPERATURA<\/span><\/strong><\/em><\/span><\/h3>\n<p>SS-30TM literalmente recubre con cobre las uniones y superficies deslizantes met\u00e1licas brindando protecci\u00f3n<br \/>\ncontra el engrane, el agarrotamiento y el heat \/ freeze. Su alto contenido de part\u00edculas de cobre evita el contacto entre metales, manteniendo sus propiedades lubricantes a pesar de las variaciones de temperatura, expansi\u00f3n, contracci\u00f3n y presiones o cargas c\u00edclicas.<\/p>\n<p>Por otro lado, el alto contenido de micro part\u00edculas de cobre puro de SS-30 est\u00e1 homogeneizado en un carrier sin punto de goteo y no vol\u00e1til. No contiene plomo ni grafito y no es necesario que sea mezclado. No se separa, ni se asienta, ni se endurece o seca durante su almacenamiento. Est\u00e1 aditivado con inhibidores del \u00f3xido y la corrosi\u00f3n.<\/p>\n<p>Adem\u00e1s, SS-30 es de muy f\u00e1cil aplicaci\u00f3n con pincel y se adhiere tenazmente, a\u00fan sobre superficies h\u00famedas o aceitadas. De aplicaci\u00f3n uniforme en las ra\u00edces de las roscas y sobre cualquier superficie, lo que asegura una cobertura completa y eficiente. Puede aplicarse en forma directa sobre superficies calientes sin que por ello se desplace, gotee o diluya.<\/p>\n<p>Por ultimo, SS-30 est\u00e1 especialmente formulado para fittings de acero inoxidable, protegi\u00e9ndolos de la corrosi\u00f3n y sus consecuentes roturas. Funciona igualmente bien aplicado sobre una amplia gama de metales y partes unificadas, inclusive sobre acero, fundici\u00f3n, bronce, cobre, pl\u00e1stico y empaquetaduras de titanio.<\/p>\n<h3><span style=\"background-color: #c4cfa5;\"><em><strong><span style=\"font-size: 85%; background-color: #c4cfa5;\">VENTAJAS<\/span><\/strong><\/em><\/span><\/h3>\n<ul>\n<li><span style=\"color: #282828;\">No contiene plomo ni grafito;<\/span><\/li>\n<li><span style=\"color: #282828;\">Protege contra el agarrotamiento, heat\/freeze, engrane, herrumbre y corrosi\u00f3n;<\/span><\/li>\n<li><span style=\"color: #282828;\">Ideal para su uso sobre acero inoxidable y para uniones de metales dis\u00edmiles;<\/span><\/li>\n<li><span style=\"color: #282828;\">F\u00e1cil aplicaci\u00f3n;<\/span><\/li>\n<li><span style=\"color: #282828;\">Altamente adhesivo tanto en superficies h\u00famedas o secas;<\/span><\/li>\n<li><span style=\"color: #282828;\">Aplica una capa de cobre para evitar el contacto entre metales.<\/span><\/li>\n<li><span style=\"color: #282828;\">No se desplaza ni gotea;<\/span><\/li>\n<li><span style=\"color: #282828;\">Color cobre.<\/span><\/li>\n<\/ul>\n<h3><span style=\"background-color: #c4cfa5;\"><em><strong><span style=\"color: #282828; font-size: 85%; background-color: #c4cfa5;\">APLICACIONES<\/span><\/strong><\/em><\/span><\/h3>\n<ul>\n<li><span style=\"color: #282828;\">ALTA TEMPERATURA: en conexiones roscadas o bridadas de motores de combusti\u00f3n interna y a\u00e9reos, <\/span><span style=\"color: #282828;\">cambiadores de calor, hornos, catalizadores y dem\u00e1s aplicaciones de alta temperatura. <\/span><\/li>\n<li><span style=\"color: #282828;\">USOS GENERALES: clavijas, tuercas, pernos, tornillos, correderas, empalmes, cojinetes, bridas, superficies deslizantes.<\/span><\/li>\n<\/ul>\n<p><strong><a href=\"https:\/\/pldistribucion.com.ar\/web\/wp-content\/uploads\/SS-30.pdf\" target=\"_blank\" rel=\"noopener\">Ver ficha t\u00e9cnica<\/a><\/strong><\/p>\n<p><span style=\"color: #0000ff;\"><strong><a style=\"color: #0000ff;\" href=\"https:\/\/pldistribucion.com.ar\/web\/categoria-producto\/lubricantes\/?filter_marcas=jetlube\">Ver mas productos JET LUBE<\/a><\/strong><\/span><\/p>\n","protected":false},"excerpt":{"rendered":"<p><img loading=\"lazy\" decoding=\"async\" class=\"alignnone size-medium wp-image-1744\" src=\"https:\/\/pldistribucion.com.ar\/web\/wp-content\/uploads\/JetLubeLogo-orange-sm-300x70.png\" alt=\"\" width=\"300\" height=\"70\" srcset=\"https:\/\/pldistribucion.com.ar\/web\/wp-content\/uploads\/JetLubeLogo-orange-sm-300x70.png 300w, https:\/\/pldistribucion.com.ar\/web\/wp-content\/uploads\/JetLubeLogo-orange-sm.png 600w\" sizes=\"(max-width: 300px) 100vw, 300px\" \/><\/p>\n","protected":false},"featured_media":1748,"comment_status":"open","ping_status":"closed","template":"","meta":[],"product_cat":[16,93],"product_tag":[],"yoast_head":"<!-- This site is optimized with the Yoast SEO plugin v23.0 - https:\/\/yoast.com\/wordpress\/plugins\/seo\/ -->\n<title>JET LUBE SS-30 - Perfomance Lube -Lubricantes<\/title>\n<meta name=\"description\" content=\"Distribuidor de lubricantes JET LUBE de diferentes aplicaciones. Env\u00edos a todo el pa\u00eds. Variedad de productos y stock disponible.\" \/>\n<meta name=\"robots\" content=\"index, follow, max-snippet:-1, max-image-preview:large, max-video-preview:-1\" \/>\n<link rel=\"canonical\" href=\"https:\/\/pldistribucion.com.ar\/web\/producto\/jet-lube-ss-30\/\" \/>\n<meta property=\"og:locale\" content=\"es_ES\" \/>\n<meta property=\"og:type\" content=\"article\" \/>\n<meta property=\"og:title\" content=\"JET LUBE SS-30 - Perfomance Lube -Lubricantes\" \/>\n<meta property=\"og:description\" content=\"Distribuidor de lubricantes JET LUBE de diferentes aplicaciones. Env\u00edos a todo el pa\u00eds. Variedad de productos y stock disponible.\" \/>\n<meta property=\"og:url\" content=\"https:\/\/pldistribucion.com.ar\/web\/producto\/jet-lube-ss-30\/\" \/>\n<meta property=\"og:site_name\" content=\"Perfomance Lube\" \/>\n<meta property=\"og:image\" content=\"https:\/\/pldistribucion.com.ar\/web\/wp-content\/uploads\/Jet_Lube_SS_30_454.jpg\" \/>\n\t<meta property=\"og:image:width\" content=\"400\" \/>\n\t<meta property=\"og:image:height\" content=\"400\" \/>\n\t<meta property=\"og:image:type\" content=\"image\/jpeg\" \/>\n<meta name=\"twitter:card\" content=\"summary_large_image\" \/>\n<meta name=\"twitter:label1\" content=\"Tiempo de lectura\" \/>\n\t<meta name=\"twitter:data1\" content=\"2 minutos\" \/>\n<script type=\"application\/ld+json\" class=\"yoast-schema-graph\">{\"@context\":\"https:\/\/schema.org\",\"@graph\":[{\"@type\":\"WebPage\",\"@id\":\"https:\/\/pldistribucion.com.ar\/web\/producto\/jet-lube-ss-30\/\",\"url\":\"https:\/\/pldistribucion.com.ar\/web\/producto\/jet-lube-ss-30\/\",\"name\":\"JET LUBE SS-30 - Perfomance Lube -Lubricantes\",\"isPartOf\":{\"@id\":\"https:\/\/pldistribucion.com.ar\/web\/#website\"},\"primaryImageOfPage\":{\"@id\":\"https:\/\/pldistribucion.com.ar\/web\/producto\/jet-lube-ss-30\/#primaryimage\"},\"image\":{\"@id\":\"https:\/\/pldistribucion.com.ar\/web\/producto\/jet-lube-ss-30\/#primaryimage\"},\"thumbnailUrl\":\"https:\/\/pldistribucion.com.ar\/web\/wp-content\/uploads\/Jet_Lube_SS_30_454.jpg\",\"datePublished\":\"2021-10-19T17:22:22+00:00\",\"dateModified\":\"2021-10-19T17:22:22+00:00\",\"description\":\"Distribuidor de lubricantes JET LUBE de diferentes aplicaciones. Env\u00edos a todo el pa\u00eds. Variedad de productos y stock disponible.\",\"breadcrumb\":{\"@id\":\"https:\/\/pldistribucion.com.ar\/web\/producto\/jet-lube-ss-30\/#breadcrumb\"},\"inLanguage\":\"es\",\"potentialAction\":[{\"@type\":\"ReadAction\",\"target\":[\"https:\/\/pldistribucion.com.ar\/web\/producto\/jet-lube-ss-30\/\"]}]},{\"@type\":\"ImageObject\",\"inLanguage\":\"es\",\"@id\":\"https:\/\/pldistribucion.com.ar\/web\/producto\/jet-lube-ss-30\/#primaryimage\",\"url\":\"https:\/\/pldistribucion.com.ar\/web\/wp-content\/uploads\/Jet_Lube_SS_30_454.jpg\",\"contentUrl\":\"https:\/\/pldistribucion.com.ar\/web\/wp-content\/uploads\/Jet_Lube_SS_30_454.jpg\",\"width\":400,\"height\":400},{\"@type\":\"BreadcrumbList\",\"@id\":\"https:\/\/pldistribucion.com.ar\/web\/producto\/jet-lube-ss-30\/#breadcrumb\",\"itemListElement\":[{\"@type\":\"ListItem\",\"position\":1,\"name\":\"Portada\",\"item\":\"https:\/\/pldistribucion.com.ar\/web\/\"},{\"@type\":\"ListItem\",\"position\":2,\"name\":\"Productos\",\"item\":\"https:\/\/pldistribucion.com.ar\/web\/productos\/\"},{\"@type\":\"ListItem\",\"position\":3,\"name\":\"JET LUBE SS-30\"}]},{\"@type\":\"WebSite\",\"@id\":\"https:\/\/pldistribucion.com.ar\/web\/#website\",\"url\":\"https:\/\/pldistribucion.com.ar\/web\/\",\"name\":\"Perfomance Lube\",\"description\":\"\",\"publisher\":{\"@id\":\"https:\/\/pldistribucion.com.ar\/web\/#organization\"},\"potentialAction\":[{\"@type\":\"SearchAction\",\"target\":{\"@type\":\"EntryPoint\",\"urlTemplate\":\"https:\/\/pldistribucion.com.ar\/web\/?s={search_term_string}\"},\"query-input\":\"required name=search_term_string\"}],\"inLanguage\":\"es\"},{\"@type\":\"Organization\",\"@id\":\"https:\/\/pldistribucion.com.ar\/web\/#organization\",\"name\":\"PERFORMANCE LUBE\",\"url\":\"https:\/\/pldistribucion.com.ar\/web\/\",\"logo\":{\"@type\":\"ImageObject\",\"inLanguage\":\"es\",\"@id\":\"https:\/\/pldistribucion.com.ar\/web\/#\/schema\/logo\/image\/\",\"url\":\"https:\/\/pldistribucion.com.ar\/web\/wp-content\/uploads\/pld_logo_GB-removebg-preview.png\",\"contentUrl\":\"https:\/\/pldistribucion.com.ar\/web\/wp-content\/uploads\/pld_logo_GB-removebg-preview.png\",\"width\":787,\"height\":317,\"caption\":\"PERFORMANCE LUBE\"},\"image\":{\"@id\":\"https:\/\/pldistribucion.com.ar\/web\/#\/schema\/logo\/image\/\"}}]}<\/script>\n<!-- \/ Yoast SEO plugin. -->","yoast_head_json":{"title":"JET LUBE SS-30 - Perfomance Lube -Lubricantes","description":"Distribuidor de lubricantes JET LUBE de diferentes aplicaciones. Env\u00edos a todo el pa\u00eds. Variedad de productos y stock disponible.","robots":{"index":"index","follow":"follow","max-snippet":"max-snippet:-1","max-image-preview":"max-image-preview:large","max-video-preview":"max-video-preview:-1"},"canonical":"https:\/\/pldistribucion.com.ar\/web\/producto\/jet-lube-ss-30\/","og_locale":"es_ES","og_type":"article","og_title":"JET LUBE SS-30 - Perfomance Lube -Lubricantes","og_description":"Distribuidor de lubricantes JET LUBE de diferentes aplicaciones. Env\u00edos a todo el pa\u00eds. Variedad de productos y stock disponible.","og_url":"https:\/\/pldistribucion.com.ar\/web\/producto\/jet-lube-ss-30\/","og_site_name":"Perfomance Lube","og_image":[{"width":400,"height":400,"url":"https:\/\/pldistribucion.com.ar\/web\/wp-content\/uploads\/Jet_Lube_SS_30_454.jpg","type":"image\/jpeg"}],"twitter_card":"summary_large_image","twitter_misc":{"Tiempo de lectura":"2 minutos"},"schema":{"@context":"https:\/\/schema.org","@graph":[{"@type":"WebPage","@id":"https:\/\/pldistribucion.com.ar\/web\/producto\/jet-lube-ss-30\/","url":"https:\/\/pldistribucion.com.ar\/web\/producto\/jet-lube-ss-30\/","name":"JET LUBE SS-30 - Perfomance Lube -Lubricantes","isPartOf":{"@id":"https:\/\/pldistribucion.com.ar\/web\/#website"},"primaryImageOfPage":{"@id":"https:\/\/pldistribucion.com.ar\/web\/producto\/jet-lube-ss-30\/#primaryimage"},"image":{"@id":"https:\/\/pldistribucion.com.ar\/web\/producto\/jet-lube-ss-30\/#primaryimage"},"thumbnailUrl":"https:\/\/pldistribucion.com.ar\/web\/wp-content\/uploads\/Jet_Lube_SS_30_454.jpg","datePublished":"2021-10-19T17:22:22+00:00","dateModified":"2021-10-19T17:22:22+00:00","description":"Distribuidor de lubricantes JET LUBE de diferentes aplicaciones. Env\u00edos a todo el pa\u00eds. Variedad de productos y stock disponible.","breadcrumb":{"@id":"https:\/\/pldistribucion.com.ar\/web\/producto\/jet-lube-ss-30\/#breadcrumb"},"inLanguage":"es","potentialAction":[{"@type":"ReadAction","target":["https:\/\/pldistribucion.com.ar\/web\/producto\/jet-lube-ss-30\/"]}]},{"@type":"ImageObject","inLanguage":"es","@id":"https:\/\/pldistribucion.com.ar\/web\/producto\/jet-lube-ss-30\/#primaryimage","url":"https:\/\/pldistribucion.com.ar\/web\/wp-content\/uploads\/Jet_Lube_SS_30_454.jpg","contentUrl":"https:\/\/pldistribucion.com.ar\/web\/wp-content\/uploads\/Jet_Lube_SS_30_454.jpg","width":400,"height":400},{"@type":"BreadcrumbList","@id":"https:\/\/pldistribucion.com.ar\/web\/producto\/jet-lube-ss-30\/#breadcrumb","itemListElement":[{"@type":"ListItem","position":1,"name":"Portada","item":"https:\/\/pldistribucion.com.ar\/web\/"},{"@type":"ListItem","position":2,"name":"Productos","item":"https:\/\/pldistribucion.com.ar\/web\/productos\/"},{"@type":"ListItem","position":3,"name":"JET LUBE SS-30"}]},{"@type":"WebSite","@id":"https:\/\/pldistribucion.com.ar\/web\/#website","url":"https:\/\/pldistribucion.com.ar\/web\/","name":"Perfomance Lube","description":"","publisher":{"@id":"https:\/\/pldistribucion.com.ar\/web\/#organization"},"potentialAction":[{"@type":"SearchAction","target":{"@type":"EntryPoint","urlTemplate":"https:\/\/pldistribucion.com.ar\/web\/?s={search_term_string}"},"query-input":"required name=search_term_string"}],"inLanguage":"es"},{"@type":"Organization","@id":"https:\/\/pldistribucion.com.ar\/web\/#organization","name":"PERFORMANCE LUBE","url":"https:\/\/pldistribucion.com.ar\/web\/","logo":{"@type":"ImageObject","inLanguage":"es","@id":"https:\/\/pldistribucion.com.ar\/web\/#\/schema\/logo\/image\/","url":"https:\/\/pldistribucion.com.ar\/web\/wp-content\/uploads\/pld_logo_GB-removebg-preview.png","contentUrl":"https:\/\/pldistribucion.com.ar\/web\/wp-content\/uploads\/pld_logo_GB-removebg-preview.png","width":787,"height":317,"caption":"PERFORMANCE LUBE"},"image":{"@id":"https:\/\/pldistribucion.com.ar\/web\/#\/schema\/logo\/image\/"}}]}},"_links":{"self":[{"href":"https:\/\/pldistribucion.com.ar\/web\/wp-json\/wp\/v2\/product\/1746"}],"collection":[{"href":"https:\/\/pldistribucion.com.ar\/web\/wp-json\/wp\/v2\/product"}],"about":[{"href":"https:\/\/pldistribucion.com.ar\/web\/wp-json\/wp\/v2\/types\/product"}],"replies":[{"embeddable":true,"href":"https:\/\/pldistribucion.com.ar\/web\/wp-json\/wp\/v2\/comments?post=1746"}],"wp:featuredmedia":[{"embeddable":true,"href":"https:\/\/pldistribucion.com.ar\/web\/wp-json\/wp\/v2\/media\/1748"}],"wp:attachment":[{"href":"https:\/\/pldistribucion.com.ar\/web\/wp-json\/wp\/v2\/media?parent=1746"}],"wp:term":[{"taxonomy":"product_cat","embeddable":true,"href":"https:\/\/pldistribucion.com.ar\/web\/wp-json\/wp\/v2\/product_cat?post=1746"},{"taxonomy":"product_tag","embeddable":true,"href":"https:\/\/pldistribucion.com.ar\/web\/wp-json\/wp\/v2\/product_tag?post=1746"}],"curies":[{"name":"wp","href":"https:\/\/api.w.org\/{rel}","templated":true}]}}