{"id":1623,"date":"2021-08-05T17:06:14","date_gmt":"2021-08-05T17:06:14","guid":{"rendered":"https:\/\/pldistribucion.com.ar\/web\/?post_type=product&#038;p=1623"},"modified":"2022-03-03T14:29:49","modified_gmt":"2022-03-03T14:29:49","slug":"aeroshell-grease-22","status":"publish","type":"product","link":"https:\/\/pldistribucion.com.ar\/web\/producto\/aeroshell-grease-22\/","title":{"rendered":"AEROSHELL GREASE 22"},"content":{"rendered":"<h1><strong style=\"font-size: 80%;\">AEROSHELL GREASE 22 \/ Grasa sint\u00e9tica para aviones.<\/strong><\/h1>\n<h3><em><span style=\"background-color: #ebbe96; font-size: 80%;\"><strong>DESCRIPCI\u00d3N DEL PRODUCTO<\/strong><\/span><\/em><\/h3>\n<p><span style=\"color: #000000;\">AEROSHELL GREASE 22\u00a0es una grasa de aviaci\u00f3n de uso general que ofrece una excelente resistencia a la corrosi\u00f3n, propiedades antidesgaste y propiedades de transporte de carga en las condiciones operativas extremas a las que se enfrenta su aeronave. Adem\u00e1s de los cojinetes de las ruedas, use AeroShell Grease 22 en una amplia gama de aplicaciones, incluidos los accesorios del motor, los sistemas de control, los trenes de aterrizaje y m\u00e1s.<\/span><\/p>\n<p><span style=\"color: #000000;\">Aprenda sobre AeroShell Grease 22, incluido c\u00f3mo usarlo y por qu\u00e9 deber\u00eda elegirlo.<\/span><\/p>\n<h3><span style=\"font-size: 80%;\"><em><span style=\"background-color: #ebbe96;\"><strong>CARACTER\u00cdSTICAS Y BENEFICIOS<\/strong><\/span><\/em><\/span><\/h3>\n<ul>\n<li><span style=\"color: #000000;\">Est\u00e1 compuesto por aceite de hidrocarburo sint\u00e9tico espesado con Microgel\u00ae, con caracter\u00edsticas de desempe\u00f1o sobresalientes.<\/span><\/li>\n<li><span style=\"color: #000000;\">Est\u00e1 dise\u00f1ada para proteger los cojinetes de las ruedas de los aviones que operan bajo cargas y velocidades elevadas y amplios rangos de temperatura.<\/span><\/li>\n<li><span style=\"color: #000000;\">Es una buena opci\u00f3n para cojinetes de ruedas y otros componentes cr\u00edticos, gracias a su excelente capacidad de carga y resistencia al desgaste, corrosi\u00f3n, oxidaci\u00f3n y lavado por agua.<\/span><\/li>\n<\/ul>\n<p><span style=\"color: #000000;\">Esta grasa se dise\u00f1\u00f3 para proteger los cojinetes de las ruedas de los aviones que operan en estas condiciones severas. Est\u00e1 compuesto de un hidrocarburo sint\u00e9tico y ofrece una alternativa a AeroShell Grease 5 fuera de Am\u00e9rica.<\/span><\/p>\n<p><span style=\"color: #000000;\">Tambi\u00e9n puede ayudar a extender la vida \u00fatil de los componentes y reducir los costos de mantenimiento a trav\u00e9s de su excelente capacidad de carga y resistencia al desgaste, corrosi\u00f3n, oxidaci\u00f3n y lavado por agua.<\/span><\/p>\n<h3><span style=\"background-color: #ebbe96; font-size: 80%;\"><b><i>APLICACIONES<\/i><\/b><\/span><\/h3>\n<p><span style=\"color: #000000;\">Use AeroShell Grease 22 en una variedad de aplicaciones, que incluyen:<\/span><\/p>\n<ul>\n<li><span style=\"color: #000000;\">Cojinetes de ruedas de aviones.<\/span><\/li>\n<li><span style=\"color: #000000;\">Accesorios de motor.<\/span><\/li>\n<li><span style=\"color: #000000;\">Sistemas de control.<\/span><\/li>\n<li><span style=\"color: #000000;\">Actuadores.<\/span><\/li>\n<li><span style=\"color: #000000;\">Gatos de tornillo.<\/span><\/li>\n<li><span style=\"color: #000000;\">Servomecanismos.<\/span><\/li>\n<li><span style=\"color: #000000;\">Motor electrico.<\/span><\/li>\n<li><span style=\"color: #000000;\">Cojinetes de rotor de helic\u00f3ptero.<\/span><\/li>\n<li><span style=\"color: #000000;\">Instrumentos.<\/span><\/li>\n<li><span style=\"color: #000000;\">Lubricaci\u00f3n de la estructura del avi\u00f3n.<\/span><\/li>\n<li><span style=\"color: #000000;\">Pasadores de bisagra.<\/span><\/li>\n<li><span style=\"color: #000000;\">Juntas est\u00e1ticas.<\/span><\/li>\n<li><span style=\"color: #000000;\">Trenes de aterrizaje.<\/span><\/li>\n<\/ul>\n<h3><span style=\"background-color: #ebbe96; font-size: 80%;\"><b>PROPIEDADES T\u00cdPICAS<\/b><\/span><\/h3>\n<p><span style=\"color: #000000;\">Estas son algunas de las propiedades t\u00edpicas de esta grasa y vea c\u00f3mo se comparan con los requisitos de la especificaci\u00f3n MIL-PRF-81322G.<\/span><\/p>\n<ul>\n<li><span style=\"color: #000000;\">Tipo de aceite: hidrocarburo sint\u00e9tico.<\/span><\/li>\n<li><span style=\"color: #000000;\">Rango de temperatura de funcionamiento \u00fatil: -54 \u00b0 C a + 177 \u00b0 C.<\/span><\/li>\n<li><span style=\"color: #000000;\">Rendimiento del rodamiento antifricci\u00f3n a 177 \u00b0 C: m\u00e1s de 400 horas.<\/span><\/li>\n<li><span style=\"color: #000000;\">Capacidad de carga \/ \u00edndice de desgaste de la carga: 40 kg.<\/span><\/li>\n<li><span style=\"color: #000000;\">Corrosi\u00f3n del cobre durante 24 horas a 100 \u00b0 C: pasa esta prueba para la especificaci\u00f3n MIL-PRF-81322G.<\/span><\/li>\n<li><span style=\"color: #000000;\">Color: \u00e1mbar.<\/span><\/li>\n<li>\n<h3><span style=\"font-size: 80%;\"><em><span style=\"background-color: #ebbe96;\"><b>ESPECIFICACIONES<\/b><\/span><\/em><\/span><\/h3>\n<ul>\n<li><span style=\"color: #000000;\">EE. UU. &#8211; Aprobado MIL-PRF-81322G NLGI Grado 2, Aprobado DOD-G-24508A<\/span><\/li>\n<li><span style=\"color: #000000;\">Reino Unido &#8211; Aprobado DEF STAN 91-52<\/span><\/li>\n<li><span style=\"color: #000000;\">Francia &#8211; Aprobado DCSEA 395 \/ A<\/span><\/li>\n<li><span style=\"color: #000000;\">Ruso &#8211; An\u00e1logo de CIATIM 201 y 203, VNII NP 207, ERA (VNII NP 286M) y ST (NK-50)<\/span><\/li>\n<li><span style=\"color: #000000;\">C\u00f3digo OTAN \u00ac\u2013 G-395<\/span><\/li>\n<li><span style=\"color: #000000;\">Designaci\u00f3n de servicio conjunto &#8211; XG-293<\/span><\/li>\n<li><span style=\"color: #000000;\">COMAC &#8211; Aprobado para QPL-CMS-OL-301<\/span><\/li>\n<\/ul>\n<\/li>\n<\/ul>\n<p><span style=\"color: #0000ff;\"><strong><a style=\"color: #0000ff;\" href=\"https:\/\/pldistribucion.com.ar\/web\/wp-content\/uploads\/AEROSHELL-GREASE-22.pdf\" target=\"_blank\" rel=\"noopener noreferrer\">Ver ficha t\u00e9cnica \/ <\/a><a style=\"color: #0000ff;\" href=\"https:\/\/pldistribucion.com.ar\/web\/wp-content\/uploads\/SEFGURIDAD-8.pdf\" target=\"_blank\" rel=\"noopener\">Ver hoja de seguridad<\/a><\/strong><\/span><\/p>\n<p><span style=\"color: #0000ff;\"><strong><a style=\"color: #0000ff;\" href=\"https:\/\/pldistribucion.com.ar\/web\/categoria-producto\/lubricantes\/?filter_marcas=shell\">Ver m\u00e1s productos SHELL<\/a><\/strong><\/span><\/p>\n<p><span style=\"color: #000000;\">(Shell fabrica y comercializa lubricantes y grasas para uso en motos, veh\u00edculos de transporte, construcci\u00f3n, agricultura e industria. Constantemente reaccionamos a las necesidades cambiantes de cada sector para que usted disponga de los lubricantes de calidad que le permitan optimizar la eficiencia de sus equipos y a\u00f1adir valor a su negocio).<\/span><\/p>\n<p><span style=\"color: #0000ff;\"><strong><a style=\"color: #0000ff;\" href=\"https:\/\/www.shell.com.ar\/acerca-de-shell\/la-marca-shell.html#:~:text=La%20palabra%20Shell%20se%20utiliz%C3%B3,conchas%20marinas%20procedentes%20de%20Oriente.\" target=\"_blank\" rel=\"noopener\">Conoce m\u00e1s sobre SHELL<\/a><\/strong><\/span><\/p>\n","protected":false},"excerpt":{"rendered":"<p>&nbsp;<\/p>\n<p><img loading=\"lazy\" decoding=\"async\" class=\"alignnone size-full wp-image-159\" src=\"https:\/\/pldistribucion.com.ar\/web\/wp-content\/uploads\/shell.jpg\" alt=\"\" width=\"200\" height=\"200\" \/><\/p>\n<h1>Shell Lubricantes<\/h1>\n<p>Shell vende una amplia variedad de lubricantes para satisfacer las necesidades de los clientes a trav\u00e9s de una gama de productos para el autom\u00f3vil de calle, el transporte pesado, la miner\u00eda, la generaci\u00f3n de energ\u00eda y la ingenier\u00eda general. La cartera de productos de lubricantes Shell incluye Shell Helix, Shell Rimula y Shell Spirax. Con 70 plantas en todo el mundo, somos productores de aceites que se distribuyen, comercializan y venden en m\u00e1s de 100 pa\u00edses.<\/p>\n","protected":false},"featured_media":1626,"comment_status":"open","ping_status":"closed","template":"","meta":[],"product_cat":[16,87],"product_tag":[],"yoast_head":"<!-- This site is optimized with the Yoast SEO plugin v23.0 - https:\/\/yoast.com\/wordpress\/plugins\/seo\/ -->\n<title>AEROSHELL GREASE 22 - Perfomance Lube -Lubricantes<\/title>\n<meta name=\"description\" content=\"Distribuidor de lubricantes SHELL de diferentes aplicaciones. Env\u00edos a todo el pa\u00eds. Variedad de productos y stock disponible.AEROSHELL GREASE 22\" \/>\n<meta name=\"robots\" content=\"index, follow, max-snippet:-1, max-image-preview:large, max-video-preview:-1\" \/>\n<link rel=\"canonical\" href=\"https:\/\/pldistribucion.com.ar\/web\/producto\/aeroshell-grease-22\/\" \/>\n<meta property=\"og:locale\" content=\"es_ES\" \/>\n<meta property=\"og:type\" content=\"article\" \/>\n<meta property=\"og:title\" content=\"AEROSHELL GREASE 22 - Perfomance Lube -Lubricantes\" \/>\n<meta property=\"og:description\" content=\"Distribuidor de lubricantes SHELL de diferentes aplicaciones. Env\u00edos a todo el pa\u00eds. Variedad de productos y stock disponible.AEROSHELL GREASE 22\" \/>\n<meta property=\"og:url\" content=\"https:\/\/pldistribucion.com.ar\/web\/producto\/aeroshell-grease-22\/\" \/>\n<meta property=\"og:site_name\" content=\"Perfomance Lube\" \/>\n<meta property=\"article:modified_time\" content=\"2022-03-03T14:29:49+00:00\" \/>\n<meta property=\"og:image\" content=\"https:\/\/pldistribucion.com.ar\/web\/wp-content\/uploads\/aeroshell-grease-22.jpg\" \/>\n\t<meta property=\"og:image:width\" content=\"1565\" \/>\n\t<meta property=\"og:image:height\" content=\"1565\" \/>\n\t<meta property=\"og:image:type\" content=\"image\/jpeg\" \/>\n<meta name=\"twitter:card\" content=\"summary_large_image\" \/>\n<meta name=\"twitter:label1\" content=\"Tiempo de lectura\" \/>\n\t<meta name=\"twitter:data1\" content=\"3 minutos\" \/>\n<script type=\"application\/ld+json\" class=\"yoast-schema-graph\">{\"@context\":\"https:\/\/schema.org\",\"@graph\":[{\"@type\":\"WebPage\",\"@id\":\"https:\/\/pldistribucion.com.ar\/web\/producto\/aeroshell-grease-22\/\",\"url\":\"https:\/\/pldistribucion.com.ar\/web\/producto\/aeroshell-grease-22\/\",\"name\":\"AEROSHELL GREASE 22 - Perfomance Lube -Lubricantes\",\"isPartOf\":{\"@id\":\"https:\/\/pldistribucion.com.ar\/web\/#website\"},\"primaryImageOfPage\":{\"@id\":\"https:\/\/pldistribucion.com.ar\/web\/producto\/aeroshell-grease-22\/#primaryimage\"},\"image\":{\"@id\":\"https:\/\/pldistribucion.com.ar\/web\/producto\/aeroshell-grease-22\/#primaryimage\"},\"thumbnailUrl\":\"https:\/\/pldistribucion.com.ar\/web\/wp-content\/uploads\/aeroshell-grease-22.jpg\",\"datePublished\":\"2021-08-05T17:06:14+00:00\",\"dateModified\":\"2022-03-03T14:29:49+00:00\",\"description\":\"Distribuidor de lubricantes SHELL de diferentes aplicaciones. Env\u00edos a todo el pa\u00eds. Variedad de productos y stock disponible.AEROSHELL GREASE 22\",\"breadcrumb\":{\"@id\":\"https:\/\/pldistribucion.com.ar\/web\/producto\/aeroshell-grease-22\/#breadcrumb\"},\"inLanguage\":\"es\",\"potentialAction\":[{\"@type\":\"ReadAction\",\"target\":[\"https:\/\/pldistribucion.com.ar\/web\/producto\/aeroshell-grease-22\/\"]}]},{\"@type\":\"ImageObject\",\"inLanguage\":\"es\",\"@id\":\"https:\/\/pldistribucion.com.ar\/web\/producto\/aeroshell-grease-22\/#primaryimage\",\"url\":\"https:\/\/pldistribucion.com.ar\/web\/wp-content\/uploads\/aeroshell-grease-22.jpg\",\"contentUrl\":\"https:\/\/pldistribucion.com.ar\/web\/wp-content\/uploads\/aeroshell-grease-22.jpg\",\"width\":1565,\"height\":1565},{\"@type\":\"BreadcrumbList\",\"@id\":\"https:\/\/pldistribucion.com.ar\/web\/producto\/aeroshell-grease-22\/#breadcrumb\",\"itemListElement\":[{\"@type\":\"ListItem\",\"position\":1,\"name\":\"Portada\",\"item\":\"https:\/\/pldistribucion.com.ar\/web\/\"},{\"@type\":\"ListItem\",\"position\":2,\"name\":\"Productos\",\"item\":\"https:\/\/pldistribucion.com.ar\/web\/productos\/\"},{\"@type\":\"ListItem\",\"position\":3,\"name\":\"AEROSHELL GREASE 22\"}]},{\"@type\":\"WebSite\",\"@id\":\"https:\/\/pldistribucion.com.ar\/web\/#website\",\"url\":\"https:\/\/pldistribucion.com.ar\/web\/\",\"name\":\"Perfomance Lube\",\"description\":\"\",\"publisher\":{\"@id\":\"https:\/\/pldistribucion.com.ar\/web\/#organization\"},\"potentialAction\":[{\"@type\":\"SearchAction\",\"target\":{\"@type\":\"EntryPoint\",\"urlTemplate\":\"https:\/\/pldistribucion.com.ar\/web\/?s={search_term_string}\"},\"query-input\":\"required name=search_term_string\"}],\"inLanguage\":\"es\"},{\"@type\":\"Organization\",\"@id\":\"https:\/\/pldistribucion.com.ar\/web\/#organization\",\"name\":\"PERFORMANCE LUBE\",\"url\":\"https:\/\/pldistribucion.com.ar\/web\/\",\"logo\":{\"@type\":\"ImageObject\",\"inLanguage\":\"es\",\"@id\":\"https:\/\/pldistribucion.com.ar\/web\/#\/schema\/logo\/image\/\",\"url\":\"https:\/\/pldistribucion.com.ar\/web\/wp-content\/uploads\/pld_logo_GB-removebg-preview.png\",\"contentUrl\":\"https:\/\/pldistribucion.com.ar\/web\/wp-content\/uploads\/pld_logo_GB-removebg-preview.png\",\"width\":787,\"height\":317,\"caption\":\"PERFORMANCE LUBE\"},\"image\":{\"@id\":\"https:\/\/pldistribucion.com.ar\/web\/#\/schema\/logo\/image\/\"}}]}<\/script>\n<!-- \/ Yoast SEO plugin. -->","yoast_head_json":{"title":"AEROSHELL GREASE 22 - Perfomance Lube -Lubricantes","description":"Distribuidor de lubricantes SHELL de diferentes aplicaciones. Env\u00edos a todo el pa\u00eds. Variedad de productos y stock disponible.AEROSHELL GREASE 22","robots":{"index":"index","follow":"follow","max-snippet":"max-snippet:-1","max-image-preview":"max-image-preview:large","max-video-preview":"max-video-preview:-1"},"canonical":"https:\/\/pldistribucion.com.ar\/web\/producto\/aeroshell-grease-22\/","og_locale":"es_ES","og_type":"article","og_title":"AEROSHELL GREASE 22 - Perfomance Lube -Lubricantes","og_description":"Distribuidor de lubricantes SHELL de diferentes aplicaciones. Env\u00edos a todo el pa\u00eds. Variedad de productos y stock disponible.AEROSHELL GREASE 22","og_url":"https:\/\/pldistribucion.com.ar\/web\/producto\/aeroshell-grease-22\/","og_site_name":"Perfomance Lube","article_modified_time":"2022-03-03T14:29:49+00:00","og_image":[{"width":1565,"height":1565,"url":"https:\/\/pldistribucion.com.ar\/web\/wp-content\/uploads\/aeroshell-grease-22.jpg","type":"image\/jpeg"}],"twitter_card":"summary_large_image","twitter_misc":{"Tiempo de lectura":"3 minutos"},"schema":{"@context":"https:\/\/schema.org","@graph":[{"@type":"WebPage","@id":"https:\/\/pldistribucion.com.ar\/web\/producto\/aeroshell-grease-22\/","url":"https:\/\/pldistribucion.com.ar\/web\/producto\/aeroshell-grease-22\/","name":"AEROSHELL GREASE 22 - Perfomance Lube -Lubricantes","isPartOf":{"@id":"https:\/\/pldistribucion.com.ar\/web\/#website"},"primaryImageOfPage":{"@id":"https:\/\/pldistribucion.com.ar\/web\/producto\/aeroshell-grease-22\/#primaryimage"},"image":{"@id":"https:\/\/pldistribucion.com.ar\/web\/producto\/aeroshell-grease-22\/#primaryimage"},"thumbnailUrl":"https:\/\/pldistribucion.com.ar\/web\/wp-content\/uploads\/aeroshell-grease-22.jpg","datePublished":"2021-08-05T17:06:14+00:00","dateModified":"2022-03-03T14:29:49+00:00","description":"Distribuidor de lubricantes SHELL de diferentes aplicaciones. Env\u00edos a todo el pa\u00eds. Variedad de productos y stock disponible.AEROSHELL GREASE 22","breadcrumb":{"@id":"https:\/\/pldistribucion.com.ar\/web\/producto\/aeroshell-grease-22\/#breadcrumb"},"inLanguage":"es","potentialAction":[{"@type":"ReadAction","target":["https:\/\/pldistribucion.com.ar\/web\/producto\/aeroshell-grease-22\/"]}]},{"@type":"ImageObject","inLanguage":"es","@id":"https:\/\/pldistribucion.com.ar\/web\/producto\/aeroshell-grease-22\/#primaryimage","url":"https:\/\/pldistribucion.com.ar\/web\/wp-content\/uploads\/aeroshell-grease-22.jpg","contentUrl":"https:\/\/pldistribucion.com.ar\/web\/wp-content\/uploads\/aeroshell-grease-22.jpg","width":1565,"height":1565},{"@type":"BreadcrumbList","@id":"https:\/\/pldistribucion.com.ar\/web\/producto\/aeroshell-grease-22\/#breadcrumb","itemListElement":[{"@type":"ListItem","position":1,"name":"Portada","item":"https:\/\/pldistribucion.com.ar\/web\/"},{"@type":"ListItem","position":2,"name":"Productos","item":"https:\/\/pldistribucion.com.ar\/web\/productos\/"},{"@type":"ListItem","position":3,"name":"AEROSHELL GREASE 22"}]},{"@type":"WebSite","@id":"https:\/\/pldistribucion.com.ar\/web\/#website","url":"https:\/\/pldistribucion.com.ar\/web\/","name":"Perfomance Lube","description":"","publisher":{"@id":"https:\/\/pldistribucion.com.ar\/web\/#organization"},"potentialAction":[{"@type":"SearchAction","target":{"@type":"EntryPoint","urlTemplate":"https:\/\/pldistribucion.com.ar\/web\/?s={search_term_string}"},"query-input":"required name=search_term_string"}],"inLanguage":"es"},{"@type":"Organization","@id":"https:\/\/pldistribucion.com.ar\/web\/#organization","name":"PERFORMANCE LUBE","url":"https:\/\/pldistribucion.com.ar\/web\/","logo":{"@type":"ImageObject","inLanguage":"es","@id":"https:\/\/pldistribucion.com.ar\/web\/#\/schema\/logo\/image\/","url":"https:\/\/pldistribucion.com.ar\/web\/wp-content\/uploads\/pld_logo_GB-removebg-preview.png","contentUrl":"https:\/\/pldistribucion.com.ar\/web\/wp-content\/uploads\/pld_logo_GB-removebg-preview.png","width":787,"height":317,"caption":"PERFORMANCE LUBE"},"image":{"@id":"https:\/\/pldistribucion.com.ar\/web\/#\/schema\/logo\/image\/"}}]}},"_links":{"self":[{"href":"https:\/\/pldistribucion.com.ar\/web\/wp-json\/wp\/v2\/product\/1623"}],"collection":[{"href":"https:\/\/pldistribucion.com.ar\/web\/wp-json\/wp\/v2\/product"}],"about":[{"href":"https:\/\/pldistribucion.com.ar\/web\/wp-json\/wp\/v2\/types\/product"}],"replies":[{"embeddable":true,"href":"https:\/\/pldistribucion.com.ar\/web\/wp-json\/wp\/v2\/comments?post=1623"}],"wp:featuredmedia":[{"embeddable":true,"href":"https:\/\/pldistribucion.com.ar\/web\/wp-json\/wp\/v2\/media\/1626"}],"wp:attachment":[{"href":"https:\/\/pldistribucion.com.ar\/web\/wp-json\/wp\/v2\/media?parent=1623"}],"wp:term":[{"taxonomy":"product_cat","embeddable":true,"href":"https:\/\/pldistribucion.com.ar\/web\/wp-json\/wp\/v2\/product_cat?post=1623"},{"taxonomy":"product_tag","embeddable":true,"href":"https:\/\/pldistribucion.com.ar\/web\/wp-json\/wp\/v2\/product_tag?post=1623"}],"curies":[{"name":"wp","href":"https:\/\/api.w.org\/{rel}","templated":true}]}}