{"id":1413,"date":"2021-07-28T17:46:15","date_gmt":"2021-07-28T17:46:15","guid":{"rendered":"https:\/\/pldistribucion.com.ar\/web\/?post_type=product&#038;p=1413"},"modified":"2022-03-03T12:41:47","modified_gmt":"2022-03-03T12:41:47","slug":"aeroshell-ascender","status":"publish","type":"product","link":"https:\/\/pldistribucion.com.ar\/web\/producto\/aeroshell-ascender\/","title":{"rendered":"AEROSHELL ASCENDER"},"content":{"rendered":"<h1><strong style=\"font-size: 80%;\">AEROSHELL ASCENDER \/ Material base de \u00e9ster impedido sint\u00e9tico de alto rendimiento.<\/strong><\/h1>\n<h3><span style=\"background-color: #e39562; color: #282828;\"><strong>Descripci\u00f3n del producto<\/strong><\/span><\/h3>\n<p><span style=\"color: #282828;\"><strong>AeroShell Ascender<\/strong><\/span> <span style=\"color: #000000;\">se desarroll\u00f3 para la \u00faltima generaci\u00f3n de motores de turbina de gas como un producto de alta compatibilidad con elast\u00f3meros y baja coquizaci\u00f3n. Adem\u00e1s, gracias a sus extensas pruebas de compatibilidad con elast\u00f3meros, un problema de servicio conocido, logra el equilibrio \u00f3ptimo entre los dos. Asimismo, su estabilidad t\u00e9rmica y oxidativa mejorada asegurar\u00e1 una formaci\u00f3n de coque insignificante en los motores, por lo que nunca deber\u00eda ocurrir ning\u00fan problema de motor tradicional asociado con el coque.<\/span><\/p>\n<p><span style=\"color: #000000;\">Por otro lado, AeroShell Ascender ofrece beneficios de rendimiento en los motores de alta compresi\u00f3n y alta potencia existentes en la actualidad. Esto es donde la generaci\u00f3n anterior de aceites puede sufrir tensiones hasta y m\u00e1s all\u00e1 de sus l\u00edmites t\u00e9rmicos, como lo demuestra la coquizaci\u00f3n del aceite en las \u00e1reas de los cojinetes de alta temperatura.<\/span><\/p>\n<h3><span style=\"background-color: #e39562; color: #282828;\"><strong>Caracter\u00edsticas y beneficios<\/strong><\/span><\/h3>\n<ul>\n<li><span style=\"color: #282828;\"><strong>Excelente compatibilidad con sellos elastom\u00e9ricos: <\/strong><span style=\"color: #000000;\">Puede utilizar AeroShell Ascender y preocuparse menos por la hinchaz\u00f3n o degradaci\u00f3n prematura de sus sellos.<\/span><\/span><\/li>\n<li><span style=\"color: #282828;\"><strong>Bajo rendimiento de coquizaci\u00f3n<span style=\"color: #000000;\">: <\/span><\/strong><span style=\"color: #000000;\">Hay menos posibilidades de que se acumule coque de aceite en las c\u00e1maras de los cojinetes y las tuber\u00edas de servicio. Esto significa que reducir\u00e1 sus costos de mantenimiento y limpieza.<\/span><\/span><\/li>\n<li><span style=\"color: #282828;\"><strong>Mejora de la oxidaci\u00f3n y estabilidad t\u00e9rmica: <\/strong><span style=\"color: #000000;\">Su aceite durar\u00e1 m\u00e1s en condiciones dif\u00edciles del motor.<\/span><\/span><\/li>\n<li><span style=\"color: #282828;\"><strong>Excelente compatibilidad con otros aceites aprobados: <\/strong><span style=\"color: #000000;\">Cambie de otro aceite aprobado a AeroShell Ascender sin preocupaciones ni problemas.<\/span><\/span><\/li>\n<li><span style=\"color: #282828;\"><strong>Un aceite de grado de \u00abcapacidad de alto rendimiento\u00bb: <\/strong><span style=\"color: #000000;\">AeroShell Ascender funciona mejor que los aceites tradicionales de grado &#8216;est\u00e1ndar&#8217;, lo que puede reducir los costos de mantenimiento y prolongar la vida \u00fatil del motor.<\/span><\/span><\/li>\n<\/ul>\n<h3><span style=\"background-color: #e39562;\"><strong>Especificaciones<\/strong><\/span><\/h3>\n<ul>\n<li><strong>EE<\/strong>\u00a0.\u00a0<strong>UU .<\/strong>\u00a0: <span style=\"color: #000000;\">grado SAE AS5780B HPC aprobado, grado MIL-PRF-23699G HTS aprobado<\/span><\/li>\n<li><strong>Brit\u00e1nico<\/strong>\u00a0&#8211; <span style=\"color: #000000;\">Equivalente DEF STAN 91-101<\/span><\/li>\n<li><strong>Franc\u00e9s<\/strong>\u00a0&#8211; <span style=\"color: #000000;\">Equivalente DCSEA 299 \/ A<\/span><\/li>\n<li><strong>C\u00f3digo OTAN<\/strong>\u00a0&#8211; <span style=\"color: #000000;\">O-154<\/span><\/li>\n<li><strong>Designaci\u00f3n de servicio conjunto<\/strong>\u00a0&#8211; <span style=\"color: #000000;\">Equivalente a OX-2<\/span>7<\/li>\n<\/ul>\n<p><span style=\"color: #0000ff;\"><strong><span style=\"color: #0000ff;\"><a style=\"color: #0000ff;\" href=\"https:\/\/pldistribucion.com.ar\/web\/wp-content\/uploads\/3cb5cfa3-1a81-4a8a-884a-989264e57028.pdf\" target=\"_blank\" rel=\"noopener noreferrer\">Ver ficha t\u00e9cnica \/ <\/a><a style=\"color: #0000ff;\" href=\"https:\/\/pldistribucion.com.ar\/web\/wp-content\/uploads\/seguridad-1.pdf\" target=\"_blank\" rel=\"noopener\">Ver hoja de seguridad<\/a><\/span><\/strong><\/span><\/p>\n<p><span style=\"color: #0000ff;\"><strong><a style=\"color: #0000ff;\" href=\"https:\/\/pldistribucion.com.ar\/web\/categoria-producto\/lubricantes\/?filter_marcas=shell\">Ver m\u00e1s productos SHELL<\/a><\/strong><\/span><\/p>\n<p><span style=\"color: #000000;\">(Shell fabrica y comercializa lubricantes y grasas para uso en motos, veh\u00edculos de transporte, construcci\u00f3n, agricultura e industria. Constantemente reaccionamos a las necesidades cambiantes de cada sector para que usted disponga de los lubricantes de calidad que le permitan optimizar la eficiencia de sus equipos y a\u00f1adir valor a su negocio).<\/span><\/p>\n<p><span style=\"color: #0000ff;\"><strong><a style=\"color: #0000ff;\" href=\"https:\/\/www.shell.com.ar\/acerca-de-shell\/la-marca-shell.html#:~:text=La%20palabra%20Shell%20se%20utiliz%C3%B3,conchas%20marinas%20procedentes%20de%20Oriente.\" target=\"_blank\" rel=\"noopener\">Conoce m\u00e1s sobre SHELL<\/a><\/strong><\/span><\/p>\n","protected":false},"excerpt":{"rendered":"<p><img loading=\"lazy\" decoding=\"async\" class=\"alignnone size-full wp-image-159\" src=\"https:\/\/pldistribucion.com.ar\/web\/wp-content\/uploads\/shell.jpg\" alt=\"\" width=\"200\" height=\"200\" \/><\/p>\n<h1>Shell Lubricantes<\/h1>\n<p>Shell vende una amplia variedad de lubricantes para satisfacer las necesidades de los clientes a trav\u00e9s de una gama de productos para el autom\u00f3vil de calle, el transporte pesado, la miner\u00eda, la generaci\u00f3n de energ\u00eda y la ingenier\u00eda general. La cartera de productos de lubricantes Shell incluye Shell Helix, Shell Rimula y Shell Spirax. Con 70 plantas en todo el mundo, somos productores de aceites que se distribuyen, comercializan y venden en m\u00e1s de 100 pa\u00edses.<\/p>\n","protected":false},"featured_media":1415,"comment_status":"open","ping_status":"closed","template":"","meta":[],"product_cat":[16,87],"product_tag":[],"yoast_head":"<!-- This site is optimized with the Yoast SEO plugin v23.0 - https:\/\/yoast.com\/wordpress\/plugins\/seo\/ -->\n<title>AEROSHELL ASCENDER - Perfomance Lube -Lubricantes<\/title>\n<meta name=\"description\" content=\"Distribuidor de lubricantes SHELL de diferentes aplicaciones. Env\u00edos a todo el pa\u00eds. Variedad de productos y stock disponible.AEROSHELL ASCENDER\" \/>\n<meta name=\"robots\" content=\"index, follow, max-snippet:-1, max-image-preview:large, max-video-preview:-1\" \/>\n<link rel=\"canonical\" href=\"https:\/\/pldistribucion.com.ar\/web\/producto\/aeroshell-ascender\/\" \/>\n<meta property=\"og:locale\" content=\"es_ES\" \/>\n<meta property=\"og:type\" content=\"article\" \/>\n<meta property=\"og:title\" content=\"AEROSHELL ASCENDER - Perfomance Lube -Lubricantes\" \/>\n<meta property=\"og:description\" content=\"Distribuidor de lubricantes SHELL de diferentes aplicaciones. Env\u00edos a todo el pa\u00eds. Variedad de productos y stock disponible.AEROSHELL ASCENDER\" \/>\n<meta property=\"og:url\" content=\"https:\/\/pldistribucion.com.ar\/web\/producto\/aeroshell-ascender\/\" \/>\n<meta property=\"og:site_name\" content=\"Perfomance Lube\" \/>\n<meta property=\"article:modified_time\" content=\"2022-03-03T12:41:47+00:00\" \/>\n<meta property=\"og:image\" content=\"https:\/\/pldistribucion.com.ar\/web\/wp-content\/uploads\/AERASCEUSQ_Aeroshell_Ascender_1USQ_Can_MIL_PRF_23699_HTS_Grade_SAE_S5780A_HPC_Grade_O_154_OX_27.png\" \/>\n\t<meta property=\"og:image:width\" content=\"400\" \/>\n\t<meta property=\"og:image:height\" content=\"400\" \/>\n\t<meta property=\"og:image:type\" content=\"image\/png\" \/>\n<meta name=\"twitter:card\" content=\"summary_large_image\" \/>\n<meta name=\"twitter:label1\" content=\"Tiempo de lectura\" \/>\n\t<meta name=\"twitter:data1\" content=\"2 minutos\" \/>\n<script type=\"application\/ld+json\" class=\"yoast-schema-graph\">{\"@context\":\"https:\/\/schema.org\",\"@graph\":[{\"@type\":\"WebPage\",\"@id\":\"https:\/\/pldistribucion.com.ar\/web\/producto\/aeroshell-ascender\/\",\"url\":\"https:\/\/pldistribucion.com.ar\/web\/producto\/aeroshell-ascender\/\",\"name\":\"AEROSHELL ASCENDER - Perfomance Lube -Lubricantes\",\"isPartOf\":{\"@id\":\"https:\/\/pldistribucion.com.ar\/web\/#website\"},\"primaryImageOfPage\":{\"@id\":\"https:\/\/pldistribucion.com.ar\/web\/producto\/aeroshell-ascender\/#primaryimage\"},\"image\":{\"@id\":\"https:\/\/pldistribucion.com.ar\/web\/producto\/aeroshell-ascender\/#primaryimage\"},\"thumbnailUrl\":\"https:\/\/pldistribucion.com.ar\/web\/wp-content\/uploads\/AERASCEUSQ_Aeroshell_Ascender_1USQ_Can_MIL_PRF_23699_HTS_Grade_SAE_S5780A_HPC_Grade_O_154_OX_27.png\",\"datePublished\":\"2021-07-28T17:46:15+00:00\",\"dateModified\":\"2022-03-03T12:41:47+00:00\",\"description\":\"Distribuidor de lubricantes SHELL de diferentes aplicaciones. Env\u00edos a todo el pa\u00eds. Variedad de productos y stock disponible.AEROSHELL ASCENDER\",\"breadcrumb\":{\"@id\":\"https:\/\/pldistribucion.com.ar\/web\/producto\/aeroshell-ascender\/#breadcrumb\"},\"inLanguage\":\"es\",\"potentialAction\":[{\"@type\":\"ReadAction\",\"target\":[\"https:\/\/pldistribucion.com.ar\/web\/producto\/aeroshell-ascender\/\"]}]},{\"@type\":\"ImageObject\",\"inLanguage\":\"es\",\"@id\":\"https:\/\/pldistribucion.com.ar\/web\/producto\/aeroshell-ascender\/#primaryimage\",\"url\":\"https:\/\/pldistribucion.com.ar\/web\/wp-content\/uploads\/AERASCEUSQ_Aeroshell_Ascender_1USQ_Can_MIL_PRF_23699_HTS_Grade_SAE_S5780A_HPC_Grade_O_154_OX_27.png\",\"contentUrl\":\"https:\/\/pldistribucion.com.ar\/web\/wp-content\/uploads\/AERASCEUSQ_Aeroshell_Ascender_1USQ_Can_MIL_PRF_23699_HTS_Grade_SAE_S5780A_HPC_Grade_O_154_OX_27.png\",\"width\":400,\"height\":400},{\"@type\":\"BreadcrumbList\",\"@id\":\"https:\/\/pldistribucion.com.ar\/web\/producto\/aeroshell-ascender\/#breadcrumb\",\"itemListElement\":[{\"@type\":\"ListItem\",\"position\":1,\"name\":\"Portada\",\"item\":\"https:\/\/pldistribucion.com.ar\/web\/\"},{\"@type\":\"ListItem\",\"position\":2,\"name\":\"Productos\",\"item\":\"https:\/\/pldistribucion.com.ar\/web\/productos\/\"},{\"@type\":\"ListItem\",\"position\":3,\"name\":\"AEROSHELL ASCENDER\"}]},{\"@type\":\"WebSite\",\"@id\":\"https:\/\/pldistribucion.com.ar\/web\/#website\",\"url\":\"https:\/\/pldistribucion.com.ar\/web\/\",\"name\":\"Perfomance Lube\",\"description\":\"\",\"publisher\":{\"@id\":\"https:\/\/pldistribucion.com.ar\/web\/#organization\"},\"potentialAction\":[{\"@type\":\"SearchAction\",\"target\":{\"@type\":\"EntryPoint\",\"urlTemplate\":\"https:\/\/pldistribucion.com.ar\/web\/?s={search_term_string}\"},\"query-input\":\"required name=search_term_string\"}],\"inLanguage\":\"es\"},{\"@type\":\"Organization\",\"@id\":\"https:\/\/pldistribucion.com.ar\/web\/#organization\",\"name\":\"PERFORMANCE LUBE\",\"url\":\"https:\/\/pldistribucion.com.ar\/web\/\",\"logo\":{\"@type\":\"ImageObject\",\"inLanguage\":\"es\",\"@id\":\"https:\/\/pldistribucion.com.ar\/web\/#\/schema\/logo\/image\/\",\"url\":\"https:\/\/pldistribucion.com.ar\/web\/wp-content\/uploads\/pld_logo_GB-removebg-preview.png\",\"contentUrl\":\"https:\/\/pldistribucion.com.ar\/web\/wp-content\/uploads\/pld_logo_GB-removebg-preview.png\",\"width\":787,\"height\":317,\"caption\":\"PERFORMANCE LUBE\"},\"image\":{\"@id\":\"https:\/\/pldistribucion.com.ar\/web\/#\/schema\/logo\/image\/\"}}]}<\/script>\n<!-- \/ Yoast SEO plugin. -->","yoast_head_json":{"title":"AEROSHELL ASCENDER - Perfomance Lube -Lubricantes","description":"Distribuidor de lubricantes SHELL de diferentes aplicaciones. Env\u00edos a todo el pa\u00eds. Variedad de productos y stock disponible.AEROSHELL ASCENDER","robots":{"index":"index","follow":"follow","max-snippet":"max-snippet:-1","max-image-preview":"max-image-preview:large","max-video-preview":"max-video-preview:-1"},"canonical":"https:\/\/pldistribucion.com.ar\/web\/producto\/aeroshell-ascender\/","og_locale":"es_ES","og_type":"article","og_title":"AEROSHELL ASCENDER - Perfomance Lube -Lubricantes","og_description":"Distribuidor de lubricantes SHELL de diferentes aplicaciones. Env\u00edos a todo el pa\u00eds. Variedad de productos y stock disponible.AEROSHELL ASCENDER","og_url":"https:\/\/pldistribucion.com.ar\/web\/producto\/aeroshell-ascender\/","og_site_name":"Perfomance Lube","article_modified_time":"2022-03-03T12:41:47+00:00","og_image":[{"width":400,"height":400,"url":"https:\/\/pldistribucion.com.ar\/web\/wp-content\/uploads\/AERASCEUSQ_Aeroshell_Ascender_1USQ_Can_MIL_PRF_23699_HTS_Grade_SAE_S5780A_HPC_Grade_O_154_OX_27.png","type":"image\/png"}],"twitter_card":"summary_large_image","twitter_misc":{"Tiempo de lectura":"2 minutos"},"schema":{"@context":"https:\/\/schema.org","@graph":[{"@type":"WebPage","@id":"https:\/\/pldistribucion.com.ar\/web\/producto\/aeroshell-ascender\/","url":"https:\/\/pldistribucion.com.ar\/web\/producto\/aeroshell-ascender\/","name":"AEROSHELL ASCENDER - Perfomance Lube -Lubricantes","isPartOf":{"@id":"https:\/\/pldistribucion.com.ar\/web\/#website"},"primaryImageOfPage":{"@id":"https:\/\/pldistribucion.com.ar\/web\/producto\/aeroshell-ascender\/#primaryimage"},"image":{"@id":"https:\/\/pldistribucion.com.ar\/web\/producto\/aeroshell-ascender\/#primaryimage"},"thumbnailUrl":"https:\/\/pldistribucion.com.ar\/web\/wp-content\/uploads\/AERASCEUSQ_Aeroshell_Ascender_1USQ_Can_MIL_PRF_23699_HTS_Grade_SAE_S5780A_HPC_Grade_O_154_OX_27.png","datePublished":"2021-07-28T17:46:15+00:00","dateModified":"2022-03-03T12:41:47+00:00","description":"Distribuidor de lubricantes SHELL de diferentes aplicaciones. Env\u00edos a todo el pa\u00eds. Variedad de productos y stock disponible.AEROSHELL ASCENDER","breadcrumb":{"@id":"https:\/\/pldistribucion.com.ar\/web\/producto\/aeroshell-ascender\/#breadcrumb"},"inLanguage":"es","potentialAction":[{"@type":"ReadAction","target":["https:\/\/pldistribucion.com.ar\/web\/producto\/aeroshell-ascender\/"]}]},{"@type":"ImageObject","inLanguage":"es","@id":"https:\/\/pldistribucion.com.ar\/web\/producto\/aeroshell-ascender\/#primaryimage","url":"https:\/\/pldistribucion.com.ar\/web\/wp-content\/uploads\/AERASCEUSQ_Aeroshell_Ascender_1USQ_Can_MIL_PRF_23699_HTS_Grade_SAE_S5780A_HPC_Grade_O_154_OX_27.png","contentUrl":"https:\/\/pldistribucion.com.ar\/web\/wp-content\/uploads\/AERASCEUSQ_Aeroshell_Ascender_1USQ_Can_MIL_PRF_23699_HTS_Grade_SAE_S5780A_HPC_Grade_O_154_OX_27.png","width":400,"height":400},{"@type":"BreadcrumbList","@id":"https:\/\/pldistribucion.com.ar\/web\/producto\/aeroshell-ascender\/#breadcrumb","itemListElement":[{"@type":"ListItem","position":1,"name":"Portada","item":"https:\/\/pldistribucion.com.ar\/web\/"},{"@type":"ListItem","position":2,"name":"Productos","item":"https:\/\/pldistribucion.com.ar\/web\/productos\/"},{"@type":"ListItem","position":3,"name":"AEROSHELL ASCENDER"}]},{"@type":"WebSite","@id":"https:\/\/pldistribucion.com.ar\/web\/#website","url":"https:\/\/pldistribucion.com.ar\/web\/","name":"Perfomance Lube","description":"","publisher":{"@id":"https:\/\/pldistribucion.com.ar\/web\/#organization"},"potentialAction":[{"@type":"SearchAction","target":{"@type":"EntryPoint","urlTemplate":"https:\/\/pldistribucion.com.ar\/web\/?s={search_term_string}"},"query-input":"required name=search_term_string"}],"inLanguage":"es"},{"@type":"Organization","@id":"https:\/\/pldistribucion.com.ar\/web\/#organization","name":"PERFORMANCE LUBE","url":"https:\/\/pldistribucion.com.ar\/web\/","logo":{"@type":"ImageObject","inLanguage":"es","@id":"https:\/\/pldistribucion.com.ar\/web\/#\/schema\/logo\/image\/","url":"https:\/\/pldistribucion.com.ar\/web\/wp-content\/uploads\/pld_logo_GB-removebg-preview.png","contentUrl":"https:\/\/pldistribucion.com.ar\/web\/wp-content\/uploads\/pld_logo_GB-removebg-preview.png","width":787,"height":317,"caption":"PERFORMANCE LUBE"},"image":{"@id":"https:\/\/pldistribucion.com.ar\/web\/#\/schema\/logo\/image\/"}}]}},"_links":{"self":[{"href":"https:\/\/pldistribucion.com.ar\/web\/wp-json\/wp\/v2\/product\/1413"}],"collection":[{"href":"https:\/\/pldistribucion.com.ar\/web\/wp-json\/wp\/v2\/product"}],"about":[{"href":"https:\/\/pldistribucion.com.ar\/web\/wp-json\/wp\/v2\/types\/product"}],"replies":[{"embeddable":true,"href":"https:\/\/pldistribucion.com.ar\/web\/wp-json\/wp\/v2\/comments?post=1413"}],"wp:featuredmedia":[{"embeddable":true,"href":"https:\/\/pldistribucion.com.ar\/web\/wp-json\/wp\/v2\/media\/1415"}],"wp:attachment":[{"href":"https:\/\/pldistribucion.com.ar\/web\/wp-json\/wp\/v2\/media?parent=1413"}],"wp:term":[{"taxonomy":"product_cat","embeddable":true,"href":"https:\/\/pldistribucion.com.ar\/web\/wp-json\/wp\/v2\/product_cat?post=1413"},{"taxonomy":"product_tag","embeddable":true,"href":"https:\/\/pldistribucion.com.ar\/web\/wp-json\/wp\/v2\/product_tag?post=1413"}],"curies":[{"name":"wp","href":"https:\/\/api.w.org\/{rel}","templated":true}]}}