{"id":1401,"date":"2021-07-27T13:14:44","date_gmt":"2021-07-27T13:14:44","guid":{"rendered":"https:\/\/pldistribucion.com.ar\/web\/?post_type=product&#038;p=1401"},"modified":"2022-04-01T12:51:46","modified_gmt":"2022-04-01T12:51:46","slug":"mobil-pegasus-710","status":"publish","type":"product","link":"https:\/\/pldistribucion.com.ar\/web\/producto\/mobil-pegasus-710\/","title":{"rendered":"MOBIL PEGASUS 710"},"content":{"rendered":"<h1><em><strong><span style=\"font-size: 80%;\">MOBIL PEGASUS 710<\/span><\/strong><\/em><\/h1>\n<h3><span style=\"font-size: 80%; background-color: #ddb4e0;\"><em><strong>DESCRIPCI\u00d3N DEL PRODUCTO<\/strong><\/em><\/span><\/h3>\n<p><strong>Mobil Pegasus 710<\/strong> <span style=\"color: #000000;\">es un aceite de motor de gas de rendimiento superior destinado principalmente a la lubricaci\u00f3n de motores modernos de cuatro tiempos de alta velocidad donde el consumo de aceite es muy bajo. <\/span><\/p>\n<p><span style=\"color: #000000;\">Por lo general, estos motores tienen un dise\u00f1o de mezcla pobre en el que el aumento de la presi\u00f3n del colector evita que entre suficiente lubricante en las \u00e1reas de la gu\u00eda de la v\u00e1lvula. <span style=\"font-size: 14.4px;\">Tambi\u00e9n<\/span>, este aceite se recomienda para la lubricaci\u00f3n de compresores de gas. <span style=\"font-size: 14.4px;\">Adem\u00e1s<\/span>, est\u00e1 formulado a partir de aceites base minerales de alta calidad y un avanzado sistema de aditivos de ceniza media dise\u00f1ado para brindar una excelente protecci\u00f3n de los componentes del motor y del compresor.\u00a0<\/span><\/p>\n<p><span style=\"color: #000000;\">Por otro lado, su alta reserva de alcalinidad y retenci\u00f3n de TBN tambi\u00e9n lo hace adecuado para motores que funcionan con combustibles que contienen bajas cantidades de materiales corrosivos como el sulfuro de hidr\u00f3geno. <span style=\"font-size: 14.4px;\">Adem\u00e1s<\/span>, las excelentes propiedades anticorrosivas evitan el desgaste corrosivo en cilindros, \u00e1reas de v\u00e1lvulas y cojinetes, lo que prolonga la vida \u00fatil del motor.\u00a0<\/span><\/p>\n<h3><span style=\"font-size: 80%; background-color: #ddb4e0;\"><em><strong>CARACTER\u00cdSTICAS Y BENEFICIOS<\/strong><\/em><\/span><\/h3>\n<p><span style=\"color: #000000;\">El aceite para motores de gas Mobil Pegasus 710 proporciona motores m\u00e1s limpios, menores \u00edndices de desgaste y un mejor rendimiento del motor.\u00a0El uso de este producto resultar\u00e1 en costos de mantenimiento reducidos y capacidad de producci\u00f3n mejorada.\u00a0Su excelente estabilidad qu\u00edmica y a la oxidaci\u00f3n da como resultado per\u00edodos de drenaje m\u00e1s prolongados y costos de filtro reducidos.\u00a0La alta alcalinidad de reserva de este producto permite su uso en motores que funcionan con combustibles con bajas cantidades de materiales corrosivos en el gas combustible.<\/span><\/p>\n<h3>Sus principales beneficios son:<\/h3>\n<ul>\n<li><span style=\"color: #000000;\">Menor desgaste de los componentes del motor.<\/span><\/li>\n<li><span style=\"color: #000000;\">Reducci\u00f3n del desgaste de los revestimientos de los motores de gas con cargas elevadas.<\/span><\/li>\n<li><span style=\"color: #000000;\">Proporciona una excelente protecci\u00f3n contra robos.<\/span><\/li>\n<li><span class=\"goog-text-highlight\" style=\"color: #000000;\">Motores m\u00e1s limpios.<\/span><\/li>\n<li><span style=\"color: #000000;\">Intervalos de drenaje extendidos.<\/span><\/li>\n<li><span style=\"color: #000000;\">Costos de filtro reducidos.<\/span><\/li>\n<li><span style=\"color: #000000;\">Excelente resistencia a la oxidaci\u00f3n y nitraci\u00f3n.<\/span><\/li>\n<li><span style=\"color: #000000;\">Protege los asientos y las caras de las v\u00e1lvulas en los motores de cuatro tiempos.<\/span><\/li>\n<li><span style=\"color: #000000;\">Controla la formaci\u00f3n de cenizas en la c\u00e1mara de combusti\u00f3n y mejora el rendimiento de las buj\u00edas.<\/span><\/li>\n<li><span style=\"color: #000000;\">Reduce el desgaste de la gu\u00eda de v\u00e1lvulas en motores de gas de cuatro tiempos.<\/span><\/li>\n<li><span style=\"color: #000000;\">Protege rodamientos y componentes internos.<\/span><\/li>\n<li><span class=\"\" style=\"color: #000000;\">Controla la formaci\u00f3n de \u00e1cidos en el aceite.<\/span><\/li>\n<li><span style=\"color: #000000;\">Protege los componentes del motor del ataque \u00e1cido.<\/span><\/li>\n<\/ul>\n<h3><span style=\"font-size: 80%; background-color: #ddb4e0;\"><em><strong>APLICACIONES<\/strong><\/em><\/span><\/h3>\n<ul>\n<li><span style=\"color: #000000;\">Motores de gas de cuatro tiempos con encendido por chispa con muy bajo consumo de aceite<\/span><\/li>\n<li><span style=\"color: #000000;\">En motores que experimentan desgaste y corrosi\u00f3n en el tren de v\u00e1lvulas<\/span><\/li>\n<li><span style=\"color: #000000;\">Motores que funcionan con combustible que contiene niveles bajos de compuestos de azufre y cloro<\/span><\/li>\n<li><span style=\"color: #000000;\">Cilindros de compresores alternativos que comprimen gas natural<\/span><\/li>\n<li><span style=\"color: #000000;\">Motores de alto rendimiento o con clasificaci\u00f3n ambiental que operan ao por encima de la capacidad nominal a altas temperaturas<\/span><\/li>\n<\/ul>\n<p><span style=\"color: #0000ff;\"><strong><span style=\"color: #0000ff;\"><a style=\"color: #0000ff;\" href=\"https:\/\/pldistribucion.com.ar\/web\/wp-content\/uploads\/GL-XX-Mobil-Pegasus-710.pdf\" target=\"_blank\" rel=\"noopener noreferrer\">Ver ficha t\u00e9cnica \/ <\/a><a style=\"color: #0000ff;\" href=\"https:\/\/pldistribucion.com.ar\/web\/wp-content\/uploads\/S6-1-1.pdf\" target=\"_blank\" rel=\"noopener\">Ver hoja de seguridad<\/a><\/span><\/strong><\/span><\/p>\n<p><span style=\"color: #0000ff;\"><strong><a style=\"color: #0000ff;\" href=\"https:\/\/pldistribucion.com.ar\/web\/categoria-producto\/lubricantes\/?filter_marcas=mobil\">Ver m\u00e1s productos MOBIL<\/a><\/strong><\/span><\/p>\n<p><span style=\"color: #000000;\">( Esta compa\u00f1\u00eda fue fundada en 1870 bajo el nombre de Standard Oil Company por el estadounidense John D. Rockefeller, tomando en 1920 como registro el nombre comercial de \u201cMobiloil\u201d. Debido a esto, el logo de la marca tambi\u00e9n evoluciona y en 1955, se adopta la marca denominativa \u201c<strong>Mobil<\/strong>\u201d, que se coloc\u00f3 dentro de una forma de escudo y desde este tiempo se ha mantenido el esquema de su color caracter\u00edstico en rojo y azul. Desde autom\u00f3viles, motos y camiones hasta aviones y cohetes espaciales: Mobil mueve la industria, la econom\u00eda y los l\u00edmites&#8230;)<\/span><\/p>\n<p><strong><span style=\"color: #0000ff;\"><a style=\"color: #0000ff;\" href=\"https:\/\/www.mobil.com\/en\/\" target=\"_blank\" rel=\"noopener\">Conoce m\u00e1s sobre MOBIL<\/a><\/span><\/strong><\/p>\n","protected":false},"excerpt":{"rendered":"<p><img loading=\"lazy\" decoding=\"async\" class=\"alignnone size-medium wp-image-259\" src=\"https:\/\/pldistribucion.com.ar\/web\/wp-content\/uploads\/Mobil_logo-300x300.jpg\" alt=\"\" width=\"300\" height=\"300\" \/><\/p>\n<h1>Lubricantes MOBIL<\/h1>\n<p><strong>Mobil<\/strong> tiene una l\u00ednea de lubricantes exclusivas para cada segmento de operaci\u00f3n que cumple con las especificaciones mas diversas del mercado, ya sea con Mobil Delvac \u2122 para camiones pesados y livianos, Mobil Super \u2122 para autom\u00f3viles, Mobil Super Moto \u2122 para motos, y Mobil \u2122 para industrias, generamos movimiento para todo tipo de veh\u00edculos y motores.<\/p>\n","protected":false},"featured_media":1123,"comment_status":"open","ping_status":"closed","template":"","meta":[],"product_cat":[16,34],"product_tag":[],"yoast_head":"<!-- This site is optimized with the Yoast SEO plugin v23.0 - https:\/\/yoast.com\/wordpress\/plugins\/seo\/ -->\n<title>MOBIL PEGASUS 710 - Perfomance Lube -Lubricantes<\/title>\n<meta name=\"description\" content=\"Distribuidor de lubricantes MOBIL de diferentes aplicaciones. Env\u00edos a todo el pa\u00eds. Variedad de productos y stock disponible.MOBIL PEGASUS 710\" \/>\n<meta name=\"robots\" content=\"index, follow, max-snippet:-1, max-image-preview:large, max-video-preview:-1\" \/>\n<link rel=\"canonical\" href=\"https:\/\/pldistribucion.com.ar\/web\/producto\/mobil-pegasus-710\/\" \/>\n<meta property=\"og:locale\" content=\"es_ES\" \/>\n<meta property=\"og:type\" content=\"article\" \/>\n<meta property=\"og:title\" content=\"MOBIL PEGASUS 710 - Perfomance Lube -Lubricantes\" \/>\n<meta property=\"og:description\" content=\"Distribuidor de lubricantes MOBIL de diferentes aplicaciones. Env\u00edos a todo el pa\u00eds. Variedad de productos y stock disponible.MOBIL PEGASUS 710\" \/>\n<meta property=\"og:url\" content=\"https:\/\/pldistribucion.com.ar\/web\/producto\/mobil-pegasus-710\/\" \/>\n<meta property=\"og:site_name\" content=\"Perfomance Lube\" \/>\n<meta property=\"article:modified_time\" content=\"2022-04-01T12:51:46+00:00\" \/>\n<meta property=\"og:image\" content=\"https:\/\/pldistribucion.com.ar\/web\/wp-content\/uploads\/mobbb.jpg\" \/>\n\t<meta property=\"og:image:width\" content=\"487\" \/>\n\t<meta property=\"og:image:height\" content=\"589\" \/>\n\t<meta property=\"og:image:type\" content=\"image\/jpeg\" \/>\n<meta name=\"twitter:card\" content=\"summary_large_image\" \/>\n<meta name=\"twitter:label1\" content=\"Tiempo de lectura\" \/>\n\t<meta name=\"twitter:data1\" content=\"3 minutos\" \/>\n<script type=\"application\/ld+json\" class=\"yoast-schema-graph\">{\"@context\":\"https:\/\/schema.org\",\"@graph\":[{\"@type\":\"WebPage\",\"@id\":\"https:\/\/pldistribucion.com.ar\/web\/producto\/mobil-pegasus-710\/\",\"url\":\"https:\/\/pldistribucion.com.ar\/web\/producto\/mobil-pegasus-710\/\",\"name\":\"MOBIL PEGASUS 710 - Perfomance Lube -Lubricantes\",\"isPartOf\":{\"@id\":\"https:\/\/pldistribucion.com.ar\/web\/#website\"},\"primaryImageOfPage\":{\"@id\":\"https:\/\/pldistribucion.com.ar\/web\/producto\/mobil-pegasus-710\/#primaryimage\"},\"image\":{\"@id\":\"https:\/\/pldistribucion.com.ar\/web\/producto\/mobil-pegasus-710\/#primaryimage\"},\"thumbnailUrl\":\"https:\/\/pldistribucion.com.ar\/web\/wp-content\/uploads\/mobbb.jpg\",\"datePublished\":\"2021-07-27T13:14:44+00:00\",\"dateModified\":\"2022-04-01T12:51:46+00:00\",\"description\":\"Distribuidor de lubricantes MOBIL de diferentes aplicaciones. Env\u00edos a todo el pa\u00eds. Variedad de productos y stock disponible.MOBIL PEGASUS 710\",\"breadcrumb\":{\"@id\":\"https:\/\/pldistribucion.com.ar\/web\/producto\/mobil-pegasus-710\/#breadcrumb\"},\"inLanguage\":\"es\",\"potentialAction\":[{\"@type\":\"ReadAction\",\"target\":[\"https:\/\/pldistribucion.com.ar\/web\/producto\/mobil-pegasus-710\/\"]}]},{\"@type\":\"ImageObject\",\"inLanguage\":\"es\",\"@id\":\"https:\/\/pldistribucion.com.ar\/web\/producto\/mobil-pegasus-710\/#primaryimage\",\"url\":\"https:\/\/pldistribucion.com.ar\/web\/wp-content\/uploads\/mobbb.jpg\",\"contentUrl\":\"https:\/\/pldistribucion.com.ar\/web\/wp-content\/uploads\/mobbb.jpg\",\"width\":487,\"height\":589,\"caption\":\"MOBIL GREASE CM-L\"},{\"@type\":\"BreadcrumbList\",\"@id\":\"https:\/\/pldistribucion.com.ar\/web\/producto\/mobil-pegasus-710\/#breadcrumb\",\"itemListElement\":[{\"@type\":\"ListItem\",\"position\":1,\"name\":\"Portada\",\"item\":\"https:\/\/pldistribucion.com.ar\/web\/\"},{\"@type\":\"ListItem\",\"position\":2,\"name\":\"Productos\",\"item\":\"https:\/\/pldistribucion.com.ar\/web\/productos\/\"},{\"@type\":\"ListItem\",\"position\":3,\"name\":\"MOBIL PEGASUS 710\"}]},{\"@type\":\"WebSite\",\"@id\":\"https:\/\/pldistribucion.com.ar\/web\/#website\",\"url\":\"https:\/\/pldistribucion.com.ar\/web\/\",\"name\":\"Perfomance Lube\",\"description\":\"\",\"publisher\":{\"@id\":\"https:\/\/pldistribucion.com.ar\/web\/#organization\"},\"potentialAction\":[{\"@type\":\"SearchAction\",\"target\":{\"@type\":\"EntryPoint\",\"urlTemplate\":\"https:\/\/pldistribucion.com.ar\/web\/?s={search_term_string}\"},\"query-input\":\"required name=search_term_string\"}],\"inLanguage\":\"es\"},{\"@type\":\"Organization\",\"@id\":\"https:\/\/pldistribucion.com.ar\/web\/#organization\",\"name\":\"PERFORMANCE LUBE\",\"url\":\"https:\/\/pldistribucion.com.ar\/web\/\",\"logo\":{\"@type\":\"ImageObject\",\"inLanguage\":\"es\",\"@id\":\"https:\/\/pldistribucion.com.ar\/web\/#\/schema\/logo\/image\/\",\"url\":\"https:\/\/pldistribucion.com.ar\/web\/wp-content\/uploads\/pld_logo_GB-removebg-preview.png\",\"contentUrl\":\"https:\/\/pldistribucion.com.ar\/web\/wp-content\/uploads\/pld_logo_GB-removebg-preview.png\",\"width\":787,\"height\":317,\"caption\":\"PERFORMANCE LUBE\"},\"image\":{\"@id\":\"https:\/\/pldistribucion.com.ar\/web\/#\/schema\/logo\/image\/\"}}]}<\/script>\n<!-- \/ Yoast SEO plugin. -->","yoast_head_json":{"title":"MOBIL PEGASUS 710 - Perfomance Lube -Lubricantes","description":"Distribuidor de lubricantes MOBIL de diferentes aplicaciones. Env\u00edos a todo el pa\u00eds. Variedad de productos y stock disponible.MOBIL PEGASUS 710","robots":{"index":"index","follow":"follow","max-snippet":"max-snippet:-1","max-image-preview":"max-image-preview:large","max-video-preview":"max-video-preview:-1"},"canonical":"https:\/\/pldistribucion.com.ar\/web\/producto\/mobil-pegasus-710\/","og_locale":"es_ES","og_type":"article","og_title":"MOBIL PEGASUS 710 - Perfomance Lube -Lubricantes","og_description":"Distribuidor de lubricantes MOBIL de diferentes aplicaciones. Env\u00edos a todo el pa\u00eds. Variedad de productos y stock disponible.MOBIL PEGASUS 710","og_url":"https:\/\/pldistribucion.com.ar\/web\/producto\/mobil-pegasus-710\/","og_site_name":"Perfomance Lube","article_modified_time":"2022-04-01T12:51:46+00:00","og_image":[{"width":487,"height":589,"url":"https:\/\/pldistribucion.com.ar\/web\/wp-content\/uploads\/mobbb.jpg","type":"image\/jpeg"}],"twitter_card":"summary_large_image","twitter_misc":{"Tiempo de lectura":"3 minutos"},"schema":{"@context":"https:\/\/schema.org","@graph":[{"@type":"WebPage","@id":"https:\/\/pldistribucion.com.ar\/web\/producto\/mobil-pegasus-710\/","url":"https:\/\/pldistribucion.com.ar\/web\/producto\/mobil-pegasus-710\/","name":"MOBIL PEGASUS 710 - Perfomance Lube -Lubricantes","isPartOf":{"@id":"https:\/\/pldistribucion.com.ar\/web\/#website"},"primaryImageOfPage":{"@id":"https:\/\/pldistribucion.com.ar\/web\/producto\/mobil-pegasus-710\/#primaryimage"},"image":{"@id":"https:\/\/pldistribucion.com.ar\/web\/producto\/mobil-pegasus-710\/#primaryimage"},"thumbnailUrl":"https:\/\/pldistribucion.com.ar\/web\/wp-content\/uploads\/mobbb.jpg","datePublished":"2021-07-27T13:14:44+00:00","dateModified":"2022-04-01T12:51:46+00:00","description":"Distribuidor de lubricantes MOBIL de diferentes aplicaciones. Env\u00edos a todo el pa\u00eds. Variedad de productos y stock disponible.MOBIL PEGASUS 710","breadcrumb":{"@id":"https:\/\/pldistribucion.com.ar\/web\/producto\/mobil-pegasus-710\/#breadcrumb"},"inLanguage":"es","potentialAction":[{"@type":"ReadAction","target":["https:\/\/pldistribucion.com.ar\/web\/producto\/mobil-pegasus-710\/"]}]},{"@type":"ImageObject","inLanguage":"es","@id":"https:\/\/pldistribucion.com.ar\/web\/producto\/mobil-pegasus-710\/#primaryimage","url":"https:\/\/pldistribucion.com.ar\/web\/wp-content\/uploads\/mobbb.jpg","contentUrl":"https:\/\/pldistribucion.com.ar\/web\/wp-content\/uploads\/mobbb.jpg","width":487,"height":589,"caption":"MOBIL GREASE CM-L"},{"@type":"BreadcrumbList","@id":"https:\/\/pldistribucion.com.ar\/web\/producto\/mobil-pegasus-710\/#breadcrumb","itemListElement":[{"@type":"ListItem","position":1,"name":"Portada","item":"https:\/\/pldistribucion.com.ar\/web\/"},{"@type":"ListItem","position":2,"name":"Productos","item":"https:\/\/pldistribucion.com.ar\/web\/productos\/"},{"@type":"ListItem","position":3,"name":"MOBIL PEGASUS 710"}]},{"@type":"WebSite","@id":"https:\/\/pldistribucion.com.ar\/web\/#website","url":"https:\/\/pldistribucion.com.ar\/web\/","name":"Perfomance Lube","description":"","publisher":{"@id":"https:\/\/pldistribucion.com.ar\/web\/#organization"},"potentialAction":[{"@type":"SearchAction","target":{"@type":"EntryPoint","urlTemplate":"https:\/\/pldistribucion.com.ar\/web\/?s={search_term_string}"},"query-input":"required name=search_term_string"}],"inLanguage":"es"},{"@type":"Organization","@id":"https:\/\/pldistribucion.com.ar\/web\/#organization","name":"PERFORMANCE LUBE","url":"https:\/\/pldistribucion.com.ar\/web\/","logo":{"@type":"ImageObject","inLanguage":"es","@id":"https:\/\/pldistribucion.com.ar\/web\/#\/schema\/logo\/image\/","url":"https:\/\/pldistribucion.com.ar\/web\/wp-content\/uploads\/pld_logo_GB-removebg-preview.png","contentUrl":"https:\/\/pldistribucion.com.ar\/web\/wp-content\/uploads\/pld_logo_GB-removebg-preview.png","width":787,"height":317,"caption":"PERFORMANCE LUBE"},"image":{"@id":"https:\/\/pldistribucion.com.ar\/web\/#\/schema\/logo\/image\/"}}]}},"_links":{"self":[{"href":"https:\/\/pldistribucion.com.ar\/web\/wp-json\/wp\/v2\/product\/1401"}],"collection":[{"href":"https:\/\/pldistribucion.com.ar\/web\/wp-json\/wp\/v2\/product"}],"about":[{"href":"https:\/\/pldistribucion.com.ar\/web\/wp-json\/wp\/v2\/types\/product"}],"replies":[{"embeddable":true,"href":"https:\/\/pldistribucion.com.ar\/web\/wp-json\/wp\/v2\/comments?post=1401"}],"wp:featuredmedia":[{"embeddable":true,"href":"https:\/\/pldistribucion.com.ar\/web\/wp-json\/wp\/v2\/media\/1123"}],"wp:attachment":[{"href":"https:\/\/pldistribucion.com.ar\/web\/wp-json\/wp\/v2\/media?parent=1401"}],"wp:term":[{"taxonomy":"product_cat","embeddable":true,"href":"https:\/\/pldistribucion.com.ar\/web\/wp-json\/wp\/v2\/product_cat?post=1401"},{"taxonomy":"product_tag","embeddable":true,"href":"https:\/\/pldistribucion.com.ar\/web\/wp-json\/wp\/v2\/product_tag?post=1401"}],"curies":[{"name":"wp","href":"https:\/\/api.w.org\/{rel}","templated":true}]}}