{"id":1400,"date":"2021-07-23T15:53:07","date_gmt":"2021-07-23T15:53:07","guid":{"rendered":"https:\/\/pldistribucion.com.ar\/web\/?post_type=product&#038;p=1400"},"modified":"2022-04-01T14:48:53","modified_gmt":"2022-04-01T14:48:53","slug":"mobil-pegasus-1","status":"publish","type":"product","link":"https:\/\/pldistribucion.com.ar\/web\/producto\/mobil-pegasus-1\/","title":{"rendered":"MOBIL PEGASUS 1"},"content":{"rendered":"<h1><span style=\"font-size: 80%;\"><em><strong>MOBIL PEGASUS 1<\/strong><\/em><\/span><\/h1>\n<h3><span style=\"font-size: 80%; background-color: #ddb4e0;\"><em><strong>DESCRIPCI\u00d3N DEL PRODUCTO<\/strong><\/em><\/span><\/h3>\n<p><span style=\"color: #000000;\">Mobil Pegasus 1 es un aceite sint\u00e9tico de alto desempe\u00f1o para motores de gas. Asimismo, se dise\u00f1\u00f3 para satisfacer los m\u00e1s altos requisitos de desempe\u00f1o de los m\u00e1s exigentes motores de gas estequiom\u00e9tricos y de mezcla pobre tanto de aspiraci\u00f3n natural como turboalimentados. Adem\u00e1s, est\u00e1 formulado a partir de aceites base sint\u00e9ticos sin cera y un sistema de aditivos equilibrado. Esto es para proporcionar un desempe\u00f1o inalcanzable con los aceites para motores de gas a base de aceites minerales convencionales. Por otro lado, el posible beneficio es una mejor rentabilidad a trav\u00e9s de una mayor vida \u00fatil del motor y del aceite, menores costos de mantenimiento y costos de combustible m\u00e1s bajos.<\/span><\/p>\n<p><span style=\"color: #000000;\">La f\u00f3rmula exclusiva de Mobil Pegasus 1 minimiza los dep\u00f3sitos de cenizas, los dep\u00f3sitos sobre las caras y las correas de los anillos de los pistones. As\u00ed como el desgaste abrasivo de las camisas y el desgaste del frente y del asiento de las v\u00e1lvulas. Adem\u00e1s, tiene una sobresaliente resistencia a la oxidaci\u00f3n. Asimismo, el \u00edndice de viscosidad inherentemente alto de los componentes del aceite base sint\u00e9tico asegura una pel\u00edcula lubricante protectora a altas temperaturas muy por encima del l\u00edmite para los productos a base de aceite mineral.<\/span><\/p>\n<p><span style=\"color: #000000;\">Por otro lado, Mobil Pegasus 1 exhibe una baja volatilidad, una propiedad que ayuda a reducir el consumo de aceite y a mejorar de manera medible la lubricaci\u00f3n de las v\u00e1lvulas. Tambi\u00e9n, su singular viscometr\u00eda y su bajo coeficiente de tracci\u00f3n reducen las p\u00e9rdidas de potencia y proporcionan posibles beneficios de econom\u00eda de combustible, particularmente en condiciones de carga, velocidad y temperatura variables.<\/span><\/p>\n<h3><span style=\"font-size: 80%; background-color: #ddb4e0;\"><em><strong>CARACTER\u00cdSTICAS Y BENEFICIOS<\/strong><\/em><\/span><\/h3>\n<p><span style=\"color: #000000;\">Por un lado, la tecnolog\u00eda de vanguardia utilizada en Mobil Pegasus 1 est\u00e1 dise\u00f1ada para proporcionar un alto nivel de rendimiento del motor en una amplia gama de motores de gas de alta potencia. Adem\u00e1s, su sobresaliente resistencia a la oxidaci\u00f3n y estabilidad t\u00e9rmica proporcionan una prolongada vida \u00fatil tanto para los motores como para el aceite. <\/span><\/p>\n<p><span style=\"color: #000000;\">Por otro lado, las exclusivas propiedades de Pegasus 1 resultan en una menor fricci\u00f3n interna en condiciones de arranque en fr\u00edo y de operaci\u00f3n a altas temperaturas, que a la vez resulta en un menor desgaste y un consumo de combustible potencialmente menor. Adem\u00e1s, el uso de este producto resultar\u00e1 en menores costos de mantenimiento por su capacidad de brindar una prolongada vida \u00fatil de servicio, como tambi\u00e9n menores costos de filtros y una mayor vida \u00fatil del motor.<\/span><\/p>\n<h3>Sus principales beneficios son:<\/h3>\n<ul>\n<li><span style=\"color: #000000;\">Prolongados intervalos entre cambios de aceite y una mayor vida \u00fatil del motor.<\/span><\/li>\n<li><span style=\"color: #000000;\">Mayor vida \u00fatil de los filtros.<\/span><\/li>\n<li><span style=\"color: #000000;\">Motores m\u00e1s limpios.<\/span><\/li>\n<li><span style=\"color: #000000;\">Niveles reducidos de carb\u00f3n en la cara del anillo y en la ranura de anillo.<\/span><\/li>\n<li><span style=\"color: #000000;\">Mejor desempe\u00f1o de las gu\u00edas de las v\u00e1lvulas.<\/span><\/li>\n<li><span style=\"color: #000000;\">Niveles m\u00e1s bajos de dep\u00f3sitos de carb\u00f3n\/coque.<\/span><\/li>\n<li><span style=\"color: #000000;\">Lubricaci\u00f3n efectiva en condiciones de arranque en fr\u00edo.<\/span><\/li>\n<li><span style=\"color: #000000;\">M\u00e1s f\u00e1cil arranque del motor a bajas temperaturas.<\/span><\/li>\n<li><span style=\"color: #000000;\">Mejor protecci\u00f3n del motor en condiciones de altas temperaturas.<\/span><\/li>\n<li><span style=\"color: #000000;\">Excelente desempe\u00f1o en un amplio rango de temperaturas.<\/span><\/li>\n<li><span style=\"color: #000000;\">Menor consumo de aceite.<\/span><\/li>\n<li><span style=\"color: #000000;\">Reducci\u00f3n de la formaci\u00f3n de dep\u00f3sitos en \u00e1reas cr\u00edticas del motor.<\/span><\/li>\n<li><span style=\"color: #000000;\">Resiste el desgaste y el rayado de las camisas y pistones, particularmente en motores de alta presi\u00f3n media efectiva al freno (BMEP).<\/span><\/li>\n<li><span style=\"color: #000000;\">Posibilidad de menores costos de combustible.<\/span><\/li>\n<li><span style=\"color: #000000;\">Mejor potencia del motor.<\/span><\/li>\n<li><span style=\"color: #000000;\">Arranque m\u00e1s f\u00e1cil.<\/span><\/li>\n<\/ul>\n<h3><span style=\"font-size: 80%; background-color: #ddb4e0;\"><em><strong>APLICACIONES<\/strong><\/em><\/span><\/h3>\n<ul>\n<li><span style=\"color: #000000;\">Mobil Pegasus 1 se recomienda para una amplia gama de modos de acci\u00f3n de los motores de gas.<\/span><\/li>\n<li><span style=\"color: #000000;\">Es particularmente apto para motores de gas turboalimentados y de aspiraci\u00f3n natural de cuatro tiempos y de alta. velocidad que requieren un aceite para motores de gas con un contenido nominal de cenizas del 0,5%..<\/span><\/li>\n<li><span style=\"color: #000000;\">Es un excelente lubricante para los dise\u00f1os de combusti\u00f3n estequiom\u00e9trica y de mezcla pobre.<\/span><\/li>\n<li><span style=\"color: #000000;\">Ideal para aplicaciones de cogeneraci\u00f3n y enfriadas por ebullici\u00f3n debido a su capacidad de trabajar en un amplio rango de temperaturas y brindar una prolongada protecci\u00f3n del motor y una larga vida \u00fatil del aceite.<\/span><\/li>\n<li><span style=\"color: #000000;\">Es totalmente compatible con todos los sellos com\u00fanmente utilizados en los motores de gas y con los aceites minerales.<\/span><\/li>\n<li><span style=\"color: #000000;\">Sin embargo, la mezcla con aceites minerales reducir\u00e1 los beneficios de desempe\u00f1o que se pueden obtener de este excelente lubricante.<\/span><\/li>\n<li><span style=\"color: #000000;\">Puede usarse con motores de gas que usan fuentes de energ\u00eda alternativas en la forma de gases combustibles que contengan hasta 0,3% de azufre en la forma de sulfuro de hidr\u00f3geno.<\/span><\/li>\n<\/ul>\n<p><span style=\"color: #0000ff;\"><strong><a style=\"color: #0000ff;\" href=\"https:\/\/pldistribucion.com.ar\/web\/wp-content\/uploads\/GL-XX-Mobil-Pegasus-1.pdf\" target=\"_blank\" rel=\"noopener noreferrer\">Ver ficha t\u00e9cnica \/ <\/a><a style=\"color: #0000ff;\" href=\"https:\/\/pldistribucion.com.ar\/web\/wp-content\/uploads\/S9-1-1.pdf\" target=\"_blank\" rel=\"noopener\">Ver hoja de seguridad<\/a><\/strong><\/span><\/p>\n<p><span style=\"color: #0000ff;\"><strong><a style=\"color: #0000ff;\" href=\"https:\/\/pldistribucion.com.ar\/web\/categoria-producto\/lubricantes\/?filter_marcas=mobil\">Ver m\u00e1s productos MOBIL<\/a><\/strong><\/span><\/p>\n<p><span style=\"color: #000000;\">( Esta compa\u00f1\u00eda fue fundada en 1870 bajo el nombre de Standard Oil Company por el estadounidense John D. Rockefeller, tomando en 1920 como registro el nombre comercial de \u201cMobiloil\u201d. Debido a esto, el logo de la marca tambi\u00e9n evoluciona y en 1955, se adopta la marca denominativa \u201c<strong>Mobil<\/strong>\u201d, que se coloc\u00f3 dentro de una forma de escudo y desde este tiempo se ha mantenido el esquema de su color caracter\u00edstico en rojo y azul. Desde autom\u00f3viles, motos y camiones hasta aviones y cohetes espaciales: Mobil mueve la industria, la econom\u00eda y los l\u00edmites&#8230;)<\/span><\/p>\n<p><strong><span style=\"color: #0000ff;\"><a style=\"color: #0000ff;\" href=\"https:\/\/www.mobil.com\/en\/\" target=\"_blank\" rel=\"noopener\">Conoce m\u00e1s sobre MOBIL<\/a><\/span><\/strong><\/p>\n","protected":false},"excerpt":{"rendered":"<p><img loading=\"lazy\" decoding=\"async\" class=\"alignnone size-medium wp-image-259\" src=\"https:\/\/pldistribucion.com.ar\/web\/wp-content\/uploads\/Mobil_logo-300x300.jpg\" alt=\"\" width=\"300\" height=\"300\" \/><\/p>\n<h1>Lubricantes MOBIL<\/h1>\n<p><strong>Mobil<\/strong> tiene una l\u00ednea de lubricantes exclusivas para cada segmento de operaci\u00f3n que cumple con las especificaciones mas diversas del mercado, ya sea con Mobil Delvac \u2122 para camiones pesados y livianos, Mobil Super \u2122 para autom\u00f3viles, Mobil Super Moto \u2122 para motos, y Mobil \u2122 para industrias, generamos movimiento para todo tipo de veh\u00edculos y motores.<\/p>\n","protected":false},"featured_media":1123,"comment_status":"open","ping_status":"closed","template":"","meta":[],"product_cat":[16,34],"product_tag":[],"yoast_head":"<!-- This site is optimized with the Yoast SEO plugin v23.0 - https:\/\/yoast.com\/wordpress\/plugins\/seo\/ -->\n<title>MOBIL PEGASUS 1 - Perfomance Lube -Lubricantes<\/title>\n<meta name=\"description\" content=\"Distribuidor de lubricantes MOBIL de diferentes aplicaciones. Env\u00edos a todo el pa\u00eds. Variedad de productos y stock disponible.MOBIL PEGASUS 1\" \/>\n<meta name=\"robots\" content=\"index, follow, max-snippet:-1, max-image-preview:large, max-video-preview:-1\" \/>\n<link rel=\"canonical\" href=\"https:\/\/pldistribucion.com.ar\/web\/producto\/mobil-pegasus-1\/\" \/>\n<meta property=\"og:locale\" content=\"es_ES\" \/>\n<meta property=\"og:type\" content=\"article\" \/>\n<meta property=\"og:title\" content=\"MOBIL PEGASUS 1 - Perfomance Lube -Lubricantes\" \/>\n<meta property=\"og:description\" content=\"Distribuidor de lubricantes MOBIL de diferentes aplicaciones. Env\u00edos a todo el pa\u00eds. Variedad de productos y stock disponible.MOBIL PEGASUS 1\" \/>\n<meta property=\"og:url\" content=\"https:\/\/pldistribucion.com.ar\/web\/producto\/mobil-pegasus-1\/\" \/>\n<meta property=\"og:site_name\" content=\"Perfomance Lube\" \/>\n<meta property=\"article:modified_time\" content=\"2022-04-01T14:48:53+00:00\" \/>\n<meta property=\"og:image\" content=\"https:\/\/pldistribucion.com.ar\/web\/wp-content\/uploads\/mobbb.jpg\" \/>\n\t<meta property=\"og:image:width\" content=\"487\" \/>\n\t<meta property=\"og:image:height\" content=\"589\" \/>\n\t<meta property=\"og:image:type\" content=\"image\/jpeg\" \/>\n<meta name=\"twitter:card\" content=\"summary_large_image\" \/>\n<meta name=\"twitter:label1\" content=\"Tiempo de lectura\" \/>\n\t<meta name=\"twitter:data1\" content=\"4 minutos\" \/>\n<script type=\"application\/ld+json\" class=\"yoast-schema-graph\">{\"@context\":\"https:\/\/schema.org\",\"@graph\":[{\"@type\":\"WebPage\",\"@id\":\"https:\/\/pldistribucion.com.ar\/web\/producto\/mobil-pegasus-1\/\",\"url\":\"https:\/\/pldistribucion.com.ar\/web\/producto\/mobil-pegasus-1\/\",\"name\":\"MOBIL PEGASUS 1 - Perfomance Lube -Lubricantes\",\"isPartOf\":{\"@id\":\"https:\/\/pldistribucion.com.ar\/web\/#website\"},\"primaryImageOfPage\":{\"@id\":\"https:\/\/pldistribucion.com.ar\/web\/producto\/mobil-pegasus-1\/#primaryimage\"},\"image\":{\"@id\":\"https:\/\/pldistribucion.com.ar\/web\/producto\/mobil-pegasus-1\/#primaryimage\"},\"thumbnailUrl\":\"https:\/\/pldistribucion.com.ar\/web\/wp-content\/uploads\/mobbb.jpg\",\"datePublished\":\"2021-07-23T15:53:07+00:00\",\"dateModified\":\"2022-04-01T14:48:53+00:00\",\"description\":\"Distribuidor de lubricantes MOBIL de diferentes aplicaciones. Env\u00edos a todo el pa\u00eds. Variedad de productos y stock disponible.MOBIL PEGASUS 1\",\"breadcrumb\":{\"@id\":\"https:\/\/pldistribucion.com.ar\/web\/producto\/mobil-pegasus-1\/#breadcrumb\"},\"inLanguage\":\"es\",\"potentialAction\":[{\"@type\":\"ReadAction\",\"target\":[\"https:\/\/pldistribucion.com.ar\/web\/producto\/mobil-pegasus-1\/\"]}]},{\"@type\":\"ImageObject\",\"inLanguage\":\"es\",\"@id\":\"https:\/\/pldistribucion.com.ar\/web\/producto\/mobil-pegasus-1\/#primaryimage\",\"url\":\"https:\/\/pldistribucion.com.ar\/web\/wp-content\/uploads\/mobbb.jpg\",\"contentUrl\":\"https:\/\/pldistribucion.com.ar\/web\/wp-content\/uploads\/mobbb.jpg\",\"width\":487,\"height\":589,\"caption\":\"MOBIL GREASE CM-L\"},{\"@type\":\"BreadcrumbList\",\"@id\":\"https:\/\/pldistribucion.com.ar\/web\/producto\/mobil-pegasus-1\/#breadcrumb\",\"itemListElement\":[{\"@type\":\"ListItem\",\"position\":1,\"name\":\"Portada\",\"item\":\"https:\/\/pldistribucion.com.ar\/web\/\"},{\"@type\":\"ListItem\",\"position\":2,\"name\":\"Productos\",\"item\":\"https:\/\/pldistribucion.com.ar\/web\/productos\/\"},{\"@type\":\"ListItem\",\"position\":3,\"name\":\"MOBIL PEGASUS 1\"}]},{\"@type\":\"WebSite\",\"@id\":\"https:\/\/pldistribucion.com.ar\/web\/#website\",\"url\":\"https:\/\/pldistribucion.com.ar\/web\/\",\"name\":\"Perfomance Lube\",\"description\":\"\",\"publisher\":{\"@id\":\"https:\/\/pldistribucion.com.ar\/web\/#organization\"},\"potentialAction\":[{\"@type\":\"SearchAction\",\"target\":{\"@type\":\"EntryPoint\",\"urlTemplate\":\"https:\/\/pldistribucion.com.ar\/web\/?s={search_term_string}\"},\"query-input\":\"required name=search_term_string\"}],\"inLanguage\":\"es\"},{\"@type\":\"Organization\",\"@id\":\"https:\/\/pldistribucion.com.ar\/web\/#organization\",\"name\":\"PERFORMANCE LUBE\",\"url\":\"https:\/\/pldistribucion.com.ar\/web\/\",\"logo\":{\"@type\":\"ImageObject\",\"inLanguage\":\"es\",\"@id\":\"https:\/\/pldistribucion.com.ar\/web\/#\/schema\/logo\/image\/\",\"url\":\"https:\/\/pldistribucion.com.ar\/web\/wp-content\/uploads\/pld_logo_GB-removebg-preview.png\",\"contentUrl\":\"https:\/\/pldistribucion.com.ar\/web\/wp-content\/uploads\/pld_logo_GB-removebg-preview.png\",\"width\":787,\"height\":317,\"caption\":\"PERFORMANCE LUBE\"},\"image\":{\"@id\":\"https:\/\/pldistribucion.com.ar\/web\/#\/schema\/logo\/image\/\"}}]}<\/script>\n<!-- \/ Yoast SEO plugin. -->","yoast_head_json":{"title":"MOBIL PEGASUS 1 - Perfomance Lube -Lubricantes","description":"Distribuidor de lubricantes MOBIL de diferentes aplicaciones. Env\u00edos a todo el pa\u00eds. Variedad de productos y stock disponible.MOBIL PEGASUS 1","robots":{"index":"index","follow":"follow","max-snippet":"max-snippet:-1","max-image-preview":"max-image-preview:large","max-video-preview":"max-video-preview:-1"},"canonical":"https:\/\/pldistribucion.com.ar\/web\/producto\/mobil-pegasus-1\/","og_locale":"es_ES","og_type":"article","og_title":"MOBIL PEGASUS 1 - Perfomance Lube -Lubricantes","og_description":"Distribuidor de lubricantes MOBIL de diferentes aplicaciones. Env\u00edos a todo el pa\u00eds. Variedad de productos y stock disponible.MOBIL PEGASUS 1","og_url":"https:\/\/pldistribucion.com.ar\/web\/producto\/mobil-pegasus-1\/","og_site_name":"Perfomance Lube","article_modified_time":"2022-04-01T14:48:53+00:00","og_image":[{"width":487,"height":589,"url":"https:\/\/pldistribucion.com.ar\/web\/wp-content\/uploads\/mobbb.jpg","type":"image\/jpeg"}],"twitter_card":"summary_large_image","twitter_misc":{"Tiempo de lectura":"4 minutos"},"schema":{"@context":"https:\/\/schema.org","@graph":[{"@type":"WebPage","@id":"https:\/\/pldistribucion.com.ar\/web\/producto\/mobil-pegasus-1\/","url":"https:\/\/pldistribucion.com.ar\/web\/producto\/mobil-pegasus-1\/","name":"MOBIL PEGASUS 1 - Perfomance Lube -Lubricantes","isPartOf":{"@id":"https:\/\/pldistribucion.com.ar\/web\/#website"},"primaryImageOfPage":{"@id":"https:\/\/pldistribucion.com.ar\/web\/producto\/mobil-pegasus-1\/#primaryimage"},"image":{"@id":"https:\/\/pldistribucion.com.ar\/web\/producto\/mobil-pegasus-1\/#primaryimage"},"thumbnailUrl":"https:\/\/pldistribucion.com.ar\/web\/wp-content\/uploads\/mobbb.jpg","datePublished":"2021-07-23T15:53:07+00:00","dateModified":"2022-04-01T14:48:53+00:00","description":"Distribuidor de lubricantes MOBIL de diferentes aplicaciones. Env\u00edos a todo el pa\u00eds. Variedad de productos y stock disponible.MOBIL PEGASUS 1","breadcrumb":{"@id":"https:\/\/pldistribucion.com.ar\/web\/producto\/mobil-pegasus-1\/#breadcrumb"},"inLanguage":"es","potentialAction":[{"@type":"ReadAction","target":["https:\/\/pldistribucion.com.ar\/web\/producto\/mobil-pegasus-1\/"]}]},{"@type":"ImageObject","inLanguage":"es","@id":"https:\/\/pldistribucion.com.ar\/web\/producto\/mobil-pegasus-1\/#primaryimage","url":"https:\/\/pldistribucion.com.ar\/web\/wp-content\/uploads\/mobbb.jpg","contentUrl":"https:\/\/pldistribucion.com.ar\/web\/wp-content\/uploads\/mobbb.jpg","width":487,"height":589,"caption":"MOBIL GREASE CM-L"},{"@type":"BreadcrumbList","@id":"https:\/\/pldistribucion.com.ar\/web\/producto\/mobil-pegasus-1\/#breadcrumb","itemListElement":[{"@type":"ListItem","position":1,"name":"Portada","item":"https:\/\/pldistribucion.com.ar\/web\/"},{"@type":"ListItem","position":2,"name":"Productos","item":"https:\/\/pldistribucion.com.ar\/web\/productos\/"},{"@type":"ListItem","position":3,"name":"MOBIL PEGASUS 1"}]},{"@type":"WebSite","@id":"https:\/\/pldistribucion.com.ar\/web\/#website","url":"https:\/\/pldistribucion.com.ar\/web\/","name":"Perfomance Lube","description":"","publisher":{"@id":"https:\/\/pldistribucion.com.ar\/web\/#organization"},"potentialAction":[{"@type":"SearchAction","target":{"@type":"EntryPoint","urlTemplate":"https:\/\/pldistribucion.com.ar\/web\/?s={search_term_string}"},"query-input":"required name=search_term_string"}],"inLanguage":"es"},{"@type":"Organization","@id":"https:\/\/pldistribucion.com.ar\/web\/#organization","name":"PERFORMANCE LUBE","url":"https:\/\/pldistribucion.com.ar\/web\/","logo":{"@type":"ImageObject","inLanguage":"es","@id":"https:\/\/pldistribucion.com.ar\/web\/#\/schema\/logo\/image\/","url":"https:\/\/pldistribucion.com.ar\/web\/wp-content\/uploads\/pld_logo_GB-removebg-preview.png","contentUrl":"https:\/\/pldistribucion.com.ar\/web\/wp-content\/uploads\/pld_logo_GB-removebg-preview.png","width":787,"height":317,"caption":"PERFORMANCE LUBE"},"image":{"@id":"https:\/\/pldistribucion.com.ar\/web\/#\/schema\/logo\/image\/"}}]}},"_links":{"self":[{"href":"https:\/\/pldistribucion.com.ar\/web\/wp-json\/wp\/v2\/product\/1400"}],"collection":[{"href":"https:\/\/pldistribucion.com.ar\/web\/wp-json\/wp\/v2\/product"}],"about":[{"href":"https:\/\/pldistribucion.com.ar\/web\/wp-json\/wp\/v2\/types\/product"}],"replies":[{"embeddable":true,"href":"https:\/\/pldistribucion.com.ar\/web\/wp-json\/wp\/v2\/comments?post=1400"}],"wp:featuredmedia":[{"embeddable":true,"href":"https:\/\/pldistribucion.com.ar\/web\/wp-json\/wp\/v2\/media\/1123"}],"wp:attachment":[{"href":"https:\/\/pldistribucion.com.ar\/web\/wp-json\/wp\/v2\/media?parent=1400"}],"wp:term":[{"taxonomy":"product_cat","embeddable":true,"href":"https:\/\/pldistribucion.com.ar\/web\/wp-json\/wp\/v2\/product_cat?post=1400"},{"taxonomy":"product_tag","embeddable":true,"href":"https:\/\/pldistribucion.com.ar\/web\/wp-json\/wp\/v2\/product_tag?post=1400"}],"curies":[{"name":"wp","href":"https:\/\/api.w.org\/{rel}","templated":true}]}}