{"id":1381,"date":"2021-07-21T14:03:21","date_gmt":"2021-07-21T14:03:21","guid":{"rendered":"https:\/\/pldistribucion.com.ar\/web\/?post_type=product&#038;p=1381"},"modified":"2022-04-04T12:23:15","modified_gmt":"2022-04-04T12:23:15","slug":"mobilgard-540","status":"publish","type":"product","link":"https:\/\/pldistribucion.com.ar\/web\/producto\/mobilgard-540\/","title":{"rendered":"MOBILGARD 540"},"content":{"rendered":"<div class=\"featured-title-image\">\n<h1 data-cmpvariant=\"B03 Image|Default\" data-src=\"{&quot;xs&quot;:&quot;\/marine\/-\/media\/global\/marine\/your-industry\/deep-sea-shipping\/deep-sea-cargo-and-sky\/deep-sea-cargo-and-sky-fs-xs.jpg?sc_lang=en&amp;hash=17F925D641871EA9A515CD22F692A20E&quot;,&quot;sm&quot;:&quot;\/marine\/-\/media\/global\/marine\/your-industry\/deep-sea-shipping\/deep-sea-cargo-and-sky\/deep-sea-cargo-and-sky-fs-sm.jpg?sc_lang=en&amp;hash=EC51607071ED421A40F2D43AE6730105&quot;,&quot;md&quot;:&quot;\/marine\/-\/media\/global\/marine\/your-industry\/deep-sea-shipping\/deep-sea-cargo-and-sky\/deep-sea-cargo-and-sky-fs-md.jpg?sc_lang=en&amp;hash=DCF279987EA665C8031E49E82A6876D2&quot;,&quot;lg&quot;:&quot;\/marine\/-\/media\/global\/marine\/your-industry\/deep-sea-shipping\/deep-sea-cargo-and-sky\/deep-sea-cargo-and-sky-fs-md.jpg?sc_lang=en&amp;hash=DCF279987EA665C8031E49E82A6876D2&quot;,&quot;xl&quot;:&quot;\/marine\/-\/media\/global\/marine\/your-industry\/deep-sea-shipping\/deep-sea-cargo-and-sky\/deep-sea-cargo-and-sky-fs-md.jpg?sc_lang=en&amp;hash=DCF279987EA665C8031E49E82A6876D2&quot;}\"><span style=\"font-size: 80%;\"><em><strong>MOBILGARD 540<\/strong><\/em><\/span><\/h1>\n<h3><span style=\"font-size: 80%; background-color: #ddb4e0;\"><em><strong>DESCRIPCI\u00d3N DEL PRODUCTO<\/strong><\/em><\/span><\/h3>\n<div class=\"component b03-image image\" data-cmpvariant=\"B03 Image|Default\" data-url=\"\" data-src=\"{&quot;xs&quot;:&quot;\/marine\/-\/media\/global\/marine\/your-industry\/deep-sea-shipping\/deep-sea-cargo-and-sky\/deep-sea-cargo-and-sky-fs-xs.jpg?sc_lang=en&amp;hash=17F925D641871EA9A515CD22F692A20E&quot;,&quot;sm&quot;:&quot;\/marine\/-\/media\/global\/marine\/your-industry\/deep-sea-shipping\/deep-sea-cargo-and-sky\/deep-sea-cargo-and-sky-fs-sm.jpg?sc_lang=en&amp;hash=EC51607071ED421A40F2D43AE6730105&quot;,&quot;md&quot;:&quot;\/marine\/-\/media\/global\/marine\/your-industry\/deep-sea-shipping\/deep-sea-cargo-and-sky\/deep-sea-cargo-and-sky-fs-md.jpg?sc_lang=en&amp;hash=DCF279987EA665C8031E49E82A6876D2&quot;,&quot;lg&quot;:&quot;\/marine\/-\/media\/global\/marine\/your-industry\/deep-sea-shipping\/deep-sea-cargo-and-sky\/deep-sea-cargo-and-sky-fs-md.jpg?sc_lang=en&amp;hash=DCF279987EA665C8031E49E82A6876D2&quot;,&quot;xl&quot;:&quot;\/marine\/-\/media\/global\/marine\/your-industry\/deep-sea-shipping\/deep-sea-cargo-and-sky\/deep-sea-cargo-and-sky-fs-md.jpg?sc_lang=en&amp;hash=DCF279987EA665C8031E49E82A6876D2&quot;}\"><span style=\"color: #000000;\">Mobilgard 540 es un aceite para cilindros que proporciona una protecci\u00f3n \u00f3ptima para los motores di\u00e9sel marinos de dos tiempos.<\/span><\/div>\n<\/div>\n<div class=\"featured-title-copy\">\n<p><span style=\"color: #000000;\">Por otro lado, el aceite para cilindros ha superado rigurosas pruebas de ajuste para el uso y se ha sometido a extensas pruebas de campo, cumpliendo los requisitos de OEM para WinGD y MAN Energy Services.<\/span><\/p>\n<h3><span style=\"font-size: 80%; background-color: #ddb4e0;\"><em><strong>CARACTER\u00cdSTICAS Y BENEFICIOS<\/strong><\/em><\/span><\/h3>\n<\/div>\n<ul>\n<li><span style=\"color: #000000;\">La estabilidad t\u00e9rmica y a la oxidaci\u00f3n puede reducir los dep\u00f3sitos y la formaci\u00f3n de lodos, lo que puede reducir el desgaste de los componentes.<\/span><\/li>\n<li><span style=\"color: #000000;\">Las propiedades anti-desgaste y el control anti-desgaste reducen potencialmente el desgaste del revestimiento y el anillo.<\/span><\/li>\n<li><span style=\"color: #000000;\">La capacidad de detergencia conduce a pistones y camisas potencialmente m\u00e1s limpios y puede ayudar a extender los per\u00edodos entre revisiones.<\/span><\/li>\n<\/ul>\n<h3>Beneficios principales:<\/h3>\n<ul>\n<li><span style=\"color: #000000;\">Prolonga la vida \u00fatil del motor y los componentes.<\/span><\/li>\n<li><span style=\"color: #000000;\">Optimizar el consumo de aceite.<\/span><\/li>\n<li><span style=\"color: #000000;\">Aumente los intervalos de cambio de aceite.<\/span><\/li>\n<li><span style=\"color: #000000;\">Reduzca los costos de mantenimiento y el tiempo de inactividad.<\/span><\/li>\n<\/ul>\n<h3><span style=\"font-size: 80%; background-color: #ddb4e0;\"><em><strong>APLICACIONES<\/strong><\/em><\/span><\/h3>\n<ul>\n<li>Motores marinos de cruceta.<\/li>\n<\/ul>\n<p><strong><span style=\"color: #0000ff;\"><a style=\"color: #0000ff;\" href=\"https:\/\/pldistribucion.com.ar\/web\/wp-content\/uploads\/fichA5.pdf\" target=\"_blank\" rel=\"noopener\">Ver ficha t\u00e9cnica \/ <\/a><a style=\"color: #0000ff;\" href=\"https:\/\/pldistribucion.com.ar\/web\/wp-content\/uploads\/s5-1-1.pdf\" target=\"_blank\" rel=\"noopener\">Ver hoja de seguridad<\/a><\/span><\/strong><\/p>\n<p><span style=\"color: #0000ff;\"><strong><a style=\"color: #0000ff;\" href=\"https:\/\/pldistribucion.com.ar\/web\/categoria-producto\/lubricantes\/?filter_marcas=mobil\">Ver m\u00e1s productos MOBIL<\/a><\/strong><\/span><\/p>\n<p><span style=\"color: #000000;\">( Esta compa\u00f1\u00eda fue fundada en 1870 bajo el nombre de Standard Oil Company por el estadounidense John D. Rockefeller, tomando en 1920 como registro el nombre comercial de \u201cMobiloil\u201d. Debido a esto, el logo de la marca tambi\u00e9n evoluciona y en 1955, se adopta la marca denominativa \u201c<strong>Mobil<\/strong>\u201d, que se coloc\u00f3 dentro de una forma de escudo y desde este tiempo se ha mantenido el esquema de su color caracter\u00edstico en rojo y azul. Desde autom\u00f3viles, motos y camiones hasta aviones y cohetes espaciales: Mobil mueve la industria, la econom\u00eda y los l\u00edmites&#8230;)<\/span><\/p>\n<p><strong><span style=\"color: #0000ff;\"><a style=\"color: #0000ff;\" href=\"https:\/\/www.mobil.com\/en\/\" target=\"_blank\" rel=\"noopener\">Conoce m\u00e1s sobre MOBIL<\/a><\/span><\/strong><\/p>\n","protected":false},"excerpt":{"rendered":"<p><img loading=\"lazy\" decoding=\"async\" class=\"alignnone size-medium wp-image-259\" src=\"https:\/\/pldistribucion.com.ar\/web\/wp-content\/uploads\/Mobil_logo-300x300.jpg\" alt=\"\" width=\"300\" height=\"300\" \/><\/p>\n<h1>Lubricantes MOBIL<\/h1>\n<p><strong>Mobil<\/strong> tiene una l\u00ednea de lubricantes exclusivas para cada segmento de operaci\u00f3n que cumple con las especificaciones mas diversas del mercado, ya sea con Mobil Delvac \u2122 para camiones pesados y livianos, Mobil Super \u2122 para autom\u00f3viles, Mobil Super Moto \u2122 para motos, y Mobil \u2122 para industrias, generamos movimiento para todo tipo de veh\u00edculos y motores.<\/p>\n","protected":false},"featured_media":1123,"comment_status":"open","ping_status":"closed","template":"","meta":[],"product_cat":[16,88,90],"product_tag":[],"yoast_head":"<!-- This site is optimized with the Yoast SEO plugin v23.0 - https:\/\/yoast.com\/wordpress\/plugins\/seo\/ -->\n<title>MOBILGARD 540 - Perfomance Lube -Lubricantes<\/title>\n<meta name=\"description\" content=\"Distribuidor de lubricantes MOBIL de diferentes aplicaciones. Env\u00edos a todo el pa\u00eds. Variedad de productos y stock disponible.MOBILGARD 540\" \/>\n<meta name=\"robots\" content=\"index, follow, max-snippet:-1, max-image-preview:large, max-video-preview:-1\" \/>\n<link rel=\"canonical\" href=\"https:\/\/pldistribucion.com.ar\/web\/producto\/mobilgard-540\/\" \/>\n<meta property=\"og:locale\" content=\"es_ES\" \/>\n<meta property=\"og:type\" content=\"article\" \/>\n<meta property=\"og:title\" content=\"MOBILGARD 540 - Perfomance Lube -Lubricantes\" \/>\n<meta property=\"og:description\" content=\"Distribuidor de lubricantes MOBIL de diferentes aplicaciones. Env\u00edos a todo el pa\u00eds. Variedad de productos y stock disponible.MOBILGARD 540\" \/>\n<meta property=\"og:url\" content=\"https:\/\/pldistribucion.com.ar\/web\/producto\/mobilgard-540\/\" \/>\n<meta property=\"og:site_name\" content=\"Perfomance Lube\" \/>\n<meta property=\"article:modified_time\" content=\"2022-04-04T12:23:15+00:00\" \/>\n<meta property=\"og:image\" content=\"https:\/\/pldistribucion.com.ar\/web\/wp-content\/uploads\/mobbb.jpg\" \/>\n\t<meta property=\"og:image:width\" content=\"487\" \/>\n\t<meta property=\"og:image:height\" content=\"589\" \/>\n\t<meta property=\"og:image:type\" content=\"image\/jpeg\" \/>\n<meta name=\"twitter:card\" content=\"summary_large_image\" \/>\n<meta name=\"twitter:label1\" content=\"Tiempo de lectura\" \/>\n\t<meta name=\"twitter:data1\" content=\"1 minuto\" \/>\n<script type=\"application\/ld+json\" class=\"yoast-schema-graph\">{\"@context\":\"https:\/\/schema.org\",\"@graph\":[{\"@type\":\"WebPage\",\"@id\":\"https:\/\/pldistribucion.com.ar\/web\/producto\/mobilgard-540\/\",\"url\":\"https:\/\/pldistribucion.com.ar\/web\/producto\/mobilgard-540\/\",\"name\":\"MOBILGARD 540 - Perfomance Lube -Lubricantes\",\"isPartOf\":{\"@id\":\"https:\/\/pldistribucion.com.ar\/web\/#website\"},\"primaryImageOfPage\":{\"@id\":\"https:\/\/pldistribucion.com.ar\/web\/producto\/mobilgard-540\/#primaryimage\"},\"image\":{\"@id\":\"https:\/\/pldistribucion.com.ar\/web\/producto\/mobilgard-540\/#primaryimage\"},\"thumbnailUrl\":\"https:\/\/pldistribucion.com.ar\/web\/wp-content\/uploads\/mobbb.jpg\",\"datePublished\":\"2021-07-21T14:03:21+00:00\",\"dateModified\":\"2022-04-04T12:23:15+00:00\",\"description\":\"Distribuidor de lubricantes MOBIL de diferentes aplicaciones. Env\u00edos a todo el pa\u00eds. Variedad de productos y stock disponible.MOBILGARD 540\",\"breadcrumb\":{\"@id\":\"https:\/\/pldistribucion.com.ar\/web\/producto\/mobilgard-540\/#breadcrumb\"},\"inLanguage\":\"es\",\"potentialAction\":[{\"@type\":\"ReadAction\",\"target\":[\"https:\/\/pldistribucion.com.ar\/web\/producto\/mobilgard-540\/\"]}]},{\"@type\":\"ImageObject\",\"inLanguage\":\"es\",\"@id\":\"https:\/\/pldistribucion.com.ar\/web\/producto\/mobilgard-540\/#primaryimage\",\"url\":\"https:\/\/pldistribucion.com.ar\/web\/wp-content\/uploads\/mobbb.jpg\",\"contentUrl\":\"https:\/\/pldistribucion.com.ar\/web\/wp-content\/uploads\/mobbb.jpg\",\"width\":487,\"height\":589,\"caption\":\"MOBIL GREASE CM-L\"},{\"@type\":\"BreadcrumbList\",\"@id\":\"https:\/\/pldistribucion.com.ar\/web\/producto\/mobilgard-540\/#breadcrumb\",\"itemListElement\":[{\"@type\":\"ListItem\",\"position\":1,\"name\":\"Portada\",\"item\":\"https:\/\/pldistribucion.com.ar\/web\/\"},{\"@type\":\"ListItem\",\"position\":2,\"name\":\"Productos\",\"item\":\"https:\/\/pldistribucion.com.ar\/web\/productos\/\"},{\"@type\":\"ListItem\",\"position\":3,\"name\":\"MOBILGARD 540\"}]},{\"@type\":\"WebSite\",\"@id\":\"https:\/\/pldistribucion.com.ar\/web\/#website\",\"url\":\"https:\/\/pldistribucion.com.ar\/web\/\",\"name\":\"Perfomance Lube\",\"description\":\"\",\"publisher\":{\"@id\":\"https:\/\/pldistribucion.com.ar\/web\/#organization\"},\"potentialAction\":[{\"@type\":\"SearchAction\",\"target\":{\"@type\":\"EntryPoint\",\"urlTemplate\":\"https:\/\/pldistribucion.com.ar\/web\/?s={search_term_string}\"},\"query-input\":\"required name=search_term_string\"}],\"inLanguage\":\"es\"},{\"@type\":\"Organization\",\"@id\":\"https:\/\/pldistribucion.com.ar\/web\/#organization\",\"name\":\"PERFORMANCE LUBE\",\"url\":\"https:\/\/pldistribucion.com.ar\/web\/\",\"logo\":{\"@type\":\"ImageObject\",\"inLanguage\":\"es\",\"@id\":\"https:\/\/pldistribucion.com.ar\/web\/#\/schema\/logo\/image\/\",\"url\":\"https:\/\/pldistribucion.com.ar\/web\/wp-content\/uploads\/pld_logo_GB-removebg-preview.png\",\"contentUrl\":\"https:\/\/pldistribucion.com.ar\/web\/wp-content\/uploads\/pld_logo_GB-removebg-preview.png\",\"width\":787,\"height\":317,\"caption\":\"PERFORMANCE LUBE\"},\"image\":{\"@id\":\"https:\/\/pldistribucion.com.ar\/web\/#\/schema\/logo\/image\/\"}}]}<\/script>\n<!-- \/ Yoast SEO plugin. -->","yoast_head_json":{"title":"MOBILGARD 540 - Perfomance Lube -Lubricantes","description":"Distribuidor de lubricantes MOBIL de diferentes aplicaciones. Env\u00edos a todo el pa\u00eds. Variedad de productos y stock disponible.MOBILGARD 540","robots":{"index":"index","follow":"follow","max-snippet":"max-snippet:-1","max-image-preview":"max-image-preview:large","max-video-preview":"max-video-preview:-1"},"canonical":"https:\/\/pldistribucion.com.ar\/web\/producto\/mobilgard-540\/","og_locale":"es_ES","og_type":"article","og_title":"MOBILGARD 540 - Perfomance Lube -Lubricantes","og_description":"Distribuidor de lubricantes MOBIL de diferentes aplicaciones. Env\u00edos a todo el pa\u00eds. Variedad de productos y stock disponible.MOBILGARD 540","og_url":"https:\/\/pldistribucion.com.ar\/web\/producto\/mobilgard-540\/","og_site_name":"Perfomance Lube","article_modified_time":"2022-04-04T12:23:15+00:00","og_image":[{"width":487,"height":589,"url":"https:\/\/pldistribucion.com.ar\/web\/wp-content\/uploads\/mobbb.jpg","type":"image\/jpeg"}],"twitter_card":"summary_large_image","twitter_misc":{"Tiempo de lectura":"1 minuto"},"schema":{"@context":"https:\/\/schema.org","@graph":[{"@type":"WebPage","@id":"https:\/\/pldistribucion.com.ar\/web\/producto\/mobilgard-540\/","url":"https:\/\/pldistribucion.com.ar\/web\/producto\/mobilgard-540\/","name":"MOBILGARD 540 - Perfomance Lube -Lubricantes","isPartOf":{"@id":"https:\/\/pldistribucion.com.ar\/web\/#website"},"primaryImageOfPage":{"@id":"https:\/\/pldistribucion.com.ar\/web\/producto\/mobilgard-540\/#primaryimage"},"image":{"@id":"https:\/\/pldistribucion.com.ar\/web\/producto\/mobilgard-540\/#primaryimage"},"thumbnailUrl":"https:\/\/pldistribucion.com.ar\/web\/wp-content\/uploads\/mobbb.jpg","datePublished":"2021-07-21T14:03:21+00:00","dateModified":"2022-04-04T12:23:15+00:00","description":"Distribuidor de lubricantes MOBIL de diferentes aplicaciones. Env\u00edos a todo el pa\u00eds. Variedad de productos y stock disponible.MOBILGARD 540","breadcrumb":{"@id":"https:\/\/pldistribucion.com.ar\/web\/producto\/mobilgard-540\/#breadcrumb"},"inLanguage":"es","potentialAction":[{"@type":"ReadAction","target":["https:\/\/pldistribucion.com.ar\/web\/producto\/mobilgard-540\/"]}]},{"@type":"ImageObject","inLanguage":"es","@id":"https:\/\/pldistribucion.com.ar\/web\/producto\/mobilgard-540\/#primaryimage","url":"https:\/\/pldistribucion.com.ar\/web\/wp-content\/uploads\/mobbb.jpg","contentUrl":"https:\/\/pldistribucion.com.ar\/web\/wp-content\/uploads\/mobbb.jpg","width":487,"height":589,"caption":"MOBIL GREASE CM-L"},{"@type":"BreadcrumbList","@id":"https:\/\/pldistribucion.com.ar\/web\/producto\/mobilgard-540\/#breadcrumb","itemListElement":[{"@type":"ListItem","position":1,"name":"Portada","item":"https:\/\/pldistribucion.com.ar\/web\/"},{"@type":"ListItem","position":2,"name":"Productos","item":"https:\/\/pldistribucion.com.ar\/web\/productos\/"},{"@type":"ListItem","position":3,"name":"MOBILGARD 540"}]},{"@type":"WebSite","@id":"https:\/\/pldistribucion.com.ar\/web\/#website","url":"https:\/\/pldistribucion.com.ar\/web\/","name":"Perfomance Lube","description":"","publisher":{"@id":"https:\/\/pldistribucion.com.ar\/web\/#organization"},"potentialAction":[{"@type":"SearchAction","target":{"@type":"EntryPoint","urlTemplate":"https:\/\/pldistribucion.com.ar\/web\/?s={search_term_string}"},"query-input":"required name=search_term_string"}],"inLanguage":"es"},{"@type":"Organization","@id":"https:\/\/pldistribucion.com.ar\/web\/#organization","name":"PERFORMANCE LUBE","url":"https:\/\/pldistribucion.com.ar\/web\/","logo":{"@type":"ImageObject","inLanguage":"es","@id":"https:\/\/pldistribucion.com.ar\/web\/#\/schema\/logo\/image\/","url":"https:\/\/pldistribucion.com.ar\/web\/wp-content\/uploads\/pld_logo_GB-removebg-preview.png","contentUrl":"https:\/\/pldistribucion.com.ar\/web\/wp-content\/uploads\/pld_logo_GB-removebg-preview.png","width":787,"height":317,"caption":"PERFORMANCE LUBE"},"image":{"@id":"https:\/\/pldistribucion.com.ar\/web\/#\/schema\/logo\/image\/"}}]}},"_links":{"self":[{"href":"https:\/\/pldistribucion.com.ar\/web\/wp-json\/wp\/v2\/product\/1381"}],"collection":[{"href":"https:\/\/pldistribucion.com.ar\/web\/wp-json\/wp\/v2\/product"}],"about":[{"href":"https:\/\/pldistribucion.com.ar\/web\/wp-json\/wp\/v2\/types\/product"}],"replies":[{"embeddable":true,"href":"https:\/\/pldistribucion.com.ar\/web\/wp-json\/wp\/v2\/comments?post=1381"}],"wp:featuredmedia":[{"embeddable":true,"href":"https:\/\/pldistribucion.com.ar\/web\/wp-json\/wp\/v2\/media\/1123"}],"wp:attachment":[{"href":"https:\/\/pldistribucion.com.ar\/web\/wp-json\/wp\/v2\/media?parent=1381"}],"wp:term":[{"taxonomy":"product_cat","embeddable":true,"href":"https:\/\/pldistribucion.com.ar\/web\/wp-json\/wp\/v2\/product_cat?post=1381"},{"taxonomy":"product_tag","embeddable":true,"href":"https:\/\/pldistribucion.com.ar\/web\/wp-json\/wp\/v2\/product_tag?post=1381"}],"curies":[{"name":"wp","href":"https:\/\/api.w.org\/{rel}","templated":true}]}}